{"id":542,"date":"2025-04-29T19:14:55","date_gmt":"2025-04-29T17:14:55","guid":{"rendered":"https:\/\/rosanacl.com\/?post_type=product&#038;p=542"},"modified":"2026-01-10T23:07:14","modified_gmt":"2026-01-10T22:07:14","slug":"sujetador-modelo-elvira","status":"publish","type":"product","link":"https:\/\/rosanacl.com\/hu\/termek\/sujetador-modelo-elvira\/","title":{"rendered":"Selene Elvira Bra"},"content":{"rendered":"<p>A Selene Elvira melltart\u00f3t azoknak a napoknak tervezt\u00e9k, amikor val\u00f3di k\u00e9nyelemre v\u00e1gysz an\u00e9lk\u00fcl, hogy fel\u00e1ldozn\u00e1d a sz\u00e9p form\u00e1t. Az el\u0151re form\u00e1zott, k\u00e9tr\u00e9teg\u0171 mikrosz\u00e1las anyag gyeng\u00e9den \u00f6leli a kebleket, k\u00f6nny\u0171, m\u00e1sodik b\u0151r \u00e9rzetet hagyva maga ut\u00e1n. A kosarakban l\u00e9v\u0151 varr\u00e1sok hi\u00e1ny\u00e1nak k\u00f6sz\u00f6nhet\u0151en letisztultan mutat p\u00f3l\u00f3k \u00e9s testhez\u00e1ll\u00f3 ruh\u00e1k alatt, diszkr\u00e9t \u00e9s el\u0151ny\u00f6s megjelen\u00e9st biztos\u00edtva.<\/p>\n<p>Tov\u00e1bb\u00e1 az Elvira egyike azoknak a st\u00edlusoknak, amelyek alkalmazkodnak az \u00e9letst\u00edlusodhoz: tart\u00e1st biztos\u00edt an\u00e9lk\u00fcl, hogy korl\u00e1toz\u00f3 \u00e9rz\u00e9st \u00e9rezn\u00e9l, sz\u00e9les p\u00e1ntjaival elosztja a s\u00falyt, \u00e9s t\u00f6k\u00e9letes mindennapi viseletre, valamint akkor is, ha k\u00e9nyelmes sportmelltart\u00f3t keresel a szabad mozg\u00e1shoz. Okos \u00e9s n\u00e9lk\u00fcl\u00f6zhetetlen darab azok sz\u00e1m\u00e1ra, akiknek a tart\u00e1s, a k\u00e9nyelem \u00e9s a praktikum a legfontosabb, egy csipetnyi eleganci\u00e1val a r\u00e9szletekben.<\/p>\n<p>Amit \u00e9szre fogsz venni (\u00e9s szeretni fogsz) Elvir\u00e1ban<\/p>\n<ul>\n<li>El\u0151re form\u00e1zott k\u00e9tr\u00e9teg\u0171 mikrosz\u00e1las anyag: k\u00e9nyelmes tart\u00e1s \u00e9s term\u00e9szetes hat\u00e1s.<\/li>\n<li>Varr\u00e1s n\u00e9lk\u00fcli kos\u00e1r: nem l\u00e1tszik \u00e1t, \u00e9s t\u00f6k\u00e9letesen illeszkedik a ruh\u00e1k al\u00e1.<\/li>\n<li>Sz\u00e9les p\u00e1ntok: jobb s\u00falyeloszt\u00e1s \u00e9s nagyobb k\u00e9nyelem a v\u00e1llakon.<\/li>\n<li>Stabil tart\u00e1st biztos\u00edt mindennapi haszn\u00e1latra (ide\u00e1lis, ha szeretn\u00e9d, hogy a hajad &quot;bef\u00e9s\u00fclve&quot; maradjon, de ne legyen t\u00fal szoros).<\/li>\n<li>Sokoldal\u00fa: t\u00f6k\u00e9letes alap melltart\u00f3k\u00e9nt \u00e9s akt\u00edv napokon is viselhet\u0151.<\/li>\n<\/ul>\n<p>\ud83d\udde3\ufe0f Tipp: Az Elvira egyike azoknak a ruhadaraboknak, amelyek \u00abgyeng\u00e9d \u00f6lel\u00e9s\u00bb \u00e9rz\u00e9st adnak: k\u00e9nyelmesen \u00e9s biztons\u00e1gosan tart, de m\u00e1sodik b\u0151r mikrosz\u00e1las anyagb\u00f3l, k\u00e9nyelmetlen varr\u00e1sok vagy foltok n\u00e9lk\u00fcl. Ide\u00e1lis hossz\u00fa napokra vagy akt\u00edv tev\u00e9kenys\u00e9gekhez, mert megt\u00e1maszt an\u00e9lk\u00fcl, hogy t\u00falterhel\u0151 lenne, \u00e9s azt az \u00e9rz\u00e9st kelti, hogy \u00abj\u00f3l vagyok \u00f6lt\u00f6zve\u00bb.<\/p>\n<p>\ud83d\udccf Megjegyz\u00e9s: Ha biztos, nem szor\u00edt\u00f3 illeszked\u00e9st szeretn\u00e9l, v\u00e1laszd a szok\u00e1sos m\u00e9reted; ha k\u00e9t m\u00e9ret k\u00f6z\u00f6tt ingadozol, vagy a p\u00e1nt hosszabb kihagy\u00e1s ut\u00e1n is k\u00e9nyelmetlennek \u00e9rz\u0151dik, v\u00e1lassz egy m\u00e9rettel nagyobbat. Ha pedig \u00ab\u00f6sszenyomottabb\u00bb hat\u00e1st szeretn\u00e9l, ellen\u0151rizd a mell alatti m\u00e9reted, hogy els\u0151re biztosan j\u00f3l m\u00e9retezzed.<\/p>\n<p>\u00d6sszet\u00e9tel: 82% poliamid, 18% elaszt\u00e1n.<\/p>\n<p>\ud83c\udf80 Egy apr\u00f3 luxus, ami l\u00e1tszik a t\u00fck\u00f6rben.<\/p>","protected":false},"excerpt":{"rendered":"<p>https:\/\/youtube.com\/shorts\/gSBYc8cwLWo?si=u1woCAQD1rt_D2Jb<\/p>","protected":false},"featured_media":2353,"comment_status":"open","ping_status":"closed","template":"","meta":{"content-type":""},"product_brand":[55],"product_cat":[25,20],"product_tag":[56,60],"class_list":{"0":"post-542","1":"product","2":"type-product","3":"status-publish","4":"has-post-thumbnail","6":"product_brand-selene","7":"product_cat-sin-aros","8":"product_cat-sujetador","9":"product_tag-sujetador","10":"product_tag-sujetador-sin-aros","12":"first","13":"instock","14":"taxable","15":"shipping-taxable","16":"purchasable","17":"product-type-variable"},"supplier_id":null,"supplier_sku":"","barcode":null,"atum_controlled":true,"out_stock_date":null,"out_stock_threshold":null,"inheritable":true,"inbound_stock":null,"stock_on_hold":0,"sold_today":0,"sales_last_days":0,"reserved_stock":null,"customer_returns":null,"warehouse_damage":null,"lost_in_post":null,"other_logs":null,"out_stock_days":0,"lost_sales":0,"has_location":false,"update_date":"2026-01-10T22:07:15","atum_locations":[],"atum_stock_status":"instock","restock_status":false,"low_stock_amount":"","sales_update_date":"2025-08-19T02:35:53","calc_backorders":null,"yoast_head":"<!-- This site is optimized with the Yoast SEO plugin v27.4 - https:\/\/yoast.com\/product\/yoast-seo-wordpress\/ -->\n<title>Sujetador Selene Elvira - Rosana CL<\/title>\n<meta name=\"robots\" content=\"index, follow, max-snippet:-1, max-image-preview:large, max-video-preview:-1\" \/>\n<link rel=\"canonical\" href=\"https:\/\/rosanacl.com\/hu\/termek\/sujetador-modelo-elvira\/\" \/>\n<meta property=\"og:locale\" content=\"hu_HU\" \/>\n<meta property=\"og:type\" content=\"article\" \/>\n<meta property=\"og:title\" content=\"Sujetador Selene Elvira - Rosana CL\" \/>\n<meta property=\"og:description\" content=\"https:\/\/youtube.com\/shorts\/gSBYc8cwLWo?si=u1woCAQD1rt_D2Jb\" \/>\n<meta property=\"og:url\" content=\"https:\/\/rosanacl.com\/hu\/termek\/sujetador-modelo-elvira\/\" \/>\n<meta property=\"og:site_name\" content=\"Rosana CL\" \/>\n<meta property=\"article:modified_time\" content=\"2026-01-10T22:07:14+00:00\" \/>\n<meta property=\"og:image\" content=\"https:\/\/rosanacl.com\/wp-content\/uploads\/2025\/04\/1-2-e1756816694215.jpg\" \/>\n\t<meta property=\"og:image:width\" content=\"882\" \/>\n\t<meta property=\"og:image:height\" content=\"1170\" \/>\n\t<meta property=\"og:image:type\" content=\"image\/jpeg\" \/>\n<meta name=\"twitter:card\" content=\"summary_large_image\" \/>\n<meta name=\"twitter:label1\" content=\"Becs\u00fclt olvas\u00e1si id\u0151\" \/>\n\t<meta name=\"twitter:data1\" content=\"2 perc\" \/>\n<script type=\"application\/ld+json\" class=\"yoast-schema-graph\">{\"@context\":\"https:\\\/\\\/schema.org\",\"@graph\":[{\"@type\":\"WebPage\",\"@id\":\"https:\\\/\\\/rosanacl.com\\\/producto\\\/sujetador-modelo-elvira\\\/\",\"url\":\"https:\\\/\\\/rosanacl.com\\\/producto\\\/sujetador-modelo-elvira\\\/\",\"name\":\"Sujetador Selene Elvira - Rosana CL\",\"isPartOf\":{\"@id\":\"https:\\\/\\\/rosanacl.com\\\/ca\\\/#website\"},\"primaryImageOfPage\":{\"@id\":\"https:\\\/\\\/rosanacl.com\\\/producto\\\/sujetador-modelo-elvira\\\/#primaryimage\"},\"image\":{\"@id\":\"https:\\\/\\\/rosanacl.com\\\/producto\\\/sujetador-modelo-elvira\\\/#primaryimage\"},\"thumbnailUrl\":\"https:\\\/\\\/rosanacl.com\\\/wp-content\\\/uploads\\\/2025\\\/04\\\/1-2-e1756816694215.jpg\",\"datePublished\":\"2025-04-29T17:14:55+00:00\",\"dateModified\":\"2026-01-10T22:07:14+00:00\",\"breadcrumb\":{\"@id\":\"https:\\\/\\\/rosanacl.com\\\/producto\\\/sujetador-modelo-elvira\\\/#breadcrumb\"},\"inLanguage\":\"hu\",\"potentialAction\":[{\"@type\":\"ReadAction\",\"target\":[\"https:\\\/\\\/rosanacl.com\\\/producto\\\/sujetador-modelo-elvira\\\/\"]}]},{\"@type\":\"ImageObject\",\"inLanguage\":\"hu\",\"@id\":\"https:\\\/\\\/rosanacl.com\\\/producto\\\/sujetador-modelo-elvira\\\/#primaryimage\",\"url\":\"https:\\\/\\\/rosanacl.com\\\/wp-content\\\/uploads\\\/2025\\\/04\\\/1-2-e1756816694215.jpg\",\"contentUrl\":\"https:\\\/\\\/rosanacl.com\\\/wp-content\\\/uploads\\\/2025\\\/04\\\/1-2-e1756816694215.jpg\",\"width\":882,\"height\":1170},{\"@type\":\"BreadcrumbList\",\"@id\":\"https:\\\/\\\/rosanacl.com\\\/producto\\\/sujetador-modelo-elvira\\\/#breadcrumb\",\"itemListElement\":[{\"@type\":\"ListItem\",\"position\":1,\"name\":\"Portada\",\"item\":\"https:\\\/\\\/rosanacl.com\\\/ca\\\/\"},{\"@type\":\"ListItem\",\"position\":2,\"name\":\"Tienda\",\"item\":\"https:\\\/\\\/rosanacl.com\\\/ca\\\/tienda\\\/\"},{\"@type\":\"ListItem\",\"position\":3,\"name\":\"Sujetador Selene Elvira\"}]},{\"@type\":\"WebSite\",\"@id\":\"https:\\\/\\\/rosanacl.com\\\/ca\\\/#website\",\"url\":\"https:\\\/\\\/rosanacl.com\\\/ca\\\/\",\"name\":\"Rosana CL\",\"description\":\"Somos tu interior\",\"potentialAction\":[{\"@type\":\"SearchAction\",\"target\":{\"@type\":\"EntryPoint\",\"urlTemplate\":\"https:\\\/\\\/rosanacl.com\\\/ca\\\/?s={search_term_string}\"},\"query-input\":{\"@type\":\"PropertyValueSpecification\",\"valueRequired\":true,\"valueName\":\"search_term_string\"}}],\"inLanguage\":\"hu\"}]}<\/script>\n<!-- \/ Yoast SEO plugin. -->","yoast_head_json":{"title":"Sujetador Selene Elvira - Rosana CL","robots":{"index":"index","follow":"follow","max-snippet":"max-snippet:-1","max-image-preview":"max-image-preview:large","max-video-preview":"max-video-preview:-1"},"canonical":"https:\/\/rosanacl.com\/hu\/termek\/sujetador-modelo-elvira\/","og_locale":"hu_HU","og_type":"article","og_title":"Sujetador Selene Elvira - Rosana CL","og_description":"https:\/\/youtube.com\/shorts\/gSBYc8cwLWo?si=u1woCAQD1rt_D2Jb","og_url":"https:\/\/rosanacl.com\/hu\/termek\/sujetador-modelo-elvira\/","og_site_name":"Rosana CL","article_modified_time":"2026-01-10T22:07:14+00:00","og_image":[{"width":882,"height":1170,"url":"https:\/\/rosanacl.com\/wp-content\/uploads\/2025\/04\/1-2-e1756816694215.jpg","type":"image\/jpeg"}],"twitter_card":"summary_large_image","twitter_misc":{"Becs\u00fclt olvas\u00e1si id\u0151":"2 perc"},"schema":{"@context":"https:\/\/schema.org","@graph":[{"@type":"WebPage","@id":"https:\/\/rosanacl.com\/producto\/sujetador-modelo-elvira\/","url":"https:\/\/rosanacl.com\/producto\/sujetador-modelo-elvira\/","name":"Sujetador Selene Elvira - Rosana CL","isPartOf":{"@id":"https:\/\/rosanacl.com\/ca\/#website"},"primaryImageOfPage":{"@id":"https:\/\/rosanacl.com\/producto\/sujetador-modelo-elvira\/#primaryimage"},"image":{"@id":"https:\/\/rosanacl.com\/producto\/sujetador-modelo-elvira\/#primaryimage"},"thumbnailUrl":"https:\/\/rosanacl.com\/wp-content\/uploads\/2025\/04\/1-2-e1756816694215.jpg","datePublished":"2025-04-29T17:14:55+00:00","dateModified":"2026-01-10T22:07:14+00:00","breadcrumb":{"@id":"https:\/\/rosanacl.com\/producto\/sujetador-modelo-elvira\/#breadcrumb"},"inLanguage":"hu","potentialAction":[{"@type":"ReadAction","target":["https:\/\/rosanacl.com\/producto\/sujetador-modelo-elvira\/"]}]},{"@type":"ImageObject","inLanguage":"hu","@id":"https:\/\/rosanacl.com\/producto\/sujetador-modelo-elvira\/#primaryimage","url":"https:\/\/rosanacl.com\/wp-content\/uploads\/2025\/04\/1-2-e1756816694215.jpg","contentUrl":"https:\/\/rosanacl.com\/wp-content\/uploads\/2025\/04\/1-2-e1756816694215.jpg","width":882,"height":1170},{"@type":"BreadcrumbList","@id":"https:\/\/rosanacl.com\/producto\/sujetador-modelo-elvira\/#breadcrumb","itemListElement":[{"@type":"ListItem","position":1,"name":"Portada","item":"https:\/\/rosanacl.com\/ca\/"},{"@type":"ListItem","position":2,"name":"Tienda","item":"https:\/\/rosanacl.com\/ca\/tienda\/"},{"@type":"ListItem","position":3,"name":"Sujetador Selene Elvira"}]},{"@type":"WebSite","@id":"https:\/\/rosanacl.com\/ca\/#website","url":"https:\/\/rosanacl.com\/ca\/","name":"Rosana CL","description":"Mi vagyunk a bels\u0151 \u00e9ned","potentialAction":[{"@type":"SearchAction","target":{"@type":"EntryPoint","urlTemplate":"https:\/\/rosanacl.com\/ca\/?s={search_term_string}"},"query-input":{"@type":"PropertyValueSpecification","valueRequired":true,"valueName":"search_term_string"}}],"inLanguage":"hu"}]}},"_links":{"self":[{"href":"https:\/\/rosanacl.com\/hu\/wp-json\/wp\/v2\/product\/542","targetHints":{"allow":["GET"]}}],"collection":[{"href":"https:\/\/rosanacl.com\/hu\/wp-json\/wp\/v2\/product"}],"about":[{"href":"https:\/\/rosanacl.com\/hu\/wp-json\/wp\/v2\/types\/product"}],"replies":[{"embeddable":true,"href":"https:\/\/rosanacl.com\/hu\/wp-json\/wp\/v2\/comments?post=542"}],"version-history":[{"count":5,"href":"https:\/\/rosanacl.com\/hu\/wp-json\/wp\/v2\/product\/542\/revisions"}],"predecessor-version":[{"id":4652,"href":"https:\/\/rosanacl.com\/hu\/wp-json\/wp\/v2\/product\/542\/revisions\/4652"}],"wp:featuredmedia":[{"embeddable":true,"href":"https:\/\/rosanacl.com\/hu\/wp-json\/wp\/v2\/media\/2353"}],"wp:attachment":[{"href":"https:\/\/rosanacl.com\/hu\/wp-json\/wp\/v2\/media?parent=542"}],"wp:term":[{"taxonomy":"product_brand","embeddable":true,"href":"https:\/\/rosanacl.com\/hu\/wp-json\/wp\/v2\/product_brand?post=542"},{"taxonomy":"product_cat","embeddable":true,"href":"https:\/\/rosanacl.com\/hu\/wp-json\/wp\/v2\/product_cat?post=542"},{"taxonomy":"product_tag","embeddable":true,"href":"https:\/\/rosanacl.com\/hu\/wp-json\/wp\/v2\/product_tag?post=542"}],"curies":[{"name":"wp","href":"https:\/\/api.w.org\/{rel}","templated":true}]}}