{"id":618,"date":"2025-04-29T19:20:58","date_gmt":"2025-04-29T17:20:58","guid":{"rendered":"https:\/\/rosanacl.com\/?post_type=product&#038;p=618"},"modified":"2026-01-07T21:23:54","modified_gmt":"2026-01-07T20:23:54","slug":"sujetador-modelo-maite","status":"publish","type":"product","link":"https:\/\/rosanacl.com\/hu\/termek\/sujetador-modelo-maite\/","title":{"rendered":"Selene Maite Bra"},"content":{"rendered":"<p>A Selene Maite melltart\u00f3 egyike azoknak a modelleknek, amelyek megk\u00f6nny\u00edtik a mindennapjaidat: klasszikus st\u00edlus\u00fa, merev\u00edt\u0151 n\u00e9lk\u00fcli \u00e9s p\u00e1rn\u00e1z\u00e1s n\u00e9lk\u00fcli, olyan kialak\u00edt\u00e1ssal, amely val\u00f3di tart\u00e1st ny\u00fajt an\u00e9lk\u00fcl, hogy szor\u00edtana vagy benyomna. Simplex anyaga feszess\u00e9get \u00e9s stabilit\u00e1st biztos\u00edt, \u00edgy ide\u00e1lis, ha egy k\u00e9nyelmes, mindennapi melltart\u00f3t keresel, amely j\u00f3 helyzetben \u00e9s term\u00e9szetes form\u00e1ban tartja a melleidet.<\/p>\n<p>A Maite legjobb tulajdons\u00e1ga, hogy letisztult, visszafogott diz\u00e1jnban \u00f6tv\u00f6zi a k\u00e9nyelmet \u00e9s a tart\u00e1st: gy\u00f6ny\u00f6r\u0171en illeszkedik a testhez, remek\u00fcl mutat p\u00f3l\u00f3k \u00e9s bl\u00fazok alatt, \u00e9s \u00f3r\u00e1kon \u00e1t j\u00f3l illeszked\u0151 \u00e9rz\u00e9st biztos\u00edt. Gardr\u00f3b alapdarabja azok sz\u00e1m\u00e1ra, akiknek a k\u00e9nyelem, a illeszked\u00e9s \u00e9s a biztons\u00e1g a legfontosabb.<\/p>\n<p>Amit a legjobban szeretek Maite-ben<\/p>\n<ul>\n<li>Vezet\u00e9k n\u00e9lk\u00fcli: teljes k\u00e9nyelem, nincs nyom\u00e1s a kont\u00faron.<\/li>\n<li>Nincs p\u00e1rn\u00e1z\u00e1s: term\u00e9szetes \u00e9s k\u00f6nny\u0171 forma, extra volumen n\u00e9lk\u00fcl.<\/li>\n<li>Simplex anyag: er\u0151s \u00e9s stabil tart\u00e1s, j\u00f3 al\u00e1t\u00e1maszt\u00e1ssal.<\/li>\n<li>Klasszikus diz\u00e1jn: diszkr\u00e9t \u00e9s k\u00f6nnyen viselhet\u0151 b\u00e1rmilyen \u00f6lt\u00f6z\u00e9kkel.<\/li>\n<li>T\u00f6k\u00e9letes mindennapi viseletre: k\u00e9nyelmes viselet \u00e9s biztons\u00e1gos \u00e9rzet.<\/li>\n<\/ul>\n<p>\ud83d\udde3\ufe0f Tipp: A Maite melltart\u00f3val a melleid \u00abmegt\u00e1masztva\u00bb \u00e9s a hely\u00fck\u00f6n \u00e9rzik magukat, de k\u00e9nyelmes \u00e9rzetet keltenek: bel\u00fcl feszes, k\u00edv\u00fcl puha. T\u00f6k\u00e9letes azokra a napokra, amikor biztons\u00e1gban szeretn\u00e9d \u00e9rezni magad an\u00e9lk\u00fcl, hogy a melltart\u00f3dra kellene gondolnod.<\/p>\n<p>\ud83d\udccf Megjegyz\u00e9s: Ha a szoros, stabil illeszked\u00e9st kedveled, v\u00e1laszd a szok\u00e1sos m\u00e9reted; ha k\u00e9t m\u00e9ret k\u00f6z\u00f6tt ingadozol, vagy hosszabb ideig tart\u00f3 viselethez k\u00e9nyelmesebb viseletet szeretn\u00e9l, v\u00e1lassz egyel nagyobb m\u00e9retet. Ha bizonytalan vagy, egy gyors mell alatti m\u00e9r\u00e9s seg\u00edthet a d\u00f6nt\u00e9sben a v\u00e1laszt\u00e1s el\u0151tt.<\/p>\n<p>\u00d6sszet\u00e9tel: 45% poliamid 10% elaszt\u00e1n 45% poli\u00e9szter.<\/p>\n<p>\ud83d\udd4a\ufe0f Klasszikus k\u00e9nyelem\u2026 val\u00f3di tart\u00e1st biztos\u00edtva.<\/p>","protected":false},"excerpt":{"rendered":"<p>El sujetador Selene modelo Maite es de esos modelos que te solucionan el d\u00eda: l\u00ednea cl\u00e1sica, sin aros y sin relleno, con un patr\u00f3n pensado para dar sujeci\u00f3n de verdad sin apretar ni marcar. Su tejido Simplex aporta firmeza y estabilidad, ideal si buscas un sujetador c\u00f3modo para diario que mantenga el pecho bien colocado [&hellip;]<\/p>\n","protected":false},"featured_media":1444,"comment_status":"open","ping_status":"closed","template":"","meta":{"content-type":""},"product_brand":[55],"product_cat":[25,20],"product_tag":[56,60],"class_list":{"0":"post-618","1":"product","2":"type-product","3":"status-publish","4":"has-post-thumbnail","6":"product_brand-selene","7":"product_cat-sin-aros","8":"product_cat-sujetador","9":"product_tag-sujetador","10":"product_tag-sujetador-sin-aros","12":"first","13":"instock","14":"taxable","15":"shipping-taxable","16":"purchasable","17":"product-type-variable"},"supplier_id":null,"supplier_sku":"","barcode":null,"atum_controlled":true,"out_stock_date":null,"out_stock_threshold":null,"inheritable":true,"inbound_stock":null,"stock_on_hold":0,"sold_today":0,"sales_last_days":0,"reserved_stock":null,"customer_returns":null,"warehouse_damage":null,"lost_in_post":null,"other_logs":null,"out_stock_days":0,"lost_sales":0,"has_location":false,"update_date":"2026-01-07T20:23:55","atum_locations":[],"atum_stock_status":"instock","restock_status":false,"low_stock_amount":"","sales_update_date":"2025-08-19T02:35:53","calc_backorders":null,"yoast_head":"<!-- This site is optimized with the Yoast SEO plugin v27.4 - https:\/\/yoast.com\/product\/yoast-seo-wordpress\/ -->\n<title>Sujetador Selene Maite - Rosana CL<\/title>\n<meta name=\"robots\" content=\"index, follow, max-snippet:-1, max-image-preview:large, max-video-preview:-1\" \/>\n<link rel=\"canonical\" href=\"https:\/\/rosanacl.com\/hu\/termek\/sujetador-modelo-maite\/\" \/>\n<meta property=\"og:locale\" content=\"hu_HU\" \/>\n<meta property=\"og:type\" content=\"article\" \/>\n<meta property=\"og:title\" content=\"Sujetador Selene Maite - Rosana CL\" \/>\n<meta property=\"og:description\" content=\"El sujetador Selene modelo Maite es de esos modelos que te solucionan el d\u00eda: l\u00ednea cl\u00e1sica, sin aros y sin relleno, con un patr\u00f3n pensado para dar sujeci\u00f3n de verdad sin apretar ni marcar. Su tejido Simplex aporta firmeza y estabilidad, ideal si buscas un sujetador c\u00f3modo para diario que mantenga el pecho bien colocado [&hellip;]\" \/>\n<meta property=\"og:url\" content=\"https:\/\/rosanacl.com\/hu\/termek\/sujetador-modelo-maite\/\" \/>\n<meta property=\"og:site_name\" content=\"Rosana CL\" \/>\n<meta property=\"article:modified_time\" content=\"2026-01-07T20:23:54+00:00\" \/>\n<meta property=\"og:image\" content=\"https:\/\/rosanacl.com\/wp-content\/uploads\/2025\/04\/Sujetador-modelo-Maite-000001.webp\" \/>\n\t<meta property=\"og:image:width\" content=\"1000\" \/>\n\t<meta property=\"og:image:height\" content=\"1000\" \/>\n\t<meta property=\"og:image:type\" content=\"image\/webp\" \/>\n<meta name=\"twitter:card\" content=\"summary_large_image\" \/>\n<meta name=\"twitter:label1\" content=\"Becs\u00fclt olvas\u00e1si id\u0151\" \/>\n\t<meta name=\"twitter:data1\" content=\"2 perc\" \/>\n<script type=\"application\/ld+json\" class=\"yoast-schema-graph\">{\"@context\":\"https:\\\/\\\/schema.org\",\"@graph\":[{\"@type\":\"WebPage\",\"@id\":\"https:\\\/\\\/rosanacl.com\\\/producto\\\/sujetador-modelo-maite\\\/\",\"url\":\"https:\\\/\\\/rosanacl.com\\\/producto\\\/sujetador-modelo-maite\\\/\",\"name\":\"Sujetador Selene Maite - Rosana CL\",\"isPartOf\":{\"@id\":\"https:\\\/\\\/rosanacl.com\\\/ca\\\/#website\"},\"primaryImageOfPage\":{\"@id\":\"https:\\\/\\\/rosanacl.com\\\/producto\\\/sujetador-modelo-maite\\\/#primaryimage\"},\"image\":{\"@id\":\"https:\\\/\\\/rosanacl.com\\\/producto\\\/sujetador-modelo-maite\\\/#primaryimage\"},\"thumbnailUrl\":\"https:\\\/\\\/rosanacl.com\\\/wp-content\\\/uploads\\\/2025\\\/04\\\/Sujetador-modelo-Maite-000001.webp\",\"datePublished\":\"2025-04-29T17:20:58+00:00\",\"dateModified\":\"2026-01-07T20:23:54+00:00\",\"breadcrumb\":{\"@id\":\"https:\\\/\\\/rosanacl.com\\\/producto\\\/sujetador-modelo-maite\\\/#breadcrumb\"},\"inLanguage\":\"hu\",\"potentialAction\":[{\"@type\":\"ReadAction\",\"target\":[\"https:\\\/\\\/rosanacl.com\\\/producto\\\/sujetador-modelo-maite\\\/\"]}]},{\"@type\":\"ImageObject\",\"inLanguage\":\"hu\",\"@id\":\"https:\\\/\\\/rosanacl.com\\\/producto\\\/sujetador-modelo-maite\\\/#primaryimage\",\"url\":\"https:\\\/\\\/rosanacl.com\\\/wp-content\\\/uploads\\\/2025\\\/04\\\/Sujetador-modelo-Maite-000001.webp\",\"contentUrl\":\"https:\\\/\\\/rosanacl.com\\\/wp-content\\\/uploads\\\/2025\\\/04\\\/Sujetador-modelo-Maite-000001.webp\",\"width\":1000,\"height\":1000},{\"@type\":\"BreadcrumbList\",\"@id\":\"https:\\\/\\\/rosanacl.com\\\/producto\\\/sujetador-modelo-maite\\\/#breadcrumb\",\"itemListElement\":[{\"@type\":\"ListItem\",\"position\":1,\"name\":\"Portada\",\"item\":\"https:\\\/\\\/rosanacl.com\\\/ca\\\/\"},{\"@type\":\"ListItem\",\"position\":2,\"name\":\"Tienda\",\"item\":\"https:\\\/\\\/rosanacl.com\\\/ca\\\/tienda\\\/\"},{\"@type\":\"ListItem\",\"position\":3,\"name\":\"Sujetador Selene Maite\"}]},{\"@type\":\"WebSite\",\"@id\":\"https:\\\/\\\/rosanacl.com\\\/ca\\\/#website\",\"url\":\"https:\\\/\\\/rosanacl.com\\\/ca\\\/\",\"name\":\"Rosana CL\",\"description\":\"Somos tu interior\",\"potentialAction\":[{\"@type\":\"SearchAction\",\"target\":{\"@type\":\"EntryPoint\",\"urlTemplate\":\"https:\\\/\\\/rosanacl.com\\\/ca\\\/?s={search_term_string}\"},\"query-input\":{\"@type\":\"PropertyValueSpecification\",\"valueRequired\":true,\"valueName\":\"search_term_string\"}}],\"inLanguage\":\"hu\"}]}<\/script>\n<!-- \/ Yoast SEO plugin. -->","yoast_head_json":{"title":"Sujetador Selene Maite - Rosana CL","robots":{"index":"index","follow":"follow","max-snippet":"max-snippet:-1","max-image-preview":"max-image-preview:large","max-video-preview":"max-video-preview:-1"},"canonical":"https:\/\/rosanacl.com\/hu\/termek\/sujetador-modelo-maite\/","og_locale":"hu_HU","og_type":"article","og_title":"Sujetador Selene Maite - Rosana CL","og_description":"El sujetador Selene modelo Maite es de esos modelos que te solucionan el d\u00eda: l\u00ednea cl\u00e1sica, sin aros y sin relleno, con un patr\u00f3n pensado para dar sujeci\u00f3n de verdad sin apretar ni marcar. Su tejido Simplex aporta firmeza y estabilidad, ideal si buscas un sujetador c\u00f3modo para diario que mantenga el pecho bien colocado [&hellip;]","og_url":"https:\/\/rosanacl.com\/hu\/termek\/sujetador-modelo-maite\/","og_site_name":"Rosana CL","article_modified_time":"2026-01-07T20:23:54+00:00","og_image":[{"width":1000,"height":1000,"url":"https:\/\/rosanacl.com\/wp-content\/uploads\/2025\/04\/Sujetador-modelo-Maite-000001.webp","type":"image\/webp"}],"twitter_card":"summary_large_image","twitter_misc":{"Becs\u00fclt olvas\u00e1si id\u0151":"2 perc"},"schema":{"@context":"https:\/\/schema.org","@graph":[{"@type":"WebPage","@id":"https:\/\/rosanacl.com\/producto\/sujetador-modelo-maite\/","url":"https:\/\/rosanacl.com\/producto\/sujetador-modelo-maite\/","name":"Sujetador Selene Maite - Rosana CL","isPartOf":{"@id":"https:\/\/rosanacl.com\/ca\/#website"},"primaryImageOfPage":{"@id":"https:\/\/rosanacl.com\/producto\/sujetador-modelo-maite\/#primaryimage"},"image":{"@id":"https:\/\/rosanacl.com\/producto\/sujetador-modelo-maite\/#primaryimage"},"thumbnailUrl":"https:\/\/rosanacl.com\/wp-content\/uploads\/2025\/04\/Sujetador-modelo-Maite-000001.webp","datePublished":"2025-04-29T17:20:58+00:00","dateModified":"2026-01-07T20:23:54+00:00","breadcrumb":{"@id":"https:\/\/rosanacl.com\/producto\/sujetador-modelo-maite\/#breadcrumb"},"inLanguage":"hu","potentialAction":[{"@type":"ReadAction","target":["https:\/\/rosanacl.com\/producto\/sujetador-modelo-maite\/"]}]},{"@type":"ImageObject","inLanguage":"hu","@id":"https:\/\/rosanacl.com\/producto\/sujetador-modelo-maite\/#primaryimage","url":"https:\/\/rosanacl.com\/wp-content\/uploads\/2025\/04\/Sujetador-modelo-Maite-000001.webp","contentUrl":"https:\/\/rosanacl.com\/wp-content\/uploads\/2025\/04\/Sujetador-modelo-Maite-000001.webp","width":1000,"height":1000},{"@type":"BreadcrumbList","@id":"https:\/\/rosanacl.com\/producto\/sujetador-modelo-maite\/#breadcrumb","itemListElement":[{"@type":"ListItem","position":1,"name":"Portada","item":"https:\/\/rosanacl.com\/ca\/"},{"@type":"ListItem","position":2,"name":"Tienda","item":"https:\/\/rosanacl.com\/ca\/tienda\/"},{"@type":"ListItem","position":3,"name":"Sujetador Selene Maite"}]},{"@type":"WebSite","@id":"https:\/\/rosanacl.com\/ca\/#website","url":"https:\/\/rosanacl.com\/ca\/","name":"Rosana CL","description":"Mi vagyunk a bels\u0151 \u00e9ned","potentialAction":[{"@type":"SearchAction","target":{"@type":"EntryPoint","urlTemplate":"https:\/\/rosanacl.com\/ca\/?s={search_term_string}"},"query-input":{"@type":"PropertyValueSpecification","valueRequired":true,"valueName":"search_term_string"}}],"inLanguage":"hu"}]}},"_links":{"self":[{"href":"https:\/\/rosanacl.com\/hu\/wp-json\/wp\/v2\/product\/618","targetHints":{"allow":["GET"]}}],"collection":[{"href":"https:\/\/rosanacl.com\/hu\/wp-json\/wp\/v2\/product"}],"about":[{"href":"https:\/\/rosanacl.com\/hu\/wp-json\/wp\/v2\/types\/product"}],"replies":[{"embeddable":true,"href":"https:\/\/rosanacl.com\/hu\/wp-json\/wp\/v2\/comments?post=618"}],"version-history":[{"count":5,"href":"https:\/\/rosanacl.com\/hu\/wp-json\/wp\/v2\/product\/618\/revisions"}],"predecessor-version":[{"id":4618,"href":"https:\/\/rosanacl.com\/hu\/wp-json\/wp\/v2\/product\/618\/revisions\/4618"}],"wp:featuredmedia":[{"embeddable":true,"href":"https:\/\/rosanacl.com\/hu\/wp-json\/wp\/v2\/media\/1444"}],"wp:attachment":[{"href":"https:\/\/rosanacl.com\/hu\/wp-json\/wp\/v2\/media?parent=618"}],"wp:term":[{"taxonomy":"product_brand","embeddable":true,"href":"https:\/\/rosanacl.com\/hu\/wp-json\/wp\/v2\/product_brand?post=618"},{"taxonomy":"product_cat","embeddable":true,"href":"https:\/\/rosanacl.com\/hu\/wp-json\/wp\/v2\/product_cat?post=618"},{"taxonomy":"product_tag","embeddable":true,"href":"https:\/\/rosanacl.com\/hu\/wp-json\/wp\/v2\/product_tag?post=618"}],"curies":[{"name":"wp","href":"https:\/\/api.w.org\/{rel}","templated":true}]}}