{"id":745,"date":"2025-04-29T19:52:29","date_gmt":"2025-04-29T17:52:29","guid":{"rendered":"https:\/\/rosanacl.com\/?post_type=product&#038;p=745"},"modified":"2026-01-07T21:15:53","modified_gmt":"2026-01-07T20:15:53","slug":"sujetador-modelo-blanca","status":"publish","type":"product","link":"https:\/\/rosanacl.com\/hu\/termek\/sujetador-modelo-blanca\/","title":{"rendered":"Selene feh\u00e9r melltart\u00f3"},"content":{"rendered":"<p>A Selene Blanca melltart\u00f3 biztos v\u00e1laszt\u00e1s, ha val\u00f3di k\u00e9nyelmet keresel, gy\u00f6ny\u00f6r\u0171 es\u00e9ssel \u00e9s puha tapint\u00e1ssal a b\u0151r\u00f6n. Pamut anyaga kellemes \u00e9s term\u00e9szetes tapint\u00e1st biztos\u00edt, ide\u00e1lis mindennapi viseletre, \u00e9s a kialak\u00edt\u00e1sa \u00fagy lett kialak\u00edtva, hogy tart\u00e1st adjon an\u00e9lk\u00fcl, hogy szor\u00edtana, foltot hagyna, vagy \u00fatban lenne a ruh\u00e1zat alatt.<\/p>\n<p>Mivel merev\u00edt\u0151 n\u00e9lk\u00fcli \u00e9s p\u00e1rn\u00e1z\u00e1s n\u00e9lk\u00fcli, letisztult \u00e9s diszkr\u00e9t vonalvezet\u00e9s\u0171, \u00edgy remek\u00fcl mutat p\u00f3l\u00f3kkal, testhez\u00e1ll\u00f3 ruh\u00e1kkal vagy egyszer\u0171bb \u00f6ssze\u00e1ll\u00edt\u00e1sokkal is. Ez egyike azoknak a melltart\u00f3knak, amelyeknek nem kell \u00abfelt\u0171n\u00e9st kelteni\u00fck\u00bb ahhoz, hogy vonz\u00f3ak legyenek: a l\u00e9nyeg a k\u00e9nyelem \u00e9s az, hogy milyen k\u00f6nny\u0171 \u00f3r\u00e1kon \u00e1t viselni.<\/p>\n<p>Blanka r\u00e9szletei, amiket im\u00e1dni fogsz<\/p>\n<ul>\n<li>Puha \u00e9s kellemes pamut: term\u00e9szetes \u00e9s k\u00e9nyelmes \u00e9rzet.<\/li>\n<li>Nincs merev\u00edt\u0151p\u00e1nt: teljes szabads\u00e1g, nincs nyom\u00e1s a kont\u00faron.<\/li>\n<li>B\u00e9l\u00e9s n\u00e9lk\u00fcl: term\u00e9szetes forma, k\u00f6nny\u0171 \u00e9s nagyon hordhat\u00f3.<\/li>\n<li>Diszkr\u00e9t ruh\u00e1zat alatt: nem hoz l\u00e9tre felesleges t\u00f6meget.<\/li>\n<li>T\u00f6k\u00e9letes mindennapi haszn\u00e1latra: \u00fagy tervezt\u00e9k, hogy megism\u00e9telhet\u0151 legyen an\u00e9lk\u00fcl, hogy megunn\u00e1d.<\/li>\n<\/ul>\n<p>\ud83d\udde3\ufe0f Tipp: Viseld testhez\u00e1ll\u00f3 p\u00f3l\u00f3val, \u00e9s figyeld meg, milyen \u00e9rz\u00e9s: ha \u00abszabads\u00e1got\u00bb \u00e9rzel (nincs nyom\u00e1s az oldaladon, \u00e9s nincs k\u00e9sztet\u00e9s az \u00fajraigaz\u00edt\u00e1sra), az a Blanca er\u0151ss\u00e9ge. Ez az a fajta pamut, ami puha \u00e9s tiszta tapint\u00e1s\u00fa, mintha a tested \u00abb\u00e9k\u00e9ben\u00bb lenne.<\/p>\n<p>\ud83d\udccf Megjegyz\u00e9s: A megfelel\u0151 m\u00e9ret megtal\u00e1l\u00e1s\u00e1hoz m\u00e9rd le a melled alatti magass\u00e1godat, \u00e9s hasonl\u00edtsd \u00f6ssze az \u00fatmutat\u00f3val; ha k\u00e9t m\u00e9ret k\u00f6z\u00f6tt ingadozol, \u00e9s k\u00e9nyelmesebb illeszked\u00e9st szeretn\u00e9l, v\u00e1laszd a nagyobb m\u00e9retet. Ez cs\u00f6kkenti a m\u00e9retez\u00e9si hib\u00e1kat, \u00e9s biztos\u00edtja, hogy els\u0151re is j\u00f3l v\u00e1lassz.<\/p>\n<p>\u00d6sszet\u00e9tel: Pamut 95% Elaszt\u00e1n 5%<\/p>\n<p>\ud83c\udf3f Puha, tiszta \u00e9s k\u00f6nny\u0171\u2026 ahogy a mindennapoknak is lennie kell.<\/p>","protected":false},"excerpt":{"rendered":"<p>El sujetador Selene modelo Blanca es una apuesta segura cuando lo que buscas es comodidad real con una ca\u00edda bonita y una sensaci\u00f3n suave en la piel. Su tejido de algod\u00f3n aporta un tacto agradable y natural, ideal para el uso diario, y su dise\u00f1o est\u00e1 pensado para acompa\u00f1arte sin apretar, sin marcar y sin [&hellip;]<\/p>\n","protected":false},"featured_media":2349,"comment_status":"open","ping_status":"closed","template":"","meta":{"content-type":""},"product_brand":[55],"product_cat":[25,20],"product_tag":[56,60],"class_list":{"0":"post-745","1":"product","2":"type-product","3":"status-publish","4":"has-post-thumbnail","6":"product_brand-selene","7":"product_cat-sin-aros","8":"product_cat-sujetador","9":"product_tag-sujetador","10":"product_tag-sujetador-sin-aros","12":"first","13":"instock","14":"taxable","15":"shipping-taxable","16":"purchasable","17":"product-type-variable"},"supplier_id":null,"supplier_sku":"","barcode":null,"atum_controlled":true,"out_stock_date":null,"out_stock_threshold":null,"inheritable":true,"inbound_stock":0,"stock_on_hold":0,"sold_today":0,"sales_last_days":0,"reserved_stock":0,"customer_returns":0,"warehouse_damage":0,"lost_in_post":0,"other_logs":0,"out_stock_days":0,"lost_sales":0,"has_location":false,"update_date":"2026-01-07T20:15:54","atum_locations":[],"atum_stock_status":"instock","restock_status":false,"low_stock_amount":"","sales_update_date":"2025-08-19T02:35:53","calc_backorders":null,"yoast_head":"<!-- This site is optimized with the Yoast SEO plugin v27.4 - https:\/\/yoast.com\/product\/yoast-seo-wordpress\/ -->\n<title>Sujetador Selene Blanca - Rosana CL<\/title>\n<meta name=\"robots\" content=\"index, follow, max-snippet:-1, max-image-preview:large, max-video-preview:-1\" \/>\n<link rel=\"canonical\" href=\"https:\/\/rosanacl.com\/hu\/termek\/sujetador-modelo-blanca\/\" \/>\n<meta property=\"og:locale\" content=\"hu_HU\" \/>\n<meta property=\"og:type\" content=\"article\" \/>\n<meta property=\"og:title\" content=\"Sujetador Selene Blanca - Rosana CL\" \/>\n<meta property=\"og:description\" content=\"El sujetador Selene modelo Blanca es una apuesta segura cuando lo que buscas es comodidad real con una ca\u00edda bonita y una sensaci\u00f3n suave en la piel. Su tejido de algod\u00f3n aporta un tacto agradable y natural, ideal para el uso diario, y su dise\u00f1o est\u00e1 pensado para acompa\u00f1arte sin apretar, sin marcar y sin [&hellip;]\" \/>\n<meta property=\"og:url\" content=\"https:\/\/rosanacl.com\/hu\/termek\/sujetador-modelo-blanca\/\" \/>\n<meta property=\"og:site_name\" content=\"Rosana CL\" \/>\n<meta property=\"article:modified_time\" content=\"2026-01-07T20:15:53+00:00\" \/>\n<meta property=\"og:image\" content=\"https:\/\/rosanacl.com\/wp-content\/uploads\/2025\/04\/1-1-e1756816629750.jpg\" \/>\n\t<meta property=\"og:image:width\" content=\"881\" \/>\n\t<meta property=\"og:image:height\" content=\"1093\" \/>\n\t<meta property=\"og:image:type\" content=\"image\/jpeg\" \/>\n<meta name=\"twitter:card\" content=\"summary_large_image\" \/>\n<meta name=\"twitter:label1\" content=\"Becs\u00fclt olvas\u00e1si id\u0151\" \/>\n\t<meta name=\"twitter:data1\" content=\"2 perc\" \/>\n<script type=\"application\/ld+json\" class=\"yoast-schema-graph\">{\"@context\":\"https:\\\/\\\/schema.org\",\"@graph\":[{\"@type\":\"WebPage\",\"@id\":\"https:\\\/\\\/rosanacl.com\\\/producto\\\/sujetador-modelo-blanca\\\/\",\"url\":\"https:\\\/\\\/rosanacl.com\\\/producto\\\/sujetador-modelo-blanca\\\/\",\"name\":\"Sujetador Selene Blanca - Rosana CL\",\"isPartOf\":{\"@id\":\"https:\\\/\\\/rosanacl.com\\\/ca\\\/#website\"},\"primaryImageOfPage\":{\"@id\":\"https:\\\/\\\/rosanacl.com\\\/producto\\\/sujetador-modelo-blanca\\\/#primaryimage\"},\"image\":{\"@id\":\"https:\\\/\\\/rosanacl.com\\\/producto\\\/sujetador-modelo-blanca\\\/#primaryimage\"},\"thumbnailUrl\":\"https:\\\/\\\/rosanacl.com\\\/wp-content\\\/uploads\\\/2025\\\/04\\\/1-1-e1756816629750.jpg\",\"datePublished\":\"2025-04-29T17:52:29+00:00\",\"dateModified\":\"2026-01-07T20:15:53+00:00\",\"breadcrumb\":{\"@id\":\"https:\\\/\\\/rosanacl.com\\\/producto\\\/sujetador-modelo-blanca\\\/#breadcrumb\"},\"inLanguage\":\"hu\",\"potentialAction\":[{\"@type\":\"ReadAction\",\"target\":[\"https:\\\/\\\/rosanacl.com\\\/producto\\\/sujetador-modelo-blanca\\\/\"]}]},{\"@type\":\"ImageObject\",\"inLanguage\":\"hu\",\"@id\":\"https:\\\/\\\/rosanacl.com\\\/producto\\\/sujetador-modelo-blanca\\\/#primaryimage\",\"url\":\"https:\\\/\\\/rosanacl.com\\\/wp-content\\\/uploads\\\/2025\\\/04\\\/1-1-e1756816629750.jpg\",\"contentUrl\":\"https:\\\/\\\/rosanacl.com\\\/wp-content\\\/uploads\\\/2025\\\/04\\\/1-1-e1756816629750.jpg\",\"width\":881,\"height\":1093},{\"@type\":\"BreadcrumbList\",\"@id\":\"https:\\\/\\\/rosanacl.com\\\/producto\\\/sujetador-modelo-blanca\\\/#breadcrumb\",\"itemListElement\":[{\"@type\":\"ListItem\",\"position\":1,\"name\":\"Portada\",\"item\":\"https:\\\/\\\/rosanacl.com\\\/ca\\\/\"},{\"@type\":\"ListItem\",\"position\":2,\"name\":\"Tienda\",\"item\":\"https:\\\/\\\/rosanacl.com\\\/ca\\\/tienda\\\/\"},{\"@type\":\"ListItem\",\"position\":3,\"name\":\"Sujetador Selene Blanca\"}]},{\"@type\":\"WebSite\",\"@id\":\"https:\\\/\\\/rosanacl.com\\\/ca\\\/#website\",\"url\":\"https:\\\/\\\/rosanacl.com\\\/ca\\\/\",\"name\":\"Rosana CL\",\"description\":\"Somos tu interior\",\"potentialAction\":[{\"@type\":\"SearchAction\",\"target\":{\"@type\":\"EntryPoint\",\"urlTemplate\":\"https:\\\/\\\/rosanacl.com\\\/ca\\\/?s={search_term_string}\"},\"query-input\":{\"@type\":\"PropertyValueSpecification\",\"valueRequired\":true,\"valueName\":\"search_term_string\"}}],\"inLanguage\":\"hu\"}]}<\/script>\n<!-- \/ Yoast SEO plugin. -->","yoast_head_json":{"title":"Sujetador Selene Blanca - Rosana CL","robots":{"index":"index","follow":"follow","max-snippet":"max-snippet:-1","max-image-preview":"max-image-preview:large","max-video-preview":"max-video-preview:-1"},"canonical":"https:\/\/rosanacl.com\/hu\/termek\/sujetador-modelo-blanca\/","og_locale":"hu_HU","og_type":"article","og_title":"Sujetador Selene Blanca - Rosana CL","og_description":"El sujetador Selene modelo Blanca es una apuesta segura cuando lo que buscas es comodidad real con una ca\u00edda bonita y una sensaci\u00f3n suave en la piel. Su tejido de algod\u00f3n aporta un tacto agradable y natural, ideal para el uso diario, y su dise\u00f1o est\u00e1 pensado para acompa\u00f1arte sin apretar, sin marcar y sin [&hellip;]","og_url":"https:\/\/rosanacl.com\/hu\/termek\/sujetador-modelo-blanca\/","og_site_name":"Rosana CL","article_modified_time":"2026-01-07T20:15:53+00:00","og_image":[{"width":881,"height":1093,"url":"https:\/\/rosanacl.com\/wp-content\/uploads\/2025\/04\/1-1-e1756816629750.jpg","type":"image\/jpeg"}],"twitter_card":"summary_large_image","twitter_misc":{"Becs\u00fclt olvas\u00e1si id\u0151":"2 perc"},"schema":{"@context":"https:\/\/schema.org","@graph":[{"@type":"WebPage","@id":"https:\/\/rosanacl.com\/producto\/sujetador-modelo-blanca\/","url":"https:\/\/rosanacl.com\/producto\/sujetador-modelo-blanca\/","name":"Sujetador Selene Blanca - Rosana CL","isPartOf":{"@id":"https:\/\/rosanacl.com\/ca\/#website"},"primaryImageOfPage":{"@id":"https:\/\/rosanacl.com\/producto\/sujetador-modelo-blanca\/#primaryimage"},"image":{"@id":"https:\/\/rosanacl.com\/producto\/sujetador-modelo-blanca\/#primaryimage"},"thumbnailUrl":"https:\/\/rosanacl.com\/wp-content\/uploads\/2025\/04\/1-1-e1756816629750.jpg","datePublished":"2025-04-29T17:52:29+00:00","dateModified":"2026-01-07T20:15:53+00:00","breadcrumb":{"@id":"https:\/\/rosanacl.com\/producto\/sujetador-modelo-blanca\/#breadcrumb"},"inLanguage":"hu","potentialAction":[{"@type":"ReadAction","target":["https:\/\/rosanacl.com\/producto\/sujetador-modelo-blanca\/"]}]},{"@type":"ImageObject","inLanguage":"hu","@id":"https:\/\/rosanacl.com\/producto\/sujetador-modelo-blanca\/#primaryimage","url":"https:\/\/rosanacl.com\/wp-content\/uploads\/2025\/04\/1-1-e1756816629750.jpg","contentUrl":"https:\/\/rosanacl.com\/wp-content\/uploads\/2025\/04\/1-1-e1756816629750.jpg","width":881,"height":1093},{"@type":"BreadcrumbList","@id":"https:\/\/rosanacl.com\/producto\/sujetador-modelo-blanca\/#breadcrumb","itemListElement":[{"@type":"ListItem","position":1,"name":"Portada","item":"https:\/\/rosanacl.com\/ca\/"},{"@type":"ListItem","position":2,"name":"Tienda","item":"https:\/\/rosanacl.com\/ca\/tienda\/"},{"@type":"ListItem","position":3,"name":"Sujetador Selene Blanca"}]},{"@type":"WebSite","@id":"https:\/\/rosanacl.com\/ca\/#website","url":"https:\/\/rosanacl.com\/ca\/","name":"Rosana CL","description":"Mi vagyunk a bels\u0151 \u00e9ned","potentialAction":[{"@type":"SearchAction","target":{"@type":"EntryPoint","urlTemplate":"https:\/\/rosanacl.com\/ca\/?s={search_term_string}"},"query-input":{"@type":"PropertyValueSpecification","valueRequired":true,"valueName":"search_term_string"}}],"inLanguage":"hu"}]}},"_links":{"self":[{"href":"https:\/\/rosanacl.com\/hu\/wp-json\/wp\/v2\/product\/745","targetHints":{"allow":["GET"]}}],"collection":[{"href":"https:\/\/rosanacl.com\/hu\/wp-json\/wp\/v2\/product"}],"about":[{"href":"https:\/\/rosanacl.com\/hu\/wp-json\/wp\/v2\/types\/product"}],"replies":[{"embeddable":true,"href":"https:\/\/rosanacl.com\/hu\/wp-json\/wp\/v2\/comments?post=745"}],"version-history":[{"count":5,"href":"https:\/\/rosanacl.com\/hu\/wp-json\/wp\/v2\/product\/745\/revisions"}],"predecessor-version":[{"id":4616,"href":"https:\/\/rosanacl.com\/hu\/wp-json\/wp\/v2\/product\/745\/revisions\/4616"}],"wp:featuredmedia":[{"embeddable":true,"href":"https:\/\/rosanacl.com\/hu\/wp-json\/wp\/v2\/media\/2349"}],"wp:attachment":[{"href":"https:\/\/rosanacl.com\/hu\/wp-json\/wp\/v2\/media?parent=745"}],"wp:term":[{"taxonomy":"product_brand","embeddable":true,"href":"https:\/\/rosanacl.com\/hu\/wp-json\/wp\/v2\/product_brand?post=745"},{"taxonomy":"product_cat","embeddable":true,"href":"https:\/\/rosanacl.com\/hu\/wp-json\/wp\/v2\/product_cat?post=745"},{"taxonomy":"product_tag","embeddable":true,"href":"https:\/\/rosanacl.com\/hu\/wp-json\/wp\/v2\/product_tag?post=745"}],"curies":[{"name":"wp","href":"https:\/\/api.w.org\/{rel}","templated":true}]}}