{"id":931,"date":"2025-04-29T20:22:55","date_gmt":"2025-04-29T18:22:55","guid":{"rendered":"https:\/\/rosanacl.com\/?post_type=product&#038;p=931"},"modified":"2026-01-07T21:01:25","modified_gmt":"2026-01-07T20:01:25","slug":"sujetador-modelo-fabiola","status":"publish","type":"product","link":"https:\/\/rosanacl.com\/hu\/termek\/sujetador-modelo-fabiola\/","title":{"rendered":"Selene Fabiola melltart\u00f3"},"content":{"rendered":"<p>A Selene Fabiola melltart\u00f3t azoknak tervezt\u00e9k, akik val\u00f3di k\u00e9nyelmet szeretn\u00e9nek an\u00e9lk\u00fcl, hogy fel\u00e1ldozn\u00e1k a gy\u00f6ny\u00f6r\u0171 sziluettet. Merev\u00edt\u0151s \u00e9s t\u00e1vtart\u00f3 kosarakkal, valamint a mellhez igazod\u00f3, k\u00f6nny\u0171 \u00e9s nagyon kellemes tapint\u00e1s\u00fa technikai anyaggal rendelkezik, \u00edgy ide\u00e1lis mindennapi viseletre egy feh\u00e9rnem\u0171\u00fczletben, ahol a v\u00e1s\u00e1rl\u00f3 valami olyasmit keres, amit \u00abcsak fel lehet h\u00fazni \u00e9s el is felejteni\u00bb.<\/p>\n<p>A Fabiola k\u00fcl\u00f6nlegess\u00e9g\u00e9t az adja, ahogyan a tart\u00e1st a l\u00e9g\u00e1tereszt\u0151 k\u00e9pess\u00e9ggel \u00f6tv\u00f6zi: a t\u00e1vtart\u00f3 kos\u00e1r szell\u0151z\u0151 bels\u0151 szerkezettel rendelkezik, amely seg\u00edt szab\u00e1lyozni a h\u0151t \u00e9s \u00f3r\u00e1kon \u00e1t k\u00e9nyelmes viseletet biztos\u00edt. R\u00e1ad\u00e1sul nem deform\u00e1l\u00f3d\u00f3 anyagb\u00f3l k\u00e9sz\u00fclt, \u00edgy a kos\u00e1r visszanyeri eredeti alakj\u00e1t, \u00e9s a melltart\u00f3 hosszabb ideig kifog\u00e1stalanul n\u00e9z ki.<\/p>\n<p>Ami a legjobban tetszeni fog Fabiol\u00e1ban<\/p>\n<ul>\n<li>Merev\u00edt\u0151s t\u00e1vtart\u00f3 kos\u00e1r: stabil tart\u00e1s nagyon k\u00f6nny\u0171 \u00e9rzettel.<\/li>\n<li>Kiv\u00e1l\u00f3 l\u00e9g\u00e1tereszt\u0151 k\u00e9pess\u00e9g: szell\u0151z\u0151 szerkezet a nagyobb frissess\u00e9g\u00e9rt.<\/li>\n<li>Mellkasi alkalmazkod\u00f3k\u00e9pess\u00e9g: merevs\u00e9g vagy neh\u00e9zs\u00e9g n\u00e9lk\u00fcl illeszkedik.<\/li>\n<li>Nem deform\u00e1l\u00f3d\u00f3 anyag: a kos\u00e1r sz\u00e9pen \u00e9s j\u00f3 \u00e1llapotban marad.<\/li>\n<\/ul>\n<p>\ud83d\udde3\ufe0f Tipp: A Fabiola egyike azoknak a melltart\u00f3knak, amelyek frissess\u00e9g\u00e9rzetet \u00e9s azt a \u00e9rzetet adj\u00e1k, hogy &quot;minden a hely\u00e9n van&quot; egyszerre: tart\u00e1st ad an\u00e9lk\u00fcl, hogy t\u00falterhel\u0151 lenne, k\u00f6nny\u0171nek \u00e9rz\u0151dik, \u00e9s nyugodtnak \u00e9rzed magad a mindennapokban (egyik olyan melltart\u00f3, amit felveszel, \u00e9s elfelejtesz).<\/p>\n<p>\ud83d\udccf Megjegyz\u00e9s: Ahhoz, hogy els\u0151re j\u00f3l v\u00e1lassz, ellen\u0151rizd a mell alatti m\u00e9reted \u00e9s azt, hogy mennyire tetszik az illeszked\u00e9s: ha a feszes \u00e9s stabil illeszked\u00e9st kedveled, maradj a szok\u00e1sos m\u00e9retedn\u00e9l; ha a m\u00e9retek k\u00f6z\u00f6tt vagy, vagy nagyobb k\u00e9nyelmet szeretn\u00e9l a mellkasod k\u00f6r\u00fcl, v\u00e1lassz egy sz\u00e1mmal nagyobbat. Ha bizonytalan vagy, m\u00e9rd meg \u00e9s hasonl\u00edtsd \u00f6ssze a m\u00e9reteket a v\u00e1laszt\u00e1s el\u0151tt.<\/p>\n<p>\u00d6sszet\u00e9tel: 70% poli\u00e9szter \/ 21% poliamid \/ 9% elaszt\u00e1n.<\/p>\n<p>\ud83c\udf2c\ufe0f Frissess\u00e9g \u00e9s t\u00e1mogat\u00e1s, amit \u00e9rezhetsz (\u00e9s \u00e9lvezhetsz)<\/p>\n<p>&nbsp;<\/p>\n<div id=\"v1ms-outlook-mobile-body-separator-line\" dir=\"auto\"><\/div>","protected":false},"excerpt":{"rendered":"<p>El sujetador Selene modelo Fabiola est\u00e1 pensado para cuando quieres comodidad de verdad sin renunciar a una silueta bonita. Lleva aros y copa spacer, un tejido t\u00e9cnico que se adapta al pecho con una sensaci\u00f3n ligera y muy agradable, ideal para el d\u00eda a d\u00eda en una tienda de lencer\u00eda donde la clienta busca \u00abme [&hellip;]<\/p>\n","protected":false},"featured_media":982,"comment_status":"open","ping_status":"closed","template":"","meta":{"content-type":""},"product_brand":[55],"product_cat":[26,20],"product_tag":[56,62],"class_list":{"0":"post-931","1":"product","2":"type-product","3":"status-publish","4":"has-post-thumbnail","6":"product_brand-selene","7":"product_cat-con-aros-y-relleno","8":"product_cat-sujetador","9":"product_tag-sujetador","10":"product_tag-sujetador-con-aros-y-rellenos","12":"first","13":"instock","14":"taxable","15":"shipping-taxable","16":"purchasable","17":"product-type-variable"},"supplier_id":null,"supplier_sku":"","barcode":null,"atum_controlled":true,"out_stock_date":null,"out_stock_threshold":null,"inheritable":true,"inbound_stock":null,"stock_on_hold":0,"sold_today":0,"sales_last_days":0,"reserved_stock":null,"customer_returns":null,"warehouse_damage":null,"lost_in_post":null,"other_logs":null,"out_stock_days":0,"lost_sales":0,"has_location":false,"update_date":"2026-01-07T20:01:25","atum_locations":[],"atum_stock_status":"instock","restock_status":false,"low_stock_amount":"","sales_update_date":"2025-08-19T02:35:53","calc_backorders":null,"yoast_head":"<!-- This site is optimized with the Yoast SEO plugin v27.4 - https:\/\/yoast.com\/product\/yoast-seo-wordpress\/ -->\n<title>Sujetador Selene Fabiola - Rosana CL<\/title>\n<meta name=\"robots\" content=\"index, follow, max-snippet:-1, max-image-preview:large, max-video-preview:-1\" \/>\n<link rel=\"canonical\" href=\"https:\/\/rosanacl.com\/hu\/termek\/sujetador-modelo-fabiola\/\" \/>\n<meta property=\"og:locale\" content=\"hu_HU\" \/>\n<meta property=\"og:type\" content=\"article\" \/>\n<meta property=\"og:title\" content=\"Sujetador Selene Fabiola - Rosana CL\" \/>\n<meta property=\"og:description\" content=\"El sujetador Selene modelo Fabiola est\u00e1 pensado para cuando quieres comodidad de verdad sin renunciar a una silueta bonita. Lleva aros y copa spacer, un tejido t\u00e9cnico que se adapta al pecho con una sensaci\u00f3n ligera y muy agradable, ideal para el d\u00eda a d\u00eda en una tienda de lencer\u00eda donde la clienta busca \u00abme [&hellip;]\" \/>\n<meta property=\"og:url\" content=\"https:\/\/rosanacl.com\/hu\/termek\/sujetador-modelo-fabiola\/\" \/>\n<meta property=\"og:site_name\" content=\"Rosana CL\" \/>\n<meta property=\"article:modified_time\" content=\"2026-01-07T20:01:25+00:00\" \/>\n<meta property=\"og:image\" content=\"https:\/\/rosanacl.com\/wp-content\/uploads\/2025\/04\/Sujetador-Selene-modelo-Fabiola_00001.webp\" \/>\n\t<meta property=\"og:image:width\" content=\"1000\" \/>\n\t<meta property=\"og:image:height\" content=\"1000\" \/>\n\t<meta property=\"og:image:type\" content=\"image\/webp\" \/>\n<meta name=\"twitter:card\" content=\"summary_large_image\" \/>\n<meta name=\"twitter:label1\" content=\"Becs\u00fclt olvas\u00e1si id\u0151\" \/>\n\t<meta name=\"twitter:data1\" content=\"2 perc\" \/>\n<script type=\"application\/ld+json\" class=\"yoast-schema-graph\">{\"@context\":\"https:\\\/\\\/schema.org\",\"@graph\":[{\"@type\":\"WebPage\",\"@id\":\"https:\\\/\\\/rosanacl.com\\\/producto\\\/sujetador-modelo-fabiola\\\/\",\"url\":\"https:\\\/\\\/rosanacl.com\\\/producto\\\/sujetador-modelo-fabiola\\\/\",\"name\":\"Sujetador Selene Fabiola - Rosana CL\",\"isPartOf\":{\"@id\":\"https:\\\/\\\/rosanacl.com\\\/ca\\\/#website\"},\"primaryImageOfPage\":{\"@id\":\"https:\\\/\\\/rosanacl.com\\\/producto\\\/sujetador-modelo-fabiola\\\/#primaryimage\"},\"image\":{\"@id\":\"https:\\\/\\\/rosanacl.com\\\/producto\\\/sujetador-modelo-fabiola\\\/#primaryimage\"},\"thumbnailUrl\":\"https:\\\/\\\/rosanacl.com\\\/wp-content\\\/uploads\\\/2025\\\/04\\\/Sujetador-Selene-modelo-Fabiola_00001.webp\",\"datePublished\":\"2025-04-29T18:22:55+00:00\",\"dateModified\":\"2026-01-07T20:01:25+00:00\",\"breadcrumb\":{\"@id\":\"https:\\\/\\\/rosanacl.com\\\/producto\\\/sujetador-modelo-fabiola\\\/#breadcrumb\"},\"inLanguage\":\"hu\",\"potentialAction\":[{\"@type\":\"ReadAction\",\"target\":[\"https:\\\/\\\/rosanacl.com\\\/producto\\\/sujetador-modelo-fabiola\\\/\"]}]},{\"@type\":\"ImageObject\",\"inLanguage\":\"hu\",\"@id\":\"https:\\\/\\\/rosanacl.com\\\/producto\\\/sujetador-modelo-fabiola\\\/#primaryimage\",\"url\":\"https:\\\/\\\/rosanacl.com\\\/wp-content\\\/uploads\\\/2025\\\/04\\\/Sujetador-Selene-modelo-Fabiola_00001.webp\",\"contentUrl\":\"https:\\\/\\\/rosanacl.com\\\/wp-content\\\/uploads\\\/2025\\\/04\\\/Sujetador-Selene-modelo-Fabiola_00001.webp\",\"width\":1000,\"height\":1000},{\"@type\":\"BreadcrumbList\",\"@id\":\"https:\\\/\\\/rosanacl.com\\\/producto\\\/sujetador-modelo-fabiola\\\/#breadcrumb\",\"itemListElement\":[{\"@type\":\"ListItem\",\"position\":1,\"name\":\"Portada\",\"item\":\"https:\\\/\\\/rosanacl.com\\\/ca\\\/\"},{\"@type\":\"ListItem\",\"position\":2,\"name\":\"Tienda\",\"item\":\"https:\\\/\\\/rosanacl.com\\\/ca\\\/tienda\\\/\"},{\"@type\":\"ListItem\",\"position\":3,\"name\":\"Sujetador Selene Fabiola\"}]},{\"@type\":\"WebSite\",\"@id\":\"https:\\\/\\\/rosanacl.com\\\/ca\\\/#website\",\"url\":\"https:\\\/\\\/rosanacl.com\\\/ca\\\/\",\"name\":\"Rosana CL\",\"description\":\"Somos tu interior\",\"potentialAction\":[{\"@type\":\"SearchAction\",\"target\":{\"@type\":\"EntryPoint\",\"urlTemplate\":\"https:\\\/\\\/rosanacl.com\\\/ca\\\/?s={search_term_string}\"},\"query-input\":{\"@type\":\"PropertyValueSpecification\",\"valueRequired\":true,\"valueName\":\"search_term_string\"}}],\"inLanguage\":\"hu\"}]}<\/script>\n<!-- \/ Yoast SEO plugin. -->","yoast_head_json":{"title":"Sujetador Selene Fabiola - Rosana CL","robots":{"index":"index","follow":"follow","max-snippet":"max-snippet:-1","max-image-preview":"max-image-preview:large","max-video-preview":"max-video-preview:-1"},"canonical":"https:\/\/rosanacl.com\/hu\/termek\/sujetador-modelo-fabiola\/","og_locale":"hu_HU","og_type":"article","og_title":"Sujetador Selene Fabiola - Rosana CL","og_description":"El sujetador Selene modelo Fabiola est\u00e1 pensado para cuando quieres comodidad de verdad sin renunciar a una silueta bonita. Lleva aros y copa spacer, un tejido t\u00e9cnico que se adapta al pecho con una sensaci\u00f3n ligera y muy agradable, ideal para el d\u00eda a d\u00eda en una tienda de lencer\u00eda donde la clienta busca \u00abme [&hellip;]","og_url":"https:\/\/rosanacl.com\/hu\/termek\/sujetador-modelo-fabiola\/","og_site_name":"Rosana CL","article_modified_time":"2026-01-07T20:01:25+00:00","og_image":[{"width":1000,"height":1000,"url":"https:\/\/rosanacl.com\/wp-content\/uploads\/2025\/04\/Sujetador-Selene-modelo-Fabiola_00001.webp","type":"image\/webp"}],"twitter_card":"summary_large_image","twitter_misc":{"Becs\u00fclt olvas\u00e1si id\u0151":"2 perc"},"schema":{"@context":"https:\/\/schema.org","@graph":[{"@type":"WebPage","@id":"https:\/\/rosanacl.com\/producto\/sujetador-modelo-fabiola\/","url":"https:\/\/rosanacl.com\/producto\/sujetador-modelo-fabiola\/","name":"Sujetador Selene Fabiola - Rosana CL","isPartOf":{"@id":"https:\/\/rosanacl.com\/ca\/#website"},"primaryImageOfPage":{"@id":"https:\/\/rosanacl.com\/producto\/sujetador-modelo-fabiola\/#primaryimage"},"image":{"@id":"https:\/\/rosanacl.com\/producto\/sujetador-modelo-fabiola\/#primaryimage"},"thumbnailUrl":"https:\/\/rosanacl.com\/wp-content\/uploads\/2025\/04\/Sujetador-Selene-modelo-Fabiola_00001.webp","datePublished":"2025-04-29T18:22:55+00:00","dateModified":"2026-01-07T20:01:25+00:00","breadcrumb":{"@id":"https:\/\/rosanacl.com\/producto\/sujetador-modelo-fabiola\/#breadcrumb"},"inLanguage":"hu","potentialAction":[{"@type":"ReadAction","target":["https:\/\/rosanacl.com\/producto\/sujetador-modelo-fabiola\/"]}]},{"@type":"ImageObject","inLanguage":"hu","@id":"https:\/\/rosanacl.com\/producto\/sujetador-modelo-fabiola\/#primaryimage","url":"https:\/\/rosanacl.com\/wp-content\/uploads\/2025\/04\/Sujetador-Selene-modelo-Fabiola_00001.webp","contentUrl":"https:\/\/rosanacl.com\/wp-content\/uploads\/2025\/04\/Sujetador-Selene-modelo-Fabiola_00001.webp","width":1000,"height":1000},{"@type":"BreadcrumbList","@id":"https:\/\/rosanacl.com\/producto\/sujetador-modelo-fabiola\/#breadcrumb","itemListElement":[{"@type":"ListItem","position":1,"name":"Portada","item":"https:\/\/rosanacl.com\/ca\/"},{"@type":"ListItem","position":2,"name":"Tienda","item":"https:\/\/rosanacl.com\/ca\/tienda\/"},{"@type":"ListItem","position":3,"name":"Sujetador Selene Fabiola"}]},{"@type":"WebSite","@id":"https:\/\/rosanacl.com\/ca\/#website","url":"https:\/\/rosanacl.com\/ca\/","name":"Rosana CL","description":"Mi vagyunk a bels\u0151 \u00e9ned","potentialAction":[{"@type":"SearchAction","target":{"@type":"EntryPoint","urlTemplate":"https:\/\/rosanacl.com\/ca\/?s={search_term_string}"},"query-input":{"@type":"PropertyValueSpecification","valueRequired":true,"valueName":"search_term_string"}}],"inLanguage":"hu"}]}},"_links":{"self":[{"href":"https:\/\/rosanacl.com\/hu\/wp-json\/wp\/v2\/product\/931","targetHints":{"allow":["GET"]}}],"collection":[{"href":"https:\/\/rosanacl.com\/hu\/wp-json\/wp\/v2\/product"}],"about":[{"href":"https:\/\/rosanacl.com\/hu\/wp-json\/wp\/v2\/types\/product"}],"replies":[{"embeddable":true,"href":"https:\/\/rosanacl.com\/hu\/wp-json\/wp\/v2\/comments?post=931"}],"version-history":[{"count":5,"href":"https:\/\/rosanacl.com\/hu\/wp-json\/wp\/v2\/product\/931\/revisions"}],"predecessor-version":[{"id":4613,"href":"https:\/\/rosanacl.com\/hu\/wp-json\/wp\/v2\/product\/931\/revisions\/4613"}],"wp:featuredmedia":[{"embeddable":true,"href":"https:\/\/rosanacl.com\/hu\/wp-json\/wp\/v2\/media\/982"}],"wp:attachment":[{"href":"https:\/\/rosanacl.com\/hu\/wp-json\/wp\/v2\/media?parent=931"}],"wp:term":[{"taxonomy":"product_brand","embeddable":true,"href":"https:\/\/rosanacl.com\/hu\/wp-json\/wp\/v2\/product_brand?post=931"},{"taxonomy":"product_cat","embeddable":true,"href":"https:\/\/rosanacl.com\/hu\/wp-json\/wp\/v2\/product_cat?post=931"},{"taxonomy":"product_tag","embeddable":true,"href":"https:\/\/rosanacl.com\/hu\/wp-json\/wp\/v2\/product_tag?post=931"}],"curies":[{"name":"wp","href":"https:\/\/api.w.org\/{rel}","templated":true}]}}