{"id":16,"date":"2025-03-28T15:59:16","date_gmt":"2025-03-28T18:59:16","guid":{"rendered":"https:\/\/innovacon.simplificandotuweb.com\/?page_id=16"},"modified":"2025-07-09T08:54:15","modified_gmt":"2025-07-09T06:54:15","slug":"politica-de-cookies","status":"publish","type":"page","link":"https:\/\/rosanacl.com\/is\/politica-de-cookies\/","title":{"rendered":"Vafrak\u00f6kustefna"},"content":{"rendered":"<div data-elementor-type=\"wp-page\" data-elementor-id=\"16\" class=\"elementor elementor-16\" data-elementor-post-type=\"page\">\n\t\t\t\t<div class=\"elementor-element elementor-element-3406fa7 e-flex e-con-boxed e-con e-parent\" data-id=\"3406fa7\" data-element_type=\"container\" data-e-type=\"container\" data-settings=\"{&quot;background_background&quot;:&quot;classic&quot;}\">\n\t\t\t\t\t<div class=\"e-con-inner\">\n\t\t<div class=\"elementor-element elementor-element-d212998 e-con-full e-flex e-con e-child\" data-id=\"d212998\" data-element_type=\"container\" data-e-type=\"container\">\n\t\t\t\t<div class=\"elementor-element elementor-element-973e9ce elementor-widget elementor-widget-heading\" data-id=\"973e9ce\" data-element_type=\"widget\" data-e-type=\"widget\" data-widget_type=\"heading.default\">\n\t\t\t\t<div class=\"elementor-widget-container\">\n\t\t\t\t\t<h2 class=\"elementor-heading-title elementor-size-default\">Vafrak\u00f6kustefna<\/h2>\t\t\t\t<\/div>\n\t\t\t\t<\/div>\n\t\t\t\t<\/div>\n\t\t\t\t\t<\/div>\n\t\t\t\t<\/div>\n\t\t<div class=\"elementor-element elementor-element-504b4f4d e-flex e-con-boxed e-con e-parent\" data-id=\"504b4f4d\" data-element_type=\"container\" data-e-type=\"container\">\n\t\t\t\t\t<div class=\"e-con-inner\">\n\t\t\t\t<div class=\"elementor-element elementor-element-36706845 elementor-widget elementor-widget-text-editor\" data-id=\"36706845\" data-element_type=\"widget\" data-e-type=\"widget\" data-widget_type=\"text-editor.default\">\n\t\t\t\t<div class=\"elementor-widget-container\">\n\t\t\t\t\t\t\t\t\t\n<p>\u00deessi stefnu um notkun vafrak\u00f6ku var s\u00ed\u00f0ast uppf\u00e6r\u00f0 08\/01\/2024 og gildir um r\u00edkisborgara og l\u00f6glega b\u00fasetta innan Evr\u00f3pska efnahagssv\u00e6\u00f0isins og Sviss.<\/p>\n\n<p><strong>1. Inngangur<\/strong><\/p>\n\n<p>Vefs\u00ed\u00f0a okkar, <a href=\"https:\/\/rosanacl.com\/is\/\">https:\/\/rosanacl.com\/<\/a> (h\u00e9r eftir: \u201evefs\u00ed\u00f0an\u201c) notar vafrak\u00f6kur og a\u00f0ra tengda t\u00e6kni (til \u00fe\u00e6ginda eru allar t\u00e6knilegar a\u00f0fer\u00f0ir nefndar \u201evafrak\u00f6kur\u201c). Vafrak\u00f6kur eru einnig settar inn af \u00feri\u00f0ja a\u00f0ila sem vi\u00f0 h\u00f6fum r\u00e1\u00f0i\u00f0 til samstarfs. \u00cd eftirfarandi skjali uppl\u00fdsum vi\u00f0 \u00feig um notkun vafrak\u00f6kna \u00e1 vefs\u00ed\u00f0u okkar.<\/p>\n\n<p><strong>2. Hva\u00f0 eru sm\u00e1k\u00f6kur?<\/strong><\/p>\n\n<p>Vafrak\u00f6kur eru l\u00edtil skr\u00e1 sem er send me\u00f0 s\u00ed\u00f0um af \u00feessari vefs\u00ed\u00f0u og geymd af vafrann \u00feinn \u00e1 har\u00f0a diskinum \u00ed t\u00f6lvunni \u00feinni e\u00f0a \u00f6\u00f0ru t\u00e6ki. Geymdar uppl\u00fdsingar geta veri\u00f0 sendar aftur til net\u00fej\u00f3na okkar e\u00f0a vi\u00f0eigandi net\u00fej\u00f3na \u00feri\u00f0ja a\u00f0ila vi\u00f0 s\u00ed\u00f0ari heims\u00f3kn.<\/p>\n\n<p><strong>3. Hva\u00f0 eru handrit?<\/strong><\/p>\n\n<p>Forrit er forritak\u00f3\u00f0i sem nota\u00f0ur er til a\u00f0 l\u00e1ta vefs\u00ed\u00f0u okkar virka r\u00e9tt og gagnvirkt. \u00deessi k\u00f3\u00f0i keyrir \u00e1 net\u00fej\u00f3ni okkar e\u00f0a \u00e1 t\u00e6kinu \u00fe\u00ednu.<\/p>\n\n<p><strong>4. Hva\u00f0 er vefmerki?<\/strong><\/p>\n\n<p>Vefmerki (e\u00f0a pixlamerki) er l\u00edtill, \u00f3s\u00fdnilegur texti e\u00f0a mynd \u00e1 vefs\u00ed\u00f0u sem er nota\u00f0ur til a\u00f0 fylgjast me\u00f0 umfer\u00f0 \u00e1 vefs\u00ed\u00f0unni. Til a\u00f0 gera \u00feetta eru \u00fdmsar uppl\u00fdsingar um \u00feig geymdar me\u00f0 \u00feessum vefmerkjum.<\/p>\n\n<p><strong>5. Sm\u00e1k\u00f6kur<\/strong><\/p>\n\n<p><strong>5.1 T\u00e6knilegar e\u00f0a virknilegar vafrak\u00f6kur<\/strong><\/p>\n\n<p>Sumar vafrak\u00f6kur tryggja a\u00f0 \u00e1kve\u00f0nir hlutar vefs\u00ed\u00f0unnar virki r\u00e9tt og a\u00f0 notendastillingar \u00fe\u00ednar s\u00e9u muna\u00f0ar. Me\u00f0 \u00fev\u00ed a\u00f0 setja virknivafrak\u00f6kur au\u00f0veldum vi\u00f0 \u00fe\u00e9r a\u00f0 heims\u00e6kja vefs\u00ed\u00f0u okkar. \u00deannig \u00fearftu ekki a\u00f0 sl\u00e1 inn s\u00f6mu uppl\u00fdsingarnar \u00edtreka\u00f0 \u00feegar \u00fe\u00fa heims\u00e6kir vefs\u00ed\u00f0u okkar og til d\u00e6mis eru v\u00f6rur geymdar \u00ed innkaupak\u00f6rfunni \u00feinni \u00fear til \u00fe\u00fa hefur loki\u00f0 vi\u00f0 a\u00f0 ganga fr\u00e1 kaupunum. Vi\u00f0 getum sett \u00feessar vafrak\u00f6kur \u00e1n \u00fe\u00edns sam\u00feykkis.<\/p>\n\n<p><strong>5.2 Marka\u00f0ssetningar-\/rakningark\u00f6kur<\/strong><\/p>\n\n<p>Marka\u00f0s-\/rakningark\u00f6kur eru vafrak\u00f6kur, e\u00f0a \u00f6nnur tegund sta\u00f0bundinnar geymslu, sem nota\u00f0ar eru til a\u00f0 b\u00faa til notendasni\u00f0 \u00ed \u00feeim tilgangi a\u00f0 birta augl\u00fdsingar e\u00f0a til a\u00f0 rekja notandann \u00e1 \u00feessari vefs\u00ed\u00f0u e\u00f0a \u00e1 m\u00f6rgum vefs\u00ed\u00f0um \u00ed svipu\u00f0um marka\u00f0ssetningartilgangi.<\/p>\n\n<p><strong>6. Nota\u00f0ar vafrak\u00f6kur<\/strong><\/p>\n\n<ul class=\"wp-block-list\">\n<li>Elementor \u2013 T\u00f6lfr\u00e6\u00f0i (nafnlaust)<\/li>\n<li>Sam\u00feykki fyrir \u00fej\u00f3nustu\u00fe\u00e6tti<\/li>\n<li>WordPress \u2013 Virkni<\/li>\n<li>Sam\u00feykki fyrir \u00fej\u00f3nustu WordPress<\/li>\n<li>\u00ddmislegt \u2013 Tilgangur \u00ed vinnslu<\/li>\n<li>Sam\u00feykki fyrir \u00fej\u00f3nustu \u00fdmiss konar<\/li>\n<\/ul>\n\n<p><strong>7. Sam\u00feykki<\/strong><\/p>\n\n<p>\u00deegar \u00fe\u00fa heims\u00e6kir vefs\u00ed\u00f0u okkar \u00ed fyrsta skipti birtist sprettigluggi me\u00f0 \u00fatsk\u00fdringum \u00e1 vafrak\u00f6kum. Um lei\u00f0 og \u00fe\u00fa smellir \u00e1 \u201eVista stillingar\u201c sam\u00feykkir \u00fe\u00fa a\u00f0 vi\u00f0 notum \u00fe\u00e1 flokka vafrak\u00f6ku og vi\u00f0b\u00f3ta sem \u00fe\u00fa valdir \u00ed sprettiglugganum, eins og l\u00fdst er \u00ed \u00feessari stefnu um vafrak\u00f6kur. \u00de\u00fa getur sl\u00f6kkt \u00e1 notkun vafrak\u00f6ku \u00ed vafrann \u00feinn, en vinsamlegast athuga\u00f0u a\u00f0 vefs\u00ed\u00f0an okkar g\u00e6ti ekki lengur virka\u00f0 r\u00e9tt.<\/p>\n\n<p><strong>7.1 Stj\u00f3rna sam\u00feykkisstillingum \u00fe\u00ednum<\/strong><\/p>\n\n<ul class=\"wp-block-list\">\n<li>Virkur \u2013 Alltaf virkur<\/li>\n<li>Marka\u00f0ssetning \u2013 Marka\u00f0ssetning<\/li>\n<\/ul>\n\n<p><strong>8. Virkjun\/afvirkjun og ey\u00f0ing vafrak\u00f6ku<\/strong><\/p>\n\n<p>\u00de\u00fa getur nota\u00f0 vafrann \u00feinn til a\u00f0 ey\u00f0a vafrak\u00f6kum sj\u00e1lfkrafa e\u00f0a handvirkt. \u00de\u00fa getur einnig tilgreint a\u00f0 ekki s\u00e9 h\u00e6gt a\u00f0 setja \u00e1kve\u00f0nar vafrak\u00f6kur. Annar m\u00f6guleiki er a\u00f0 breyta stillingum vafrans \u00feannig a\u00f0 \u00fe\u00fa f\u00e1ir skilabo\u00f0 \u00ed hvert skipti sem vafrakaka er sett inn. N\u00e1nari uppl\u00fdsingar um \u00feessa valkosti er a\u00f0 finna \u00ed lei\u00f0beiningunum \u00ed \u201eHj\u00e1lp\u201c hluta vafrans.<\/p>\n\n<p>Vinsamlegast athugi\u00f0 a\u00f0 vefs\u00ed\u00f0a okkar g\u00e6ti ekki virka\u00f0 r\u00e9tt ef allar vafrak\u00f6kur eru \u00f3virkar. Ef \u00fe\u00fa ey\u00f0ir vafrak\u00f6kum \u00far vafranum \u00fe\u00ednum ver\u00f0a \u00fe\u00e6r settar aftur inn eftir sam\u00feykki \u00feitt \u00feegar \u00fe\u00fa heims\u00e6kir vefs\u00ed\u00f0ur okkar aftur.<\/p>\n\n<p><strong>9. R\u00e9ttindi \u00fe\u00edn var\u00f0andi pers\u00f3nuuppl\u00fdsingar<\/strong><\/p>\n\n<ul class=\"wp-block-list\">\n<li>\u00de\u00fa \u00e1tt r\u00e9tt \u00e1 a\u00f0 vita hvers vegna pers\u00f3nuuppl\u00fdsingar \u00fe\u00ednar eru nau\u00f0synlegar, hva\u00f0 ver\u00f0ur um \u00fe\u00e6r og hversu lengi \u00fe\u00e6r ver\u00f0a geymdar.<\/li>\n<li>R\u00e9ttur til a\u00f0gangs: \u00de\u00fa hefur r\u00e9tt til a\u00f0gangs a\u00f0 pers\u00f3nuuppl\u00fdsingum sem vi\u00f0 geymum um \u00feig.<\/li>\n<li>R\u00e9ttur til lei\u00f0r\u00e9ttingar: \u00de\u00fa hefur r\u00e9tt til a\u00f0 lj\u00faka, lei\u00f0r\u00e9tta, ey\u00f0a e\u00f0a loka fyrir pers\u00f3nuuppl\u00fdsingar \u00fe\u00ednar hven\u00e6r sem \u00fe\u00fa vilt.<\/li>\n<li>Ef \u00fe\u00fa veitir okkur sam\u00feykki \u00feitt fyrir vinnslu gagna um \u00feig, hefur \u00fe\u00fa r\u00e9tt til a\u00f0 afturkalla \u00fea\u00f0 sam\u00feykki og l\u00e1ta ey\u00f0a pers\u00f3nuuppl\u00fdsingum \u00fe\u00ednum.<\/li>\n<li>R\u00e9ttur til a\u00f0 flytja g\u00f6gnin \u00fe\u00edn: \u00de\u00fa hefur r\u00e9tt til a\u00f0 \u00f3ska eftir \u00f6llum pers\u00f3nuuppl\u00fdsingum \u00fe\u00ednum fr\u00e1 \u00e1byrg\u00f0ara\u00f0ila gagna og flytja \u00fe\u00e6r a\u00f0 fullu til annars \u00e1byrg\u00f0ara\u00f0ila gagna.<\/li>\n<li>R\u00e9ttur til andm\u00e6la: \u00de\u00fa getur andm\u00e6lt vinnslu gagna \u00feinna. Vi\u00f0 f\u00f6rum eftir \u00feessu nema gildar \u00e1st\u00e6\u00f0ur s\u00e9u fyrir vinnslunni.<\/li>\n<\/ul>\n\n<p>Til a\u00f0 n\u00fdta \u00feessi r\u00e9ttindi, vinsamlegast hafi\u00f0 samband vi\u00f0 okkur. Sj\u00e1 n\u00e1nari uppl\u00fdsingar um tengili\u00f0i ne\u00f0st \u00ed \u00feessari stefnu um notkun vafrak\u00f6ku. Ef \u00fe\u00fa hefur einhverjar kvartanir var\u00f0andi me\u00f0h\u00f6ndlun okkar \u00e1 g\u00f6gnum \u00fe\u00ednum, viljum vi\u00f0 gjarnan heyra fr\u00e1 \u00fe\u00e9r, en \u00fe\u00fa hefur einnig r\u00e9tt til a\u00f0 leggja fram kv\u00f6rtun til eftirlitsyfirvaldsins (Pers\u00f3nuverndarstofnunarinnar).<\/p>\n\n<p><strong>10. Tengili\u00f0auppl\u00fdsingar<\/strong><\/p>\n\n<p>Ef \u00fe\u00fa hefur spurningar og\/e\u00f0a athugasemdir var\u00f0andi stefnu okkar um vafrak\u00f6kur og \u00feessa yfirl\u00fdsingu, vinsamlegast haf\u00f0u samband vi\u00f0 okkur me\u00f0 eftirfarandi samskiptauppl\u00fdsingum:<\/p>\n\n<ul class=\"wp-block-list\">\n<li>Fyrirt\u00e6ki: Pablo Angulo Maspons<\/li>\n<li>\u00cdb\u00faafj\u00f6ldi: Vinaroz, Sp\u00e1nn<\/li>\n<li>S\u00edmi: 613395013<\/li>\n<li>P\u00f3stur:<a href=\"mailto:info@rosanacl.com\"> info@rosanacl.com<\/a>\u00a0<\/li>\n<\/ul>\n\n<p>\u00deessi vafrak\u00f6kustefna hefur veri\u00f0 samstillt vi\u00f0 <a href=\"https:\/\/cookiedatabase.org\">cookiedatabase.org<\/a> 08\/01\/2024.<\/p>\n\n<p>\u00a0<\/p>\t\t\t\t\t\t\t\t<\/div>\n\t\t\t\t<\/div>\n\t\t\t\t\t<\/div>\n\t\t\t\t<\/div>\n\t\t\t\t<\/div>","protected":false},"excerpt":{"rendered":"<p>Esta pol\u00edtica de cookies fue actualizada por \u00faltima vez el 08\/01\/2024 y se aplica a los ciudadanos y residentes legales permanentes del Espacio Econ\u00f3mico Europeo y Suiza. 1. Introducci\u00f3n Nuestra web, https:\/\/rosanacl.com\/ (en adelante: \u00abla web\u00bb) utiliza cookies y otras tecnolog\u00edas relacionadas (para mayor comodidad, todas las tecnolog\u00edas se denominan \u00abcookies\u00bb). Las cookies tambi\u00e9n son [&hellip;]<\/p>\n","protected":false},"author":1,"featured_media":0,"parent":0,"menu_order":0,"comment_status":"closed","ping_status":"closed","template":"","meta":{"content-type":"","footnotes":""},"class_list":["post-16","page","type-page","status-publish","hentry"],"yoast_head":"<!-- This site is optimized with the Yoast SEO plugin v27.4 - https:\/\/yoast.com\/product\/yoast-seo-wordpress\/ -->\n<title>Pol\u00edtica de Cookies - Rosana CL<\/title>\n<meta name=\"robots\" content=\"index, follow, max-snippet:-1, max-image-preview:large, max-video-preview:-1\" \/>\n<link rel=\"canonical\" href=\"https:\/\/rosanacl.com\/is\/politica-de-cookies\/\" \/>\n<meta property=\"og:locale\" content=\"is_IS\" \/>\n<meta property=\"og:type\" content=\"article\" \/>\n<meta property=\"og:title\" content=\"Pol\u00edtica de Cookies - Rosana CL\" \/>\n<meta property=\"og:description\" content=\"Esta pol\u00edtica de cookies fue actualizada por \u00faltima vez el 08\/01\/2024 y se aplica a los ciudadanos y residentes legales permanentes del Espacio Econ\u00f3mico Europeo y Suiza. 1. Introducci\u00f3n Nuestra web, https:\/\/rosanacl.com\/ (en adelante: \u00abla web\u00bb) utiliza cookies y otras tecnolog\u00edas relacionadas (para mayor comodidad, todas las tecnolog\u00edas se denominan \u00abcookies\u00bb). Las cookies tambi\u00e9n son [&hellip;]\" \/>\n<meta property=\"og:url\" content=\"https:\/\/rosanacl.com\/is\/politica-de-cookies\/\" \/>\n<meta property=\"og:site_name\" content=\"Rosana CL\" \/>\n<meta property=\"article:modified_time\" content=\"2025-07-09T06:54:15+00:00\" \/>\n<meta name=\"twitter:card\" content=\"summary_large_image\" \/>\n<meta name=\"twitter:label1\" content=\"Est. reading time\" \/>\n\t<meta name=\"twitter:data1\" content=\"4 minutes\" \/>\n<script type=\"application\/ld+json\" class=\"yoast-schema-graph\">{\"@context\":\"https:\\\/\\\/schema.org\",\"@graph\":[{\"@type\":\"WebPage\",\"@id\":\"https:\\\/\\\/rosanacl.com\\\/eu\\\/politica-de-cookies\\\/\",\"url\":\"https:\\\/\\\/rosanacl.com\\\/eu\\\/politica-de-cookies\\\/\",\"name\":\"Pol\u00edtica de Cookies - Rosana CL\",\"isPartOf\":{\"@id\":\"https:\\\/\\\/rosanacl.com\\\/ca\\\/#website\"},\"datePublished\":\"2025-03-28T18:59:16+00:00\",\"dateModified\":\"2025-07-09T06:54:15+00:00\",\"breadcrumb\":{\"@id\":\"https:\\\/\\\/rosanacl.com\\\/eu\\\/politica-de-cookies\\\/#breadcrumb\"},\"inLanguage\":\"is\",\"potentialAction\":[{\"@type\":\"ReadAction\",\"target\":[\"https:\\\/\\\/rosanacl.com\\\/eu\\\/politica-de-cookies\\\/\"]}]},{\"@type\":\"BreadcrumbList\",\"@id\":\"https:\\\/\\\/rosanacl.com\\\/eu\\\/politica-de-cookies\\\/#breadcrumb\",\"itemListElement\":[{\"@type\":\"ListItem\",\"position\":1,\"name\":\"Portada\",\"item\":\"https:\\\/\\\/rosanacl.com\\\/ca\\\/\"},{\"@type\":\"ListItem\",\"position\":2,\"name\":\"Pol\u00edtica de Cookies\"}]},{\"@type\":\"WebSite\",\"@id\":\"https:\\\/\\\/rosanacl.com\\\/ca\\\/#website\",\"url\":\"https:\\\/\\\/rosanacl.com\\\/ca\\\/\",\"name\":\"Rosana CL\",\"description\":\"Somos tu interior\",\"potentialAction\":[{\"@type\":\"SearchAction\",\"target\":{\"@type\":\"EntryPoint\",\"urlTemplate\":\"https:\\\/\\\/rosanacl.com\\\/ca\\\/?s={search_term_string}\"},\"query-input\":{\"@type\":\"PropertyValueSpecification\",\"valueRequired\":true,\"valueName\":\"search_term_string\"}}],\"inLanguage\":\"is\"}]}<\/script>\n<!-- \/ Yoast SEO plugin. -->","yoast_head_json":{"title":"Pol\u00edtica de Cookies - Rosana CL","robots":{"index":"index","follow":"follow","max-snippet":"max-snippet:-1","max-image-preview":"max-image-preview:large","max-video-preview":"max-video-preview:-1"},"canonical":"https:\/\/rosanacl.com\/is\/politica-de-cookies\/","og_locale":"is_IS","og_type":"article","og_title":"Pol\u00edtica de Cookies - Rosana CL","og_description":"Esta pol\u00edtica de cookies fue actualizada por \u00faltima vez el 08\/01\/2024 y se aplica a los ciudadanos y residentes legales permanentes del Espacio Econ\u00f3mico Europeo y Suiza. 1. Introducci\u00f3n Nuestra web, https:\/\/rosanacl.com\/ (en adelante: \u00abla web\u00bb) utiliza cookies y otras tecnolog\u00edas relacionadas (para mayor comodidad, todas las tecnolog\u00edas se denominan \u00abcookies\u00bb). Las cookies tambi\u00e9n son [&hellip;]","og_url":"https:\/\/rosanacl.com\/is\/politica-de-cookies\/","og_site_name":"Rosana CL","article_modified_time":"2025-07-09T06:54:15+00:00","twitter_card":"summary_large_image","twitter_misc":{"Est. reading time":"4 minutes"},"schema":{"@context":"https:\/\/schema.org","@graph":[{"@type":"WebPage","@id":"https:\/\/rosanacl.com\/eu\/politica-de-cookies\/","url":"https:\/\/rosanacl.com\/eu\/politica-de-cookies\/","name":"Pol\u00edtica de Cookies - Rosana CL","isPartOf":{"@id":"https:\/\/rosanacl.com\/ca\/#website"},"datePublished":"2025-03-28T18:59:16+00:00","dateModified":"2025-07-09T06:54:15+00:00","breadcrumb":{"@id":"https:\/\/rosanacl.com\/eu\/politica-de-cookies\/#breadcrumb"},"inLanguage":"is","potentialAction":[{"@type":"ReadAction","target":["https:\/\/rosanacl.com\/eu\/politica-de-cookies\/"]}]},{"@type":"BreadcrumbList","@id":"https:\/\/rosanacl.com\/eu\/politica-de-cookies\/#breadcrumb","itemListElement":[{"@type":"ListItem","position":1,"name":"Portada","item":"https:\/\/rosanacl.com\/ca\/"},{"@type":"ListItem","position":2,"name":"Pol\u00edtica de Cookies"}]},{"@type":"WebSite","@id":"https:\/\/rosanacl.com\/ca\/#website","url":"https:\/\/rosanacl.com\/ca\/","name":"Rosana CL","description":"Vi\u00f0 erum innra sj\u00e1lf \u00feitt","potentialAction":[{"@type":"SearchAction","target":{"@type":"EntryPoint","urlTemplate":"https:\/\/rosanacl.com\/ca\/?s={search_term_string}"},"query-input":{"@type":"PropertyValueSpecification","valueRequired":true,"valueName":"search_term_string"}}],"inLanguage":"is"}]}},"_links":{"self":[{"href":"https:\/\/rosanacl.com\/is\/wp-json\/wp\/v2\/pages\/16","targetHints":{"allow":["GET"]}}],"collection":[{"href":"https:\/\/rosanacl.com\/is\/wp-json\/wp\/v2\/pages"}],"about":[{"href":"https:\/\/rosanacl.com\/is\/wp-json\/wp\/v2\/types\/page"}],"author":[{"embeddable":true,"href":"https:\/\/rosanacl.com\/is\/wp-json\/wp\/v2\/users\/1"}],"replies":[{"embeddable":true,"href":"https:\/\/rosanacl.com\/is\/wp-json\/wp\/v2\/comments?post=16"}],"version-history":[{"count":0,"href":"https:\/\/rosanacl.com\/is\/wp-json\/wp\/v2\/pages\/16\/revisions"}],"wp:attachment":[{"href":"https:\/\/rosanacl.com\/is\/wp-json\/wp\/v2\/media?parent=16"}],"curies":[{"name":"wp","href":"https:\/\/api.w.org\/{rel}","templated":true}]}}