{"id":18,"date":"2025-03-28T16:03:06","date_gmt":"2025-03-28T19:03:06","guid":{"rendered":"https:\/\/innovacon.simplificandotuweb.com\/?page_id=18"},"modified":"2025-08-01T14:33:36","modified_gmt":"2025-08-01T12:33:36","slug":"aviso-legal","status":"publish","type":"page","link":"https:\/\/rosanacl.com\/is\/aviso-legal\/","title":{"rendered":"L\u00f6gleg tilkynning"},"content":{"rendered":"<div data-elementor-type=\"wp-page\" data-elementor-id=\"18\" class=\"elementor elementor-18\" data-elementor-post-type=\"page\">\n\t\t\t\t<div class=\"elementor-element elementor-element-1f18319 e-flex e-con-boxed e-con e-parent\" data-id=\"1f18319\" data-element_type=\"container\" data-e-type=\"container\" data-settings=\"{&quot;background_background&quot;:&quot;classic&quot;}\">\n\t\t\t\t\t<div class=\"e-con-inner\">\n\t\t<div class=\"elementor-element elementor-element-c2acaab e-con-full e-flex e-con e-child\" data-id=\"c2acaab\" data-element_type=\"container\" data-e-type=\"container\">\n\t\t\t\t<div class=\"elementor-element elementor-element-6f29856 elementor-widget elementor-widget-heading\" data-id=\"6f29856\" data-element_type=\"widget\" data-e-type=\"widget\" data-widget_type=\"heading.default\">\n\t\t\t\t<div class=\"elementor-widget-container\">\n\t\t\t\t\t<h2 class=\"elementor-heading-title elementor-size-default\">L\u00f6gleg tilkynning<\/h2>\t\t\t\t<\/div>\n\t\t\t\t<\/div>\n\t\t\t\t<\/div>\n\t\t\t\t\t<\/div>\n\t\t\t\t<\/div>\n\t\t<div class=\"elementor-element elementor-element-7b2ac5e6 e-flex e-con-boxed e-con e-parent\" data-id=\"7b2ac5e6\" data-element_type=\"container\" data-e-type=\"container\">\n\t\t\t\t\t<div class=\"e-con-inner\">\n\t\t\t\t<div class=\"elementor-element elementor-element-2e23d7df elementor-widget elementor-widget-text-editor\" data-id=\"2e23d7df\" data-element_type=\"widget\" data-e-type=\"widget\" data-widget_type=\"text-editor.default\">\n\t\t\t\t<div class=\"elementor-widget-container\">\n\t\t\t\t\t\t\t\t\t\n<p><strong>Gagnastj\u00f3ri<\/strong><\/p>\n\n<p>\u00cd samr\u00e6mi vi\u00f0 uppl\u00fdsingaskyldu sem kve\u00f0i\u00f0 er \u00e1 um \u00ed l\u00f6gum nr. 34\/2002 fr\u00e1 11. j\u00fal\u00ed um \u00fej\u00f3nustu uppl\u00fdsingasamf\u00e9lagsins og rafr\u00e6n vi\u00f0skipti, tilkynnum vi\u00f0 \u00fe\u00e9r a\u00f0 \u00feessi vefs\u00ed\u00f0a er \u00ed eigu:<\/p>\n\n<ul class=\"wp-block-list\">\n<li>Fyrirt\u00e6ki: Pablo Angulo Maspons<\/li>\n<li>Kennitala: 73394866A<\/li>\n<li>\u00cdb\u00faafj\u00f6ldi: Vinaroz, Sp\u00e1nn<\/li>\n<li>S\u00edmi: 613395013<\/li>\n<li>P\u00f3stur: <a href=\"mailto:info@rosanacl.com\">info@rosanacl.com<\/a><a href=\"mailto:info@rosanacl.com\">\u00a0<\/a><\/li>\n<\/ul>\n\n<p><strong>Hlutur<\/strong><\/p>\n\n<p>\u00c1byrg\u00f0ara\u00f0ili gagna l\u00e6tur notendum \u00ed t\u00e9 \u00feetta skjal til a\u00f0 fara a\u00f0 gildandi reglum um gagnavernd og innan ramma n\u00fds regluverks sem komi\u00f0 var \u00e1 f\u00f3t me\u00f0 regluger\u00f0 Evr\u00f3pu\u00feingsins og r\u00e1\u00f0sins (ESB) 2016\/679 fr\u00e1 27. apr\u00edl 2016 um vernd einstaklinga \u00ed tengslum vi\u00f0 vinnslu pers\u00f3nuuppl\u00fdsinga og um frj\u00e1lsa flutning sl\u00edkra uppl\u00fdsinga (h\u00e9r eftir nefnd \u201eGDPR\u201c) og landsl\u00f6gum um vernd pers\u00f3nuuppl\u00fdsinga, sem og til a\u00f0 uppl\u00fdsa alla notendur vefs\u00ed\u00f0unnar um notkunarskilm\u00e1lana. Allir sem fara inn \u00e1 \u00feessa vefs\u00ed\u00f0u taka a\u00f0 s\u00e9r hlutverk notanda og skuldbinda sig til a\u00f0 fylgja og fylgja stranglega \u00e1kv\u00e6\u00f0um sem h\u00e9r eru sett fram, sem og \u00f6\u00f0rum gildandi laga\u00e1kv\u00e6\u00f0um. \u00c1byrg\u00f0ara\u00f0ili gagna \u00e1skilur s\u00e9r r\u00e9tt til a\u00f0 breyta hvers kyns uppl\u00fdsingum sem kunna a\u00f0 birtast \u00e1 vefs\u00ed\u00f0unni, \u00e1n \u00feess a\u00f0 vera skyldugur til a\u00f0 tilkynna notendum um \u00feessar breytingar fyrirfram e\u00f0a uppl\u00fdsa \u00fe\u00e1, en \u00fea\u00f0 er \u00fe\u00f3 skili\u00f0 a\u00f0 birting \u00e1 vefs\u00ed\u00f0u \u00e1byrg\u00f0ara\u00f0ila s\u00e9 n\u00e6gjanleg.<\/p>\n\n<p><strong>\u00c1byrg\u00f0<\/strong><\/p>\n\n<p>Gagnastj\u00f3rinn afsalar s\u00e9r allri \u00e1byrg\u00f0 sem kann a\u00f0 lei\u00f0a af uppl\u00fdsingum sem birtar eru \u00e1 vefs\u00ed\u00f0u hans, a\u00f0 \u00fev\u00ed tilskildu a\u00f0 \u00feessar uppl\u00fdsingar hafi veri\u00f0 breyttar e\u00f0a f\u00e6r\u00f0ar inn af \u00feri\u00f0ja a\u00f0ila sem ekki er tengdur gagnastj\u00f3rinum.<\/p>\n\n<p><strong>IP-t\u00f6lur<\/strong><\/p>\n\n<p>Vef\u00fej\u00f3nar geta sj\u00e1lfkrafa greint IP-t\u00f6lu og l\u00e9nsheiti sem notandinn notar. IP-tala er n\u00famer sem t\u00f6lvu er sj\u00e1lfkrafa \u00fathluta\u00f0 \u00feegar h\u00fan tengist internetinu. Allar \u00feessar uppl\u00fdsingar eru skr\u00e1\u00f0ar \u00ed skr\u00e1\u00f0a virkniskr\u00e1 net\u00fej\u00f3nsins, sem gerir kleift a\u00f0 vinna \u00far g\u00f6gnunum til a\u00f0 f\u00e1 eing\u00f6ngu t\u00f6lfr\u00e6\u00f0ilegar m\u00e6lingar, svo sem fj\u00f6lda s\u00ed\u00f0usko\u00f0ana, fj\u00f6lda heims\u00f3kna \u00e1 vef\u00fej\u00f3nana, r\u00f6\u00f0 heims\u00f3kna, a\u00f0gangssta\u00f0 o.s.frv.<\/p>\n\n<p><strong>Tenglastefnur<\/strong><\/p>\n\n<p>Af \u00feessari vefs\u00ed\u00f0u g\u00e6tir\u00f0u veri\u00f0 v\u00edsa\u00f0 \u00e1 efni \u00e1 vefs\u00ed\u00f0um \u00feri\u00f0ja a\u00f0ila. \u00dear sem gagnastj\u00f3rinn getur ekki alltaf stj\u00f3rna\u00f0 efni sem \u00feri\u00f0ju a\u00f0ilar birta \u00e1 vefs\u00ed\u00f0um s\u00ednum, ber hann enga \u00e1byrg\u00f0 \u00e1 sl\u00edku efni. \u00cd \u00f6llum tilvikum l\u00fdsir gagnastj\u00f3rinn \u00fev\u00ed yfir a\u00f0 hann muni tafarlaust fjarl\u00e6gja allt efni sem kann a\u00f0 brj\u00f3ta gegn landsl\u00f6gum e\u00f0a al\u00fej\u00f3\u00f0al\u00f6gum, si\u00f0fer\u00f0i e\u00f0a allsherjarreglu og muni tafarlaust fjarl\u00e6gja tilv\u00edsunina \u00e1 \u00feessa vefs\u00ed\u00f0u og tilkynna vi\u00f0komandi efni til l\u00f6gb\u00e6rra yfirvalda. Gagnastj\u00f3rinn ber ekki \u00e1byrg\u00f0 \u00e1 uppl\u00fdsingum og efni sem geymt er, \u00fear \u00e1 me\u00f0al en ekki takmarka\u00f0 vi\u00f0, umr\u00e6\u00f0uvettvangi, spjallr\u00e1sir, bloggframlei\u00f0endur, athugasemdir, samf\u00e9lagsmi\u00f0la e\u00f0a a\u00f0ra mi\u00f0la sem gera \u00feri\u00f0ju a\u00f0ilum kleift a\u00f0 birta sj\u00e1lfst\u00e6tt efni \u00e1 vefs\u00ed\u00f0u gagnastj\u00f3rans. Hins vegar, og \u00ed samr\u00e6mi vi\u00f0 \u00e1kv\u00e6\u00f0i 16. gr. laga nr. 34\/2002 fr\u00e1 11. j\u00fal\u00ed um \u00fej\u00f3nustu uppl\u00fdsingasamf\u00e9lagsins og rafr\u00e6n vi\u00f0skipti (LSSI-CE), mun gagnastj\u00f3rinn fjarl\u00e6gja e\u00f0a loka fyrir a\u00f0gang a\u00f0 \u00f6llu efni sem kann a\u00f0 vera \u00f3l\u00f6glegt e\u00f0a brj\u00f3ta gegn r\u00e9ttindum \u00feri\u00f0ja a\u00f0ila, um lei\u00f0 og hann ver\u00f0ur \u00feess var. Samkv\u00e6mt 11. og 16. grein LSSICE (sp\u00e6nsk l\u00f6g um \u00fej\u00f3nustu uppl\u00fdsingasamf\u00e9lagsins og rafr\u00e6n vi\u00f0skipti) gerir gagna\u00e1byrg\u00f0ara\u00f0ilinn sig a\u00f0gengilegan \u00f6llum notendum, yfirv\u00f6ldum og l\u00f6gg\u00e6sluyfirv\u00f6ldum og vinnur virkt a\u00f0 \u00fev\u00ed a\u00f0 fjarl\u00e6gja e\u00f0a, eftir \u00fev\u00ed sem vi\u00f0 \u00e1, loka fyrir allt efni sem g\u00e6ti haft \u00e1hrif \u00e1 e\u00f0a broti\u00f0 gegn innlendum e\u00f0a al\u00fej\u00f3\u00f0legum l\u00f6gum, r\u00e9ttindum \u00feri\u00f0ja a\u00f0ila e\u00f0a almennu si\u00f0fer\u00f0i og reglu. Ef notandi telur a\u00f0 efni \u00e1 vefs\u00ed\u00f0unni geti falli\u00f0 undir \u00feennan flokk er hann be\u00f0inn um a\u00f0 tilkynna \u00fea\u00f0 vefstj\u00f3ra tafarlaust. \u00deessi vefs\u00ed\u00f0a hefur veri\u00f0 yfirfarin og pr\u00f3fu\u00f0 til a\u00f0 tryggja r\u00e9tta virkni hennar. \u00cd meginatri\u00f0um er h\u00e6gt a\u00f0 tryggja r\u00e9tta virkni hennar allan s\u00f3larhringinn, 365 daga \u00e1rsins. Gagna\u00e1byrg\u00f0ara\u00f0ilinn \u00fatilokar \u00fe\u00f3 ekki m\u00f6guleikann \u00e1 forritunarvillum e\u00f0a \u00f3vi\u00f0r\u00e1\u00f0anlegum atbur\u00f0um, svo sem n\u00e1tt\u00faruhamf\u00f6rum, verkf\u00f6llum e\u00f0a svipu\u00f0um a\u00f0st\u00e6\u00f0um, sem g\u00e6tu komi\u00f0 \u00ed veg fyrir a\u00f0gang a\u00f0 vefs\u00ed\u00f0unni.<\/p>\n\n<p><strong>Gagnavernd<\/strong><\/p>\n\n<p>\u00c1byrg\u00f0ara\u00f0ili gagna er sta\u00f0r\u00e1\u00f0inn \u00ed a\u00f0 fylgja gildandi reglum um gagnavernd, innan ramma n\u00fds regluverks sem komi\u00f0 var \u00e1 f\u00f3t me\u00f0 regluger\u00f0 Evr\u00f3pu\u00feingsins og r\u00e1\u00f0sins (ESB) 2016\/679 fr\u00e1 27. apr\u00edl 2016 um vernd einstaklinga \u00ed tengslum vi\u00f0 vinnslu pers\u00f3nuuppl\u00fdsinga og um frj\u00e1lsa flutning sl\u00edkra uppl\u00fdsinga (h\u00e9r eftir nefnd GDPR), og innlendri l\u00f6ggj\u00f6f um vernd pers\u00f3nuuppl\u00fdsinga. Ennfremur uppl\u00fdsir \u00e1byrg\u00f0ara\u00f0ili gagna \u00feig um a\u00f0 hann fylgir l\u00f6gum nr. 34\/2002 fr\u00e1 11. j\u00fal\u00ed um \u00fej\u00f3nustu uppl\u00fdsingasamf\u00e9lagsins og rafr\u00e6n vi\u00f0skipti og mun \u00ed hvert skipti bi\u00f0ja um sam\u00feykki \u00feitt fyrir vinnslu gagna \u00feinna \u00ed marka\u00f0ssetningartilgangi.<\/p>\n\n<p><strong>Hugverkar\u00e9ttur og i\u00f0na\u00f0arr\u00e9ttur<\/strong><\/p>\n\n<p>Vefs\u00ed\u00f0an, \u00fear me\u00f0 tali\u00f0 en ekki takmarka\u00f0 vi\u00f0 forritun, ritstj\u00f3rn, samantekt og a\u00f0ra \u00fe\u00e6tti sem nau\u00f0synlegir eru fyrir rekstur hennar, sem og h\u00f6nnun, l\u00f3g\u00f3, texti og\/e\u00f0a graf\u00edk, eru eign gagna\u00e1byrg\u00f0ara\u00f0ila e\u00f0a, ef vi\u00f0 \u00e1, notu\u00f0 me\u00f0 sk\u00fdru leyfi e\u00f0a heimild vi\u00f0komandi eigenda. Allt efni vefs\u00ed\u00f0unnar er vernda\u00f0 af reglum um hugverkar\u00e9ttindi og i\u00f0na\u00f0arr\u00e9ttindi. \u00d3h\u00e1\u00f0 fyrirhuga\u00f0ri notkun, n\u00fdting, dreifing e\u00f0a marka\u00f0ssetning, a\u00f0 hluta e\u00f0a \u00ed heild, krefst skriflegs leyfis gagna\u00e1byrg\u00f0ara\u00f0ila fyrir afritun, notkun, n\u00fdting, dreifing e\u00f0a marka\u00f0ssetning, a\u00f0 hluta e\u00f0a \u00ed heild. \u00d6ll notkun sem gagna\u00e1byrg\u00f0ara\u00f0ili hefur ekki \u00e1\u00f0ur heimila\u00f0 ver\u00f0ur talin alvarlegt brot \u00e1 hugverkar\u00e9ttindum e\u00f0a i\u00f0na\u00f0arr\u00e9ttindum h\u00f6fundar. H\u00f6nnun, l\u00f3g\u00f3, texti og\/e\u00f0a graf\u00edk sem tilheyra \u00feri\u00f0ja a\u00f0ila og kann a\u00f0 birtast \u00e1 vefs\u00ed\u00f0unni tilheyra vi\u00f0komandi eigendum, sem bera \u00e1byrg\u00f0 \u00e1 \u00f6llum deilum sem kunna a\u00f0 koma upp var\u00f0andi \u00fe\u00e1. \u00cd \u00f6llum tilvikum hefur gagna\u00e1byrg\u00f0ara\u00f0ili fengi\u00f0 sk\u00fdrt leyfi \u00feessara eigenda fyrir fram. Gagna\u00e1byrg\u00f0ara\u00f0ili heimilar \u00feri\u00f0ja a\u00f0ila s\u00e9rstaklega a\u00f0 tengja beint vi\u00f0 tilteki\u00f0 efni \u00e1 vefs\u00ed\u00f0unni, a\u00f0 \u00fev\u00ed tilskildu a\u00f0 \u00feeir tengi einnig vi\u00f0 heimas\u00ed\u00f0u gagna\u00e1byrg\u00f0ara\u00f0ila. \u00c1byrg\u00f0ara\u00f0ili gagna vi\u00f0urkennir vi\u00f0eigandi hugverkar\u00e9ttindi og i\u00f0na\u00f0arr\u00e9ttindi vi\u00f0komandi eigenda, og \u00fea\u00f0 eitt a\u00f0 nefna \u00feau e\u00f0a birta \u00feau \u00e1 vefs\u00ed\u00f0unni gefur ekki til kynna nein r\u00e9ttindi e\u00f0a \u00e1byrg\u00f0 af h\u00e1lfu \u00e1byrg\u00f0ara\u00f0ila gagna, n\u00e9 heldur felur \u00fea\u00f0 \u00ed s\u00e9r \u00e1ritun, styrki e\u00f0a me\u00f0m\u00e6li. Fyrir allar myndir \u00fear sem h\u00f6nnunarhugb\u00fana\u00f0urinn leyfir hafa samsvarandi h\u00f6fundarr\u00e9ttar- og leyfisuppl\u00fdsingar veri\u00f0 teknar me\u00f0. Til a\u00f0 tilkynna hugsanleg brot \u00e1 hugverkar\u00e9ttindum e\u00f0a i\u00f0na\u00f0arr\u00e9ttindum, e\u00f0a til a\u00f0 gera athugasemdir vi\u00f0 efni vefs\u00ed\u00f0unnar, vinsamlegast hafi\u00f0 samband vi\u00f0 okkur \u00e1 eftirfarandi netfangi: <a href=\"mailto:info@rosanacl.com\">info@rosanacl.com<\/a><\/p>\n\n<p>\u00a0<\/p>\n\t\t\t\t\t\t\t\t<\/div>\n\t\t\t\t<\/div>\n\t\t\t\t\t<\/div>\n\t\t\t\t<\/div>\n\t\t\t\t<\/div>","protected":false},"excerpt":{"rendered":"<p>Responsable del tratamiento de los datos En cumplimiento del deber de informaci\u00f3n que establece la Ley La 34\/2002, de 11 de julio, de Servicios de la Sociedad de la Informaci\u00f3n y del Comercio Electr\u00f3nico, le comunicamos que esta web es titularidad de: Objeto El Responsable pone a disposici\u00f3n de los usuarios este documento con el [&hellip;]<\/p>\n","protected":false},"author":1,"featured_media":0,"parent":0,"menu_order":0,"comment_status":"closed","ping_status":"closed","template":"","meta":{"content-type":"","footnotes":""},"class_list":["post-18","page","type-page","status-publish","hentry"],"yoast_head":"<!-- This site is optimized with the Yoast SEO plugin v27.4 - https:\/\/yoast.com\/product\/yoast-seo-wordpress\/ -->\n<title>Aviso Legal - Rosana CL<\/title>\n<meta name=\"robots\" content=\"index, follow, max-snippet:-1, max-image-preview:large, max-video-preview:-1\" \/>\n<link rel=\"canonical\" href=\"https:\/\/rosanacl.com\/is\/aviso-legal\/\" \/>\n<meta property=\"og:locale\" content=\"is_IS\" \/>\n<meta property=\"og:type\" content=\"article\" \/>\n<meta property=\"og:title\" content=\"Aviso Legal - Rosana CL\" \/>\n<meta property=\"og:description\" content=\"Responsable del tratamiento de los datos En cumplimiento del deber de informaci\u00f3n que establece la Ley La 34\/2002, de 11 de julio, de Servicios de la Sociedad de la Informaci\u00f3n y del Comercio Electr\u00f3nico, le comunicamos que esta web es titularidad de: Objeto El Responsable pone a disposici\u00f3n de los usuarios este documento con el [&hellip;]\" \/>\n<meta property=\"og:url\" content=\"https:\/\/rosanacl.com\/is\/aviso-legal\/\" \/>\n<meta property=\"og:site_name\" content=\"Rosana CL\" \/>\n<meta property=\"article:modified_time\" content=\"2025-08-01T12:33:36+00:00\" \/>\n<meta name=\"twitter:card\" content=\"summary_large_image\" \/>\n<meta name=\"twitter:label1\" content=\"Est. reading time\" \/>\n\t<meta name=\"twitter:data1\" content=\"6 minutes\" \/>\n<script type=\"application\/ld+json\" class=\"yoast-schema-graph\">{\"@context\":\"https:\\\/\\\/schema.org\",\"@graph\":[{\"@type\":\"WebPage\",\"@id\":\"https:\\\/\\\/rosanacl.com\\\/aviso-legal\\\/\",\"url\":\"https:\\\/\\\/rosanacl.com\\\/aviso-legal\\\/\",\"name\":\"Aviso Legal - Rosana CL\",\"isPartOf\":{\"@id\":\"https:\\\/\\\/rosanacl.com\\\/ca\\\/#website\"},\"datePublished\":\"2025-03-28T19:03:06+00:00\",\"dateModified\":\"2025-08-01T12:33:36+00:00\",\"breadcrumb\":{\"@id\":\"https:\\\/\\\/rosanacl.com\\\/aviso-legal\\\/#breadcrumb\"},\"inLanguage\":\"is\",\"potentialAction\":[{\"@type\":\"ReadAction\",\"target\":[\"https:\\\/\\\/rosanacl.com\\\/aviso-legal\\\/\"]}]},{\"@type\":\"BreadcrumbList\",\"@id\":\"https:\\\/\\\/rosanacl.com\\\/aviso-legal\\\/#breadcrumb\",\"itemListElement\":[{\"@type\":\"ListItem\",\"position\":1,\"name\":\"Portada\",\"item\":\"https:\\\/\\\/rosanacl.com\\\/ca\\\/\"},{\"@type\":\"ListItem\",\"position\":2,\"name\":\"Aviso Legal\"}]},{\"@type\":\"WebSite\",\"@id\":\"https:\\\/\\\/rosanacl.com\\\/ca\\\/#website\",\"url\":\"https:\\\/\\\/rosanacl.com\\\/ca\\\/\",\"name\":\"Rosana CL\",\"description\":\"Somos tu interior\",\"potentialAction\":[{\"@type\":\"SearchAction\",\"target\":{\"@type\":\"EntryPoint\",\"urlTemplate\":\"https:\\\/\\\/rosanacl.com\\\/ca\\\/?s={search_term_string}\"},\"query-input\":{\"@type\":\"PropertyValueSpecification\",\"valueRequired\":true,\"valueName\":\"search_term_string\"}}],\"inLanguage\":\"is\"}]}<\/script>\n<!-- \/ Yoast SEO plugin. -->","yoast_head_json":{"title":"Aviso Legal - Rosana CL","robots":{"index":"index","follow":"follow","max-snippet":"max-snippet:-1","max-image-preview":"max-image-preview:large","max-video-preview":"max-video-preview:-1"},"canonical":"https:\/\/rosanacl.com\/is\/aviso-legal\/","og_locale":"is_IS","og_type":"article","og_title":"Aviso Legal - Rosana CL","og_description":"Responsable del tratamiento de los datos En cumplimiento del deber de informaci\u00f3n que establece la Ley La 34\/2002, de 11 de julio, de Servicios de la Sociedad de la Informaci\u00f3n y del Comercio Electr\u00f3nico, le comunicamos que esta web es titularidad de: Objeto El Responsable pone a disposici\u00f3n de los usuarios este documento con el [&hellip;]","og_url":"https:\/\/rosanacl.com\/is\/aviso-legal\/","og_site_name":"Rosana CL","article_modified_time":"2025-08-01T12:33:36+00:00","twitter_card":"summary_large_image","twitter_misc":{"Est. reading time":"6 minutes"},"schema":{"@context":"https:\/\/schema.org","@graph":[{"@type":"WebPage","@id":"https:\/\/rosanacl.com\/aviso-legal\/","url":"https:\/\/rosanacl.com\/aviso-legal\/","name":"Aviso Legal - Rosana CL","isPartOf":{"@id":"https:\/\/rosanacl.com\/ca\/#website"},"datePublished":"2025-03-28T19:03:06+00:00","dateModified":"2025-08-01T12:33:36+00:00","breadcrumb":{"@id":"https:\/\/rosanacl.com\/aviso-legal\/#breadcrumb"},"inLanguage":"is","potentialAction":[{"@type":"ReadAction","target":["https:\/\/rosanacl.com\/aviso-legal\/"]}]},{"@type":"BreadcrumbList","@id":"https:\/\/rosanacl.com\/aviso-legal\/#breadcrumb","itemListElement":[{"@type":"ListItem","position":1,"name":"Portada","item":"https:\/\/rosanacl.com\/ca\/"},{"@type":"ListItem","position":2,"name":"Aviso Legal"}]},{"@type":"WebSite","@id":"https:\/\/rosanacl.com\/ca\/#website","url":"https:\/\/rosanacl.com\/ca\/","name":"Rosana CL","description":"Vi\u00f0 erum innra sj\u00e1lf \u00feitt","potentialAction":[{"@type":"SearchAction","target":{"@type":"EntryPoint","urlTemplate":"https:\/\/rosanacl.com\/ca\/?s={search_term_string}"},"query-input":{"@type":"PropertyValueSpecification","valueRequired":true,"valueName":"search_term_string"}}],"inLanguage":"is"}]}},"_links":{"self":[{"href":"https:\/\/rosanacl.com\/is\/wp-json\/wp\/v2\/pages\/18","targetHints":{"allow":["GET"]}}],"collection":[{"href":"https:\/\/rosanacl.com\/is\/wp-json\/wp\/v2\/pages"}],"about":[{"href":"https:\/\/rosanacl.com\/is\/wp-json\/wp\/v2\/types\/page"}],"author":[{"embeddable":true,"href":"https:\/\/rosanacl.com\/is\/wp-json\/wp\/v2\/users\/1"}],"replies":[{"embeddable":true,"href":"https:\/\/rosanacl.com\/is\/wp-json\/wp\/v2\/comments?post=18"}],"version-history":[{"count":0,"href":"https:\/\/rosanacl.com\/is\/wp-json\/wp\/v2\/pages\/18\/revisions"}],"wp:attachment":[{"href":"https:\/\/rosanacl.com\/is\/wp-json\/wp\/v2\/media?parent=18"}],"curies":[{"name":"wp","href":"https:\/\/api.w.org\/{rel}","templated":true}]}}