{"id":2006,"date":"2025-05-23T08:26:39","date_gmt":"2025-05-23T06:26:39","guid":{"rendered":"https:\/\/rosanacl.com\/?page_id=2006"},"modified":"2025-12-14T22:28:46","modified_gmt":"2025-12-14T21:28:46","slug":"politica-de-devolucion","status":"publish","type":"page","link":"https:\/\/rosanacl.com\/is\/politica-de-devolucion\/","title":{"rendered":"Skilareglur"},"content":{"rendered":"<div data-elementor-type=\"wp-page\" data-elementor-id=\"2006\" class=\"elementor elementor-2006\" data-elementor-post-type=\"page\">\n\t\t\t\t<div class=\"elementor-element elementor-element-7a0b207 e-flex e-con-boxed e-con e-parent\" data-id=\"7a0b207\" data-element_type=\"container\" data-e-type=\"container\" data-settings=\"{&quot;background_background&quot;:&quot;classic&quot;}\">\n\t\t\t\t\t<div class=\"e-con-inner\">\n\t\t<div class=\"elementor-element elementor-element-2fcf4bc e-con-full e-flex e-con e-child\" data-id=\"2fcf4bc\" data-element_type=\"container\" data-e-type=\"container\">\n\t\t\t\t<div class=\"elementor-element elementor-element-d10b990 elementor-widget elementor-widget-heading\" data-id=\"d10b990\" data-element_type=\"widget\" data-e-type=\"widget\" data-widget_type=\"heading.default\">\n\t\t\t\t<div class=\"elementor-widget-container\">\n\t\t\t\t\t<h2 class=\"elementor-heading-title elementor-size-default\">Skilareglur<\/h2>\t\t\t\t<\/div>\n\t\t\t\t<\/div>\n\t\t\t\t<\/div>\n\t\t\t\t\t<\/div>\n\t\t\t\t<\/div>\n\t\t<div class=\"elementor-element elementor-element-eca30f2 e-flex e-con-boxed e-con e-parent\" data-id=\"eca30f2\" data-element_type=\"container\" data-e-type=\"container\">\n\t\t\t\t\t<div class=\"e-con-inner\">\n\t\t\t\t<div class=\"elementor-element elementor-element-8328658 elementor-widget elementor-widget-text-editor\" data-id=\"8328658\" data-element_type=\"widget\" data-e-type=\"widget\" data-widget_type=\"text-editor.default\">\n\t\t\t\t<div class=\"elementor-widget-container\">\n\t\t\t\t\t\t\t\t\t<p>\u00deessum skilareglum var s\u00ed\u00f0ast uppf\u00e6rt 23. ma\u00ed 2025 og eiga vi\u00f0 um allar kaup sem ger\u00f0 eru \u00ed gegnum vefs\u00ed\u00f0u okkar: <a href=\"https:\/\/rosanacl.com\/is\/\">https:\/\/rosanacl.com\/<\/a><\/p>\n<p><!-- \/wp:paragraph --><!-- wp:paragraph --><\/p>\n<p><strong>1. R\u00e9ttur til a\u00f0 h\u00e6tta vi\u00f0 kaup<\/strong><\/p>\n<p><!-- \/wp:paragraph --><!-- wp:paragraph --><\/p>\n<p>\u00de\u00fa hefur r\u00e9tt til a\u00f0 h\u00e6tta vi\u00f0 kaupin innan 14 daga fr\u00e1 m\u00f3tt\u00f6ku v\u00f6runnar, \u00e1n \u00feess a\u00f0 gefa upp neinar sk\u00fdringar. Til a\u00f0 n\u00fdta \u00fe\u00e9r \u00feennan r\u00e9tt getur \u00fe\u00fa haft samband vi\u00f0 okkur me\u00f0 \u00fev\u00ed a\u00f0 nota uppl\u00fdsingarnar sem gefnar eru upp \u00ed lok \u00feessara skilm\u00e1la.<\/p>\n<p><!-- \/wp:paragraph --><!-- wp:paragraph --><\/p>\n<p><strong>2. Skilm\u00e1lar um skil<\/strong><\/p>\n<p><!-- \/wp:paragraph --><!-- wp:paragraph --><\/p>\n<p>Til \u00feess a\u00f0 skil \u00e1 v\u00f6ru ver\u00f0i sam\u00feykkt ver\u00f0ur h\u00fan a\u00f0 vera \u00ed fullkomnu \u00e1standi, \u00e1n merkja um notkun e\u00f0a \u00fevott, og innihalda upprunalegar umb\u00fa\u00f0ir, \u00f3skemmdar merkingar og allan fylgihluti e\u00f0a handb\u00e6kur, ef vi\u00f0 \u00e1.<\/p>\n<p><!-- \/wp:paragraph --><!-- wp:paragraph --><\/p>\n<p>Ekki ver\u00f0ur teki\u00f0 vi\u00f0 v\u00f6ruskilum sem uppfylla ekki \u00feessi skilyr\u00f0i e\u00f0a falla undir eftirfarandi flokka:<\/p>\n<p><!-- \/wp:paragraph --><!-- wp:list --><\/p>\n<ul>\n<li>N\u00e6rf\u00f6t (thongs, n\u00e6rbuxur, boxerbuxur, sokkabuxur, magabelti, culotte-buxur, l\u00edkamsf\u00f6t e\u00f0a \u00f6nnur fl\u00edk sem kemst \u00ed snertingu vi\u00f0 n\u00e1in sv\u00e6\u00f0i).<\/li>\n<li>\u00d3innsigla\u00f0ar hreinl\u00e6tis- e\u00f0a heilsuv\u00f6rur.<\/li>\n<li>Pers\u00f3nulegar, skemmanlegar e\u00f0a stafr\u00e6nar v\u00f6rur.<\/li>\n<li>S\u00edlikonbrj\u00f3stahaldarar og baklausir brj\u00f3stahaldarar.<\/li>\n<li>V\u00f6rur \u00e1n umb\u00fa\u00f0a e\u00f0a me\u00f0 brotnum kassa.<\/li>\n<li>Nota\u00f0ar, skemmdar, lita\u00f0ar e\u00f0a \u00f3merktar v\u00f6rur.<\/li>\n<li>Tilkynning um seinka\u00f0 skipti og skil.<\/li>\n<\/ul>\n<p><!-- \/wp:list --><!-- wp:paragraph --><\/p>\n<p>Ef skilyr\u00f0in eru ekki uppfyllt ver\u00f0ur vi\u00f0skiptavininum tilkynnt og v\u00f6ruskilum hafna\u00f0.<\/p>\n<p><!-- \/wp:paragraph --><!-- wp:paragraph --><\/p>\n<p><strong>3. Eru breytingar ger\u00f0ar?<\/strong><\/p>\n<p><!-- \/wp:paragraph --><!-- wp:paragraph --><\/p>\n<p data-start=\"157\" data-end=\"432\"><span style=\"font-size: 1rem;\">J\u00e1, vi\u00f0 t\u00f6kum vi\u00f0 v\u00f6ruskiptum svo framarlega sem \u00fe\u00e6r eru \u00ed fullkomnu \u00e1standi, \u00f3nota\u00f0ar og \u00ed upprunalegum umb\u00fa\u00f0um. Ef \u00fe\u00fa vilt skipta v\u00f6ru fyrir a\u00f0ra (til d\u00e6mis a\u00f0ra st\u00e6r\u00f0, lit e\u00f0a ger\u00f0), vinsamlegast haf\u00f0u samband vi\u00f0 okkur til a\u00f0 skipuleggja skiptin.<\/span><\/p>\n<p data-start=\"157\" data-end=\"432\">\n<\/p><p data-start=\"436\" data-end=\"601\"><span style=\"font-size: 1rem;\">Ef ekki er h\u00e6gt a\u00f0 skipta v\u00f6runni beint getur\u00f0u alltaf n\u00fdtt \u00fe\u00e9r r\u00e9tt \u00feinn til a\u00f0 h\u00e6tta vi\u00f0 kaupin og \u00f3ska\u00f0 eftir endurgrei\u00f0slu \u00ed samr\u00e6mi vi\u00f0 gildandi reglur og eins og fram kemur \u00ed 1. li\u00f0 \u00feessara skilm\u00e1la.<\/span><\/p>\n<p data-start=\"436\" data-end=\"601\">H\u00e6gt er a\u00f0 skipta v\u00f6rum allt a\u00f0 3 d\u00f6gum eftir m\u00f3tt\u00f6ku.<\/p>\n<p><!-- \/wp:paragraph --><!-- wp:paragraph --><\/p>\n<p><strong>4. Skilaferli<\/strong><\/p>\n<p><!-- \/wp:paragraph --><!-- wp:paragraph --><\/p>\n<p>\u00deegar \u00fe\u00fa hefur tilkynnt okkur um a\u00f0 \u00fe\u00fa hyggist skila v\u00f6ru munum vi\u00f0 senda \u00fe\u00e9r lei\u00f0beiningar um hvernig \u00e1 a\u00f0 skila henni.<\/p>\n<p><!-- \/wp:paragraph --><!-- wp:paragraph --><\/p>\n<p>Vi\u00f0skiptavinurinn grei\u00f0ir sendingarkostna\u00f0 vegna skila, sem og annan tengdan kostna\u00f0 eins og tolla, nema varan s\u00e9 g\u00f6llu\u00f0 e\u00f0a vegna mistaka af okkar h\u00e1lfu. \u00cd sl\u00edkum tilfellum munum vi\u00f0 grei\u00f0a kostna\u00f0 vi\u00f0 s\u00f6fnun og skil.<\/p>\n<p><!-- \/wp:paragraph --><!-- wp:paragraph --><\/p>\n<p><strong>5. Endurgrei\u00f0sla<\/strong><\/p>\n<p><!-- \/wp:paragraph --><!-- wp:paragraph --><\/p>\n<p>Eftir a\u00f0 vi\u00f0 h\u00f6fum m\u00f3tteki\u00f0 og sko\u00f0a\u00f0 v\u00f6runa sem skila\u00f0 er munum vi\u00f0 endurgrei\u00f0a hana innan 14 daga. Endurgrei\u00f0slan ver\u00f0ur greidd me\u00f0 s\u00f6mu grei\u00f0slum\u00e1ta og notu\u00f0 var vi\u00f0 kaupin, nema anna\u00f0 s\u00e9 sami\u00f0 um.<\/p>\n<p><!-- \/wp:paragraph --><!-- wp:paragraph --><\/p>\n<p>Endurgrei\u00f0slan fer fram \u00e1 eftirfarandi h\u00e1tt, allt eftir grei\u00f0slum\u00e1ta:<\/p>\n<p><!-- \/wp:paragraph --><!-- wp:list --><\/p>\n<ul>\n<li>Bankakort: inneign \u00e1 tengdan reikning.<\/li>\n<li>Bizum: leggja inn \u00e1 tengdan reikning.<\/li>\n<li>Millif\u00e6rsla: endurgrei\u00f0sla \u00e1 reikninginn sem grei\u00f0slan var ger\u00f0 af.<\/li>\n<\/ul>\n<p><!-- \/wp:list --><!-- wp:paragraph --><\/p>\n<p><strong>6. Galla\u00f0ar v\u00f6rur e\u00f0a villur \u00ed p\u00f6ntuninni<\/strong><\/p>\n<p><!-- \/wp:paragraph --><!-- wp:paragraph --><\/p>\n<p>Ef varan kemur g\u00f6llu\u00f0 e\u00f0a villa kom upp \u00ed p\u00f6ntuninni, vinsamlegast hafi\u00f0 samband vi\u00f0 okkur eins flj\u00f3tt og au\u00f0i\u00f0 er. Vi\u00f0 munum grei\u00f0a allan sendingarkostna\u00f0 og sj\u00e1 um endurgrei\u00f0slu e\u00f0a skipta um v\u00f6runa.<\/p>\n<p><!-- \/wp:paragraph --><!-- wp:paragraph --><\/p>\n<p><strong>7. Sendingarstefna<\/strong><\/p>\n<p>Sendingarkostna\u00f0ur og tollafgrei\u00f0slu sem krafist er vegna skila v\u00f6runnar ver\u00f0ur greiddur af vi\u00f0skiptavininum.<\/p>\n<p data-start=\"92\" data-end=\"137\"><strong data-start=\"92\" data-end=\"137\">R\u00e1\u00f0leggingar \u00e1\u00f0ur en \u00fe\u00fa pantar<\/strong><\/p>\n<p data-start=\"139\" data-end=\"351\">Vi\u00f0 m\u00e6lum me\u00f0 a\u00f0 \u00fe\u00fa sko\u00f0ir st\u00e6r\u00f0irnar vandlega \u00e1\u00f0ur en \u00fe\u00fa l\u00fdkur kaupunum. \u00dea\u00f0 er mikilv\u00e6gt a\u00f0 taka m\u00e1l og bera \u00feau saman vi\u00f0 st\u00e6r\u00f0arlei\u00f0beiningar okkar e\u00f0a reikniv\u00e9l til a\u00f0 tryggja a\u00f0 \u00fe\u00fa veljir \u00feann valkost sem hentar \u00fe\u00e9r best.<\/p>\n<p data-start=\"353\" data-end=\"571\">\u00deannig vinnum vi\u00f0 saman a\u00f0 \u00fev\u00ed a\u00f0 for\u00f0ast \u00f3\u00fearfa skipti e\u00f0a skil, sem ekki a\u00f0eins dregur \u00far sendingar- og skilakostna\u00f0i fyrir vi\u00f0skiptavininn, heldur hj\u00e1lpar einnig til vi\u00f0 a\u00f0 l\u00e1gmarka umhverfis\u00e1hrif.<\/p>\n<p><\/p>\n<p data-start=\"573\" data-end=\"615\">\u00de\u00f6kkum \u00fe\u00e9r fyrir skilninginn og samvinnuna.<\/p>\n<p><!-- \/wp:paragraph --><!-- wp:paragraph --><\/p>\n<p>Vinsamlegast hafi\u00f0 samband vi\u00f0 okkur vegna allra bei\u00f0ni um skil \u00e1 v\u00f6rum:<\/p>\n<p><!-- \/wp:paragraph --><!-- wp:list --><\/p>\n<ul>\n<li>Fyrirt\u00e6ki: Pablo Angulo Maspons<\/li>\n<li>\u00cdb\u00faafj\u00f6ldi: Vinaroz, Sp\u00e1nn<\/li>\n<li>S\u00edmi: 613395013<\/li>\n<li>P\u00f3stur: <a href=\"mailto:info@rosanacl.com\">info@rosanacl.com <\/a><\/li>\n<\/ul>\t\t\t\t\t\t\t\t<\/div>\n\t\t\t\t<\/div>\n\t\t\t\t\t<\/div>\n\t\t\t\t<\/div>\n\t\t\t\t<\/div>","protected":false},"excerpt":{"rendered":"<p>Esta pol\u00edtica de devoluciones fue actualizada por \u00faltima vez el 23\/05\/2025 y se aplica a todas las compras realizadas a trav\u00e9s de nuestra web: https:\/\/rosanacl.com\/ 1. Derecho de desistimiento Tienes derecho a desistir de tu compra dentro de un plazo de 14 d\u00edas naturales desde la recepci\u00f3n del producto, sin necesidad de justificaci\u00f3n. Para ejercer [&hellip;]<\/p>\n","protected":false},"author":1,"featured_media":0,"parent":0,"menu_order":0,"comment_status":"closed","ping_status":"closed","template":"","meta":{"content-type":"","footnotes":""},"class_list":["post-2006","page","type-page","status-publish","hentry"],"yoast_head":"<!-- This site is optimized with the Yoast SEO plugin v27.4 - https:\/\/yoast.com\/product\/yoast-seo-wordpress\/ -->\n<title>Pol\u00edtica de Devoluci\u00f3n - Rosana CL<\/title>\n<meta name=\"robots\" content=\"index, follow, max-snippet:-1, max-image-preview:large, max-video-preview:-1\" \/>\n<link rel=\"canonical\" href=\"https:\/\/rosanacl.com\/is\/politica-de-devolucion\/\" \/>\n<meta property=\"og:locale\" content=\"is_IS\" \/>\n<meta property=\"og:type\" content=\"article\" \/>\n<meta property=\"og:title\" content=\"Pol\u00edtica de Devoluci\u00f3n - Rosana CL\" \/>\n<meta property=\"og:description\" content=\"Esta pol\u00edtica de devoluciones fue actualizada por \u00faltima vez el 23\/05\/2025 y se aplica a todas las compras realizadas a trav\u00e9s de nuestra web: https:\/\/rosanacl.com\/ 1. Derecho de desistimiento Tienes derecho a desistir de tu compra dentro de un plazo de 14 d\u00edas naturales desde la recepci\u00f3n del producto, sin necesidad de justificaci\u00f3n. Para ejercer [&hellip;]\" \/>\n<meta property=\"og:url\" content=\"https:\/\/rosanacl.com\/is\/politica-de-devolucion\/\" \/>\n<meta property=\"og:site_name\" content=\"Rosana CL\" \/>\n<meta property=\"article:modified_time\" content=\"2025-12-14T21:28:46+00:00\" \/>\n<meta name=\"twitter:card\" content=\"summary_large_image\" \/>\n<meta name=\"twitter:label1\" content=\"Est. reading time\" \/>\n\t<meta name=\"twitter:data1\" content=\"3 minutes\" \/>\n<script type=\"application\/ld+json\" class=\"yoast-schema-graph\">{\"@context\":\"https:\\\/\\\/schema.org\",\"@graph\":[{\"@type\":\"WebPage\",\"@id\":\"https:\\\/\\\/rosanacl.com\\\/politica-de-devolucion\\\/\",\"url\":\"https:\\\/\\\/rosanacl.com\\\/politica-de-devolucion\\\/\",\"name\":\"Pol\u00edtica de Devoluci\u00f3n - Rosana CL\",\"isPartOf\":{\"@id\":\"https:\\\/\\\/rosanacl.com\\\/ca\\\/#website\"},\"datePublished\":\"2025-05-23T06:26:39+00:00\",\"dateModified\":\"2025-12-14T21:28:46+00:00\",\"breadcrumb\":{\"@id\":\"https:\\\/\\\/rosanacl.com\\\/politica-de-devolucion\\\/#breadcrumb\"},\"inLanguage\":\"is\",\"potentialAction\":[{\"@type\":\"ReadAction\",\"target\":[\"https:\\\/\\\/rosanacl.com\\\/politica-de-devolucion\\\/\"]}]},{\"@type\":\"BreadcrumbList\",\"@id\":\"https:\\\/\\\/rosanacl.com\\\/politica-de-devolucion\\\/#breadcrumb\",\"itemListElement\":[{\"@type\":\"ListItem\",\"position\":1,\"name\":\"Portada\",\"item\":\"https:\\\/\\\/rosanacl.com\\\/ca\\\/\"},{\"@type\":\"ListItem\",\"position\":2,\"name\":\"Pol\u00edtica de Devoluci\u00f3n\"}]},{\"@type\":\"WebSite\",\"@id\":\"https:\\\/\\\/rosanacl.com\\\/ca\\\/#website\",\"url\":\"https:\\\/\\\/rosanacl.com\\\/ca\\\/\",\"name\":\"Rosana CL\",\"description\":\"Somos tu interior\",\"potentialAction\":[{\"@type\":\"SearchAction\",\"target\":{\"@type\":\"EntryPoint\",\"urlTemplate\":\"https:\\\/\\\/rosanacl.com\\\/ca\\\/?s={search_term_string}\"},\"query-input\":{\"@type\":\"PropertyValueSpecification\",\"valueRequired\":true,\"valueName\":\"search_term_string\"}}],\"inLanguage\":\"is\"}]}<\/script>\n<!-- \/ Yoast SEO plugin. -->","yoast_head_json":{"title":"Skilareglur - Rosana CL","robots":{"index":"index","follow":"follow","max-snippet":"max-snippet:-1","max-image-preview":"max-image-preview:large","max-video-preview":"max-video-preview:-1"},"canonical":"https:\/\/rosanacl.com\/is\/politica-de-devolucion\/","og_locale":"is_IS","og_type":"article","og_title":"Pol\u00edtica de Devoluci\u00f3n - Rosana CL","og_description":"Esta pol\u00edtica de devoluciones fue actualizada por \u00faltima vez el 23\/05\/2025 y se aplica a todas las compras realizadas a trav\u00e9s de nuestra web: https:\/\/rosanacl.com\/ 1. Derecho de desistimiento Tienes derecho a desistir de tu compra dentro de un plazo de 14 d\u00edas naturales desde la recepci\u00f3n del producto, sin necesidad de justificaci\u00f3n. Para ejercer [&hellip;]","og_url":"https:\/\/rosanacl.com\/is\/politica-de-devolucion\/","og_site_name":"Rosana CL","article_modified_time":"2025-12-14T21:28:46+00:00","twitter_card":"summary_large_image","twitter_misc":{"Est. reading time":"3 minutes"},"schema":{"@context":"https:\/\/schema.org","@graph":[{"@type":"WebPage","@id":"https:\/\/rosanacl.com\/politica-de-devolucion\/","url":"https:\/\/rosanacl.com\/politica-de-devolucion\/","name":"Skilareglur - Rosana CL","isPartOf":{"@id":"https:\/\/rosanacl.com\/ca\/#website"},"datePublished":"2025-05-23T06:26:39+00:00","dateModified":"2025-12-14T21:28:46+00:00","breadcrumb":{"@id":"https:\/\/rosanacl.com\/politica-de-devolucion\/#breadcrumb"},"inLanguage":"is","potentialAction":[{"@type":"ReadAction","target":["https:\/\/rosanacl.com\/politica-de-devolucion\/"]}]},{"@type":"BreadcrumbList","@id":"https:\/\/rosanacl.com\/politica-de-devolucion\/#breadcrumb","itemListElement":[{"@type":"ListItem","position":1,"name":"Portada","item":"https:\/\/rosanacl.com\/ca\/"},{"@type":"ListItem","position":2,"name":"Pol\u00edtica de Devoluci\u00f3n"}]},{"@type":"WebSite","@id":"https:\/\/rosanacl.com\/ca\/#website","url":"https:\/\/rosanacl.com\/ca\/","name":"Rosana CL","description":"Vi\u00f0 erum innra sj\u00e1lf \u00feitt","potentialAction":[{"@type":"SearchAction","target":{"@type":"EntryPoint","urlTemplate":"https:\/\/rosanacl.com\/ca\/?s={search_term_string}"},"query-input":{"@type":"PropertyValueSpecification","valueRequired":true,"valueName":"search_term_string"}}],"inLanguage":"is"}]}},"_links":{"self":[{"href":"https:\/\/rosanacl.com\/is\/wp-json\/wp\/v2\/pages\/2006","targetHints":{"allow":["GET"]}}],"collection":[{"href":"https:\/\/rosanacl.com\/is\/wp-json\/wp\/v2\/pages"}],"about":[{"href":"https:\/\/rosanacl.com\/is\/wp-json\/wp\/v2\/types\/page"}],"author":[{"embeddable":true,"href":"https:\/\/rosanacl.com\/is\/wp-json\/wp\/v2\/users\/1"}],"replies":[{"embeddable":true,"href":"https:\/\/rosanacl.com\/is\/wp-json\/wp\/v2\/comments?post=2006"}],"version-history":[{"count":5,"href":"https:\/\/rosanacl.com\/is\/wp-json\/wp\/v2\/pages\/2006\/revisions"}],"predecessor-version":[{"id":4262,"href":"https:\/\/rosanacl.com\/is\/wp-json\/wp\/v2\/pages\/2006\/revisions\/4262"}],"wp:attachment":[{"href":"https:\/\/rosanacl.com\/is\/wp-json\/wp\/v2\/media?parent=2006"}],"curies":[{"name":"wp","href":"https:\/\/api.w.org\/{rel}","templated":true}]}}