{"id":21,"date":"2025-03-28T16:06:23","date_gmt":"2025-03-28T19:06:23","guid":{"rendered":"https:\/\/innovacon.simplificandotuweb.com\/?page_id=21"},"modified":"2025-05-10T02:25:08","modified_gmt":"2025-05-10T00:25:08","slug":"declaracion-de-accesibilidad","status":"publish","type":"page","link":"https:\/\/rosanacl.com\/is\/declaracion-de-accesibilidad\/","title":{"rendered":"Yfirl\u00fdsing um a\u00f0gengi"},"content":{"rendered":"<div data-elementor-type=\"wp-page\" data-elementor-id=\"21\" class=\"elementor elementor-21\" data-elementor-post-type=\"page\">\n\t\t\t\t<div class=\"elementor-element elementor-element-eb41712 e-flex e-con-boxed e-con e-parent\" data-id=\"eb41712\" data-element_type=\"container\" data-e-type=\"container\" data-settings=\"{&quot;background_background&quot;:&quot;classic&quot;}\">\n\t\t\t\t\t<div class=\"e-con-inner\">\n\t\t<div class=\"elementor-element elementor-element-394e804 e-con-full e-flex e-con e-child\" data-id=\"394e804\" data-element_type=\"container\" data-e-type=\"container\">\n\t\t\t\t<div class=\"elementor-element elementor-element-4858173 elementor-widget elementor-widget-heading\" data-id=\"4858173\" data-element_type=\"widget\" data-e-type=\"widget\" data-widget_type=\"heading.default\">\n\t\t\t\t<div class=\"elementor-widget-container\">\n\t\t\t\t\t<h2 class=\"elementor-heading-title elementor-size-default\">Yfirl\u00fdsing um a\u00f0gengi<\/h2>\t\t\t\t<\/div>\n\t\t\t\t<\/div>\n\t\t\t\t<\/div>\n\t\t\t\t\t<\/div>\n\t\t\t\t<\/div>\n\t\t<div class=\"elementor-element elementor-element-3c3c9a51 e-flex e-con-boxed e-con e-parent\" data-id=\"3c3c9a51\" data-element_type=\"container\" data-e-type=\"container\">\n\t\t\t\t\t<div class=\"e-con-inner\">\n\t\t\t\t<div class=\"elementor-element elementor-element-d37677a elementor-widget elementor-widget-text-editor\" data-id=\"d37677a\" data-element_type=\"widget\" data-e-type=\"widget\" data-widget_type=\"text-editor.default\">\n\t\t\t\t<div class=\"elementor-widget-container\">\n\t\t\t\t\t\t\t\t\t\n<p>PABLO ANGULO MASPONS hefur skuldbundi\u00f0 sig til a\u00f0 gera vefs\u00ed\u00f0u s\u00edna a\u00f0gengilega, \u00ed samr\u00e6mi vi\u00f0 konunglega tilskipun 1112\/2018 fr\u00e1 7. september um a\u00f0gengi a\u00f0 vefs\u00ed\u00f0um og fars\u00edmaforritum \u00ed opinbera geiranum. \u00deessi a\u00f0gengisyfirl\u00fdsing \u00e1 vi\u00f0 um \u00feessa vefs\u00ed\u00f0u.<\/p>\n\n<p><strong>Samr\u00e6missta\u00f0a<\/strong><\/p>\n\n<p>\u00deessi vefs\u00ed\u00f0a er \u00fer\u00f3u\u00f0 samkv\u00e6mt RD 1112\/2018<\/p>\n\n<p><strong>Undirb\u00faningur fyrir n\u00e6stu a\u00f0gengisyfirl\u00fdsingu<\/strong><\/p>\n\n<p>\u00deessi yfirl\u00fdsing var ger\u00f0 20. apr\u00edl 2023. A\u00f0fer\u00f0in sem notu\u00f0 var til a\u00f0 gera yfirl\u00fdsinguna var sj\u00e1lfsmat.<\/p>\n\n<p><strong>Athugasemdir og tengili\u00f0auppl\u00fdsingar<\/strong><\/p>\n\n<p>\u00de\u00fa getur komi\u00f0 \u00e1 framf\u00e6ri uppl\u00fdsingum um a\u00f0gengiskr\u00f6fur (grein 10.2.a \u00ed RD 1112\/2018) eins og:<\/p>\n\n<ul class=\"wp-block-list\">\n<li>Tilkynni\u00f0 \u00f6ll hugsanleg brot af \u00feessari vefs\u00ed\u00f0u<\/li>\n\n<li>Senda a\u00f0rar erfi\u00f0leikar vi\u00f0 a\u00f0 f\u00e1 a\u00f0gang a\u00f0 efni<\/li>\n\n<li>Geri\u00f0 allar a\u00f0rar fyrirspurnir e\u00f0a till\u00f6gur a\u00f0 \u00farb\u00f3tum var\u00f0andi a\u00f0gengi vefs\u00ed\u00f0unnar \u00ed gegnum tengili\u00f0sey\u00f0ubla\u00f0i\u00f0 \u00e1 \u00feessari vefs\u00ed\u00f0u e\u00f0a \u00ed gegnum s\u00edman\u00fameri\u00f0\u00a0<\/li>\n<\/ul>\n\n<p>\u00de\u00fa m\u00e1tt kynna:<\/p>\n\n<ul class=\"wp-block-list\">\n<li>Kv\u00f6rtun vegna samr\u00e6mis vi\u00f0 kr\u00f6fur RD 1112\/2018<\/li>\n\n<li>Bei\u00f0ni um a\u00f0gengilegar uppl\u00fdsingar var\u00f0andi:\n<ul class=\"wp-block-list\">\n<li>Efni sem er undanskili\u00f0 gildissvi\u00f0i RD 1112\/2018 samkv\u00e6mt \u00fev\u00ed sem kve\u00f0i\u00f0 er \u00e1 um \u00ed 3. gr., 4. mgr.<\/li>\n\n<li>Efni sem er undan\u00feegi\u00f0 a\u00f0gengiskr\u00f6fum vegna \u00f3h\u00f3flegrar byr\u00f0i<\/li>\n\n<li>\u00cd bei\u00f0ni um a\u00f0gengilegar uppl\u00fdsingar ver\u00f0ur a\u00f0 koma sk\u00fdrt fram sta\u00f0reyndir, \u00e1st\u00e6\u00f0ur og bei\u00f0ni til a\u00f0 s\u00fdna fram \u00e1 a\u00f0 um sanngjarna og l\u00f6gm\u00e6ta bei\u00f0ni s\u00e9 a\u00f0 r\u00e6\u00f0a.<\/li>\n<\/ul>\n<\/li>\n<\/ul>\n\n<p>Kvartanir og kr\u00f6fur var\u00f0andi a\u00f0gengilegar uppl\u00fdsingar ver\u00f0a sendar inn \u00ed gegnum rafr\u00e6na s\u00ed\u00f0una (https:\/\/sede.red.gob.es\/procedimientos\/quejas-y-sugerencias) og ver\u00f0a m\u00f3tteknar og unnar af uppl\u00fdsingakerfisdeild Red.es.<\/p>\n\n<p><strong>Valfrj\u00e1lst efni<\/strong><\/p>\n\n<ul class=\"wp-block-list\">\n<li>Til a\u00f0 breyta leturst\u00e6r\u00f0 \u00ed helstu graf\u00edskum v\u00f6frum skaltu nota eftirfarandi valmyndir:<\/li>\n\n<li>Safari: Sko\u00f0a &gt; St\u00e6kka texta<\/li>\n\n<li>Chrome: Stj\u00f3rna n\u00faverandi s\u00ed\u00f0u &gt; Textast\u00e6r\u00f0<\/li>\n<\/ul>\n\n<p>Til a\u00f0 breyta st\u00e6r\u00f0 alls \u00e1 s\u00ed\u00f0unni:<\/p>\n\n<ul class=\"wp-block-list\">\n<li>Ctrl++ til a\u00f0 st\u00e6kka \u00fea\u00f0<\/li>\n\n<li>Ctrl + \u2013 til a\u00f0 minnka \u00fea\u00f0<\/li>\n\n<li>Ctrl + 0 endurheimtir upprunalega leturst\u00e6r\u00f0<\/li>\n\n<li>Ef \u00fe\u00fa vilt hnekkja st\u00edlbla\u00f0inu e\u00f0a breyta lit textans getur\u00f0u sko\u00f0a\u00f0 s\u00ed\u00f0una Hvernig \u00e1 a\u00f0 breyta st\u00e6r\u00f0 e\u00f0a litum texta \u00e1 WAI, sem m\u00e1 lesa sem Hvernig \u00e1 a\u00f0 breyta st\u00e6r\u00f0 e\u00f0a litum texta?<\/li>\n<\/ul>\n\t\t\t\t\t\t\t\t<\/div>\n\t\t\t\t<\/div>\n\t\t\t\t\t<\/div>\n\t\t\t\t<\/div>\n\t\t\t\t<\/div>","protected":false},"excerpt":{"rendered":"<p>PABLO ANGULO MASPONS se ha comprometido a hacer accesible su sitio web, conforme al Real Decreto 1112\/2018, de 7 de septiembre, sobre accesibilidad de los sitios web y aplicaciones para dispositivos m\u00f3viles del sector p\u00fablico. Esta declaraci\u00f3n de accesibilidad se aplica a esta web. Situaci\u00f3n de cumplimiento Este sitio web est\u00e1 desarrollado seg\u00fan el RD [&hellip;]<\/p>\n","protected":false},"author":1,"featured_media":0,"parent":0,"menu_order":0,"comment_status":"closed","ping_status":"closed","template":"","meta":{"content-type":"","footnotes":""},"class_list":["post-21","page","type-page","status-publish","hentry"],"yoast_head":"<!-- This site is optimized with the Yoast SEO plugin v27.4 - https:\/\/yoast.com\/product\/yoast-seo-wordpress\/ -->\n<title>Declaraci\u00f3n de Accesibilidad - Rosana CL<\/title>\n<meta name=\"robots\" content=\"index, follow, max-snippet:-1, max-image-preview:large, max-video-preview:-1\" \/>\n<link rel=\"canonical\" href=\"https:\/\/rosanacl.com\/is\/declaracion-de-accesibilidad\/\" \/>\n<meta property=\"og:locale\" content=\"is_IS\" \/>\n<meta property=\"og:type\" content=\"article\" \/>\n<meta property=\"og:title\" content=\"Declaraci\u00f3n de Accesibilidad - Rosana CL\" \/>\n<meta property=\"og:description\" content=\"PABLO ANGULO MASPONS se ha comprometido a hacer accesible su sitio web, conforme al Real Decreto 1112\/2018, de 7 de septiembre, sobre accesibilidad de los sitios web y aplicaciones para dispositivos m\u00f3viles del sector p\u00fablico. Esta declaraci\u00f3n de accesibilidad se aplica a esta web. Situaci\u00f3n de cumplimiento Este sitio web est\u00e1 desarrollado seg\u00fan el RD [&hellip;]\" \/>\n<meta property=\"og:url\" content=\"https:\/\/rosanacl.com\/is\/declaracion-de-accesibilidad\/\" \/>\n<meta property=\"og:site_name\" content=\"Rosana CL\" \/>\n<meta property=\"article:modified_time\" content=\"2025-05-10T00:25:08+00:00\" \/>\n<meta name=\"twitter:card\" content=\"summary_large_image\" \/>\n<meta name=\"twitter:label1\" content=\"Est. reading time\" \/>\n\t<meta name=\"twitter:data1\" content=\"2 minutes\" \/>\n<script type=\"application\/ld+json\" class=\"yoast-schema-graph\">{\"@context\":\"https:\\\/\\\/schema.org\",\"@graph\":[{\"@type\":\"WebPage\",\"@id\":\"https:\\\/\\\/rosanacl.com\\\/declaracion-de-accesibilidad\\\/\",\"url\":\"https:\\\/\\\/rosanacl.com\\\/declaracion-de-accesibilidad\\\/\",\"name\":\"Declaraci\u00f3n de Accesibilidad - Rosana CL\",\"isPartOf\":{\"@id\":\"https:\\\/\\\/rosanacl.com\\\/ca\\\/#website\"},\"datePublished\":\"2025-03-28T19:06:23+00:00\",\"dateModified\":\"2025-05-10T00:25:08+00:00\",\"breadcrumb\":{\"@id\":\"https:\\\/\\\/rosanacl.com\\\/declaracion-de-accesibilidad\\\/#breadcrumb\"},\"inLanguage\":\"is\",\"potentialAction\":[{\"@type\":\"ReadAction\",\"target\":[\"https:\\\/\\\/rosanacl.com\\\/declaracion-de-accesibilidad\\\/\"]}]},{\"@type\":\"BreadcrumbList\",\"@id\":\"https:\\\/\\\/rosanacl.com\\\/declaracion-de-accesibilidad\\\/#breadcrumb\",\"itemListElement\":[{\"@type\":\"ListItem\",\"position\":1,\"name\":\"Portada\",\"item\":\"https:\\\/\\\/rosanacl.com\\\/ca\\\/\"},{\"@type\":\"ListItem\",\"position\":2,\"name\":\"Declaraci\u00f3n de Accesibilidad\"}]},{\"@type\":\"WebSite\",\"@id\":\"https:\\\/\\\/rosanacl.com\\\/ca\\\/#website\",\"url\":\"https:\\\/\\\/rosanacl.com\\\/ca\\\/\",\"name\":\"Rosana CL\",\"description\":\"Somos tu interior\",\"potentialAction\":[{\"@type\":\"SearchAction\",\"target\":{\"@type\":\"EntryPoint\",\"urlTemplate\":\"https:\\\/\\\/rosanacl.com\\\/ca\\\/?s={search_term_string}\"},\"query-input\":{\"@type\":\"PropertyValueSpecification\",\"valueRequired\":true,\"valueName\":\"search_term_string\"}}],\"inLanguage\":\"is\"}]}<\/script>\n<!-- \/ Yoast SEO plugin. -->","yoast_head_json":{"title":"Declaraci\u00f3n de Accesibilidad - Rosana CL","robots":{"index":"index","follow":"follow","max-snippet":"max-snippet:-1","max-image-preview":"max-image-preview:large","max-video-preview":"max-video-preview:-1"},"canonical":"https:\/\/rosanacl.com\/is\/declaracion-de-accesibilidad\/","og_locale":"is_IS","og_type":"article","og_title":"Declaraci\u00f3n de Accesibilidad - Rosana CL","og_description":"PABLO ANGULO MASPONS se ha comprometido a hacer accesible su sitio web, conforme al Real Decreto 1112\/2018, de 7 de septiembre, sobre accesibilidad de los sitios web y aplicaciones para dispositivos m\u00f3viles del sector p\u00fablico. Esta declaraci\u00f3n de accesibilidad se aplica a esta web. Situaci\u00f3n de cumplimiento Este sitio web est\u00e1 desarrollado seg\u00fan el RD [&hellip;]","og_url":"https:\/\/rosanacl.com\/is\/declaracion-de-accesibilidad\/","og_site_name":"Rosana CL","article_modified_time":"2025-05-10T00:25:08+00:00","twitter_card":"summary_large_image","twitter_misc":{"Est. reading time":"2 minutes"},"schema":{"@context":"https:\/\/schema.org","@graph":[{"@type":"WebPage","@id":"https:\/\/rosanacl.com\/declaracion-de-accesibilidad\/","url":"https:\/\/rosanacl.com\/declaracion-de-accesibilidad\/","name":"Declaraci\u00f3n de Accesibilidad - Rosana CL","isPartOf":{"@id":"https:\/\/rosanacl.com\/ca\/#website"},"datePublished":"2025-03-28T19:06:23+00:00","dateModified":"2025-05-10T00:25:08+00:00","breadcrumb":{"@id":"https:\/\/rosanacl.com\/declaracion-de-accesibilidad\/#breadcrumb"},"inLanguage":"is","potentialAction":[{"@type":"ReadAction","target":["https:\/\/rosanacl.com\/declaracion-de-accesibilidad\/"]}]},{"@type":"BreadcrumbList","@id":"https:\/\/rosanacl.com\/declaracion-de-accesibilidad\/#breadcrumb","itemListElement":[{"@type":"ListItem","position":1,"name":"Portada","item":"https:\/\/rosanacl.com\/ca\/"},{"@type":"ListItem","position":2,"name":"Declaraci\u00f3n de Accesibilidad"}]},{"@type":"WebSite","@id":"https:\/\/rosanacl.com\/ca\/#website","url":"https:\/\/rosanacl.com\/ca\/","name":"Rosana CL","description":"Vi\u00f0 erum innra sj\u00e1lf \u00feitt","potentialAction":[{"@type":"SearchAction","target":{"@type":"EntryPoint","urlTemplate":"https:\/\/rosanacl.com\/ca\/?s={search_term_string}"},"query-input":{"@type":"PropertyValueSpecification","valueRequired":true,"valueName":"search_term_string"}}],"inLanguage":"is"}]}},"_links":{"self":[{"href":"https:\/\/rosanacl.com\/is\/wp-json\/wp\/v2\/pages\/21","targetHints":{"allow":["GET"]}}],"collection":[{"href":"https:\/\/rosanacl.com\/is\/wp-json\/wp\/v2\/pages"}],"about":[{"href":"https:\/\/rosanacl.com\/is\/wp-json\/wp\/v2\/types\/page"}],"author":[{"embeddable":true,"href":"https:\/\/rosanacl.com\/is\/wp-json\/wp\/v2\/users\/1"}],"replies":[{"embeddable":true,"href":"https:\/\/rosanacl.com\/is\/wp-json\/wp\/v2\/comments?post=21"}],"version-history":[{"count":0,"href":"https:\/\/rosanacl.com\/is\/wp-json\/wp\/v2\/pages\/21\/revisions"}],"wp:attachment":[{"href":"https:\/\/rosanacl.com\/is\/wp-json\/wp\/v2\/media?parent=21"}],"curies":[{"name":"wp","href":"https:\/\/api.w.org\/{rel}","templated":true}]}}