{"id":2566,"date":"2025-07-01T12:13:48","date_gmt":"2025-07-01T10:13:48","guid":{"rendered":"https:\/\/rosanacl.com\/?page_id=2566"},"modified":"2025-12-14T20:43:04","modified_gmt":"2025-12-14T19:43:04","slug":"politica-de-envio","status":"publish","type":"page","link":"https:\/\/rosanacl.com\/is\/politica-de-envio\/","title":{"rendered":"Sendingarstefna"},"content":{"rendered":"<div data-elementor-type=\"wp-page\" data-elementor-id=\"2566\" class=\"elementor elementor-2566\" data-elementor-post-type=\"page\">\n\t\t\t\t<div class=\"elementor-element elementor-element-7a0b207 e-flex e-con-boxed e-con e-parent\" data-id=\"7a0b207\" data-element_type=\"container\" data-e-type=\"container\" data-settings=\"{&quot;background_background&quot;:&quot;classic&quot;}\">\n\t\t\t\t\t<div class=\"e-con-inner\">\n\t\t<div class=\"elementor-element elementor-element-2fcf4bc e-con-full e-flex e-con e-child\" data-id=\"2fcf4bc\" data-element_type=\"container\" data-e-type=\"container\">\n\t\t\t\t<div class=\"elementor-element elementor-element-d10b990 elementor-widget elementor-widget-heading\" data-id=\"d10b990\" data-element_type=\"widget\" data-e-type=\"widget\" data-widget_type=\"heading.default\">\n\t\t\t\t<div class=\"elementor-widget-container\">\n\t\t\t\t\t<h2 class=\"elementor-heading-title elementor-size-default\">Sendingarstefna<\/h2>\t\t\t\t<\/div>\n\t\t\t\t<\/div>\n\t\t\t\t<\/div>\n\t\t\t\t\t<\/div>\n\t\t\t\t<\/div>\n\t\t<div class=\"elementor-element elementor-element-eca30f2 e-flex e-con-boxed e-con e-parent\" data-id=\"eca30f2\" data-element_type=\"container\" data-e-type=\"container\">\n\t\t\t\t\t<div class=\"e-con-inner\">\n\t\t\t\t<div class=\"elementor-element elementor-element-8328658 elementor-widget elementor-widget-text-editor\" data-id=\"8328658\" data-element_type=\"widget\" data-e-type=\"widget\" data-widget_type=\"text-editor.default\">\n\t\t\t\t<div class=\"elementor-widget-container\">\n\t\t\t\t\t\t\t\t\t<p>\u00deessum sendingarskilm\u00e1lum var s\u00ed\u00f0ast uppf\u00e6rt \u00feann 01\/07\/2025 og gildir um allar kaup sem ger\u00f0ar eru \u00ed gegnum vefs\u00ed\u00f0u okkar: <a href=\"https:\/\/rosanacl.com\/is\/\">https:\/\/rosanacl.com\/<\/a><\/p>\n<p><!-- \/wp:paragraph --><!-- wp:paragraph --><\/p>\n<p data-start=\"261\" data-end=\"494\">\u00cd <strong data-start=\"264\" data-end=\"277\">Rosana CL<\/strong> Vi\u00f0 leggjum okkur fram um a\u00f0 gera verslunarupplifun \u00fe\u00edna \u00f6rugga, sk\u00fdra og \u00e1n\u00e6gjulega fr\u00e1 \u00feeirri stundu sem \u00fe\u00fa pantar \u00fear til \u00fe\u00fa m\u00f3ttekur hana. H\u00e9r a\u00f0 ne\u00f0an \u00fatsk\u00fdrum vi\u00f0 allt sem \u00fe\u00fa \u00fearft a\u00f0 vita um sendingar okkar:<\/p>\n<p data-start=\"105\" data-end=\"384\"><strong data-start=\"105\" data-end=\"131\">1. Sendingar um allan heim<\/strong><br data-start=\"131\" data-end=\"134\">Vi\u00f0 sendum um allan heim til n\u00e1nast allra landa. Sama hvar \u00fe\u00fa ert, \u00fe\u00fa getur panta\u00f0 me\u00f0 fullkomnu \u00f6ryggi. Vi\u00f0 vinnum me\u00f0 \u00e1rei\u00f0anlegum flutningsa\u00f0ilum til a\u00f0 tryggja a\u00f0 v\u00f6rurnar \u00fe\u00ednar berist \u00e1 r\u00e9ttum t\u00edma og \u00ed fullkomnu \u00e1standi.<\/p>\n<p>Hj\u00e1 Rosana Cl me\u00f0h\u00f6ndlum vi\u00f0 hverja p\u00f6ntun af al\u00fa\u00f0 og fagmennsku. \u00deess vegna erum vi\u00f0 \u00ed samstarfi vi\u00f0 MBE (Mail Boxes Etc.), flutningafyrirt\u00e6ki me\u00f0 2.800 mi\u00f0st\u00f6\u00f0vum \u00ed 52 l\u00f6ndum, sem gerir okkur kleift a\u00f0 bj\u00f3\u00f0a upp \u00e1 \u00f6rugga og skilvirka sendingu b\u00e6\u00f0i innanlands og \u00e1 al\u00fej\u00f3\u00f0avettvangi. Pantanir eru afhentar af virtum flutningsa\u00f0ilum eins og:<\/p>\n<ul>\n<li>UPS<\/li>\n<li>Sevrur<\/li>\n<li>TNT<\/li>\n<li>FEDEX<\/li>\n<li>HRA\u00d0P\u00d3STUR<\/li>\n<li>O.s.frv.<\/li>\n<\/ul>\n<p>Allar v\u00f6rur okkar berast \u00f6rugglega og flj\u00f3tt. \u00deetta tryggir vandlega og skilvirka sendingarferli, hanna\u00f0 til a\u00f0 veita vi\u00f0skiptavinum okkar bestu m\u00f6gulegu upplifun.<\/p>\n<p data-start=\"105\" data-end=\"384\"><strong data-start=\"389\" data-end=\"417\">2. P\u00f6ntunarvinnsla<\/strong><\/p>\n<p>Allar pantanir eru afgreiddar \u00feegar grei\u00f0sla hefur veri\u00f0 sta\u00f0fest.<br data-start=\"520\" data-end=\"523\"><strong data-start=\"523\" data-end=\"643\">Ef p\u00f6ntunin er ger\u00f0 a\u00f0 morgni ver\u00f0ur h\u00fan send s\u00ed\u00f0degis. Ef h\u00fan er ger\u00f0 s\u00ed\u00f0degis ver\u00f0ur h\u00fan send daginn eftir.<\/strong><br data-start=\"643\" data-end=\"646\">Vi\u00f0 kynningar, \u00fats\u00f6lur e\u00f0a a\u00f0ra s\u00e9rstaka vi\u00f0bur\u00f0i g\u00e6ti afgrei\u00f0slut\u00edmi veri\u00f0 a\u00f0eins lengri, en vi\u00f0 munum alltaf halda \u00fe\u00e9r uppl\u00fdstum.<\/p>\n<p data-start=\"809\" data-end=\"1090\"><strong data-start=\"809\" data-end=\"845\">3. Rakningarn\u00famer<\/strong><br data-start=\"845\" data-end=\"848\">\u00deegar p\u00f6ntunin \u00fe\u00edn hefur veri\u00f0 send munum vi\u00f0 senda \u00fe\u00e9r rakningarn\u00famer me\u00f0 t\u00f6lvup\u00f3sti e\u00f0a \u00ed gegnum \u00fe\u00e1 samskiptalei\u00f0 sem \u00fe\u00fa nota\u00f0ir vi\u00f0 kaupin.<br data-start=\"1014\" data-end=\"1017\">\u00de\u00fa getur fylgst me\u00f0 st\u00f6\u00f0u sendingarinnar allan t\u00edmann \u00fear til \u00fe\u00fa m\u00f3ttekur hana.<\/p>\n<p data-start=\"809\" data-end=\"1090\"><strong data-start=\"1095\" data-end=\"1127\">4. \u00c1\u00e6tla\u00f0ur afhendingart\u00edmi<\/strong><\/p>\n<p data-start=\"1095\" data-end=\"1291\">Afhendingart\u00edmi getur veri\u00f0 breytilegur eftir \u00e1fangasta\u00f0, valinni sendingara\u00f0fer\u00f0 og \u00f6\u00f0rum utana\u00f0komandi \u00fe\u00e1ttum (ve\u00f0ri, tollum o.s.frv.). Til vi\u00f0mi\u00f0unar:<\/p>\n<ul data-start=\"1293\" data-end=\"1530\">\n<li data-start=\"1293\" data-end=\"1342\">\n<p data-start=\"1295\" data-end=\"1342\">Sendingar innanlands: <strong data-start=\"1314\" data-end=\"1340\">24 til 48 virkir t\u00edmar.<\/strong><\/p>\n<\/li>\n<li data-start=\"1343\" data-end=\"1434\">\n<p data-start=\"1345\" data-end=\"1434\">Al\u00fej\u00f3\u00f0legar sendingar innan Evr\u00f3pu: <strong data-start=\"1386\" data-end=\"1408\">4 til 6 virkir dagar<\/strong>, \u00e1 landi e\u00f0a \u00ed lofti.<\/p>\n<\/li>\n<li data-start=\"1435\" data-end=\"1530\">\n<p data-start=\"1437\" data-end=\"1530\">Al\u00fej\u00f3\u00f0legar sendingar utan Evr\u00f3pu (restin af heiminum): <strong data-start=\"1495\" data-end=\"1518\">8 til 10 virkir dagar<\/strong>, me\u00f0 flugi.<\/p>\n<\/li>\n<\/ul>\n<p>Afhendingar\u00fej\u00f3nustan felur \u00ed s\u00e9r tv\u00e6r afhendingartilraunir sama dag e\u00f0a daginn eftir. Ef ekki er h\u00e6gt a\u00f0 lj\u00faka afhendingu vegna vantar e\u00f0a rangra heimilisfangsuppl\u00fdsinga, e\u00f0a ef vi\u00f0takandi er ekki vi\u00f0staddur, ver\u00f0ur \u00feri\u00f0ja afhendingartilraun ger\u00f0 \u00e1 n\u00e6sta afhendingarsta\u00f0.<\/p>\n<p>Ef vi\u00f0skiptavinurinn s\u00e6kir ekki v\u00f6runa innan 10 daga ver\u00f0ur pakkinn sendur aftur til v\u00f6ruh\u00fasanna sem vi\u00f0 vinnum me\u00f0 hj\u00e1 Rosana CL, sem munu draga fr\u00e1 sendingar- og skilakostna\u00f0inn.&nbsp;<\/p>\n<p data-start=\"1437\" data-end=\"1530\"><strong>5. Sendingarkostna\u00f0ur<\/strong><\/p>\n<p data-start=\"1535\" data-end=\"1779\">Sendingarkostna\u00f0ur er reikna\u00f0ur \u00fat vi\u00f0 afgrei\u00f0slu \u00fat fr\u00e1 afhendingarfangi og \u00feyngd pakkans. Vi\u00f0 bj\u00f3\u00f0um stundum upp \u00e1 \u00f3keypis sendingu til valinna landa e\u00f0a fyrir pantanir yfir \u00e1kve\u00f0na upph\u00e6\u00f0.<\/p>\n<p data-start=\"1535\" data-end=\"1779\">Pantanir yfir \u20ac59 f\u00e1 fr\u00eda sendingu, a\u00f0eins innan meginlands Sp\u00e1nar.<\/p>\n<p data-start=\"1535\" data-end=\"1779\">Ef p\u00f6ntunin \u00fearf a\u00f0 fara \u00ed gegnum toll, \u00fe\u00e1 eru allir vi\u00f0b\u00f3tar skattar, tollar e\u00f0a gj\u00f6ld \u00e1 \u00e1byrg\u00f0 vi\u00f0skiptavinarins.&nbsp;<\/p>\n<p><strong data-start=\"1784\" data-end=\"1815\">6. Tollar og sta\u00f0bundnir skattar<\/strong><br data-start=\"1815\" data-end=\"1818\">Fyrir al\u00fej\u00f3\u00f0legar sendingar kunna sum l\u00f6nd a\u00f0 leggja \u00e1 skatta e\u00f0a tolla. \u00deessi gj\u00f6ld eru \u00e1 \u00e1byrg\u00f0 vi\u00f0skiptavinarins og eru ekki innifalin \u00ed v\u00f6ruver\u00f0i e\u00f0a sendingarkostna\u00f0i.<\/p>\n<p data-start=\"1784\" data-end=\"2026\"><strong data-start=\"2031\" data-end=\"2059\">7. Vandam\u00e1l vi\u00f0 afhendingu<\/strong><\/p>\n<p>Ef pakkinn \u00feinn er seinka\u00f0ur e\u00f0a lendir \u00ed vandr\u00e6\u00f0um getur\u00f0u haft samband vi\u00f0 okkur beint og vi\u00f0 munum hj\u00e1lpa \u00fe\u00e9r a\u00f0 leysa \u00fea\u00f0 eins flj\u00f3tt og au\u00f0i\u00f0 er.<\/p>\n<p>Ef \u00fe\u00fa hefur einhverjar spurningar e\u00f0a \u00fearft a\u00f0sto\u00f0 vi\u00f0 sendinguna \u00fe\u00edna, vinsamlegast haf\u00f0u samband vi\u00f0 okkur \u00ed gegnum tengili\u00f0sey\u00f0ubla\u00f0i\u00f0 okkar e\u00f0a me\u00f0 t\u00f6lvup\u00f3sti: &nbsp;<a href=\"mailto:info@rosanacl.com\">info@rosanacl.com<\/a><br data-start=\"2620\" data-end=\"2623\">\u00de\u00f6kkum \u00fe\u00e9r fyrir a\u00f0 treysta okkur <strong data-start=\"2646\" data-end=\"2659\">Rosana CL<\/strong>.<\/p>\n<h4><b>ATHUGI\u00d0: Vi\u00f0 uppl\u00fdsum vi\u00f0skiptavini okkar um a\u00f0 vegna h\u00e1t\u00ed\u00f0art\u00edmabils hj\u00e1 birgja okkar geta or\u00f0i\u00f0 tafir \u00e1 afhendingum og lagerst\u00f6\u00f0u \u00ed \u00e1g\u00fastm\u00e1nu\u00f0i.<\/b><\/h4>\t\t\t\t\t\t\t\t<\/div>\n\t\t\t\t<\/div>\n\t\t\t\t\t<\/div>\n\t\t\t\t<\/div>\n\t\t\t\t<\/div>","protected":false},"excerpt":{"rendered":"<p>Esta pol\u00edtica de env\u00edos fue actualizada por \u00faltima vez el 01\/07\/2025 y se aplica a todas las compras realizadas a trav\u00e9s de nuestra web: https:\/\/rosanacl.com\/ En Rosana CL nos comprometemos a que tu experiencia de compra sea segura, clara y satisfactoria desde el primer momento hasta que recibas tu pedido. A continuaci\u00f3n, te explicamos todo [&hellip;]<\/p>\n","protected":false},"author":1,"featured_media":0,"parent":0,"menu_order":0,"comment_status":"closed","ping_status":"closed","template":"","meta":{"content-type":"","footnotes":""},"class_list":["post-2566","page","type-page","status-publish","hentry"],"yoast_head":"<!-- This site is optimized with the Yoast SEO plugin v27.4 - https:\/\/yoast.com\/product\/yoast-seo-wordpress\/ -->\n<title>Pol\u00edtica de Env\u00edo - Rosana CL<\/title>\n<meta name=\"robots\" content=\"index, follow, max-snippet:-1, max-image-preview:large, max-video-preview:-1\" \/>\n<link rel=\"canonical\" href=\"https:\/\/rosanacl.com\/is\/politica-de-envio\/\" \/>\n<meta property=\"og:locale\" content=\"is_IS\" \/>\n<meta property=\"og:type\" content=\"article\" \/>\n<meta property=\"og:title\" content=\"Pol\u00edtica de Env\u00edo - Rosana CL\" \/>\n<meta property=\"og:description\" content=\"Esta pol\u00edtica de env\u00edos fue actualizada por \u00faltima vez el 01\/07\/2025 y se aplica a todas las compras realizadas a trav\u00e9s de nuestra web: https:\/\/rosanacl.com\/ En Rosana CL nos comprometemos a que tu experiencia de compra sea segura, clara y satisfactoria desde el primer momento hasta que recibas tu pedido. A continuaci\u00f3n, te explicamos todo [&hellip;]\" \/>\n<meta property=\"og:url\" content=\"https:\/\/rosanacl.com\/is\/politica-de-envio\/\" \/>\n<meta property=\"og:site_name\" content=\"Rosana CL\" \/>\n<meta property=\"article:modified_time\" content=\"2025-12-14T19:43:04+00:00\" \/>\n<meta name=\"twitter:card\" content=\"summary_large_image\" \/>\n<meta name=\"twitter:label1\" content=\"Est. reading time\" \/>\n\t<meta name=\"twitter:data1\" content=\"4 minutes\" \/>\n<script type=\"application\/ld+json\" class=\"yoast-schema-graph\">{\"@context\":\"https:\\\/\\\/schema.org\",\"@graph\":[{\"@type\":\"WebPage\",\"@id\":\"https:\\\/\\\/rosanacl.com\\\/uk\\\/politica-de-envio\\\/\",\"url\":\"https:\\\/\\\/rosanacl.com\\\/uk\\\/politica-de-envio\\\/\",\"name\":\"Pol\u00edtica de Env\u00edo - Rosana CL\",\"isPartOf\":{\"@id\":\"https:\\\/\\\/rosanacl.com\\\/ca\\\/#website\"},\"datePublished\":\"2025-07-01T10:13:48+00:00\",\"dateModified\":\"2025-12-14T19:43:04+00:00\",\"breadcrumb\":{\"@id\":\"https:\\\/\\\/rosanacl.com\\\/uk\\\/politica-de-envio\\\/#breadcrumb\"},\"inLanguage\":\"is\",\"potentialAction\":[{\"@type\":\"ReadAction\",\"target\":[\"https:\\\/\\\/rosanacl.com\\\/uk\\\/politica-de-envio\\\/\"]}]},{\"@type\":\"BreadcrumbList\",\"@id\":\"https:\\\/\\\/rosanacl.com\\\/uk\\\/politica-de-envio\\\/#breadcrumb\",\"itemListElement\":[{\"@type\":\"ListItem\",\"position\":1,\"name\":\"Portada\",\"item\":\"https:\\\/\\\/rosanacl.com\\\/ca\\\/\"},{\"@type\":\"ListItem\",\"position\":2,\"name\":\"Pol\u00edtica de Env\u00edo\"}]},{\"@type\":\"WebSite\",\"@id\":\"https:\\\/\\\/rosanacl.com\\\/ca\\\/#website\",\"url\":\"https:\\\/\\\/rosanacl.com\\\/ca\\\/\",\"name\":\"Rosana CL\",\"description\":\"Somos tu interior\",\"potentialAction\":[{\"@type\":\"SearchAction\",\"target\":{\"@type\":\"EntryPoint\",\"urlTemplate\":\"https:\\\/\\\/rosanacl.com\\\/ca\\\/?s={search_term_string}\"},\"query-input\":{\"@type\":\"PropertyValueSpecification\",\"valueRequired\":true,\"valueName\":\"search_term_string\"}}],\"inLanguage\":\"is\"}]}<\/script>\n<!-- \/ Yoast SEO plugin. -->","yoast_head_json":{"title":"Pol\u00edtica de Env\u00edo - Rosana CL","robots":{"index":"index","follow":"follow","max-snippet":"max-snippet:-1","max-image-preview":"max-image-preview:large","max-video-preview":"max-video-preview:-1"},"canonical":"https:\/\/rosanacl.com\/is\/politica-de-envio\/","og_locale":"is_IS","og_type":"article","og_title":"Pol\u00edtica de Env\u00edo - Rosana CL","og_description":"Esta pol\u00edtica de env\u00edos fue actualizada por \u00faltima vez el 01\/07\/2025 y se aplica a todas las compras realizadas a trav\u00e9s de nuestra web: https:\/\/rosanacl.com\/ En Rosana CL nos comprometemos a que tu experiencia de compra sea segura, clara y satisfactoria desde el primer momento hasta que recibas tu pedido. A continuaci\u00f3n, te explicamos todo [&hellip;]","og_url":"https:\/\/rosanacl.com\/is\/politica-de-envio\/","og_site_name":"Rosana CL","article_modified_time":"2025-12-14T19:43:04+00:00","twitter_card":"summary_large_image","twitter_misc":{"Est. reading time":"4 minutes"},"schema":{"@context":"https:\/\/schema.org","@graph":[{"@type":"WebPage","@id":"https:\/\/rosanacl.com\/uk\/politica-de-envio\/","url":"https:\/\/rosanacl.com\/uk\/politica-de-envio\/","name":"Pol\u00edtica de Env\u00edo - Rosana CL","isPartOf":{"@id":"https:\/\/rosanacl.com\/ca\/#website"},"datePublished":"2025-07-01T10:13:48+00:00","dateModified":"2025-12-14T19:43:04+00:00","breadcrumb":{"@id":"https:\/\/rosanacl.com\/uk\/politica-de-envio\/#breadcrumb"},"inLanguage":"is","potentialAction":[{"@type":"ReadAction","target":["https:\/\/rosanacl.com\/uk\/politica-de-envio\/"]}]},{"@type":"BreadcrumbList","@id":"https:\/\/rosanacl.com\/uk\/politica-de-envio\/#breadcrumb","itemListElement":[{"@type":"ListItem","position":1,"name":"Portada","item":"https:\/\/rosanacl.com\/ca\/"},{"@type":"ListItem","position":2,"name":"Pol\u00edtica de Env\u00edo"}]},{"@type":"WebSite","@id":"https:\/\/rosanacl.com\/ca\/#website","url":"https:\/\/rosanacl.com\/ca\/","name":"Rosana CL","description":"Vi\u00f0 erum innra sj\u00e1lf \u00feitt","potentialAction":[{"@type":"SearchAction","target":{"@type":"EntryPoint","urlTemplate":"https:\/\/rosanacl.com\/ca\/?s={search_term_string}"},"query-input":{"@type":"PropertyValueSpecification","valueRequired":true,"valueName":"search_term_string"}}],"inLanguage":"is"}]}},"_links":{"self":[{"href":"https:\/\/rosanacl.com\/is\/wp-json\/wp\/v2\/pages\/2566","targetHints":{"allow":["GET"]}}],"collection":[{"href":"https:\/\/rosanacl.com\/is\/wp-json\/wp\/v2\/pages"}],"about":[{"href":"https:\/\/rosanacl.com\/is\/wp-json\/wp\/v2\/types\/page"}],"author":[{"embeddable":true,"href":"https:\/\/rosanacl.com\/is\/wp-json\/wp\/v2\/users\/1"}],"replies":[{"embeddable":true,"href":"https:\/\/rosanacl.com\/is\/wp-json\/wp\/v2\/comments?post=2566"}],"version-history":[{"count":6,"href":"https:\/\/rosanacl.com\/is\/wp-json\/wp\/v2\/pages\/2566\/revisions"}],"predecessor-version":[{"id":4647,"href":"https:\/\/rosanacl.com\/is\/wp-json\/wp\/v2\/pages\/2566\/revisions\/4647"}],"wp:attachment":[{"href":"https:\/\/rosanacl.com\/is\/wp-json\/wp\/v2\/media?parent=2566"}],"curies":[{"name":"wp","href":"https:\/\/api.w.org\/{rel}","templated":true}]}}