{"id":2885,"date":"2025-07-18T11:11:52","date_gmt":"2025-07-18T09:11:52","guid":{"rendered":"https:\/\/rosanacl.com\/?page_id=2885"},"modified":"2025-07-25T08:10:43","modified_gmt":"2025-07-25T06:10:43","slug":"comprar-lenceria-selene","status":"publish","type":"page","link":"https:\/\/rosanacl.com\/is\/comprar-lenceria-selene\/","title":{"rendered":"Kaupa Selene undirf\u00f6t"},"content":{"rendered":"<div data-elementor-type=\"wp-page\" data-elementor-id=\"2885\" class=\"elementor elementor-2885\" data-elementor-post-type=\"page\">\n\t\t\t\t<div class=\"elementor-element elementor-element-171998c7 e-flex e-con-boxed e-con e-parent\" data-id=\"171998c7\" data-element_type=\"container\" data-e-type=\"container\">\n\t\t\t\t\t<div class=\"e-con-inner\">\n\t\t\t\t<div class=\"elementor-element elementor-element-6575351f elementor-widget elementor-widget-text-editor\" data-id=\"6575351f\" data-element_type=\"widget\" data-e-type=\"widget\" data-widget_type=\"text-editor.default\">\n\t\t\t\t<div class=\"elementor-widget-container\">\n\t\t\t\t\t\t\t\t\t\n<p><\/p>\n\n\n\n<p><\/p>\n\t\t\t\t\t\t\t\t<\/div>\n\t\t\t\t<\/div>\n\t\t\t\t\t<\/div>\n\t\t\t\t<\/div>\n\t\t<div class=\"elementor-element elementor-element-cf7d341 e-flex e-con-boxed e-con e-parent\" data-id=\"cf7d341\" data-element_type=\"container\" data-e-type=\"container\">\n\t\t\t\t\t<div class=\"e-con-inner\">\n\t\t\t\t<div class=\"elementor-element elementor-element-1f1d080 elementor-widget elementor-widget-heading\" data-id=\"1f1d080\" data-element_type=\"widget\" data-e-type=\"widget\" data-widget_type=\"heading.default\">\n\t\t\t\t<div class=\"elementor-widget-container\">\n\t\t\t\t\t<h2 class=\"elementor-heading-title elementor-size-default\">Kaupa Selene undirf\u00f6t<\/h2>\t\t\t\t<\/div>\n\t\t\t\t<\/div>\n\t\t\t\t\t<\/div>\n\t\t\t\t<\/div>\n\t\t<div class=\"elementor-element elementor-element-dc1921d e-flex e-con-boxed e-con e-parent\" data-id=\"dc1921d\" data-element_type=\"container\" data-e-type=\"container\">\n\t\t\t\t\t<div class=\"e-con-inner\">\n\t\t<div class=\"elementor-element elementor-element-d19616f e-con-full e-flex e-con e-child\" data-id=\"d19616f\" data-element_type=\"container\" data-e-type=\"container\">\n\t\t\t\t<div class=\"elementor-element elementor-element-8ba1404 elementor-widget elementor-widget-text-editor\" data-id=\"8ba1404\" data-element_type=\"widget\" data-e-type=\"widget\" data-widget_type=\"text-editor.default\">\n\t\t\t\t<div class=\"elementor-widget-container\">\n\t\t\t\t\t\t\t\t\t<h3 data-start=\"378\" data-end=\"465\">A\u00f0 kaupa Selene undirf\u00f6t hj\u00e1 Rosana CL \u00fe\u00fd\u00f0ir a\u00f0 velja \u00fe\u00e6gindi og \u00fej\u00f3\u00f0lega h\u00f6nnun.<\/h3>\n<p data-start=\"467\" data-end=\"891\">\u00deegar <strong data-start=\"480\" data-end=\"507\">kaupa Selene undirf\u00f6t<\/strong>Margar konur eru a\u00f0 leita a\u00f0 meiru en bara fallegum fl\u00edkum. \u00de\u00e6r vilja l\u00ed\u00f0a vel, vera \u00f6ruggar og nj\u00f3ta stu\u00f0nings \u00e1 \u00f6llum stigum l\u00edfs s\u00edns. Og \u00fea\u00f0 er \u00fear sem Rosana CL skiptir \u00f6llu m\u00e1li. Me\u00f0 yfir 40 \u00e1ra reynslu \u00ed undirf\u00f6ta- og k\u00f3rsettai\u00f0na\u00f0inum hefur \u00feessi verslun or\u00f0i\u00f0 vi\u00f0mi\u00f0 fyrir \u00fe\u00e1 sem meta pers\u00f3nulega athygli, s\u00e9rfr\u00e6\u00f0i\u00feekkingu og \u00f3svikna g\u00e6\u00f0i.<\/p>\n<p data-start=\"893\" data-end=\"1449\">Selene er sp\u00e6nskt v\u00f6rumerki sem hannar og framlei\u00f0ir allar fl\u00edkur s\u00ednar \u00e1 Sp\u00e1ni. \u00dea\u00f0 einkennist af \u00e1herslu \u00e1 \u00fe\u00e6gindi kvenna, \u00e1n \u00feess a\u00f0 f\u00f3rna gl\u00e6silegum og n\u00fat\u00edmalegum st\u00edl. <strong data-start=\"1080\" data-end=\"1107\">kaupa Selene undirf\u00f6t<\/strong>\u00de\u00fa ert a\u00f0 fj\u00e1rfesta \u00ed v\u00f6rum \u00far mj\u00fakum, endingarg\u00f3\u00f0um efnum, sni\u00f0nar a\u00f0 raunverulegum \u00fe\u00f6rfum l\u00edkamans. Hvort sem \u00fe\u00fa ert a\u00f0 leita a\u00f0 brj\u00f3stahaldara me\u00f0 v\u00edrum, saumlausum st\u00edl, \u00fe\u00e6gilegum n\u00e6rbuxum e\u00f0a m\u00f3tandi bodysuit, \u00fe\u00e1 hefur Selene fullkomna lausn fyrir \u00feig. Og Rosana CL veit n\u00e1kv\u00e6mlega hva\u00f0a vara hentar \u00fe\u00e9r best.<\/p>\n<h3 data-start=\"1451\" data-end=\"1520\">Af hverju er besta \u00e1kv\u00f6r\u00f0unin a\u00f0 kaupa Selene undirf\u00f6t hj\u00e1 Rosana CL<\/h3>\n<p data-start=\"1522\" data-end=\"1908\">\u00dea\u00f0 eru margar netverslanir \u00fear sem \u00fe\u00fa getur <strong data-start=\"1563\" data-end=\"1590\">kaupa Selene undirf\u00f6t<\/strong>Hins vegar bj\u00f3\u00f0a ekki allir sm\u00e1salar upp \u00e1 sama stig s\u00e9r\u00feekkingar e\u00f0a \u00fej\u00f3nustu. Hj\u00e1 Rosana CL vinna \u00feeir eing\u00f6ngu me\u00f0 Selene vegna \u00feess a\u00f0 \u00feeir hafa \u00edtarlega \u00feekkingu \u00e1 fatal\u00ednum \u00feeirra, st\u00e6r\u00f0um og h\u00f6nnun. \u00deetta gerir \u00feeim kleift a\u00f0 bj\u00f3\u00f0a upp \u00e1 einl\u00e6gar r\u00e1\u00f0leggingar, gagnleg r\u00e1\u00f0 og vandlega valinn v\u00f6rulista me\u00f0 \u00fev\u00ed besta fr\u00e1 hverri \u00e1rst\u00ed\u00f0.<\/p>\n<p data-start=\"1910\" data-end=\"2347\">\u00dear a\u00f0 auki, \u00feegar \u00fe\u00fa kaupir Selene undirf\u00f6t hj\u00e1 Rosana CL, f\u00e6r\u00f0u auki\u00f0 gildi: pers\u00f3nulega \u00fej\u00f3nustu s\u00e9rfr\u00e6\u00f0ingateymis sem hlustar og b\u00fd\u00f0ur upp \u00e1 lei\u00f0s\u00f6gn. \u00deetta sn\u00fdst ekki bara um a\u00f0 kaupa, heldur um a\u00f0 finna r\u00e9ttu fl\u00edkina fyrir l\u00edkama \u00feinn og l\u00edfsst\u00edl. H\u00e9r finnur \u00fe\u00fa allt fr\u00e1 minimizer brj\u00f3stahaldurum til axlalausra st\u00edla fyrir st\u00e6rri brj\u00f3st, sem og mj\u00fakar, \u00fe\u00e6gilegar n\u00e6rbuxur me\u00f0 sni\u00f0um sem kl\u00e6\u00f0a allar l\u00edkamsger\u00f0ir.<\/p>\n<p data-start=\"2349\" data-end=\"2745\">Fr\u00e1 upphafi hefur Rosana CL veri\u00f0 skuldbundi\u00f0 g\u00e6\u00f0i og \u00feess vegna vinnur \u00fea\u00f0 eing\u00f6ngu me\u00f0 v\u00f6rumerkjum eins og Selene, v\u00f6rumerkjum sem leggja \u00e1herslu \u00e1 sm\u00e1atri\u00f0i, a\u00f0lagast daglegu l\u00edfi raunverulegra kvenna og skapa n\u00fdjungar \u00ed h\u00f6nnun \u00e1n \u00feess a\u00f0 glata kjarna f\u00edns text\u00edlhandverks. Me\u00f0 \u00fev\u00ed a\u00f0 kaupa Selene undirf\u00f6t \u00ed \u00feessari verslun er tryggt a\u00f0 \u00fe\u00fa f\u00e1ir g\u00e6\u00f0av\u00f6ru, studda af \u00f3svikinni \u00fej\u00f3nustu vi\u00f0 vi\u00f0skiptavini.<\/p>\t\t\t\t\t\t\t\t<\/div>\n\t\t\t\t<\/div>\n\t\t\t\t<\/div>\n\t\t<div class=\"elementor-element elementor-element-5568f8b e-con-full e-flex e-con e-child\" data-id=\"5568f8b\" data-element_type=\"container\" data-e-type=\"container\">\n\t\t\t\t<div class=\"elementor-element elementor-element-980debe elementor-widget elementor-widget-image\" data-id=\"980debe\" data-element_type=\"widget\" data-e-type=\"widget\" data-widget_type=\"image.default\">\n\t\t\t\t<div class=\"elementor-widget-container\">\n\t\t\t\t\t\t\t\t\t\t\t\t\t\t\t<img fetchpriority=\"high\" decoding=\"async\" width=\"563\" height=\"750\" src=\"https:\/\/rosanacl.com\/wp-content\/uploads\/2025\/04\/5-2-769x1024.jpg\" class=\"attachment-large size-large wp-image-2372\" alt=\"\" srcset=\"https:\/\/rosanacl.com\/wp-content\/uploads\/2025\/04\/5-2-769x1024.jpg 769w, https:\/\/rosanacl.com\/wp-content\/uploads\/2025\/04\/5-2-9x12.jpg 9w, https:\/\/rosanacl.com\/wp-content\/uploads\/2025\/04\/5-2-225x300.jpg 225w, https:\/\/rosanacl.com\/wp-content\/uploads\/2025\/04\/5-2-768x1023.jpg 768w, https:\/\/rosanacl.com\/wp-content\/uploads\/2025\/04\/5-2-600x799.jpg 600w, https:\/\/rosanacl.com\/wp-content\/uploads\/2025\/04\/5-2.jpg 1001w\" sizes=\"(max-width: 563px) 100vw, 563px\" \/>\t\t\t\t\t\t\t\t\t\t\t\t\t\t\t<\/div>\n\t\t\t\t<\/div>\n\t\t\t\t<\/div>\n\t\t\t\t\t<\/div>\n\t\t\t\t<\/div>\n\t\t<div class=\"elementor-element elementor-element-5e380fb e-flex e-con-boxed e-con e-parent\" data-id=\"5e380fb\" data-element_type=\"container\" data-e-type=\"container\">\n\t\t\t\t\t<div class=\"e-con-inner\">\n\t\t<div class=\"elementor-element elementor-element-a763375 e-con-full e-flex e-con e-child\" data-id=\"a763375\" data-element_type=\"container\" data-e-type=\"container\">\n\t\t\t\t<div class=\"elementor-element elementor-element-a8aecc4 elementor-widget elementor-widget-image\" data-id=\"a8aecc4\" data-element_type=\"widget\" data-e-type=\"widget\" data-widget_type=\"image.default\">\n\t\t\t\t<div class=\"elementor-widget-container\">\n\t\t\t\t\t\t\t\t\t\t\t\t\t\t\t<img decoding=\"async\" width=\"800\" height=\"566\" src=\"https:\/\/rosanacl.com\/wp-content\/uploads\/2025\/07\/sujetador-reductor-1024x724.jpg\" class=\"attachment-large size-large wp-image-2865\" alt=\"\" srcset=\"https:\/\/rosanacl.com\/wp-content\/uploads\/2025\/07\/sujetador-reductor-1024x724.jpg 1024w, https:\/\/rosanacl.com\/wp-content\/uploads\/2025\/07\/sujetador-reductor-300x212.jpg 300w, https:\/\/rosanacl.com\/wp-content\/uploads\/2025\/07\/sujetador-reductor-768x543.jpg 768w, https:\/\/rosanacl.com\/wp-content\/uploads\/2025\/07\/sujetador-reductor-1536x1086.jpg 1536w, https:\/\/rosanacl.com\/wp-content\/uploads\/2025\/07\/sujetador-reductor-18x12.jpg 18w, https:\/\/rosanacl.com\/wp-content\/uploads\/2025\/07\/sujetador-reductor-600x424.jpg 600w, https:\/\/rosanacl.com\/wp-content\/uploads\/2025\/07\/sujetador-reductor.jpg 2000w\" sizes=\"(max-width: 800px) 100vw, 800px\" \/>\t\t\t\t\t\t\t\t\t\t\t\t\t\t\t<\/div>\n\t\t\t\t<\/div>\n\t\t\t\t<\/div>\n\t\t<div class=\"elementor-element elementor-element-b02b1e9 e-con-full e-flex e-con e-child\" data-id=\"b02b1e9\" data-element_type=\"container\" data-e-type=\"container\">\n\t\t\t\t<div class=\"elementor-element elementor-element-e25a6f0 elementor-widget elementor-widget-text-editor\" data-id=\"e25a6f0\" data-element_type=\"widget\" data-e-type=\"widget\" data-widget_type=\"text-editor.default\">\n\t\t\t\t<div class=\"elementor-widget-container\">\n\t\t\t\t\t\t\t\t\t<h3 data-start=\"2747\" data-end=\"2823\">Kauptu Selene undirf\u00f6t \u00e1 netinu \u00e1 \u00f6ruggan h\u00e1tt, flj\u00f3tt og me\u00f0 \u00fej\u00f3nustu fagf\u00f3lks<\/h3>\n<p data-start=\"2825\" data-end=\"3231\">\u00de\u00f6kk s\u00e9 stafr\u00e6num vettvangi s\u00ednum gerir Rosana CL \u00fea\u00f0 m\u00f6gulegt <strong data-start=\"2876\" data-end=\"2903\">kaupa Selene undirf\u00f6t<\/strong> Versla\u00f0u flj\u00f3tt, \u00f6rugglega og \u00fe\u00e6gilega hvar sem er. Netverslun \u00feeirra er sk\u00fdr, au\u00f0veld \u00ed notkun og b\u00fd\u00f0ur upp \u00e1 allar nau\u00f0synlegar uppl\u00fdsingar: l\u00fdsingar \u00e1 hverri fl\u00edk, st\u00e6r\u00f0arlei\u00f0beiningar, r\u00e1\u00f0 og raunverulegar myndir. Auk \u00feess er teymi\u00f0 \u00feeirra til taks til a\u00f0 a\u00f0sto\u00f0a \u00feig vi\u00f0 allar spurningar fyrir, me\u00f0an \u00e1 og eftir kaupin.<\/p>\n<p data-start=\"3233\" data-end=\"3647\">Hver p\u00f6ntun er vandlega undirb\u00fain og sendingin er hr\u00f6\u00f0 og n\u00e6rf\u00e6rin. En umfram t\u00e6knilega \u00fej\u00f3nustu s\u00edna sker Rosana CL sig \u00far fyrir skuldbindingu s\u00edna vi\u00f0 konur: v\u00f6rulistinn \u00feeirra svarar ekki hverfulum t\u00edskustraumum, heldur raunverulegum \u00fe\u00f6rfum. H\u00e9r finnur \u00fe\u00fa ekki \u00f3\u00fe\u00e6gilega, \u00fer\u00f6nga e\u00f0a vafasama fl\u00edk. A\u00f0eins h\u00e1g\u00e6\u00f0a Selene undirf\u00f6t, me\u00f0 sni\u00f0um og efnum sem vir\u00f0a l\u00edkama \u00feinn og undirstrika n\u00e1tt\u00farulega fegur\u00f0 \u00fe\u00edna.<\/p>\n<p data-start=\"3649\" data-end=\"3984\">Ef \u00fe\u00fa ert a\u00f0 leita a\u00f0 verslun \u00fear sem <strong data-start=\"3684\" data-end=\"3711\">kaupa Selene undirf\u00f6t<\/strong> Me\u00f0 hugarr\u00f3, sj\u00e1lfstrausti og g\u00e6\u00f0a\u00e1byrg\u00f0 er Rosana CL besti kosturinn fyrir \u00feig. L\u00e1ttu \u00fe\u00e1 sem \u00feekkja v\u00f6runa \u00ed raun og veru og skilja \u00fearfir l\u00edkama \u00fe\u00edns lei\u00f0a \u00feig. \u00dev\u00ed a\u00f0 vell\u00ed\u00f0an byrjar innan fr\u00e1 og a\u00f0 velja r\u00e9ttu n\u00e6rf\u00f6tin getur skipt \u00f6llu m\u00e1li.<\/p>\t\t\t\t\t\t\t\t<\/div>\n\t\t\t\t<\/div>\n\t\t\t\t<\/div>\n\t\t\t\t\t<\/div>\n\t\t\t\t<\/div>\n\t\t<div class=\"elementor-element elementor-element-495e863 e-flex e-con-boxed e-con e-parent\" data-id=\"495e863\" data-element_type=\"container\" data-e-type=\"container\">\n\t\t\t\t\t<div class=\"e-con-inner\">\n\t\t\t\t\t<\/div>\n\t\t\t\t<\/div>\n\t\t<div class=\"elementor-element elementor-element-d05ed3a e-flex e-con-boxed e-con e-parent\" data-id=\"d05ed3a\" data-element_type=\"container\" data-e-type=\"container\">\n\t\t\t\t\t<div class=\"e-con-inner\">\n\t\t\t\t<div class=\"elementor-element elementor-element-b883e86 elementor-widget elementor-widget-heading\" data-id=\"b883e86\" data-element_type=\"widget\" data-e-type=\"widget\" data-widget_type=\"heading.default\">\n\t\t\t\t<div class=\"elementor-widget-container\">\n\t\t\t\t\t<h2 class=\"elementor-heading-title elementor-size-default\">Haf\u00f0u samband vi\u00f0 okkur <\/h2>\t\t\t\t<\/div>\n\t\t\t\t<\/div>\n\t\t\t\t\t<\/div>\n\t\t\t\t<\/div>\n\t\t<div class=\"elementor-element elementor-element-00e20e2 e-flex e-con-boxed e-con e-parent\" data-id=\"00e20e2\" data-element_type=\"container\" data-e-type=\"container\">\n\t\t\t\t\t<div class=\"e-con-inner\">\n\t\t<div class=\"elementor-element elementor-element-8ad8f7b e-con-full e-flex e-con e-child\" data-id=\"8ad8f7b\" data-element_type=\"container\" data-e-type=\"container\">\n\t\t\t\t<div class=\"elementor-element elementor-element-888944a elementor-widget__width-initial elementor-widget elementor-widget-elementskit-contact-form7\" data-id=\"888944a\" data-element_type=\"widget\" data-e-type=\"widget\" data-widget_type=\"elementskit-contact-form7.default\">\n\t\t\t\t<div class=\"elementor-widget-container\">\n\t\t\t\t\t<div class=\"ekit-wid-con\" ><div class=\"ekit-form\">\n<div class=\"wpcf7 no-js\" id=\"wpcf7-f48-o1\" lang=\"es-ES\" dir=\"ltr\" data-wpcf7-id=\"48\">\n<div class=\"screen-reader-response\"><p role=\"status\" aria-live=\"polite\" aria-atomic=\"true\"><\/p> <ul><\/ul><\/div>\n<form action=\"\/de\/wp-json\/wp\/v2\/pages\/2885#wpcf7-f48-o1\" method=\"post\" class=\"wpcf7-form init\" aria-label=\"Tengili\u00f0sey\u00f0ubla\u00f0\" novalidate=\"novalidate\" data-status=\"init\" data-trp-original-action=\"\/de\/wp-json\/wp\/v2\/pages\/2885#wpcf7-f48-o1\">\n<fieldset class=\"hidden-fields-container\"><input type=\"hidden\" name=\"_wpcf7\" value=\"48\" \/><input type=\"hidden\" name=\"_wpcf7_version\" value=\"6.1.5\" \/><input type=\"hidden\" name=\"_wpcf7_locale\" value=\"es_ES\" \/><input type=\"hidden\" name=\"_wpcf7_unit_tag\" value=\"wpcf7-f48-o1\" \/><input type=\"hidden\" name=\"_wpcf7_container_post\" value=\"0\" \/><input type=\"hidden\" name=\"_wpcf7_posted_data_hash\" value=\"\" \/><input type=\"hidden\" name=\"_wpcf7_recaptcha_response\" value=\"\" \/>\n<\/fieldset>\n<div class=\"form-row\">\n\t<div class=\"form-column\">\n\t\t<p><span class=\"wpcf7-form-control-wrap\" data-name=\"nombre\"><input size=\"40\" maxlength=\"400\" class=\"wpcf7-form-control wpcf7-text wpcf7-validates-as-required\" aria-required=\"true\" aria-invalid=\"false\" placeholder=\"Nafn\" value=\"\" type=\"text\" name=\"nombre\" \/><\/span>\n\t\t<\/p>\n\t<\/div>\n\t<div class=\"form-column\">\n\t\t<p><span class=\"wpcf7-form-control-wrap\" data-name=\"telefono\"><input size=\"40\" maxlength=\"400\" class=\"wpcf7-form-control wpcf7-tel wpcf7-validates-as-required wpcf7-text wpcf7-validates-as-tel\" aria-required=\"true\" aria-invalid=\"false\" placeholder=\"S\u00edmi *\" value=\"\" type=\"tel\" name=\"telefono\" \/><\/span>\n\t\t<\/p>\n\t<\/div>\n<\/div>\n<div class=\"form-row\">\n\t<div class=\"form-column\">\n\t\t<p><span class=\"wpcf7-form-control-wrap\" data-name=\"email\"><input size=\"40\" maxlength=\"400\" class=\"wpcf7-form-control wpcf7-email wpcf7-validates-as-required wpcf7-text wpcf7-validates-as-email\" aria-required=\"true\" aria-invalid=\"false\" placeholder=\"Netfang *\" value=\"\" type=\"email\" name=\"email\" \/><\/span>\n\t\t<\/p>\n\t<\/div>\n\t<div class=\"form-column\">\n\t\t<p><span class=\"wpcf7-form-control-wrap\" data-name=\"asunto\"><input size=\"40\" maxlength=\"400\" class=\"wpcf7-form-control wpcf7-text wpcf7-validates-as-required\" aria-required=\"true\" aria-invalid=\"false\" placeholder=\"M\u00e1l *\" value=\"\" type=\"text\" name=\"asunto\" \/><\/span>\n\t\t<\/p>\n\t<\/div>\n<\/div>\n<p><span class=\"wpcf7-form-control-wrap\" data-name=\"mensaje\"><textarea cols=\"40\" rows=\"10\" maxlength=\"2000\" class=\"wpcf7-form-control wpcf7-textarea wpcf7-validates-as-required\" aria-required=\"true\" aria-invalid=\"false\" placeholder=\"Skilabo\u00f0\" name=\"mensaje\"><\/textarea><\/span>\n<\/p>\n<p class=\"legal-priv\"><span class=\"wpcf7-form-control-wrap\" data-name=\"acceptance-787\"><span class=\"wpcf7-form-control wpcf7-acceptance\"><span class=\"wpcf7-list-item\"><label><input type=\"checkbox\" name=\"acceptance-787\" value=\"1\" aria-invalid=\"false\" \/><span class=\"wpcf7-list-item-label\">\u00c9g hef lesi\u00f0 og sam\u00feykki <a href=\"https:\/\/rosanacl.com\/is\/politica-de-privacidad\/\">Pers\u00f3nuverndarstefna<\/a><\/span><\/label><\/span><\/span><\/span>\n<\/p>\n<p><input class=\"wpcf7-form-control wpcf7-submit has-spinner\" type=\"submit\" value=\"SENDA SKILABO\u00d0\" \/>\n<\/p><div class=\"wpcf7-response-output\" aria-hidden=\"true\"><\/div>\n<input type=\"hidden\" name=\"trp-form-language\" value=\"is\"\/><\/form>\n<\/div>\n<\/div><\/div>\t\t\t\t<\/div>\n\t\t\t\t<\/div>\n\t\t\t\t<\/div>\n\t\t\t\t\t<\/div>\n\t\t\t\t<\/div>\n\t\t\t\t<\/div>","protected":false},"excerpt":{"rendered":"<p>Comprar lencer\u00eda Selene Comprar lencer\u00eda Selene en Rosana CL es apostar por el confort y el dise\u00f1o nacional A la hora de comprar lencer\u00eda Selene, muchas mujeres buscan algo m\u00e1s que una prenda bonita. Quieren sentirse c\u00f3modas, seguras, bien acompa\u00f1adas en cada etapa de su vida. Y ah\u00ed es donde Rosana CL marca la diferencia. [&hellip;]<\/p>\n","protected":false},"author":1,"featured_media":0,"parent":0,"menu_order":0,"comment_status":"closed","ping_status":"closed","template":"","meta":{"content-type":"","footnotes":""},"class_list":["post-2885","page","type-page","status-publish","hentry"],"yoast_head":"<!-- This site is optimized with the Yoast SEO plugin v27.4 - https:\/\/yoast.com\/product\/yoast-seo-wordpress\/ -->\n<title>Comprar lencer\u00eda Selene - Rosana CL<\/title>\n<meta name=\"robots\" content=\"index, follow, max-snippet:-1, max-image-preview:large, max-video-preview:-1\" \/>\n<link rel=\"canonical\" href=\"https:\/\/rosanacl.com\/is\/comprar-lenceria-selene\/\" \/>\n<meta property=\"og:locale\" content=\"is_IS\" \/>\n<meta property=\"og:type\" content=\"article\" \/>\n<meta property=\"og:title\" content=\"Comprar lencer\u00eda Selene - Rosana CL\" \/>\n<meta property=\"og:description\" content=\"Comprar lencer\u00eda Selene Comprar lencer\u00eda Selene en Rosana CL es apostar por el confort y el dise\u00f1o nacional A la hora de comprar lencer\u00eda Selene, muchas mujeres buscan algo m\u00e1s que una prenda bonita. Quieren sentirse c\u00f3modas, seguras, bien acompa\u00f1adas en cada etapa de su vida. Y ah\u00ed es donde Rosana CL marca la diferencia. [&hellip;]\" \/>\n<meta property=\"og:url\" content=\"https:\/\/rosanacl.com\/is\/comprar-lenceria-selene\/\" \/>\n<meta property=\"og:site_name\" content=\"Rosana CL\" \/>\n<meta property=\"article:modified_time\" content=\"2025-07-25T06:10:43+00:00\" \/>\n<meta property=\"og:image\" content=\"https:\/\/rosanacl.com\/wp-content\/uploads\/2025\/04\/5-2.jpg\" \/>\n\t<meta property=\"og:image:width\" content=\"1001\" \/>\n\t<meta property=\"og:image:height\" content=\"1333\" \/>\n\t<meta property=\"og:image:type\" content=\"image\/jpeg\" \/>\n<meta name=\"twitter:card\" content=\"summary_large_image\" \/>\n<meta name=\"twitter:label1\" content=\"Est. reading time\" \/>\n\t<meta name=\"twitter:data1\" content=\"3 minutes\" \/>\n<script type=\"application\/ld+json\" class=\"yoast-schema-graph\">{\"@context\":\"https:\\\/\\\/schema.org\",\"@graph\":[{\"@type\":\"WebPage\",\"@id\":\"https:\\\/\\\/rosanacl.com\\\/comprar-lenceria-selene\\\/\",\"url\":\"https:\\\/\\\/rosanacl.com\\\/comprar-lenceria-selene\\\/\",\"name\":\"Comprar lencer\u00eda Selene - Rosana CL\",\"isPartOf\":{\"@id\":\"https:\\\/\\\/rosanacl.com\\\/ca\\\/#website\"},\"primaryImageOfPage\":{\"@id\":\"https:\\\/\\\/rosanacl.com\\\/comprar-lenceria-selene\\\/#primaryimage\"},\"image\":{\"@id\":\"https:\\\/\\\/rosanacl.com\\\/comprar-lenceria-selene\\\/#primaryimage\"},\"thumbnailUrl\":\"https:\\\/\\\/rosanacl.com\\\/wp-content\\\/uploads\\\/2025\\\/04\\\/5-2-769x1024.jpg\",\"datePublished\":\"2025-07-18T09:11:52+00:00\",\"dateModified\":\"2025-07-25T06:10:43+00:00\",\"breadcrumb\":{\"@id\":\"https:\\\/\\\/rosanacl.com\\\/comprar-lenceria-selene\\\/#breadcrumb\"},\"inLanguage\":\"is\",\"potentialAction\":[{\"@type\":\"ReadAction\",\"target\":[\"https:\\\/\\\/rosanacl.com\\\/comprar-lenceria-selene\\\/\"]}]},{\"@type\":\"ImageObject\",\"inLanguage\":\"is\",\"@id\":\"https:\\\/\\\/rosanacl.com\\\/comprar-lenceria-selene\\\/#primaryimage\",\"url\":\"https:\\\/\\\/rosanacl.com\\\/wp-content\\\/uploads\\\/2025\\\/04\\\/5-2-769x1024.jpg\",\"contentUrl\":\"https:\\\/\\\/rosanacl.com\\\/wp-content\\\/uploads\\\/2025\\\/04\\\/5-2-769x1024.jpg\"},{\"@type\":\"BreadcrumbList\",\"@id\":\"https:\\\/\\\/rosanacl.com\\\/comprar-lenceria-selene\\\/#breadcrumb\",\"itemListElement\":[{\"@type\":\"ListItem\",\"position\":1,\"name\":\"Portada\",\"item\":\"https:\\\/\\\/rosanacl.com\\\/ca\\\/\"},{\"@type\":\"ListItem\",\"position\":2,\"name\":\"Comprar lencer\u00eda Selene\"}]},{\"@type\":\"WebSite\",\"@id\":\"https:\\\/\\\/rosanacl.com\\\/ca\\\/#website\",\"url\":\"https:\\\/\\\/rosanacl.com\\\/ca\\\/\",\"name\":\"Rosana CL\",\"description\":\"Somos tu interior\",\"potentialAction\":[{\"@type\":\"SearchAction\",\"target\":{\"@type\":\"EntryPoint\",\"urlTemplate\":\"https:\\\/\\\/rosanacl.com\\\/ca\\\/?s={search_term_string}\"},\"query-input\":{\"@type\":\"PropertyValueSpecification\",\"valueRequired\":true,\"valueName\":\"search_term_string\"}}],\"inLanguage\":\"is\"}]}<\/script>\n<!-- \/ Yoast SEO plugin. -->","yoast_head_json":{"title":"Comprar lencer\u00eda Selene - Rosana CL","robots":{"index":"index","follow":"follow","max-snippet":"max-snippet:-1","max-image-preview":"max-image-preview:large","max-video-preview":"max-video-preview:-1"},"canonical":"https:\/\/rosanacl.com\/is\/comprar-lenceria-selene\/","og_locale":"is_IS","og_type":"article","og_title":"Comprar lencer\u00eda Selene - Rosana CL","og_description":"Comprar lencer\u00eda Selene Comprar lencer\u00eda Selene en Rosana CL es apostar por el confort y el dise\u00f1o nacional A la hora de comprar lencer\u00eda Selene, muchas mujeres buscan algo m\u00e1s que una prenda bonita. Quieren sentirse c\u00f3modas, seguras, bien acompa\u00f1adas en cada etapa de su vida. Y ah\u00ed es donde Rosana CL marca la diferencia. [&hellip;]","og_url":"https:\/\/rosanacl.com\/is\/comprar-lenceria-selene\/","og_site_name":"Rosana CL","article_modified_time":"2025-07-25T06:10:43+00:00","og_image":[{"width":1001,"height":1333,"url":"https:\/\/rosanacl.com\/wp-content\/uploads\/2025\/04\/5-2.jpg","type":"image\/jpeg"}],"twitter_card":"summary_large_image","twitter_misc":{"Est. reading time":"3 minutes"},"schema":{"@context":"https:\/\/schema.org","@graph":[{"@type":"WebPage","@id":"https:\/\/rosanacl.com\/comprar-lenceria-selene\/","url":"https:\/\/rosanacl.com\/comprar-lenceria-selene\/","name":"Comprar lencer\u00eda Selene - Rosana CL","isPartOf":{"@id":"https:\/\/rosanacl.com\/ca\/#website"},"primaryImageOfPage":{"@id":"https:\/\/rosanacl.com\/comprar-lenceria-selene\/#primaryimage"},"image":{"@id":"https:\/\/rosanacl.com\/comprar-lenceria-selene\/#primaryimage"},"thumbnailUrl":"https:\/\/rosanacl.com\/wp-content\/uploads\/2025\/04\/5-2-769x1024.jpg","datePublished":"2025-07-18T09:11:52+00:00","dateModified":"2025-07-25T06:10:43+00:00","breadcrumb":{"@id":"https:\/\/rosanacl.com\/comprar-lenceria-selene\/#breadcrumb"},"inLanguage":"is","potentialAction":[{"@type":"ReadAction","target":["https:\/\/rosanacl.com\/comprar-lenceria-selene\/"]}]},{"@type":"ImageObject","inLanguage":"is","@id":"https:\/\/rosanacl.com\/comprar-lenceria-selene\/#primaryimage","url":"https:\/\/rosanacl.com\/wp-content\/uploads\/2025\/04\/5-2-769x1024.jpg","contentUrl":"https:\/\/rosanacl.com\/wp-content\/uploads\/2025\/04\/5-2-769x1024.jpg"},{"@type":"BreadcrumbList","@id":"https:\/\/rosanacl.com\/comprar-lenceria-selene\/#breadcrumb","itemListElement":[{"@type":"ListItem","position":1,"name":"Portada","item":"https:\/\/rosanacl.com\/ca\/"},{"@type":"ListItem","position":2,"name":"Comprar lencer\u00eda Selene"}]},{"@type":"WebSite","@id":"https:\/\/rosanacl.com\/ca\/#website","url":"https:\/\/rosanacl.com\/ca\/","name":"Rosana CL","description":"Vi\u00f0 erum innra sj\u00e1lf \u00feitt","potentialAction":[{"@type":"SearchAction","target":{"@type":"EntryPoint","urlTemplate":"https:\/\/rosanacl.com\/ca\/?s={search_term_string}"},"query-input":{"@type":"PropertyValueSpecification","valueRequired":true,"valueName":"search_term_string"}}],"inLanguage":"is"}]}},"_links":{"self":[{"href":"https:\/\/rosanacl.com\/is\/wp-json\/wp\/v2\/pages\/2885","targetHints":{"allow":["GET"]}}],"collection":[{"href":"https:\/\/rosanacl.com\/is\/wp-json\/wp\/v2\/pages"}],"about":[{"href":"https:\/\/rosanacl.com\/is\/wp-json\/wp\/v2\/types\/page"}],"author":[{"embeddable":true,"href":"https:\/\/rosanacl.com\/is\/wp-json\/wp\/v2\/users\/1"}],"replies":[{"embeddable":true,"href":"https:\/\/rosanacl.com\/is\/wp-json\/wp\/v2\/comments?post=2885"}],"version-history":[{"count":0,"href":"https:\/\/rosanacl.com\/is\/wp-json\/wp\/v2\/pages\/2885\/revisions"}],"wp:attachment":[{"href":"https:\/\/rosanacl.com\/is\/wp-json\/wp\/v2\/media?parent=2885"}],"curies":[{"name":"wp","href":"https:\/\/api.w.org\/{rel}","templated":true}]}}