{"id":2891,"date":"2025-07-18T11:14:21","date_gmt":"2025-07-18T09:14:21","guid":{"rendered":"https:\/\/rosanacl.com\/?page_id=2891"},"modified":"2025-07-25T08:09:48","modified_gmt":"2025-07-25T06:09:48","slug":"comprar-bragas","status":"publish","type":"page","link":"https:\/\/rosanacl.com\/is\/comprar-bragas\/","title":{"rendered":"Kaupa n\u00e6rbuxur"},"content":{"rendered":"<div data-elementor-type=\"wp-page\" data-elementor-id=\"2891\" class=\"elementor elementor-2891\" data-elementor-post-type=\"page\">\n\t\t\t\t<div class=\"elementor-element elementor-element-171998c7 e-flex e-con-boxed e-con e-parent\" data-id=\"171998c7\" data-element_type=\"container\" data-e-type=\"container\">\n\t\t\t\t\t<div class=\"e-con-inner\">\n\t\t\t\t<div class=\"elementor-element elementor-element-6575351f elementor-widget elementor-widget-text-editor\" data-id=\"6575351f\" data-element_type=\"widget\" data-e-type=\"widget\" data-widget_type=\"text-editor.default\">\n\t\t\t\t<div class=\"elementor-widget-container\">\n\t\t\t\t\t\t\t\t\t\n<p><\/p>\n\n\n\n<p><\/p>\n\t\t\t\t\t\t\t\t<\/div>\n\t\t\t\t<\/div>\n\t\t\t\t\t<\/div>\n\t\t\t\t<\/div>\n\t\t<div class=\"elementor-element elementor-element-cf7d341 e-flex e-con-boxed e-con e-parent\" data-id=\"cf7d341\" data-element_type=\"container\" data-e-type=\"container\">\n\t\t\t\t\t<div class=\"e-con-inner\">\n\t\t\t\t<div class=\"elementor-element elementor-element-1f1d080 elementor-widget elementor-widget-heading\" data-id=\"1f1d080\" data-element_type=\"widget\" data-e-type=\"widget\" data-widget_type=\"heading.default\">\n\t\t\t\t<div class=\"elementor-widget-container\">\n\t\t\t\t\t<h2 class=\"elementor-heading-title elementor-size-default\">Kaupa n\u00e6rbuxur<\/h2>\t\t\t\t<\/div>\n\t\t\t\t<\/div>\n\t\t\t\t\t<\/div>\n\t\t\t\t<\/div>\n\t\t<div class=\"elementor-element elementor-element-dc1921d e-flex e-con-boxed e-con e-parent\" data-id=\"dc1921d\" data-element_type=\"container\" data-e-type=\"container\">\n\t\t\t\t\t<div class=\"e-con-inner\">\n\t\t<div class=\"elementor-element elementor-element-d19616f e-con-full e-flex e-con e-child\" data-id=\"d19616f\" data-element_type=\"container\" data-e-type=\"container\">\n\t\t\t\t<div class=\"elementor-element elementor-element-8ba1404 elementor-widget elementor-widget-text-editor\" data-id=\"8ba1404\" data-element_type=\"widget\" data-e-type=\"widget\" data-widget_type=\"text-editor.default\">\n\t\t\t\t<div class=\"elementor-widget-container\">\n\t\t\t\t\t\t\t\t\t<h3 data-start=\"311\" data-end=\"385\">A\u00f0 kaupa n\u00e6rbuxur skynsamlega: mikilv\u00e6gi me\u00f0vita\u00f0rar \u00e1kv\u00f6r\u00f0unar<\/h3>\n<p data-start=\"387\" data-end=\"838\">\u00deegar <strong data-start=\"400\" data-end=\"418\">kaupa n\u00e6rbuxur<\/strong>Margir vanmeta \u00e1hrif \u00feessarar fl\u00edkar \u00e1 daglegt l\u00edf \u00feeirra. Hins vegar er mikilv\u00e6gt a\u00f0 velja r\u00e9ttar n\u00e6rbuxur til a\u00f0 tryggja \u00fe\u00e6gindi, n\u00e1nustu heilsu og g\u00f3\u00f0a passun. \u00deetta sn\u00fdst ekki bara um fagurfr\u00e6\u00f0i heldur almenna vell\u00ed\u00f0an. Og \u00fea\u00f0 er einmitt \u00ed \u00feessari daglegu nau\u00f0syn a\u00f0 s\u00e9r\u00feekking Rosana CL ver\u00f0ur \u00f3missandi gildi.<\/p>\n<p data-start=\"840\" data-end=\"1268\">Me\u00f0 yfir 40 \u00e1ra reynslu \u00ed undirf\u00f6ta- og k\u00f3rsettai\u00f0na\u00f0inum hefur Rosana CL komi\u00f0 s\u00e9r fyrir sem vi\u00f0mi\u00f0unarpunktur fyrir \u00fe\u00e1 sem leita a\u00f0 hagn\u00fdtum, \u00fe\u00e6gilegum og a\u00f0sni\u00f0num fl\u00edkum. Verslunin vinnur eing\u00f6ngu me\u00f0 landsmerkinu Selene og b\u00fd\u00f0ur upp \u00e1 n\u00e6rbuxur hanna\u00f0ar og framleiddar \u00e1 Sp\u00e1ni, \u00far g\u00e6\u00f0aefnum, sni\u00f0um sem eru hanna\u00f0ar fyrir \u00fe\u00e6gindi og endingu sem fer fram \u00far v\u00e6ntingum.<\/p>\n<p data-start=\"1270\" data-end=\"1458\"><strong data-start=\"1270\" data-end=\"1288\">Kaupa n\u00e6rbuxur<\/strong> \u00deetta \u00e6tti ekki a\u00f0 vera tilviljunarkennt verkefni. Hj\u00e1 Rosana CL hefur hver ger\u00f0 veri\u00f0 valin \u00fat fr\u00e1 \u00fev\u00ed a\u00f0 h\u00fan a\u00f0lagast vel kvenl\u00edkamanum, \u00e1n \u00feess a\u00f0 merki e\u00f0a \u00f3\u00fe\u00e6gindi komi fram.<\/p>\t\t\t\t\t\t\t\t<\/div>\n\t\t\t\t<\/div>\n\t\t\t\t<\/div>\n\t\t<div class=\"elementor-element elementor-element-5568f8b e-con-full e-flex e-con e-child\" data-id=\"5568f8b\" data-element_type=\"container\" data-e-type=\"container\">\n\t\t\t\t<div class=\"elementor-element elementor-element-980debe elementor-widget elementor-widget-image\" data-id=\"980debe\" data-element_type=\"widget\" data-e-type=\"widget\" data-widget_type=\"image.default\">\n\t\t\t\t<div class=\"elementor-widget-container\">\n\t\t\t\t\t\t\t\t\t\t\t\t\t\t\t<img fetchpriority=\"high\" decoding=\"async\" width=\"800\" height=\"457\" src=\"https:\/\/rosanacl.com\/wp-content\/uploads\/2025\/07\/Imagen-de-WhatsApp-2025-07-24-a-las-12.25.19_78b75d41-1024x585.jpg\" class=\"attachment-large size-large wp-image-2971\" alt=\"\" srcset=\"https:\/\/rosanacl.com\/wp-content\/uploads\/2025\/07\/Imagen-de-WhatsApp-2025-07-24-a-las-12.25.19_78b75d41-1024x585.jpg 1024w, https:\/\/rosanacl.com\/wp-content\/uploads\/2025\/07\/Imagen-de-WhatsApp-2025-07-24-a-las-12.25.19_78b75d41-300x171.jpg 300w, https:\/\/rosanacl.com\/wp-content\/uploads\/2025\/07\/Imagen-de-WhatsApp-2025-07-24-a-las-12.25.19_78b75d41-768x439.jpg 768w, https:\/\/rosanacl.com\/wp-content\/uploads\/2025\/07\/Imagen-de-WhatsApp-2025-07-24-a-las-12.25.19_78b75d41-1536x877.jpg 1536w, https:\/\/rosanacl.com\/wp-content\/uploads\/2025\/07\/Imagen-de-WhatsApp-2025-07-24-a-las-12.25.19_78b75d41-18x10.jpg 18w, https:\/\/rosanacl.com\/wp-content\/uploads\/2025\/07\/Imagen-de-WhatsApp-2025-07-24-a-las-12.25.19_78b75d41-600x343.jpg 600w, https:\/\/rosanacl.com\/wp-content\/uploads\/2025\/07\/Imagen-de-WhatsApp-2025-07-24-a-las-12.25.19_78b75d41.jpg 1891w\" sizes=\"(max-width: 800px) 100vw, 800px\" \/>\t\t\t\t\t\t\t\t\t\t\t\t\t\t\t<\/div>\n\t\t\t\t<\/div>\n\t\t\t\t<\/div>\n\t\t\t\t\t<\/div>\n\t\t\t\t<\/div>\n\t\t<div class=\"elementor-element elementor-element-5e380fb e-flex e-con-boxed e-con e-parent\" data-id=\"5e380fb\" data-element_type=\"container\" data-e-type=\"container\">\n\t\t\t\t\t<div class=\"e-con-inner\">\n\t\t<div class=\"elementor-element elementor-element-a763375 e-con-full e-flex e-con e-child\" data-id=\"a763375\" data-element_type=\"container\" data-e-type=\"container\">\n\t\t\t\t<div class=\"elementor-element elementor-element-a8aecc4 elementor-widget elementor-widget-image\" data-id=\"a8aecc4\" data-element_type=\"widget\" data-e-type=\"widget\" data-widget_type=\"image.default\">\n\t\t\t\t<div class=\"elementor-widget-container\">\n\t\t\t\t\t\t\t\t\t\t\t\t\t\t\t<img decoding=\"async\" width=\"800\" height=\"475\" src=\"https:\/\/rosanacl.com\/wp-content\/uploads\/2025\/07\/Imagen-de-WhatsApp-2025-07-24-a-las-12.25.19_55beb4bc-1024x608.jpg\" class=\"attachment-large size-large wp-image-2972\" alt=\"\" srcset=\"https:\/\/rosanacl.com\/wp-content\/uploads\/2025\/07\/Imagen-de-WhatsApp-2025-07-24-a-las-12.25.19_55beb4bc-1024x608.jpg 1024w, https:\/\/rosanacl.com\/wp-content\/uploads\/2025\/07\/Imagen-de-WhatsApp-2025-07-24-a-las-12.25.19_55beb4bc-300x178.jpg 300w, https:\/\/rosanacl.com\/wp-content\/uploads\/2025\/07\/Imagen-de-WhatsApp-2025-07-24-a-las-12.25.19_55beb4bc-768x456.jpg 768w, https:\/\/rosanacl.com\/wp-content\/uploads\/2025\/07\/Imagen-de-WhatsApp-2025-07-24-a-las-12.25.19_55beb4bc-1536x912.jpg 1536w, https:\/\/rosanacl.com\/wp-content\/uploads\/2025\/07\/Imagen-de-WhatsApp-2025-07-24-a-las-12.25.19_55beb4bc-18x12.jpg 18w, https:\/\/rosanacl.com\/wp-content\/uploads\/2025\/07\/Imagen-de-WhatsApp-2025-07-24-a-las-12.25.19_55beb4bc-600x356.jpg 600w, https:\/\/rosanacl.com\/wp-content\/uploads\/2025\/07\/Imagen-de-WhatsApp-2025-07-24-a-las-12.25.19_55beb4bc.jpg 1775w\" sizes=\"(max-width: 800px) 100vw, 800px\" \/>\t\t\t\t\t\t\t\t\t\t\t\t\t\t\t<\/div>\n\t\t\t\t<\/div>\n\t\t\t\t<\/div>\n\t\t<div class=\"elementor-element elementor-element-b02b1e9 e-con-full e-flex e-con e-child\" data-id=\"b02b1e9\" data-element_type=\"container\" data-e-type=\"container\">\n\t\t\t\t<div class=\"elementor-element elementor-element-e25a6f0 elementor-widget elementor-widget-text-editor\" data-id=\"e25a6f0\" data-element_type=\"widget\" data-e-type=\"widget\" data-widget_type=\"text-editor.default\">\n\t\t\t\t<div class=\"elementor-widget-container\">\n\t\t\t\t\t\t\t\t\t<h3 data-start=\"1460\" data-end=\"1526\">Kauptu Selene n\u00e6rbuxur: g\u00e6\u00f0i sem eru \u00e1berandi fr\u00e1 fyrstu notkun<\/h3>\n<p data-start=\"1528\" data-end=\"1979\">Einn af lyklunum a\u00f0 <strong data-start=\"1549\" data-end=\"1567\">kaupa n\u00e6rbuxur<\/strong> \u00dea\u00f0 \u00fe\u00fd\u00f0ir a\u00f0 skilja a\u00f0 ekki bj\u00f3\u00f0a allar fl\u00edkur upp \u00e1 jafn mikla \u00fe\u00e6gindi. Oft getur r\u00f6ng val \u00e1 efni e\u00f0a sni\u00f0i valdi\u00f0 n\u00faningi, ertingu e\u00f0a \u00f3\u00fe\u00e6gindum sem hafa \u00e1hrif \u00e1 almenna vell\u00ed\u00f0an. \u00deess vegna notar Rosana CL eing\u00f6ngu Selene n\u00e6rbuxur, v\u00f6rumerki sem skilur \u00fearfir kvenna dj\u00fapt og hannar fl\u00edkur s\u00ednar me\u00f0 j\u00f6fnum t\u00e6knilegum og fagurfr\u00e6\u00f0ilegum sj\u00f3narmi\u00f0um \u00ed huga.<\/p>\n<p data-start=\"1981\" data-end=\"2329\">\u00cd v\u00f6rulista \u00feeirra finnur \u00fe\u00fa \u00farval fyrir alla smekk og stundir dagsins: klass\u00edskar n\u00e6rbuxur, bikin\u00ed, h\u00e1 mittisn\u00e6rf\u00f6t og meira \u00f3\u00e1berandi sni\u00f0, allt \u00far mj\u00fakum, teygjanlegum og \u00f6ndunarh\u00e6fum efnum. Saumarnir eru hanna\u00f0ir til a\u00f0 koma \u00ed veg fyrir merki og sni\u00f0i\u00f0 a\u00f0lagast fullkomlega n\u00e1tt\u00farulegum \u00fatl\u00ednum l\u00edkamans.<\/p>\n<p data-start=\"2331\" data-end=\"2640\">Til <strong data-start=\"2334\" data-end=\"2352\">kaupa n\u00e6rbuxur<\/strong> Hj\u00e1 Rosana CL er \u00fe\u00e9r tryggt a\u00f0 finna fl\u00edk sem er ekki a\u00f0eins falleg heldur einnig holl fyrir h\u00fa\u00f0ina \u00fe\u00edna og n\u00e1nari vell\u00ed\u00f0an. Auk \u00feess b\u00fd\u00f0ur verslunin upp \u00e1 pers\u00f3nulega r\u00e1\u00f0gj\u00f6f til a\u00f0 hj\u00e1lpa \u00fe\u00e9r a\u00f0 finna fullkomna st\u00edlinn \u00fat fr\u00e1 st\u00e6r\u00f0 \u00feinni, l\u00edfsst\u00edl og sni\u00f0i.<\/p>\t\t\t\t\t\t\t\t<\/div>\n\t\t\t\t<\/div>\n\t\t\t\t<\/div>\n\t\t\t\t\t<\/div>\n\t\t\t\t<\/div>\n\t\t<div class=\"elementor-element elementor-element-495e863 e-flex e-con-boxed e-con e-parent\" data-id=\"495e863\" data-element_type=\"container\" data-e-type=\"container\">\n\t\t\t\t\t<div class=\"e-con-inner\">\n\t\t\t\t<div class=\"elementor-element elementor-element-fe47ba3 elementor-widget elementor-widget-text-editor\" data-id=\"fe47ba3\" data-element_type=\"widget\" data-e-type=\"widget\" data-widget_type=\"text-editor.default\">\n\t\t\t\t<div class=\"elementor-widget-container\">\n\t\t\t\t\t\t\t\t\t<h3 data-start=\"2642\" data-end=\"2724\">Kauptu n\u00e6rbuxur \u00e1 netinu hj\u00e1 Rosana CL: au\u00f0velt, \u00f6ruggt og me\u00f0 pers\u00f3nulegri \u00fej\u00f3nustu.<\/h3>\n<p data-start=\"2726\" data-end=\"3079\">N\u00fa \u00e1 d\u00f6gum, <strong data-start=\"2738\" data-end=\"2756\">kaupa n\u00e6rbuxur<\/strong> Netverslun er \u00fe\u00e6gileg og flj\u00f3tleg lei\u00f0, en ekki allar verslanir bj\u00f3\u00f0a upp \u00e1 sama traust og \u00feekkingu. Hj\u00e1 Rosana CL er hver kaup undir stj\u00f3rn teymis f\u00f3lks sem \u00feekkir v\u00f6runa vel, veit hvernig hver ger\u00f0 virkar \u00ed daglegri notkun og er til sta\u00f0ar til a\u00f0 a\u00f0sto\u00f0a \u00feig \u00ed gegnum allt ferli\u00f0.<\/p>\n<p data-start=\"3081\" data-end=\"3341\">Netpallur \u00feeirra er inns\u00e6ilegur, me\u00f0 raunverulegum myndum, sk\u00fdrum l\u00fdsingum og \u00edtarlegri st\u00e6r\u00f0arlei\u00f0beiningum til a\u00f0 for\u00f0ast mist\u00f6k. Sendingar eru einnig hr\u00f6\u00f0 og n\u00e6\u00f0i og \u00fej\u00f3nusta vi\u00f0 vi\u00f0skiptavini er til taks til a\u00f0 svara \u00f6llum spurningum.<\/p>\n<p data-start=\"3343\" data-end=\"3625\">A\u00f0 kaupa n\u00e6rbuxur hj\u00e1 Rosana CL \u00fe\u00fd\u00f0ir vinaleg, fagleg og vell\u00ed\u00f0unarmi\u00f0u\u00f0 verslunarupplifun. H\u00e9r finnur \u00fe\u00fa ekki a\u00f0eins falleg undirf\u00f6t heldur einnig fl\u00edkur sem eru hanna\u00f0ar til a\u00f0 endast, vir\u00f0a l\u00edkama \u00feinn og fylgja \u00fe\u00e9r \u00fe\u00e6gilega hverja stund dagsins.<\/p>\n<p data-start=\"3627\" data-end=\"3837\">Hvort sem \u00fe\u00fa \u00fearft a\u00f0 fr\u00edska upp \u00e1 n\u00e6rfatask\u00faffuna \u00fe\u00edna e\u00f0a ert a\u00f0 leita a\u00f0 \u00e1kve\u00f0num st\u00edl, \u00fe\u00e1 hefur Rosana CL \u00fea\u00f0 sem \u00fe\u00fa \u00fearft. \u00dev\u00ed \u00feegar \u00fe\u00fa velur vel innan fr\u00e1, \u00fe\u00e1 rennur allt anna\u00f0 af meira sj\u00e1lfstrausti.<\/p>\t\t\t\t\t\t\t\t<\/div>\n\t\t\t\t<\/div>\n\t\t\t\t\t<\/div>\n\t\t\t\t<\/div>\n\t\t<div class=\"elementor-element elementor-element-d05ed3a e-flex e-con-boxed e-con e-parent\" data-id=\"d05ed3a\" data-element_type=\"container\" data-e-type=\"container\">\n\t\t\t\t\t<div class=\"e-con-inner\">\n\t\t\t\t<div class=\"elementor-element elementor-element-b883e86 elementor-widget elementor-widget-heading\" data-id=\"b883e86\" data-element_type=\"widget\" data-e-type=\"widget\" data-widget_type=\"heading.default\">\n\t\t\t\t<div class=\"elementor-widget-container\">\n\t\t\t\t\t<h2 class=\"elementor-heading-title elementor-size-default\">Haf\u00f0u samband vi\u00f0 okkur <\/h2>\t\t\t\t<\/div>\n\t\t\t\t<\/div>\n\t\t\t\t\t<\/div>\n\t\t\t\t<\/div>\n\t\t<div class=\"elementor-element elementor-element-00e20e2 e-flex e-con-boxed e-con e-parent\" data-id=\"00e20e2\" data-element_type=\"container\" data-e-type=\"container\">\n\t\t\t\t\t<div class=\"e-con-inner\">\n\t\t<div class=\"elementor-element elementor-element-8ad8f7b e-con-full e-flex e-con e-child\" data-id=\"8ad8f7b\" data-element_type=\"container\" data-e-type=\"container\">\n\t\t\t\t<div class=\"elementor-element elementor-element-888944a elementor-widget__width-initial elementor-widget elementor-widget-elementskit-contact-form7\" data-id=\"888944a\" data-element_type=\"widget\" data-e-type=\"widget\" data-widget_type=\"elementskit-contact-form7.default\">\n\t\t\t\t<div class=\"elementor-widget-container\">\n\t\t\t\t\t<div class=\"ekit-wid-con\" ><div class=\"ekit-form\">\n<div class=\"wpcf7 no-js\" id=\"wpcf7-f48-o1\" lang=\"es-ES\" dir=\"ltr\" data-wpcf7-id=\"48\">\n<div class=\"screen-reader-response\"><p role=\"status\" aria-live=\"polite\" aria-atomic=\"true\"><\/p> <ul><\/ul><\/div>\n<form action=\"\/de\/wp-json\/wp\/v2\/pages\/2891#wpcf7-f48-o1\" method=\"post\" class=\"wpcf7-form init\" aria-label=\"Tengili\u00f0sey\u00f0ubla\u00f0\" novalidate=\"novalidate\" data-status=\"init\" data-trp-original-action=\"\/de\/wp-json\/wp\/v2\/pages\/2891#wpcf7-f48-o1\">\n<fieldset class=\"hidden-fields-container\"><input type=\"hidden\" name=\"_wpcf7\" value=\"48\" \/><input type=\"hidden\" name=\"_wpcf7_version\" value=\"6.1.5\" \/><input type=\"hidden\" name=\"_wpcf7_locale\" value=\"es_ES\" \/><input type=\"hidden\" name=\"_wpcf7_unit_tag\" value=\"wpcf7-f48-o1\" \/><input type=\"hidden\" name=\"_wpcf7_container_post\" value=\"0\" \/><input type=\"hidden\" name=\"_wpcf7_posted_data_hash\" value=\"\" \/><input type=\"hidden\" name=\"_wpcf7_recaptcha_response\" value=\"\" \/>\n<\/fieldset>\n<div class=\"form-row\">\n\t<div class=\"form-column\">\n\t\t<p><span class=\"wpcf7-form-control-wrap\" data-name=\"nombre\"><input size=\"40\" maxlength=\"400\" class=\"wpcf7-form-control wpcf7-text wpcf7-validates-as-required\" aria-required=\"true\" aria-invalid=\"false\" placeholder=\"Nafn\" value=\"\" type=\"text\" name=\"nombre\" \/><\/span>\n\t\t<\/p>\n\t<\/div>\n\t<div class=\"form-column\">\n\t\t<p><span class=\"wpcf7-form-control-wrap\" data-name=\"telefono\"><input size=\"40\" maxlength=\"400\" class=\"wpcf7-form-control wpcf7-tel wpcf7-validates-as-required wpcf7-text wpcf7-validates-as-tel\" aria-required=\"true\" aria-invalid=\"false\" placeholder=\"S\u00edmi *\" value=\"\" type=\"tel\" name=\"telefono\" \/><\/span>\n\t\t<\/p>\n\t<\/div>\n<\/div>\n<div class=\"form-row\">\n\t<div class=\"form-column\">\n\t\t<p><span class=\"wpcf7-form-control-wrap\" data-name=\"email\"><input size=\"40\" maxlength=\"400\" class=\"wpcf7-form-control wpcf7-email wpcf7-validates-as-required wpcf7-text wpcf7-validates-as-email\" aria-required=\"true\" aria-invalid=\"false\" placeholder=\"Netfang *\" value=\"\" type=\"email\" name=\"email\" \/><\/span>\n\t\t<\/p>\n\t<\/div>\n\t<div class=\"form-column\">\n\t\t<p><span class=\"wpcf7-form-control-wrap\" data-name=\"asunto\"><input size=\"40\" maxlength=\"400\" class=\"wpcf7-form-control wpcf7-text wpcf7-validates-as-required\" aria-required=\"true\" aria-invalid=\"false\" placeholder=\"M\u00e1l *\" value=\"\" type=\"text\" name=\"asunto\" \/><\/span>\n\t\t<\/p>\n\t<\/div>\n<\/div>\n<p><span class=\"wpcf7-form-control-wrap\" data-name=\"mensaje\"><textarea cols=\"40\" rows=\"10\" maxlength=\"2000\" class=\"wpcf7-form-control wpcf7-textarea wpcf7-validates-as-required\" aria-required=\"true\" aria-invalid=\"false\" placeholder=\"Skilabo\u00f0\" name=\"mensaje\"><\/textarea><\/span>\n<\/p>\n<p class=\"legal-priv\"><span class=\"wpcf7-form-control-wrap\" data-name=\"acceptance-787\"><span class=\"wpcf7-form-control wpcf7-acceptance\"><span class=\"wpcf7-list-item\"><label><input type=\"checkbox\" name=\"acceptance-787\" value=\"1\" aria-invalid=\"false\" \/><span class=\"wpcf7-list-item-label\">\u00c9g hef lesi\u00f0 og sam\u00feykki <a href=\"https:\/\/rosanacl.com\/is\/politica-de-privacidad\/\">Pers\u00f3nuverndarstefna<\/a><\/span><\/label><\/span><\/span><\/span>\n<\/p>\n<p><input class=\"wpcf7-form-control wpcf7-submit has-spinner\" type=\"submit\" value=\"SENDA SKILABO\u00d0\" \/>\n<\/p><div class=\"wpcf7-response-output\" aria-hidden=\"true\"><\/div>\n<input type=\"hidden\" name=\"trp-form-language\" value=\"is\"\/><\/form>\n<\/div>\n<\/div><\/div>\t\t\t\t<\/div>\n\t\t\t\t<\/div>\n\t\t\t\t<\/div>\n\t\t\t\t\t<\/div>\n\t\t\t\t<\/div>\n\t\t\t\t<\/div>","protected":false},"excerpt":{"rendered":"<p>Comprar bragas Comprar bragas con criterio: la importancia de una elecci\u00f3n consciente A la hora de comprar bragas, muchas personas tienden a subestimar el impacto que esta prenda puede tener en su d\u00eda a d\u00eda. Sin embargo, elegir la braguita adecuada es fundamental para garantizar la comodidad, la salud \u00edntima y el buen ajuste de [&hellip;]<\/p>\n","protected":false},"author":1,"featured_media":0,"parent":0,"menu_order":0,"comment_status":"closed","ping_status":"closed","template":"","meta":{"content-type":"","footnotes":""},"class_list":["post-2891","page","type-page","status-publish","hentry"],"yoast_head":"<!-- This site is optimized with the Yoast SEO plugin v27.4 - https:\/\/yoast.com\/product\/yoast-seo-wordpress\/ -->\n<title>Comprar bragas - Rosana CL<\/title>\n<meta name=\"robots\" content=\"index, follow, max-snippet:-1, max-image-preview:large, max-video-preview:-1\" \/>\n<link rel=\"canonical\" href=\"https:\/\/rosanacl.com\/is\/comprar-bragas\/\" \/>\n<meta property=\"og:locale\" content=\"is_IS\" \/>\n<meta property=\"og:type\" content=\"article\" \/>\n<meta property=\"og:title\" content=\"Comprar bragas - Rosana CL\" \/>\n<meta property=\"og:description\" content=\"Comprar bragas Comprar bragas con criterio: la importancia de una elecci\u00f3n consciente A la hora de comprar bragas, muchas personas tienden a subestimar el impacto que esta prenda puede tener en su d\u00eda a d\u00eda. Sin embargo, elegir la braguita adecuada es fundamental para garantizar la comodidad, la salud \u00edntima y el buen ajuste de [&hellip;]\" \/>\n<meta property=\"og:url\" content=\"https:\/\/rosanacl.com\/is\/comprar-bragas\/\" \/>\n<meta property=\"og:site_name\" content=\"Rosana CL\" \/>\n<meta property=\"article:modified_time\" content=\"2025-07-25T06:09:48+00:00\" \/>\n<meta property=\"og:image\" content=\"https:\/\/rosanacl.com\/wp-content\/uploads\/2025\/07\/Imagen-de-WhatsApp-2025-07-24-a-las-12.25.19_78b75d41.jpg\" \/>\n\t<meta property=\"og:image:width\" content=\"1891\" \/>\n\t<meta property=\"og:image:height\" content=\"1080\" \/>\n\t<meta property=\"og:image:type\" content=\"image\/jpeg\" \/>\n<meta name=\"twitter:card\" content=\"summary_large_image\" \/>\n<meta name=\"twitter:label1\" content=\"Est. reading time\" \/>\n\t<meta name=\"twitter:data1\" content=\"3 minutes\" \/>\n<script type=\"application\/ld+json\" class=\"yoast-schema-graph\">{\"@context\":\"https:\\\/\\\/schema.org\",\"@graph\":[{\"@type\":\"WebPage\",\"@id\":\"https:\\\/\\\/rosanacl.com\\\/comprar-bragas\\\/\",\"url\":\"https:\\\/\\\/rosanacl.com\\\/comprar-bragas\\\/\",\"name\":\"Comprar bragas - Rosana CL\",\"isPartOf\":{\"@id\":\"https:\\\/\\\/rosanacl.com\\\/ca\\\/#website\"},\"primaryImageOfPage\":{\"@id\":\"https:\\\/\\\/rosanacl.com\\\/comprar-bragas\\\/#primaryimage\"},\"image\":{\"@id\":\"https:\\\/\\\/rosanacl.com\\\/comprar-bragas\\\/#primaryimage\"},\"thumbnailUrl\":\"https:\\\/\\\/rosanacl.com\\\/wp-content\\\/uploads\\\/2025\\\/07\\\/Imagen-de-WhatsApp-2025-07-24-a-las-12.25.19_78b75d41-1024x585.jpg\",\"datePublished\":\"2025-07-18T09:14:21+00:00\",\"dateModified\":\"2025-07-25T06:09:48+00:00\",\"breadcrumb\":{\"@id\":\"https:\\\/\\\/rosanacl.com\\\/comprar-bragas\\\/#breadcrumb\"},\"inLanguage\":\"is\",\"potentialAction\":[{\"@type\":\"ReadAction\",\"target\":[\"https:\\\/\\\/rosanacl.com\\\/comprar-bragas\\\/\"]}]},{\"@type\":\"ImageObject\",\"inLanguage\":\"is\",\"@id\":\"https:\\\/\\\/rosanacl.com\\\/comprar-bragas\\\/#primaryimage\",\"url\":\"https:\\\/\\\/rosanacl.com\\\/wp-content\\\/uploads\\\/2025\\\/07\\\/Imagen-de-WhatsApp-2025-07-24-a-las-12.25.19_78b75d41-1024x585.jpg\",\"contentUrl\":\"https:\\\/\\\/rosanacl.com\\\/wp-content\\\/uploads\\\/2025\\\/07\\\/Imagen-de-WhatsApp-2025-07-24-a-las-12.25.19_78b75d41-1024x585.jpg\"},{\"@type\":\"BreadcrumbList\",\"@id\":\"https:\\\/\\\/rosanacl.com\\\/comprar-bragas\\\/#breadcrumb\",\"itemListElement\":[{\"@type\":\"ListItem\",\"position\":1,\"name\":\"Portada\",\"item\":\"https:\\\/\\\/rosanacl.com\\\/ca\\\/\"},{\"@type\":\"ListItem\",\"position\":2,\"name\":\"Comprar bragas\"}]},{\"@type\":\"WebSite\",\"@id\":\"https:\\\/\\\/rosanacl.com\\\/ca\\\/#website\",\"url\":\"https:\\\/\\\/rosanacl.com\\\/ca\\\/\",\"name\":\"Rosana CL\",\"description\":\"Somos tu interior\",\"potentialAction\":[{\"@type\":\"SearchAction\",\"target\":{\"@type\":\"EntryPoint\",\"urlTemplate\":\"https:\\\/\\\/rosanacl.com\\\/ca\\\/?s={search_term_string}\"},\"query-input\":{\"@type\":\"PropertyValueSpecification\",\"valueRequired\":true,\"valueName\":\"search_term_string\"}}],\"inLanguage\":\"is\"}]}<\/script>\n<!-- \/ Yoast SEO plugin. -->","yoast_head_json":{"title":"Comprar bragas - Rosana CL","robots":{"index":"index","follow":"follow","max-snippet":"max-snippet:-1","max-image-preview":"max-image-preview:large","max-video-preview":"max-video-preview:-1"},"canonical":"https:\/\/rosanacl.com\/is\/comprar-bragas\/","og_locale":"is_IS","og_type":"article","og_title":"Comprar bragas - Rosana CL","og_description":"Comprar bragas Comprar bragas con criterio: la importancia de una elecci\u00f3n consciente A la hora de comprar bragas, muchas personas tienden a subestimar el impacto que esta prenda puede tener en su d\u00eda a d\u00eda. Sin embargo, elegir la braguita adecuada es fundamental para garantizar la comodidad, la salud \u00edntima y el buen ajuste de [&hellip;]","og_url":"https:\/\/rosanacl.com\/is\/comprar-bragas\/","og_site_name":"Rosana CL","article_modified_time":"2025-07-25T06:09:48+00:00","og_image":[{"width":1891,"height":1080,"url":"https:\/\/rosanacl.com\/wp-content\/uploads\/2025\/07\/Imagen-de-WhatsApp-2025-07-24-a-las-12.25.19_78b75d41.jpg","type":"image\/jpeg"}],"twitter_card":"summary_large_image","twitter_misc":{"Est. reading time":"3 minutes"},"schema":{"@context":"https:\/\/schema.org","@graph":[{"@type":"WebPage","@id":"https:\/\/rosanacl.com\/comprar-bragas\/","url":"https:\/\/rosanacl.com\/comprar-bragas\/","name":"Comprar bragas - Rosana CL","isPartOf":{"@id":"https:\/\/rosanacl.com\/ca\/#website"},"primaryImageOfPage":{"@id":"https:\/\/rosanacl.com\/comprar-bragas\/#primaryimage"},"image":{"@id":"https:\/\/rosanacl.com\/comprar-bragas\/#primaryimage"},"thumbnailUrl":"https:\/\/rosanacl.com\/wp-content\/uploads\/2025\/07\/Imagen-de-WhatsApp-2025-07-24-a-las-12.25.19_78b75d41-1024x585.jpg","datePublished":"2025-07-18T09:14:21+00:00","dateModified":"2025-07-25T06:09:48+00:00","breadcrumb":{"@id":"https:\/\/rosanacl.com\/comprar-bragas\/#breadcrumb"},"inLanguage":"is","potentialAction":[{"@type":"ReadAction","target":["https:\/\/rosanacl.com\/comprar-bragas\/"]}]},{"@type":"ImageObject","inLanguage":"is","@id":"https:\/\/rosanacl.com\/comprar-bragas\/#primaryimage","url":"https:\/\/rosanacl.com\/wp-content\/uploads\/2025\/07\/Imagen-de-WhatsApp-2025-07-24-a-las-12.25.19_78b75d41-1024x585.jpg","contentUrl":"https:\/\/rosanacl.com\/wp-content\/uploads\/2025\/07\/Imagen-de-WhatsApp-2025-07-24-a-las-12.25.19_78b75d41-1024x585.jpg"},{"@type":"BreadcrumbList","@id":"https:\/\/rosanacl.com\/comprar-bragas\/#breadcrumb","itemListElement":[{"@type":"ListItem","position":1,"name":"Portada","item":"https:\/\/rosanacl.com\/ca\/"},{"@type":"ListItem","position":2,"name":"Comprar bragas"}]},{"@type":"WebSite","@id":"https:\/\/rosanacl.com\/ca\/#website","url":"https:\/\/rosanacl.com\/ca\/","name":"Rosana CL","description":"Vi\u00f0 erum innra sj\u00e1lf \u00feitt","potentialAction":[{"@type":"SearchAction","target":{"@type":"EntryPoint","urlTemplate":"https:\/\/rosanacl.com\/ca\/?s={search_term_string}"},"query-input":{"@type":"PropertyValueSpecification","valueRequired":true,"valueName":"search_term_string"}}],"inLanguage":"is"}]}},"_links":{"self":[{"href":"https:\/\/rosanacl.com\/is\/wp-json\/wp\/v2\/pages\/2891","targetHints":{"allow":["GET"]}}],"collection":[{"href":"https:\/\/rosanacl.com\/is\/wp-json\/wp\/v2\/pages"}],"about":[{"href":"https:\/\/rosanacl.com\/is\/wp-json\/wp\/v2\/types\/page"}],"author":[{"embeddable":true,"href":"https:\/\/rosanacl.com\/is\/wp-json\/wp\/v2\/users\/1"}],"replies":[{"embeddable":true,"href":"https:\/\/rosanacl.com\/is\/wp-json\/wp\/v2\/comments?post=2891"}],"version-history":[{"count":0,"href":"https:\/\/rosanacl.com\/is\/wp-json\/wp\/v2\/pages\/2891\/revisions"}],"wp:attachment":[{"href":"https:\/\/rosanacl.com\/is\/wp-json\/wp\/v2\/media?parent=2891"}],"curies":[{"name":"wp","href":"https:\/\/api.w.org\/{rel}","templated":true}]}}