{"id":31,"date":"2025-03-28T16:10:30","date_gmt":"2025-03-28T19:10:30","guid":{"rendered":"https:\/\/innovacon.simplificandotuweb.com\/?page_id=31"},"modified":"2025-07-09T08:56:36","modified_gmt":"2025-07-09T06:56:36","slug":"politica-de-privacidad","status":"publish","type":"page","link":"https:\/\/rosanacl.com\/is\/politica-de-privacidad\/","title":{"rendered":"Pers\u00f3nuverndarstefna"},"content":{"rendered":"<div data-elementor-type=\"wp-page\" data-elementor-id=\"31\" class=\"elementor elementor-31\" data-elementor-post-type=\"page\">\n\t\t\t\t<div class=\"elementor-element elementor-element-1ca8157 e-flex e-con-boxed e-con e-parent\" data-id=\"1ca8157\" data-element_type=\"container\" data-e-type=\"container\" data-settings=\"{&quot;background_background&quot;:&quot;classic&quot;}\">\n\t\t\t\t\t<div class=\"e-con-inner\">\n\t\t<div class=\"elementor-element elementor-element-ee95924 e-con-full e-flex e-con e-child\" data-id=\"ee95924\" data-element_type=\"container\" data-e-type=\"container\">\n\t\t\t\t<div class=\"elementor-element elementor-element-fbdd061 elementor-widget elementor-widget-heading\" data-id=\"fbdd061\" data-element_type=\"widget\" data-e-type=\"widget\" data-widget_type=\"heading.default\">\n\t\t\t\t<div class=\"elementor-widget-container\">\n\t\t\t\t\t<h2 class=\"elementor-heading-title elementor-size-default\">Pers\u00f3nuverndarstefna<\/h2>\t\t\t\t<\/div>\n\t\t\t\t<\/div>\n\t\t\t\t<\/div>\n\t\t\t\t\t<\/div>\n\t\t\t\t<\/div>\n\t\t<div class=\"elementor-element elementor-element-5a8dd38e e-flex e-con-boxed e-con e-parent\" data-id=\"5a8dd38e\" data-element_type=\"container\" data-e-type=\"container\">\n\t\t\t\t\t<div class=\"e-con-inner\">\n\t\t\t\t<div class=\"elementor-element elementor-element-6ea5a565 elementor-widget elementor-widget-text-editor\" data-id=\"6ea5a565\" data-element_type=\"widget\" data-e-type=\"widget\" data-widget_type=\"text-editor.default\">\n\t\t\t\t<div class=\"elementor-widget-container\">\n\t\t\t\t\t\t\t\t\t\n<p><strong>1.- NOTENDUPPL\u00ddSINGAR<\/strong><\/p>\n\n<p>Vefs\u00ed\u00f0an uppl\u00fdsir notendur vefs\u00ed\u00f0unnar um stefnu s\u00edna var\u00f0andi vinnslu og vernd pers\u00f3nuuppl\u00fdsinga notenda og vi\u00f0skiptavina sem kunna a\u00f0 vera \u00f3ska\u00f0 eftir me\u00f0 \u00fev\u00ed a\u00f0 vafra um vefs\u00ed\u00f0una.<\/p>\n\n<p>Vefs\u00ed\u00f0an ber \u00e1byrg\u00f0 \u00e1 vinnslu pers\u00f3nuuppl\u00fdsinga notenda og veitir \u00fev\u00ed eftirfarandi uppl\u00fdsingar var\u00f0andi vinnslu gagna \u00feeirra:<\/p>\n\n<p><strong>Skilyr\u00f0i fyrir var\u00f0veislu gagna:<\/strong>\u00a0Pers\u00f3nuuppl\u00fdsingarnar sem gefnar eru ver\u00f0a geymdar \u00fear til a\u00f0ilinn sem a\u00f0ili hefur veitt \u00f3skar eftir \u00fev\u00ed a\u00f0 \u00fe\u00e6r ver\u00f0i st\u00f6\u00f0va\u00f0ar, og n\u00fdtir r\u00e9tt sinn yfir uppl\u00fdsingunum, og \u00ed \u00f6llum tilvikum \u00ed samr\u00e6mi vi\u00f0 gildandi lagalega fyrningarfresti.<\/p>\n\n<p><strong>R\u00e9ttindi hagsmunaa\u00f0ila:<\/strong><\/p>\n\n<p>R\u00e9ttur til a\u00f0 afturkalla sam\u00feykki \u00feitt hven\u00e6r sem er.<br \/>R\u00e9ttur til a\u00f0gangs, lei\u00f0r\u00e9ttingar, ey\u00f0ingar, flytjanleika gagna \u00feinna og takm\u00f6rkunar e\u00f0a andm\u00e6la vinnslu \u00feeirra, sem og r\u00e9ttur til a\u00f0 vera ekki h\u00e1\u00f0ur sj\u00e1lfvirkum einstaklingsbundnum \u00e1kv\u00f6r\u00f0unum.<\/p>\n\n<p><strong>Tengili\u00f0auppl\u00fdsingar til a\u00f0 n\u00fdta r\u00e9ttindi \u00fe\u00edn:<\/strong><\/p>\n\n<p>\u00de\u00fa ver\u00f0ur a\u00f0 gera \u00fe\u00e9r grein fyrir \u00fev\u00ed a\u00f0 \u00fe\u00fa s\u00e9rt me\u00f0 r\u00e9ttindi \u00fe\u00edn og \u00f3ska sk\u00fdrt eftir r\u00e9ttinum til a\u00f0 stunda l\u00edkamsr\u00e6kt.<\/p>\n\n<ul class=\"wp-block-list\">\n<li>Fyrirt\u00e6ki: Pablo Angulo Maspons<\/li>\n<li>\u00cdb\u00faafj\u00f6ldi: Vinaroz, Sp\u00e1nn<\/li>\n<li>S\u00edmi: 613395013<\/li>\n<li>P\u00f3stur: <a class=\"css-1rn59kg\" title=\"info@rosanacl.com\" href=\"mailto:info@rosanacl.com\" data-testid=\"link-with-safety\" data-renderer-mark=\"true\">info@rosanacl.com\u00a0<\/a><\/li>\n<\/ul>\n\n<p><strong>2.- UPPL\u00ddSINGAR SEM NOTANDI LEITI FR\u00c1<\/strong><\/p>\n\n<p>Ef \u00fe\u00fa ert yngri en 18 \u00e1ra er \u00fe\u00e9r ekki heimilt a\u00f0 nota ey\u00f0ubl\u00f6\u00f0 \u00e1 vefs\u00ed\u00f0u okkar.<\/p>\n\n<p>Me\u00f0 \u00fev\u00ed a\u00f0 sl\u00e1 inn g\u00f6gn s\u00edn \u00ed tengili\u00f0sey\u00f0ubl\u00f6\u00f0 e\u00f0a \u00ed ni\u00f0urhalsey\u00f0ubl\u00f6\u00f0um sam\u00feykkja notendur s\u00e9rstaklega, af f\u00fasum og frj\u00e1lsum vilja og \u00f3tv\u00edr\u00e6\u00f0um h\u00e6tti a\u00f0 g\u00f6gn \u00feeirra s\u00e9u nau\u00f0synleg til a\u00f0 ver\u00f0a vi\u00f0 bei\u00f0ni \u00feeirra fr\u00e1 \u00e1byrg\u00f0ara\u00f0ila, en a\u00f0 skr\u00e1ning gagna \u00ed a\u00f0ra reiti s\u00e9 valfrj\u00e1ls.<\/p>\n\n<p>Notandinn \u00e1byrgist a\u00f0 pers\u00f3nuuppl\u00fdsingar sem hann l\u00e6tur \u00ed t\u00e9 s\u00e9u sannar og ber \u00e1byrg\u00f0 \u00e1 a\u00f0 tilkynna um allar breytingar.<\/p>\n\n<p>\u00d6ll g\u00f6gn sem \u00f3ska\u00f0 er eftir \u00ed gegnum vefs\u00ed\u00f0una eru nau\u00f0synleg til a\u00f0 veita notandanum bestu m\u00f6gulegu \u00fej\u00f3nustu. Ef \u00f6ll g\u00f6gn eru ekki veitt er ekki h\u00e6gt a\u00f0 tryggja a\u00f0 uppl\u00fdsingar og \u00fej\u00f3nusta sem \u00e1byrg\u00f0ara\u00f0ili veitir s\u00e9u a\u00f0 fullu sni\u00f0in a\u00f0 \u00fe\u00f6rfum notandans.<\/p>\n\n<p><strong>3. \u00d6RYGGISR\u00c1\u00d0STAFANIR<\/strong><\/p>\n\n<p>A\u00f0 \u00e1byrg\u00f0ara\u00f0ili, \u00ed samr\u00e6mi vi\u00f0 \u00e1kv\u00e6\u00f0i gildandi regluger\u00f0ar um vernd pers\u00f3nuuppl\u00fdsinga, fylgi \u00f6llum \u00e1kv\u00e6\u00f0um GDPR og LOPD regluger\u00f0anna um vinnslu pers\u00f3nuuppl\u00fdsinga \u00e1 hans \u00e1byrg\u00f0, sem eru unnar \u00e1 l\u00f6gm\u00e6tan, sanngjarnan og gagns\u00e6jan h\u00e1tt gagnvart hagsmunaa\u00f0ila og fulln\u00e6gjandi, vi\u00f0eigandi og takmarka\u00f0ar vi\u00f0 \u00fea\u00f0 sem nau\u00f0synlegt er mi\u00f0a\u00f0 vi\u00f0 tilgang vinnslunnar.<\/p>\n\n<p>\u00c1byrg\u00f0ara\u00f0ili gagna \u00e1byrgist a\u00f0 hann hafi innleitt vi\u00f0eigandi t\u00e6knilegar og skipulagslegar stefnur til a\u00f0 beita \u00f6ryggisr\u00e1\u00f0st\u00f6funum sem kve\u00f0i\u00f0 er \u00e1 um \u00ed GDPR og LOPD til a\u00f0 vernda r\u00e9ttindi og frelsi notenda og hafi mi\u00f0la\u00f0 \u00feeim vi\u00f0eigandi uppl\u00fdsingum svo \u00feeir geti n\u00fdtt \u00fe\u00e6r.<\/p>\n\n<p><strong>4. \u00d6RYGGISGALLAR<\/strong><\/p>\n\n<p>\u00c1byrg\u00f0ara\u00f0ili gagna mun tilkynna \u00f6ll \u00f6ryggisbrot sem hafa \u00e1hrif \u00e1 gagnagrunninn sem \u00feessi vefs\u00ed\u00f0a notar, e\u00f0a einhverja af \u00fej\u00f3nustum \u00feri\u00f0ja a\u00f0ila okkar, til allra einstaklinga, gagna sem kunna a\u00f0 hafa or\u00f0i\u00f0 fyrir \u00e1hrifum og yfirvalda, innan 72 klukkustunda fr\u00e1 \u00fev\u00ed a\u00f0 broti\u00f0 var uppg\u00f6tva\u00f0.<\/p>\n\n<p><strong>GILDI\u00d0 L\u00d6G OG L\u00d6GS\u00d6GU<\/strong><\/p>\n\n<p>Til a\u00f0 leysa \u00far \u00f6llum deilum e\u00f0a m\u00e1lum sem tengjast \u00feessari vefs\u00ed\u00f0u e\u00f0a starfsemi sem \u00fear fer fram gilda sp\u00e6nsk l\u00f6g, sem a\u00f0ilar sam\u00feykkja s\u00e9rstaklega, og d\u00f3mst\u00f3lar og \u00e1fr\u00fdjunarnefndir \u00ed Barcelona eru b\u00e6rir til a\u00f0 leysa \u00far \u00f6llum \u00e1greiningi sem kann a\u00f0 r\u00edsa af e\u00f0a tengjast notkun \u00feessarar vefs\u00ed\u00f0u.<\/p>\n\n<p>\u00a0<\/p>\n\t\t\t\t\t\t\t\t<\/div>\n\t\t\t\t<\/div>\n\t\t\t\t\t<\/div>\n\t\t\t\t<\/div>\n\t\t\t\t<\/div>","protected":false},"excerpt":{"rendered":"<p>1.- INFORMACI\u00d3N AL USUARIO El sitio web informa a los usuarios del sitio web sobre su pol\u00edtica respecto al tratamiento y protecci\u00f3n de los datos de car\u00e1cter personal de los usuarios y clientes que puedan ser solicitados por la navegaci\u00f3n a trav\u00e9s de su sitio web. El sitio web es el Responsable del tratamiento de [&hellip;]<\/p>\n","protected":false},"author":1,"featured_media":0,"parent":0,"menu_order":0,"comment_status":"closed","ping_status":"closed","template":"","meta":{"content-type":"","footnotes":""},"class_list":["post-31","page","type-page","status-publish","hentry"],"yoast_head":"<!-- This site is optimized with the Yoast SEO plugin v27.4 - https:\/\/yoast.com\/product\/yoast-seo-wordpress\/ -->\n<title>Pol\u00edtica de Privacidad - Rosana CL<\/title>\n<meta name=\"robots\" content=\"index, follow, max-snippet:-1, max-image-preview:large, max-video-preview:-1\" \/>\n<link rel=\"canonical\" href=\"https:\/\/rosanacl.com\/is\/politica-de-privacidad\/\" \/>\n<meta property=\"og:locale\" content=\"is_IS\" \/>\n<meta property=\"og:type\" content=\"article\" \/>\n<meta property=\"og:title\" content=\"Pol\u00edtica de Privacidad - Rosana CL\" \/>\n<meta property=\"og:description\" content=\"1.- INFORMACI\u00d3N AL USUARIO El sitio web informa a los usuarios del sitio web sobre su pol\u00edtica respecto al tratamiento y protecci\u00f3n de los datos de car\u00e1cter personal de los usuarios y clientes que puedan ser solicitados por la navegaci\u00f3n a trav\u00e9s de su sitio web. El sitio web es el Responsable del tratamiento de [&hellip;]\" \/>\n<meta property=\"og:url\" content=\"https:\/\/rosanacl.com\/is\/politica-de-privacidad\/\" \/>\n<meta property=\"og:site_name\" content=\"Rosana CL\" \/>\n<meta property=\"article:modified_time\" content=\"2025-07-09T06:56:36+00:00\" \/>\n<meta name=\"twitter:card\" content=\"summary_large_image\" \/>\n<meta name=\"twitter:label1\" content=\"Est. reading time\" \/>\n\t<meta name=\"twitter:data1\" content=\"3 minutes\" \/>\n<script type=\"application\/ld+json\" class=\"yoast-schema-graph\">{\"@context\":\"https:\\\/\\\/schema.org\",\"@graph\":[{\"@type\":\"WebPage\",\"@id\":\"https:\\\/\\\/rosanacl.com\\\/politica-de-privacidad\\\/\",\"url\":\"https:\\\/\\\/rosanacl.com\\\/politica-de-privacidad\\\/\",\"name\":\"Pol\u00edtica de Privacidad - Rosana CL\",\"isPartOf\":{\"@id\":\"https:\\\/\\\/rosanacl.com\\\/ca\\\/#website\"},\"datePublished\":\"2025-03-28T19:10:30+00:00\",\"dateModified\":\"2025-07-09T06:56:36+00:00\",\"breadcrumb\":{\"@id\":\"https:\\\/\\\/rosanacl.com\\\/politica-de-privacidad\\\/#breadcrumb\"},\"inLanguage\":\"is\",\"potentialAction\":[{\"@type\":\"ReadAction\",\"target\":[\"https:\\\/\\\/rosanacl.com\\\/politica-de-privacidad\\\/\"]}]},{\"@type\":\"BreadcrumbList\",\"@id\":\"https:\\\/\\\/rosanacl.com\\\/politica-de-privacidad\\\/#breadcrumb\",\"itemListElement\":[{\"@type\":\"ListItem\",\"position\":1,\"name\":\"Portada\",\"item\":\"https:\\\/\\\/rosanacl.com\\\/ca\\\/\"},{\"@type\":\"ListItem\",\"position\":2,\"name\":\"Pol\u00edtica de Privacidad\"}]},{\"@type\":\"WebSite\",\"@id\":\"https:\\\/\\\/rosanacl.com\\\/ca\\\/#website\",\"url\":\"https:\\\/\\\/rosanacl.com\\\/ca\\\/\",\"name\":\"Rosana CL\",\"description\":\"Somos tu interior\",\"potentialAction\":[{\"@type\":\"SearchAction\",\"target\":{\"@type\":\"EntryPoint\",\"urlTemplate\":\"https:\\\/\\\/rosanacl.com\\\/ca\\\/?s={search_term_string}\"},\"query-input\":{\"@type\":\"PropertyValueSpecification\",\"valueRequired\":true,\"valueName\":\"search_term_string\"}}],\"inLanguage\":\"is\"}]}<\/script>\n<!-- \/ Yoast SEO plugin. -->","yoast_head_json":{"title":"Pol\u00edtica de Privacidad - Rosana CL","robots":{"index":"index","follow":"follow","max-snippet":"max-snippet:-1","max-image-preview":"max-image-preview:large","max-video-preview":"max-video-preview:-1"},"canonical":"https:\/\/rosanacl.com\/is\/politica-de-privacidad\/","og_locale":"is_IS","og_type":"article","og_title":"Pol\u00edtica de Privacidad - Rosana CL","og_description":"1.- INFORMACI\u00d3N AL USUARIO El sitio web informa a los usuarios del sitio web sobre su pol\u00edtica respecto al tratamiento y protecci\u00f3n de los datos de car\u00e1cter personal de los usuarios y clientes que puedan ser solicitados por la navegaci\u00f3n a trav\u00e9s de su sitio web. El sitio web es el Responsable del tratamiento de [&hellip;]","og_url":"https:\/\/rosanacl.com\/is\/politica-de-privacidad\/","og_site_name":"Rosana CL","article_modified_time":"2025-07-09T06:56:36+00:00","twitter_card":"summary_large_image","twitter_misc":{"Est. reading time":"3 minutes"},"schema":{"@context":"https:\/\/schema.org","@graph":[{"@type":"WebPage","@id":"https:\/\/rosanacl.com\/politica-de-privacidad\/","url":"https:\/\/rosanacl.com\/politica-de-privacidad\/","name":"Pol\u00edtica de Privacidad - Rosana CL","isPartOf":{"@id":"https:\/\/rosanacl.com\/ca\/#website"},"datePublished":"2025-03-28T19:10:30+00:00","dateModified":"2025-07-09T06:56:36+00:00","breadcrumb":{"@id":"https:\/\/rosanacl.com\/politica-de-privacidad\/#breadcrumb"},"inLanguage":"is","potentialAction":[{"@type":"ReadAction","target":["https:\/\/rosanacl.com\/politica-de-privacidad\/"]}]},{"@type":"BreadcrumbList","@id":"https:\/\/rosanacl.com\/politica-de-privacidad\/#breadcrumb","itemListElement":[{"@type":"ListItem","position":1,"name":"Portada","item":"https:\/\/rosanacl.com\/ca\/"},{"@type":"ListItem","position":2,"name":"Pol\u00edtica de Privacidad"}]},{"@type":"WebSite","@id":"https:\/\/rosanacl.com\/ca\/#website","url":"https:\/\/rosanacl.com\/ca\/","name":"Rosana CL","description":"Vi\u00f0 erum innra sj\u00e1lf \u00feitt","potentialAction":[{"@type":"SearchAction","target":{"@type":"EntryPoint","urlTemplate":"https:\/\/rosanacl.com\/ca\/?s={search_term_string}"},"query-input":{"@type":"PropertyValueSpecification","valueRequired":true,"valueName":"search_term_string"}}],"inLanguage":"is"}]}},"_links":{"self":[{"href":"https:\/\/rosanacl.com\/is\/wp-json\/wp\/v2\/pages\/31","targetHints":{"allow":["GET"]}}],"collection":[{"href":"https:\/\/rosanacl.com\/is\/wp-json\/wp\/v2\/pages"}],"about":[{"href":"https:\/\/rosanacl.com\/is\/wp-json\/wp\/v2\/types\/page"}],"author":[{"embeddable":true,"href":"https:\/\/rosanacl.com\/is\/wp-json\/wp\/v2\/users\/1"}],"replies":[{"embeddable":true,"href":"https:\/\/rosanacl.com\/is\/wp-json\/wp\/v2\/comments?post=31"}],"version-history":[{"count":0,"href":"https:\/\/rosanacl.com\/is\/wp-json\/wp\/v2\/pages\/31\/revisions"}],"wp:attachment":[{"href":"https:\/\/rosanacl.com\/is\/wp-json\/wp\/v2\/media?parent=31"}],"curies":[{"name":"wp","href":"https:\/\/api.w.org\/{rel}","templated":true}]}}