{"id":3704,"date":"2025-09-29T23:46:58","date_gmt":"2025-09-29T21:46:58","guid":{"rendered":"https:\/\/rosanacl.com\/?page_id=3704"},"modified":"2025-09-29T23:50:04","modified_gmt":"2025-09-29T21:50:04","slug":"bragas-de-selene","status":"publish","type":"page","link":"https:\/\/rosanacl.com\/is\/bragas-de-selene\/","title":{"rendered":"N\u00e6rbuxurnar hennar Selene"},"content":{"rendered":"<div data-elementor-type=\"wp-page\" data-elementor-id=\"3704\" class=\"elementor elementor-3704\" data-elementor-post-type=\"page\">\n\t\t\t\t<div class=\"elementor-element elementor-element-171998c7 e-flex e-con-boxed e-con e-parent\" data-id=\"171998c7\" data-element_type=\"container\" data-e-type=\"container\">\n\t\t\t\t\t<div class=\"e-con-inner\">\n\t\t\t\t<div class=\"elementor-element elementor-element-6575351f elementor-widget elementor-widget-text-editor\" data-id=\"6575351f\" data-element_type=\"widget\" data-e-type=\"widget\" data-widget_type=\"text-editor.default\">\n\t\t\t\t<div class=\"elementor-widget-container\">\n\t\t\t\t\t\t\t\t\t\n<p><\/p>\n\n\n\n<p><\/p>\n\t\t\t\t\t\t\t\t<\/div>\n\t\t\t\t<\/div>\n\t\t\t\t\t<\/div>\n\t\t\t\t<\/div>\n\t\t<div class=\"elementor-element elementor-element-cf7d341 e-flex e-con-boxed e-con e-parent\" data-id=\"cf7d341\" data-element_type=\"container\" data-e-type=\"container\">\n\t\t\t\t\t<div class=\"e-con-inner\">\n\t\t\t\t<div class=\"elementor-element elementor-element-1f1d080 elementor-widget elementor-widget-heading\" data-id=\"1f1d080\" data-element_type=\"widget\" data-e-type=\"widget\" data-widget_type=\"heading.default\">\n\t\t\t\t<div class=\"elementor-widget-container\">\n\t\t\t\t\t<h2 class=\"elementor-heading-title elementor-size-default\">N\u00e6rbuxurnar hennar Selene<\/h2>\t\t\t\t<\/div>\n\t\t\t\t<\/div>\n\t\t\t\t\t<\/div>\n\t\t\t\t<\/div>\n\t\t<div class=\"elementor-element elementor-element-dc1921d e-flex e-con-boxed e-con e-parent\" data-id=\"dc1921d\" data-element_type=\"container\" data-e-type=\"container\">\n\t\t\t\t\t<div class=\"e-con-inner\">\n\t\t<div class=\"elementor-element elementor-element-d19616f e-con-full e-flex e-con e-child\" data-id=\"d19616f\" data-element_type=\"container\" data-e-type=\"container\">\n\t\t\t\t<div class=\"elementor-element elementor-element-366d290 elementor-widget elementor-widget-text-editor\" data-id=\"366d290\" data-element_type=\"widget\" data-e-type=\"widget\" data-widget_type=\"text-editor.default\">\n\t\t\t\t<div class=\"elementor-widget-container\">\n\t\t\t\t\t\t\t\t\t<h3 data-start=\"3151\" data-end=\"3212\"><strong data-start=\"3155\" data-end=\"3210\">Selene n\u00e6rbuxur: Nau\u00f0synjar sem allar konur \u00feurfa<\/strong><\/h3>\n<p data-start=\"3213\" data-end=\"3592\">Hinn <strong data-start=\"3217\" data-end=\"3237\">N\u00e6rbuxurnar hennar Selene<\/strong> \u00de\u00e6r eru samheiti yfir g\u00e6\u00f0i, \u00fe\u00e6gindi og gl\u00e6sileika. Hj\u00e1 Rosana CL bj\u00f3\u00f0um vi\u00f0 upp \u00e1 vandlega vali\u00f0 \u00farval af Selene n\u00e6rbuxum sem a\u00f0lagast \u00fe\u00f6rfum hverrar konu og sameina h\u00f6nnun og virkni. Hver fl\u00edk er \u00far h\u00e1g\u00e6\u00f0a efnum sem tryggja m\u00fdkt, teygjanleika og endingu, sem tryggir \u00fe\u00e6gindi allan daginn.<\/p>\n<p data-start=\"3594\" data-end=\"3993\">A\u00f0 velja nokkra <strong data-start=\"3606\" data-end=\"3626\">N\u00e6rbuxurnar hennar Selene<\/strong> \u00deetta sn\u00fdst ekki bara um st\u00edl: \u00feetta er fj\u00e1rfesting \u00ed vell\u00ed\u00f0an. V\u00f6rumerki\u00f0 hefur unni\u00f0 \u00e1ratugum saman a\u00f0 \u00fev\u00ed a\u00f0 bj\u00f3\u00f0a upp \u00e1 fl\u00edkur sem fylgja l\u00edfsst\u00edl kvenna, koma \u00ed veg fyrir \u00f3\u00fe\u00e6gindi og veita fullkomna passform. Selene n\u00e6rbuxurnar skera sig \u00far fyrir getu s\u00edna til a\u00f0 fegra l\u00edkamann \u00e1 n\u00e1tt\u00farulegan h\u00e1tt og veita sj\u00e1lfstraust og \u00f6ryggi fr\u00e1 fyrstu stundu.<\/p>\t\t\t\t\t\t\t\t<\/div>\n\t\t\t\t<\/div>\n\t\t\t\t<\/div>\n\t\t<div class=\"elementor-element elementor-element-5568f8b e-con-full e-flex e-con e-child\" data-id=\"5568f8b\" data-element_type=\"container\" data-e-type=\"container\">\n\t\t\t\t<div class=\"elementor-element elementor-element-980debe elementor-widget elementor-widget-image\" data-id=\"980debe\" data-element_type=\"widget\" data-e-type=\"widget\" data-widget_type=\"image.default\">\n\t\t\t\t<div class=\"elementor-widget-container\">\n\t\t\t\t\t\t\t\t\t\t\t\t\t\t\t<img fetchpriority=\"high\" decoding=\"async\" width=\"563\" height=\"750\" src=\"https:\/\/rosanacl.com\/wp-content\/uploads\/2025\/08\/5-4-768x1024.png\" class=\"attachment-large size-large wp-image-3528\" alt=\"\" srcset=\"https:\/\/rosanacl.com\/wp-content\/uploads\/2025\/08\/5-4-768x1023.png 768w, https:\/\/rosanacl.com\/wp-content\/uploads\/2025\/08\/5-4-225x300.png 225w, https:\/\/rosanacl.com\/wp-content\/uploads\/2025\/08\/5-4-9x12.png 9w, https:\/\/rosanacl.com\/wp-content\/uploads\/2025\/08\/5-4-600x800.png 600w, https:\/\/rosanacl.com\/wp-content\/uploads\/2025\/08\/5-4.png 800w\" sizes=\"(max-width: 563px) 100vw, 563px\" \/>\t\t\t\t\t\t\t\t\t\t\t\t\t\t\t<\/div>\n\t\t\t\t<\/div>\n\t\t\t\t<\/div>\n\t\t\t\t\t<\/div>\n\t\t\t\t<\/div>\n\t\t<div class=\"elementor-element elementor-element-5e380fb e-flex e-con-boxed e-con e-parent\" data-id=\"5e380fb\" data-element_type=\"container\" data-e-type=\"container\">\n\t\t\t\t\t<div class=\"e-con-inner\">\n\t\t<div class=\"elementor-element elementor-element-a763375 e-con-full e-flex e-con e-child\" data-id=\"a763375\" data-element_type=\"container\" data-e-type=\"container\">\n\t\t\t\t<div class=\"elementor-element elementor-element-a8aecc4 elementor-widget elementor-widget-image\" data-id=\"a8aecc4\" data-element_type=\"widget\" data-e-type=\"widget\" data-widget_type=\"image.default\">\n\t\t\t\t<div class=\"elementor-widget-container\">\n\t\t\t\t\t\t\t\t\t\t\t\t\t\t\t<img decoding=\"async\" width=\"750\" height=\"750\" src=\"https:\/\/rosanacl.com\/wp-content\/uploads\/2025\/08\/1-9-1024x1024.png\" class=\"attachment-large size-large wp-image-3524\" alt=\"\" srcset=\"https:\/\/rosanacl.com\/wp-content\/uploads\/2025\/08\/1-9-1024x1024.png 1024w, https:\/\/rosanacl.com\/wp-content\/uploads\/2025\/08\/1-9-300x300.png 300w, https:\/\/rosanacl.com\/wp-content\/uploads\/2025\/08\/1-9-150x150.png 150w, https:\/\/rosanacl.com\/wp-content\/uploads\/2025\/08\/1-9-768x768.png 768w, https:\/\/rosanacl.com\/wp-content\/uploads\/2025\/08\/1-9-12x12.png 12w, https:\/\/rosanacl.com\/wp-content\/uploads\/2025\/08\/1-9-600x600.png 600w, https:\/\/rosanacl.com\/wp-content\/uploads\/2025\/08\/1-9-100x100.png 100w, https:\/\/rosanacl.com\/wp-content\/uploads\/2025\/08\/1-9-50x50.png 50w, https:\/\/rosanacl.com\/wp-content\/uploads\/2025\/08\/1-9.png 1333w\" sizes=\"(max-width: 750px) 100vw, 750px\" \/>\t\t\t\t\t\t\t\t\t\t\t\t\t\t\t<\/div>\n\t\t\t\t<\/div>\n\t\t\t\t<\/div>\n\t\t<div class=\"elementor-element elementor-element-b02b1e9 e-con-full e-flex e-con e-child\" data-id=\"b02b1e9\" data-element_type=\"container\" data-e-type=\"container\">\n\t\t\t\t<div class=\"elementor-element elementor-element-d246925 elementor-widget elementor-widget-text-editor\" data-id=\"d246925\" data-element_type=\"widget\" data-e-type=\"widget\" data-widget_type=\"text-editor.default\">\n\t\t\t\t<div class=\"elementor-widget-container\">\n\t\t\t\t\t\t\t\t\t<h3 data-start=\"3995\" data-end=\"4052\"><strong data-start=\"3999\" data-end=\"4050\">Selene n\u00e6rbuxur: fj\u00f6lbreytt \u00farval af ger\u00f0um og st\u00edlum<\/strong><\/h3>\n<p data-start=\"4053\" data-end=\"4392\">Einn af st\u00e6rstu a\u00f0dr\u00e1ttaraflunum \u00e1 <strong data-start=\"4090\" data-end=\"4110\">N\u00e6rbuxurnar hennar Selene<\/strong> \u00dea\u00f0 er fj\u00f6lbreytileikinn \u00ed st\u00edl sem \u00feeir bj\u00f3\u00f0a upp \u00e1. Fr\u00e1 klass\u00edskum og \u00fe\u00e6gilegum h\u00f6nnunum fyrir daglegt kl\u00e6\u00f0na\u00f0 til n\u00e6rbuxna me\u00f0 bl\u00fandu, gegns\u00e6jum efnum og f\u00e1gu\u00f0um sm\u00e1atri\u00f0um fyrir s\u00e9rst\u00f6k tilefni. Hj\u00e1 Rosana CL er hver fl\u00edk vandlega valin til a\u00f0 bj\u00f3\u00f0a upp \u00e1 h\u00e6sta g\u00e6\u00f0aflokk og st\u00edl.<\/p>\n<p data-start=\"4394\" data-end=\"4765\">N\u00e6rbuxurnar fr\u00e1 Selene einkennast einnig af virkni sinni. \u00d3s\u00fdnilegar ger\u00f0ir, til d\u00e6mis, a\u00f0lagast a\u00f0sni\u00f0num fl\u00edkum \u00e1n \u00feess a\u00f0 skilja eftir sig merki, \u00e1 me\u00f0an \u00f6ndunarh\u00e6f og slitsterk efni tryggja endingu jafnvel eftir margar \u00fevotta. Versla\u00f0u n\u00fana. <strong data-start=\"4657\" data-end=\"4677\">N\u00e6rbuxurnar hennar Selene<\/strong> Hj\u00e1 Rosana CL \u00fe\u00fd\u00f0ir \u00fea\u00f0 a\u00f0 f\u00e1 a\u00f0gang a\u00f0 fl\u00edkum sem sameina fagurfr\u00e6\u00f0i, \u00fe\u00e6gindi og endingu.<\/p>\t\t\t\t\t\t\t\t<\/div>\n\t\t\t\t<\/div>\n\t\t\t\t<\/div>\n\t\t\t\t\t<\/div>\n\t\t\t\t<\/div>\n\t\t<div class=\"elementor-element elementor-element-495e863 e-flex e-con-boxed e-con e-parent\" data-id=\"495e863\" data-element_type=\"container\" data-e-type=\"container\">\n\t\t\t\t\t<div class=\"e-con-inner\">\n\t\t\t\t<div class=\"elementor-element elementor-element-fe47ba3 elementor-widget elementor-widget-text-editor\" data-id=\"fe47ba3\" data-element_type=\"widget\" data-e-type=\"widget\" data-widget_type=\"text-editor.default\">\n\t\t\t\t<div class=\"elementor-widget-container\">\n\t\t\t\t\t\t\t\t\t<h3 data-start=\"4767\" data-end=\"4842\"><strong data-start=\"4771\" data-end=\"4840\">Selene Panties: Traust og pers\u00f3nuleg \u00fej\u00f3nusta hj\u00e1 Rosana CL<\/strong><\/h3>\n<p data-start=\"4843\" data-end=\"5244\">Kaupa <strong data-start=\"4851\" data-end=\"4871\">N\u00e6rbuxurnar hennar Selene<\/strong> Hj\u00e1 Rosana CL eru \u00e1rei\u00f0anleiki og g\u00e6\u00f0i trygg\u00f0. Netverslun okkar b\u00fd\u00f0ur upp \u00e1 heildst\u00e6\u00f0an v\u00f6rulista me\u00f0 \u00edtarlegum uppl\u00fdsingum og lj\u00f3smyndum, sem gerir \u00fe\u00e9r kleift a\u00f0 sko\u00f0a allar sm\u00e1atri\u00f0in \u00e1\u00f0ur en \u00fe\u00fa kaupir. Vi\u00f0 bj\u00f3\u00f0um einnig upp \u00e1 pers\u00f3nulega \u00fej\u00f3nustu vi\u00f0 vi\u00f0skiptavini, r\u00e1\u00f0gj\u00f6f um st\u00e6r\u00f0ir, efni og st\u00edl, til a\u00f0 tryggja a\u00f0 hver vi\u00f0skiptavinur finni hina fullkomnu fl\u00edk.<\/p>\n<p data-start=\"5246\" data-end=\"5560\">Samsetning h\u00f6nnunar, \u00fe\u00e6ginda og faglegrar \u00fej\u00f3nustu gerir \u00fea\u00f0 a\u00f0 fr\u00e1b\u00e6rri hugmynd a\u00f0 velja okkur. <strong data-start=\"5317\" data-end=\"5337\">N\u00e6rbuxurnar hennar Selene<\/strong> Hj\u00e1 Rosana CL leggjum vi\u00f0 okkur fram um a\u00f0 veita \u00e1rei\u00f0anlega og \u00e1n\u00e6gjulega upplifun. Vi\u00f0skiptavinir okkar vita a\u00f0 \u00feeir eru a\u00f0 kaupa endingarg\u00f3\u00f0ar, gl\u00e6silegar og hagn\u00fdtar v\u00f6rur, hanna\u00f0ar til a\u00f0 fylgja \u00feeim \u00ed daglegu l\u00edfi og vi\u00f0 s\u00e9rst\u00f6k t\u00e6kif\u00e6ri.<\/p>\n<p data-start=\"5562\" data-end=\"5791\">\u00cd stuttu m\u00e1li, <strong data-start=\"5581\" data-end=\"5601\">N\u00e6rbuxurnar hennar Selene<\/strong> \u00de\u00e6r standa fyrir g\u00e6\u00f0i, \u00fe\u00e6gindi og st\u00edl. A\u00f0 kaupa Selene n\u00e6rbuxur hj\u00e1 Rosana CL \u00fe\u00fd\u00f0ir a\u00f0 velja fl\u00edkur sem auka kvenleika, veita sj\u00e1lfstraust og tryggja \u00e1n\u00e6gju \u00ed hvert skipti sem \u00fe\u00fa notar \u00fe\u00e6r.<\/p>\t\t\t\t\t\t\t\t<\/div>\n\t\t\t\t<\/div>\n\t\t\t\t\t<\/div>\n\t\t\t\t<\/div>\n\t\t<div class=\"elementor-element elementor-element-d05ed3a e-flex e-con-boxed e-con e-parent\" data-id=\"d05ed3a\" data-element_type=\"container\" data-e-type=\"container\">\n\t\t\t\t\t<div class=\"e-con-inner\">\n\t\t\t\t<div class=\"elementor-element elementor-element-b883e86 elementor-widget elementor-widget-heading\" data-id=\"b883e86\" data-element_type=\"widget\" data-e-type=\"widget\" data-widget_type=\"heading.default\">\n\t\t\t\t<div class=\"elementor-widget-container\">\n\t\t\t\t\t<h2 class=\"elementor-heading-title elementor-size-default\">Haf\u00f0u samband vi\u00f0 okkur <\/h2>\t\t\t\t<\/div>\n\t\t\t\t<\/div>\n\t\t\t\t\t<\/div>\n\t\t\t\t<\/div>\n\t\t<div class=\"elementor-element elementor-element-00e20e2 e-flex e-con-boxed e-con e-parent\" data-id=\"00e20e2\" data-element_type=\"container\" data-e-type=\"container\">\n\t\t\t\t\t<div class=\"e-con-inner\">\n\t\t<div class=\"elementor-element elementor-element-8ad8f7b e-con-full e-flex e-con e-child\" data-id=\"8ad8f7b\" data-element_type=\"container\" data-e-type=\"container\">\n\t\t\t\t<div class=\"elementor-element elementor-element-888944a elementor-widget__width-initial elementor-widget elementor-widget-elementskit-contact-form7\" data-id=\"888944a\" data-element_type=\"widget\" data-e-type=\"widget\" data-widget_type=\"elementskit-contact-form7.default\">\n\t\t\t\t<div class=\"elementor-widget-container\">\n\t\t\t\t\t<div class=\"ekit-wid-con\" ><div class=\"ekit-form\">\n<div class=\"wpcf7 no-js\" id=\"wpcf7-f48-o1\" lang=\"es-ES\" dir=\"ltr\" data-wpcf7-id=\"48\">\n<div class=\"screen-reader-response\"><p role=\"status\" aria-live=\"polite\" aria-atomic=\"true\"><\/p> <ul><\/ul><\/div>\n<form action=\"\/de\/wp-json\/wp\/v2\/pages\/3704#wpcf7-f48-o1\" method=\"post\" class=\"wpcf7-form init\" aria-label=\"Tengili\u00f0sey\u00f0ubla\u00f0\" novalidate=\"novalidate\" data-status=\"init\" data-trp-original-action=\"\/de\/wp-json\/wp\/v2\/pages\/3704#wpcf7-f48-o1\">\n<fieldset class=\"hidden-fields-container\"><input type=\"hidden\" name=\"_wpcf7\" value=\"48\" \/><input type=\"hidden\" name=\"_wpcf7_version\" value=\"6.1.5\" \/><input type=\"hidden\" name=\"_wpcf7_locale\" value=\"es_ES\" \/><input type=\"hidden\" name=\"_wpcf7_unit_tag\" value=\"wpcf7-f48-o1\" \/><input type=\"hidden\" name=\"_wpcf7_container_post\" value=\"0\" \/><input type=\"hidden\" name=\"_wpcf7_posted_data_hash\" value=\"\" \/><input type=\"hidden\" name=\"_wpcf7_recaptcha_response\" value=\"\" \/>\n<\/fieldset>\n<div class=\"form-row\">\n\t<div class=\"form-column\">\n\t\t<p><span class=\"wpcf7-form-control-wrap\" data-name=\"nombre\"><input size=\"40\" maxlength=\"400\" class=\"wpcf7-form-control wpcf7-text wpcf7-validates-as-required\" aria-required=\"true\" aria-invalid=\"false\" placeholder=\"Nafn\" value=\"\" type=\"text\" name=\"nombre\" \/><\/span>\n\t\t<\/p>\n\t<\/div>\n\t<div class=\"form-column\">\n\t\t<p><span class=\"wpcf7-form-control-wrap\" data-name=\"telefono\"><input size=\"40\" maxlength=\"400\" class=\"wpcf7-form-control wpcf7-tel wpcf7-validates-as-required wpcf7-text wpcf7-validates-as-tel\" aria-required=\"true\" aria-invalid=\"false\" placeholder=\"S\u00edmi *\" value=\"\" type=\"tel\" name=\"telefono\" \/><\/span>\n\t\t<\/p>\n\t<\/div>\n<\/div>\n<div class=\"form-row\">\n\t<div class=\"form-column\">\n\t\t<p><span class=\"wpcf7-form-control-wrap\" data-name=\"email\"><input size=\"40\" maxlength=\"400\" class=\"wpcf7-form-control wpcf7-email wpcf7-validates-as-required wpcf7-text wpcf7-validates-as-email\" aria-required=\"true\" aria-invalid=\"false\" placeholder=\"Netfang *\" value=\"\" type=\"email\" name=\"email\" \/><\/span>\n\t\t<\/p>\n\t<\/div>\n\t<div class=\"form-column\">\n\t\t<p><span class=\"wpcf7-form-control-wrap\" data-name=\"asunto\"><input size=\"40\" maxlength=\"400\" class=\"wpcf7-form-control wpcf7-text wpcf7-validates-as-required\" aria-required=\"true\" aria-invalid=\"false\" placeholder=\"M\u00e1l *\" value=\"\" type=\"text\" name=\"asunto\" \/><\/span>\n\t\t<\/p>\n\t<\/div>\n<\/div>\n<p><span class=\"wpcf7-form-control-wrap\" data-name=\"mensaje\"><textarea cols=\"40\" rows=\"10\" maxlength=\"2000\" class=\"wpcf7-form-control wpcf7-textarea wpcf7-validates-as-required\" aria-required=\"true\" aria-invalid=\"false\" placeholder=\"Skilabo\u00f0\" name=\"mensaje\"><\/textarea><\/span>\n<\/p>\n<p class=\"legal-priv\"><span class=\"wpcf7-form-control-wrap\" data-name=\"acceptance-787\"><span class=\"wpcf7-form-control wpcf7-acceptance\"><span class=\"wpcf7-list-item\"><label><input type=\"checkbox\" name=\"acceptance-787\" value=\"1\" aria-invalid=\"false\" \/><span class=\"wpcf7-list-item-label\">\u00c9g hef lesi\u00f0 og sam\u00feykki <a href=\"https:\/\/rosanacl.com\/is\/politica-de-privacidad\/\">Pers\u00f3nuverndarstefna<\/a><\/span><\/label><\/span><\/span><\/span>\n<\/p>\n<p><input class=\"wpcf7-form-control wpcf7-submit has-spinner\" type=\"submit\" value=\"SENDA SKILABO\u00d0\" \/>\n<\/p><div class=\"wpcf7-response-output\" aria-hidden=\"true\"><\/div>\n<input type=\"hidden\" name=\"trp-form-language\" value=\"is\"\/><\/form>\n<\/div>\n<\/div><\/div>\t\t\t\t<\/div>\n\t\t\t\t<\/div>\n\t\t\t\t<\/div>\n\t\t\t\t\t<\/div>\n\t\t\t\t<\/div>\n\t\t\t\t<\/div>","protected":false},"excerpt":{"rendered":"<p>Bragas de Selene Bragas de Selene: el b\u00e1sico que toda mujer necesita Las bragas de Selene son sin\u00f3nimo de calidad, comodidad y elegancia. En Rosana CL, ofrecemos una cuidada selecci\u00f3n de bragas de Selene que se adaptan a las necesidades de cada mujer, combinando dise\u00f1o y funcionalidad. Cada prenda est\u00e1 confeccionada con materiales de alta [&hellip;]<\/p>\n","protected":false},"author":1,"featured_media":0,"parent":0,"menu_order":0,"comment_status":"closed","ping_status":"closed","template":"","meta":{"content-type":"","footnotes":""},"class_list":["post-3704","page","type-page","status-publish","hentry"],"yoast_head":"<!-- This site is optimized with the Yoast SEO plugin v27.4 - https:\/\/yoast.com\/product\/yoast-seo-wordpress\/ -->\n<title>Bragas de Selene - Rosana CL<\/title>\n<meta name=\"robots\" content=\"index, follow, max-snippet:-1, max-image-preview:large, max-video-preview:-1\" \/>\n<link rel=\"canonical\" href=\"https:\/\/rosanacl.com\/is\/bragas-de-selene\/\" \/>\n<meta property=\"og:locale\" content=\"is_IS\" \/>\n<meta property=\"og:type\" content=\"article\" \/>\n<meta property=\"og:title\" content=\"Bragas de Selene - Rosana CL\" \/>\n<meta property=\"og:description\" content=\"Bragas de Selene Bragas de Selene: el b\u00e1sico que toda mujer necesita Las bragas de Selene son sin\u00f3nimo de calidad, comodidad y elegancia. En Rosana CL, ofrecemos una cuidada selecci\u00f3n de bragas de Selene que se adaptan a las necesidades de cada mujer, combinando dise\u00f1o y funcionalidad. Cada prenda est\u00e1 confeccionada con materiales de alta [&hellip;]\" \/>\n<meta property=\"og:url\" content=\"https:\/\/rosanacl.com\/is\/bragas-de-selene\/\" \/>\n<meta property=\"og:site_name\" content=\"Rosana CL\" \/>\n<meta property=\"article:modified_time\" content=\"2025-09-29T21:50:04+00:00\" \/>\n<meta property=\"og:image\" content=\"https:\/\/rosanacl.com\/wp-content\/uploads\/2025\/08\/5-4.png\" \/>\n\t<meta property=\"og:image:width\" content=\"800\" \/>\n\t<meta property=\"og:image:height\" content=\"1066\" \/>\n\t<meta property=\"og:image:type\" content=\"image\/png\" \/>\n<meta name=\"twitter:card\" content=\"summary_large_image\" \/>\n<meta name=\"twitter:label1\" content=\"Est. reading time\" \/>\n\t<meta name=\"twitter:data1\" content=\"2 minutes\" \/>\n<script type=\"application\/ld+json\" class=\"yoast-schema-graph\">{\"@context\":\"https:\\\/\\\/schema.org\",\"@graph\":[{\"@type\":\"WebPage\",\"@id\":\"https:\\\/\\\/rosanacl.com\\\/bragas-de-selene\\\/\",\"url\":\"https:\\\/\\\/rosanacl.com\\\/bragas-de-selene\\\/\",\"name\":\"Bragas de Selene - Rosana CL\",\"isPartOf\":{\"@id\":\"https:\\\/\\\/rosanacl.com\\\/ca\\\/#website\"},\"primaryImageOfPage\":{\"@id\":\"https:\\\/\\\/rosanacl.com\\\/bragas-de-selene\\\/#primaryimage\"},\"image\":{\"@id\":\"https:\\\/\\\/rosanacl.com\\\/bragas-de-selene\\\/#primaryimage\"},\"thumbnailUrl\":\"https:\\\/\\\/rosanacl.com\\\/wp-content\\\/uploads\\\/2025\\\/08\\\/5-4-768x1024.png\",\"datePublished\":\"2025-09-29T21:46:58+00:00\",\"dateModified\":\"2025-09-29T21:50:04+00:00\",\"breadcrumb\":{\"@id\":\"https:\\\/\\\/rosanacl.com\\\/bragas-de-selene\\\/#breadcrumb\"},\"inLanguage\":\"is\",\"potentialAction\":[{\"@type\":\"ReadAction\",\"target\":[\"https:\\\/\\\/rosanacl.com\\\/bragas-de-selene\\\/\"]}]},{\"@type\":\"ImageObject\",\"inLanguage\":\"is\",\"@id\":\"https:\\\/\\\/rosanacl.com\\\/bragas-de-selene\\\/#primaryimage\",\"url\":\"https:\\\/\\\/rosanacl.com\\\/wp-content\\\/uploads\\\/2025\\\/08\\\/5-4-768x1024.png\",\"contentUrl\":\"https:\\\/\\\/rosanacl.com\\\/wp-content\\\/uploads\\\/2025\\\/08\\\/5-4-768x1024.png\"},{\"@type\":\"BreadcrumbList\",\"@id\":\"https:\\\/\\\/rosanacl.com\\\/bragas-de-selene\\\/#breadcrumb\",\"itemListElement\":[{\"@type\":\"ListItem\",\"position\":1,\"name\":\"Portada\",\"item\":\"https:\\\/\\\/rosanacl.com\\\/ca\\\/\"},{\"@type\":\"ListItem\",\"position\":2,\"name\":\"Bragas de Selene\"}]},{\"@type\":\"WebSite\",\"@id\":\"https:\\\/\\\/rosanacl.com\\\/ca\\\/#website\",\"url\":\"https:\\\/\\\/rosanacl.com\\\/ca\\\/\",\"name\":\"Rosana CL\",\"description\":\"Somos tu interior\",\"potentialAction\":[{\"@type\":\"SearchAction\",\"target\":{\"@type\":\"EntryPoint\",\"urlTemplate\":\"https:\\\/\\\/rosanacl.com\\\/ca\\\/?s={search_term_string}\"},\"query-input\":{\"@type\":\"PropertyValueSpecification\",\"valueRequired\":true,\"valueName\":\"search_term_string\"}}],\"inLanguage\":\"is\"}]}<\/script>\n<!-- \/ Yoast SEO plugin. -->","yoast_head_json":{"title":"Bragas de Selene - Rosana CL","robots":{"index":"index","follow":"follow","max-snippet":"max-snippet:-1","max-image-preview":"max-image-preview:large","max-video-preview":"max-video-preview:-1"},"canonical":"https:\/\/rosanacl.com\/is\/bragas-de-selene\/","og_locale":"is_IS","og_type":"article","og_title":"Bragas de Selene - Rosana CL","og_description":"Bragas de Selene Bragas de Selene: el b\u00e1sico que toda mujer necesita Las bragas de Selene son sin\u00f3nimo de calidad, comodidad y elegancia. En Rosana CL, ofrecemos una cuidada selecci\u00f3n de bragas de Selene que se adaptan a las necesidades de cada mujer, combinando dise\u00f1o y funcionalidad. Cada prenda est\u00e1 confeccionada con materiales de alta [&hellip;]","og_url":"https:\/\/rosanacl.com\/is\/bragas-de-selene\/","og_site_name":"Rosana CL","article_modified_time":"2025-09-29T21:50:04+00:00","og_image":[{"width":800,"height":1066,"url":"https:\/\/rosanacl.com\/wp-content\/uploads\/2025\/08\/5-4.png","type":"image\/png"}],"twitter_card":"summary_large_image","twitter_misc":{"Est. reading time":"2 minutes"},"schema":{"@context":"https:\/\/schema.org","@graph":[{"@type":"WebPage","@id":"https:\/\/rosanacl.com\/bragas-de-selene\/","url":"https:\/\/rosanacl.com\/bragas-de-selene\/","name":"Bragas de Selene - Rosana CL","isPartOf":{"@id":"https:\/\/rosanacl.com\/ca\/#website"},"primaryImageOfPage":{"@id":"https:\/\/rosanacl.com\/bragas-de-selene\/#primaryimage"},"image":{"@id":"https:\/\/rosanacl.com\/bragas-de-selene\/#primaryimage"},"thumbnailUrl":"https:\/\/rosanacl.com\/wp-content\/uploads\/2025\/08\/5-4-768x1024.png","datePublished":"2025-09-29T21:46:58+00:00","dateModified":"2025-09-29T21:50:04+00:00","breadcrumb":{"@id":"https:\/\/rosanacl.com\/bragas-de-selene\/#breadcrumb"},"inLanguage":"is","potentialAction":[{"@type":"ReadAction","target":["https:\/\/rosanacl.com\/bragas-de-selene\/"]}]},{"@type":"ImageObject","inLanguage":"is","@id":"https:\/\/rosanacl.com\/bragas-de-selene\/#primaryimage","url":"https:\/\/rosanacl.com\/wp-content\/uploads\/2025\/08\/5-4-768x1024.png","contentUrl":"https:\/\/rosanacl.com\/wp-content\/uploads\/2025\/08\/5-4-768x1024.png"},{"@type":"BreadcrumbList","@id":"https:\/\/rosanacl.com\/bragas-de-selene\/#breadcrumb","itemListElement":[{"@type":"ListItem","position":1,"name":"Portada","item":"https:\/\/rosanacl.com\/ca\/"},{"@type":"ListItem","position":2,"name":"Bragas de Selene"}]},{"@type":"WebSite","@id":"https:\/\/rosanacl.com\/ca\/#website","url":"https:\/\/rosanacl.com\/ca\/","name":"Rosana CL","description":"Vi\u00f0 erum innra sj\u00e1lf \u00feitt","potentialAction":[{"@type":"SearchAction","target":{"@type":"EntryPoint","urlTemplate":"https:\/\/rosanacl.com\/ca\/?s={search_term_string}"},"query-input":{"@type":"PropertyValueSpecification","valueRequired":true,"valueName":"search_term_string"}}],"inLanguage":"is"}]}},"_links":{"self":[{"href":"https:\/\/rosanacl.com\/is\/wp-json\/wp\/v2\/pages\/3704","targetHints":{"allow":["GET"]}}],"collection":[{"href":"https:\/\/rosanacl.com\/is\/wp-json\/wp\/v2\/pages"}],"about":[{"href":"https:\/\/rosanacl.com\/is\/wp-json\/wp\/v2\/types\/page"}],"author":[{"embeddable":true,"href":"https:\/\/rosanacl.com\/is\/wp-json\/wp\/v2\/users\/1"}],"replies":[{"embeddable":true,"href":"https:\/\/rosanacl.com\/is\/wp-json\/wp\/v2\/comments?post=3704"}],"version-history":[{"count":0,"href":"https:\/\/rosanacl.com\/is\/wp-json\/wp\/v2\/pages\/3704\/revisions"}],"wp:attachment":[{"href":"https:\/\/rosanacl.com\/is\/wp-json\/wp\/v2\/media?parent=3704"}],"curies":[{"name":"wp","href":"https:\/\/api.w.org\/{rel}","templated":true}]}}