{"id":1066,"date":"2025-04-30T00:46:30","date_gmt":"2025-04-29T22:46:30","guid":{"rendered":"https:\/\/rosanacl.com\/?post_type=product&#038;p=1066"},"modified":"2026-01-07T20:51:25","modified_gmt":"2026-01-07T19:51:25","slug":"sujetador-modelo-violeta","status":"publish","type":"product","link":"https:\/\/rosanacl.com\/is\/product\/sujetador-modelo-violeta\/","title":{"rendered":"Selene Violet brj\u00f3stahaldari"},"content":{"rendered":"<p>Selene Violeta brj\u00f3stahaldarinn er hanna\u00f0ur fyrir \u00fe\u00e1 sem vilja fallega og vel sta\u00f0setta brj\u00f3st, en l\u00edka \u00feann aukalega svip sem gerir greinilegan mun: m\u00fdkri hli\u00f0ar og handarkrika, me\u00f0 \u00feekju sem fellur vel undir f\u00f6t. Hann er me\u00f0 v\u00edrum fyrir fastari stu\u00f0ning og b\u00f3lstra\u00f0ar bollar sem undirstrika brj\u00f3sti\u00f0 \u00e1n \u00feess a\u00f0 \u00fdkja.<\/p>\n<p>Styrkur \u00feess liggur \u00ed laserskornu, krosslaga stj\u00f3rntyllinu, sem er hanna\u00f0 til a\u00f0 l\u00e1gmarka hli\u00f0arb\u00f3lur og skapa strauml\u00ednulaga\u00f0ri sni\u00f0m\u00e1t. \u00dea\u00f0 er fr\u00e1b\u00e6rt val fyrir stuttermaboli, a\u00f0sni\u00f0nar fl\u00edkur og daglegt \u00fatlit, hven\u00e6r sem \u00fe\u00fa vilt finna fyrir sj\u00e1lfstrausti og smja\u00f0ri fr\u00e1 \u00feeirri stundu sem \u00fe\u00fa kl\u00e6\u00f0ist \u00fev\u00ed.<\/p>\n<p>Sm\u00e1atri\u00f0in sem skipta m\u00e1li \u00ed Violetu<\/p>\n<ul>\n<li>B\u00f3lstra\u00f0ir bollar sem fegra bringuna \u00e1 n\u00e1tt\u00farulegan h\u00e1tt og gera hana fallegri.<\/li>\n<li>Hringir sem veita st\u00f6\u00f0ugan stu\u00f0ning og mi\u00f0l\u00e6gari l\u00f6gun.<\/li>\n<li>Krosslagt tyll til a\u00f0 hylja og sl\u00e9tta hli\u00f0ar og handarkrika.<\/li>\n<li>Laserskori\u00f0 fyrir hreinni og n\u00e6rf\u00e6rnari \u00e1fer\u00f0 undir f\u00f6tum.<\/li>\n<li>M\u00fdkjandi \u00e1hrif sem fegra sj\u00f3nr\u00e6nt \u00e1n \u00feess a\u00f0 f\u00f3rna \u00fe\u00e6gindum.<\/li>\n<\/ul>\n<p>\ud83d\udde3\ufe0f R\u00e1\u00f0: Violeta er fyrir \u00fe\u00e1 daga \u00feegar \u00fe\u00fa vilt vera f\u00e1gu\u00f0 og \u00f6rugg um lei\u00f0 og \u00fe\u00fa kl\u00e6\u00f0ist \u00fev\u00ed: brj\u00f3stin \u00fe\u00edn l\u00edta fallega \u00fat og eru mi\u00f0ja\u00f0ar og hli\u00f0arnar eru m\u00fdkri undir f\u00f6tunum. \u00deetta er s\u00fa tegund stu\u00f0nings sem gerir \u00fe\u00e9r kleift a\u00f0 ganga me\u00f0 meira sj\u00e1lfstrausti.<\/p>\n<p>\ud83d\udccf Athugi\u00f0: Ef \u00fe\u00fa ert \u00e1 milli tveggja st\u00e6r\u00f0a skaltu senda umm\u00e1li\u00f0: ef \u00fe\u00fa vilt fastari og \u00f6ruggari passform skaltu velja \u00fe\u00e1 minni; ef \u00fe\u00fa vilt meiri \u00fe\u00e6gindi (e\u00f0a ert me\u00f0 vi\u00f0kv\u00e6ma hli\u00f0) skaltu st\u00e6kka um eina st\u00e6r\u00f0.<\/p>\n<p>Samsetning: 50% p\u00f3l\u00fdam\u00ed\u00f0, 40% p\u00f3l\u00fdester, 10% elastan.<\/p>\n<p>\ud83e\ude9e \u00de\u00fa horfir \u00e1 sj\u00e1lfan \u00feig og skilur: \u00ed dag l\u00edtur \u00fe\u00fa \u00fat fyrir a\u00f0 vera \u00f3a\u00f0finnanlegur.<\/p>\n<div id=\"v1ms-outlook-mobile-body-separator-line\" dir=\"auto\"><\/div>","protected":false},"excerpt":{"rendered":"<p>El sujetador Selene modelo Violeta est\u00e1 pensado para cuando buscas un pecho bonito y bien colocado, pero tambi\u00e9n quieres ese extra que se nota en el conjunto: costados y zona de axila m\u00e1s lisos, con una cobertura que se integra mejor bajo la ropa. Lleva aros para una sujeci\u00f3n m\u00e1s firme y una copa con [&hellip;]<\/p>\n","protected":false},"featured_media":2368,"comment_status":"open","ping_status":"closed","template":"","meta":{"content-type":""},"product_brand":[55],"product_cat":[26,20,113],"product_tag":[56,62],"class_list":{"0":"post-1066","1":"product","2":"type-product","3":"status-publish","4":"has-post-thumbnail","6":"product_brand-selene","7":"product_cat-con-aros-y-relleno","8":"product_cat-sujetador","9":"product_cat-violeta","10":"product_tag-sujetador","11":"product_tag-sujetador-con-aros-y-rellenos","13":"first","14":"instock","15":"taxable","16":"shipping-taxable","17":"purchasable","18":"product-type-variable"},"supplier_id":null,"supplier_sku":"","barcode":null,"atum_controlled":true,"out_stock_date":null,"out_stock_threshold":null,"inheritable":true,"inbound_stock":0,"stock_on_hold":0,"sold_today":0,"sales_last_days":0,"reserved_stock":0,"customer_returns":0,"warehouse_damage":0,"lost_in_post":0,"other_logs":0,"out_stock_days":0,"lost_sales":0,"has_location":false,"update_date":"2026-01-07T19:51:26","atum_locations":[],"atum_stock_status":"instock","restock_status":false,"low_stock_amount":"","sales_update_date":"2025-10-03T04:56:54","calc_backorders":null,"yoast_head":"<!-- This site is optimized with the Yoast SEO plugin v27.4 - https:\/\/yoast.com\/product\/yoast-seo-wordpress\/ -->\n<title>Sujetador Selene Violeta - Rosana CL<\/title>\n<meta name=\"robots\" content=\"index, follow, max-snippet:-1, max-image-preview:large, max-video-preview:-1\" \/>\n<link rel=\"canonical\" href=\"https:\/\/rosanacl.com\/is\/product\/sujetador-modelo-violeta\/\" \/>\n<meta property=\"og:locale\" content=\"is_IS\" \/>\n<meta property=\"og:type\" content=\"article\" \/>\n<meta property=\"og:title\" content=\"Sujetador Selene Violeta - Rosana CL\" \/>\n<meta property=\"og:description\" content=\"El sujetador Selene modelo Violeta est\u00e1 pensado para cuando buscas un pecho bonito y bien colocado, pero tambi\u00e9n quieres ese extra que se nota en el conjunto: costados y zona de axila m\u00e1s lisos, con una cobertura que se integra mejor bajo la ropa. Lleva aros para una sujeci\u00f3n m\u00e1s firme y una copa con [&hellip;]\" \/>\n<meta property=\"og:url\" content=\"https:\/\/rosanacl.com\/is\/product\/sujetador-modelo-violeta\/\" \/>\n<meta property=\"og:site_name\" content=\"Rosana CL\" \/>\n<meta property=\"article:modified_time\" content=\"2026-01-07T19:51:25+00:00\" \/>\n<meta property=\"og:image\" content=\"https:\/\/rosanacl.com\/wp-content\/uploads\/2025\/04\/1-5.jpg\" \/>\n\t<meta property=\"og:image:width\" content=\"889\" \/>\n\t<meta property=\"og:image:height\" content=\"1333\" \/>\n\t<meta property=\"og:image:type\" content=\"image\/jpeg\" \/>\n<meta name=\"twitter:card\" content=\"summary_large_image\" \/>\n<meta name=\"twitter:label1\" content=\"Est. reading time\" \/>\n\t<meta name=\"twitter:data1\" content=\"2 minutes\" \/>\n<script type=\"application\/ld+json\" class=\"yoast-schema-graph\">{\"@context\":\"https:\\\/\\\/schema.org\",\"@graph\":[{\"@type\":\"WebPage\",\"@id\":\"https:\\\/\\\/rosanacl.com\\\/producto\\\/sujetador-modelo-violeta\\\/\",\"url\":\"https:\\\/\\\/rosanacl.com\\\/producto\\\/sujetador-modelo-violeta\\\/\",\"name\":\"Sujetador Selene Violeta - Rosana CL\",\"isPartOf\":{\"@id\":\"https:\\\/\\\/rosanacl.com\\\/ca\\\/#website\"},\"primaryImageOfPage\":{\"@id\":\"https:\\\/\\\/rosanacl.com\\\/producto\\\/sujetador-modelo-violeta\\\/#primaryimage\"},\"image\":{\"@id\":\"https:\\\/\\\/rosanacl.com\\\/producto\\\/sujetador-modelo-violeta\\\/#primaryimage\"},\"thumbnailUrl\":\"https:\\\/\\\/rosanacl.com\\\/wp-content\\\/uploads\\\/2025\\\/04\\\/1-5.jpg\",\"datePublished\":\"2025-04-29T22:46:30+00:00\",\"dateModified\":\"2026-01-07T19:51:25+00:00\",\"breadcrumb\":{\"@id\":\"https:\\\/\\\/rosanacl.com\\\/producto\\\/sujetador-modelo-violeta\\\/#breadcrumb\"},\"inLanguage\":\"is\",\"potentialAction\":[{\"@type\":\"ReadAction\",\"target\":[\"https:\\\/\\\/rosanacl.com\\\/producto\\\/sujetador-modelo-violeta\\\/\"]}]},{\"@type\":\"ImageObject\",\"inLanguage\":\"is\",\"@id\":\"https:\\\/\\\/rosanacl.com\\\/producto\\\/sujetador-modelo-violeta\\\/#primaryimage\",\"url\":\"https:\\\/\\\/rosanacl.com\\\/wp-content\\\/uploads\\\/2025\\\/04\\\/1-5.jpg\",\"contentUrl\":\"https:\\\/\\\/rosanacl.com\\\/wp-content\\\/uploads\\\/2025\\\/04\\\/1-5.jpg\",\"width\":889,\"height\":1333},{\"@type\":\"BreadcrumbList\",\"@id\":\"https:\\\/\\\/rosanacl.com\\\/producto\\\/sujetador-modelo-violeta\\\/#breadcrumb\",\"itemListElement\":[{\"@type\":\"ListItem\",\"position\":1,\"name\":\"Portada\",\"item\":\"https:\\\/\\\/rosanacl.com\\\/ca\\\/\"},{\"@type\":\"ListItem\",\"position\":2,\"name\":\"Tienda\",\"item\":\"https:\\\/\\\/rosanacl.com\\\/ca\\\/tienda\\\/\"},{\"@type\":\"ListItem\",\"position\":3,\"name\":\"Sujetador Selene Violeta\"}]},{\"@type\":\"WebSite\",\"@id\":\"https:\\\/\\\/rosanacl.com\\\/ca\\\/#website\",\"url\":\"https:\\\/\\\/rosanacl.com\\\/ca\\\/\",\"name\":\"Rosana CL\",\"description\":\"Somos tu interior\",\"potentialAction\":[{\"@type\":\"SearchAction\",\"target\":{\"@type\":\"EntryPoint\",\"urlTemplate\":\"https:\\\/\\\/rosanacl.com\\\/ca\\\/?s={search_term_string}\"},\"query-input\":{\"@type\":\"PropertyValueSpecification\",\"valueRequired\":true,\"valueName\":\"search_term_string\"}}],\"inLanguage\":\"is\"}]}<\/script>\n<!-- \/ Yoast SEO plugin. -->","yoast_head_json":{"title":"Sujetador Selene Violeta - Rosana CL","robots":{"index":"index","follow":"follow","max-snippet":"max-snippet:-1","max-image-preview":"max-image-preview:large","max-video-preview":"max-video-preview:-1"},"canonical":"https:\/\/rosanacl.com\/is\/product\/sujetador-modelo-violeta\/","og_locale":"is_IS","og_type":"article","og_title":"Sujetador Selene Violeta - Rosana CL","og_description":"El sujetador Selene modelo Violeta est\u00e1 pensado para cuando buscas un pecho bonito y bien colocado, pero tambi\u00e9n quieres ese extra que se nota en el conjunto: costados y zona de axila m\u00e1s lisos, con una cobertura que se integra mejor bajo la ropa. Lleva aros para una sujeci\u00f3n m\u00e1s firme y una copa con [&hellip;]","og_url":"https:\/\/rosanacl.com\/is\/product\/sujetador-modelo-violeta\/","og_site_name":"Rosana CL","article_modified_time":"2026-01-07T19:51:25+00:00","og_image":[{"width":889,"height":1333,"url":"https:\/\/rosanacl.com\/wp-content\/uploads\/2025\/04\/1-5.jpg","type":"image\/jpeg"}],"twitter_card":"summary_large_image","twitter_misc":{"Est. reading time":"2 minutes"},"schema":{"@context":"https:\/\/schema.org","@graph":[{"@type":"WebPage","@id":"https:\/\/rosanacl.com\/producto\/sujetador-modelo-violeta\/","url":"https:\/\/rosanacl.com\/producto\/sujetador-modelo-violeta\/","name":"Sujetador Selene Violeta - Rosana CL","isPartOf":{"@id":"https:\/\/rosanacl.com\/ca\/#website"},"primaryImageOfPage":{"@id":"https:\/\/rosanacl.com\/producto\/sujetador-modelo-violeta\/#primaryimage"},"image":{"@id":"https:\/\/rosanacl.com\/producto\/sujetador-modelo-violeta\/#primaryimage"},"thumbnailUrl":"https:\/\/rosanacl.com\/wp-content\/uploads\/2025\/04\/1-5.jpg","datePublished":"2025-04-29T22:46:30+00:00","dateModified":"2026-01-07T19:51:25+00:00","breadcrumb":{"@id":"https:\/\/rosanacl.com\/producto\/sujetador-modelo-violeta\/#breadcrumb"},"inLanguage":"is","potentialAction":[{"@type":"ReadAction","target":["https:\/\/rosanacl.com\/producto\/sujetador-modelo-violeta\/"]}]},{"@type":"ImageObject","inLanguage":"is","@id":"https:\/\/rosanacl.com\/producto\/sujetador-modelo-violeta\/#primaryimage","url":"https:\/\/rosanacl.com\/wp-content\/uploads\/2025\/04\/1-5.jpg","contentUrl":"https:\/\/rosanacl.com\/wp-content\/uploads\/2025\/04\/1-5.jpg","width":889,"height":1333},{"@type":"BreadcrumbList","@id":"https:\/\/rosanacl.com\/producto\/sujetador-modelo-violeta\/#breadcrumb","itemListElement":[{"@type":"ListItem","position":1,"name":"Portada","item":"https:\/\/rosanacl.com\/ca\/"},{"@type":"ListItem","position":2,"name":"Tienda","item":"https:\/\/rosanacl.com\/ca\/tienda\/"},{"@type":"ListItem","position":3,"name":"Sujetador Selene Violeta"}]},{"@type":"WebSite","@id":"https:\/\/rosanacl.com\/ca\/#website","url":"https:\/\/rosanacl.com\/ca\/","name":"Rosana CL","description":"Vi\u00f0 erum innra sj\u00e1lf \u00feitt","potentialAction":[{"@type":"SearchAction","target":{"@type":"EntryPoint","urlTemplate":"https:\/\/rosanacl.com\/ca\/?s={search_term_string}"},"query-input":{"@type":"PropertyValueSpecification","valueRequired":true,"valueName":"search_term_string"}}],"inLanguage":"is"}]}},"_links":{"self":[{"href":"https:\/\/rosanacl.com\/is\/wp-json\/wp\/v2\/product\/1066","targetHints":{"allow":["GET"]}}],"collection":[{"href":"https:\/\/rosanacl.com\/is\/wp-json\/wp\/v2\/product"}],"about":[{"href":"https:\/\/rosanacl.com\/is\/wp-json\/wp\/v2\/types\/product"}],"replies":[{"embeddable":true,"href":"https:\/\/rosanacl.com\/is\/wp-json\/wp\/v2\/comments?post=1066"}],"version-history":[{"count":5,"href":"https:\/\/rosanacl.com\/is\/wp-json\/wp\/v2\/product\/1066\/revisions"}],"predecessor-version":[{"id":4611,"href":"https:\/\/rosanacl.com\/is\/wp-json\/wp\/v2\/product\/1066\/revisions\/4611"}],"wp:featuredmedia":[{"embeddable":true,"href":"https:\/\/rosanacl.com\/is\/wp-json\/wp\/v2\/media\/2368"}],"wp:attachment":[{"href":"https:\/\/rosanacl.com\/is\/wp-json\/wp\/v2\/media?parent=1066"}],"wp:term":[{"taxonomy":"product_brand","embeddable":true,"href":"https:\/\/rosanacl.com\/is\/wp-json\/wp\/v2\/product_brand?post=1066"},{"taxonomy":"product_cat","embeddable":true,"href":"https:\/\/rosanacl.com\/is\/wp-json\/wp\/v2\/product_cat?post=1066"},{"taxonomy":"product_tag","embeddable":true,"href":"https:\/\/rosanacl.com\/is\/wp-json\/wp\/v2\/product_tag?post=1066"}],"curies":[{"name":"wp","href":"https:\/\/api.w.org\/{rel}","templated":true}]}}