{"id":1122,"date":"2025-04-30T00:53:37","date_gmt":"2025-04-29T22:53:37","guid":{"rendered":"https:\/\/rosanacl.com\/?post_type=product&#038;p=1122"},"modified":"2026-01-07T20:46:04","modified_gmt":"2026-01-07T19:46:04","slug":"sujetador-modelo-carolina","status":"publish","type":"product","link":"https:\/\/rosanacl.com\/is\/product\/sujetador-modelo-carolina\/","title":{"rendered":"Selene Carolina brj\u00f3stahaldari"},"content":{"rendered":"<p>Selene Carolina brj\u00f3stahaldarinn er einn af \u00feeim brj\u00f3stahaldurum sem gefur brj\u00f3stunum fallegt og vel sta\u00f0sett \u00fatlit \u00e1n nokkurra auglj\u00f3sra framlenginga. Hann er me\u00f0 l\u00e9ttum b\u00f3lstrun sem m\u00f3tar brj\u00f3stin n\u00e1tt\u00farulega og balconette h\u00e1lsm\u00e1l sem l\u00edtur st\u00f3rkostlega \u00fat undir \u00e1berandi fl\u00edkum og skapar hreina og flatterandi l\u00ednu.<\/p>\n<p>Carolina sk\u00f3rnir eru hanna\u00f0ir til daglegs notkunar og n\u00e1 fullkomnu jafnv\u00e6gi milli \u00fe\u00e6gilegs stu\u00f0nings, \u00e1v\u00f6ls l\u00f6gunar og l\u00e1tlausrar \u00e1fer\u00f0ar undir f\u00f6tum. \u00deeir eru tilvaldir ef \u00fe\u00fa vilt l\u00edta betur \u00fat \u00ed stuttermabolum, bl\u00fassum e\u00f0a kj\u00f3lum, en vi\u00f0halda samt l\u00e9ttri og st\u00f6\u00f0ugri tilfinningu \u00ed marga klukkut\u00edma.<\/p>\n<p>Uppl\u00fdsingar sem \u00fe\u00e9r mun l\u00edka vi\u00f0 Carolina<\/p>\n<ul>\n<li>Balconette h\u00e1lsm\u00e1l: Fegur\u00f0 og st\u00edlhreinni \u00e1n \u00feess a\u00f0 vera yfir\u00feyrmandi.<\/li>\n<li>F\u00edn fylling: falleg og n\u00e1tt\u00faruleg m\u00f3tunar\u00e1hrif.<\/li>\n<li>Bikar B: Smja\u00f0randi og jafnv\u00e6gi\u00f0 sni\u00f0.<\/li>\n<li>N\u00e1kv\u00e6m \u00e1fer\u00f0 svo h\u00fan s\u00e9st ekki \u00ed gegnum \u00fer\u00f6ng f\u00f6t.<\/li>\n<li>\u00de\u00e6gileg passa til daglegrar notkunar, \u00e1n \u00feess a\u00f0 \u00feurfa a\u00f0 stilla upp \u00e1 n\u00fdtt.<\/li>\n<\/ul>\n<p>\ud83d\udde3\ufe0f R\u00e1\u00f0: Ef \u00fe\u00fa vilt l\u00edta \u00absamsett\u00bb \u00fat \u00e1n \u00feess a\u00f0 hugsa, \u00fe\u00e1 gefur Carolina \u00fe\u00e9r \u00fe\u00e1 tilfinningu fyrir fallegu og hreinu h\u00e1lsm\u00e1li sem gerir hva\u00f0a fl\u00edk sem er gl\u00e6silegri.<\/p>\n<p>\ud83d\udccf Athugi\u00f0: Ef \u00fe\u00fa ert \u00e1 milli tveggja st\u00e6r\u00f0a skaltu velja \u00fat fr\u00e1 umm\u00e1li: fyrir meiri \u00fe\u00e6gindi skaltu velja st\u00e6rri st\u00e6r\u00f0ina; fyrir fastari stu\u00f0ning skaltu velja minni st\u00e6r\u00f0ina.<\/p>\n<p>Samsetning: 80% p\u00f3l\u00fdam\u00ed\u00f0 \/ 12% elastan \/ 8% p\u00f3l\u00fdester.<\/p>\n<div dir=\"auto\">\n<p>\ud83e\udde5 \u00deetta l\u00edtur vel \u00fat undir stuttermabol; \u00fea\u00f0 l\u00edtur gl\u00e6silegt \u00fat undir bl\u00fassu.<\/p>\n<div id=\"v1ms-outlook-mobile-body-separator-line\" dir=\"auto\"><\/div>\n<\/div>\n<div dir=\"auto\"><\/div>","protected":false},"excerpt":{"rendered":"<p>El sujetador Selene modelo Carolina es de esos sujetadores que te dejan el pecho bonito y bien colocado sin que se note el \u00abtruco\u00bb. Lleva relleno fino para un efecto moldeador natural y un escote balconette que queda precioso con prendas m\u00e1s abiertas, porque dibuja una l\u00ednea muy limpia y favorecedora. Pensado para el d\u00eda [&hellip;]<\/p>\n","protected":false},"featured_media":1425,"comment_status":"open","ping_status":"closed","template":"","meta":{"content-type":""},"product_brand":[55],"product_cat":[26,20],"product_tag":[56,62],"class_list":{"0":"post-1122","1":"product","2":"type-product","3":"status-publish","4":"has-post-thumbnail","6":"product_brand-selene","7":"product_cat-con-aros-y-relleno","8":"product_cat-sujetador","9":"product_tag-sujetador","10":"product_tag-sujetador-con-aros-y-rellenos","12":"first","13":"instock","14":"taxable","15":"shipping-taxable","16":"purchasable","17":"product-type-variable"},"supplier_id":null,"supplier_sku":"","barcode":null,"atum_controlled":true,"out_stock_date":null,"out_stock_threshold":null,"inheritable":true,"inbound_stock":0,"stock_on_hold":0,"sold_today":0,"sales_last_days":0,"reserved_stock":0,"customer_returns":0,"warehouse_damage":0,"lost_in_post":0,"other_logs":0,"out_stock_days":0,"lost_sales":0,"has_location":false,"update_date":"2026-01-07T19:46:05","atum_locations":[],"atum_stock_status":"instock","restock_status":false,"low_stock_amount":"","sales_update_date":"2025-10-03T04:56:51","calc_backorders":null,"yoast_head":"<!-- This site is optimized with the Yoast SEO plugin v27.4 - https:\/\/yoast.com\/product\/yoast-seo-wordpress\/ -->\n<title>Sujetador Selene Carolina - Rosana CL<\/title>\n<meta name=\"robots\" content=\"index, follow, max-snippet:-1, max-image-preview:large, max-video-preview:-1\" \/>\n<link rel=\"canonical\" href=\"https:\/\/rosanacl.com\/is\/product\/sujetador-modelo-carolina\/\" \/>\n<meta property=\"og:locale\" content=\"is_IS\" \/>\n<meta property=\"og:type\" content=\"article\" \/>\n<meta property=\"og:title\" content=\"Sujetador Selene Carolina - Rosana CL\" \/>\n<meta property=\"og:description\" content=\"El sujetador Selene modelo Carolina es de esos sujetadores que te dejan el pecho bonito y bien colocado sin que se note el \u00abtruco\u00bb. Lleva relleno fino para un efecto moldeador natural y un escote balconette que queda precioso con prendas m\u00e1s abiertas, porque dibuja una l\u00ednea muy limpia y favorecedora. Pensado para el d\u00eda [&hellip;]\" \/>\n<meta property=\"og:url\" content=\"https:\/\/rosanacl.com\/is\/product\/sujetador-modelo-carolina\/\" \/>\n<meta property=\"og:site_name\" content=\"Rosana CL\" \/>\n<meta property=\"article:modified_time\" content=\"2026-01-07T19:46:04+00:00\" \/>\n<meta property=\"og:image\" content=\"https:\/\/rosanacl.com\/wp-content\/uploads\/2025\/04\/Sujetador-Selene-modelo-Carolina_00001.webp\" \/>\n\t<meta property=\"og:image:width\" content=\"1000\" \/>\n\t<meta property=\"og:image:height\" content=\"1000\" \/>\n\t<meta property=\"og:image:type\" content=\"image\/webp\" \/>\n<meta name=\"twitter:card\" content=\"summary_large_image\" \/>\n<meta name=\"twitter:label1\" content=\"Est. reading time\" \/>\n\t<meta name=\"twitter:data1\" content=\"2 minutes\" \/>\n<script type=\"application\/ld+json\" class=\"yoast-schema-graph\">{\"@context\":\"https:\\\/\\\/schema.org\",\"@graph\":[{\"@type\":\"WebPage\",\"@id\":\"https:\\\/\\\/rosanacl.com\\\/producto\\\/sujetador-modelo-carolina\\\/\",\"url\":\"https:\\\/\\\/rosanacl.com\\\/producto\\\/sujetador-modelo-carolina\\\/\",\"name\":\"Sujetador Selene Carolina - Rosana CL\",\"isPartOf\":{\"@id\":\"https:\\\/\\\/rosanacl.com\\\/ca\\\/#website\"},\"primaryImageOfPage\":{\"@id\":\"https:\\\/\\\/rosanacl.com\\\/producto\\\/sujetador-modelo-carolina\\\/#primaryimage\"},\"image\":{\"@id\":\"https:\\\/\\\/rosanacl.com\\\/producto\\\/sujetador-modelo-carolina\\\/#primaryimage\"},\"thumbnailUrl\":\"https:\\\/\\\/rosanacl.com\\\/wp-content\\\/uploads\\\/2025\\\/04\\\/Sujetador-Selene-modelo-Carolina_00001.webp\",\"datePublished\":\"2025-04-29T22:53:37+00:00\",\"dateModified\":\"2026-01-07T19:46:04+00:00\",\"breadcrumb\":{\"@id\":\"https:\\\/\\\/rosanacl.com\\\/producto\\\/sujetador-modelo-carolina\\\/#breadcrumb\"},\"inLanguage\":\"is\",\"potentialAction\":[{\"@type\":\"ReadAction\",\"target\":[\"https:\\\/\\\/rosanacl.com\\\/producto\\\/sujetador-modelo-carolina\\\/\"]}]},{\"@type\":\"ImageObject\",\"inLanguage\":\"is\",\"@id\":\"https:\\\/\\\/rosanacl.com\\\/producto\\\/sujetador-modelo-carolina\\\/#primaryimage\",\"url\":\"https:\\\/\\\/rosanacl.com\\\/wp-content\\\/uploads\\\/2025\\\/04\\\/Sujetador-Selene-modelo-Carolina_00001.webp\",\"contentUrl\":\"https:\\\/\\\/rosanacl.com\\\/wp-content\\\/uploads\\\/2025\\\/04\\\/Sujetador-Selene-modelo-Carolina_00001.webp\",\"width\":1000,\"height\":1000},{\"@type\":\"BreadcrumbList\",\"@id\":\"https:\\\/\\\/rosanacl.com\\\/producto\\\/sujetador-modelo-carolina\\\/#breadcrumb\",\"itemListElement\":[{\"@type\":\"ListItem\",\"position\":1,\"name\":\"Portada\",\"item\":\"https:\\\/\\\/rosanacl.com\\\/ca\\\/\"},{\"@type\":\"ListItem\",\"position\":2,\"name\":\"Tienda\",\"item\":\"https:\\\/\\\/rosanacl.com\\\/ca\\\/tienda\\\/\"},{\"@type\":\"ListItem\",\"position\":3,\"name\":\"Sujetador Selene Carolina\"}]},{\"@type\":\"WebSite\",\"@id\":\"https:\\\/\\\/rosanacl.com\\\/ca\\\/#website\",\"url\":\"https:\\\/\\\/rosanacl.com\\\/ca\\\/\",\"name\":\"Rosana CL\",\"description\":\"Somos tu interior\",\"potentialAction\":[{\"@type\":\"SearchAction\",\"target\":{\"@type\":\"EntryPoint\",\"urlTemplate\":\"https:\\\/\\\/rosanacl.com\\\/ca\\\/?s={search_term_string}\"},\"query-input\":{\"@type\":\"PropertyValueSpecification\",\"valueRequired\":true,\"valueName\":\"search_term_string\"}}],\"inLanguage\":\"is\"}]}<\/script>\n<!-- \/ Yoast SEO plugin. -->","yoast_head_json":{"title":"Sujetador Selene Carolina - Rosana CL","robots":{"index":"index","follow":"follow","max-snippet":"max-snippet:-1","max-image-preview":"max-image-preview:large","max-video-preview":"max-video-preview:-1"},"canonical":"https:\/\/rosanacl.com\/is\/product\/sujetador-modelo-carolina\/","og_locale":"is_IS","og_type":"article","og_title":"Sujetador Selene Carolina - Rosana CL","og_description":"El sujetador Selene modelo Carolina es de esos sujetadores que te dejan el pecho bonito y bien colocado sin que se note el \u00abtruco\u00bb. Lleva relleno fino para un efecto moldeador natural y un escote balconette que queda precioso con prendas m\u00e1s abiertas, porque dibuja una l\u00ednea muy limpia y favorecedora. Pensado para el d\u00eda [&hellip;]","og_url":"https:\/\/rosanacl.com\/is\/product\/sujetador-modelo-carolina\/","og_site_name":"Rosana CL","article_modified_time":"2026-01-07T19:46:04+00:00","og_image":[{"width":1000,"height":1000,"url":"https:\/\/rosanacl.com\/wp-content\/uploads\/2025\/04\/Sujetador-Selene-modelo-Carolina_00001.webp","type":"image\/webp"}],"twitter_card":"summary_large_image","twitter_misc":{"Est. reading time":"2 minutes"},"schema":{"@context":"https:\/\/schema.org","@graph":[{"@type":"WebPage","@id":"https:\/\/rosanacl.com\/producto\/sujetador-modelo-carolina\/","url":"https:\/\/rosanacl.com\/producto\/sujetador-modelo-carolina\/","name":"Sujetador Selene Carolina - Rosana CL","isPartOf":{"@id":"https:\/\/rosanacl.com\/ca\/#website"},"primaryImageOfPage":{"@id":"https:\/\/rosanacl.com\/producto\/sujetador-modelo-carolina\/#primaryimage"},"image":{"@id":"https:\/\/rosanacl.com\/producto\/sujetador-modelo-carolina\/#primaryimage"},"thumbnailUrl":"https:\/\/rosanacl.com\/wp-content\/uploads\/2025\/04\/Sujetador-Selene-modelo-Carolina_00001.webp","datePublished":"2025-04-29T22:53:37+00:00","dateModified":"2026-01-07T19:46:04+00:00","breadcrumb":{"@id":"https:\/\/rosanacl.com\/producto\/sujetador-modelo-carolina\/#breadcrumb"},"inLanguage":"is","potentialAction":[{"@type":"ReadAction","target":["https:\/\/rosanacl.com\/producto\/sujetador-modelo-carolina\/"]}]},{"@type":"ImageObject","inLanguage":"is","@id":"https:\/\/rosanacl.com\/producto\/sujetador-modelo-carolina\/#primaryimage","url":"https:\/\/rosanacl.com\/wp-content\/uploads\/2025\/04\/Sujetador-Selene-modelo-Carolina_00001.webp","contentUrl":"https:\/\/rosanacl.com\/wp-content\/uploads\/2025\/04\/Sujetador-Selene-modelo-Carolina_00001.webp","width":1000,"height":1000},{"@type":"BreadcrumbList","@id":"https:\/\/rosanacl.com\/producto\/sujetador-modelo-carolina\/#breadcrumb","itemListElement":[{"@type":"ListItem","position":1,"name":"Portada","item":"https:\/\/rosanacl.com\/ca\/"},{"@type":"ListItem","position":2,"name":"Tienda","item":"https:\/\/rosanacl.com\/ca\/tienda\/"},{"@type":"ListItem","position":3,"name":"Sujetador Selene Carolina"}]},{"@type":"WebSite","@id":"https:\/\/rosanacl.com\/ca\/#website","url":"https:\/\/rosanacl.com\/ca\/","name":"Rosana CL","description":"Vi\u00f0 erum innra sj\u00e1lf \u00feitt","potentialAction":[{"@type":"SearchAction","target":{"@type":"EntryPoint","urlTemplate":"https:\/\/rosanacl.com\/ca\/?s={search_term_string}"},"query-input":{"@type":"PropertyValueSpecification","valueRequired":true,"valueName":"search_term_string"}}],"inLanguage":"is"}]}},"_links":{"self":[{"href":"https:\/\/rosanacl.com\/is\/wp-json\/wp\/v2\/product\/1122","targetHints":{"allow":["GET"]}}],"collection":[{"href":"https:\/\/rosanacl.com\/is\/wp-json\/wp\/v2\/product"}],"about":[{"href":"https:\/\/rosanacl.com\/is\/wp-json\/wp\/v2\/types\/product"}],"replies":[{"embeddable":true,"href":"https:\/\/rosanacl.com\/is\/wp-json\/wp\/v2\/comments?post=1122"}],"version-history":[{"count":5,"href":"https:\/\/rosanacl.com\/is\/wp-json\/wp\/v2\/product\/1122\/revisions"}],"predecessor-version":[{"id":4610,"href":"https:\/\/rosanacl.com\/is\/wp-json\/wp\/v2\/product\/1122\/revisions\/4610"}],"wp:featuredmedia":[{"embeddable":true,"href":"https:\/\/rosanacl.com\/is\/wp-json\/wp\/v2\/media\/1425"}],"wp:attachment":[{"href":"https:\/\/rosanacl.com\/is\/wp-json\/wp\/v2\/media?parent=1122"}],"wp:term":[{"taxonomy":"product_brand","embeddable":true,"href":"https:\/\/rosanacl.com\/is\/wp-json\/wp\/v2\/product_brand?post=1122"},{"taxonomy":"product_cat","embeddable":true,"href":"https:\/\/rosanacl.com\/is\/wp-json\/wp\/v2\/product_cat?post=1122"},{"taxonomy":"product_tag","embeddable":true,"href":"https:\/\/rosanacl.com\/is\/wp-json\/wp\/v2\/product_tag?post=1122"}],"curies":[{"name":"wp","href":"https:\/\/api.w.org\/{rel}","templated":true}]}}