{"id":1158,"date":"2025-04-30T00:57:25","date_gmt":"2025-04-29T22:57:25","guid":{"rendered":"https:\/\/rosanacl.com\/?post_type=product&#038;p=1158"},"modified":"2026-01-07T20:41:03","modified_gmt":"2026-01-07T19:41:03","slug":"sujetador-modelo-manuela","status":"publish","type":"product","link":"https:\/\/rosanacl.com\/is\/product\/sujetador-modelo-manuela\/","title":{"rendered":"Selene Manuela Bra"},"content":{"rendered":"<p>Selene Manuela brj\u00f3stahaldarinn er hanna\u00f0ur fyrir \u00fe\u00e1 sem vilja s\u00f6nn \u00fe\u00e6gindi \u00e1n \u00feess a\u00f0 f\u00f3rna fallegri sni\u00f0m\u00e1t. V\u00edralaus h\u00f6nnun hans og millibollar gera hann a\u00f0 einstaklega \u00fe\u00e6gilegum valkosti fyrir daglegt notkun: hann a\u00f0lagast varlega brj\u00f3stunum, hreyfist me\u00f0 \u00fe\u00e9r og er l\u00e9ttur fr\u00e1 fyrstu stundu.<\/p>\n<p>Millisp\u00edrinn sker sig \u00far fyrir \u00f6ndun s\u00edna og \u00fe\u00e1 \u00ab\u00f6nnur h\u00fa\u00f0\u00bb-tilfinningu sem l\u00edtur vel \u00fat undir stuttermabolum, bl\u00fassum e\u00f0a a\u00f0sni\u00f0nari f\u00f6tum. \u00deessi st\u00edll veitir n\u00e1tt\u00farulega l\u00f6gun, \u00fe\u00e6gilegan stu\u00f0ning og hreina \u00e1fer\u00f0 - tilvali\u00f0 ef \u00fe\u00fa ert a\u00f0 leita a\u00f0 hagn\u00fdtum en samt st\u00edlhreinum undirf\u00f6tum.<\/p>\n<p>\u00dea\u00f0 sem \u00fe\u00e9r mun l\u00edka vi\u00f0 Manuelu<\/p>\n<ul>\n<li>V\u00edralaust: st\u00f6\u00f0ug \u00fe\u00e6gindi, enginn \u00fer\u00fdstingur.<\/li>\n<li>Millisbolli: h\u00e1marks \u00f6ndun og a\u00f0l\u00f6gunarh\u00e6fni a\u00f0 brj\u00f3sti.<\/li>\n<li>\u00de\u00e6gilegur og st\u00f6\u00f0ugur stu\u00f0ningur fyrir daglega notkun.<\/li>\n<li>Mj\u00fak og l\u00e1tlaus \u00e1fer\u00f0 undir f\u00f6tum.<\/li>\n<li>Fullkomi\u00f0 fyrir a\u00f0sni\u00f0na \u00fatlit: \u00fea\u00f0 l\u00edtur fallega og n\u00e1tt\u00farulega \u00fat.<\/li>\n<\/ul>\n<p>\ud83d\udde3\ufe0f R\u00e1\u00f0: Manuela er fyrir \u00fe\u00e1 sem vilja vera alveg afslappa\u00f0ir allan daginn: l\u00e9tt \u00e1fer\u00f0, enginn \u00fer\u00fdstingur og passform sem hreyfist me\u00f0 \u00fe\u00e9r \u00e1n \u00feess a\u00f0 grafa sig inn. Millisp\u00fa\u00f0inn er svalur og mj\u00fakur og veitir \u00feann \u00abanna\u00f0a h\u00fa\u00f0\u00bb sem f\u00e6r \u00feig til a\u00f0 gleyma a\u00f0 \u00fe\u00fa s\u00e9rt a\u00f0 nota hann, jafnvel me\u00f0 \u00fer\u00f6ngum stuttermabolum og bl\u00fassum.<\/p>\n<p>\ud83d\udccf Athugi\u00f0: Ef \u00fe\u00fa ert \u00e1 milli st\u00e6r\u00f0a, veldu \u00fe\u00e1 st\u00e6rri st\u00e6r\u00f0ina fyrir \u00fe\u00e6gilegri og afslappa\u00f0ri passform; veldu \u00fe\u00e1 minni fyrir fastari og stu\u00f0ningsr\u00edkari tilfinningu. Og ef m\u00f6gulegt er, athuga\u00f0u \u00fe\u00e1 m\u00e1l undir brj\u00f3stum til a\u00f0 tryggja a\u00f0 \u00fe\u00fa f\u00e1ir \u00fea\u00f0 r\u00e9tt \u00ed fyrstu notkun og a\u00f0 \u00fea\u00f0 passi fullkomlega fr\u00e1 fyrstu notkun.<\/p>\n<p>Samsetning: 70% p\u00f3l\u00fdester \/ 18% p\u00f3l\u00fdam\u00ed\u00f0 \/ 12% elastan.<\/p>\n<p>\u2601\ufe0f \u00ab\u00d6nnur h\u00fa\u00f0\u00bb tilfinning allan daginn.<\/p>","protected":false},"excerpt":{"rendered":"<p>El sujetador Selene modelo Manuela est\u00e1 pensado para cuando quieres comodidad real sin renunciar a una silueta bonita. Su dise\u00f1o sin aros y su copa spacer lo convierten en una opci\u00f3n s\u00faper agradable para el d\u00eda a d\u00eda: se adapta al pecho con suavidad, acompa\u00f1a el movimiento y se siente ligero desde el primer momento. [&hellip;]<\/p>\n","protected":false},"featured_media":1445,"comment_status":"open","ping_status":"closed","template":"","meta":{"content-type":""},"product_brand":[55],"product_cat":[101,27,20],"product_tag":[56,63],"class_list":{"0":"post-1158","1":"product","2":"type-product","3":"status-publish","4":"has-post-thumbnail","6":"product_brand-selene","7":"product_cat-manuela","8":"product_cat-sin-aros-con-relleno","9":"product_cat-sujetador","10":"product_tag-sujetador","11":"product_tag-sujetador-sin-aros-con-relleno","13":"first","14":"instock","15":"taxable","16":"shipping-taxable","17":"purchasable","18":"product-type-variable"},"supplier_id":null,"supplier_sku":"","barcode":null,"atum_controlled":true,"out_stock_date":null,"out_stock_threshold":null,"inheritable":true,"inbound_stock":0,"stock_on_hold":0,"sold_today":0,"sales_last_days":0,"reserved_stock":0,"customer_returns":0,"warehouse_damage":0,"lost_in_post":0,"other_logs":0,"out_stock_days":0,"lost_sales":0,"has_location":false,"update_date":"2026-01-07T19:41:04","atum_locations":[],"atum_stock_status":"instock","restock_status":false,"low_stock_amount":"","sales_update_date":"2025-10-03T04:56:44","calc_backorders":null,"yoast_head":"<!-- This site is optimized with the Yoast SEO plugin v27.4 - https:\/\/yoast.com\/product\/yoast-seo-wordpress\/ -->\n<title>Sujetador Selene Manuela - Rosana CL<\/title>\n<meta name=\"robots\" content=\"index, follow, max-snippet:-1, max-image-preview:large, max-video-preview:-1\" \/>\n<link rel=\"canonical\" href=\"https:\/\/rosanacl.com\/is\/product\/sujetador-modelo-manuela\/\" \/>\n<meta property=\"og:locale\" content=\"is_IS\" \/>\n<meta property=\"og:type\" content=\"article\" \/>\n<meta property=\"og:title\" content=\"Sujetador Selene Manuela - Rosana CL\" \/>\n<meta property=\"og:description\" content=\"El sujetador Selene modelo Manuela est\u00e1 pensado para cuando quieres comodidad real sin renunciar a una silueta bonita. Su dise\u00f1o sin aros y su copa spacer lo convierten en una opci\u00f3n s\u00faper agradable para el d\u00eda a d\u00eda: se adapta al pecho con suavidad, acompa\u00f1a el movimiento y se siente ligero desde el primer momento. [&hellip;]\" \/>\n<meta property=\"og:url\" content=\"https:\/\/rosanacl.com\/is\/product\/sujetador-modelo-manuela\/\" \/>\n<meta property=\"og:site_name\" content=\"Rosana CL\" \/>\n<meta property=\"article:modified_time\" content=\"2026-01-07T19:41:03+00:00\" \/>\n<meta property=\"og:image\" content=\"https:\/\/rosanacl.com\/wp-content\/uploads\/2025\/04\/Sujetador-modelo-Manuela-000001.webp\" \/>\n\t<meta property=\"og:image:width\" content=\"1000\" \/>\n\t<meta property=\"og:image:height\" content=\"1000\" \/>\n\t<meta property=\"og:image:type\" content=\"image\/webp\" \/>\n<meta name=\"twitter:card\" content=\"summary_large_image\" \/>\n<meta name=\"twitter:label1\" content=\"Est. reading time\" \/>\n\t<meta name=\"twitter:data1\" content=\"2 minutes\" \/>\n<script type=\"application\/ld+json\" class=\"yoast-schema-graph\">{\"@context\":\"https:\\\/\\\/schema.org\",\"@graph\":[{\"@type\":\"WebPage\",\"@id\":\"https:\\\/\\\/rosanacl.com\\\/producto\\\/sujetador-modelo-manuela\\\/\",\"url\":\"https:\\\/\\\/rosanacl.com\\\/producto\\\/sujetador-modelo-manuela\\\/\",\"name\":\"Sujetador Selene Manuela - Rosana CL\",\"isPartOf\":{\"@id\":\"https:\\\/\\\/rosanacl.com\\\/ca\\\/#website\"},\"primaryImageOfPage\":{\"@id\":\"https:\\\/\\\/rosanacl.com\\\/producto\\\/sujetador-modelo-manuela\\\/#primaryimage\"},\"image\":{\"@id\":\"https:\\\/\\\/rosanacl.com\\\/producto\\\/sujetador-modelo-manuela\\\/#primaryimage\"},\"thumbnailUrl\":\"https:\\\/\\\/rosanacl.com\\\/wp-content\\\/uploads\\\/2025\\\/04\\\/Sujetador-modelo-Manuela-000001.webp\",\"datePublished\":\"2025-04-29T22:57:25+00:00\",\"dateModified\":\"2026-01-07T19:41:03+00:00\",\"breadcrumb\":{\"@id\":\"https:\\\/\\\/rosanacl.com\\\/producto\\\/sujetador-modelo-manuela\\\/#breadcrumb\"},\"inLanguage\":\"is\",\"potentialAction\":[{\"@type\":\"ReadAction\",\"target\":[\"https:\\\/\\\/rosanacl.com\\\/producto\\\/sujetador-modelo-manuela\\\/\"]}]},{\"@type\":\"ImageObject\",\"inLanguage\":\"is\",\"@id\":\"https:\\\/\\\/rosanacl.com\\\/producto\\\/sujetador-modelo-manuela\\\/#primaryimage\",\"url\":\"https:\\\/\\\/rosanacl.com\\\/wp-content\\\/uploads\\\/2025\\\/04\\\/Sujetador-modelo-Manuela-000001.webp\",\"contentUrl\":\"https:\\\/\\\/rosanacl.com\\\/wp-content\\\/uploads\\\/2025\\\/04\\\/Sujetador-modelo-Manuela-000001.webp\",\"width\":1000,\"height\":1000},{\"@type\":\"BreadcrumbList\",\"@id\":\"https:\\\/\\\/rosanacl.com\\\/producto\\\/sujetador-modelo-manuela\\\/#breadcrumb\",\"itemListElement\":[{\"@type\":\"ListItem\",\"position\":1,\"name\":\"Portada\",\"item\":\"https:\\\/\\\/rosanacl.com\\\/ca\\\/\"},{\"@type\":\"ListItem\",\"position\":2,\"name\":\"Tienda\",\"item\":\"https:\\\/\\\/rosanacl.com\\\/ca\\\/tienda\\\/\"},{\"@type\":\"ListItem\",\"position\":3,\"name\":\"Sujetador Selene Manuela\"}]},{\"@type\":\"WebSite\",\"@id\":\"https:\\\/\\\/rosanacl.com\\\/ca\\\/#website\",\"url\":\"https:\\\/\\\/rosanacl.com\\\/ca\\\/\",\"name\":\"Rosana CL\",\"description\":\"Somos tu interior\",\"potentialAction\":[{\"@type\":\"SearchAction\",\"target\":{\"@type\":\"EntryPoint\",\"urlTemplate\":\"https:\\\/\\\/rosanacl.com\\\/ca\\\/?s={search_term_string}\"},\"query-input\":{\"@type\":\"PropertyValueSpecification\",\"valueRequired\":true,\"valueName\":\"search_term_string\"}}],\"inLanguage\":\"is\"}]}<\/script>\n<!-- \/ Yoast SEO plugin. -->","yoast_head_json":{"title":"Sujetador Selene Manuela - Rosana CL","robots":{"index":"index","follow":"follow","max-snippet":"max-snippet:-1","max-image-preview":"max-image-preview:large","max-video-preview":"max-video-preview:-1"},"canonical":"https:\/\/rosanacl.com\/is\/product\/sujetador-modelo-manuela\/","og_locale":"is_IS","og_type":"article","og_title":"Sujetador Selene Manuela - Rosana CL","og_description":"El sujetador Selene modelo Manuela est\u00e1 pensado para cuando quieres comodidad real sin renunciar a una silueta bonita. Su dise\u00f1o sin aros y su copa spacer lo convierten en una opci\u00f3n s\u00faper agradable para el d\u00eda a d\u00eda: se adapta al pecho con suavidad, acompa\u00f1a el movimiento y se siente ligero desde el primer momento. [&hellip;]","og_url":"https:\/\/rosanacl.com\/is\/product\/sujetador-modelo-manuela\/","og_site_name":"Rosana CL","article_modified_time":"2026-01-07T19:41:03+00:00","og_image":[{"width":1000,"height":1000,"url":"https:\/\/rosanacl.com\/wp-content\/uploads\/2025\/04\/Sujetador-modelo-Manuela-000001.webp","type":"image\/webp"}],"twitter_card":"summary_large_image","twitter_misc":{"Est. reading time":"2 minutes"},"schema":{"@context":"https:\/\/schema.org","@graph":[{"@type":"WebPage","@id":"https:\/\/rosanacl.com\/producto\/sujetador-modelo-manuela\/","url":"https:\/\/rosanacl.com\/producto\/sujetador-modelo-manuela\/","name":"Sujetador Selene Manuela - Rosana CL","isPartOf":{"@id":"https:\/\/rosanacl.com\/ca\/#website"},"primaryImageOfPage":{"@id":"https:\/\/rosanacl.com\/producto\/sujetador-modelo-manuela\/#primaryimage"},"image":{"@id":"https:\/\/rosanacl.com\/producto\/sujetador-modelo-manuela\/#primaryimage"},"thumbnailUrl":"https:\/\/rosanacl.com\/wp-content\/uploads\/2025\/04\/Sujetador-modelo-Manuela-000001.webp","datePublished":"2025-04-29T22:57:25+00:00","dateModified":"2026-01-07T19:41:03+00:00","breadcrumb":{"@id":"https:\/\/rosanacl.com\/producto\/sujetador-modelo-manuela\/#breadcrumb"},"inLanguage":"is","potentialAction":[{"@type":"ReadAction","target":["https:\/\/rosanacl.com\/producto\/sujetador-modelo-manuela\/"]}]},{"@type":"ImageObject","inLanguage":"is","@id":"https:\/\/rosanacl.com\/producto\/sujetador-modelo-manuela\/#primaryimage","url":"https:\/\/rosanacl.com\/wp-content\/uploads\/2025\/04\/Sujetador-modelo-Manuela-000001.webp","contentUrl":"https:\/\/rosanacl.com\/wp-content\/uploads\/2025\/04\/Sujetador-modelo-Manuela-000001.webp","width":1000,"height":1000},{"@type":"BreadcrumbList","@id":"https:\/\/rosanacl.com\/producto\/sujetador-modelo-manuela\/#breadcrumb","itemListElement":[{"@type":"ListItem","position":1,"name":"Portada","item":"https:\/\/rosanacl.com\/ca\/"},{"@type":"ListItem","position":2,"name":"Tienda","item":"https:\/\/rosanacl.com\/ca\/tienda\/"},{"@type":"ListItem","position":3,"name":"Sujetador Selene Manuela"}]},{"@type":"WebSite","@id":"https:\/\/rosanacl.com\/ca\/#website","url":"https:\/\/rosanacl.com\/ca\/","name":"Rosana CL","description":"Vi\u00f0 erum innra sj\u00e1lf \u00feitt","potentialAction":[{"@type":"SearchAction","target":{"@type":"EntryPoint","urlTemplate":"https:\/\/rosanacl.com\/ca\/?s={search_term_string}"},"query-input":{"@type":"PropertyValueSpecification","valueRequired":true,"valueName":"search_term_string"}}],"inLanguage":"is"}]}},"_links":{"self":[{"href":"https:\/\/rosanacl.com\/is\/wp-json\/wp\/v2\/product\/1158","targetHints":{"allow":["GET"]}}],"collection":[{"href":"https:\/\/rosanacl.com\/is\/wp-json\/wp\/v2\/product"}],"about":[{"href":"https:\/\/rosanacl.com\/is\/wp-json\/wp\/v2\/types\/product"}],"replies":[{"embeddable":true,"href":"https:\/\/rosanacl.com\/is\/wp-json\/wp\/v2\/comments?post=1158"}],"version-history":[{"count":5,"href":"https:\/\/rosanacl.com\/is\/wp-json\/wp\/v2\/product\/1158\/revisions"}],"predecessor-version":[{"id":4609,"href":"https:\/\/rosanacl.com\/is\/wp-json\/wp\/v2\/product\/1158\/revisions\/4609"}],"wp:featuredmedia":[{"embeddable":true,"href":"https:\/\/rosanacl.com\/is\/wp-json\/wp\/v2\/media\/1445"}],"wp:attachment":[{"href":"https:\/\/rosanacl.com\/is\/wp-json\/wp\/v2\/media?parent=1158"}],"wp:term":[{"taxonomy":"product_brand","embeddable":true,"href":"https:\/\/rosanacl.com\/is\/wp-json\/wp\/v2\/product_brand?post=1158"},{"taxonomy":"product_cat","embeddable":true,"href":"https:\/\/rosanacl.com\/is\/wp-json\/wp\/v2\/product_cat?post=1158"},{"taxonomy":"product_tag","embeddable":true,"href":"https:\/\/rosanacl.com\/is\/wp-json\/wp\/v2\/product_tag?post=1158"}],"curies":[{"name":"wp","href":"https:\/\/api.w.org\/{rel}","templated":true}]}}