{"id":1253,"date":"2025-04-30T01:05:07","date_gmt":"2025-04-29T23:05:07","guid":{"rendered":"https:\/\/rosanacl.com\/?post_type=product&#038;p=1253"},"modified":"2026-01-07T20:23:16","modified_gmt":"2026-01-07T19:23:16","slug":"sujetador-modelo-raquel","status":"publish","type":"product","link":"https:\/\/rosanacl.com\/is\/product\/sujetador-modelo-raquel\/","title":{"rendered":"Selene Raquel brj\u00f3stahaldari"},"content":{"rendered":"<p>Selene Raquel brj\u00f3stahaldarinn er balconette-brj\u00f3stahaldari me\u00f0 tv\u00f6f\u00f6ldum push-up bollum sem eru hanna\u00f0ir til a\u00f0 skapa sk\u00fdrari klof og s\u00fdnilega framsetningu, en vi\u00f0halda samt gl\u00e6silegri og mj\u00f6g kvenlegri fegur\u00f0. V\u00edral\u00f6gin hj\u00e1lpa til vi\u00f0 a\u00f0 mi\u00f0ja og lyfta brj\u00f3stunum, veita \u00fe\u00e9ttan stu\u00f0ning og fallega \u00e1fer\u00f0, jafnvel undir a\u00f0sni\u00f0num f\u00f6tum.<\/p>\n<p>\u00deetta er tilvalinn fl\u00edk \u00ed undirfata\u00farvali\u00f0 \u00feitt fr\u00e1 Selene ef \u00fe\u00fa ert a\u00f0 leita a\u00f0 brj\u00f3stahaldara sem gerir g\u00e6fumuninn: hann smja\u00f0rar, fegrar og undirstrikar n\u00e1tt\u00farulega l\u00f6gun \u00fe\u00edna, fullkominn b\u00e6\u00f0i fyrir s\u00e9rst\u00f6k tilefni og \u00fe\u00e1 daga \u00feegar \u00fe\u00fa vilt l\u00ed\u00f0a sj\u00e1lfstraustari og fallegri \u00ed daglegum f\u00f6tum.<\/p>\n<p>\u00dea\u00f0 sem \u00fe\u00fa munt elska<\/p>\n<ul>\n<li>Tv\u00f6f\u00f6ld armbeygja: aukin lyfting og \u00e1berandi \u00abbrj\u00f3stalyftingar\u00bb-\u00e1hrif.<\/li>\n<li>Balconette-sni\u00f0 sem eykur \u00e1fer\u00f0ina og er \u00e1vala\u00f0, me\u00f0 mj\u00f6g flatterende h\u00e1lsm\u00e1li.<\/li>\n<li>Hringir fyrir st\u00f6\u00f0ugra grip og fallega l\u00f6gun \u00ed marga klukkut\u00edma.<\/li>\n<li>Fr\u00e1gangur sem er hanna\u00f0ur til a\u00f0 l\u00edta vel \u00fat me\u00f0 l\u00e1gskornum toppum og a\u00f0sni\u00f0num fl\u00edkum \u00e1n \u00feess a\u00f0 f\u00f3rna \u00fe\u00e6gindum.<\/li>\n<li>Tilvalin fyrirmynd ef \u00fe\u00fa ert a\u00f0 leita a\u00f0 brj\u00f3stahaldara sem sameinar kyn\u00feokka og raunverulegan stu\u00f0ning.<\/li>\n<\/ul>\n<p>\ud83d\udde3\ufe0f R\u00e1\u00f0: Fegur\u00f0 Selene Raquel brj\u00f3stahaldarans liggur \u00ed vel mi\u00f0l\u00e6gri \u00abuppbl\u00e1sinni\u00bb \u00e1hrifum hans: \u00fear sem hann er balconette brj\u00f3stahaldari me\u00f0 tv\u00f6f\u00f6ldum push-up bol, l\u00edtur hann st\u00f3rkostlega \u00fat me\u00f0 l\u00e1gskornum toppum og a\u00f0sni\u00f0num stuttermabolum. Stilltu hann \u00feannig a\u00f0 bollarnir liggi flatir og k\u00e1pul\u00ednan s\u00e9 skilgreind \u00e1n \u00feess a\u00f0 \u00feurfa a\u00f0 stilla hann upp.<\/p>\n<p>\ud83d\udccf Athugi\u00f0: Ef \u00fe\u00fa ert \u00e1 milli st\u00e6r\u00f0a skaltu nota m\u00e1lin sem lei\u00f0beiningar: ef \u00fe\u00fa vilt fastari passform skaltu velja venjulega st\u00e6r\u00f0; ef \u00fe\u00fa vilt meiri \u00fe\u00e6gindi e\u00f0a ert einhvers sta\u00f0ar \u00fear \u00e1 milli skaltu st\u00e6kka um eina st\u00e6r\u00f0.<\/p>\n<p>Efni: 48% p\u00f3l\u00fdester \u00b7 43% p\u00f3l\u00fdam\u00ed\u00f0 \u00b7 9% elastan<\/p>\n<p>\ud83e\ude84 \u00deessi snerting af undirf\u00f6tum sem breytir \u00f6llu \u00fatlitinu.<\/p>","protected":false},"excerpt":{"rendered":"<p>El sujetador Selene modelo Raquel es un balconette con doble push-up dise\u00f1ado para conseguir un escote m\u00e1s definido y un realce visible, manteniendo una est\u00e9tica elegante y muy femenina. Su estructura con aros ayuda a centrar y elevar el pecho, aportando una sensaci\u00f3n de sujeci\u00f3n firme y un acabado bonito incluso bajo prendas ajustadas. Es [&hellip;]<\/p>\n","protected":false},"featured_media":1459,"comment_status":"open","ping_status":"closed","template":"","meta":{"content-type":""},"product_brand":[55],"product_cat":[29,20],"product_tag":[64,56],"class_list":{"0":"post-1253","1":"product","2":"type-product","3":"status-publish","4":"has-post-thumbnail","6":"product_brand-selene","7":"product_cat-push-up","8":"product_cat-sujetador","9":"product_tag-doble-push-up","10":"product_tag-sujetador","12":"first","13":"instock","14":"taxable","15":"shipping-taxable","16":"purchasable","17":"product-type-variable"},"supplier_id":null,"supplier_sku":"","barcode":null,"atum_controlled":true,"out_stock_date":null,"out_stock_threshold":null,"inheritable":true,"inbound_stock":0,"stock_on_hold":0,"sold_today":0,"sales_last_days":0,"reserved_stock":0,"customer_returns":0,"warehouse_damage":0,"lost_in_post":0,"other_logs":0,"out_stock_days":0,"lost_sales":0,"has_location":false,"update_date":"2026-01-07T19:23:17","atum_locations":[],"atum_stock_status":"instock","restock_status":false,"low_stock_amount":"","sales_update_date":"2025-10-03T04:56:29","calc_backorders":null,"yoast_head":"<!-- This site is optimized with the Yoast SEO plugin v27.4 - https:\/\/yoast.com\/product\/yoast-seo-wordpress\/ -->\n<title>Sujetador Selene Raquel - Rosana CL<\/title>\n<meta name=\"robots\" content=\"index, follow, max-snippet:-1, max-image-preview:large, max-video-preview:-1\" \/>\n<link rel=\"canonical\" href=\"https:\/\/rosanacl.com\/is\/product\/sujetador-modelo-raquel\/\" \/>\n<meta property=\"og:locale\" content=\"is_IS\" \/>\n<meta property=\"og:type\" content=\"article\" \/>\n<meta property=\"og:title\" content=\"Sujetador Selene Raquel - Rosana CL\" \/>\n<meta property=\"og:description\" content=\"El sujetador Selene modelo Raquel es un balconette con doble push-up dise\u00f1ado para conseguir un escote m\u00e1s definido y un realce visible, manteniendo una est\u00e9tica elegante y muy femenina. Su estructura con aros ayuda a centrar y elevar el pecho, aportando una sensaci\u00f3n de sujeci\u00f3n firme y un acabado bonito incluso bajo prendas ajustadas. Es [&hellip;]\" \/>\n<meta property=\"og:url\" content=\"https:\/\/rosanacl.com\/is\/product\/sujetador-modelo-raquel\/\" \/>\n<meta property=\"og:site_name\" content=\"Rosana CL\" \/>\n<meta property=\"article:modified_time\" content=\"2026-01-07T19:23:16+00:00\" \/>\n<meta property=\"og:image\" content=\"https:\/\/rosanacl.com\/wp-content\/uploads\/2025\/04\/Sujetador-modelo-Raquel-000001.webp\" \/>\n\t<meta property=\"og:image:width\" content=\"1000\" \/>\n\t<meta property=\"og:image:height\" content=\"1000\" \/>\n\t<meta property=\"og:image:type\" content=\"image\/webp\" \/>\n<meta name=\"twitter:card\" content=\"summary_large_image\" \/>\n<meta name=\"twitter:label1\" content=\"Est. reading time\" \/>\n\t<meta name=\"twitter:data1\" content=\"2 minutes\" \/>\n<script type=\"application\/ld+json\" class=\"yoast-schema-graph\">{\"@context\":\"https:\\\/\\\/schema.org\",\"@graph\":[{\"@type\":\"WebPage\",\"@id\":\"https:\\\/\\\/rosanacl.com\\\/producto\\\/sujetador-modelo-raquel\\\/\",\"url\":\"https:\\\/\\\/rosanacl.com\\\/producto\\\/sujetador-modelo-raquel\\\/\",\"name\":\"Sujetador Selene Raquel - Rosana CL\",\"isPartOf\":{\"@id\":\"https:\\\/\\\/rosanacl.com\\\/ca\\\/#website\"},\"primaryImageOfPage\":{\"@id\":\"https:\\\/\\\/rosanacl.com\\\/producto\\\/sujetador-modelo-raquel\\\/#primaryimage\"},\"image\":{\"@id\":\"https:\\\/\\\/rosanacl.com\\\/producto\\\/sujetador-modelo-raquel\\\/#primaryimage\"},\"thumbnailUrl\":\"https:\\\/\\\/rosanacl.com\\\/wp-content\\\/uploads\\\/2025\\\/04\\\/Sujetador-modelo-Raquel-000001.webp\",\"datePublished\":\"2025-04-29T23:05:07+00:00\",\"dateModified\":\"2026-01-07T19:23:16+00:00\",\"breadcrumb\":{\"@id\":\"https:\\\/\\\/rosanacl.com\\\/producto\\\/sujetador-modelo-raquel\\\/#breadcrumb\"},\"inLanguage\":\"is\",\"potentialAction\":[{\"@type\":\"ReadAction\",\"target\":[\"https:\\\/\\\/rosanacl.com\\\/producto\\\/sujetador-modelo-raquel\\\/\"]}]},{\"@type\":\"ImageObject\",\"inLanguage\":\"is\",\"@id\":\"https:\\\/\\\/rosanacl.com\\\/producto\\\/sujetador-modelo-raquel\\\/#primaryimage\",\"url\":\"https:\\\/\\\/rosanacl.com\\\/wp-content\\\/uploads\\\/2025\\\/04\\\/Sujetador-modelo-Raquel-000001.webp\",\"contentUrl\":\"https:\\\/\\\/rosanacl.com\\\/wp-content\\\/uploads\\\/2025\\\/04\\\/Sujetador-modelo-Raquel-000001.webp\",\"width\":1000,\"height\":1000},{\"@type\":\"BreadcrumbList\",\"@id\":\"https:\\\/\\\/rosanacl.com\\\/producto\\\/sujetador-modelo-raquel\\\/#breadcrumb\",\"itemListElement\":[{\"@type\":\"ListItem\",\"position\":1,\"name\":\"Portada\",\"item\":\"https:\\\/\\\/rosanacl.com\\\/ca\\\/\"},{\"@type\":\"ListItem\",\"position\":2,\"name\":\"Tienda\",\"item\":\"https:\\\/\\\/rosanacl.com\\\/ca\\\/tienda\\\/\"},{\"@type\":\"ListItem\",\"position\":3,\"name\":\"Sujetador Selene Raquel\"}]},{\"@type\":\"WebSite\",\"@id\":\"https:\\\/\\\/rosanacl.com\\\/ca\\\/#website\",\"url\":\"https:\\\/\\\/rosanacl.com\\\/ca\\\/\",\"name\":\"Rosana CL\",\"description\":\"Somos tu interior\",\"potentialAction\":[{\"@type\":\"SearchAction\",\"target\":{\"@type\":\"EntryPoint\",\"urlTemplate\":\"https:\\\/\\\/rosanacl.com\\\/ca\\\/?s={search_term_string}\"},\"query-input\":{\"@type\":\"PropertyValueSpecification\",\"valueRequired\":true,\"valueName\":\"search_term_string\"}}],\"inLanguage\":\"is\"}]}<\/script>\n<!-- \/ Yoast SEO plugin. -->","yoast_head_json":{"title":"Sujetador Selene Raquel - Rosana CL","robots":{"index":"index","follow":"follow","max-snippet":"max-snippet:-1","max-image-preview":"max-image-preview:large","max-video-preview":"max-video-preview:-1"},"canonical":"https:\/\/rosanacl.com\/is\/product\/sujetador-modelo-raquel\/","og_locale":"is_IS","og_type":"article","og_title":"Sujetador Selene Raquel - Rosana CL","og_description":"El sujetador Selene modelo Raquel es un balconette con doble push-up dise\u00f1ado para conseguir un escote m\u00e1s definido y un realce visible, manteniendo una est\u00e9tica elegante y muy femenina. Su estructura con aros ayuda a centrar y elevar el pecho, aportando una sensaci\u00f3n de sujeci\u00f3n firme y un acabado bonito incluso bajo prendas ajustadas. Es [&hellip;]","og_url":"https:\/\/rosanacl.com\/is\/product\/sujetador-modelo-raquel\/","og_site_name":"Rosana CL","article_modified_time":"2026-01-07T19:23:16+00:00","og_image":[{"width":1000,"height":1000,"url":"https:\/\/rosanacl.com\/wp-content\/uploads\/2025\/04\/Sujetador-modelo-Raquel-000001.webp","type":"image\/webp"}],"twitter_card":"summary_large_image","twitter_misc":{"Est. reading time":"2 minutes"},"schema":{"@context":"https:\/\/schema.org","@graph":[{"@type":"WebPage","@id":"https:\/\/rosanacl.com\/producto\/sujetador-modelo-raquel\/","url":"https:\/\/rosanacl.com\/producto\/sujetador-modelo-raquel\/","name":"Sujetador Selene Raquel - Rosana CL","isPartOf":{"@id":"https:\/\/rosanacl.com\/ca\/#website"},"primaryImageOfPage":{"@id":"https:\/\/rosanacl.com\/producto\/sujetador-modelo-raquel\/#primaryimage"},"image":{"@id":"https:\/\/rosanacl.com\/producto\/sujetador-modelo-raquel\/#primaryimage"},"thumbnailUrl":"https:\/\/rosanacl.com\/wp-content\/uploads\/2025\/04\/Sujetador-modelo-Raquel-000001.webp","datePublished":"2025-04-29T23:05:07+00:00","dateModified":"2026-01-07T19:23:16+00:00","breadcrumb":{"@id":"https:\/\/rosanacl.com\/producto\/sujetador-modelo-raquel\/#breadcrumb"},"inLanguage":"is","potentialAction":[{"@type":"ReadAction","target":["https:\/\/rosanacl.com\/producto\/sujetador-modelo-raquel\/"]}]},{"@type":"ImageObject","inLanguage":"is","@id":"https:\/\/rosanacl.com\/producto\/sujetador-modelo-raquel\/#primaryimage","url":"https:\/\/rosanacl.com\/wp-content\/uploads\/2025\/04\/Sujetador-modelo-Raquel-000001.webp","contentUrl":"https:\/\/rosanacl.com\/wp-content\/uploads\/2025\/04\/Sujetador-modelo-Raquel-000001.webp","width":1000,"height":1000},{"@type":"BreadcrumbList","@id":"https:\/\/rosanacl.com\/producto\/sujetador-modelo-raquel\/#breadcrumb","itemListElement":[{"@type":"ListItem","position":1,"name":"Portada","item":"https:\/\/rosanacl.com\/ca\/"},{"@type":"ListItem","position":2,"name":"Tienda","item":"https:\/\/rosanacl.com\/ca\/tienda\/"},{"@type":"ListItem","position":3,"name":"Sujetador Selene Raquel"}]},{"@type":"WebSite","@id":"https:\/\/rosanacl.com\/ca\/#website","url":"https:\/\/rosanacl.com\/ca\/","name":"Rosana CL","description":"Vi\u00f0 erum innra sj\u00e1lf \u00feitt","potentialAction":[{"@type":"SearchAction","target":{"@type":"EntryPoint","urlTemplate":"https:\/\/rosanacl.com\/ca\/?s={search_term_string}"},"query-input":{"@type":"PropertyValueSpecification","valueRequired":true,"valueName":"search_term_string"}}],"inLanguage":"is"}]}},"_links":{"self":[{"href":"https:\/\/rosanacl.com\/is\/wp-json\/wp\/v2\/product\/1253","targetHints":{"allow":["GET"]}}],"collection":[{"href":"https:\/\/rosanacl.com\/is\/wp-json\/wp\/v2\/product"}],"about":[{"href":"https:\/\/rosanacl.com\/is\/wp-json\/wp\/v2\/types\/product"}],"replies":[{"embeddable":true,"href":"https:\/\/rosanacl.com\/is\/wp-json\/wp\/v2\/comments?post=1253"}],"version-history":[{"count":5,"href":"https:\/\/rosanacl.com\/is\/wp-json\/wp\/v2\/product\/1253\/revisions"}],"predecessor-version":[{"id":4607,"href":"https:\/\/rosanacl.com\/is\/wp-json\/wp\/v2\/product\/1253\/revisions\/4607"}],"wp:featuredmedia":[{"embeddable":true,"href":"https:\/\/rosanacl.com\/is\/wp-json\/wp\/v2\/media\/1459"}],"wp:attachment":[{"href":"https:\/\/rosanacl.com\/is\/wp-json\/wp\/v2\/media?parent=1253"}],"wp:term":[{"taxonomy":"product_brand","embeddable":true,"href":"https:\/\/rosanacl.com\/is\/wp-json\/wp\/v2\/product_brand?post=1253"},{"taxonomy":"product_cat","embeddable":true,"href":"https:\/\/rosanacl.com\/is\/wp-json\/wp\/v2\/product_cat?post=1253"},{"taxonomy":"product_tag","embeddable":true,"href":"https:\/\/rosanacl.com\/is\/wp-json\/wp\/v2\/product_tag?post=1253"}],"curies":[{"name":"wp","href":"https:\/\/api.w.org\/{rel}","templated":true}]}}