{"id":1331,"date":"2025-04-30T01:11:34","date_gmt":"2025-04-29T23:11:34","guid":{"rendered":"https:\/\/rosanacl.com\/?post_type=product&#038;p=1331"},"modified":"2026-01-07T19:48:35","modified_gmt":"2026-01-07T18:48:35","slug":"body-selene-modelo-mariluz","status":"publish","type":"product","link":"https:\/\/rosanacl.com\/is\/product\/body-selene-modelo-mariluz\/","title":{"rendered":"L\u00edkami Selene Mariluz"},"content":{"rendered":"<p>Selene Mariluz l\u00edkamssamfestingurinn er fl\u00edk sem eykur \u00fatlit \u00feitt a\u00f0 innan: hann m\u00f3tar, sty\u00f0ur og lyftir \u00fe\u00e9r upp \u00e1n \u00feess a\u00f0 f\u00f3rna \u00fe\u00e6gindum. Hann er me\u00f0 v\u00edrum og r\u00famg\u00f3\u00f0um (C) bolla sem eru hanna\u00f0ar fyrir fallega studda brj\u00f3st, me\u00f0 gl\u00e6silegri \u00e1fer\u00f0 sem \u00fe\u00fa munt taka eftir um lei\u00f0 og \u00fe\u00fa kl\u00e6\u00f0ist honum.<\/p>\n<p>H\u00f6nnunin sameinar f\u00ednger\u00f0a bl\u00fandu \u00e1 brj\u00f3stasv\u00e6\u00f0inu me\u00f0 m\u00f3tandi l\u00edkamsbyggingu sem gerir l\u00edkamann sj\u00f3nr\u00e6nt grannari. H\u00fan er tilvalin ef \u00fe\u00fa ert a\u00f0 leita a\u00f0 m\u00f3tandi l\u00edkamsbyggingu fyrir daglegt l\u00edf e\u00f0a s\u00e9rst\u00f6k tilefni: h\u00fan l\u00edtur vel \u00fat undir a\u00f0sni\u00f0nari f\u00f6tum og gefur \u00fe\u00e9r \u00feann auka sj\u00e1lfstraust sem \u00fe\u00fa kannt a\u00f0 meta.<\/p>\n<p>\u00dea\u00f0 sem \u00fe\u00fa munt elska (og hvers vegna \u00fea\u00f0 virkar)<\/p>\n<ul>\n<li>Mj\u00fak stj\u00f3rnunar\u00e1hrif: hj\u00e1lpar til vi\u00f0 a\u00f0 m\u00fdkja og skilgreina \u00e1n \u00feess a\u00f0 \u00ab\u00ferengjandi\u00bb tilfinning ver\u00f0i fyrir\u00bb<\/li>\n<li>V\u00edraband + C-bolli (st\u00f3r): raunverulegur stu\u00f0ningur, mi\u00f0l\u00e6g brj\u00f3st og \u00e1v\u00f6l l\u00f6gun.<\/li>\n<li>Fyrsta flokks bl\u00fandusm\u00e1atri\u00f0i: kvenleg og gl\u00e6sileg snerting, \u00e1n \u00f3h\u00f3fs.<\/li>\n<li>L\u00edkami me\u00f0 grannandi h\u00f6nnun: \u00fea\u00f0 smja\u00f0rar fyrir l\u00edkamanum og eykur heildar\u00fatliti\u00f0.<\/li>\n<li>Fullkomi\u00f0 fyrir a\u00f0sni\u00f0in \u00fatlit: fyrir sl\u00e9ttara, sj\u00e1lfstraustara og \u00fe\u00e6gilegra \u00fatlit.<\/li>\n<\/ul>\n<p>\ud83d\udde3\ufe0f R\u00e1\u00f0: Fegur\u00f0 Selene Mariluz l\u00edkamsbolsins (C-bolli) er a\u00f0 hann lyftir \u00fe\u00e9r efst og skilgreinir rassinn \u00e1n \u00feess a\u00f0 f\u00f3rna n\u00e1tt\u00farulegu \u00fatliti \u00fe\u00ednu. Til a\u00f0 f\u00e1 sem mest \u00fat \u00far honum skaltu kl\u00e6\u00f0ast honum me\u00f0 a\u00f0sni\u00f0num fl\u00edkum (kj\u00f3l, bl\u00fdantspilsi e\u00f0a gallabuxum me\u00f0 h\u00e1u mitti): bl\u00fandan gefur honum gl\u00e6silegan bl\u00e6 og stj\u00f3rn\u00e1hrifin skapa m\u00fdkri og skilgreindari sni\u00f0 fr\u00e1 fyrstu stundu.<\/p>\n<p>\ud83d\udccf Athugi\u00f0: \u00c1\u00f0ur en \u00fe\u00fa kaupir skaltu \u00edhuga hvernig \u00fe\u00e9r l\u00edkar a\u00f0 stj\u00f3rna brj\u00f3stunum: ef \u00fe\u00fa vilt \u00fe\u00e6gilega m\u00f3tandi \u00e1hrif sem \u00fe\u00fa getur nota\u00f0 \u00ed marga klukkut\u00edma skaltu velja \u00fe\u00edna venjulegu st\u00e6r\u00f0; ef \u00fe\u00fa ert \u00e1 milli tveggja st\u00e6r\u00f0a og ert a\u00f0 leita a\u00f0 st\u00edfari passformi og meiri stu\u00f0ningi vi\u00f0 kvi\u00f0\/mitti, \u00fe\u00e1 er minni st\u00e6r\u00f0in venjulega betri (svo framarlega sem h\u00fan \u00ferengir ekki a\u00f0 brj\u00f3stkassanum, \u00fev\u00ed h\u00e9r \u00fearf C-bollinn a\u00f0 vera vel studdur).<\/p>\n<p>Samsetning: 68% p\u00f3l\u00fdam\u00ed\u00f0 \/ 17% elastan \/ 15% p\u00f3l\u00fdester.<\/p>\n<p>\ud83e\uddf5 Kvenleg, \u00fe\u00e6gileg og mj\u00f6g flatterandi: l\u00edkamsf\u00f6tin sem gera allt.<\/p>","protected":false},"excerpt":{"rendered":"<p>El Body Selene Mariluz es ese tipo de prenda que te arregla el look desde dentro: moldea, sujeta y deja una sensaci\u00f3n de \u00abtodo en su sitio\u00bb sin renunciar a la comodidad. Lleva aros y una copa de gran capacidad (C) pensada para un busto bien recogido y bonito, con un acabado elegante que se [&hellip;]<\/p>\n","protected":false},"featured_media":3141,"comment_status":"open","ping_status":"closed","template":"","meta":{"content-type":""},"product_brand":[55],"product_cat":[18],"product_tag":[66,67],"class_list":{"0":"post-1331","1":"product","2":"type-product","3":"status-publish","4":"has-post-thumbnail","6":"product_brand-selene","7":"product_cat-body","8":"product_tag-body","9":"product_tag-body-sin-relleno","11":"first","12":"instock","13":"taxable","14":"shipping-taxable","15":"purchasable","16":"product-type-variable"},"supplier_id":null,"supplier_sku":"","barcode":null,"atum_controlled":true,"out_stock_date":null,"out_stock_threshold":null,"inheritable":true,"inbound_stock":0,"stock_on_hold":0,"sold_today":0,"sales_last_days":0,"reserved_stock":0,"customer_returns":0,"warehouse_damage":0,"lost_in_post":0,"other_logs":0,"out_stock_days":0,"lost_sales":0,"has_location":false,"update_date":"2026-01-07T18:48:36","atum_locations":[],"atum_stock_status":"instock","restock_status":false,"low_stock_amount":"","sales_update_date":"2025-10-03T04:56:27","calc_backorders":null,"yoast_head":"<!-- This site is optimized with the Yoast SEO plugin v27.4 - https:\/\/yoast.com\/product\/yoast-seo-wordpress\/ -->\n<title>Body Selene Mariluz - Rosana CL<\/title>\n<meta name=\"robots\" content=\"index, follow, max-snippet:-1, max-image-preview:large, max-video-preview:-1\" \/>\n<link rel=\"canonical\" href=\"https:\/\/rosanacl.com\/is\/product\/body-selene-modelo-mariluz\/\" \/>\n<meta property=\"og:locale\" content=\"is_IS\" \/>\n<meta property=\"og:type\" content=\"article\" \/>\n<meta property=\"og:title\" content=\"Body Selene Mariluz - Rosana CL\" \/>\n<meta property=\"og:description\" content=\"El Body Selene Mariluz es ese tipo de prenda que te arregla el look desde dentro: moldea, sujeta y deja una sensaci\u00f3n de \u00abtodo en su sitio\u00bb sin renunciar a la comodidad. Lleva aros y una copa de gran capacidad (C) pensada para un busto bien recogido y bonito, con un acabado elegante que se [&hellip;]\" \/>\n<meta property=\"og:url\" content=\"https:\/\/rosanacl.com\/is\/product\/body-selene-modelo-mariluz\/\" \/>\n<meta property=\"og:site_name\" content=\"Rosana CL\" \/>\n<meta property=\"article:modified_time\" content=\"2026-01-07T18:48:35+00:00\" \/>\n<meta property=\"og:image\" content=\"https:\/\/rosanacl.com\/wp-content\/uploads\/2025\/04\/body-selene-modelo-Mariluz-e1756816439156.jpg\" \/>\n\t<meta property=\"og:image:width\" content=\"853\" \/>\n\t<meta property=\"og:image:height\" content=\"1264\" \/>\n\t<meta property=\"og:image:type\" content=\"image\/jpeg\" \/>\n<meta name=\"twitter:card\" content=\"summary_large_image\" \/>\n<meta name=\"twitter:label1\" content=\"Est. reading time\" \/>\n\t<meta name=\"twitter:data1\" content=\"2 minutes\" \/>\n<script type=\"application\/ld+json\" class=\"yoast-schema-graph\">{\"@context\":\"https:\\\/\\\/schema.org\",\"@graph\":[{\"@type\":\"WebPage\",\"@id\":\"https:\\\/\\\/rosanacl.com\\\/producto\\\/body-selene-modelo-mariluz\\\/\",\"url\":\"https:\\\/\\\/rosanacl.com\\\/producto\\\/body-selene-modelo-mariluz\\\/\",\"name\":\"Body Selene Mariluz - Rosana CL\",\"isPartOf\":{\"@id\":\"https:\\\/\\\/rosanacl.com\\\/ca\\\/#website\"},\"primaryImageOfPage\":{\"@id\":\"https:\\\/\\\/rosanacl.com\\\/producto\\\/body-selene-modelo-mariluz\\\/#primaryimage\"},\"image\":{\"@id\":\"https:\\\/\\\/rosanacl.com\\\/producto\\\/body-selene-modelo-mariluz\\\/#primaryimage\"},\"thumbnailUrl\":\"https:\\\/\\\/rosanacl.com\\\/wp-content\\\/uploads\\\/2025\\\/04\\\/body-selene-modelo-Mariluz-e1756816439156.jpg\",\"datePublished\":\"2025-04-29T23:11:34+00:00\",\"dateModified\":\"2026-01-07T18:48:35+00:00\",\"breadcrumb\":{\"@id\":\"https:\\\/\\\/rosanacl.com\\\/producto\\\/body-selene-modelo-mariluz\\\/#breadcrumb\"},\"inLanguage\":\"is\",\"potentialAction\":[{\"@type\":\"ReadAction\",\"target\":[\"https:\\\/\\\/rosanacl.com\\\/producto\\\/body-selene-modelo-mariluz\\\/\"]}]},{\"@type\":\"ImageObject\",\"inLanguage\":\"is\",\"@id\":\"https:\\\/\\\/rosanacl.com\\\/producto\\\/body-selene-modelo-mariluz\\\/#primaryimage\",\"url\":\"https:\\\/\\\/rosanacl.com\\\/wp-content\\\/uploads\\\/2025\\\/04\\\/body-selene-modelo-Mariluz-e1756816439156.jpg\",\"contentUrl\":\"https:\\\/\\\/rosanacl.com\\\/wp-content\\\/uploads\\\/2025\\\/04\\\/body-selene-modelo-Mariluz-e1756816439156.jpg\",\"width\":853,\"height\":1264},{\"@type\":\"BreadcrumbList\",\"@id\":\"https:\\\/\\\/rosanacl.com\\\/producto\\\/body-selene-modelo-mariluz\\\/#breadcrumb\",\"itemListElement\":[{\"@type\":\"ListItem\",\"position\":1,\"name\":\"Portada\",\"item\":\"https:\\\/\\\/rosanacl.com\\\/ca\\\/\"},{\"@type\":\"ListItem\",\"position\":2,\"name\":\"Tienda\",\"item\":\"https:\\\/\\\/rosanacl.com\\\/ca\\\/tienda\\\/\"},{\"@type\":\"ListItem\",\"position\":3,\"name\":\"Body Selene Mariluz\"}]},{\"@type\":\"WebSite\",\"@id\":\"https:\\\/\\\/rosanacl.com\\\/ca\\\/#website\",\"url\":\"https:\\\/\\\/rosanacl.com\\\/ca\\\/\",\"name\":\"Rosana CL\",\"description\":\"Somos tu interior\",\"potentialAction\":[{\"@type\":\"SearchAction\",\"target\":{\"@type\":\"EntryPoint\",\"urlTemplate\":\"https:\\\/\\\/rosanacl.com\\\/ca\\\/?s={search_term_string}\"},\"query-input\":{\"@type\":\"PropertyValueSpecification\",\"valueRequired\":true,\"valueName\":\"search_term_string\"}}],\"inLanguage\":\"is\"}]}<\/script>\n<!-- \/ Yoast SEO plugin. -->","yoast_head_json":{"title":"Body Selene Mariluz - Rosana CL","robots":{"index":"index","follow":"follow","max-snippet":"max-snippet:-1","max-image-preview":"max-image-preview:large","max-video-preview":"max-video-preview:-1"},"canonical":"https:\/\/rosanacl.com\/is\/product\/body-selene-modelo-mariluz\/","og_locale":"is_IS","og_type":"article","og_title":"Body Selene Mariluz - Rosana CL","og_description":"El Body Selene Mariluz es ese tipo de prenda que te arregla el look desde dentro: moldea, sujeta y deja una sensaci\u00f3n de \u00abtodo en su sitio\u00bb sin renunciar a la comodidad. Lleva aros y una copa de gran capacidad (C) pensada para un busto bien recogido y bonito, con un acabado elegante que se [&hellip;]","og_url":"https:\/\/rosanacl.com\/is\/product\/body-selene-modelo-mariluz\/","og_site_name":"Rosana CL","article_modified_time":"2026-01-07T18:48:35+00:00","og_image":[{"width":853,"height":1264,"url":"https:\/\/rosanacl.com\/wp-content\/uploads\/2025\/04\/body-selene-modelo-Mariluz-e1756816439156.jpg","type":"image\/jpeg"}],"twitter_card":"summary_large_image","twitter_misc":{"Est. reading time":"2 minutes"},"schema":{"@context":"https:\/\/schema.org","@graph":[{"@type":"WebPage","@id":"https:\/\/rosanacl.com\/producto\/body-selene-modelo-mariluz\/","url":"https:\/\/rosanacl.com\/producto\/body-selene-modelo-mariluz\/","name":"Body Selene Mariluz - Rosana CL","isPartOf":{"@id":"https:\/\/rosanacl.com\/ca\/#website"},"primaryImageOfPage":{"@id":"https:\/\/rosanacl.com\/producto\/body-selene-modelo-mariluz\/#primaryimage"},"image":{"@id":"https:\/\/rosanacl.com\/producto\/body-selene-modelo-mariluz\/#primaryimage"},"thumbnailUrl":"https:\/\/rosanacl.com\/wp-content\/uploads\/2025\/04\/body-selene-modelo-Mariluz-e1756816439156.jpg","datePublished":"2025-04-29T23:11:34+00:00","dateModified":"2026-01-07T18:48:35+00:00","breadcrumb":{"@id":"https:\/\/rosanacl.com\/producto\/body-selene-modelo-mariluz\/#breadcrumb"},"inLanguage":"is","potentialAction":[{"@type":"ReadAction","target":["https:\/\/rosanacl.com\/producto\/body-selene-modelo-mariluz\/"]}]},{"@type":"ImageObject","inLanguage":"is","@id":"https:\/\/rosanacl.com\/producto\/body-selene-modelo-mariluz\/#primaryimage","url":"https:\/\/rosanacl.com\/wp-content\/uploads\/2025\/04\/body-selene-modelo-Mariluz-e1756816439156.jpg","contentUrl":"https:\/\/rosanacl.com\/wp-content\/uploads\/2025\/04\/body-selene-modelo-Mariluz-e1756816439156.jpg","width":853,"height":1264},{"@type":"BreadcrumbList","@id":"https:\/\/rosanacl.com\/producto\/body-selene-modelo-mariluz\/#breadcrumb","itemListElement":[{"@type":"ListItem","position":1,"name":"Portada","item":"https:\/\/rosanacl.com\/ca\/"},{"@type":"ListItem","position":2,"name":"Tienda","item":"https:\/\/rosanacl.com\/ca\/tienda\/"},{"@type":"ListItem","position":3,"name":"Body Selene Mariluz"}]},{"@type":"WebSite","@id":"https:\/\/rosanacl.com\/ca\/#website","url":"https:\/\/rosanacl.com\/ca\/","name":"Rosana CL","description":"Vi\u00f0 erum innra sj\u00e1lf \u00feitt","potentialAction":[{"@type":"SearchAction","target":{"@type":"EntryPoint","urlTemplate":"https:\/\/rosanacl.com\/ca\/?s={search_term_string}"},"query-input":{"@type":"PropertyValueSpecification","valueRequired":true,"valueName":"search_term_string"}}],"inLanguage":"is"}]}},"_links":{"self":[{"href":"https:\/\/rosanacl.com\/is\/wp-json\/wp\/v2\/product\/1331","targetHints":{"allow":["GET"]}}],"collection":[{"href":"https:\/\/rosanacl.com\/is\/wp-json\/wp\/v2\/product"}],"about":[{"href":"https:\/\/rosanacl.com\/is\/wp-json\/wp\/v2\/types\/product"}],"replies":[{"embeddable":true,"href":"https:\/\/rosanacl.com\/is\/wp-json\/wp\/v2\/comments?post=1331"}],"version-history":[{"count":5,"href":"https:\/\/rosanacl.com\/is\/wp-json\/wp\/v2\/product\/1331\/revisions"}],"predecessor-version":[{"id":4605,"href":"https:\/\/rosanacl.com\/is\/wp-json\/wp\/v2\/product\/1331\/revisions\/4605"}],"wp:featuredmedia":[{"embeddable":true,"href":"https:\/\/rosanacl.com\/is\/wp-json\/wp\/v2\/media\/3141"}],"wp:attachment":[{"href":"https:\/\/rosanacl.com\/is\/wp-json\/wp\/v2\/media?parent=1331"}],"wp:term":[{"taxonomy":"product_brand","embeddable":true,"href":"https:\/\/rosanacl.com\/is\/wp-json\/wp\/v2\/product_brand?post=1331"},{"taxonomy":"product_cat","embeddable":true,"href":"https:\/\/rosanacl.com\/is\/wp-json\/wp\/v2\/product_cat?post=1331"},{"taxonomy":"product_tag","embeddable":true,"href":"https:\/\/rosanacl.com\/is\/wp-json\/wp\/v2\/product_tag?post=1331"}],"curies":[{"name":"wp","href":"https:\/\/api.w.org\/{rel}","templated":true}]}}