{"id":134,"date":"2025-04-29T02:39:03","date_gmt":"2025-04-29T00:39:03","guid":{"rendered":"https:\/\/rosanacl.com\/?post_type=product&#038;p=134"},"modified":"2026-01-07T22:19:55","modified_gmt":"2026-01-07T21:19:55","slug":"sujetador-modelo-mariluz","status":"publish","type":"product","link":"https:\/\/rosanacl.com\/is\/product\/sujetador-modelo-mariluz\/","title":{"rendered":"Selene Mariluz brj\u00f3stahaldari"},"content":{"rendered":"<p>Selene Mariluz brj\u00f3stahaldarinn er hanna\u00f0ur til a\u00f0 auka gl\u00e6sileika: f\u00ednleg bl\u00fanda, hreinar l\u00ednur og fallegt h\u00e1lsm\u00e1l sem l\u00edtur kvenlegt \u00fat \u00e1n \u00feess a\u00f0 vera yfir\u00feyrmandi. V\u00edral\u00ednurnar lyfta og m\u00f3tast n\u00e1tt\u00farulega og skapa flatterandi og fallega m\u00f3ta\u00f0a sni\u00f0 fr\u00e1 fyrstu stundu.<\/p>\n<p>\u00deetta er undirf\u00f6tin sem \u00fe\u00fa kl\u00e6\u00f0ist og finnur muninn: \u00f6ruggur stu\u00f0ningur, \u00fe\u00e6gindi sem endast \u00ed margar klukkustundir og f\u00e1gu\u00f0 \u00e1fer\u00f0 sem passar vi\u00f0 allt. Fullkomin fyrir daglegt notkun \u00feegar \u00fe\u00fa vilt l\u00edta \u00f3a\u00f0finnanlega \u00fat og einnig fyrir s\u00e9rst\u00f6k tilefni \u00feegar \u00fe\u00fa \u00fer\u00e1ir snert af gl\u00e6sileika, \u00e1n \u00feess a\u00f0 f\u00f3rna l\u00e9ttleika e\u00f0a n\u00e1tt\u00farulegri tilfinningu.<\/p>\n<p>Uppl\u00fdsingar sem \u00fe\u00e9r mun l\u00edka vi\u00f0 Mariluz<\/p>\n<ul>\n<li>Hringur sem safnar saman og skilgreinir brj\u00f3sti\u00f0 me\u00f0 n\u00e1tt\u00farulegri l\u00f6gun<\/li>\n<li>Gl\u00e6sileg bl\u00fanda me\u00f0 f\u00ednni og flatterandi \u00e1fer\u00f0<\/li>\n<li>\u00d6ruggur stu\u00f0ningur \u00e1n st\u00edfrar tilfinningar<\/li>\n<li>\u00de\u00e6gileg passa fyrir daglegt notkun og s\u00e9rst\u00f6k tilefni<\/li>\n<li>F\u00e1anlegt \u00ed samsvarandi Mariluz n\u00e6rbuxum (til a\u00f0 fullkomna \u00fatliti\u00f0)<\/li>\n<\/ul>\n<p>\ud83d\udde3\ufe0fR\u00e1\u00f0: Mariluz er fullkomin fyrir \u00fe\u00e1 daga \u00feegar \u00fe\u00fa vilt finna fyrir stu\u00f0ningi og gl\u00e6silegri tilfinningu \u00e1n \u00feess a\u00f0 l\u00edta of \u00feung \u00fat. Settu hana h\u00e6gt \u00e1 \u00feig, stilltu \u00f3larnar r\u00e9tt og athuga\u00f0u hvort v\u00edrarnir fylgi l\u00edkamsl\u00f6gunum (\u00e1n \u00feess a\u00f0 grafa sig inn): \u00feegar \u00feeir eru komnir \u00e1 sinn sta\u00f0 muntu taka eftir st\u00f6\u00f0ugum stu\u00f0ningi og fallegri sni\u00f0m\u00e1t \u00e1n \u00e1reynslu.<\/p>\n<p>\ud83d\udccfAthugi\u00f0: \u00c1\u00f0ur en \u00fe\u00fa kaupir skaltu athuga bandi\u00f0 (undir brj\u00f3stinu) og bollast\u00e6r\u00f0ina: bandi\u00f0 \u00e6tti a\u00f0 passa vel og \u00f6rugglega (\u00e1n \u00feess a\u00f0 renna upp baki\u00f0) og bollinn \u00e6tti a\u00f0 hylja fulla v\u00f6rn \u00e1n \u00feess a\u00f0 skera e\u00f0a skilja eftir bil. Ef \u00fe\u00fa ert \u00f3viss um hvort \u00fe\u00fa eigir r\u00e9tta valkosti skaltu forgangsra\u00f0a st\u00f6\u00f0ugu bandi og bolla sem passar \u00fe\u00e6gilega og veitir fullan stu\u00f0ning: \u00feannig gerir\u00f0u \u00fea\u00f0 r\u00e9tt \u00ed fyrsta skipti.<\/p>\n<p>Samsetning: 50% p\u00f3l\u00fdester, 36% p\u00f3l\u00fdam\u00ed\u00f0, 14% elastan.<\/p>\n<p>\ud83d\udc06 A\u00f0 finna fyrir krafti \u00ed \u00fe\u00f6gn.<\/p>","protected":false},"excerpt":{"rendered":"<p>El sujetador Selene Mariluz est\u00e1 pensado para realzar con elegancia: encaje fino, l\u00ednea limpia y un escote bonito que se ve femenino sin recargar. Su dise\u00f1o con aro recoge y define con una forma natural, dejando una silueta favorecedora y muy \u00abbien hecha\u00bb desde el primer momento. Es esa pieza de lencer\u00eda que te pones [&hellip;]<\/p>\n","protected":false},"featured_media":1450,"comment_status":"open","ping_status":"closed","template":"","meta":{"content-type":""},"product_brand":[55],"product_cat":[80,107,24,20],"product_tag":[57,56],"class_list":{"0":"post-134","1":"product","2":"type-product","3":"status-publish","4":"has-post-thumbnail","6":"product_brand-selene","7":"product_cat-con-aros-sin-relleno","8":"product_cat-mariluz","9":"product_cat-sin-relleno","10":"product_cat-sujetador","11":"product_tag-sin-relleno","12":"product_tag-sujetador","14":"first","15":"instock","16":"taxable","17":"shipping-taxable","18":"purchasable","19":"product-type-variable"},"supplier_id":null,"supplier_sku":"","barcode":null,"atum_controlled":true,"out_stock_date":null,"out_stock_threshold":null,"inheritable":true,"inbound_stock":null,"stock_on_hold":0,"sold_today":0,"sales_last_days":0,"reserved_stock":null,"customer_returns":null,"warehouse_damage":null,"lost_in_post":null,"other_logs":null,"out_stock_days":0,"lost_sales":0,"has_location":false,"update_date":"2026-01-07T21:19:56","atum_locations":[],"atum_stock_status":"instock","restock_status":false,"low_stock_amount":"","sales_update_date":"2025-08-19T02:35:53","calc_backorders":null,"yoast_head":"<!-- This site is optimized with the Yoast SEO plugin v27.4 - https:\/\/yoast.com\/product\/yoast-seo-wordpress\/ -->\n<title>Sujetador Selene Mariluz - Rosana CL<\/title>\n<meta name=\"robots\" content=\"index, follow, max-snippet:-1, max-image-preview:large, max-video-preview:-1\" \/>\n<link rel=\"canonical\" href=\"https:\/\/rosanacl.com\/is\/product\/sujetador-modelo-mariluz\/\" \/>\n<meta property=\"og:locale\" content=\"is_IS\" \/>\n<meta property=\"og:type\" content=\"article\" \/>\n<meta property=\"og:title\" content=\"Sujetador Selene Mariluz - Rosana CL\" \/>\n<meta property=\"og:description\" content=\"El sujetador Selene Mariluz est\u00e1 pensado para realzar con elegancia: encaje fino, l\u00ednea limpia y un escote bonito que se ve femenino sin recargar. Su dise\u00f1o con aro recoge y define con una forma natural, dejando una silueta favorecedora y muy \u00abbien hecha\u00bb desde el primer momento. Es esa pieza de lencer\u00eda que te pones [&hellip;]\" \/>\n<meta property=\"og:url\" content=\"https:\/\/rosanacl.com\/is\/product\/sujetador-modelo-mariluz\/\" \/>\n<meta property=\"og:site_name\" content=\"Rosana CL\" \/>\n<meta property=\"article:modified_time\" content=\"2026-01-07T21:19:55+00:00\" \/>\n<meta property=\"og:image\" content=\"https:\/\/rosanacl.com\/wp-content\/uploads\/2025\/04\/Sujetador-modelo-Mariluz-000001.webp\" \/>\n\t<meta property=\"og:image:width\" content=\"1000\" \/>\n\t<meta property=\"og:image:height\" content=\"1000\" \/>\n\t<meta property=\"og:image:type\" content=\"image\/webp\" \/>\n<meta name=\"twitter:card\" content=\"summary_large_image\" \/>\n<meta name=\"twitter:label1\" content=\"Est. reading time\" \/>\n\t<meta name=\"twitter:data1\" content=\"2 minutes\" \/>\n<script type=\"application\/ld+json\" class=\"yoast-schema-graph\">{\"@context\":\"https:\\\/\\\/schema.org\",\"@graph\":[{\"@type\":\"WebPage\",\"@id\":\"https:\\\/\\\/rosanacl.com\\\/producto\\\/sujetador-modelo-mariluz\\\/\",\"url\":\"https:\\\/\\\/rosanacl.com\\\/producto\\\/sujetador-modelo-mariluz\\\/\",\"name\":\"Sujetador Selene Mariluz - Rosana CL\",\"isPartOf\":{\"@id\":\"https:\\\/\\\/rosanacl.com\\\/ca\\\/#website\"},\"primaryImageOfPage\":{\"@id\":\"https:\\\/\\\/rosanacl.com\\\/producto\\\/sujetador-modelo-mariluz\\\/#primaryimage\"},\"image\":{\"@id\":\"https:\\\/\\\/rosanacl.com\\\/producto\\\/sujetador-modelo-mariluz\\\/#primaryimage\"},\"thumbnailUrl\":\"https:\\\/\\\/rosanacl.com\\\/wp-content\\\/uploads\\\/2025\\\/04\\\/Sujetador-modelo-Mariluz-000001.webp\",\"datePublished\":\"2025-04-29T00:39:03+00:00\",\"dateModified\":\"2026-01-07T21:19:55+00:00\",\"breadcrumb\":{\"@id\":\"https:\\\/\\\/rosanacl.com\\\/producto\\\/sujetador-modelo-mariluz\\\/#breadcrumb\"},\"inLanguage\":\"is\",\"potentialAction\":[{\"@type\":\"ReadAction\",\"target\":[\"https:\\\/\\\/rosanacl.com\\\/producto\\\/sujetador-modelo-mariluz\\\/\"]}]},{\"@type\":\"ImageObject\",\"inLanguage\":\"is\",\"@id\":\"https:\\\/\\\/rosanacl.com\\\/producto\\\/sujetador-modelo-mariluz\\\/#primaryimage\",\"url\":\"https:\\\/\\\/rosanacl.com\\\/wp-content\\\/uploads\\\/2025\\\/04\\\/Sujetador-modelo-Mariluz-000001.webp\",\"contentUrl\":\"https:\\\/\\\/rosanacl.com\\\/wp-content\\\/uploads\\\/2025\\\/04\\\/Sujetador-modelo-Mariluz-000001.webp\",\"width\":1000,\"height\":1000},{\"@type\":\"BreadcrumbList\",\"@id\":\"https:\\\/\\\/rosanacl.com\\\/producto\\\/sujetador-modelo-mariluz\\\/#breadcrumb\",\"itemListElement\":[{\"@type\":\"ListItem\",\"position\":1,\"name\":\"Portada\",\"item\":\"https:\\\/\\\/rosanacl.com\\\/ca\\\/\"},{\"@type\":\"ListItem\",\"position\":2,\"name\":\"Tienda\",\"item\":\"https:\\\/\\\/rosanacl.com\\\/ca\\\/tienda\\\/\"},{\"@type\":\"ListItem\",\"position\":3,\"name\":\"Sujetador Selene Mariluz\"}]},{\"@type\":\"WebSite\",\"@id\":\"https:\\\/\\\/rosanacl.com\\\/ca\\\/#website\",\"url\":\"https:\\\/\\\/rosanacl.com\\\/ca\\\/\",\"name\":\"Rosana CL\",\"description\":\"Somos tu interior\",\"potentialAction\":[{\"@type\":\"SearchAction\",\"target\":{\"@type\":\"EntryPoint\",\"urlTemplate\":\"https:\\\/\\\/rosanacl.com\\\/ca\\\/?s={search_term_string}\"},\"query-input\":{\"@type\":\"PropertyValueSpecification\",\"valueRequired\":true,\"valueName\":\"search_term_string\"}}],\"inLanguage\":\"is\"}]}<\/script>\n<!-- \/ Yoast SEO plugin. -->","yoast_head_json":{"title":"Sujetador Selene Mariluz - Rosana CL","robots":{"index":"index","follow":"follow","max-snippet":"max-snippet:-1","max-image-preview":"max-image-preview:large","max-video-preview":"max-video-preview:-1"},"canonical":"https:\/\/rosanacl.com\/is\/product\/sujetador-modelo-mariluz\/","og_locale":"is_IS","og_type":"article","og_title":"Sujetador Selene Mariluz - Rosana CL","og_description":"El sujetador Selene Mariluz est\u00e1 pensado para realzar con elegancia: encaje fino, l\u00ednea limpia y un escote bonito que se ve femenino sin recargar. Su dise\u00f1o con aro recoge y define con una forma natural, dejando una silueta favorecedora y muy \u00abbien hecha\u00bb desde el primer momento. Es esa pieza de lencer\u00eda que te pones [&hellip;]","og_url":"https:\/\/rosanacl.com\/is\/product\/sujetador-modelo-mariluz\/","og_site_name":"Rosana CL","article_modified_time":"2026-01-07T21:19:55+00:00","og_image":[{"width":1000,"height":1000,"url":"https:\/\/rosanacl.com\/wp-content\/uploads\/2025\/04\/Sujetador-modelo-Mariluz-000001.webp","type":"image\/webp"}],"twitter_card":"summary_large_image","twitter_misc":{"Est. reading time":"2 minutes"},"schema":{"@context":"https:\/\/schema.org","@graph":[{"@type":"WebPage","@id":"https:\/\/rosanacl.com\/producto\/sujetador-modelo-mariluz\/","url":"https:\/\/rosanacl.com\/producto\/sujetador-modelo-mariluz\/","name":"Sujetador Selene Mariluz - Rosana CL","isPartOf":{"@id":"https:\/\/rosanacl.com\/ca\/#website"},"primaryImageOfPage":{"@id":"https:\/\/rosanacl.com\/producto\/sujetador-modelo-mariluz\/#primaryimage"},"image":{"@id":"https:\/\/rosanacl.com\/producto\/sujetador-modelo-mariluz\/#primaryimage"},"thumbnailUrl":"https:\/\/rosanacl.com\/wp-content\/uploads\/2025\/04\/Sujetador-modelo-Mariluz-000001.webp","datePublished":"2025-04-29T00:39:03+00:00","dateModified":"2026-01-07T21:19:55+00:00","breadcrumb":{"@id":"https:\/\/rosanacl.com\/producto\/sujetador-modelo-mariluz\/#breadcrumb"},"inLanguage":"is","potentialAction":[{"@type":"ReadAction","target":["https:\/\/rosanacl.com\/producto\/sujetador-modelo-mariluz\/"]}]},{"@type":"ImageObject","inLanguage":"is","@id":"https:\/\/rosanacl.com\/producto\/sujetador-modelo-mariluz\/#primaryimage","url":"https:\/\/rosanacl.com\/wp-content\/uploads\/2025\/04\/Sujetador-modelo-Mariluz-000001.webp","contentUrl":"https:\/\/rosanacl.com\/wp-content\/uploads\/2025\/04\/Sujetador-modelo-Mariluz-000001.webp","width":1000,"height":1000},{"@type":"BreadcrumbList","@id":"https:\/\/rosanacl.com\/producto\/sujetador-modelo-mariluz\/#breadcrumb","itemListElement":[{"@type":"ListItem","position":1,"name":"Portada","item":"https:\/\/rosanacl.com\/ca\/"},{"@type":"ListItem","position":2,"name":"Tienda","item":"https:\/\/rosanacl.com\/ca\/tienda\/"},{"@type":"ListItem","position":3,"name":"Sujetador Selene Mariluz"}]},{"@type":"WebSite","@id":"https:\/\/rosanacl.com\/ca\/#website","url":"https:\/\/rosanacl.com\/ca\/","name":"Rosana CL","description":"Vi\u00f0 erum innra sj\u00e1lf \u00feitt","potentialAction":[{"@type":"SearchAction","target":{"@type":"EntryPoint","urlTemplate":"https:\/\/rosanacl.com\/ca\/?s={search_term_string}"},"query-input":{"@type":"PropertyValueSpecification","valueRequired":true,"valueName":"search_term_string"}}],"inLanguage":"is"}]}},"_links":{"self":[{"href":"https:\/\/rosanacl.com\/is\/wp-json\/wp\/v2\/product\/134","targetHints":{"allow":["GET"]}}],"collection":[{"href":"https:\/\/rosanacl.com\/is\/wp-json\/wp\/v2\/product"}],"about":[{"href":"https:\/\/rosanacl.com\/is\/wp-json\/wp\/v2\/types\/product"}],"replies":[{"embeddable":true,"href":"https:\/\/rosanacl.com\/is\/wp-json\/wp\/v2\/comments?post=134"}],"version-history":[{"count":5,"href":"https:\/\/rosanacl.com\/is\/wp-json\/wp\/v2\/product\/134\/revisions"}],"predecessor-version":[{"id":4627,"href":"https:\/\/rosanacl.com\/is\/wp-json\/wp\/v2\/product\/134\/revisions\/4627"}],"wp:featuredmedia":[{"embeddable":true,"href":"https:\/\/rosanacl.com\/is\/wp-json\/wp\/v2\/media\/1450"}],"wp:attachment":[{"href":"https:\/\/rosanacl.com\/is\/wp-json\/wp\/v2\/media?parent=134"}],"wp:term":[{"taxonomy":"product_brand","embeddable":true,"href":"https:\/\/rosanacl.com\/is\/wp-json\/wp\/v2\/product_brand?post=134"},{"taxonomy":"product_cat","embeddable":true,"href":"https:\/\/rosanacl.com\/is\/wp-json\/wp\/v2\/product_cat?post=134"},{"taxonomy":"product_tag","embeddable":true,"href":"https:\/\/rosanacl.com\/is\/wp-json\/wp\/v2\/product_tag?post=134"}],"curies":[{"name":"wp","href":"https:\/\/api.w.org\/{rel}","templated":true}]}}