{"id":2083,"date":"2025-05-23T10:10:33","date_gmt":"2025-05-23T08:10:33","guid":{"rendered":"https:\/\/rosanacl.com\/?post_type=product&#038;p=2083"},"modified":"2026-01-07T19:02:39","modified_gmt":"2026-01-07T18:02:39","slug":"sujetador-selene-modelo-mercedes","status":"publish","type":"product","link":"https:\/\/rosanacl.com\/is\/product\/sujetador-selene-modelo-mercedes\/","title":{"rendered":"Selene Mercedes brj\u00f3stahaldari"},"content":{"rendered":"<p>Mercedes-brj\u00f3stahaldarinn er \u00f3larlaus sem bjargar hva\u00f0a \u00fatliti sem er: \u00f3larlaus, me\u00f0 v\u00edrum og me\u00f0 b\u00f3lstru\u00f0um efnum, \u00feannig a\u00f0 brj\u00f3stin \u00fe\u00edn l\u00edta vel \u00fat, mi\u00f0ja\u00f0a og fallega \u00e1n \u00feess a\u00f0 \u00feurfa a\u00f0 stilla \u00feau upp \u00e1 tveggja m\u00edn\u00fatna fresti. Tilvalinn ef \u00fe\u00fa ert a\u00f0 leita a\u00f0 hreinum \u00e1fer\u00f0 undir f\u00f6tunum og h\u00e1lsm\u00e1li sem l\u00edtur gl\u00e6silega (og flatterandi) \u00fat fr\u00e1 fyrstu stundu.<\/p>\n<p>\u00d6rtrefjaefni\u00f0 er mj\u00fakt og endingargott og hanna\u00f0 til a\u00f0 gera brj\u00f3stahaldarann \u00fe\u00e6gilegan og \u00f3\u00e1berandi, jafnvel undir a\u00f0sni\u00f0num f\u00f6tum. Og ef \u00fe\u00fa \u00fearft einhvern t\u00edmann meiri stu\u00f0ning e\u00f0a auki\u00f0 \u00f6ryggi, \u00fe\u00e1 fylgja l\u00edkani\u00f0 me\u00f0 \u00f3lum \u00far efni svo \u00fe\u00fa getir kl\u00e6\u00f0st honum hvernig sem \u00fe\u00e9r l\u00edkar (fer eftir kl\u00e6\u00f0na\u00f0i og tilefni).<\/p>\n<p>Lykilatri\u00f0i (\u00fea\u00f0 sem skiptir raunverulega m\u00e1li)<\/p>\n<ul>\n<li>Bikar B, me\u00f0 v\u00edr og b\u00f3lstrun: undirstrikar og skilgreinir bringuna me\u00f0 n\u00e1tt\u00farulegri l\u00f6gun.<\/li>\n<li>Axlarlaus st\u00edll: fullkominn fyrir kj\u00f3la, boli og axlarlausa kj\u00f3la.<\/li>\n<li>Inniheldur \u00f3lar \u00far text\u00edl: algj\u00f6r fj\u00f6lh\u00e6fni \u00ed einum brj\u00f3stahaldara.<\/li>\n<li>Mj\u00fakt og endingargott \u00f6rtrefjaefni: \u00fe\u00e6gilegt vi\u00f0komu + a\u00f0lagast l\u00edkamanum vel.<\/li>\n<\/ul>\n<p>\ud83d\udde3\ufe0f R\u00e1\u00f0: Mercedes-sk\u00f3rinn er hanna\u00f0ur \u00feannig a\u00f0 \u00fe\u00fa \u00fearft ekki a\u00f0 stilla hann upp \u00e1 n\u00fdtt: hann er st\u00f6\u00f0ugur \u00e1 \u00fatl\u00ednunum og skilur bringuna eftir mi\u00f0ju\u00f0a og \u00e1v\u00f6l, me\u00f0 \u00feessum \u00abhreina\u00bb \u00e1hrifum sem l\u00edta fallega \u00fat undir kj\u00f3lum og toppum \u00e1n axlar\u00f3la.<\/p>\n<p>\ud83d\udccf Athugi\u00f0: \u00c1\u00f0ur en \u00fe\u00fa kaupir er mikilv\u00e6gt a\u00f0 hafa \u00ed huga a\u00f0 st\u00e6r\u00f0 bandsins er lykilatri\u00f0i fyrir brj\u00f3stahaldara \u00e1n bands: hann \u00fearf a\u00f0 passa vel fr\u00e1 fyrstu stillingu svo hann f\u00e6rist ekki til. Ef \u00fe\u00fa ert \u00f3viss um hvort \u00fe\u00fa veljir tv\u00e6r st\u00e6r\u00f0ir bandsins er s\u00fa \u00ferengri yfirleitt betri; og fyrir bollast\u00e6r\u00f0ina skaltu velja \u00fe\u00e1 sem veitir brj\u00f3stinu g\u00f3\u00f0an stu\u00f0ning (\u00e1n \u00feess a\u00f0 skera inn a\u00f0 ofan) svo a\u00f0 h\u00e1lsm\u00e1li\u00f0 l\u00edti n\u00e1tt\u00farulega og fallega \u00fat.<\/p>\n<p>Samsetning: 44% p\u00f3l\u00fdester \u00b7 48% p\u00f3l\u00fdam\u00ed\u00f0 \u00b7 8% elastan.<\/p>\n<p>\ud83d\udc83 Hei\u00f0ursor\u00f0 \u00feitt\u2026 me\u00f0 \u00f3sviknum stu\u00f0ningi.<\/p>","protected":false},"excerpt":{"rendered":"<p>El Mercedes es ese sujetador \u00abpalabra de honor\u00bb que te salva cualquier look: sin tirantes, con aros y relleno, para que el pecho quede redondeado, centrado y bonito sin necesidad de estar recoloc\u00e1ndolo cada dos minutos. Ideal si buscas un acabado limpio bajo la ropa y un escote que se vea elegante (y favorecedor) desde [&hellip;]<\/p>\n","protected":false},"featured_media":2151,"comment_status":"open","ping_status":"closed","template":"","meta":{"content-type":""},"product_brand":[55],"product_cat":[82,20],"product_tag":[56],"class_list":{"0":"post-2083","1":"product","2":"type-product","3":"status-publish","4":"has-post-thumbnail","6":"product_brand-selene","7":"product_cat-sin-tirantes","8":"product_cat-sujetador","9":"product_tag-sujetador","11":"first","12":"instock","13":"taxable","14":"shipping-taxable","15":"purchasable","16":"product-type-variable"},"supplier_id":null,"supplier_sku":"","barcode":null,"atum_controlled":true,"out_stock_date":null,"out_stock_threshold":null,"inheritable":true,"inbound_stock":0,"stock_on_hold":0,"sold_today":0,"sales_last_days":0,"reserved_stock":0,"customer_returns":0,"warehouse_damage":0,"lost_in_post":0,"other_logs":0,"out_stock_days":0,"lost_sales":0,"has_location":false,"update_date":"2026-01-07T18:02:40","atum_locations":[],"atum_stock_status":"instock","restock_status":false,"low_stock_amount":"","sales_update_date":"2025-10-03T04:55:37","calc_backorders":null,"yoast_head":"<!-- This site is optimized with the Yoast SEO plugin v27.4 - https:\/\/yoast.com\/product\/yoast-seo-wordpress\/ -->\n<title>Sujetador Selene Mercedes - Rosana CL<\/title>\n<meta name=\"robots\" content=\"index, follow, max-snippet:-1, max-image-preview:large, max-video-preview:-1\" \/>\n<link rel=\"canonical\" href=\"https:\/\/rosanacl.com\/is\/product\/sujetador-selene-modelo-mercedes\/\" \/>\n<meta property=\"og:locale\" content=\"is_IS\" \/>\n<meta property=\"og:type\" content=\"article\" \/>\n<meta property=\"og:title\" content=\"Sujetador Selene Mercedes - Rosana CL\" \/>\n<meta property=\"og:description\" content=\"El Mercedes es ese sujetador \u00abpalabra de honor\u00bb que te salva cualquier look: sin tirantes, con aros y relleno, para que el pecho quede redondeado, centrado y bonito sin necesidad de estar recoloc\u00e1ndolo cada dos minutos. Ideal si buscas un acabado limpio bajo la ropa y un escote que se vea elegante (y favorecedor) desde [&hellip;]\" \/>\n<meta property=\"og:url\" content=\"https:\/\/rosanacl.com\/is\/product\/sujetador-selene-modelo-mercedes\/\" \/>\n<meta property=\"og:site_name\" content=\"Rosana CL\" \/>\n<meta property=\"article:modified_time\" content=\"2026-01-07T18:02:39+00:00\" \/>\n<meta property=\"og:image\" content=\"https:\/\/rosanacl.com\/wp-content\/uploads\/2025\/05\/1-2.png\" \/>\n\t<meta property=\"og:image:width\" content=\"1046\" \/>\n\t<meta property=\"og:image:height\" content=\"1333\" \/>\n\t<meta property=\"og:image:type\" content=\"image\/png\" \/>\n<meta name=\"twitter:card\" content=\"summary_large_image\" \/>\n<meta name=\"twitter:label1\" content=\"Est. reading time\" \/>\n\t<meta name=\"twitter:data1\" content=\"2 minutes\" \/>\n<script type=\"application\/ld+json\" class=\"yoast-schema-graph\">{\"@context\":\"https:\\\/\\\/schema.org\",\"@graph\":[{\"@type\":\"WebPage\",\"@id\":\"https:\\\/\\\/rosanacl.com\\\/producto\\\/sujetador-selene-modelo-mercedes\\\/\",\"url\":\"https:\\\/\\\/rosanacl.com\\\/producto\\\/sujetador-selene-modelo-mercedes\\\/\",\"name\":\"Sujetador Selene Mercedes - Rosana CL\",\"isPartOf\":{\"@id\":\"https:\\\/\\\/rosanacl.com\\\/ca\\\/#website\"},\"primaryImageOfPage\":{\"@id\":\"https:\\\/\\\/rosanacl.com\\\/producto\\\/sujetador-selene-modelo-mercedes\\\/#primaryimage\"},\"image\":{\"@id\":\"https:\\\/\\\/rosanacl.com\\\/producto\\\/sujetador-selene-modelo-mercedes\\\/#primaryimage\"},\"thumbnailUrl\":\"https:\\\/\\\/rosanacl.com\\\/wp-content\\\/uploads\\\/2025\\\/05\\\/1-2.png\",\"datePublished\":\"2025-05-23T08:10:33+00:00\",\"dateModified\":\"2026-01-07T18:02:39+00:00\",\"breadcrumb\":{\"@id\":\"https:\\\/\\\/rosanacl.com\\\/producto\\\/sujetador-selene-modelo-mercedes\\\/#breadcrumb\"},\"inLanguage\":\"is\",\"potentialAction\":[{\"@type\":\"ReadAction\",\"target\":[\"https:\\\/\\\/rosanacl.com\\\/producto\\\/sujetador-selene-modelo-mercedes\\\/\"]}]},{\"@type\":\"ImageObject\",\"inLanguage\":\"is\",\"@id\":\"https:\\\/\\\/rosanacl.com\\\/producto\\\/sujetador-selene-modelo-mercedes\\\/#primaryimage\",\"url\":\"https:\\\/\\\/rosanacl.com\\\/wp-content\\\/uploads\\\/2025\\\/05\\\/1-2.png\",\"contentUrl\":\"https:\\\/\\\/rosanacl.com\\\/wp-content\\\/uploads\\\/2025\\\/05\\\/1-2.png\",\"width\":1046,\"height\":1333},{\"@type\":\"BreadcrumbList\",\"@id\":\"https:\\\/\\\/rosanacl.com\\\/producto\\\/sujetador-selene-modelo-mercedes\\\/#breadcrumb\",\"itemListElement\":[{\"@type\":\"ListItem\",\"position\":1,\"name\":\"Portada\",\"item\":\"https:\\\/\\\/rosanacl.com\\\/ca\\\/\"},{\"@type\":\"ListItem\",\"position\":2,\"name\":\"Tienda\",\"item\":\"https:\\\/\\\/rosanacl.com\\\/ca\\\/tienda\\\/\"},{\"@type\":\"ListItem\",\"position\":3,\"name\":\"Sujetador Selene Mercedes\"}]},{\"@type\":\"WebSite\",\"@id\":\"https:\\\/\\\/rosanacl.com\\\/ca\\\/#website\",\"url\":\"https:\\\/\\\/rosanacl.com\\\/ca\\\/\",\"name\":\"Rosana CL\",\"description\":\"Somos tu interior\",\"potentialAction\":[{\"@type\":\"SearchAction\",\"target\":{\"@type\":\"EntryPoint\",\"urlTemplate\":\"https:\\\/\\\/rosanacl.com\\\/ca\\\/?s={search_term_string}\"},\"query-input\":{\"@type\":\"PropertyValueSpecification\",\"valueRequired\":true,\"valueName\":\"search_term_string\"}}],\"inLanguage\":\"is\"}]}<\/script>\n<!-- \/ Yoast SEO plugin. -->","yoast_head_json":{"title":"Sujetador Selene Mercedes - Rosana CL","robots":{"index":"index","follow":"follow","max-snippet":"max-snippet:-1","max-image-preview":"max-image-preview:large","max-video-preview":"max-video-preview:-1"},"canonical":"https:\/\/rosanacl.com\/is\/product\/sujetador-selene-modelo-mercedes\/","og_locale":"is_IS","og_type":"article","og_title":"Sujetador Selene Mercedes - Rosana CL","og_description":"El Mercedes es ese sujetador \u00abpalabra de honor\u00bb que te salva cualquier look: sin tirantes, con aros y relleno, para que el pecho quede redondeado, centrado y bonito sin necesidad de estar recoloc\u00e1ndolo cada dos minutos. Ideal si buscas un acabado limpio bajo la ropa y un escote que se vea elegante (y favorecedor) desde [&hellip;]","og_url":"https:\/\/rosanacl.com\/is\/product\/sujetador-selene-modelo-mercedes\/","og_site_name":"Rosana CL","article_modified_time":"2026-01-07T18:02:39+00:00","og_image":[{"width":1046,"height":1333,"url":"https:\/\/rosanacl.com\/wp-content\/uploads\/2025\/05\/1-2.png","type":"image\/png"}],"twitter_card":"summary_large_image","twitter_misc":{"Est. reading time":"2 minutes"},"schema":{"@context":"https:\/\/schema.org","@graph":[{"@type":"WebPage","@id":"https:\/\/rosanacl.com\/producto\/sujetador-selene-modelo-mercedes\/","url":"https:\/\/rosanacl.com\/producto\/sujetador-selene-modelo-mercedes\/","name":"Sujetador Selene Mercedes - Rosana CL","isPartOf":{"@id":"https:\/\/rosanacl.com\/ca\/#website"},"primaryImageOfPage":{"@id":"https:\/\/rosanacl.com\/producto\/sujetador-selene-modelo-mercedes\/#primaryimage"},"image":{"@id":"https:\/\/rosanacl.com\/producto\/sujetador-selene-modelo-mercedes\/#primaryimage"},"thumbnailUrl":"https:\/\/rosanacl.com\/wp-content\/uploads\/2025\/05\/1-2.png","datePublished":"2025-05-23T08:10:33+00:00","dateModified":"2026-01-07T18:02:39+00:00","breadcrumb":{"@id":"https:\/\/rosanacl.com\/producto\/sujetador-selene-modelo-mercedes\/#breadcrumb"},"inLanguage":"is","potentialAction":[{"@type":"ReadAction","target":["https:\/\/rosanacl.com\/producto\/sujetador-selene-modelo-mercedes\/"]}]},{"@type":"ImageObject","inLanguage":"is","@id":"https:\/\/rosanacl.com\/producto\/sujetador-selene-modelo-mercedes\/#primaryimage","url":"https:\/\/rosanacl.com\/wp-content\/uploads\/2025\/05\/1-2.png","contentUrl":"https:\/\/rosanacl.com\/wp-content\/uploads\/2025\/05\/1-2.png","width":1046,"height":1333},{"@type":"BreadcrumbList","@id":"https:\/\/rosanacl.com\/producto\/sujetador-selene-modelo-mercedes\/#breadcrumb","itemListElement":[{"@type":"ListItem","position":1,"name":"Portada","item":"https:\/\/rosanacl.com\/ca\/"},{"@type":"ListItem","position":2,"name":"Tienda","item":"https:\/\/rosanacl.com\/ca\/tienda\/"},{"@type":"ListItem","position":3,"name":"Sujetador Selene Mercedes"}]},{"@type":"WebSite","@id":"https:\/\/rosanacl.com\/ca\/#website","url":"https:\/\/rosanacl.com\/ca\/","name":"Rosana CL","description":"Vi\u00f0 erum innra sj\u00e1lf \u00feitt","potentialAction":[{"@type":"SearchAction","target":{"@type":"EntryPoint","urlTemplate":"https:\/\/rosanacl.com\/ca\/?s={search_term_string}"},"query-input":{"@type":"PropertyValueSpecification","valueRequired":true,"valueName":"search_term_string"}}],"inLanguage":"is"}]}},"_links":{"self":[{"href":"https:\/\/rosanacl.com\/is\/wp-json\/wp\/v2\/product\/2083","targetHints":{"allow":["GET"]}}],"collection":[{"href":"https:\/\/rosanacl.com\/is\/wp-json\/wp\/v2\/product"}],"about":[{"href":"https:\/\/rosanacl.com\/is\/wp-json\/wp\/v2\/types\/product"}],"replies":[{"embeddable":true,"href":"https:\/\/rosanacl.com\/is\/wp-json\/wp\/v2\/comments?post=2083"}],"version-history":[{"count":5,"href":"https:\/\/rosanacl.com\/is\/wp-json\/wp\/v2\/product\/2083\/revisions"}],"predecessor-version":[{"id":4599,"href":"https:\/\/rosanacl.com\/is\/wp-json\/wp\/v2\/product\/2083\/revisions\/4599"}],"wp:featuredmedia":[{"embeddable":true,"href":"https:\/\/rosanacl.com\/is\/wp-json\/wp\/v2\/media\/2151"}],"wp:attachment":[{"href":"https:\/\/rosanacl.com\/is\/wp-json\/wp\/v2\/media?parent=2083"}],"wp:term":[{"taxonomy":"product_brand","embeddable":true,"href":"https:\/\/rosanacl.com\/is\/wp-json\/wp\/v2\/product_brand?post=2083"},{"taxonomy":"product_cat","embeddable":true,"href":"https:\/\/rosanacl.com\/is\/wp-json\/wp\/v2\/product_cat?post=2083"},{"taxonomy":"product_tag","embeddable":true,"href":"https:\/\/rosanacl.com\/is\/wp-json\/wp\/v2\/product_tag?post=2083"}],"curies":[{"name":"wp","href":"https:\/\/api.w.org\/{rel}","templated":true}]}}