{"id":211,"date":"2025-04-29T12:22:28","date_gmt":"2025-04-29T10:22:28","guid":{"rendered":"https:\/\/rosanacl.com\/?post_type=product&#038;p=211"},"modified":"2026-01-08T03:42:43","modified_gmt":"2026-01-08T02:42:43","slug":"sujetador-modelo-teresa","status":"publish","type":"product","link":"https:\/\/rosanacl.com\/is\/product\/sujetador-modelo-teresa\/","title":{"rendered":"Selene Teresa Bra"},"content":{"rendered":"<p>\u00dea\u00f0 eru til fl\u00edkur sem ekki bara \u00abfylgja\u00bb: \u00fe\u00e6r skilgreina. Teresa brj\u00f3stahaldarinn er hanna\u00f0ur \u00feegar \u00fe\u00fa vilt hreina, gl\u00e6silega og sj\u00e1lfs\u00f6rugga sni\u00f0m\u00e1t, me\u00f0 \u00feeirri \u00e1fer\u00f0 sem s\u00e9st \u00ed speglinum jafnvel \u00fe\u00f3tt enginn annar sj\u00e1i hana.<\/p>\n<p>V\u00edral\u00f6g\u00f0 og m\u00f3ta\u00f0ir bollar veita n\u00e1tt\u00farulega lyftingu, n\u00e1kv\u00e6man stu\u00f0ning og gallalausa l\u00f6gun \u00ed marga klukkut\u00edma. Ni\u00f0ursta\u00f0an er st\u00f6\u00f0ug, flatterandi og \u00f3tr\u00falega \u00fe\u00e6gileg passform, tilvalin fyrir konur sem leita a\u00f0 \u00fe\u00e9ttum stu\u00f0ningi \u00e1n \u00feess a\u00f0 f\u00f3rna st\u00edl. S\u00e9rstakt sm\u00e1atri\u00f0i liggur \u00ed jacquard\/prentu\u00f0u efninu, sem b\u00e6tir vi\u00f0 \u00e1fer\u00f0 og sj\u00f3nr\u00e6nu a\u00f0dr\u00e1ttarafli \u00e1n \u00feess a\u00f0 vera of \u00e1berandi.<\/p>\n<p>\u00deetta er st\u00edll hanna\u00f0ur fyrir daglegt kl\u00e6\u00f0na\u00f0, og einnig fyrir kv\u00f6ldin \u00feegar \u00fe\u00fa vilt vera jafn st\u00edlhrein\/ur undir og utan \u00e1. Para\u00f0u \u00feetta vi\u00f0 Selene 3123 n\u00e6rbuxurnar fyrir fullkomi\u00f0 sett: f\u00e1ga\u00f0, kvenlegt og au\u00f0velt \u00ed notkun.<\/p>\n<p>Uppl\u00fdsingar um aukagjald<\/p>\n<ul>\n<li>Innbygg\u00f0ir hringir sem safnast saman og lyftast me\u00f0 n\u00e1tt\u00farulegri l\u00f6gun.<\/li>\n<li>Form\u00f3ta\u00f0ir bollar fyrir jafnari og afmarka\u00f0ari brj\u00f3st undir f\u00f6tum.<\/li>\n<li>Gl\u00e6silegt jacquard-efni sem gefur meira \u00abskraut\u00bb en \u00abeinfalda\u00bb \u00e1fer\u00f0.\u00bb<\/li>\n<li>St\u00f6\u00f0ugar \u00f3lar til a\u00f0 vi\u00f0halda stu\u00f0ningi \u00e1n \u00feess a\u00f0 \u00feurfa st\u00f6\u00f0ugt a\u00f0 stilla \u00fe\u00e1.<\/li>\n<li>Fullkomi\u00f0 sett me\u00f0 samsvarandi Selene 3123 n\u00e6rbuxum.<\/li>\n<\/ul>\n<p>\ud83d\udde3\ufe0fR\u00e1\u00f0: Teresa brj\u00f3stahaldarinn er fyrir \u00fe\u00e1 sem vilja brj\u00f3stahaldara sem ma\u00f0ur \u00abgleymir\u00bb en tekur samt eftir \u00ed speglinum: stu\u00f0ningsr\u00edk brj\u00f3st, hreinar l\u00ednur og reglu. Til a\u00f0 n\u00e1 \u00feessari tilfinningu skaltu leita a\u00f0 \u00feessu \u00feegar \u00fe\u00fa setur hann \u00e1 \u00feig: mj\u00fakt efni vi\u00f0 h\u00fa\u00f0ina, mi\u00f0l\u00e6ga brj\u00f3stmynd og gl\u00e6silegan \u00fe\u00e6gindi (engin \u00f3\u00fe\u00e6gileg \u00fer\u00fdstingur e\u00f0a \u00f3\u00fe\u00e6gilegur \u00fer\u00fdstingur), eins og allt v\u00e6ri n\u00e1tt\u00farulega \u00e1 s\u00ednum sta\u00f0.<\/p>\n<p>\ud83d\udccfAthugi\u00f0: \u00c1\u00f0ur en \u00fe\u00fa velur st\u00e6r\u00f0 skaltu taka tv\u00e6r flj\u00f3tlegar m\u00e6lingar me\u00f0 m\u00e1lbandi: undirbrj\u00f3st (umm\u00e1l) og bringu. Ef \u00fe\u00fa ert \u00e1 milli st\u00e6r\u00f0a skaltu forgangsra\u00f0a st\u00edfum og \u00fe\u00e6gilegum bandi (sem sty\u00f0ur \u00e1n \u00feess a\u00f0 vera of \u00fer\u00f6ngt) og stilla bollast\u00e6r\u00f0ina \u00ed samr\u00e6mi vi\u00f0 \u00fea\u00f0 svo a\u00f0 brj\u00f3stin \u00fe\u00edn s\u00e9 mi\u00f0ju\u00f0 og l\u00edti n\u00e1tt\u00farulega \u00fat.<\/p>\n<p>Efni: 56% p\u00f3l\u00fdam\u00ed\u00f0, 32% b\u00f3mull, 12% elastan.<\/p>\n<p>\ud83d\udc84 F\u00f6t sem finnast d\u00fdr ... jafnvel \u00fe\u00f3tt \u00fe\u00fa segir \u00fea\u00f0 ekki.<\/p>","protected":false},"excerpt":{"rendered":"<p>Hay prendas que no \u00abacompa\u00f1an\u00bb: definen. El sujetador Teresa est\u00e1 hecho para cuando quieres una silueta limpia, elegante y segura, con ese acabado que se nota en el espejo aunque nadie lo vea. Aros + copa preformada para realzar con naturalidad, recoger con precisi\u00f3n y mantener la forma impecable durante horas. El resultado es un [&hellip;]<\/p>\n","protected":false},"featured_media":1472,"comment_status":"open","ping_status":"closed","template":"","meta":{"content-type":""},"product_brand":[55],"product_cat":[80,24,20,106],"product_tag":[57,56],"class_list":{"0":"post-211","1":"product","2":"type-product","3":"status-publish","4":"has-post-thumbnail","6":"product_brand-selene","7":"product_cat-con-aros-sin-relleno","8":"product_cat-sin-relleno","9":"product_cat-sujetador","10":"product_cat-teresa","11":"product_tag-sin-relleno","12":"product_tag-sujetador","14":"first","15":"instock","16":"taxable","17":"shipping-taxable","18":"purchasable","19":"product-type-variable"},"supplier_id":null,"supplier_sku":"","barcode":null,"atum_controlled":true,"out_stock_date":null,"out_stock_threshold":null,"inheritable":true,"inbound_stock":0,"stock_on_hold":0,"sold_today":0,"sales_last_days":0,"reserved_stock":0,"customer_returns":0,"warehouse_damage":0,"lost_in_post":0,"other_logs":0,"out_stock_days":0,"lost_sales":0,"has_location":false,"update_date":"2026-01-08T02:42:44","atum_locations":[],"atum_stock_status":"instock","restock_status":false,"low_stock_amount":"","sales_update_date":"2025-10-03T04:57:33","calc_backorders":null,"yoast_head":"<!-- This site is optimized with the Yoast SEO plugin v27.4 - https:\/\/yoast.com\/product\/yoast-seo-wordpress\/ -->\n<title>Sujetador Selene Teresa - Rosana CL<\/title>\n<meta name=\"robots\" content=\"index, follow, max-snippet:-1, max-image-preview:large, max-video-preview:-1\" \/>\n<link rel=\"canonical\" href=\"https:\/\/rosanacl.com\/is\/product\/sujetador-modelo-teresa\/\" \/>\n<meta property=\"og:locale\" content=\"is_IS\" \/>\n<meta property=\"og:type\" content=\"article\" \/>\n<meta property=\"og:title\" content=\"Sujetador Selene Teresa - Rosana CL\" \/>\n<meta property=\"og:description\" content=\"Hay prendas que no \u00abacompa\u00f1an\u00bb: definen. El sujetador Teresa est\u00e1 hecho para cuando quieres una silueta limpia, elegante y segura, con ese acabado que se nota en el espejo aunque nadie lo vea. Aros + copa preformada para realzar con naturalidad, recoger con precisi\u00f3n y mantener la forma impecable durante horas. El resultado es un [&hellip;]\" \/>\n<meta property=\"og:url\" content=\"https:\/\/rosanacl.com\/is\/product\/sujetador-modelo-teresa\/\" \/>\n<meta property=\"og:site_name\" content=\"Rosana CL\" \/>\n<meta property=\"article:modified_time\" content=\"2026-01-08T02:42:43+00:00\" \/>\n<meta property=\"og:image\" content=\"https:\/\/rosanacl.com\/wp-content\/uploads\/2025\/04\/Sujetador-modelo-Teresa-000001.png\" \/>\n\t<meta property=\"og:image:width\" content=\"1000\" \/>\n\t<meta property=\"og:image:height\" content=\"1000\" \/>\n\t<meta property=\"og:image:type\" content=\"image\/png\" \/>\n<meta name=\"twitter:card\" content=\"summary_large_image\" \/>\n<meta name=\"twitter:label1\" content=\"Est. reading time\" \/>\n\t<meta name=\"twitter:data1\" content=\"2 minutes\" \/>\n<script type=\"application\/ld+json\" class=\"yoast-schema-graph\">{\"@context\":\"https:\\\/\\\/schema.org\",\"@graph\":[{\"@type\":\"WebPage\",\"@id\":\"https:\\\/\\\/rosanacl.com\\\/producto\\\/sujetador-modelo-teresa\\\/\",\"url\":\"https:\\\/\\\/rosanacl.com\\\/producto\\\/sujetador-modelo-teresa\\\/\",\"name\":\"Sujetador Selene Teresa - Rosana CL\",\"isPartOf\":{\"@id\":\"https:\\\/\\\/rosanacl.com\\\/ca\\\/#website\"},\"primaryImageOfPage\":{\"@id\":\"https:\\\/\\\/rosanacl.com\\\/producto\\\/sujetador-modelo-teresa\\\/#primaryimage\"},\"image\":{\"@id\":\"https:\\\/\\\/rosanacl.com\\\/producto\\\/sujetador-modelo-teresa\\\/#primaryimage\"},\"thumbnailUrl\":\"https:\\\/\\\/rosanacl.com\\\/wp-content\\\/uploads\\\/2025\\\/04\\\/Sujetador-modelo-Teresa-000001.png\",\"datePublished\":\"2025-04-29T10:22:28+00:00\",\"dateModified\":\"2026-01-08T02:42:43+00:00\",\"breadcrumb\":{\"@id\":\"https:\\\/\\\/rosanacl.com\\\/producto\\\/sujetador-modelo-teresa\\\/#breadcrumb\"},\"inLanguage\":\"is\",\"potentialAction\":[{\"@type\":\"ReadAction\",\"target\":[\"https:\\\/\\\/rosanacl.com\\\/producto\\\/sujetador-modelo-teresa\\\/\"]}]},{\"@type\":\"ImageObject\",\"inLanguage\":\"is\",\"@id\":\"https:\\\/\\\/rosanacl.com\\\/producto\\\/sujetador-modelo-teresa\\\/#primaryimage\",\"url\":\"https:\\\/\\\/rosanacl.com\\\/wp-content\\\/uploads\\\/2025\\\/04\\\/Sujetador-modelo-Teresa-000001.png\",\"contentUrl\":\"https:\\\/\\\/rosanacl.com\\\/wp-content\\\/uploads\\\/2025\\\/04\\\/Sujetador-modelo-Teresa-000001.png\",\"width\":1000,\"height\":1000},{\"@type\":\"BreadcrumbList\",\"@id\":\"https:\\\/\\\/rosanacl.com\\\/producto\\\/sujetador-modelo-teresa\\\/#breadcrumb\",\"itemListElement\":[{\"@type\":\"ListItem\",\"position\":1,\"name\":\"Portada\",\"item\":\"https:\\\/\\\/rosanacl.com\\\/ca\\\/\"},{\"@type\":\"ListItem\",\"position\":2,\"name\":\"Tienda\",\"item\":\"https:\\\/\\\/rosanacl.com\\\/ca\\\/tienda\\\/\"},{\"@type\":\"ListItem\",\"position\":3,\"name\":\"Sujetador Selene Teresa\"}]},{\"@type\":\"WebSite\",\"@id\":\"https:\\\/\\\/rosanacl.com\\\/ca\\\/#website\",\"url\":\"https:\\\/\\\/rosanacl.com\\\/ca\\\/\",\"name\":\"Rosana CL\",\"description\":\"Somos tu interior\",\"potentialAction\":[{\"@type\":\"SearchAction\",\"target\":{\"@type\":\"EntryPoint\",\"urlTemplate\":\"https:\\\/\\\/rosanacl.com\\\/ca\\\/?s={search_term_string}\"},\"query-input\":{\"@type\":\"PropertyValueSpecification\",\"valueRequired\":true,\"valueName\":\"search_term_string\"}}],\"inLanguage\":\"is\"}]}<\/script>\n<!-- \/ Yoast SEO plugin. -->","yoast_head_json":{"title":"Sujetador Selene Teresa - Rosana CL","robots":{"index":"index","follow":"follow","max-snippet":"max-snippet:-1","max-image-preview":"max-image-preview:large","max-video-preview":"max-video-preview:-1"},"canonical":"https:\/\/rosanacl.com\/is\/product\/sujetador-modelo-teresa\/","og_locale":"is_IS","og_type":"article","og_title":"Sujetador Selene Teresa - Rosana CL","og_description":"Hay prendas que no \u00abacompa\u00f1an\u00bb: definen. El sujetador Teresa est\u00e1 hecho para cuando quieres una silueta limpia, elegante y segura, con ese acabado que se nota en el espejo aunque nadie lo vea. Aros + copa preformada para realzar con naturalidad, recoger con precisi\u00f3n y mantener la forma impecable durante horas. El resultado es un [&hellip;]","og_url":"https:\/\/rosanacl.com\/is\/product\/sujetador-modelo-teresa\/","og_site_name":"Rosana CL","article_modified_time":"2026-01-08T02:42:43+00:00","og_image":[{"width":1000,"height":1000,"url":"https:\/\/rosanacl.com\/wp-content\/uploads\/2025\/04\/Sujetador-modelo-Teresa-000001.png","type":"image\/png"}],"twitter_card":"summary_large_image","twitter_misc":{"Est. reading time":"2 minutes"},"schema":{"@context":"https:\/\/schema.org","@graph":[{"@type":"WebPage","@id":"https:\/\/rosanacl.com\/producto\/sujetador-modelo-teresa\/","url":"https:\/\/rosanacl.com\/producto\/sujetador-modelo-teresa\/","name":"Sujetador Selene Teresa - Rosana CL","isPartOf":{"@id":"https:\/\/rosanacl.com\/ca\/#website"},"primaryImageOfPage":{"@id":"https:\/\/rosanacl.com\/producto\/sujetador-modelo-teresa\/#primaryimage"},"image":{"@id":"https:\/\/rosanacl.com\/producto\/sujetador-modelo-teresa\/#primaryimage"},"thumbnailUrl":"https:\/\/rosanacl.com\/wp-content\/uploads\/2025\/04\/Sujetador-modelo-Teresa-000001.png","datePublished":"2025-04-29T10:22:28+00:00","dateModified":"2026-01-08T02:42:43+00:00","breadcrumb":{"@id":"https:\/\/rosanacl.com\/producto\/sujetador-modelo-teresa\/#breadcrumb"},"inLanguage":"is","potentialAction":[{"@type":"ReadAction","target":["https:\/\/rosanacl.com\/producto\/sujetador-modelo-teresa\/"]}]},{"@type":"ImageObject","inLanguage":"is","@id":"https:\/\/rosanacl.com\/producto\/sujetador-modelo-teresa\/#primaryimage","url":"https:\/\/rosanacl.com\/wp-content\/uploads\/2025\/04\/Sujetador-modelo-Teresa-000001.png","contentUrl":"https:\/\/rosanacl.com\/wp-content\/uploads\/2025\/04\/Sujetador-modelo-Teresa-000001.png","width":1000,"height":1000},{"@type":"BreadcrumbList","@id":"https:\/\/rosanacl.com\/producto\/sujetador-modelo-teresa\/#breadcrumb","itemListElement":[{"@type":"ListItem","position":1,"name":"Portada","item":"https:\/\/rosanacl.com\/ca\/"},{"@type":"ListItem","position":2,"name":"Tienda","item":"https:\/\/rosanacl.com\/ca\/tienda\/"},{"@type":"ListItem","position":3,"name":"Sujetador Selene Teresa"}]},{"@type":"WebSite","@id":"https:\/\/rosanacl.com\/ca\/#website","url":"https:\/\/rosanacl.com\/ca\/","name":"Rosana CL","description":"Vi\u00f0 erum innra sj\u00e1lf \u00feitt","potentialAction":[{"@type":"SearchAction","target":{"@type":"EntryPoint","urlTemplate":"https:\/\/rosanacl.com\/ca\/?s={search_term_string}"},"query-input":{"@type":"PropertyValueSpecification","valueRequired":true,"valueName":"search_term_string"}}],"inLanguage":"is"}]}},"_links":{"self":[{"href":"https:\/\/rosanacl.com\/is\/wp-json\/wp\/v2\/product\/211","targetHints":{"allow":["GET"]}}],"collection":[{"href":"https:\/\/rosanacl.com\/is\/wp-json\/wp\/v2\/product"}],"about":[{"href":"https:\/\/rosanacl.com\/is\/wp-json\/wp\/v2\/types\/product"}],"replies":[{"embeddable":true,"href":"https:\/\/rosanacl.com\/is\/wp-json\/wp\/v2\/comments?post=211"}],"version-history":[{"count":5,"href":"https:\/\/rosanacl.com\/is\/wp-json\/wp\/v2\/product\/211\/revisions"}],"predecessor-version":[{"id":4646,"href":"https:\/\/rosanacl.com\/is\/wp-json\/wp\/v2\/product\/211\/revisions\/4646"}],"wp:featuredmedia":[{"embeddable":true,"href":"https:\/\/rosanacl.com\/is\/wp-json\/wp\/v2\/media\/1472"}],"wp:attachment":[{"href":"https:\/\/rosanacl.com\/is\/wp-json\/wp\/v2\/media?parent=211"}],"wp:term":[{"taxonomy":"product_brand","embeddable":true,"href":"https:\/\/rosanacl.com\/is\/wp-json\/wp\/v2\/product_brand?post=211"},{"taxonomy":"product_cat","embeddable":true,"href":"https:\/\/rosanacl.com\/is\/wp-json\/wp\/v2\/product_cat?post=211"},{"taxonomy":"product_tag","embeddable":true,"href":"https:\/\/rosanacl.com\/is\/wp-json\/wp\/v2\/product_tag?post=211"}],"curies":[{"name":"wp","href":"https:\/\/api.w.org\/{rel}","templated":true}]}}