{"id":252,"date":"2025-04-29T12:58:41","date_gmt":"2025-04-29T10:58:41","guid":{"rendered":"https:\/\/rosanacl.com\/?post_type=product&#038;p=252"},"modified":"2026-01-08T03:39:52","modified_gmt":"2026-01-08T02:39:52","slug":"sujetador-modelo-leire","status":"publish","type":"product","link":"https:\/\/rosanacl.com\/is\/product\/sujetador-modelo-leire\/","title":{"rendered":"Selene Leire brj\u00f3stahaldari"},"content":{"rendered":"<p>Leire brj\u00f3stahaldarinn fr\u00e1 Selene er hanna\u00f0ur fyrir \u00fe\u00e1 daga \u00feegar \u00fe\u00fa vilt l\u00edta \u00f3a\u00f0finnanlega \u00fat \u00e1n nokkurs vesens: me\u00f0 v\u00edrum sem m\u00f3ta og lyfta brj\u00f3stunum n\u00e1tt\u00farulega og form\u00f3tu\u00f0um bolla sem m\u00f3ta brj\u00f3stin me\u00f0 hreinni og gl\u00e6silegri \u00e1fer\u00f0.<\/p>\n<p>\u00datkoman er falleg, mi\u00f0l\u00e6g og st\u00f6\u00f0ug sni\u00f0m\u00e1t sem l\u00edtur vel \u00fat me\u00f0 stuttermabol, bl\u00fassu e\u00f0a hva\u00f0a a\u00f0sni\u00f0inni fl\u00edk sem er. Tv\u00f6falt lag af \u00f6rf\u00ednu efni veitir mj\u00faka tilfinningu og stu\u00f0ning \u00e1n \u00feess a\u00f0 vera takmarkandi, \u00e1 me\u00f0an fj\u00f6lst\u00f6\u00f0u\u00f3lin gera \u00fe\u00e9r kleift a\u00f0 a\u00f0laga \u00fea\u00f0 a\u00f0 mismunandi h\u00e1lsm\u00e1li og st\u00edl.<\/p>\n<p>Leire er ekki \u00abbara enn einn\u00bb: \u00feetta er v\u00edrbrj\u00f3stahaldari fyrir daglega notkun sem veitir \u00fe\u00e9r \u00f6ryggi, \u00fe\u00e6gindi og \u00feann snert af l\u00e1tlausri f\u00e1gun sem a\u00f0eins s\u00e9st \u00feegar \u00fe\u00fa setur hann \u00e1 \u00feig.<\/p>\n<p>Lykilatri\u00f0i<\/p>\n<ul>\n<li>Hringir sem sty\u00f0ja og skilgreina me\u00f0 n\u00e1tt\u00farulegri \u00e1hrifum.<\/li>\n<li>Form\u00f3ta\u00f0ur bolli: kringl\u00f3tt l\u00f6gun, hrein \u00e1fer\u00f0.<\/li>\n<li>Mj\u00fakt \u00f6rtrefjaefni: \u00f3\u00e1berandi undir f\u00f6tum.<\/li>\n<li>Fj\u00f6lst\u00f6\u00f0u\u00f3lar: fleiri notkunarm\u00f6guleikar.<\/li>\n<li>\u00de\u00e6gileg sni\u00f0 til a\u00f0 vera \u00ed \u00ed marga klukkut\u00edma.<\/li>\n<\/ul>\n<p>\ud83d\udde3\ufe0f R\u00e1\u00f0: Noti\u00f0 \u00feetta \u00feegar \u00fei\u00f0 vilji\u00f0 \u00abvel sni\u00f0na\u00bb \u00e1hrif \u00e1n \u00feess a\u00f0 hugsa: \u00fei\u00f0 festi\u00f0 \u00fea\u00f0, \u00fea\u00f0 mi\u00f0jar bringuna og skilur eftir ykkur kringl\u00f3tt og hreint form undir f\u00f6tunum.<\/p>\n<p>\ud83d\udccf Athugi\u00f0: \u00c1\u00f0ur en \u00fe\u00fa kaupir skaltu m\u00e6la undirbrj\u00f3st og bringu og velja st\u00e6r\u00f0 \u00ed samr\u00e6mi vi\u00f0 \u00fea\u00f0: st\u00edfa sk\u00e1l sem rennur ekki upp og bollar sem mynda ekki bil e\u00f0a \u00fer\u00f6ngt. Ef \u00fe\u00fa ert \u00e1 milli st\u00e6r\u00f0a er betra a\u00f0 velja bollast\u00e6r\u00f0 sem er h\u00e6rri en \u00ferengri.<\/p>\n<p>Samsetning: 82% p\u00f3l\u00fdam\u00ed\u00f0 18% elastan.<\/p>\n<p>\ud83d\ude0f Tilb\u00fai\u00f0 \u00e1 10 sek\u00fandum.<\/p>","protected":false},"excerpt":{"rendered":"<p>El sujetador modelo Leire de Selene est\u00e1 pensado para esos d\u00edas en los que quieres ir impecable sin complicarte: con aros para dar forma y elevar de manera natural, y una copa preformada que redondea el pecho con un acabado limpio y elegante. El resultado es una silueta bonita, centrada y estable, de las que [&hellip;]<\/p>\n","protected":false},"featured_media":1441,"comment_status":"open","ping_status":"closed","template":"","meta":{"content-type":""},"product_brand":[55],"product_cat":[80,24,20],"product_tag":[57,56],"class_list":{"0":"post-252","1":"product","2":"type-product","3":"status-publish","4":"has-post-thumbnail","6":"product_brand-selene","7":"product_cat-con-aros-sin-relleno","8":"product_cat-sin-relleno","9":"product_cat-sujetador","10":"product_tag-sin-relleno","11":"product_tag-sujetador","13":"first","14":"instock","15":"taxable","16":"shipping-taxable","17":"purchasable","18":"product-type-variable"},"supplier_id":null,"supplier_sku":"","barcode":null,"atum_controlled":true,"out_stock_date":null,"out_stock_threshold":null,"inheritable":true,"inbound_stock":0,"stock_on_hold":0,"sold_today":0,"sales_last_days":0,"reserved_stock":0,"customer_returns":0,"warehouse_damage":0,"lost_in_post":0,"other_logs":0,"out_stock_days":0,"lost_sales":0,"has_location":false,"update_date":"2026-01-08T02:39:53","atum_locations":[],"atum_stock_status":"instock","restock_status":false,"low_stock_amount":"","sales_update_date":"2025-10-03T04:57:29","calc_backorders":null,"yoast_head":"<!-- This site is optimized with the Yoast SEO plugin v27.4 - https:\/\/yoast.com\/product\/yoast-seo-wordpress\/ -->\n<title>Sujetador Selene Leire - Rosana CL<\/title>\n<meta name=\"robots\" content=\"index, follow, max-snippet:-1, max-image-preview:large, max-video-preview:-1\" \/>\n<link rel=\"canonical\" href=\"https:\/\/rosanacl.com\/is\/product\/sujetador-modelo-leire\/\" \/>\n<meta property=\"og:locale\" content=\"is_IS\" \/>\n<meta property=\"og:type\" content=\"article\" \/>\n<meta property=\"og:title\" content=\"Sujetador Selene Leire - Rosana CL\" \/>\n<meta property=\"og:description\" content=\"El sujetador modelo Leire de Selene est\u00e1 pensado para esos d\u00edas en los que quieres ir impecable sin complicarte: con aros para dar forma y elevar de manera natural, y una copa preformada que redondea el pecho con un acabado limpio y elegante. El resultado es una silueta bonita, centrada y estable, de las que [&hellip;]\" \/>\n<meta property=\"og:url\" content=\"https:\/\/rosanacl.com\/is\/product\/sujetador-modelo-leire\/\" \/>\n<meta property=\"og:site_name\" content=\"Rosana CL\" \/>\n<meta property=\"article:modified_time\" content=\"2026-01-08T02:39:52+00:00\" \/>\n<meta property=\"og:image\" content=\"https:\/\/rosanacl.com\/wp-content\/uploads\/2025\/04\/Sujetador-modelo-Leire-000001.webp\" \/>\n\t<meta property=\"og:image:width\" content=\"1000\" \/>\n\t<meta property=\"og:image:height\" content=\"1000\" \/>\n\t<meta property=\"og:image:type\" content=\"image\/webp\" \/>\n<meta name=\"twitter:card\" content=\"summary_large_image\" \/>\n<meta name=\"twitter:label1\" content=\"Est. reading time\" \/>\n\t<meta name=\"twitter:data1\" content=\"2 minutes\" \/>\n<script type=\"application\/ld+json\" class=\"yoast-schema-graph\">{\"@context\":\"https:\\\/\\\/schema.org\",\"@graph\":[{\"@type\":\"WebPage\",\"@id\":\"https:\\\/\\\/rosanacl.com\\\/producto\\\/sujetador-modelo-leire\\\/\",\"url\":\"https:\\\/\\\/rosanacl.com\\\/producto\\\/sujetador-modelo-leire\\\/\",\"name\":\"Sujetador Selene Leire - Rosana CL\",\"isPartOf\":{\"@id\":\"https:\\\/\\\/rosanacl.com\\\/ca\\\/#website\"},\"primaryImageOfPage\":{\"@id\":\"https:\\\/\\\/rosanacl.com\\\/producto\\\/sujetador-modelo-leire\\\/#primaryimage\"},\"image\":{\"@id\":\"https:\\\/\\\/rosanacl.com\\\/producto\\\/sujetador-modelo-leire\\\/#primaryimage\"},\"thumbnailUrl\":\"https:\\\/\\\/rosanacl.com\\\/wp-content\\\/uploads\\\/2025\\\/04\\\/Sujetador-modelo-Leire-000001.webp\",\"datePublished\":\"2025-04-29T10:58:41+00:00\",\"dateModified\":\"2026-01-08T02:39:52+00:00\",\"breadcrumb\":{\"@id\":\"https:\\\/\\\/rosanacl.com\\\/producto\\\/sujetador-modelo-leire\\\/#breadcrumb\"},\"inLanguage\":\"is\",\"potentialAction\":[{\"@type\":\"ReadAction\",\"target\":[\"https:\\\/\\\/rosanacl.com\\\/producto\\\/sujetador-modelo-leire\\\/\"]}]},{\"@type\":\"ImageObject\",\"inLanguage\":\"is\",\"@id\":\"https:\\\/\\\/rosanacl.com\\\/producto\\\/sujetador-modelo-leire\\\/#primaryimage\",\"url\":\"https:\\\/\\\/rosanacl.com\\\/wp-content\\\/uploads\\\/2025\\\/04\\\/Sujetador-modelo-Leire-000001.webp\",\"contentUrl\":\"https:\\\/\\\/rosanacl.com\\\/wp-content\\\/uploads\\\/2025\\\/04\\\/Sujetador-modelo-Leire-000001.webp\",\"width\":1000,\"height\":1000},{\"@type\":\"BreadcrumbList\",\"@id\":\"https:\\\/\\\/rosanacl.com\\\/producto\\\/sujetador-modelo-leire\\\/#breadcrumb\",\"itemListElement\":[{\"@type\":\"ListItem\",\"position\":1,\"name\":\"Portada\",\"item\":\"https:\\\/\\\/rosanacl.com\\\/ca\\\/\"},{\"@type\":\"ListItem\",\"position\":2,\"name\":\"Tienda\",\"item\":\"https:\\\/\\\/rosanacl.com\\\/ca\\\/tienda\\\/\"},{\"@type\":\"ListItem\",\"position\":3,\"name\":\"Sujetador Selene Leire\"}]},{\"@type\":\"WebSite\",\"@id\":\"https:\\\/\\\/rosanacl.com\\\/ca\\\/#website\",\"url\":\"https:\\\/\\\/rosanacl.com\\\/ca\\\/\",\"name\":\"Rosana CL\",\"description\":\"Somos tu interior\",\"potentialAction\":[{\"@type\":\"SearchAction\",\"target\":{\"@type\":\"EntryPoint\",\"urlTemplate\":\"https:\\\/\\\/rosanacl.com\\\/ca\\\/?s={search_term_string}\"},\"query-input\":{\"@type\":\"PropertyValueSpecification\",\"valueRequired\":true,\"valueName\":\"search_term_string\"}}],\"inLanguage\":\"is\"}]}<\/script>\n<!-- \/ Yoast SEO plugin. -->","yoast_head_json":{"title":"Sujetador Selene Leire - Rosana CL","robots":{"index":"index","follow":"follow","max-snippet":"max-snippet:-1","max-image-preview":"max-image-preview:large","max-video-preview":"max-video-preview:-1"},"canonical":"https:\/\/rosanacl.com\/is\/product\/sujetador-modelo-leire\/","og_locale":"is_IS","og_type":"article","og_title":"Sujetador Selene Leire - Rosana CL","og_description":"El sujetador modelo Leire de Selene est\u00e1 pensado para esos d\u00edas en los que quieres ir impecable sin complicarte: con aros para dar forma y elevar de manera natural, y una copa preformada que redondea el pecho con un acabado limpio y elegante. El resultado es una silueta bonita, centrada y estable, de las que [&hellip;]","og_url":"https:\/\/rosanacl.com\/is\/product\/sujetador-modelo-leire\/","og_site_name":"Rosana CL","article_modified_time":"2026-01-08T02:39:52+00:00","og_image":[{"width":1000,"height":1000,"url":"https:\/\/rosanacl.com\/wp-content\/uploads\/2025\/04\/Sujetador-modelo-Leire-000001.webp","type":"image\/webp"}],"twitter_card":"summary_large_image","twitter_misc":{"Est. reading time":"2 minutes"},"schema":{"@context":"https:\/\/schema.org","@graph":[{"@type":"WebPage","@id":"https:\/\/rosanacl.com\/producto\/sujetador-modelo-leire\/","url":"https:\/\/rosanacl.com\/producto\/sujetador-modelo-leire\/","name":"Sujetador Selene Leire - Rosana CL","isPartOf":{"@id":"https:\/\/rosanacl.com\/ca\/#website"},"primaryImageOfPage":{"@id":"https:\/\/rosanacl.com\/producto\/sujetador-modelo-leire\/#primaryimage"},"image":{"@id":"https:\/\/rosanacl.com\/producto\/sujetador-modelo-leire\/#primaryimage"},"thumbnailUrl":"https:\/\/rosanacl.com\/wp-content\/uploads\/2025\/04\/Sujetador-modelo-Leire-000001.webp","datePublished":"2025-04-29T10:58:41+00:00","dateModified":"2026-01-08T02:39:52+00:00","breadcrumb":{"@id":"https:\/\/rosanacl.com\/producto\/sujetador-modelo-leire\/#breadcrumb"},"inLanguage":"is","potentialAction":[{"@type":"ReadAction","target":["https:\/\/rosanacl.com\/producto\/sujetador-modelo-leire\/"]}]},{"@type":"ImageObject","inLanguage":"is","@id":"https:\/\/rosanacl.com\/producto\/sujetador-modelo-leire\/#primaryimage","url":"https:\/\/rosanacl.com\/wp-content\/uploads\/2025\/04\/Sujetador-modelo-Leire-000001.webp","contentUrl":"https:\/\/rosanacl.com\/wp-content\/uploads\/2025\/04\/Sujetador-modelo-Leire-000001.webp","width":1000,"height":1000},{"@type":"BreadcrumbList","@id":"https:\/\/rosanacl.com\/producto\/sujetador-modelo-leire\/#breadcrumb","itemListElement":[{"@type":"ListItem","position":1,"name":"Portada","item":"https:\/\/rosanacl.com\/ca\/"},{"@type":"ListItem","position":2,"name":"Tienda","item":"https:\/\/rosanacl.com\/ca\/tienda\/"},{"@type":"ListItem","position":3,"name":"Sujetador Selene Leire"}]},{"@type":"WebSite","@id":"https:\/\/rosanacl.com\/ca\/#website","url":"https:\/\/rosanacl.com\/ca\/","name":"Rosana CL","description":"Vi\u00f0 erum innra sj\u00e1lf \u00feitt","potentialAction":[{"@type":"SearchAction","target":{"@type":"EntryPoint","urlTemplate":"https:\/\/rosanacl.com\/ca\/?s={search_term_string}"},"query-input":{"@type":"PropertyValueSpecification","valueRequired":true,"valueName":"search_term_string"}}],"inLanguage":"is"}]}},"_links":{"self":[{"href":"https:\/\/rosanacl.com\/is\/wp-json\/wp\/v2\/product\/252","targetHints":{"allow":["GET"]}}],"collection":[{"href":"https:\/\/rosanacl.com\/is\/wp-json\/wp\/v2\/product"}],"about":[{"href":"https:\/\/rosanacl.com\/is\/wp-json\/wp\/v2\/types\/product"}],"replies":[{"embeddable":true,"href":"https:\/\/rosanacl.com\/is\/wp-json\/wp\/v2\/comments?post=252"}],"version-history":[{"count":5,"href":"https:\/\/rosanacl.com\/is\/wp-json\/wp\/v2\/product\/252\/revisions"}],"predecessor-version":[{"id":4645,"href":"https:\/\/rosanacl.com\/is\/wp-json\/wp\/v2\/product\/252\/revisions\/4645"}],"wp:featuredmedia":[{"embeddable":true,"href":"https:\/\/rosanacl.com\/is\/wp-json\/wp\/v2\/media\/1441"}],"wp:attachment":[{"href":"https:\/\/rosanacl.com\/is\/wp-json\/wp\/v2\/media?parent=252"}],"wp:term":[{"taxonomy":"product_brand","embeddable":true,"href":"https:\/\/rosanacl.com\/is\/wp-json\/wp\/v2\/product_brand?post=252"},{"taxonomy":"product_cat","embeddable":true,"href":"https:\/\/rosanacl.com\/is\/wp-json\/wp\/v2\/product_cat?post=252"},{"taxonomy":"product_tag","embeddable":true,"href":"https:\/\/rosanacl.com\/is\/wp-json\/wp\/v2\/product_tag?post=252"}],"curies":[{"name":"wp","href":"https:\/\/api.w.org\/{rel}","templated":true}]}}