{"id":3307,"date":"2025-08-19T08:32:04","date_gmt":"2025-08-19T06:32:04","guid":{"rendered":"https:\/\/rosanacl.com\/?post_type=product&#038;p=3307"},"modified":"2026-01-07T18:35:26","modified_gmt":"2026-01-07T17:35:26","slug":"sujetador-modelo-cris","status":"publish","type":"product","link":"https:\/\/rosanacl.com\/is\/product\/sujetador-modelo-cris\/","title":{"rendered":"Selene Cris brj\u00f3stahaldari"},"content":{"rendered":"<p>Selene Cris brj\u00f3stahaldarinn er gl\u00e6silegur grunnbrj\u00f3stahaldari \u00far \u00f6rf\u00edberefni me\u00f0 v\u00edrum og b\u00f3lstru\u00f0um bollum, hanna\u00f0ur til a\u00f0 fegra brj\u00f3stin me\u00f0 fallegri, \u00e1v\u00f6lri l\u00f6gun. Sat\u00ednsni\u00f0 vi\u00f0 h\u00e1lsm\u00e1li\u00f0 og f\u00ednlegir kantar \u00e1 bollunum gefa honum f\u00e1ga\u00f0 \u00fatlit sem er \u00e1berandi um lei\u00f0 og \u00fe\u00fa kl\u00e6\u00f0ist honum: \u00fe\u00e6gilegur, mj\u00fakur og me\u00f0 meiri l\u00faxus\u00e1fer\u00f0 en venjulegur grunnbrj\u00f3stahaldari.<\/p>\n<p>Auk \u00feess a\u00f0 vera falleg, er Cris-f\u00f6tin h\u00f6nnu\u00f0 til a\u00f0 fylgja \u00fe\u00e9r \u00e1 hverjum degi: \u00feau passa vel, mi\u00f0ja brj\u00f3stin og veita st\u00f6\u00f0ugan stu\u00f0ning \u00e1n \u00feess a\u00f0 vera st\u00edf. \u00deetta er tilvali\u00f0 val ef \u00fe\u00fa vilt l\u00edta vel \u00fat, jafnvel \u00ed einf\u00f6ldum kl\u00e6\u00f0na\u00f0i, \u00fev\u00ed \u00feau sameina hreina fagurfr\u00e6\u00f0i og f\u00e1ga\u00f0a \u00e1fer\u00f0 sem l\u00edtur d\u00e1samlega \u00fat undir stuttermabolum og a\u00f0sni\u00f0nari fl\u00edkum.<\/p>\n<p>Lykilatri\u00f0i<\/p>\n<ul>\n<li>Me\u00f0 v\u00edrum og b\u00f3lstru\u00f0um bolla: eykur og gerir brj\u00f3stin n\u00e1tt\u00farulega mj\u00fak.<\/li>\n<li>Sat\u00ednsm\u00e1atri\u00f0i vi\u00f0 h\u00e1lsm\u00e1li\u00f0: gl\u00e6sileg og kvenleg \u00e1fer\u00f0.<\/li>\n<li>Mj\u00fakt \u00f6rf\u00edberefni: \u00fe\u00e6gilegt vi\u00f0komu og \u00fe\u00e6gilegt \u00ed notkun.<\/li>\n<li>Smja\u00f0randi \u00e1hrif: Minni brj\u00f3stin sj\u00f3nr\u00e6nt og hj\u00e1lpar til vi\u00f0 a\u00f0 mi\u00f0ja \u00feau.<\/li>\n<\/ul>\n<p>\ud83d\udde3\ufe0f R\u00e1\u00f0: Cris er einn af \u00feessum brj\u00f3stahaldurum sem finnst \u00abf\u00e1ga\u00f0ur\u00bb: \u00f6rf\u00ednefni\u00f0 er mj\u00fakt og sat\u00edni\u00f0 \u00ed h\u00e1lsm\u00e1linu gefur \u00fev\u00ed f\u00edna \u00e1fer\u00f0, \u00e1 me\u00f0an bollinn skilur brj\u00f3sti\u00f0 eftir \u00e1v\u00f6l og mi\u00f0l\u00e6gt svo \u00fea\u00f0 l\u00edtur mj\u00f6g vel \u00fat undir stuttermabolum.<\/p>\n<p>\ud83d\udccf Athugi\u00f0: Til a\u00f0 f\u00e1 \u00feetta r\u00e9tt fr\u00e1 fyrstu p\u00f6ntun skaltu hafa \u00ed huga a\u00f0 \u00fea\u00f0 er me\u00f0 b\u00f3lstra\u00f0a bolla: ef \u00fe\u00fa ert a\u00f0 velta fyrir \u00fe\u00e9r tveimur valkostum e\u00f0a vilt frekar n\u00e1tt\u00farulegri \u00e1fer\u00f0 skaltu velja \u00fe\u00e6gilegri bolla; og \u00ed bandinu skaltu leita a\u00f0 bolla sem er st\u00edfur \u00e1n \u00feess a\u00f0 vera st\u00edfur (sem rennur ekki upp \u00feegar \u00fe\u00fa hreyfir \u00feig), \u00fev\u00ed \u00fear er raunverulegi stu\u00f0ningurinn.<\/p>\n<p>Samsetning: Teygjanlegt \u00f6rf\u00ednefni: u.\u00fe.b. 80% p\u00f3l\u00fdam\u00ed\u00f0, 12% elastan, 8% p\u00f3l\u00fdester.<\/p>\n<p>\ud83e\udebd Stu\u00f0ningur, l\u00f6gun og f\u00edn \u00e1fer\u00f0: \u00feannig l\u00ed\u00f0ur Selene.<\/p>\n<div id=\"v1ms-outlook-mobile-body-separator-line\" dir=\"auto\"><\/div>","protected":false},"excerpt":{"rendered":"<p>Sujetador Selene Cris es un b\u00e1sico elegante de microfibra con aro y copa con relleno, pensado para realzar el pecho con una forma redondeada y bonita. Su detalle de raso en el escote y el borde delicado en las copas le dan ese acabado fino que se nota al pon\u00e9rtelo: c\u00f3modo, suave y con un [&hellip;]<\/p>\n","protected":false},"featured_media":3323,"comment_status":"closed","ping_status":"closed","template":"","meta":{"content-type":""},"product_brand":[55],"product_cat":[26,20],"product_tag":[56,62],"class_list":{"0":"post-3307","1":"product","2":"type-product","3":"status-publish","4":"has-post-thumbnail","6":"product_brand-selene","7":"product_cat-con-aros-y-relleno","8":"product_cat-sujetador","9":"product_tag-sujetador","10":"product_tag-sujetador-con-aros-y-rellenos","12":"first","13":"instock","14":"taxable","15":"shipping-taxable","16":"purchasable","17":"product-type-variable"},"supplier_id":null,"supplier_sku":"","barcode":null,"atum_controlled":true,"out_stock_date":null,"out_stock_threshold":null,"inheritable":true,"inbound_stock":0,"stock_on_hold":0,"sold_today":0,"sales_last_days":0,"reserved_stock":0,"customer_returns":0,"warehouse_damage":0,"lost_in_post":0,"other_logs":0,"out_stock_days":null,"lost_sales":0,"has_location":false,"update_date":"2026-02-18T15:16:29","atum_locations":[],"atum_stock_status":"instock","restock_status":false,"low_stock_amount":"","sales_update_date":"2025-10-03T04:55:35","calc_backorders":null,"yoast_head":"<!-- This site is optimized with the Yoast SEO plugin v27.4 - https:\/\/yoast.com\/product\/yoast-seo-wordpress\/ -->\n<title>Sujetador Selene Cris - Rosana CL<\/title>\n<meta name=\"robots\" content=\"index, follow, max-snippet:-1, max-image-preview:large, max-video-preview:-1\" \/>\n<link rel=\"canonical\" href=\"https:\/\/rosanacl.com\/is\/product\/sujetador-modelo-cris\/\" \/>\n<meta property=\"og:locale\" content=\"is_IS\" \/>\n<meta property=\"og:type\" content=\"article\" \/>\n<meta property=\"og:title\" content=\"Sujetador Selene Cris - Rosana CL\" \/>\n<meta property=\"og:description\" content=\"Sujetador Selene Cris es un b\u00e1sico elegante de microfibra con aro y copa con relleno, pensado para realzar el pecho con una forma redondeada y bonita. Su detalle de raso en el escote y el borde delicado en las copas le dan ese acabado fino que se nota al pon\u00e9rtelo: c\u00f3modo, suave y con un [&hellip;]\" \/>\n<meta property=\"og:url\" content=\"https:\/\/rosanacl.com\/is\/product\/sujetador-modelo-cris\/\" \/>\n<meta property=\"og:site_name\" content=\"Rosana CL\" \/>\n<meta property=\"article:modified_time\" content=\"2026-01-07T17:35:26+00:00\" \/>\n<meta property=\"og:image\" content=\"https:\/\/rosanacl.com\/wp-content\/uploads\/2025\/08\/1-1.png\" \/>\n\t<meta property=\"og:image:width\" content=\"616\" \/>\n\t<meta property=\"og:image:height\" content=\"813\" \/>\n\t<meta property=\"og:image:type\" content=\"image\/png\" \/>\n<meta name=\"twitter:card\" content=\"summary_large_image\" \/>\n<meta name=\"twitter:label1\" content=\"Est. reading time\" \/>\n\t<meta name=\"twitter:data1\" content=\"2 minutes\" \/>\n<script type=\"application\/ld+json\" class=\"yoast-schema-graph\">{\"@context\":\"https:\\\/\\\/schema.org\",\"@graph\":[{\"@type\":\"WebPage\",\"@id\":\"https:\\\/\\\/rosanacl.com\\\/producto\\\/sujetador-modelo-cris\\\/\",\"url\":\"https:\\\/\\\/rosanacl.com\\\/producto\\\/sujetador-modelo-cris\\\/\",\"name\":\"Sujetador Selene Cris - Rosana CL\",\"isPartOf\":{\"@id\":\"https:\\\/\\\/rosanacl.com\\\/ca\\\/#website\"},\"primaryImageOfPage\":{\"@id\":\"https:\\\/\\\/rosanacl.com\\\/producto\\\/sujetador-modelo-cris\\\/#primaryimage\"},\"image\":{\"@id\":\"https:\\\/\\\/rosanacl.com\\\/producto\\\/sujetador-modelo-cris\\\/#primaryimage\"},\"thumbnailUrl\":\"https:\\\/\\\/rosanacl.com\\\/wp-content\\\/uploads\\\/2025\\\/08\\\/1-1.png\",\"datePublished\":\"2025-08-19T06:32:04+00:00\",\"dateModified\":\"2026-01-07T17:35:26+00:00\",\"breadcrumb\":{\"@id\":\"https:\\\/\\\/rosanacl.com\\\/producto\\\/sujetador-modelo-cris\\\/#breadcrumb\"},\"inLanguage\":\"is\",\"potentialAction\":[{\"@type\":\"ReadAction\",\"target\":[\"https:\\\/\\\/rosanacl.com\\\/producto\\\/sujetador-modelo-cris\\\/\"]}]},{\"@type\":\"ImageObject\",\"inLanguage\":\"is\",\"@id\":\"https:\\\/\\\/rosanacl.com\\\/producto\\\/sujetador-modelo-cris\\\/#primaryimage\",\"url\":\"https:\\\/\\\/rosanacl.com\\\/wp-content\\\/uploads\\\/2025\\\/08\\\/1-1.png\",\"contentUrl\":\"https:\\\/\\\/rosanacl.com\\\/wp-content\\\/uploads\\\/2025\\\/08\\\/1-1.png\",\"width\":616,\"height\":813},{\"@type\":\"BreadcrumbList\",\"@id\":\"https:\\\/\\\/rosanacl.com\\\/producto\\\/sujetador-modelo-cris\\\/#breadcrumb\",\"itemListElement\":[{\"@type\":\"ListItem\",\"position\":1,\"name\":\"Portada\",\"item\":\"https:\\\/\\\/rosanacl.com\\\/ca\\\/\"},{\"@type\":\"ListItem\",\"position\":2,\"name\":\"Tienda\",\"item\":\"https:\\\/\\\/rosanacl.com\\\/ca\\\/tienda\\\/\"},{\"@type\":\"ListItem\",\"position\":3,\"name\":\"Sujetador Selene Cris\"}]},{\"@type\":\"WebSite\",\"@id\":\"https:\\\/\\\/rosanacl.com\\\/ca\\\/#website\",\"url\":\"https:\\\/\\\/rosanacl.com\\\/ca\\\/\",\"name\":\"Rosana CL\",\"description\":\"Somos tu interior\",\"potentialAction\":[{\"@type\":\"SearchAction\",\"target\":{\"@type\":\"EntryPoint\",\"urlTemplate\":\"https:\\\/\\\/rosanacl.com\\\/ca\\\/?s={search_term_string}\"},\"query-input\":{\"@type\":\"PropertyValueSpecification\",\"valueRequired\":true,\"valueName\":\"search_term_string\"}}],\"inLanguage\":\"is\"}]}<\/script>\n<!-- \/ Yoast SEO plugin. -->","yoast_head_json":{"title":"Sujetador Selene Cris - Rosana CL","robots":{"index":"index","follow":"follow","max-snippet":"max-snippet:-1","max-image-preview":"max-image-preview:large","max-video-preview":"max-video-preview:-1"},"canonical":"https:\/\/rosanacl.com\/is\/product\/sujetador-modelo-cris\/","og_locale":"is_IS","og_type":"article","og_title":"Sujetador Selene Cris - Rosana CL","og_description":"Sujetador Selene Cris es un b\u00e1sico elegante de microfibra con aro y copa con relleno, pensado para realzar el pecho con una forma redondeada y bonita. Su detalle de raso en el escote y el borde delicado en las copas le dan ese acabado fino que se nota al pon\u00e9rtelo: c\u00f3modo, suave y con un [&hellip;]","og_url":"https:\/\/rosanacl.com\/is\/product\/sujetador-modelo-cris\/","og_site_name":"Rosana CL","article_modified_time":"2026-01-07T17:35:26+00:00","og_image":[{"width":616,"height":813,"url":"https:\/\/rosanacl.com\/wp-content\/uploads\/2025\/08\/1-1.png","type":"image\/png"}],"twitter_card":"summary_large_image","twitter_misc":{"Est. reading time":"2 minutes"},"schema":{"@context":"https:\/\/schema.org","@graph":[{"@type":"WebPage","@id":"https:\/\/rosanacl.com\/producto\/sujetador-modelo-cris\/","url":"https:\/\/rosanacl.com\/producto\/sujetador-modelo-cris\/","name":"Sujetador Selene Cris - Rosana CL","isPartOf":{"@id":"https:\/\/rosanacl.com\/ca\/#website"},"primaryImageOfPage":{"@id":"https:\/\/rosanacl.com\/producto\/sujetador-modelo-cris\/#primaryimage"},"image":{"@id":"https:\/\/rosanacl.com\/producto\/sujetador-modelo-cris\/#primaryimage"},"thumbnailUrl":"https:\/\/rosanacl.com\/wp-content\/uploads\/2025\/08\/1-1.png","datePublished":"2025-08-19T06:32:04+00:00","dateModified":"2026-01-07T17:35:26+00:00","breadcrumb":{"@id":"https:\/\/rosanacl.com\/producto\/sujetador-modelo-cris\/#breadcrumb"},"inLanguage":"is","potentialAction":[{"@type":"ReadAction","target":["https:\/\/rosanacl.com\/producto\/sujetador-modelo-cris\/"]}]},{"@type":"ImageObject","inLanguage":"is","@id":"https:\/\/rosanacl.com\/producto\/sujetador-modelo-cris\/#primaryimage","url":"https:\/\/rosanacl.com\/wp-content\/uploads\/2025\/08\/1-1.png","contentUrl":"https:\/\/rosanacl.com\/wp-content\/uploads\/2025\/08\/1-1.png","width":616,"height":813},{"@type":"BreadcrumbList","@id":"https:\/\/rosanacl.com\/producto\/sujetador-modelo-cris\/#breadcrumb","itemListElement":[{"@type":"ListItem","position":1,"name":"Portada","item":"https:\/\/rosanacl.com\/ca\/"},{"@type":"ListItem","position":2,"name":"Tienda","item":"https:\/\/rosanacl.com\/ca\/tienda\/"},{"@type":"ListItem","position":3,"name":"Sujetador Selene Cris"}]},{"@type":"WebSite","@id":"https:\/\/rosanacl.com\/ca\/#website","url":"https:\/\/rosanacl.com\/ca\/","name":"Rosana CL","description":"Vi\u00f0 erum innra sj\u00e1lf \u00feitt","potentialAction":[{"@type":"SearchAction","target":{"@type":"EntryPoint","urlTemplate":"https:\/\/rosanacl.com\/ca\/?s={search_term_string}"},"query-input":{"@type":"PropertyValueSpecification","valueRequired":true,"valueName":"search_term_string"}}],"inLanguage":"is"}]}},"_links":{"self":[{"href":"https:\/\/rosanacl.com\/is\/wp-json\/wp\/v2\/product\/3307","targetHints":{"allow":["GET"]}}],"collection":[{"href":"https:\/\/rosanacl.com\/is\/wp-json\/wp\/v2\/product"}],"about":[{"href":"https:\/\/rosanacl.com\/is\/wp-json\/wp\/v2\/types\/product"}],"replies":[{"embeddable":true,"href":"https:\/\/rosanacl.com\/is\/wp-json\/wp\/v2\/comments?post=3307"}],"version-history":[{"count":5,"href":"https:\/\/rosanacl.com\/is\/wp-json\/wp\/v2\/product\/3307\/revisions"}],"predecessor-version":[{"id":4595,"href":"https:\/\/rosanacl.com\/is\/wp-json\/wp\/v2\/product\/3307\/revisions\/4595"}],"wp:featuredmedia":[{"embeddable":true,"href":"https:\/\/rosanacl.com\/is\/wp-json\/wp\/v2\/media\/3323"}],"wp:attachment":[{"href":"https:\/\/rosanacl.com\/is\/wp-json\/wp\/v2\/media?parent=3307"}],"wp:term":[{"taxonomy":"product_brand","embeddable":true,"href":"https:\/\/rosanacl.com\/is\/wp-json\/wp\/v2\/product_brand?post=3307"},{"taxonomy":"product_cat","embeddable":true,"href":"https:\/\/rosanacl.com\/is\/wp-json\/wp\/v2\/product_cat?post=3307"},{"taxonomy":"product_tag","embeddable":true,"href":"https:\/\/rosanacl.com\/is\/wp-json\/wp\/v2\/product_tag?post=3307"}],"curies":[{"name":"wp","href":"https:\/\/api.w.org\/{rel}","templated":true}]}}