{"id":3327,"date":"2025-08-19T08:39:42","date_gmt":"2025-08-19T06:39:42","guid":{"rendered":"https:\/\/rosanacl.com\/?post_type=product&#038;p=3327"},"modified":"2026-01-07T18:30:47","modified_gmt":"2026-01-07T17:30:47","slug":"sujetador-modelo-noah","status":"publish","type":"product","link":"https:\/\/rosanacl.com\/is\/product\/sujetador-modelo-noah\/","title":{"rendered":"Selene Noah brj\u00f3stahaldari"},"content":{"rendered":"<p>Noah brj\u00f3stahaldarinn er \u00feessi \u00abviljandi\u00bb grunnuppbygging sem lyftir kl\u00e6\u00f0na\u00f0i \u00fe\u00ednum: v\u00edrar + push-up bolli, jacquard-\u00e1fer\u00f0 og bl\u00fandusm\u00e1atri\u00f0i sem gefa honum unglegan, gl\u00e6silegan og mj\u00f6g fj\u00f6lh\u00e6fan bl\u00e6.<\/p>\n<p>Hanna\u00f0 til a\u00f0 fegra brj\u00f3stin me\u00f0 fallegri og n\u00e1tt\u00farulegri l\u00f6gun, \u00fea\u00f0 b\u00fd\u00f0ur upp \u00e1 \u00fe\u00e6gilegan stu\u00f0ning og g\u00f3\u00f0a passform sem er b\u00e6\u00f0i til daglegs notkunar og \u00feegar \u00fe\u00fa vilt l\u00edta sem best \u00fat \u00e1reynslulaust.<\/p>\n<p>Sm\u00e1atri\u00f0i sem l\u00e1ta \u00feig ver\u00f0a \u00e1stfanginn<\/p>\n<ul>\n<li>V\u00edralengdir + upphleyptar bollar: f\u00ednleg framsetning og fallegri bringu, me\u00f0 g\u00f3\u00f0um stu\u00f0ningi.<\/li>\n<li>Jacquard-efni me\u00f0 bl\u00fandu: gl\u00e6sileg \u00e1fer\u00f0 og fyrsta flokks fr\u00e1gangur.<\/li>\n<li>Bakhli\u00f0 me\u00f0 bl\u00fandu: kvenlegt og n\u00fat\u00edmalegt yfirbrag\u00f0.<\/li>\n<li>Fullkomi\u00f0 sett: sameina\u00f0u \u00fea\u00f0 vi\u00f0 Selene 3124 bikin\u00edbuxurnar e\u00f0a Selene 3125 tanga til a\u00f0 kl\u00e6\u00f0ast \u00fev\u00ed fullkomlega.<\/li>\n<\/ul>\n<p>\ud83d\udde3\ufe0f R\u00e1\u00f0: Noah er brj\u00f3stahaldarinn sem gefur \u00fe\u00e9r \u00abfullkomi\u00f0\u00bb dekollet\u00e9 \u00e1n \u00feess a\u00f0 f\u00f3rna \u00fe\u00e6gindum: upphleyptu brj\u00f3stin gefa unglegri tilfinningu og jacquard-efni\u00f0 er l\u00faxuslegra vi\u00f0komu, \u00feannig a\u00f0 allur kl\u00e6\u00f0na\u00f0urinn l\u00edtur fallega \u00fat fr\u00e1 \u00feeirri stundu sem \u00fe\u00fa kl\u00e6\u00f0ist honum.<\/p>\n<p>\ud83d\udccf Athugi\u00f0: Athugi\u00f0 bollast\u00e6r\u00f0ina \u00e1\u00f0ur en \u00fei\u00f0 kaupi\u00f0: \u00fear sem \u00feetta er push-up brj\u00f3stahaldari, ef \u00fei\u00f0 eru\u00f0 \u00e1 milli st\u00e6r\u00f0a e\u00f0a l\u00edkar ekki vi\u00f0 auka b\u00f3lstrun, veldu \u00fe\u00e1 \u00fe\u00e6gilegri kostinn (einni bollast\u00e6r\u00f0 minni) fyrir n\u00e1tt\u00farulegt \u00fatlit. Bandi\u00f0 \u00e6tti alltaf a\u00f0 passa vel (\u00e1n \u00feess a\u00f0 renna upp) til a\u00f0 f\u00e1 r\u00e9ttan stu\u00f0ning.<\/p>\n<p>Samsetning: 76% p\u00f3l\u00fdam\u00ed\u00f0, 13% elastan, 11% b\u00f3mull.<\/p>\n<p>\ud83d\udc8e Brj\u00f3stahaldarinn sem setur \u00abV\u00c1\u00bb-i\u00f0 \u00fear sem \u00fea\u00f0 er mest \u00e1berandi: \u00ed klofinu.<\/p>\n<p>&nbsp;<\/p>\n<div id=\"v1ms-outlook-mobile-body-separator-line\" dir=\"auto\"><\/div>","protected":false},"excerpt":{"rendered":"<div style=\"position: relative; padding-bottom: 56.25%; height: 0; overflow: hidden; max-width: 100%;\"><iframe style=\"position: absolute; top: 0; left: 0; width: 100%; height: 100%;\" src=\"https:\/\/www.youtube.com\/embed\/glE84AF5iGo?autoplay=1&amp;mute=1&amp;playsinline=1&amp;rel=0&amp;controls=1&amp;loop=1&amp;playlist=glE84AF5iGo\" frameborder=\"0\" allowfullscreen=\"allowfullscreen\"><br \/>\n<\/iframe><\/div>","protected":false},"featured_media":3348,"comment_status":"closed","ping_status":"closed","template":"","meta":{"content-type":""},"product_brand":[55],"product_cat":[26,20],"product_tag":[56,61],"class_list":{"0":"post-3327","1":"product","2":"type-product","3":"status-publish","4":"has-post-thumbnail","6":"product_brand-selene","7":"product_cat-con-aros-y-relleno","8":"product_cat-sujetador","9":"product_tag-sujetador","10":"product_tag-sujetador-con-aros-y-relleno","12":"first","13":"instock","14":"taxable","15":"shipping-taxable","16":"purchasable","17":"product-type-variable"},"supplier_id":null,"supplier_sku":"","barcode":null,"atum_controlled":true,"out_stock_date":null,"out_stock_threshold":null,"inheritable":true,"inbound_stock":0,"stock_on_hold":0,"sold_today":0,"sales_last_days":0,"reserved_stock":0,"customer_returns":0,"warehouse_damage":0,"lost_in_post":0,"other_logs":0,"out_stock_days":null,"lost_sales":0,"has_location":false,"update_date":"2026-01-07T17:30:48","atum_locations":[],"atum_stock_status":"instock","restock_status":false,"low_stock_amount":"","sales_update_date":"2025-10-03T04:55:35","calc_backorders":null,"yoast_head":"<!-- This site is optimized with the Yoast SEO plugin v27.4 - https:\/\/yoast.com\/product\/yoast-seo-wordpress\/ -->\n<title>Sujetador Selene Noah - Rosana CL<\/title>\n<meta name=\"robots\" content=\"index, follow, max-snippet:-1, max-image-preview:large, max-video-preview:-1\" \/>\n<link rel=\"canonical\" href=\"https:\/\/rosanacl.com\/is\/product\/sujetador-modelo-noah\/\" \/>\n<meta property=\"og:locale\" content=\"is_IS\" \/>\n<meta property=\"og:type\" content=\"article\" \/>\n<meta property=\"og:title\" content=\"Sujetador Selene Noah - Rosana CL\" \/>\n<meta property=\"og:url\" content=\"https:\/\/rosanacl.com\/is\/product\/sujetador-modelo-noah\/\" \/>\n<meta property=\"og:site_name\" content=\"Rosana CL\" \/>\n<meta property=\"article:modified_time\" content=\"2026-01-07T17:30:47+00:00\" \/>\n<meta property=\"og:image\" content=\"https:\/\/rosanacl.com\/wp-content\/uploads\/2025\/08\/1-2-e1756816366207-777x1024.png\" \/>\n\t<meta property=\"og:image:width\" content=\"777\" \/>\n\t<meta property=\"og:image:height\" content=\"1024\" \/>\n\t<meta property=\"og:image:type\" content=\"image\/png\" \/>\n<meta name=\"twitter:card\" content=\"summary_large_image\" \/>\n<meta name=\"twitter:label1\" content=\"Est. reading time\" \/>\n\t<meta name=\"twitter:data1\" content=\"2 minutes\" \/>\n<script type=\"application\/ld+json\" class=\"yoast-schema-graph\">{\"@context\":\"https:\\\/\\\/schema.org\",\"@graph\":[{\"@type\":\"WebPage\",\"@id\":\"https:\\\/\\\/rosanacl.com\\\/producto\\\/sujetador-modelo-noah\\\/\",\"url\":\"https:\\\/\\\/rosanacl.com\\\/producto\\\/sujetador-modelo-noah\\\/\",\"name\":\"Sujetador Selene Noah - Rosana CL\",\"isPartOf\":{\"@id\":\"https:\\\/\\\/rosanacl.com\\\/ca\\\/#website\"},\"primaryImageOfPage\":{\"@id\":\"https:\\\/\\\/rosanacl.com\\\/producto\\\/sujetador-modelo-noah\\\/#primaryimage\"},\"image\":{\"@id\":\"https:\\\/\\\/rosanacl.com\\\/producto\\\/sujetador-modelo-noah\\\/#primaryimage\"},\"thumbnailUrl\":\"https:\\\/\\\/rosanacl.com\\\/wp-content\\\/uploads\\\/2025\\\/08\\\/1-2-e1756816366207.png\",\"datePublished\":\"2025-08-19T06:39:42+00:00\",\"dateModified\":\"2026-01-07T17:30:47+00:00\",\"breadcrumb\":{\"@id\":\"https:\\\/\\\/rosanacl.com\\\/producto\\\/sujetador-modelo-noah\\\/#breadcrumb\"},\"inLanguage\":\"is\",\"potentialAction\":[{\"@type\":\"ReadAction\",\"target\":[\"https:\\\/\\\/rosanacl.com\\\/producto\\\/sujetador-modelo-noah\\\/\"]}]},{\"@type\":\"ImageObject\",\"inLanguage\":\"is\",\"@id\":\"https:\\\/\\\/rosanacl.com\\\/producto\\\/sujetador-modelo-noah\\\/#primaryimage\",\"url\":\"https:\\\/\\\/rosanacl.com\\\/wp-content\\\/uploads\\\/2025\\\/08\\\/1-2-e1756816366207.png\",\"contentUrl\":\"https:\\\/\\\/rosanacl.com\\\/wp-content\\\/uploads\\\/2025\\\/08\\\/1-2-e1756816366207.png\",\"width\":873,\"height\":1150},{\"@type\":\"BreadcrumbList\",\"@id\":\"https:\\\/\\\/rosanacl.com\\\/producto\\\/sujetador-modelo-noah\\\/#breadcrumb\",\"itemListElement\":[{\"@type\":\"ListItem\",\"position\":1,\"name\":\"Portada\",\"item\":\"https:\\\/\\\/rosanacl.com\\\/ca\\\/\"},{\"@type\":\"ListItem\",\"position\":2,\"name\":\"Tienda\",\"item\":\"https:\\\/\\\/rosanacl.com\\\/ca\\\/tienda\\\/\"},{\"@type\":\"ListItem\",\"position\":3,\"name\":\"Sujetador Selene Noah\"}]},{\"@type\":\"WebSite\",\"@id\":\"https:\\\/\\\/rosanacl.com\\\/ca\\\/#website\",\"url\":\"https:\\\/\\\/rosanacl.com\\\/ca\\\/\",\"name\":\"Rosana CL\",\"description\":\"Somos tu interior\",\"potentialAction\":[{\"@type\":\"SearchAction\",\"target\":{\"@type\":\"EntryPoint\",\"urlTemplate\":\"https:\\\/\\\/rosanacl.com\\\/ca\\\/?s={search_term_string}\"},\"query-input\":{\"@type\":\"PropertyValueSpecification\",\"valueRequired\":true,\"valueName\":\"search_term_string\"}}],\"inLanguage\":\"is\"}]}<\/script>\n<!-- \/ Yoast SEO plugin. -->","yoast_head_json":{"title":"Sujetador Selene Noah - Rosana CL","robots":{"index":"index","follow":"follow","max-snippet":"max-snippet:-1","max-image-preview":"max-image-preview:large","max-video-preview":"max-video-preview:-1"},"canonical":"https:\/\/rosanacl.com\/is\/product\/sujetador-modelo-noah\/","og_locale":"is_IS","og_type":"article","og_title":"Sujetador Selene Noah - Rosana CL","og_url":"https:\/\/rosanacl.com\/is\/product\/sujetador-modelo-noah\/","og_site_name":"Rosana CL","article_modified_time":"2026-01-07T17:30:47+00:00","og_image":[{"width":777,"height":1024,"url":"https:\/\/rosanacl.com\/wp-content\/uploads\/2025\/08\/1-2-e1756816366207-777x1024.png","type":"image\/png"}],"twitter_card":"summary_large_image","twitter_misc":{"Est. reading time":"2 minutes"},"schema":{"@context":"https:\/\/schema.org","@graph":[{"@type":"WebPage","@id":"https:\/\/rosanacl.com\/producto\/sujetador-modelo-noah\/","url":"https:\/\/rosanacl.com\/producto\/sujetador-modelo-noah\/","name":"Sujetador Selene Noah - Rosana CL","isPartOf":{"@id":"https:\/\/rosanacl.com\/ca\/#website"},"primaryImageOfPage":{"@id":"https:\/\/rosanacl.com\/producto\/sujetador-modelo-noah\/#primaryimage"},"image":{"@id":"https:\/\/rosanacl.com\/producto\/sujetador-modelo-noah\/#primaryimage"},"thumbnailUrl":"https:\/\/rosanacl.com\/wp-content\/uploads\/2025\/08\/1-2-e1756816366207.png","datePublished":"2025-08-19T06:39:42+00:00","dateModified":"2026-01-07T17:30:47+00:00","breadcrumb":{"@id":"https:\/\/rosanacl.com\/producto\/sujetador-modelo-noah\/#breadcrumb"},"inLanguage":"is","potentialAction":[{"@type":"ReadAction","target":["https:\/\/rosanacl.com\/producto\/sujetador-modelo-noah\/"]}]},{"@type":"ImageObject","inLanguage":"is","@id":"https:\/\/rosanacl.com\/producto\/sujetador-modelo-noah\/#primaryimage","url":"https:\/\/rosanacl.com\/wp-content\/uploads\/2025\/08\/1-2-e1756816366207.png","contentUrl":"https:\/\/rosanacl.com\/wp-content\/uploads\/2025\/08\/1-2-e1756816366207.png","width":873,"height":1150},{"@type":"BreadcrumbList","@id":"https:\/\/rosanacl.com\/producto\/sujetador-modelo-noah\/#breadcrumb","itemListElement":[{"@type":"ListItem","position":1,"name":"Portada","item":"https:\/\/rosanacl.com\/ca\/"},{"@type":"ListItem","position":2,"name":"Tienda","item":"https:\/\/rosanacl.com\/ca\/tienda\/"},{"@type":"ListItem","position":3,"name":"Sujetador Selene Noah"}]},{"@type":"WebSite","@id":"https:\/\/rosanacl.com\/ca\/#website","url":"https:\/\/rosanacl.com\/ca\/","name":"Rosana CL","description":"Vi\u00f0 erum innra sj\u00e1lf \u00feitt","potentialAction":[{"@type":"SearchAction","target":{"@type":"EntryPoint","urlTemplate":"https:\/\/rosanacl.com\/ca\/?s={search_term_string}"},"query-input":{"@type":"PropertyValueSpecification","valueRequired":true,"valueName":"search_term_string"}}],"inLanguage":"is"}]}},"_links":{"self":[{"href":"https:\/\/rosanacl.com\/is\/wp-json\/wp\/v2\/product\/3327","targetHints":{"allow":["GET"]}}],"collection":[{"href":"https:\/\/rosanacl.com\/is\/wp-json\/wp\/v2\/product"}],"about":[{"href":"https:\/\/rosanacl.com\/is\/wp-json\/wp\/v2\/types\/product"}],"replies":[{"embeddable":true,"href":"https:\/\/rosanacl.com\/is\/wp-json\/wp\/v2\/comments?post=3327"}],"version-history":[{"count":5,"href":"https:\/\/rosanacl.com\/is\/wp-json\/wp\/v2\/product\/3327\/revisions"}],"predecessor-version":[{"id":4594,"href":"https:\/\/rosanacl.com\/is\/wp-json\/wp\/v2\/product\/3327\/revisions\/4594"}],"wp:featuredmedia":[{"embeddable":true,"href":"https:\/\/rosanacl.com\/is\/wp-json\/wp\/v2\/media\/3348"}],"wp:attachment":[{"href":"https:\/\/rosanacl.com\/is\/wp-json\/wp\/v2\/media?parent=3327"}],"wp:term":[{"taxonomy":"product_brand","embeddable":true,"href":"https:\/\/rosanacl.com\/is\/wp-json\/wp\/v2\/product_brand?post=3327"},{"taxonomy":"product_cat","embeddable":true,"href":"https:\/\/rosanacl.com\/is\/wp-json\/wp\/v2\/product_cat?post=3327"},{"taxonomy":"product_tag","embeddable":true,"href":"https:\/\/rosanacl.com\/is\/wp-json\/wp\/v2\/product_tag?post=3327"}],"curies":[{"name":"wp","href":"https:\/\/api.w.org\/{rel}","templated":true}]}}