{"id":3410,"date":"2025-08-19T09:05:06","date_gmt":"2025-08-19T07:05:06","guid":{"rendered":"https:\/\/rosanacl.com\/?post_type=product&#038;p=3410"},"modified":"2026-01-08T03:12:21","modified_gmt":"2026-01-08T02:12:21","slug":"body-selene-agata","status":"publish","type":"product","link":"https:\/\/rosanacl.com\/is\/product\/body-selene-agata\/","title":{"rendered":"L\u00edkami Selene Agata"},"content":{"rendered":"<p>Body Selene \u00c1gata er n\u00e1ttf\u00f6t \u00far \u00f6rf\u00edberi sem eru h\u00f6nnu\u00f0 til a\u00f0 fegra l\u00edkamann me\u00f0 gl\u00e6silegri og mj\u00f6g flatterandi \u00e1fer\u00f0.<\/p>\n<p>Tyllh\u00e1lsm\u00e1li\u00f0 gefur kvenlegan og f\u00e1ga\u00f0an bl\u00e6, en styrkingin \u00ed mi\u00f0junni \u00e1 maganum hj\u00e1lpar til vi\u00f0 a\u00f0 minnka sj\u00f3nr\u00e6nt og skapa grennri sni\u00f0m\u00e1t.<\/p>\n<p>Hanna\u00f0 \u00e1n v\u00edra, \u00feannig a\u00f0 \u00fe\u00fa finnur fyrir stu\u00f0ningi og \u00f6ryggi \u00e1n \u00feess a\u00f0 f\u00f3rna \u00fe\u00e6gindum. \u00d6rf\u00edberefni\u00f0 a\u00f0lagast l\u00edkama \u00fe\u00ednum eins og \u00f6nnur h\u00fa\u00f0, m\u00fdkir \u00feig varlega og sty\u00f0ur \u00feig \u00ed marga klukkut\u00edma, hvort sem er til daglegs notkunar e\u00f0a \u00feegar \u00fe\u00fa vilt l\u00edta sem best \u00fat.<\/p>\n<p>Sm\u00e1atri\u00f0in sem skipta m\u00e1li<\/p>\n<ul>\n<li>Stj\u00f3rnbolur: M\u00fdkri maga\u00e1hrif og sk\u00fdrari sni\u00f0m\u00e1t.<\/li>\n<li>Tyllh\u00e1lsm\u00e1l: Gl\u00e6silegt og kvenlegt yfirbrag\u00f0, \u00e1n \u00feess a\u00f0 vera \u00fdkt.<\/li>\n<li>V\u00edralaust: algj\u00f6r \u00fe\u00e6gindi me\u00f0 n\u00e1tt\u00farulegum stu\u00f0ningi.<\/li>\n<li>Mj\u00fakt \u00f6rtrefjaefni: a\u00f0lagast l\u00edkamanum \u00e1n \u00feess a\u00f0 vera st\u00edft.<\/li>\n<li>Hlj\u00f3\u00f0l\u00e1t \u00e1fer\u00f0: tilvalin undir a\u00f0sni\u00f0num fl\u00edkum fyrir snyrtilegra \u00fatlit.<\/li>\n<\/ul>\n<p>\ud83d\udde3\ufe0f R\u00e1\u00f0: \u00cd \u00c1gata er \u00fea\u00f0 besta \u00feessi \u00abmj\u00faka stj\u00f3rn\u00bb sem er gl\u00e6sileg: \u00f6rf\u00ednuefni\u00f0 liggur eins og \u00f6nnur h\u00fa\u00f0, m\u00fdkir \u00e1n \u00feess a\u00f0 har\u00f0na og skilur eftir sig betur skilgreinda sni\u00f0m\u00e1t, fullkomi\u00f0 til a\u00f0 vera \u00ed \u00ed margar klukkustundir \u00e1n \u00feess a\u00f0 finnast \u00fe\u00fa vera ofvi\u00f0a.<\/p>\n<p>\ud83d\udccf Athugi\u00f0: \u00c1\u00f0ur en \u00fe\u00fa kaupir, hugsa\u00f0u um hvernig \u00fe\u00fa vilt a\u00f0 \u00fea\u00f0 s\u00e9: ef \u00fe\u00fa vilt a\u00f0 \u00fea\u00f0 m\u00f3tist betur og sitji betur \u00e1 maganum, veldu \u00fe\u00e1 venjulega st\u00e6r\u00f0 \u00fe\u00edna; ef \u00fe\u00fa ert \u00e1 milli tveggja st\u00e6r\u00f0a e\u00f0a k\u00fdst l\u00e9ttari og n\u00e6rf\u00e6rnari \u00e1fer\u00f0 (minni \u00fer\u00fdsting), far\u00f0u \u00fe\u00e1 upp um eina st\u00e6r\u00f0 fyrir meiri \u00fe\u00e6gindi.<\/p>\n<p>Samsetning: teygjanlegt \u00f6rf\u00ednefni (82% p\u00f3l\u00fdam\u00ed\u00f0, 18% elastan). N\u00e1nara sv\u00e6\u00f0i styrkt me\u00f0 b\u00f3mull fyrir meiri \u00fe\u00e6gindi og hreinl\u00e6ti.<\/p>\n<p>\ud83e\udeb6 L\u00e9tt a\u00f0 utan, \u00f6flugt a\u00f0 innan: \u00fatl\u00ednur \u00fe\u00ednar sj\u00e1st.<\/p>\n<div id=\"v1ms-outlook-mobile-body-separator-line\" dir=\"auto\"><\/div>\n<p>&nbsp;<\/p>","protected":false},"excerpt":{"rendered":"<p>Body Selene \u00c1gata es un body de control de microfibra pensado para estilizar la figura con un acabado elegante y muy favorecedor. Su escote de tul aporta ese toque femenino y sofisticado, mientras que el refuerzo central en la zona del vientre ayuda a reducir visualmente y a marcar una silueta m\u00e1s esbelta. Dise\u00f1ado sin [&hellip;]<\/p>\n","protected":false},"featured_media":3421,"comment_status":"closed","ping_status":"closed","template":"","meta":{"content-type":""},"product_brand":[55],"product_cat":[18],"product_tag":[66],"class_list":{"0":"post-3410","1":"product","2":"type-product","3":"status-publish","4":"has-post-thumbnail","6":"product_brand-selene","7":"product_cat-body","8":"product_tag-body","10":"first","11":"instock","12":"taxable","13":"shipping-taxable","14":"purchasable","15":"product-type-variable"},"supplier_id":null,"supplier_sku":"","barcode":null,"atum_controlled":true,"out_stock_date":null,"out_stock_threshold":null,"inheritable":true,"inbound_stock":0,"stock_on_hold":0,"sold_today":null,"sales_last_days":null,"reserved_stock":0,"customer_returns":0,"warehouse_damage":0,"lost_in_post":0,"other_logs":0,"out_stock_days":null,"lost_sales":null,"has_location":false,"update_date":"2026-01-08T02:12:22","atum_locations":[],"atum_stock_status":"instock","restock_status":false,"low_stock_amount":"","sales_update_date":"2025-10-03T04:55:33","calc_backorders":null,"yoast_head":"<!-- This site is optimized with the Yoast SEO plugin v27.4 - https:\/\/yoast.com\/product\/yoast-seo-wordpress\/ -->\n<title>Body Selene Agata - Rosana CL<\/title>\n<meta name=\"robots\" content=\"index, follow, max-snippet:-1, max-image-preview:large, max-video-preview:-1\" \/>\n<link rel=\"canonical\" href=\"https:\/\/rosanacl.com\/is\/product\/body-selene-agata\/\" \/>\n<meta property=\"og:locale\" content=\"is_IS\" \/>\n<meta property=\"og:type\" content=\"article\" \/>\n<meta property=\"og:title\" content=\"Body Selene Agata - Rosana CL\" \/>\n<meta property=\"og:description\" content=\"Body Selene \u00c1gata es un body de control de microfibra pensado para estilizar la figura con un acabado elegante y muy favorecedor. Su escote de tul aporta ese toque femenino y sofisticado, mientras que el refuerzo central en la zona del vientre ayuda a reducir visualmente y a marcar una silueta m\u00e1s esbelta. Dise\u00f1ado sin [&hellip;]\" \/>\n<meta property=\"og:url\" content=\"https:\/\/rosanacl.com\/is\/product\/body-selene-agata\/\" \/>\n<meta property=\"og:site_name\" content=\"Rosana CL\" \/>\n<meta property=\"article:modified_time\" content=\"2026-01-08T02:12:21+00:00\" \/>\n<meta property=\"og:image\" content=\"https:\/\/rosanacl.com\/wp-content\/uploads\/2025\/08\/1-5.png\" \/>\n\t<meta property=\"og:image:width\" content=\"873\" \/>\n\t<meta property=\"og:image:height\" content=\"1138\" \/>\n\t<meta property=\"og:image:type\" content=\"image\/png\" \/>\n<meta name=\"twitter:card\" content=\"summary_large_image\" \/>\n<meta name=\"twitter:label1\" content=\"Est. reading time\" \/>\n\t<meta name=\"twitter:data1\" content=\"2 minutes\" \/>\n<script type=\"application\/ld+json\" class=\"yoast-schema-graph\">{\"@context\":\"https:\\\/\\\/schema.org\",\"@graph\":[{\"@type\":\"WebPage\",\"@id\":\"https:\\\/\\\/rosanacl.com\\\/producto\\\/body-selene-agata\\\/\",\"url\":\"https:\\\/\\\/rosanacl.com\\\/producto\\\/body-selene-agata\\\/\",\"name\":\"Body Selene Agata - Rosana CL\",\"isPartOf\":{\"@id\":\"https:\\\/\\\/rosanacl.com\\\/ca\\\/#website\"},\"primaryImageOfPage\":{\"@id\":\"https:\\\/\\\/rosanacl.com\\\/producto\\\/body-selene-agata\\\/#primaryimage\"},\"image\":{\"@id\":\"https:\\\/\\\/rosanacl.com\\\/producto\\\/body-selene-agata\\\/#primaryimage\"},\"thumbnailUrl\":\"https:\\\/\\\/rosanacl.com\\\/wp-content\\\/uploads\\\/2025\\\/08\\\/1-5.png\",\"datePublished\":\"2025-08-19T07:05:06+00:00\",\"dateModified\":\"2026-01-08T02:12:21+00:00\",\"breadcrumb\":{\"@id\":\"https:\\\/\\\/rosanacl.com\\\/producto\\\/body-selene-agata\\\/#breadcrumb\"},\"inLanguage\":\"is\",\"potentialAction\":[{\"@type\":\"ReadAction\",\"target\":[\"https:\\\/\\\/rosanacl.com\\\/producto\\\/body-selene-agata\\\/\"]}]},{\"@type\":\"ImageObject\",\"inLanguage\":\"is\",\"@id\":\"https:\\\/\\\/rosanacl.com\\\/producto\\\/body-selene-agata\\\/#primaryimage\",\"url\":\"https:\\\/\\\/rosanacl.com\\\/wp-content\\\/uploads\\\/2025\\\/08\\\/1-5.png\",\"contentUrl\":\"https:\\\/\\\/rosanacl.com\\\/wp-content\\\/uploads\\\/2025\\\/08\\\/1-5.png\",\"width\":873,\"height\":1138},{\"@type\":\"BreadcrumbList\",\"@id\":\"https:\\\/\\\/rosanacl.com\\\/producto\\\/body-selene-agata\\\/#breadcrumb\",\"itemListElement\":[{\"@type\":\"ListItem\",\"position\":1,\"name\":\"Portada\",\"item\":\"https:\\\/\\\/rosanacl.com\\\/ca\\\/\"},{\"@type\":\"ListItem\",\"position\":2,\"name\":\"Tienda\",\"item\":\"https:\\\/\\\/rosanacl.com\\\/ca\\\/tienda\\\/\"},{\"@type\":\"ListItem\",\"position\":3,\"name\":\"Body Selene Agata\"}]},{\"@type\":\"WebSite\",\"@id\":\"https:\\\/\\\/rosanacl.com\\\/ca\\\/#website\",\"url\":\"https:\\\/\\\/rosanacl.com\\\/ca\\\/\",\"name\":\"Rosana CL\",\"description\":\"Somos tu interior\",\"potentialAction\":[{\"@type\":\"SearchAction\",\"target\":{\"@type\":\"EntryPoint\",\"urlTemplate\":\"https:\\\/\\\/rosanacl.com\\\/ca\\\/?s={search_term_string}\"},\"query-input\":{\"@type\":\"PropertyValueSpecification\",\"valueRequired\":true,\"valueName\":\"search_term_string\"}}],\"inLanguage\":\"is\"}]}<\/script>\n<!-- \/ Yoast SEO plugin. -->","yoast_head_json":{"title":"Body Selene Agata - Rosana CL","robots":{"index":"index","follow":"follow","max-snippet":"max-snippet:-1","max-image-preview":"max-image-preview:large","max-video-preview":"max-video-preview:-1"},"canonical":"https:\/\/rosanacl.com\/is\/product\/body-selene-agata\/","og_locale":"is_IS","og_type":"article","og_title":"Body Selene Agata - Rosana CL","og_description":"Body Selene \u00c1gata es un body de control de microfibra pensado para estilizar la figura con un acabado elegante y muy favorecedor. Su escote de tul aporta ese toque femenino y sofisticado, mientras que el refuerzo central en la zona del vientre ayuda a reducir visualmente y a marcar una silueta m\u00e1s esbelta. Dise\u00f1ado sin [&hellip;]","og_url":"https:\/\/rosanacl.com\/is\/product\/body-selene-agata\/","og_site_name":"Rosana CL","article_modified_time":"2026-01-08T02:12:21+00:00","og_image":[{"width":873,"height":1138,"url":"https:\/\/rosanacl.com\/wp-content\/uploads\/2025\/08\/1-5.png","type":"image\/png"}],"twitter_card":"summary_large_image","twitter_misc":{"Est. reading time":"2 minutes"},"schema":{"@context":"https:\/\/schema.org","@graph":[{"@type":"WebPage","@id":"https:\/\/rosanacl.com\/producto\/body-selene-agata\/","url":"https:\/\/rosanacl.com\/producto\/body-selene-agata\/","name":"Body Selene Agata - Rosana CL","isPartOf":{"@id":"https:\/\/rosanacl.com\/ca\/#website"},"primaryImageOfPage":{"@id":"https:\/\/rosanacl.com\/producto\/body-selene-agata\/#primaryimage"},"image":{"@id":"https:\/\/rosanacl.com\/producto\/body-selene-agata\/#primaryimage"},"thumbnailUrl":"https:\/\/rosanacl.com\/wp-content\/uploads\/2025\/08\/1-5.png","datePublished":"2025-08-19T07:05:06+00:00","dateModified":"2026-01-08T02:12:21+00:00","breadcrumb":{"@id":"https:\/\/rosanacl.com\/producto\/body-selene-agata\/#breadcrumb"},"inLanguage":"is","potentialAction":[{"@type":"ReadAction","target":["https:\/\/rosanacl.com\/producto\/body-selene-agata\/"]}]},{"@type":"ImageObject","inLanguage":"is","@id":"https:\/\/rosanacl.com\/producto\/body-selene-agata\/#primaryimage","url":"https:\/\/rosanacl.com\/wp-content\/uploads\/2025\/08\/1-5.png","contentUrl":"https:\/\/rosanacl.com\/wp-content\/uploads\/2025\/08\/1-5.png","width":873,"height":1138},{"@type":"BreadcrumbList","@id":"https:\/\/rosanacl.com\/producto\/body-selene-agata\/#breadcrumb","itemListElement":[{"@type":"ListItem","position":1,"name":"Portada","item":"https:\/\/rosanacl.com\/ca\/"},{"@type":"ListItem","position":2,"name":"Tienda","item":"https:\/\/rosanacl.com\/ca\/tienda\/"},{"@type":"ListItem","position":3,"name":"Body Selene Agata"}]},{"@type":"WebSite","@id":"https:\/\/rosanacl.com\/ca\/#website","url":"https:\/\/rosanacl.com\/ca\/","name":"Rosana CL","description":"Vi\u00f0 erum innra sj\u00e1lf \u00feitt","potentialAction":[{"@type":"SearchAction","target":{"@type":"EntryPoint","urlTemplate":"https:\/\/rosanacl.com\/ca\/?s={search_term_string}"},"query-input":{"@type":"PropertyValueSpecification","valueRequired":true,"valueName":"search_term_string"}}],"inLanguage":"is"}]}},"_links":{"self":[{"href":"https:\/\/rosanacl.com\/is\/wp-json\/wp\/v2\/product\/3410","targetHints":{"allow":["GET"]}}],"collection":[{"href":"https:\/\/rosanacl.com\/is\/wp-json\/wp\/v2\/product"}],"about":[{"href":"https:\/\/rosanacl.com\/is\/wp-json\/wp\/v2\/types\/product"}],"replies":[{"embeddable":true,"href":"https:\/\/rosanacl.com\/is\/wp-json\/wp\/v2\/comments?post=3410"}],"version-history":[{"count":5,"href":"https:\/\/rosanacl.com\/is\/wp-json\/wp\/v2\/product\/3410\/revisions"}],"predecessor-version":[{"id":4638,"href":"https:\/\/rosanacl.com\/is\/wp-json\/wp\/v2\/product\/3410\/revisions\/4638"}],"wp:featuredmedia":[{"embeddable":true,"href":"https:\/\/rosanacl.com\/is\/wp-json\/wp\/v2\/media\/3421"}],"wp:attachment":[{"href":"https:\/\/rosanacl.com\/is\/wp-json\/wp\/v2\/media?parent=3410"}],"wp:term":[{"taxonomy":"product_brand","embeddable":true,"href":"https:\/\/rosanacl.com\/is\/wp-json\/wp\/v2\/product_brand?post=3410"},{"taxonomy":"product_cat","embeddable":true,"href":"https:\/\/rosanacl.com\/is\/wp-json\/wp\/v2\/product_cat?post=3410"},{"taxonomy":"product_tag","embeddable":true,"href":"https:\/\/rosanacl.com\/is\/wp-json\/wp\/v2\/product_tag?post=3410"}],"curies":[{"name":"wp","href":"https:\/\/api.w.org\/{rel}","templated":true}]}}