{"id":3424,"date":"2025-08-19T09:11:06","date_gmt":"2025-08-19T07:11:06","guid":{"rendered":"https:\/\/rosanacl.com\/?post_type=product&#038;p=3424"},"modified":"2026-01-08T03:06:28","modified_gmt":"2026-01-08T02:06:28","slug":"braga-selene-katia","status":"publish","type":"product","link":"https:\/\/rosanacl.com\/is\/product\/braga-selene-katia\/","title":{"rendered":"Braga Selene Katia"},"content":{"rendered":"<p>Braga Selene Katia: una braga elegante y c\u00f3moda, pensada para realzar la silueta con un acabado fino y femenino.<br \/>\nSu tejido combina tul y detalle de fantas\u00eda en la parte delantera, aportando un toque sofisticado sin renunciar al confort del d\u00eda a d\u00eda.<\/p>\n<p>Sienta suave sobre la piel, se adapta bien al cuerpo y queda bonita bajo la ropa gracias a su ajuste limpio y favorecedor.<br \/>\nEs una prenda ideal si buscas una braga que estilice, se note ligera y te haga sentir \u00abarreglada\u00bb con un conjunto sencillo pero con presencia.<\/p>\n<p>Sm\u00e1atri\u00f0in sem skipta m\u00e1li<\/p>\n<ul>\n<li>Efni me\u00f0 tyll og skrautlegri framhli\u00f0: gl\u00e6silegra og f\u00e1ga\u00f0ra \u00fatlit.<\/li>\n<li>\u00de\u00e6gileg passa: hreyfist me\u00f0 \u00fe\u00e9r \u00e1n \u00feess a\u00f0 vera takmarkandi.<\/li>\n<li>Flattrandi \u00e1fer\u00f0: gerir fl\u00edkina fallega og vel sni\u00f0na.<\/li>\n<li>\u00deetta passar fullkomlega vi\u00f0 brj\u00f3stahaldarann fr\u00e1 Selene, Katia og Roxana, fyrir samr\u00e6mdan sett.<\/li>\n<\/ul>\n<p>\ud83d\udde3\ufe0f R\u00e1\u00f0: \u00dea\u00f0 sem gerir Katiu s\u00e9rstaka er \u00e1reynslulaust \u00abupp\u00e1kl\u00e6dda\u00bb tilfinningin: h\u00fan er l\u00e9tt, mj\u00fak og hefur \u00feennan f\u00ednlega snertingu a\u00f0 framan sem lyftir \u00fatlitinu \u00e1n \u00feess a\u00f0 vera yfir\u00feyrmandi. Tilvali\u00f0 ef \u00fe\u00fa vilt a\u00f0 n\u00e6rbuxurnar \u00fe\u00ednar s\u00e9u \u00fe\u00e6gilegar ... en me\u00f0 sm\u00e1 st\u00edl.<\/p>\n<p>\ud83d\udccf Athugi\u00f0: \u00c1\u00f0ur en \u00fe\u00fa kaupir skaltu velja st\u00e6r\u00f0 og hafa \u00ed huga hvernig \u00fe\u00fa vilt a\u00f0 h\u00fan l\u00edti \u00fat undir f\u00f6tunum \u00fe\u00ednum: ef \u00fe\u00fa ert a\u00f0 leita a\u00f0 hreinni og n\u00e6rf\u00e6rnari \u00e1fer\u00f0 (\u00e1n \u00feess a\u00f0 sj\u00e1st) og ert \u00e1 milli st\u00e6r\u00f0a skaltu st\u00e6kka um eina st\u00e6r\u00f0; ef \u00fe\u00fa vilt a\u00f0 h\u00fan s\u00e9 \u00fe\u00e9ttari og a\u00f0sni\u00f0nari skaltu halda \u00feig vi\u00f0 venjulega st\u00e6r\u00f0ina.<\/p>\n<p>Efni: 83% p\u00f3l\u00fdam\u00ed\u00f0, 17% elastan. N\u00e1nara sv\u00e6\u00f0i styrkt me\u00f0 b\u00f3mull fyrir meiri \u00fe\u00e6gindi og hreinl\u00e6ti.<\/p>\n<p>\ud83e\udee6 Sens\u00faumesta snerting settsins: mj\u00fak, gl\u00e6sileg ... og h\u00e6ttulega falleg.<\/p>","protected":false},"excerpt":{"rendered":"<p>Braga Selene Katia: una braga elegante y c\u00f3moda, pensada para realzar la silueta con un acabado fino y femenino. Su tejido combina tul y detalle de fantas\u00eda en la parte delantera, aportando un toque sofisticado sin renunciar al confort del d\u00eda a d\u00eda. Sienta suave sobre la piel, se adapta bien al cuerpo y queda [&hellip;]<\/p>\n","protected":false},"featured_media":3441,"comment_status":"closed","ping_status":"closed","template":"","meta":{"content-type":""},"product_brand":[55],"product_cat":[19],"product_tag":[69],"class_list":{"0":"post-3424","1":"product","2":"type-product","3":"status-publish","4":"has-post-thumbnail","6":"product_brand-selene","7":"product_cat-braga","8":"product_tag-braga","10":"first","11":"instock","12":"taxable","13":"shipping-taxable","14":"purchasable","15":"product-type-variable"},"supplier_id":null,"supplier_sku":"","barcode":null,"atum_controlled":true,"out_stock_date":null,"out_stock_threshold":null,"inheritable":true,"inbound_stock":0,"stock_on_hold":0,"sold_today":null,"sales_last_days":null,"reserved_stock":0,"customer_returns":0,"warehouse_damage":0,"lost_in_post":0,"other_logs":0,"out_stock_days":null,"lost_sales":null,"has_location":false,"update_date":"2026-01-08T02:06:30","atum_locations":[],"atum_stock_status":"instock","restock_status":false,"low_stock_amount":"","sales_update_date":"2025-10-03T04:55:33","calc_backorders":null,"yoast_head":"<!-- This site is optimized with the Yoast SEO plugin v27.4 - https:\/\/yoast.com\/product\/yoast-seo-wordpress\/ -->\n<title>Braga Selene Katia - Rosana CL<\/title>\n<meta name=\"robots\" content=\"index, follow, max-snippet:-1, max-image-preview:large, max-video-preview:-1\" \/>\n<link rel=\"canonical\" href=\"https:\/\/rosanacl.com\/is\/product\/braga-selene-katia\/\" \/>\n<meta property=\"og:locale\" content=\"is_IS\" \/>\n<meta property=\"og:type\" content=\"article\" \/>\n<meta property=\"og:title\" content=\"Braga Selene Katia - Rosana CL\" \/>\n<meta property=\"og:description\" content=\"Braga Selene Katia: una braga elegante y c\u00f3moda, pensada para realzar la silueta con un acabado fino y femenino. Su tejido combina tul y detalle de fantas\u00eda en la parte delantera, aportando un toque sofisticado sin renunciar al confort del d\u00eda a d\u00eda. Sienta suave sobre la piel, se adapta bien al cuerpo y queda [&hellip;]\" \/>\n<meta property=\"og:url\" content=\"https:\/\/rosanacl.com\/is\/product\/braga-selene-katia\/\" \/>\n<meta property=\"og:site_name\" content=\"Rosana CL\" \/>\n<meta property=\"article:modified_time\" content=\"2026-01-08T02:06:28+00:00\" \/>\n<meta property=\"og:image\" content=\"https:\/\/rosanacl.com\/wp-content\/uploads\/2025\/08\/1-6-1024x1024.png\" \/>\n\t<meta property=\"og:image:width\" content=\"1024\" \/>\n\t<meta property=\"og:image:height\" content=\"1024\" \/>\n\t<meta property=\"og:image:type\" content=\"image\/png\" \/>\n<meta name=\"twitter:card\" content=\"summary_large_image\" \/>\n<meta name=\"twitter:label1\" content=\"Est. reading time\" \/>\n\t<meta name=\"twitter:data1\" content=\"2 minutes\" \/>\n<script type=\"application\/ld+json\" class=\"yoast-schema-graph\">{\"@context\":\"https:\\\/\\\/schema.org\",\"@graph\":[{\"@type\":\"WebPage\",\"@id\":\"https:\\\/\\\/rosanacl.com\\\/producto\\\/braga-selene-katia\\\/\",\"url\":\"https:\\\/\\\/rosanacl.com\\\/producto\\\/braga-selene-katia\\\/\",\"name\":\"Braga Selene Katia - Rosana CL\",\"isPartOf\":{\"@id\":\"https:\\\/\\\/rosanacl.com\\\/ca\\\/#website\"},\"primaryImageOfPage\":{\"@id\":\"https:\\\/\\\/rosanacl.com\\\/producto\\\/braga-selene-katia\\\/#primaryimage\"},\"image\":{\"@id\":\"https:\\\/\\\/rosanacl.com\\\/producto\\\/braga-selene-katia\\\/#primaryimage\"},\"thumbnailUrl\":\"https:\\\/\\\/rosanacl.com\\\/wp-content\\\/uploads\\\/2025\\\/08\\\/1-6.png\",\"datePublished\":\"2025-08-19T07:11:06+00:00\",\"dateModified\":\"2026-01-08T02:06:28+00:00\",\"breadcrumb\":{\"@id\":\"https:\\\/\\\/rosanacl.com\\\/producto\\\/braga-selene-katia\\\/#breadcrumb\"},\"inLanguage\":\"is\",\"potentialAction\":[{\"@type\":\"ReadAction\",\"target\":[\"https:\\\/\\\/rosanacl.com\\\/producto\\\/braga-selene-katia\\\/\"]}]},{\"@type\":\"ImageObject\",\"inLanguage\":\"is\",\"@id\":\"https:\\\/\\\/rosanacl.com\\\/producto\\\/braga-selene-katia\\\/#primaryimage\",\"url\":\"https:\\\/\\\/rosanacl.com\\\/wp-content\\\/uploads\\\/2025\\\/08\\\/1-6.png\",\"contentUrl\":\"https:\\\/\\\/rosanacl.com\\\/wp-content\\\/uploads\\\/2025\\\/08\\\/1-6.png\",\"width\":1333,\"height\":1333},{\"@type\":\"BreadcrumbList\",\"@id\":\"https:\\\/\\\/rosanacl.com\\\/producto\\\/braga-selene-katia\\\/#breadcrumb\",\"itemListElement\":[{\"@type\":\"ListItem\",\"position\":1,\"name\":\"Portada\",\"item\":\"https:\\\/\\\/rosanacl.com\\\/ca\\\/\"},{\"@type\":\"ListItem\",\"position\":2,\"name\":\"Tienda\",\"item\":\"https:\\\/\\\/rosanacl.com\\\/ca\\\/tienda\\\/\"},{\"@type\":\"ListItem\",\"position\":3,\"name\":\"Braga Selene Katia\"}]},{\"@type\":\"WebSite\",\"@id\":\"https:\\\/\\\/rosanacl.com\\\/ca\\\/#website\",\"url\":\"https:\\\/\\\/rosanacl.com\\\/ca\\\/\",\"name\":\"Rosana CL\",\"description\":\"Somos tu interior\",\"potentialAction\":[{\"@type\":\"SearchAction\",\"target\":{\"@type\":\"EntryPoint\",\"urlTemplate\":\"https:\\\/\\\/rosanacl.com\\\/ca\\\/?s={search_term_string}\"},\"query-input\":{\"@type\":\"PropertyValueSpecification\",\"valueRequired\":true,\"valueName\":\"search_term_string\"}}],\"inLanguage\":\"is\"}]}<\/script>\n<!-- \/ Yoast SEO plugin. -->","yoast_head_json":{"title":"Braga Selene Katia - Rosana CL","robots":{"index":"index","follow":"follow","max-snippet":"max-snippet:-1","max-image-preview":"max-image-preview:large","max-video-preview":"max-video-preview:-1"},"canonical":"https:\/\/rosanacl.com\/is\/product\/braga-selene-katia\/","og_locale":"is_IS","og_type":"article","og_title":"Braga Selene Katia - Rosana CL","og_description":"Braga Selene Katia: una braga elegante y c\u00f3moda, pensada para realzar la silueta con un acabado fino y femenino. Su tejido combina tul y detalle de fantas\u00eda en la parte delantera, aportando un toque sofisticado sin renunciar al confort del d\u00eda a d\u00eda. Sienta suave sobre la piel, se adapta bien al cuerpo y queda [&hellip;]","og_url":"https:\/\/rosanacl.com\/is\/product\/braga-selene-katia\/","og_site_name":"Rosana CL","article_modified_time":"2026-01-08T02:06:28+00:00","og_image":[{"width":1024,"height":1024,"url":"https:\/\/rosanacl.com\/wp-content\/uploads\/2025\/08\/1-6-1024x1024.png","type":"image\/png"}],"twitter_card":"summary_large_image","twitter_misc":{"Est. reading time":"2 minutes"},"schema":{"@context":"https:\/\/schema.org","@graph":[{"@type":"WebPage","@id":"https:\/\/rosanacl.com\/producto\/braga-selene-katia\/","url":"https:\/\/rosanacl.com\/producto\/braga-selene-katia\/","name":"Braga Selene Katia - Rosana CL","isPartOf":{"@id":"https:\/\/rosanacl.com\/ca\/#website"},"primaryImageOfPage":{"@id":"https:\/\/rosanacl.com\/producto\/braga-selene-katia\/#primaryimage"},"image":{"@id":"https:\/\/rosanacl.com\/producto\/braga-selene-katia\/#primaryimage"},"thumbnailUrl":"https:\/\/rosanacl.com\/wp-content\/uploads\/2025\/08\/1-6.png","datePublished":"2025-08-19T07:11:06+00:00","dateModified":"2026-01-08T02:06:28+00:00","breadcrumb":{"@id":"https:\/\/rosanacl.com\/producto\/braga-selene-katia\/#breadcrumb"},"inLanguage":"is","potentialAction":[{"@type":"ReadAction","target":["https:\/\/rosanacl.com\/producto\/braga-selene-katia\/"]}]},{"@type":"ImageObject","inLanguage":"is","@id":"https:\/\/rosanacl.com\/producto\/braga-selene-katia\/#primaryimage","url":"https:\/\/rosanacl.com\/wp-content\/uploads\/2025\/08\/1-6.png","contentUrl":"https:\/\/rosanacl.com\/wp-content\/uploads\/2025\/08\/1-6.png","width":1333,"height":1333},{"@type":"BreadcrumbList","@id":"https:\/\/rosanacl.com\/producto\/braga-selene-katia\/#breadcrumb","itemListElement":[{"@type":"ListItem","position":1,"name":"Portada","item":"https:\/\/rosanacl.com\/ca\/"},{"@type":"ListItem","position":2,"name":"Tienda","item":"https:\/\/rosanacl.com\/ca\/tienda\/"},{"@type":"ListItem","position":3,"name":"Braga Selene Katia"}]},{"@type":"WebSite","@id":"https:\/\/rosanacl.com\/ca\/#website","url":"https:\/\/rosanacl.com\/ca\/","name":"Rosana CL","description":"Vi\u00f0 erum innra sj\u00e1lf \u00feitt","potentialAction":[{"@type":"SearchAction","target":{"@type":"EntryPoint","urlTemplate":"https:\/\/rosanacl.com\/ca\/?s={search_term_string}"},"query-input":{"@type":"PropertyValueSpecification","valueRequired":true,"valueName":"search_term_string"}}],"inLanguage":"is"}]}},"_links":{"self":[{"href":"https:\/\/rosanacl.com\/is\/wp-json\/wp\/v2\/product\/3424","targetHints":{"allow":["GET"]}}],"collection":[{"href":"https:\/\/rosanacl.com\/is\/wp-json\/wp\/v2\/product"}],"about":[{"href":"https:\/\/rosanacl.com\/is\/wp-json\/wp\/v2\/types\/product"}],"replies":[{"embeddable":true,"href":"https:\/\/rosanacl.com\/is\/wp-json\/wp\/v2\/comments?post=3424"}],"version-history":[{"count":5,"href":"https:\/\/rosanacl.com\/is\/wp-json\/wp\/v2\/product\/3424\/revisions"}],"predecessor-version":[{"id":4633,"href":"https:\/\/rosanacl.com\/is\/wp-json\/wp\/v2\/product\/3424\/revisions\/4633"}],"wp:featuredmedia":[{"embeddable":true,"href":"https:\/\/rosanacl.com\/is\/wp-json\/wp\/v2\/media\/3441"}],"wp:attachment":[{"href":"https:\/\/rosanacl.com\/is\/wp-json\/wp\/v2\/media?parent=3424"}],"wp:term":[{"taxonomy":"product_brand","embeddable":true,"href":"https:\/\/rosanacl.com\/is\/wp-json\/wp\/v2\/product_brand?post=3424"},{"taxonomy":"product_cat","embeddable":true,"href":"https:\/\/rosanacl.com\/is\/wp-json\/wp\/v2\/product_cat?post=3424"},{"taxonomy":"product_tag","embeddable":true,"href":"https:\/\/rosanacl.com\/is\/wp-json\/wp\/v2\/product_tag?post=3424"}],"curies":[{"name":"wp","href":"https:\/\/api.w.org\/{rel}","templated":true}]}}