{"id":3446,"date":"2025-08-19T09:18:31","date_gmt":"2025-08-19T07:18:31","guid":{"rendered":"https:\/\/rosanacl.com\/?post_type=product&#038;p=3446"},"modified":"2026-01-08T03:07:48","modified_gmt":"2026-01-08T02:07:48","slug":"braga-selene-roxana","status":"publish","type":"product","link":"https:\/\/rosanacl.com\/is\/product\/braga-selene-roxana\/","title":{"rendered":"Braga Selene Roxana"},"content":{"rendered":"<p>Selene Roxana n\u00e6rbuxurnar eru h\u00e1ar mittisn\u00e6rbuxur hanna\u00f0ar til a\u00f0 m\u00fdkja magann \u00e1 \u00fe\u00e6gilegan og gl\u00e6silegan h\u00e1tt. Samsetningin af tyll og skrauti a\u00f0 framan gefur \u00feeim f\u00ednlegt og kvenlegt yfirbrag\u00f0, fullkomnar til a\u00f0 veita stu\u00f0ning \u00e1n \u00feess a\u00f0 f\u00f3rna m\u00fdkt.<\/p>\n<p>\u00deetta er fullkomi\u00f0 ef \u00fe\u00fa ert a\u00f0 leita a\u00f0 n\u00e6rbuxum sem safnast saman, m\u00fdkjast og fylgja \u00fe\u00e9r \u00e1 hverjum degi, me\u00f0 fallegri h\u00f6nnun sem \u00fe\u00fa munt taka eftir \u00feegar \u00fe\u00fa kl\u00e6\u00f0ist \u00feeim.<\/p>\n<p>\u00dea\u00f0 sem \u00fe\u00e9r mun l\u00edka<\/p>\n<ul>\n<li>H\u00e1 mittisl\u00edna: hj\u00e1lpar til vi\u00f0 a\u00f0 gera fl\u00edkina sj\u00f3nr\u00e6nt sl\u00e9tta og heldur henni vel sni\u00f0inni.<\/li>\n<li>M\u00fdkri \u00e1hrif \u00e1 magann: helst \u00fe\u00e6gilega \u00e1n \u00feess a\u00f0 vera \u00abhar\u00f0ur\u00bb.<\/li>\n<li>Tyll + framhli\u00f0: gl\u00e6sileg sm\u00e1atri\u00f0i sem lyftir \u00fatlitinu \u00e1n \u00feess a\u00f0 vera yfir\u00feyrmandi.<\/li>\n<li>\u00de\u00e6gilegt efni til daglegrar notkunar: \u00fea\u00f0 a\u00f0lagast l\u00edkamanum og hreyfist me\u00f0 \u00fe\u00e9r.<\/li>\n<li>R\u00e1\u00f0lagt sett: sameina \u00fea\u00f0 vi\u00f0 Selene Roxana brj\u00f3stahaldarann og Selene Katia brj\u00f3stahaldarann fyrir fullkomi\u00f0 sett.<\/li>\n<\/ul>\n<p>\ud83d\udde3\ufe0f R\u00e1\u00f0: Roxana er hanna\u00f0 til a\u00f0 veita \u00fe\u00e9r \u00abg\u00f3\u00f0a stj\u00f3rn\u00bb: \u00feegar \u00fe\u00fa setur \u00fea\u00f0 \u00e1 \u00feig \u00e6tti \u00fea\u00f0 a\u00f0 vera fast en samt \u00fe\u00e6gilegt, eins og n\u00e6rbuxur sem lyfta og sl\u00e9tta magann \u00e1n \u00feess a\u00f0 grafa sig inn e\u00f0a l\u00e1ta \u00fe\u00e9r l\u00ed\u00f0a eins og \u00fe\u00fa s\u00e9rt \u00ed brynju. Ef \u00fe\u00fa tekur eftir a\u00f0 \u00fea\u00f0 hreyfist me\u00f0 \u00fe\u00e9r (og kreistir ekki) \u00feegar \u00fe\u00fa gengur og situr, \u00fe\u00e1 er \u00feetta r\u00e9tta tilfinningin fyrir \u00feessa st\u00edl.<\/p>\n<p>\ud83d\udccf Athugi\u00f0: Haf\u00f0u \u00feetta \u00ed huga \u00e1\u00f0ur en \u00fe\u00fa kaupir: \u00fear sem \u00feetta eru n\u00e6rbuxur me\u00f0 h\u00e1u mitti, ef \u00fe\u00fa ert \u00e1 milli st\u00e6r\u00f0a e\u00f0a vilt frekar \u00abm\u00fdkri\u00bb sni\u00f0, er yfirleitt betra a\u00f0 velja st\u00e6rri st\u00e6r\u00f0ina svo a\u00f0 mittisbandi\u00f0 sitji flatt og sl\u00e9tt (\u00e1n \u00feess a\u00f0 skilja eftir merki) og \u00fe\u00fa vi\u00f0haldir \u00fe\u00e6gilegri tilfinningu allan daginn.<\/p>\n<p>Composici\u00f3n: 83% poliamida, 17% elastano.<br \/>\n(Refuerzo interior en la zona \u00edntima: algod\u00f3n, en la mayor\u00eda de modelos.)<\/p>\n<p>\ud83d\udc57 Sm\u00e1atri\u00f0in sem skipta m\u00e1li: falleg, gl\u00e6sileg og \u00fe\u00e6gileg stj\u00f3rn ... allan daginn.<\/p>\n<div id=\"v1ms-outlook-mobile-body-separator-line\" dir=\"auto\"><\/div>","protected":false},"excerpt":{"rendered":"<p>La Braga Selene Roxana es una braga alta de control pensada para estilizar la zona del vientre con comodidad y un acabado elegante. Su combinaci\u00f3n de tul y detalle de fantas\u00eda en la parte delantera aporta un toque fino y femenino, ideal para sentirte sujeta sin renunciar a la suavidad. Es perfecta si buscas una [&hellip;]<\/p>\n","protected":false},"featured_media":3471,"comment_status":"closed","ping_status":"closed","template":"","meta":{"content-type":""},"product_brand":[55],"product_cat":[19],"product_tag":[69],"class_list":{"0":"post-3446","1":"product","2":"type-product","3":"status-publish","4":"has-post-thumbnail","6":"product_brand-selene","7":"product_cat-braga","8":"product_tag-braga","10":"first","11":"instock","12":"taxable","13":"shipping-taxable","14":"purchasable","15":"product-type-variable"},"supplier_id":null,"supplier_sku":"","barcode":null,"atum_controlled":true,"out_stock_date":null,"out_stock_threshold":null,"inheritable":true,"inbound_stock":0,"stock_on_hold":0,"sold_today":null,"sales_last_days":null,"reserved_stock":0,"customer_returns":0,"warehouse_damage":0,"lost_in_post":0,"other_logs":0,"out_stock_days":null,"lost_sales":null,"has_location":false,"update_date":"2026-01-08T02:07:49","atum_locations":[],"atum_stock_status":"instock","restock_status":false,"low_stock_amount":"","sales_update_date":"2025-10-03T04:55:32","calc_backorders":null,"yoast_head":"<!-- This site is optimized with the Yoast SEO plugin v27.4 - https:\/\/yoast.com\/product\/yoast-seo-wordpress\/ -->\n<title>Braga Selene Roxana - Rosana CL<\/title>\n<meta name=\"robots\" content=\"index, follow, max-snippet:-1, max-image-preview:large, max-video-preview:-1\" \/>\n<link rel=\"canonical\" href=\"https:\/\/rosanacl.com\/is\/product\/braga-selene-roxana\/\" \/>\n<meta property=\"og:locale\" content=\"is_IS\" \/>\n<meta property=\"og:type\" content=\"article\" \/>\n<meta property=\"og:title\" content=\"Braga Selene Roxana - Rosana CL\" \/>\n<meta property=\"og:description\" content=\"La Braga Selene Roxana es una braga alta de control pensada para estilizar la zona del vientre con comodidad y un acabado elegante. Su combinaci\u00f3n de tul y detalle de fantas\u00eda en la parte delantera aporta un toque fino y femenino, ideal para sentirte sujeta sin renunciar a la suavidad. Es perfecta si buscas una [&hellip;]\" \/>\n<meta property=\"og:url\" content=\"https:\/\/rosanacl.com\/is\/product\/braga-selene-roxana\/\" \/>\n<meta property=\"og:site_name\" content=\"Rosana CL\" \/>\n<meta property=\"article:modified_time\" content=\"2026-01-08T02:07:48+00:00\" \/>\n<meta property=\"og:image\" content=\"https:\/\/rosanacl.com\/wp-content\/uploads\/2025\/08\/1-7-1024x1024.png\" \/>\n\t<meta property=\"og:image:width\" content=\"1024\" \/>\n\t<meta property=\"og:image:height\" content=\"1024\" \/>\n\t<meta property=\"og:image:type\" content=\"image\/png\" \/>\n<meta name=\"twitter:card\" content=\"summary_large_image\" \/>\n<meta name=\"twitter:label1\" content=\"Est. reading time\" \/>\n\t<meta name=\"twitter:data1\" content=\"2 minutes\" \/>\n<script type=\"application\/ld+json\" class=\"yoast-schema-graph\">{\"@context\":\"https:\\\/\\\/schema.org\",\"@graph\":[{\"@type\":\"WebPage\",\"@id\":\"https:\\\/\\\/rosanacl.com\\\/producto\\\/braga-selene-roxana\\\/\",\"url\":\"https:\\\/\\\/rosanacl.com\\\/producto\\\/braga-selene-roxana\\\/\",\"name\":\"Braga Selene Roxana - Rosana CL\",\"isPartOf\":{\"@id\":\"https:\\\/\\\/rosanacl.com\\\/ca\\\/#website\"},\"primaryImageOfPage\":{\"@id\":\"https:\\\/\\\/rosanacl.com\\\/producto\\\/braga-selene-roxana\\\/#primaryimage\"},\"image\":{\"@id\":\"https:\\\/\\\/rosanacl.com\\\/producto\\\/braga-selene-roxana\\\/#primaryimage\"},\"thumbnailUrl\":\"https:\\\/\\\/rosanacl.com\\\/wp-content\\\/uploads\\\/2025\\\/08\\\/1-7.png\",\"datePublished\":\"2025-08-19T07:18:31+00:00\",\"dateModified\":\"2026-01-08T02:07:48+00:00\",\"breadcrumb\":{\"@id\":\"https:\\\/\\\/rosanacl.com\\\/producto\\\/braga-selene-roxana\\\/#breadcrumb\"},\"inLanguage\":\"is\",\"potentialAction\":[{\"@type\":\"ReadAction\",\"target\":[\"https:\\\/\\\/rosanacl.com\\\/producto\\\/braga-selene-roxana\\\/\"]}]},{\"@type\":\"ImageObject\",\"inLanguage\":\"is\",\"@id\":\"https:\\\/\\\/rosanacl.com\\\/producto\\\/braga-selene-roxana\\\/#primaryimage\",\"url\":\"https:\\\/\\\/rosanacl.com\\\/wp-content\\\/uploads\\\/2025\\\/08\\\/1-7.png\",\"contentUrl\":\"https:\\\/\\\/rosanacl.com\\\/wp-content\\\/uploads\\\/2025\\\/08\\\/1-7.png\",\"width\":1333,\"height\":1333},{\"@type\":\"BreadcrumbList\",\"@id\":\"https:\\\/\\\/rosanacl.com\\\/producto\\\/braga-selene-roxana\\\/#breadcrumb\",\"itemListElement\":[{\"@type\":\"ListItem\",\"position\":1,\"name\":\"Portada\",\"item\":\"https:\\\/\\\/rosanacl.com\\\/ca\\\/\"},{\"@type\":\"ListItem\",\"position\":2,\"name\":\"Tienda\",\"item\":\"https:\\\/\\\/rosanacl.com\\\/ca\\\/tienda\\\/\"},{\"@type\":\"ListItem\",\"position\":3,\"name\":\"Braga Selene Roxana\"}]},{\"@type\":\"WebSite\",\"@id\":\"https:\\\/\\\/rosanacl.com\\\/ca\\\/#website\",\"url\":\"https:\\\/\\\/rosanacl.com\\\/ca\\\/\",\"name\":\"Rosana CL\",\"description\":\"Somos tu interior\",\"potentialAction\":[{\"@type\":\"SearchAction\",\"target\":{\"@type\":\"EntryPoint\",\"urlTemplate\":\"https:\\\/\\\/rosanacl.com\\\/ca\\\/?s={search_term_string}\"},\"query-input\":{\"@type\":\"PropertyValueSpecification\",\"valueRequired\":true,\"valueName\":\"search_term_string\"}}],\"inLanguage\":\"is\"}]}<\/script>\n<!-- \/ Yoast SEO plugin. -->","yoast_head_json":{"title":"Braga Selene Roxana - Rosana CL","robots":{"index":"index","follow":"follow","max-snippet":"max-snippet:-1","max-image-preview":"max-image-preview:large","max-video-preview":"max-video-preview:-1"},"canonical":"https:\/\/rosanacl.com\/is\/product\/braga-selene-roxana\/","og_locale":"is_IS","og_type":"article","og_title":"Braga Selene Roxana - Rosana CL","og_description":"La Braga Selene Roxana es una braga alta de control pensada para estilizar la zona del vientre con comodidad y un acabado elegante. Su combinaci\u00f3n de tul y detalle de fantas\u00eda en la parte delantera aporta un toque fino y femenino, ideal para sentirte sujeta sin renunciar a la suavidad. Es perfecta si buscas una [&hellip;]","og_url":"https:\/\/rosanacl.com\/is\/product\/braga-selene-roxana\/","og_site_name":"Rosana CL","article_modified_time":"2026-01-08T02:07:48+00:00","og_image":[{"width":1024,"height":1024,"url":"https:\/\/rosanacl.com\/wp-content\/uploads\/2025\/08\/1-7-1024x1024.png","type":"image\/png"}],"twitter_card":"summary_large_image","twitter_misc":{"Est. reading time":"2 minutes"},"schema":{"@context":"https:\/\/schema.org","@graph":[{"@type":"WebPage","@id":"https:\/\/rosanacl.com\/producto\/braga-selene-roxana\/","url":"https:\/\/rosanacl.com\/producto\/braga-selene-roxana\/","name":"Braga Selene Roxana - Rosana CL","isPartOf":{"@id":"https:\/\/rosanacl.com\/ca\/#website"},"primaryImageOfPage":{"@id":"https:\/\/rosanacl.com\/producto\/braga-selene-roxana\/#primaryimage"},"image":{"@id":"https:\/\/rosanacl.com\/producto\/braga-selene-roxana\/#primaryimage"},"thumbnailUrl":"https:\/\/rosanacl.com\/wp-content\/uploads\/2025\/08\/1-7.png","datePublished":"2025-08-19T07:18:31+00:00","dateModified":"2026-01-08T02:07:48+00:00","breadcrumb":{"@id":"https:\/\/rosanacl.com\/producto\/braga-selene-roxana\/#breadcrumb"},"inLanguage":"is","potentialAction":[{"@type":"ReadAction","target":["https:\/\/rosanacl.com\/producto\/braga-selene-roxana\/"]}]},{"@type":"ImageObject","inLanguage":"is","@id":"https:\/\/rosanacl.com\/producto\/braga-selene-roxana\/#primaryimage","url":"https:\/\/rosanacl.com\/wp-content\/uploads\/2025\/08\/1-7.png","contentUrl":"https:\/\/rosanacl.com\/wp-content\/uploads\/2025\/08\/1-7.png","width":1333,"height":1333},{"@type":"BreadcrumbList","@id":"https:\/\/rosanacl.com\/producto\/braga-selene-roxana\/#breadcrumb","itemListElement":[{"@type":"ListItem","position":1,"name":"Portada","item":"https:\/\/rosanacl.com\/ca\/"},{"@type":"ListItem","position":2,"name":"Tienda","item":"https:\/\/rosanacl.com\/ca\/tienda\/"},{"@type":"ListItem","position":3,"name":"Braga Selene Roxana"}]},{"@type":"WebSite","@id":"https:\/\/rosanacl.com\/ca\/#website","url":"https:\/\/rosanacl.com\/ca\/","name":"Rosana CL","description":"Vi\u00f0 erum innra sj\u00e1lf \u00feitt","potentialAction":[{"@type":"SearchAction","target":{"@type":"EntryPoint","urlTemplate":"https:\/\/rosanacl.com\/ca\/?s={search_term_string}"},"query-input":{"@type":"PropertyValueSpecification","valueRequired":true,"valueName":"search_term_string"}}],"inLanguage":"is"}]}},"_links":{"self":[{"href":"https:\/\/rosanacl.com\/is\/wp-json\/wp\/v2\/product\/3446","targetHints":{"allow":["GET"]}}],"collection":[{"href":"https:\/\/rosanacl.com\/is\/wp-json\/wp\/v2\/product"}],"about":[{"href":"https:\/\/rosanacl.com\/is\/wp-json\/wp\/v2\/types\/product"}],"replies":[{"embeddable":true,"href":"https:\/\/rosanacl.com\/is\/wp-json\/wp\/v2\/comments?post=3446"}],"version-history":[{"count":5,"href":"https:\/\/rosanacl.com\/is\/wp-json\/wp\/v2\/product\/3446\/revisions"}],"predecessor-version":[{"id":4634,"href":"https:\/\/rosanacl.com\/is\/wp-json\/wp\/v2\/product\/3446\/revisions\/4634"}],"wp:featuredmedia":[{"embeddable":true,"href":"https:\/\/rosanacl.com\/is\/wp-json\/wp\/v2\/media\/3471"}],"wp:attachment":[{"href":"https:\/\/rosanacl.com\/is\/wp-json\/wp\/v2\/media?parent=3446"}],"wp:term":[{"taxonomy":"product_brand","embeddable":true,"href":"https:\/\/rosanacl.com\/is\/wp-json\/wp\/v2\/product_brand?post=3446"},{"taxonomy":"product_cat","embeddable":true,"href":"https:\/\/rosanacl.com\/is\/wp-json\/wp\/v2\/product_cat?post=3446"},{"taxonomy":"product_tag","embeddable":true,"href":"https:\/\/rosanacl.com\/is\/wp-json\/wp\/v2\/product_tag?post=3446"}],"curies":[{"name":"wp","href":"https:\/\/api.w.org\/{rel}","templated":true}]}}