{"id":3498,"date":"2025-08-19T09:36:13","date_gmt":"2025-08-19T07:36:13","guid":{"rendered":"https:\/\/rosanacl.com\/?post_type=product&#038;p=3498"},"modified":"2026-04-15T15:03:39","modified_gmt":"2026-04-15T13:03:39","slug":"braga-selene-3123","status":"publish","type":"product","link":"https:\/\/rosanacl.com\/is\/product\/braga-selene-3123\/","title":{"rendered":"Braga Selene 3123"},"content":{"rendered":"<p>Selene 3123 n\u00e6rbuxur fr\u00e1 Creaciones Selene: N\u00e6rbuxur me\u00f0 h\u00e1u mitti sem eru hanna\u00f0ar til a\u00f0 pr\u00fd\u00f0a l\u00edkamsbygginguna me\u00f0 \u00fe\u00e6gilegri passform og gl\u00e6silegri \u00e1fer\u00f0. Framan \u00e1 er efni me\u00f0 f\u00ednlegu upphleyptu mynstri en baki\u00f0 er mj\u00fakt og sl\u00e9tt fyrir \u00f3a\u00f0finnanlega passform.<\/p>\n<p>Hanna\u00f0 til a\u00f0 fylgja \u00fe\u00e9r \u00e1 hverjum degi \u00e1n \u00feess a\u00f0 f\u00f3rna \u00abg\u00f3\u00f0ri\u00bb tilfinningu: H\u00e1 sni\u00f0i\u00f0 lyftir mj\u00faklega, veitir \u00f6ryggi og skapar flatterandi sni\u00f0 undir f\u00f6tum. \u00deetta eru kj\u00f6rn\u00e6rbuxurnar ef \u00fe\u00fa ert a\u00f0 leita a\u00f0 raunverulegum \u00fe\u00e6gindum, g\u00f3\u00f0um stu\u00f0ningi og gl\u00e6silegu \u00fatliti, hvort sem er til daglegs notkunar e\u00f0a vi\u00f0 s\u00e9rst\u00f6k t\u00e6kif\u00e6ri.<\/p>\n<p>Sm\u00e1atri\u00f0i sem \u00fe\u00fa munt elska<\/p>\n<ul>\n<li>Flattrandi n\u00e6rbuxur me\u00f0 h\u00e1u mitti: hj\u00e1lpa til vi\u00f0 a\u00f0 grennast sj\u00f3nr\u00e6nt og l\u00edta vel \u00fat.<\/li>\n<li>Framhli\u00f0 me\u00f0 prentu\u00f0u efni: gefur gl\u00e6silegan og \u00f6\u00f0ruv\u00edsi bl\u00e6.<\/li>\n<li>Mj\u00fakt og \u00fe\u00e6gilegt bak: mj\u00fakt vi\u00f0komu og \u00fe\u00e6gilegt \u00ed marga klukkut\u00edma.<\/li>\n<li>Hrein \u00e1fer\u00f0 undir f\u00f6tum: h\u00f6nnu\u00f0 til a\u00f0 l\u00edta fallega \u00fat og vera \u00fe\u00e6gileg.<\/li>\n<li>Tilvali\u00f0 til daglegrar notkunar: \u00fe\u00e6gilegur stu\u00f0ningur.<\/li>\n<\/ul>\n<p>\ud83d\udde3\ufe0f R\u00e1\u00f0: \u00deessar Selene 3123 n\u00e6rbuxur me\u00f0 h\u00e1u mitti eru hanna\u00f0ar til a\u00f0 veita \u00fe\u00e9r stu\u00f0ning og vera \u00abfalleg\u00bb \u00e1n \u00feess a\u00f0 vera of \u00fer\u00f6ngar: upphleypt framhli\u00f0 gefur sm\u00e1 gl\u00e6sileika og sl\u00e9tta bakhli\u00f0in tryggir mj\u00faka passform og snyrtilegra \u00fatlit undir f\u00f6tum.<\/p>\n<p>\ud83d\udccf Athugi\u00f0: Ef \u00fe\u00fa vilt frekar \u00fe\u00e6gilega og \u00fe\u00e9tta n\u00e6rbuxur (\u00e1n s\u00fdnilegra l\u00edna), veldu \u00fe\u00e1 st\u00e6r\u00f0 sem \u00fe\u00e9r finnst venjulega \u00fe\u00e6gilegust \u00ed n\u00e6rbuxum me\u00f0 h\u00e1u mitti. Ef \u00fe\u00fa ert \u00e1 milli tveggja st\u00e6r\u00f0a skaltu \u00edhuga hvernig \u00fe\u00fa vilt kl\u00e6\u00f0ast \u00feeim: meiri stu\u00f0ning (minni st\u00e6r\u00f0in) e\u00f0a l\u00e9ttari \u00e1fer\u00f0 (st\u00e6rri st\u00e6r\u00f0in).<\/p>\n<p>Sett: passar vi\u00f0 Selene Teresa og Mariv\u00ed brj\u00f3stahaldara.<\/p>\n<p>Samsetning: 85% p\u00f3l\u00fdam\u00ed\u00f0, 15% elastan.<\/p>\n<div id=\"v1ms-outlook-mobile-body-separator-line\" dir=\"auto\"><p>\ud83c\udf38 Vegna \u00feess a\u00f0 munurinn liggur \u00ed sm\u00e1atri\u00f0unum ... og \u00feessi sm\u00e1atri\u00f0i eru \u00e1berandi.<\/p>\n<\/div>","protected":false},"excerpt":{"rendered":"<p>Braga Selene 3123 de Creaciones Selene: braga alta pensada para estilizar la figura con un ajuste c\u00f3modo y un acabado elegante. La parte delantera destaca por su tejido estampado con relieve sutil, y la trasera mantiene un tacto liso y suave para que se adapte sin marcar. Dise\u00f1ada para acompa\u00f1arte en el d\u00eda a d\u00eda [&hellip;]<\/p>\n","protected":false},"featured_media":3524,"comment_status":"closed","ping_status":"closed","template":"","meta":{"content-type":""},"product_brand":[55],"product_cat":[19],"product_tag":[69],"class_list":{"0":"post-3498","1":"product","2":"type-product","3":"status-publish","4":"has-post-thumbnail","6":"product_brand-selene","7":"product_cat-braga","8":"product_tag-braga","10":"first","11":"instock","12":"taxable","13":"shipping-taxable","14":"purchasable","15":"product-type-variable"},"supplier_id":null,"supplier_sku":"","barcode":null,"atum_controlled":true,"out_stock_date":null,"out_stock_threshold":null,"inheritable":true,"inbound_stock":0,"stock_on_hold":1,"sold_today":1,"sales_last_days":1,"reserved_stock":0,"customer_returns":0,"warehouse_damage":0,"lost_in_post":0,"other_logs":0,"out_stock_days":null,"lost_sales":0,"has_location":false,"update_date":"2026-04-15T13:03:42","atum_locations":[],"atum_stock_status":"instock","restock_status":false,"low_stock_amount":"","sales_update_date":"2025-10-03T04:55:31","calc_backorders":null,"yoast_head":"<!-- This site is optimized with the Yoast SEO plugin v27.4 - https:\/\/yoast.com\/product\/yoast-seo-wordpress\/ -->\n<title>Braga Selene 3123 - Rosana CL<\/title>\n<meta name=\"robots\" content=\"index, follow, max-snippet:-1, max-image-preview:large, max-video-preview:-1\" \/>\n<link rel=\"canonical\" href=\"https:\/\/rosanacl.com\/is\/product\/braga-selene-3123\/\" \/>\n<meta property=\"og:locale\" content=\"is_IS\" \/>\n<meta property=\"og:type\" content=\"article\" \/>\n<meta property=\"og:title\" content=\"Braga Selene 3123 - Rosana CL\" \/>\n<meta property=\"og:description\" content=\"Braga Selene 3123 de Creaciones Selene: braga alta pensada para estilizar la figura con un ajuste c\u00f3modo y un acabado elegante. La parte delantera destaca por su tejido estampado con relieve sutil, y la trasera mantiene un tacto liso y suave para que se adapte sin marcar. Dise\u00f1ada para acompa\u00f1arte en el d\u00eda a d\u00eda [&hellip;]\" \/>\n<meta property=\"og:url\" content=\"https:\/\/rosanacl.com\/is\/product\/braga-selene-3123\/\" \/>\n<meta property=\"og:site_name\" content=\"Rosana CL\" \/>\n<meta property=\"article:modified_time\" content=\"2026-04-15T13:03:39+00:00\" \/>\n<meta property=\"og:image\" content=\"https:\/\/rosanacl.com\/wp-content\/uploads\/2025\/08\/1-9.png\" \/>\n\t<meta property=\"og:image:width\" content=\"1333\" \/>\n\t<meta property=\"og:image:height\" content=\"1333\" \/>\n\t<meta property=\"og:image:type\" content=\"image\/png\" \/>\n<meta name=\"twitter:card\" content=\"summary_large_image\" \/>\n<meta name=\"twitter:label1\" content=\"Est. reading time\" \/>\n\t<meta name=\"twitter:data1\" content=\"2 minutes\" \/>\n<script type=\"application\/ld+json\" class=\"yoast-schema-graph\">{\"@context\":\"https:\\\/\\\/schema.org\",\"@graph\":[{\"@type\":\"WebPage\",\"@id\":\"https:\\\/\\\/rosanacl.com\\\/producto\\\/braga-selene-3123\\\/\",\"url\":\"https:\\\/\\\/rosanacl.com\\\/producto\\\/braga-selene-3123\\\/\",\"name\":\"Braga Selene 3123 - Rosana CL\",\"isPartOf\":{\"@id\":\"https:\\\/\\\/rosanacl.com\\\/ca\\\/#website\"},\"primaryImageOfPage\":{\"@id\":\"https:\\\/\\\/rosanacl.com\\\/producto\\\/braga-selene-3123\\\/#primaryimage\"},\"image\":{\"@id\":\"https:\\\/\\\/rosanacl.com\\\/producto\\\/braga-selene-3123\\\/#primaryimage\"},\"thumbnailUrl\":\"https:\\\/\\\/rosanacl.com\\\/wp-content\\\/uploads\\\/2025\\\/08\\\/1-9.png\",\"datePublished\":\"2025-08-19T07:36:13+00:00\",\"dateModified\":\"2026-04-15T13:03:39+00:00\",\"breadcrumb\":{\"@id\":\"https:\\\/\\\/rosanacl.com\\\/producto\\\/braga-selene-3123\\\/#breadcrumb\"},\"inLanguage\":\"is\",\"potentialAction\":[{\"@type\":\"ReadAction\",\"target\":[\"https:\\\/\\\/rosanacl.com\\\/producto\\\/braga-selene-3123\\\/\"]}]},{\"@type\":\"ImageObject\",\"inLanguage\":\"is\",\"@id\":\"https:\\\/\\\/rosanacl.com\\\/producto\\\/braga-selene-3123\\\/#primaryimage\",\"url\":\"https:\\\/\\\/rosanacl.com\\\/wp-content\\\/uploads\\\/2025\\\/08\\\/1-9.png\",\"contentUrl\":\"https:\\\/\\\/rosanacl.com\\\/wp-content\\\/uploads\\\/2025\\\/08\\\/1-9.png\",\"width\":1333,\"height\":1333},{\"@type\":\"BreadcrumbList\",\"@id\":\"https:\\\/\\\/rosanacl.com\\\/producto\\\/braga-selene-3123\\\/#breadcrumb\",\"itemListElement\":[{\"@type\":\"ListItem\",\"position\":1,\"name\":\"Portada\",\"item\":\"https:\\\/\\\/rosanacl.com\\\/ca\\\/\"},{\"@type\":\"ListItem\",\"position\":2,\"name\":\"Tienda\",\"item\":\"https:\\\/\\\/rosanacl.com\\\/ca\\\/tienda\\\/\"},{\"@type\":\"ListItem\",\"position\":3,\"name\":\"Braga Selene 3123\"}]},{\"@type\":\"WebSite\",\"@id\":\"https:\\\/\\\/rosanacl.com\\\/ca\\\/#website\",\"url\":\"https:\\\/\\\/rosanacl.com\\\/ca\\\/\",\"name\":\"Rosana CL\",\"description\":\"Somos tu interior\",\"potentialAction\":[{\"@type\":\"SearchAction\",\"target\":{\"@type\":\"EntryPoint\",\"urlTemplate\":\"https:\\\/\\\/rosanacl.com\\\/ca\\\/?s={search_term_string}\"},\"query-input\":{\"@type\":\"PropertyValueSpecification\",\"valueRequired\":true,\"valueName\":\"search_term_string\"}}],\"inLanguage\":\"is\"}]}<\/script>\n<!-- \/ Yoast SEO plugin. -->","yoast_head_json":{"title":"Braga Selene 3123 - Rosana CL","robots":{"index":"index","follow":"follow","max-snippet":"max-snippet:-1","max-image-preview":"max-image-preview:large","max-video-preview":"max-video-preview:-1"},"canonical":"https:\/\/rosanacl.com\/is\/product\/braga-selene-3123\/","og_locale":"is_IS","og_type":"article","og_title":"Braga Selene 3123 - Rosana CL","og_description":"Braga Selene 3123 de Creaciones Selene: braga alta pensada para estilizar la figura con un ajuste c\u00f3modo y un acabado elegante. La parte delantera destaca por su tejido estampado con relieve sutil, y la trasera mantiene un tacto liso y suave para que se adapte sin marcar. Dise\u00f1ada para acompa\u00f1arte en el d\u00eda a d\u00eda [&hellip;]","og_url":"https:\/\/rosanacl.com\/is\/product\/braga-selene-3123\/","og_site_name":"Rosana CL","article_modified_time":"2026-04-15T13:03:39+00:00","og_image":[{"width":1333,"height":1333,"url":"https:\/\/rosanacl.com\/wp-content\/uploads\/2025\/08\/1-9.png","type":"image\/png"}],"twitter_card":"summary_large_image","twitter_misc":{"Est. reading time":"2 minutes"},"schema":{"@context":"https:\/\/schema.org","@graph":[{"@type":"WebPage","@id":"https:\/\/rosanacl.com\/producto\/braga-selene-3123\/","url":"https:\/\/rosanacl.com\/producto\/braga-selene-3123\/","name":"Braga Selene 3123 - Rosana CL","isPartOf":{"@id":"https:\/\/rosanacl.com\/ca\/#website"},"primaryImageOfPage":{"@id":"https:\/\/rosanacl.com\/producto\/braga-selene-3123\/#primaryimage"},"image":{"@id":"https:\/\/rosanacl.com\/producto\/braga-selene-3123\/#primaryimage"},"thumbnailUrl":"https:\/\/rosanacl.com\/wp-content\/uploads\/2025\/08\/1-9.png","datePublished":"2025-08-19T07:36:13+00:00","dateModified":"2026-04-15T13:03:39+00:00","breadcrumb":{"@id":"https:\/\/rosanacl.com\/producto\/braga-selene-3123\/#breadcrumb"},"inLanguage":"is","potentialAction":[{"@type":"ReadAction","target":["https:\/\/rosanacl.com\/producto\/braga-selene-3123\/"]}]},{"@type":"ImageObject","inLanguage":"is","@id":"https:\/\/rosanacl.com\/producto\/braga-selene-3123\/#primaryimage","url":"https:\/\/rosanacl.com\/wp-content\/uploads\/2025\/08\/1-9.png","contentUrl":"https:\/\/rosanacl.com\/wp-content\/uploads\/2025\/08\/1-9.png","width":1333,"height":1333},{"@type":"BreadcrumbList","@id":"https:\/\/rosanacl.com\/producto\/braga-selene-3123\/#breadcrumb","itemListElement":[{"@type":"ListItem","position":1,"name":"Portada","item":"https:\/\/rosanacl.com\/ca\/"},{"@type":"ListItem","position":2,"name":"Tienda","item":"https:\/\/rosanacl.com\/ca\/tienda\/"},{"@type":"ListItem","position":3,"name":"Braga Selene 3123"}]},{"@type":"WebSite","@id":"https:\/\/rosanacl.com\/ca\/#website","url":"https:\/\/rosanacl.com\/ca\/","name":"Rosana CL","description":"Vi\u00f0 erum innra sj\u00e1lf \u00feitt","potentialAction":[{"@type":"SearchAction","target":{"@type":"EntryPoint","urlTemplate":"https:\/\/rosanacl.com\/ca\/?s={search_term_string}"},"query-input":{"@type":"PropertyValueSpecification","valueRequired":true,"valueName":"search_term_string"}}],"inLanguage":"is"}]}},"_links":{"self":[{"href":"https:\/\/rosanacl.com\/is\/wp-json\/wp\/v2\/product\/3498","targetHints":{"allow":["GET"]}}],"collection":[{"href":"https:\/\/rosanacl.com\/is\/wp-json\/wp\/v2\/product"}],"about":[{"href":"https:\/\/rosanacl.com\/is\/wp-json\/wp\/v2\/types\/product"}],"replies":[{"embeddable":true,"href":"https:\/\/rosanacl.com\/is\/wp-json\/wp\/v2\/comments?post=3498"}],"version-history":[{"count":5,"href":"https:\/\/rosanacl.com\/is\/wp-json\/wp\/v2\/product\/3498\/revisions"}],"predecessor-version":[{"id":4636,"href":"https:\/\/rosanacl.com\/is\/wp-json\/wp\/v2\/product\/3498\/revisions\/4636"}],"wp:featuredmedia":[{"embeddable":true,"href":"https:\/\/rosanacl.com\/is\/wp-json\/wp\/v2\/media\/3524"}],"wp:attachment":[{"href":"https:\/\/rosanacl.com\/is\/wp-json\/wp\/v2\/media?parent=3498"}],"wp:term":[{"taxonomy":"product_brand","embeddable":true,"href":"https:\/\/rosanacl.com\/is\/wp-json\/wp\/v2\/product_brand?post=3498"},{"taxonomy":"product_cat","embeddable":true,"href":"https:\/\/rosanacl.com\/is\/wp-json\/wp\/v2\/product_cat?post=3498"},{"taxonomy":"product_tag","embeddable":true,"href":"https:\/\/rosanacl.com\/is\/wp-json\/wp\/v2\/product_tag?post=3498"}],"curies":[{"name":"wp","href":"https:\/\/api.w.org\/{rel}","templated":true}]}}