{"id":353,"date":"2025-04-29T14:25:52","date_gmt":"2025-04-29T12:25:52","guid":{"rendered":"https:\/\/rosanacl.com\/?post_type=product&#038;p=353"},"modified":"2026-01-07T22:01:53","modified_gmt":"2026-01-07T21:01:53","slug":"sujetador-modelo-zafiro","status":"publish","type":"product","link":"https:\/\/rosanacl.com\/is\/product\/sujetador-modelo-zafiro\/","title":{"rendered":"Selene Saf\u00edrbrj\u00f3stahaldari"},"content":{"rendered":"<p>\u00dea\u00f0 eru til fl\u00edkur sem gefa ekki fr\u00e1 s\u00e9r hlj\u00f3\u00f0 ... en \u00fe\u00e6r breyta deginum \u00fe\u00ednum. Zafiro er hanna\u00f0ur fyrir \u00fe\u00e1 sem vilja l\u00edta \u00f3a\u00f0finnanlega \u00fat \u00e1n \u00e1reynslu: stu\u00f0ningsr\u00edkar v\u00edrar, mj\u00fakt \u00f6rf\u00ednefni og hrein \u00e1fer\u00f0 sem blandast fullkomlega undir f\u00f6tum eins og h\u00fan v\u00e6ri hluti af \u00fe\u00e9r.<\/p>\n<p>S\u00e9rst\u00f6k \u00e1fer\u00f0 \u00feess liggur \u00ed jafnv\u00e6ginu: festu og l\u00e9ttleika, me\u00f0 ytra lagi \u00far tyll sem gefur \u00fev\u00ed gl\u00e6silegan, f\u00ednlegan og kvenlegan bl\u00e6. Tilvali\u00f0 ef \u00fe\u00fa ert a\u00f0 leita a\u00f0 daglegum brj\u00f3stahaldara ... me\u00f0 boutique-tilfinningu.<\/p>\n<p>Sm\u00e1atri\u00f0i sem skera sig \u00far<\/p>\n<ul>\n<li>Hringir sem safnast saman og auka \u00e1fer\u00f0 \u00e1n \u00feess a\u00f0 \u00fdkja.<\/li>\n<li>Mj\u00fakur og teygjanlegur \u00f6rtrefja, \u00ab\u00f6nnur h\u00fa\u00f0\u00bb tilfinning\u00bb<\/li>\n<li>F\u00ednt ytra tyll, fyrir f\u00ednlegri og gl\u00e6silegri \u00e1hrif.<\/li>\n<li>Traustur og st\u00f6\u00f0ugur stu\u00f0ningur allan daginn.<\/li>\n<li>N\u00e6rfr\u00e1gangur undir stuttermabolum og a\u00f0sni\u00f0num fl\u00edkum.<\/li>\n<\/ul>\n<p>\ud83d\udde3\ufe0f R\u00e1\u00f0: Ef \u00fe\u00fa ert a\u00f0 leita a\u00f0 \u00fev\u00ed a\u00f0 \u00aballt l\u00edtur hreinna \u00fat\u00bb \u00e1n \u00feess a\u00f0 \u00fea\u00f0 s\u00e9 fyrirfer\u00f0armiki\u00f0, \u00fe\u00e1 er Zafiro tilvali\u00f0: \u00fea\u00f0 heldur og sty\u00f0ur, gerir sni\u00f0i\u00f0 glansandi og tylli\u00f0 gefur \u00fev\u00ed \u00feann f\u00ednlega bl\u00e6 sem \u00fe\u00fa tekur a\u00f0eins eftir \u00feegar \u00fe\u00fa horfir \u00ed spegilinn.<\/p>\n<p>\ud83d\udccf Athugi\u00f0: Til a\u00f0 f\u00e1 \u00feetta r\u00e9tt \u00ed fyrsta skipti skaltu velja st\u00e6r\u00f0 \u00fat fr\u00e1 \u00fev\u00ed hvernig \u00fe\u00e9r l\u00edkar best: ef \u00fe\u00fa vilt \u00fe\u00e9tta og sty\u00f0jandi passform skaltu forgangsra\u00f0a st\u00e6r\u00f0 bandsins; ef \u00fe\u00fa vilt m\u00fdkri passform skaltu forgangsra\u00f0a brj\u00f3stast\u00e6r\u00f0inni. Og ef \u00fe\u00fa ert \u00e1 milli st\u00e6r\u00f0a skaltu velja \u00fe\u00e1 sem gerir \u00fe\u00e9r kleift a\u00f0 anda \u00fe\u00e6gilega \u00e1n \u00feess a\u00f0 bandi\u00f0 f\u00e6rist til.<\/p>\n<p>Samsetning: 82% p\u00f3l\u00fdam\u00ed\u00f0, 18% elastan.<\/p>\n<p>\ud83e\udd8b \u00deegar \u00fe\u00fa vilt l\u00edta vel \u00fat \u00e1n \u00feess a\u00f0 hugsa um \u00fea\u00f0.<\/p>","protected":false},"excerpt":{"rendered":"<p>Hay prendas que no hacen ruido&#8230; pero cambian el d\u00eda. Zafiro est\u00e1 pensado para cuando quieres verte impecable sin esforzarte: aros que sujetan, microfibra suave y un acabado limpio que se integra bajo la ropa como si fuera parte de ti. Su toque especial est\u00e1 en el equilibrio: firmeza y ligereza, con una capa exterior [&hellip;]<\/p>\n","protected":false},"featured_media":1474,"comment_status":"open","ping_status":"closed","template":"","meta":{"content-type":""},"product_brand":[55],"product_cat":[80,24,20],"product_tag":[57,56],"class_list":{"0":"post-353","1":"product","2":"type-product","3":"status-publish","4":"has-post-thumbnail","6":"product_brand-selene","7":"product_cat-con-aros-sin-relleno","8":"product_cat-sin-relleno","9":"product_cat-sujetador","10":"product_tag-sin-relleno","11":"product_tag-sujetador","13":"first","14":"instock","15":"taxable","16":"shipping-taxable","17":"purchasable","18":"product-type-variable"},"supplier_id":null,"supplier_sku":"","barcode":null,"atum_controlled":true,"out_stock_date":null,"out_stock_threshold":null,"inheritable":true,"inbound_stock":0,"stock_on_hold":0,"sold_today":0,"sales_last_days":0,"reserved_stock":0,"customer_returns":0,"warehouse_damage":0,"lost_in_post":0,"other_logs":0,"out_stock_days":0,"lost_sales":0,"has_location":false,"update_date":"2026-01-07T21:01:54","atum_locations":[],"atum_stock_status":"instock","restock_status":false,"low_stock_amount":"","sales_update_date":"2025-10-03T04:57:16","calc_backorders":null,"yoast_head":"<!-- This site is optimized with the Yoast SEO plugin v27.4 - https:\/\/yoast.com\/product\/yoast-seo-wordpress\/ -->\n<title>Sujetador Selene Zafiro - Rosana CL<\/title>\n<meta name=\"robots\" content=\"index, follow, max-snippet:-1, max-image-preview:large, max-video-preview:-1\" \/>\n<link rel=\"canonical\" href=\"https:\/\/rosanacl.com\/is\/product\/sujetador-modelo-zafiro\/\" \/>\n<meta property=\"og:locale\" content=\"is_IS\" \/>\n<meta property=\"og:type\" content=\"article\" \/>\n<meta property=\"og:title\" content=\"Sujetador Selene Zafiro - Rosana CL\" \/>\n<meta property=\"og:description\" content=\"Hay prendas que no hacen ruido&#8230; pero cambian el d\u00eda. Zafiro est\u00e1 pensado para cuando quieres verte impecable sin esforzarte: aros que sujetan, microfibra suave y un acabado limpio que se integra bajo la ropa como si fuera parte de ti. Su toque especial est\u00e1 en el equilibrio: firmeza y ligereza, con una capa exterior [&hellip;]\" \/>\n<meta property=\"og:url\" content=\"https:\/\/rosanacl.com\/is\/product\/sujetador-modelo-zafiro\/\" \/>\n<meta property=\"og:site_name\" content=\"Rosana CL\" \/>\n<meta property=\"article:modified_time\" content=\"2026-01-07T21:01:53+00:00\" \/>\n<meta property=\"og:image\" content=\"https:\/\/rosanacl.com\/wp-content\/uploads\/2025\/04\/Sujetador-modelo-Zafiro-000001.webp\" \/>\n\t<meta property=\"og:image:width\" content=\"1000\" \/>\n\t<meta property=\"og:image:height\" content=\"1000\" \/>\n\t<meta property=\"og:image:type\" content=\"image\/webp\" \/>\n<meta name=\"twitter:card\" content=\"summary_large_image\" \/>\n<meta name=\"twitter:label1\" content=\"Est. reading time\" \/>\n\t<meta name=\"twitter:data1\" content=\"2 minutes\" \/>\n<script type=\"application\/ld+json\" class=\"yoast-schema-graph\">{\"@context\":\"https:\\\/\\\/schema.org\",\"@graph\":[{\"@type\":\"WebPage\",\"@id\":\"https:\\\/\\\/rosanacl.com\\\/producto\\\/sujetador-modelo-zafiro\\\/\",\"url\":\"https:\\\/\\\/rosanacl.com\\\/producto\\\/sujetador-modelo-zafiro\\\/\",\"name\":\"Sujetador Selene Zafiro - Rosana CL\",\"isPartOf\":{\"@id\":\"https:\\\/\\\/rosanacl.com\\\/ca\\\/#website\"},\"primaryImageOfPage\":{\"@id\":\"https:\\\/\\\/rosanacl.com\\\/producto\\\/sujetador-modelo-zafiro\\\/#primaryimage\"},\"image\":{\"@id\":\"https:\\\/\\\/rosanacl.com\\\/producto\\\/sujetador-modelo-zafiro\\\/#primaryimage\"},\"thumbnailUrl\":\"https:\\\/\\\/rosanacl.com\\\/wp-content\\\/uploads\\\/2025\\\/04\\\/Sujetador-modelo-Zafiro-000001.webp\",\"datePublished\":\"2025-04-29T12:25:52+00:00\",\"dateModified\":\"2026-01-07T21:01:53+00:00\",\"breadcrumb\":{\"@id\":\"https:\\\/\\\/rosanacl.com\\\/producto\\\/sujetador-modelo-zafiro\\\/#breadcrumb\"},\"inLanguage\":\"is\",\"potentialAction\":[{\"@type\":\"ReadAction\",\"target\":[\"https:\\\/\\\/rosanacl.com\\\/producto\\\/sujetador-modelo-zafiro\\\/\"]}]},{\"@type\":\"ImageObject\",\"inLanguage\":\"is\",\"@id\":\"https:\\\/\\\/rosanacl.com\\\/producto\\\/sujetador-modelo-zafiro\\\/#primaryimage\",\"url\":\"https:\\\/\\\/rosanacl.com\\\/wp-content\\\/uploads\\\/2025\\\/04\\\/Sujetador-modelo-Zafiro-000001.webp\",\"contentUrl\":\"https:\\\/\\\/rosanacl.com\\\/wp-content\\\/uploads\\\/2025\\\/04\\\/Sujetador-modelo-Zafiro-000001.webp\",\"width\":1000,\"height\":1000},{\"@type\":\"BreadcrumbList\",\"@id\":\"https:\\\/\\\/rosanacl.com\\\/producto\\\/sujetador-modelo-zafiro\\\/#breadcrumb\",\"itemListElement\":[{\"@type\":\"ListItem\",\"position\":1,\"name\":\"Portada\",\"item\":\"https:\\\/\\\/rosanacl.com\\\/ca\\\/\"},{\"@type\":\"ListItem\",\"position\":2,\"name\":\"Tienda\",\"item\":\"https:\\\/\\\/rosanacl.com\\\/ca\\\/tienda\\\/\"},{\"@type\":\"ListItem\",\"position\":3,\"name\":\"Sujetador Selene Zafiro\"}]},{\"@type\":\"WebSite\",\"@id\":\"https:\\\/\\\/rosanacl.com\\\/ca\\\/#website\",\"url\":\"https:\\\/\\\/rosanacl.com\\\/ca\\\/\",\"name\":\"Rosana CL\",\"description\":\"Somos tu interior\",\"potentialAction\":[{\"@type\":\"SearchAction\",\"target\":{\"@type\":\"EntryPoint\",\"urlTemplate\":\"https:\\\/\\\/rosanacl.com\\\/ca\\\/?s={search_term_string}\"},\"query-input\":{\"@type\":\"PropertyValueSpecification\",\"valueRequired\":true,\"valueName\":\"search_term_string\"}}],\"inLanguage\":\"is\"}]}<\/script>\n<!-- \/ Yoast SEO plugin. -->","yoast_head_json":{"title":"Sujetador Selene Zafiro - Rosana CL","robots":{"index":"index","follow":"follow","max-snippet":"max-snippet:-1","max-image-preview":"max-image-preview:large","max-video-preview":"max-video-preview:-1"},"canonical":"https:\/\/rosanacl.com\/is\/product\/sujetador-modelo-zafiro\/","og_locale":"is_IS","og_type":"article","og_title":"Sujetador Selene Zafiro - Rosana CL","og_description":"Hay prendas que no hacen ruido&#8230; pero cambian el d\u00eda. Zafiro est\u00e1 pensado para cuando quieres verte impecable sin esforzarte: aros que sujetan, microfibra suave y un acabado limpio que se integra bajo la ropa como si fuera parte de ti. Su toque especial est\u00e1 en el equilibrio: firmeza y ligereza, con una capa exterior [&hellip;]","og_url":"https:\/\/rosanacl.com\/is\/product\/sujetador-modelo-zafiro\/","og_site_name":"Rosana CL","article_modified_time":"2026-01-07T21:01:53+00:00","og_image":[{"width":1000,"height":1000,"url":"https:\/\/rosanacl.com\/wp-content\/uploads\/2025\/04\/Sujetador-modelo-Zafiro-000001.webp","type":"image\/webp"}],"twitter_card":"summary_large_image","twitter_misc":{"Est. reading time":"2 minutes"},"schema":{"@context":"https:\/\/schema.org","@graph":[{"@type":"WebPage","@id":"https:\/\/rosanacl.com\/producto\/sujetador-modelo-zafiro\/","url":"https:\/\/rosanacl.com\/producto\/sujetador-modelo-zafiro\/","name":"Sujetador Selene Zafiro - Rosana CL","isPartOf":{"@id":"https:\/\/rosanacl.com\/ca\/#website"},"primaryImageOfPage":{"@id":"https:\/\/rosanacl.com\/producto\/sujetador-modelo-zafiro\/#primaryimage"},"image":{"@id":"https:\/\/rosanacl.com\/producto\/sujetador-modelo-zafiro\/#primaryimage"},"thumbnailUrl":"https:\/\/rosanacl.com\/wp-content\/uploads\/2025\/04\/Sujetador-modelo-Zafiro-000001.webp","datePublished":"2025-04-29T12:25:52+00:00","dateModified":"2026-01-07T21:01:53+00:00","breadcrumb":{"@id":"https:\/\/rosanacl.com\/producto\/sujetador-modelo-zafiro\/#breadcrumb"},"inLanguage":"is","potentialAction":[{"@type":"ReadAction","target":["https:\/\/rosanacl.com\/producto\/sujetador-modelo-zafiro\/"]}]},{"@type":"ImageObject","inLanguage":"is","@id":"https:\/\/rosanacl.com\/producto\/sujetador-modelo-zafiro\/#primaryimage","url":"https:\/\/rosanacl.com\/wp-content\/uploads\/2025\/04\/Sujetador-modelo-Zafiro-000001.webp","contentUrl":"https:\/\/rosanacl.com\/wp-content\/uploads\/2025\/04\/Sujetador-modelo-Zafiro-000001.webp","width":1000,"height":1000},{"@type":"BreadcrumbList","@id":"https:\/\/rosanacl.com\/producto\/sujetador-modelo-zafiro\/#breadcrumb","itemListElement":[{"@type":"ListItem","position":1,"name":"Portada","item":"https:\/\/rosanacl.com\/ca\/"},{"@type":"ListItem","position":2,"name":"Tienda","item":"https:\/\/rosanacl.com\/ca\/tienda\/"},{"@type":"ListItem","position":3,"name":"Sujetador Selene Zafiro"}]},{"@type":"WebSite","@id":"https:\/\/rosanacl.com\/ca\/#website","url":"https:\/\/rosanacl.com\/ca\/","name":"Rosana CL","description":"Vi\u00f0 erum innra sj\u00e1lf \u00feitt","potentialAction":[{"@type":"SearchAction","target":{"@type":"EntryPoint","urlTemplate":"https:\/\/rosanacl.com\/ca\/?s={search_term_string}"},"query-input":{"@type":"PropertyValueSpecification","valueRequired":true,"valueName":"search_term_string"}}],"inLanguage":"is"}]}},"_links":{"self":[{"href":"https:\/\/rosanacl.com\/is\/wp-json\/wp\/v2\/product\/353","targetHints":{"allow":["GET"]}}],"collection":[{"href":"https:\/\/rosanacl.com\/is\/wp-json\/wp\/v2\/product"}],"about":[{"href":"https:\/\/rosanacl.com\/is\/wp-json\/wp\/v2\/types\/product"}],"replies":[{"embeddable":true,"href":"https:\/\/rosanacl.com\/is\/wp-json\/wp\/v2\/comments?post=353"}],"version-history":[{"count":5,"href":"https:\/\/rosanacl.com\/is\/wp-json\/wp\/v2\/product\/353\/revisions"}],"predecessor-version":[{"id":4623,"href":"https:\/\/rosanacl.com\/is\/wp-json\/wp\/v2\/product\/353\/revisions\/4623"}],"wp:featuredmedia":[{"embeddable":true,"href":"https:\/\/rosanacl.com\/is\/wp-json\/wp\/v2\/media\/1474"}],"wp:attachment":[{"href":"https:\/\/rosanacl.com\/is\/wp-json\/wp\/v2\/media?parent=353"}],"wp:term":[{"taxonomy":"product_brand","embeddable":true,"href":"https:\/\/rosanacl.com\/is\/wp-json\/wp\/v2\/product_brand?post=353"},{"taxonomy":"product_cat","embeddable":true,"href":"https:\/\/rosanacl.com\/is\/wp-json\/wp\/v2\/product_cat?post=353"},{"taxonomy":"product_tag","embeddable":true,"href":"https:\/\/rosanacl.com\/is\/wp-json\/wp\/v2\/product_tag?post=353"}],"curies":[{"name":"wp","href":"https:\/\/api.w.org\/{rel}","templated":true}]}}