{"id":3530,"date":"2025-08-19T09:50:26","date_gmt":"2025-08-19T07:50:26","guid":{"rendered":"https:\/\/rosanacl.com\/?post_type=product&#038;p=3530"},"modified":"2026-01-08T03:11:56","modified_gmt":"2026-01-08T02:11:56","slug":"tanga-selene-3125","status":"publish","type":"product","link":"https:\/\/rosanacl.com\/is\/product\/tanga-selene-3125\/","title":{"rendered":"Selene Thong 3125"},"content":{"rendered":"<p>Selene 3125 tanga fr\u00e1 Creaciones Selene: Gl\u00e6sileg og \u00fe\u00e6gileg fl\u00edk, h\u00f6nnu\u00f0 til a\u00f0 l\u00e1ta \u00feig l\u00ed\u00f0a l\u00e9tt og \u00f6rugg allan daginn. H\u00f6nnunin smja\u00f0rar fyrir l\u00edkamanum og passar fullkomlega undir f\u00f6tum, me\u00f0 fallegri og kvenlegri \u00e1fer\u00f0.<\/p>\n<p>3125 jakkinn sker sig \u00far fyrir jacquard-\u00e1fer\u00f0ina a\u00f0 framan, sem gefur honum f\u00e1ga\u00f0 yfirbrag\u00f0 \u00e1n \u00feess a\u00f0 f\u00f3rna m\u00fdkt og \u00fe\u00e6gindum. Hann er tilvalinn fyrir daglegt kl\u00e6\u00f0na\u00f0 e\u00f0a \u00feegar \u00fe\u00fa vilt f\u00e1 s\u00e9rstakari kl\u00e6\u00f0na\u00f0.<\/p>\n<p>Sm\u00e1atri\u00f0i sem \u00fe\u00fa munt elska<\/p>\n<ul>\n<li>H\u00f6nnun \u00ed \u00feunnum n\u00e6rbuxum: hreinni og n\u00e6rf\u00e6rnari \u00e1fer\u00f0 undir \u00fer\u00f6ngum f\u00f6tum.<\/li>\n<li>\u00c1fer\u00f0ar-\/jacquard-efni a\u00f0 framan: gl\u00e6silegt og einstakt yfirbrag\u00f0.<\/li>\n<li>\u00de\u00e6gileg passform sem hreyfist me\u00f0 \u00fe\u00e9r \u00e1n \u00feess a\u00f0 vera takmarkandi.<\/li>\n<li>Flattrandi \u00e1fer\u00f0: h\u00fan m\u00fdkir og eykur \u00fatliti\u00f0 \u00e1n \u00feess a\u00f0 vera of h\u00f6r\u00f0.<\/li>\n<li>Fullkomi\u00f0 a\u00f0 para vi\u00f0 brj\u00f3stahaldarana fr\u00e1 Selene Noah, Chloe og Doris.<\/li>\n<\/ul>\n<p>\ud83d\udde3\ufe0f R\u00e1\u00f0: Selene 3125 n\u00e6rbuxurnar eru hanna\u00f0ar til a\u00f0 veita \u00fe\u00e9r l\u00e9ttan \u00abannar h\u00fa\u00f0\u00bb-tilfinningu: Jacquard-\u00e1fer\u00f0in \u00e1 framhli\u00f0inni gefur \u00feeim gl\u00e6silegan bl\u00e6 \u00e1n \u00feess a\u00f0 f\u00f3rna m\u00fdktinni og bakhli\u00f0in helst \u00f3\u00e1berandi undir f\u00f6tum.<\/p>\n<p>\ud83d\udccf Athugi\u00f0: \u00c1\u00f0ur en \u00fe\u00fa kaupir, veldu \u00fe\u00e1 venjulega st\u00e6r\u00f0 af n\u00e6rbuxum. Ef \u00fe\u00fa ert \u00e1 milli st\u00e6r\u00f0a e\u00f0a vilt ekki sj\u00e1 l\u00edna, far\u00f0u \u00fe\u00e1 upp um eina st\u00e6r\u00f0 til a\u00f0 f\u00e1 \u00fe\u00e6gilegri passform. Til a\u00f0 vera viss, ber\u00f0u saman vi\u00f0 \u00fe\u00ednar eigin n\u00e6rbuxur sem passa fullkomlega og, ef m\u00f6gulegt er, m\u00e6ldu mja\u00f0mirnar (\u00fear sem \u00fe\u00e6r eru brei\u00f0astar).<\/p>\n<p>Samsetning: 76% p\u00f3l\u00fdam\u00ed\u00f0, 13% elastan, 11% b\u00f3mull.<\/p>\n<p>\ud83d\udc8e Lokaatri\u00f0i\u00f0 sem gerir kl\u00e6\u00f0na\u00f0inn \u00feinn \u00abV\u00c1\u00bb.<\/p>","protected":false},"excerpt":{"rendered":"<p>Tanga Selene 3125 de Creaciones Selene: una prenda elegante y c\u00f3moda, pensada para que te sientas ligera y favorecida todo el d\u00eda. Su dise\u00f1o estiliza la silueta y queda perfecto bajo la ropa, con un acabado bonito y femenino. El 3125 destaca por su tejido con textura tipo jacquard en la parte delantera, que le [&hellip;]<\/p>\n","protected":false},"featured_media":3547,"comment_status":"closed","ping_status":"closed","template":"","meta":{"content-type":""},"product_brand":[55],"product_cat":[19],"product_tag":[69,122],"class_list":{"0":"post-3530","1":"product","2":"type-product","3":"status-publish","4":"has-post-thumbnail","6":"product_brand-selene","7":"product_cat-braga","8":"product_tag-braga","9":"product_tag-tanga","11":"first","12":"instock","13":"taxable","14":"shipping-taxable","15":"purchasable","16":"product-type-variable"},"supplier_id":null,"supplier_sku":"","barcode":null,"atum_controlled":true,"out_stock_date":null,"out_stock_threshold":null,"inheritable":true,"inbound_stock":0,"stock_on_hold":0,"sold_today":0,"sales_last_days":0,"reserved_stock":0,"customer_returns":0,"warehouse_damage":0,"lost_in_post":0,"other_logs":0,"out_stock_days":null,"lost_sales":0,"has_location":false,"update_date":"2026-01-08T02:11:57","atum_locations":[],"atum_stock_status":"instock","restock_status":false,"low_stock_amount":"","sales_update_date":"2025-10-03T04:55:31","calc_backorders":null,"yoast_head":"<!-- This site is optimized with the Yoast SEO plugin v27.4 - https:\/\/yoast.com\/product\/yoast-seo-wordpress\/ -->\n<title>Tanga Selene 3125 - Rosana CL<\/title>\n<meta name=\"robots\" content=\"index, follow, max-snippet:-1, max-image-preview:large, max-video-preview:-1\" \/>\n<link rel=\"canonical\" href=\"https:\/\/rosanacl.com\/is\/product\/tanga-selene-3125\/\" \/>\n<meta property=\"og:locale\" content=\"is_IS\" \/>\n<meta property=\"og:type\" content=\"article\" \/>\n<meta property=\"og:title\" content=\"Tanga Selene 3125 - Rosana CL\" \/>\n<meta property=\"og:description\" content=\"Tanga Selene 3125 de Creaciones Selene: una prenda elegante y c\u00f3moda, pensada para que te sientas ligera y favorecida todo el d\u00eda. Su dise\u00f1o estiliza la silueta y queda perfecto bajo la ropa, con un acabado bonito y femenino. El 3125 destaca por su tejido con textura tipo jacquard en la parte delantera, que le [&hellip;]\" \/>\n<meta property=\"og:url\" content=\"https:\/\/rosanacl.com\/is\/product\/tanga-selene-3125\/\" \/>\n<meta property=\"og:site_name\" content=\"Rosana CL\" \/>\n<meta property=\"article:modified_time\" content=\"2026-01-08T02:11:56+00:00\" \/>\n<meta property=\"og:image\" content=\"https:\/\/rosanacl.com\/wp-content\/uploads\/2025\/08\/1-10.png\" \/>\n\t<meta property=\"og:image:width\" content=\"1166\" \/>\n\t<meta property=\"og:image:height\" content=\"1333\" \/>\n\t<meta property=\"og:image:type\" content=\"image\/png\" \/>\n<meta name=\"twitter:card\" content=\"summary_large_image\" \/>\n<meta name=\"twitter:label1\" content=\"Est. reading time\" \/>\n\t<meta name=\"twitter:data1\" content=\"2 minutes\" \/>\n<script type=\"application\/ld+json\" class=\"yoast-schema-graph\">{\"@context\":\"https:\\\/\\\/schema.org\",\"@graph\":[{\"@type\":\"WebPage\",\"@id\":\"https:\\\/\\\/rosanacl.com\\\/producto\\\/tanga-selene-3125\\\/\",\"url\":\"https:\\\/\\\/rosanacl.com\\\/producto\\\/tanga-selene-3125\\\/\",\"name\":\"Tanga Selene 3125 - Rosana CL\",\"isPartOf\":{\"@id\":\"https:\\\/\\\/rosanacl.com\\\/ca\\\/#website\"},\"primaryImageOfPage\":{\"@id\":\"https:\\\/\\\/rosanacl.com\\\/producto\\\/tanga-selene-3125\\\/#primaryimage\"},\"image\":{\"@id\":\"https:\\\/\\\/rosanacl.com\\\/producto\\\/tanga-selene-3125\\\/#primaryimage\"},\"thumbnailUrl\":\"https:\\\/\\\/rosanacl.com\\\/wp-content\\\/uploads\\\/2025\\\/08\\\/1-10.png\",\"datePublished\":\"2025-08-19T07:50:26+00:00\",\"dateModified\":\"2026-01-08T02:11:56+00:00\",\"breadcrumb\":{\"@id\":\"https:\\\/\\\/rosanacl.com\\\/producto\\\/tanga-selene-3125\\\/#breadcrumb\"},\"inLanguage\":\"is\",\"potentialAction\":[{\"@type\":\"ReadAction\",\"target\":[\"https:\\\/\\\/rosanacl.com\\\/producto\\\/tanga-selene-3125\\\/\"]}]},{\"@type\":\"ImageObject\",\"inLanguage\":\"is\",\"@id\":\"https:\\\/\\\/rosanacl.com\\\/producto\\\/tanga-selene-3125\\\/#primaryimage\",\"url\":\"https:\\\/\\\/rosanacl.com\\\/wp-content\\\/uploads\\\/2025\\\/08\\\/1-10.png\",\"contentUrl\":\"https:\\\/\\\/rosanacl.com\\\/wp-content\\\/uploads\\\/2025\\\/08\\\/1-10.png\",\"width\":1166,\"height\":1333},{\"@type\":\"BreadcrumbList\",\"@id\":\"https:\\\/\\\/rosanacl.com\\\/producto\\\/tanga-selene-3125\\\/#breadcrumb\",\"itemListElement\":[{\"@type\":\"ListItem\",\"position\":1,\"name\":\"Portada\",\"item\":\"https:\\\/\\\/rosanacl.com\\\/ca\\\/\"},{\"@type\":\"ListItem\",\"position\":2,\"name\":\"Tienda\",\"item\":\"https:\\\/\\\/rosanacl.com\\\/ca\\\/tienda\\\/\"},{\"@type\":\"ListItem\",\"position\":3,\"name\":\"Tanga Selene 3125\"}]},{\"@type\":\"WebSite\",\"@id\":\"https:\\\/\\\/rosanacl.com\\\/ca\\\/#website\",\"url\":\"https:\\\/\\\/rosanacl.com\\\/ca\\\/\",\"name\":\"Rosana CL\",\"description\":\"Somos tu interior\",\"potentialAction\":[{\"@type\":\"SearchAction\",\"target\":{\"@type\":\"EntryPoint\",\"urlTemplate\":\"https:\\\/\\\/rosanacl.com\\\/ca\\\/?s={search_term_string}\"},\"query-input\":{\"@type\":\"PropertyValueSpecification\",\"valueRequired\":true,\"valueName\":\"search_term_string\"}}],\"inLanguage\":\"is\"}]}<\/script>\n<!-- \/ Yoast SEO plugin. -->","yoast_head_json":{"title":"Tanga Selene 3125 - Rosana CL","robots":{"index":"index","follow":"follow","max-snippet":"max-snippet:-1","max-image-preview":"max-image-preview:large","max-video-preview":"max-video-preview:-1"},"canonical":"https:\/\/rosanacl.com\/is\/product\/tanga-selene-3125\/","og_locale":"is_IS","og_type":"article","og_title":"Tanga Selene 3125 - Rosana CL","og_description":"Tanga Selene 3125 de Creaciones Selene: una prenda elegante y c\u00f3moda, pensada para que te sientas ligera y favorecida todo el d\u00eda. Su dise\u00f1o estiliza la silueta y queda perfecto bajo la ropa, con un acabado bonito y femenino. El 3125 destaca por su tejido con textura tipo jacquard en la parte delantera, que le [&hellip;]","og_url":"https:\/\/rosanacl.com\/is\/product\/tanga-selene-3125\/","og_site_name":"Rosana CL","article_modified_time":"2026-01-08T02:11:56+00:00","og_image":[{"width":1166,"height":1333,"url":"https:\/\/rosanacl.com\/wp-content\/uploads\/2025\/08\/1-10.png","type":"image\/png"}],"twitter_card":"summary_large_image","twitter_misc":{"Est. reading time":"2 minutes"},"schema":{"@context":"https:\/\/schema.org","@graph":[{"@type":"WebPage","@id":"https:\/\/rosanacl.com\/producto\/tanga-selene-3125\/","url":"https:\/\/rosanacl.com\/producto\/tanga-selene-3125\/","name":"Tanga Selene 3125 - Rosana CL","isPartOf":{"@id":"https:\/\/rosanacl.com\/ca\/#website"},"primaryImageOfPage":{"@id":"https:\/\/rosanacl.com\/producto\/tanga-selene-3125\/#primaryimage"},"image":{"@id":"https:\/\/rosanacl.com\/producto\/tanga-selene-3125\/#primaryimage"},"thumbnailUrl":"https:\/\/rosanacl.com\/wp-content\/uploads\/2025\/08\/1-10.png","datePublished":"2025-08-19T07:50:26+00:00","dateModified":"2026-01-08T02:11:56+00:00","breadcrumb":{"@id":"https:\/\/rosanacl.com\/producto\/tanga-selene-3125\/#breadcrumb"},"inLanguage":"is","potentialAction":[{"@type":"ReadAction","target":["https:\/\/rosanacl.com\/producto\/tanga-selene-3125\/"]}]},{"@type":"ImageObject","inLanguage":"is","@id":"https:\/\/rosanacl.com\/producto\/tanga-selene-3125\/#primaryimage","url":"https:\/\/rosanacl.com\/wp-content\/uploads\/2025\/08\/1-10.png","contentUrl":"https:\/\/rosanacl.com\/wp-content\/uploads\/2025\/08\/1-10.png","width":1166,"height":1333},{"@type":"BreadcrumbList","@id":"https:\/\/rosanacl.com\/producto\/tanga-selene-3125\/#breadcrumb","itemListElement":[{"@type":"ListItem","position":1,"name":"Portada","item":"https:\/\/rosanacl.com\/ca\/"},{"@type":"ListItem","position":2,"name":"Tienda","item":"https:\/\/rosanacl.com\/ca\/tienda\/"},{"@type":"ListItem","position":3,"name":"Tanga Selene 3125"}]},{"@type":"WebSite","@id":"https:\/\/rosanacl.com\/ca\/#website","url":"https:\/\/rosanacl.com\/ca\/","name":"Rosana CL","description":"Vi\u00f0 erum innra sj\u00e1lf \u00feitt","potentialAction":[{"@type":"SearchAction","target":{"@type":"EntryPoint","urlTemplate":"https:\/\/rosanacl.com\/ca\/?s={search_term_string}"},"query-input":{"@type":"PropertyValueSpecification","valueRequired":true,"valueName":"search_term_string"}}],"inLanguage":"is"}]}},"_links":{"self":[{"href":"https:\/\/rosanacl.com\/is\/wp-json\/wp\/v2\/product\/3530","targetHints":{"allow":["GET"]}}],"collection":[{"href":"https:\/\/rosanacl.com\/is\/wp-json\/wp\/v2\/product"}],"about":[{"href":"https:\/\/rosanacl.com\/is\/wp-json\/wp\/v2\/types\/product"}],"replies":[{"embeddable":true,"href":"https:\/\/rosanacl.com\/is\/wp-json\/wp\/v2\/comments?post=3530"}],"version-history":[{"count":5,"href":"https:\/\/rosanacl.com\/is\/wp-json\/wp\/v2\/product\/3530\/revisions"}],"predecessor-version":[{"id":4637,"href":"https:\/\/rosanacl.com\/is\/wp-json\/wp\/v2\/product\/3530\/revisions\/4637"}],"wp:featuredmedia":[{"embeddable":true,"href":"https:\/\/rosanacl.com\/is\/wp-json\/wp\/v2\/media\/3547"}],"wp:attachment":[{"href":"https:\/\/rosanacl.com\/is\/wp-json\/wp\/v2\/media?parent=3530"}],"wp:term":[{"taxonomy":"product_brand","embeddable":true,"href":"https:\/\/rosanacl.com\/is\/wp-json\/wp\/v2\/product_brand?post=3530"},{"taxonomy":"product_cat","embeddable":true,"href":"https:\/\/rosanacl.com\/is\/wp-json\/wp\/v2\/product_cat?post=3530"},{"taxonomy":"product_tag","embeddable":true,"href":"https:\/\/rosanacl.com\/is\/wp-json\/wp\/v2\/product_tag?post=3530"}],"curies":[{"name":"wp","href":"https:\/\/api.w.org\/{rel}","templated":true}]}}