{"id":3581,"date":"2025-08-19T10:06:11","date_gmt":"2025-08-19T08:06:11","guid":{"rendered":"https:\/\/rosanacl.com\/?post_type=product&#038;p=3581"},"modified":"2026-01-07T23:48:01","modified_gmt":"2026-01-07T22:48:01","slug":"sujetador-selene-sandra","status":"publish","type":"product","link":"https:\/\/rosanacl.com\/is\/product\/sujetador-selene-sandra\/","title":{"rendered":"Selene Sandra Bra"},"content":{"rendered":"<p>Sandra brj\u00f3stahaldarinn fr\u00e1 Creaciones Selene er axlalaus balconette-brj\u00f3stahaldari sem er hanna\u00f0ur til a\u00f0 fegra brj\u00f3stin me\u00f0 gl\u00e6silegri og flatterandi \u00e1fer\u00f0. \u00de\u00f6kk s\u00e9 v\u00edrunum veitir hann st\u00f6\u00f0ugan stu\u00f0ning og fallega l\u00f6gun, tilvalinn til a\u00f0 nota me\u00f0 axlalausum h\u00e1lsm\u00e1li, kj\u00f3lum, bolum e\u00f0a hva\u00f0a fl\u00edk sem er \u00fear sem \u00fe\u00fa vilt s\u00fdna axlirnar \u00e1n \u00feess a\u00f0 f\u00f3rna sj\u00e1lfstrausti.<\/p>\n<p>Einn mikilv\u00e6gasti eiginleiki brj\u00f3stahaldarans er passformin: bollakanturinn er me\u00f0 s\u00edlikonr\u00f6nd sem hj\u00e1lpar brj\u00f3stahaldaranum a\u00f0 haldast \u00e1 s\u00ednum sta\u00f0 og a\u00f0lagast betur l\u00edkamsforminu, sem kemur \u00ed veg fyrir a\u00f0 hann renni til. Ni\u00f0ursta\u00f0an er \u00fe\u00e6gilegur brj\u00f3stahaldari me\u00f0 g\u00f3\u00f0um stu\u00f0ningi og n\u00e1tt\u00farulegri lyftingu (\u00e1n b\u00f3lstrun), hanna\u00f0ur \u00feannig a\u00f0 \u00fe\u00fa getir hreyft \u00feig af \u00f6ryggi.<\/p>\n<p>\u00dear a\u00f0 auki gerir h\u00f6nnunin \u00fea\u00f0 a\u00f0 fullkomnum fl\u00edk til a\u00f0 fullkomna f\u00e1ga\u00f0an kl\u00e6\u00f0na\u00f0: \u00fea\u00f0 passar fallega vi\u00f0 Violeta n\u00e6rbuxurnar og skapar samr\u00e6mt og gl\u00e6silegt \u00fatlit b\u00e6\u00f0i fyrir s\u00e9rst\u00f6k tilefni og til a\u00f0 l\u00ed\u00f0a \u00f3a\u00f0finnanlega hva\u00f0a dag sem er.<\/p>\n<p>Sm\u00e1atri\u00f0i sem \u00fe\u00fa munt taka eftir \u00feegar \u00fe\u00fa setur \u00fea\u00f0 \u00e1<\/p>\n<ul>\n<li>\u00d3lalaus: Tilvali\u00f0 fyrir l\u00e1gskornar h\u00e1lsl\u00ednur og fl\u00edkur sem eru axlarlausar.<\/li>\n<li>Me\u00f0 v\u00edrum: traustur stu\u00f0ningur og flatterandi l\u00f6gun.<\/li>\n<li>Engin fylliefni: n\u00e1tt\u00faruleg aukning me\u00f0 l\u00e9ttari \u00e1fer\u00f0.<\/li>\n<li>S\u00edlikonband \u00e1 br\u00fan bollans: betri passun og meiri st\u00f6\u00f0ugleiki.<\/li>\n<\/ul>\n<p>\ud83d\udde3\ufe0f R\u00e1\u00f0: \u00cd S\u00f6ndru er r\u00e9tta tilfinningin a\u00f0 h\u00fan \u00abhaldist kyrr og hreyfist ekki\u00bb: h\u00fan \u00e6tti a\u00f0 fylgja forminu fast en \u00fe\u00e6gilega og efri hluti bollans \u00e6tti a\u00f0 vera sl\u00e9ttur (\u00f3skorinn) svo a\u00f0 klofningurinn l\u00edti hreinn \u00fat.<\/p>\n<p>\ud83d\udccf A\u00f0 lokum: Pr\u00f3fa\u00f0u \u00feetta \u00ed eina m\u00edn\u00fatu \u00e1n \u00f3lanna: lyftu upp h\u00f6ndunum, gakktu \u00ed kringum \u00feig og beyg\u00f0u \u00feig ni\u00f0ur. Ef \u00fe\u00fa \u00fearft ekki a\u00f0 stilla \u00fea\u00f0 upp aftur og \u00f3lin helst \u00e1 s\u00ednum sta\u00f0 \u00e1n \u00feess a\u00f0 vera of \u00fer\u00f6ng, \u00fe\u00e1 er \u00feetta \u00fe\u00edn st\u00e6r\u00f0.<\/p>\n<p>Samsetning: 76% p\u00f3l\u00fdam\u00ed\u00f0, 24% elastan.<\/p>\n<p>\ud83d\udd25 \u00abHei\u00f0ursor\u00f0\u00bb me\u00f0 raunverulegum stu\u00f0ningi: Sandra styrkir \u00feig og fylgir \u00fe\u00e9r \u00f6rugglega allan daginn.<\/p>","protected":false},"excerpt":{"rendered":"<div style=\"position: relative; padding-bottom: 56.25%; height: 0; overflow: hidden; max-width: 100%;\"><iframe style=\"position: absolute; top: 0; left: 0; width: 100%; height: 100%;\" src=\"https:\/\/www.youtube.com\/embed\/mGt_jgMestk?autoplay=1&amp;mute=1&amp;playsinline=1&amp;rel=0&amp;controls=1&amp;loop=1&amp;playlist=mGt_jgMestk\" frameborder=\"0\" allowfullscreen=\"allowfullscreen\"><br \/>\n<\/iframe><\/div>","protected":false},"featured_media":3597,"comment_status":"closed","ping_status":"closed","template":"","meta":{"content-type":""},"product_brand":[55],"product_cat":[82,20],"product_tag":[84,56],"class_list":{"0":"post-3581","1":"product","2":"type-product","3":"status-publish","4":"has-post-thumbnail","6":"product_brand-selene","7":"product_cat-sin-tirantes","8":"product_cat-sujetador","9":"product_tag-sin-tirantes","10":"product_tag-sujetador","12":"first","13":"instock","14":"taxable","15":"shipping-taxable","16":"purchasable","17":"product-type-variable"},"supplier_id":null,"supplier_sku":"","barcode":null,"atum_controlled":true,"out_stock_date":null,"out_stock_threshold":null,"inheritable":true,"inbound_stock":0,"stock_on_hold":0,"sold_today":0,"sales_last_days":0,"reserved_stock":0,"customer_returns":0,"warehouse_damage":0,"lost_in_post":0,"other_logs":0,"out_stock_days":null,"lost_sales":0,"has_location":false,"update_date":"2026-01-07T22:48:02","atum_locations":[],"atum_stock_status":"instock","restock_status":false,"low_stock_amount":"","sales_update_date":"2025-10-03T04:55:30","calc_backorders":null,"yoast_head":"<!-- This site is optimized with the Yoast SEO plugin v27.4 - https:\/\/yoast.com\/product\/yoast-seo-wordpress\/ -->\n<title>Sujetador Selene Sandra - Rosana CL<\/title>\n<meta name=\"robots\" content=\"index, follow, max-snippet:-1, max-image-preview:large, max-video-preview:-1\" \/>\n<link rel=\"canonical\" href=\"https:\/\/rosanacl.com\/is\/product\/sujetador-selene-sandra\/\" \/>\n<meta property=\"og:locale\" content=\"is_IS\" \/>\n<meta property=\"og:type\" content=\"article\" \/>\n<meta property=\"og:title\" content=\"Sujetador Selene Sandra - Rosana CL\" \/>\n<meta property=\"og:url\" content=\"https:\/\/rosanacl.com\/is\/product\/sujetador-selene-sandra\/\" \/>\n<meta property=\"og:site_name\" content=\"Rosana CL\" \/>\n<meta property=\"article:modified_time\" content=\"2026-01-07T22:48:01+00:00\" \/>\n<meta property=\"og:image\" content=\"https:\/\/rosanacl.com\/wp-content\/uploads\/2025\/08\/1-13-e1756816082563.png\" \/>\n\t<meta property=\"og:image:width\" content=\"710\" \/>\n\t<meta property=\"og:image:height\" content=\"840\" \/>\n\t<meta property=\"og:image:type\" content=\"image\/png\" \/>\n<meta name=\"twitter:card\" content=\"summary_large_image\" \/>\n<meta name=\"twitter:label1\" content=\"Est. reading time\" \/>\n\t<meta name=\"twitter:data1\" content=\"2 minutes\" \/>\n<script type=\"application\/ld+json\" class=\"yoast-schema-graph\">{\"@context\":\"https:\\\/\\\/schema.org\",\"@graph\":[{\"@type\":\"WebPage\",\"@id\":\"https:\\\/\\\/rosanacl.com\\\/producto\\\/sujetador-selene-sandra\\\/\",\"url\":\"https:\\\/\\\/rosanacl.com\\\/producto\\\/sujetador-selene-sandra\\\/\",\"name\":\"Sujetador Selene Sandra - Rosana CL\",\"isPartOf\":{\"@id\":\"https:\\\/\\\/rosanacl.com\\\/ca\\\/#website\"},\"primaryImageOfPage\":{\"@id\":\"https:\\\/\\\/rosanacl.com\\\/producto\\\/sujetador-selene-sandra\\\/#primaryimage\"},\"image\":{\"@id\":\"https:\\\/\\\/rosanacl.com\\\/producto\\\/sujetador-selene-sandra\\\/#primaryimage\"},\"thumbnailUrl\":\"https:\\\/\\\/rosanacl.com\\\/wp-content\\\/uploads\\\/2025\\\/08\\\/1-13-e1756816082563.png\",\"datePublished\":\"2025-08-19T08:06:11+00:00\",\"dateModified\":\"2026-01-07T22:48:01+00:00\",\"breadcrumb\":{\"@id\":\"https:\\\/\\\/rosanacl.com\\\/producto\\\/sujetador-selene-sandra\\\/#breadcrumb\"},\"inLanguage\":\"is\",\"potentialAction\":[{\"@type\":\"ReadAction\",\"target\":[\"https:\\\/\\\/rosanacl.com\\\/producto\\\/sujetador-selene-sandra\\\/\"]}]},{\"@type\":\"ImageObject\",\"inLanguage\":\"is\",\"@id\":\"https:\\\/\\\/rosanacl.com\\\/producto\\\/sujetador-selene-sandra\\\/#primaryimage\",\"url\":\"https:\\\/\\\/rosanacl.com\\\/wp-content\\\/uploads\\\/2025\\\/08\\\/1-13-e1756816082563.png\",\"contentUrl\":\"https:\\\/\\\/rosanacl.com\\\/wp-content\\\/uploads\\\/2025\\\/08\\\/1-13-e1756816082563.png\",\"width\":710,\"height\":840},{\"@type\":\"BreadcrumbList\",\"@id\":\"https:\\\/\\\/rosanacl.com\\\/producto\\\/sujetador-selene-sandra\\\/#breadcrumb\",\"itemListElement\":[{\"@type\":\"ListItem\",\"position\":1,\"name\":\"Portada\",\"item\":\"https:\\\/\\\/rosanacl.com\\\/ca\\\/\"},{\"@type\":\"ListItem\",\"position\":2,\"name\":\"Tienda\",\"item\":\"https:\\\/\\\/rosanacl.com\\\/ca\\\/tienda\\\/\"},{\"@type\":\"ListItem\",\"position\":3,\"name\":\"Sujetador Selene Sandra\"}]},{\"@type\":\"WebSite\",\"@id\":\"https:\\\/\\\/rosanacl.com\\\/ca\\\/#website\",\"url\":\"https:\\\/\\\/rosanacl.com\\\/ca\\\/\",\"name\":\"Rosana CL\",\"description\":\"Somos tu interior\",\"potentialAction\":[{\"@type\":\"SearchAction\",\"target\":{\"@type\":\"EntryPoint\",\"urlTemplate\":\"https:\\\/\\\/rosanacl.com\\\/ca\\\/?s={search_term_string}\"},\"query-input\":{\"@type\":\"PropertyValueSpecification\",\"valueRequired\":true,\"valueName\":\"search_term_string\"}}],\"inLanguage\":\"is\"}]}<\/script>\n<!-- \/ Yoast SEO plugin. -->","yoast_head_json":{"title":"Sujetador Selene Sandra - Rosana CL","robots":{"index":"index","follow":"follow","max-snippet":"max-snippet:-1","max-image-preview":"max-image-preview:large","max-video-preview":"max-video-preview:-1"},"canonical":"https:\/\/rosanacl.com\/is\/product\/sujetador-selene-sandra\/","og_locale":"is_IS","og_type":"article","og_title":"Sujetador Selene Sandra - Rosana CL","og_url":"https:\/\/rosanacl.com\/is\/product\/sujetador-selene-sandra\/","og_site_name":"Rosana CL","article_modified_time":"2026-01-07T22:48:01+00:00","og_image":[{"width":710,"height":840,"url":"https:\/\/rosanacl.com\/wp-content\/uploads\/2025\/08\/1-13-e1756816082563.png","type":"image\/png"}],"twitter_card":"summary_large_image","twitter_misc":{"Est. reading time":"2 minutes"},"schema":{"@context":"https:\/\/schema.org","@graph":[{"@type":"WebPage","@id":"https:\/\/rosanacl.com\/producto\/sujetador-selene-sandra\/","url":"https:\/\/rosanacl.com\/producto\/sujetador-selene-sandra\/","name":"Sujetador Selene Sandra - Rosana CL","isPartOf":{"@id":"https:\/\/rosanacl.com\/ca\/#website"},"primaryImageOfPage":{"@id":"https:\/\/rosanacl.com\/producto\/sujetador-selene-sandra\/#primaryimage"},"image":{"@id":"https:\/\/rosanacl.com\/producto\/sujetador-selene-sandra\/#primaryimage"},"thumbnailUrl":"https:\/\/rosanacl.com\/wp-content\/uploads\/2025\/08\/1-13-e1756816082563.png","datePublished":"2025-08-19T08:06:11+00:00","dateModified":"2026-01-07T22:48:01+00:00","breadcrumb":{"@id":"https:\/\/rosanacl.com\/producto\/sujetador-selene-sandra\/#breadcrumb"},"inLanguage":"is","potentialAction":[{"@type":"ReadAction","target":["https:\/\/rosanacl.com\/producto\/sujetador-selene-sandra\/"]}]},{"@type":"ImageObject","inLanguage":"is","@id":"https:\/\/rosanacl.com\/producto\/sujetador-selene-sandra\/#primaryimage","url":"https:\/\/rosanacl.com\/wp-content\/uploads\/2025\/08\/1-13-e1756816082563.png","contentUrl":"https:\/\/rosanacl.com\/wp-content\/uploads\/2025\/08\/1-13-e1756816082563.png","width":710,"height":840},{"@type":"BreadcrumbList","@id":"https:\/\/rosanacl.com\/producto\/sujetador-selene-sandra\/#breadcrumb","itemListElement":[{"@type":"ListItem","position":1,"name":"Portada","item":"https:\/\/rosanacl.com\/ca\/"},{"@type":"ListItem","position":2,"name":"Tienda","item":"https:\/\/rosanacl.com\/ca\/tienda\/"},{"@type":"ListItem","position":3,"name":"Sujetador Selene Sandra"}]},{"@type":"WebSite","@id":"https:\/\/rosanacl.com\/ca\/#website","url":"https:\/\/rosanacl.com\/ca\/","name":"Rosana CL","description":"Vi\u00f0 erum innra sj\u00e1lf \u00feitt","potentialAction":[{"@type":"SearchAction","target":{"@type":"EntryPoint","urlTemplate":"https:\/\/rosanacl.com\/ca\/?s={search_term_string}"},"query-input":{"@type":"PropertyValueSpecification","valueRequired":true,"valueName":"search_term_string"}}],"inLanguage":"is"}]}},"_links":{"self":[{"href":"https:\/\/rosanacl.com\/is\/wp-json\/wp\/v2\/product\/3581","targetHints":{"allow":["GET"]}}],"collection":[{"href":"https:\/\/rosanacl.com\/is\/wp-json\/wp\/v2\/product"}],"about":[{"href":"https:\/\/rosanacl.com\/is\/wp-json\/wp\/v2\/types\/product"}],"replies":[{"embeddable":true,"href":"https:\/\/rosanacl.com\/is\/wp-json\/wp\/v2\/comments?post=3581"}],"version-history":[{"count":5,"href":"https:\/\/rosanacl.com\/is\/wp-json\/wp\/v2\/product\/3581\/revisions"}],"predecessor-version":[{"id":4631,"href":"https:\/\/rosanacl.com\/is\/wp-json\/wp\/v2\/product\/3581\/revisions\/4631"}],"wp:featuredmedia":[{"embeddable":true,"href":"https:\/\/rosanacl.com\/is\/wp-json\/wp\/v2\/media\/3597"}],"wp:attachment":[{"href":"https:\/\/rosanacl.com\/is\/wp-json\/wp\/v2\/media?parent=3581"}],"wp:term":[{"taxonomy":"product_brand","embeddable":true,"href":"https:\/\/rosanacl.com\/is\/wp-json\/wp\/v2\/product_brand?post=3581"},{"taxonomy":"product_cat","embeddable":true,"href":"https:\/\/rosanacl.com\/is\/wp-json\/wp\/v2\/product_cat?post=3581"},{"taxonomy":"product_tag","embeddable":true,"href":"https:\/\/rosanacl.com\/is\/wp-json\/wp\/v2\/product_tag?post=3581"}],"curies":[{"name":"wp","href":"https:\/\/api.w.org\/{rel}","templated":true}]}}