{"id":415,"date":"2025-04-29T14:53:31","date_gmt":"2025-04-29T12:53:31","guid":{"rendered":"https:\/\/rosanacl.com\/?post_type=product&#038;p=415"},"modified":"2026-01-07T21:40:46","modified_gmt":"2026-01-07T20:40:46","slug":"sujetador-modelo-belen","status":"publish","type":"product","link":"https:\/\/rosanacl.com\/is\/product\/sujetador-modelo-belen\/","title":{"rendered":"Selene Belen brj\u00f3stahaldari"},"content":{"rendered":"<p>\u00dea\u00f0 eru til fl\u00edkur sem reyna ekki a\u00f0 vekja athygli: \u00fe\u00e6r reyna a\u00f0 gera l\u00edf \u00feitt au\u00f0veldara ... og samt finnst \u00feeim \u00fe\u00e6r s\u00e9rstakar. Bel\u00e9n er \u00feessi v\u00edralausi, \u00f3fyllti brj\u00f3stahaldari sem veitir \u00fe\u00e9ttan stu\u00f0ning \u00e1n \u00feess a\u00f0 vera takmarkandi og fylgir \u00fe\u00e9r fr\u00e1 \u00fev\u00ed a\u00f0 \u00fe\u00fa vaknar og gefur \u00fe\u00e9r tilfinningu um a\u00f0 vera fullkomlega \u00e1 s\u00ednum sta\u00f0. Tilvali\u00f0 ef \u00fe\u00fa forgangsra\u00f0ar raunverulegum stu\u00f0ningi, hreyfifrelsi og st\u00f6\u00f0ugri passform.<\/p>\n<p>Opnunin a\u00f0 framan gerir \u00feetta (\u00ed alv\u00f6ru) au\u00f0velt: h\u00fan festist hratt, helst vel og heldur brj\u00f3stunum \u00e1 s\u00ednum sta\u00f0 me\u00f0 uppbyggingu sem er h\u00f6nnu\u00f0 fyrir daglegt notkun. Me\u00f0 C-bolla og r\u00famg\u00f3\u00f0u st\u00e6r\u00f0ar\u00farvali er \u00feetta \u00e1rei\u00f0anlegur st\u00edll \u00feegar \u00fe\u00fa vilt l\u00ed\u00f0a vel ... en samt vera \u00f6rugg\/ur.<\/p>\n<p>Sm\u00e1atri\u00f0in sem skipta m\u00e1li<\/p>\n<ul>\n<li>Opnun a\u00f0 framan: hagn\u00fdt, flj\u00f3tleg og au\u00f0veld \u00ed notkun\/afnotun.<\/li>\n<li>Engin v\u00edr + engin b\u00f3lstrun: n\u00e1tt\u00farulegur stu\u00f0ningur, enginn \u00f3\u00fearfa \u00fer\u00fdstingur.<\/li>\n<li>Brei\u00f0ara bak: veitir st\u00f6\u00f0ugleika og tilfinningu um a\u00f0 vera \u00abvel studdur\u00bb.<\/li>\n<li>Stillanlegar og brei\u00f0ar \u00f3lar: betri \u00feyngdardreifing og f\u00ednstillanleg stilling.<\/li>\n<li>C-bolli me\u00f0 r\u00edflegri st\u00e6r\u00f0 (hanna\u00f0ur fyrir stu\u00f0ning).<\/li>\n<\/ul>\n<p>\ud83d\udde3\ufe0f R\u00e1\u00f0: Bel\u00e9n er gert \u00feegar \u00fe\u00fa vilt l\u00edta vel \u00fat \u00e1n \u00feess a\u00f0 finnast \u00fe\u00fa vera \u00ab\u00fer\u00f6ng\/ur\u00bb: \u00fea\u00f0 sty\u00f0ur, m\u00f3tar og skilur eftir tilfinningu fyrir gl\u00e6silegu \u00f6ryggi, eins og \u00fe\u00fa tekur eftir um lei\u00f0 og \u00fe\u00fa kl\u00e6\u00f0ist \u00fev\u00ed.<\/p>\n<p>\ud83d\udccf Athugi\u00f0: Til a\u00f0 f\u00e1 r\u00e9tta st\u00e6r\u00f0 \u00ed Bel\u00e9n skaltu forgangsra\u00f0a \u00fe\u00e9ttri beltissn\u00faru (\u00feetta er \u00fea\u00f0 sem veitir stu\u00f0ning) og stilla a\u00f0eins \u00f3larnar \u00ed lokin. Ef \u00fe\u00fa ert \u00f3viss \u00e1 milli tveggja st\u00e6r\u00f0a skaltu velja belti\u00f0 sem passar betur: \u00feetta tryggir a\u00f0 bollarnir sitji betur og brj\u00f3stahaldarinn l\u00edti betur \u00fat fr\u00e1 upphafi.<\/p>\n<p>Efni: 82% p\u00f3l\u00fdester \u2014 18% elastan<\/p>\n<p>\ud83e\uddf1 \u00abVel sta\u00f0sett\u00bb \u00e1hrif: st\u00edfur bak, brj\u00f3stkassi \u00e1 s\u00ednum sta\u00f0.<\/p>\n<div id=\"v1ms-outlook-mobile-body-separator-line\" dir=\"auto\"><\/div>","protected":false},"excerpt":{"rendered":"<p>Hay prendas que no buscan llamar la atenci\u00f3n: buscan hacerte la vida f\u00e1cil&#8230; y aun as\u00ed se sienten especiales. El Bel\u00e9n es ese sujetador sin aros y sin relleno que sujeta con firmeza, sin castigar, y que te acompa\u00f1a desde primera hora con una sensaci\u00f3n muy \u00abbien puesta\u00bb. Ideal si priorizas sujeci\u00f3n real, libertad y [&hellip;]<\/p>\n","protected":false},"featured_media":444,"comment_status":"open","ping_status":"closed","template":"","meta":{"content-type":""},"product_brand":[55],"product_cat":[23,20],"product_tag":[59,56],"class_list":{"0":"post-415","1":"product","2":"type-product","3":"status-publish","4":"has-post-thumbnail","6":"product_brand-selene","7":"product_cat-abierto-delante","8":"product_cat-sujetador","9":"product_tag-abierto-alante","10":"product_tag-sujetador","12":"first","13":"instock","14":"taxable","15":"shipping-taxable","16":"purchasable","17":"product-type-variable"},"supplier_id":null,"supplier_sku":"","barcode":null,"atum_controlled":true,"out_stock_date":null,"out_stock_threshold":null,"inheritable":true,"inbound_stock":null,"stock_on_hold":0,"sold_today":0,"sales_last_days":0,"reserved_stock":null,"customer_returns":null,"warehouse_damage":null,"lost_in_post":null,"other_logs":null,"out_stock_days":0,"lost_sales":0,"has_location":false,"update_date":"2026-01-07T20:40:47","atum_locations":[],"atum_stock_status":"instock","restock_status":false,"low_stock_amount":"","sales_update_date":"2025-08-19T02:35:53","calc_backorders":null,"yoast_head":"<!-- This site is optimized with the Yoast SEO plugin v27.4 - https:\/\/yoast.com\/product\/yoast-seo-wordpress\/ -->\n<title>Sujetador Selene Belen - Rosana CL<\/title>\n<meta name=\"robots\" content=\"index, follow, max-snippet:-1, max-image-preview:large, max-video-preview:-1\" \/>\n<link rel=\"canonical\" href=\"https:\/\/rosanacl.com\/is\/product\/sujetador-modelo-belen\/\" \/>\n<meta property=\"og:locale\" content=\"is_IS\" \/>\n<meta property=\"og:type\" content=\"article\" \/>\n<meta property=\"og:title\" content=\"Sujetador Selene Belen - Rosana CL\" \/>\n<meta property=\"og:description\" content=\"Hay prendas que no buscan llamar la atenci\u00f3n: buscan hacerte la vida f\u00e1cil&#8230; y aun as\u00ed se sienten especiales. El Bel\u00e9n es ese sujetador sin aros y sin relleno que sujeta con firmeza, sin castigar, y que te acompa\u00f1a desde primera hora con una sensaci\u00f3n muy \u00abbien puesta\u00bb. Ideal si priorizas sujeci\u00f3n real, libertad y [&hellip;]\" \/>\n<meta property=\"og:url\" content=\"https:\/\/rosanacl.com\/is\/product\/sujetador-modelo-belen\/\" \/>\n<meta property=\"og:site_name\" content=\"Rosana CL\" \/>\n<meta property=\"article:modified_time\" content=\"2026-01-07T20:40:46+00:00\" \/>\n<meta property=\"og:image\" content=\"https:\/\/rosanacl.com\/wp-content\/uploads\/2025\/04\/Sujetador-Selene-modelo-Belen__00001.webp\" \/>\n\t<meta property=\"og:image:width\" content=\"1000\" \/>\n\t<meta property=\"og:image:height\" content=\"1000\" \/>\n\t<meta property=\"og:image:type\" content=\"image\/webp\" \/>\n<meta name=\"twitter:card\" content=\"summary_large_image\" \/>\n<meta name=\"twitter:label1\" content=\"Est. reading time\" \/>\n\t<meta name=\"twitter:data1\" content=\"2 minutes\" \/>\n<script type=\"application\/ld+json\" class=\"yoast-schema-graph\">{\"@context\":\"https:\\\/\\\/schema.org\",\"@graph\":[{\"@type\":\"WebPage\",\"@id\":\"https:\\\/\\\/rosanacl.com\\\/producto\\\/sujetador-modelo-belen\\\/\",\"url\":\"https:\\\/\\\/rosanacl.com\\\/producto\\\/sujetador-modelo-belen\\\/\",\"name\":\"Sujetador Selene Belen - Rosana CL\",\"isPartOf\":{\"@id\":\"https:\\\/\\\/rosanacl.com\\\/ca\\\/#website\"},\"primaryImageOfPage\":{\"@id\":\"https:\\\/\\\/rosanacl.com\\\/producto\\\/sujetador-modelo-belen\\\/#primaryimage\"},\"image\":{\"@id\":\"https:\\\/\\\/rosanacl.com\\\/producto\\\/sujetador-modelo-belen\\\/#primaryimage\"},\"thumbnailUrl\":\"https:\\\/\\\/rosanacl.com\\\/wp-content\\\/uploads\\\/2025\\\/04\\\/Sujetador-Selene-modelo-Belen__00001.webp\",\"datePublished\":\"2025-04-29T12:53:31+00:00\",\"dateModified\":\"2026-01-07T20:40:46+00:00\",\"breadcrumb\":{\"@id\":\"https:\\\/\\\/rosanacl.com\\\/producto\\\/sujetador-modelo-belen\\\/#breadcrumb\"},\"inLanguage\":\"is\",\"potentialAction\":[{\"@type\":\"ReadAction\",\"target\":[\"https:\\\/\\\/rosanacl.com\\\/producto\\\/sujetador-modelo-belen\\\/\"]}]},{\"@type\":\"ImageObject\",\"inLanguage\":\"is\",\"@id\":\"https:\\\/\\\/rosanacl.com\\\/producto\\\/sujetador-modelo-belen\\\/#primaryimage\",\"url\":\"https:\\\/\\\/rosanacl.com\\\/wp-content\\\/uploads\\\/2025\\\/04\\\/Sujetador-Selene-modelo-Belen__00001.webp\",\"contentUrl\":\"https:\\\/\\\/rosanacl.com\\\/wp-content\\\/uploads\\\/2025\\\/04\\\/Sujetador-Selene-modelo-Belen__00001.webp\",\"width\":1000,\"height\":1000},{\"@type\":\"BreadcrumbList\",\"@id\":\"https:\\\/\\\/rosanacl.com\\\/producto\\\/sujetador-modelo-belen\\\/#breadcrumb\",\"itemListElement\":[{\"@type\":\"ListItem\",\"position\":1,\"name\":\"Portada\",\"item\":\"https:\\\/\\\/rosanacl.com\\\/ca\\\/\"},{\"@type\":\"ListItem\",\"position\":2,\"name\":\"Tienda\",\"item\":\"https:\\\/\\\/rosanacl.com\\\/ca\\\/tienda\\\/\"},{\"@type\":\"ListItem\",\"position\":3,\"name\":\"Sujetador Selene Belen\"}]},{\"@type\":\"WebSite\",\"@id\":\"https:\\\/\\\/rosanacl.com\\\/ca\\\/#website\",\"url\":\"https:\\\/\\\/rosanacl.com\\\/ca\\\/\",\"name\":\"Rosana CL\",\"description\":\"Somos tu interior\",\"potentialAction\":[{\"@type\":\"SearchAction\",\"target\":{\"@type\":\"EntryPoint\",\"urlTemplate\":\"https:\\\/\\\/rosanacl.com\\\/ca\\\/?s={search_term_string}\"},\"query-input\":{\"@type\":\"PropertyValueSpecification\",\"valueRequired\":true,\"valueName\":\"search_term_string\"}}],\"inLanguage\":\"is\"}]}<\/script>\n<!-- \/ Yoast SEO plugin. -->","yoast_head_json":{"title":"Sujetador Selene Belen - Rosana CL","robots":{"index":"index","follow":"follow","max-snippet":"max-snippet:-1","max-image-preview":"max-image-preview:large","max-video-preview":"max-video-preview:-1"},"canonical":"https:\/\/rosanacl.com\/is\/product\/sujetador-modelo-belen\/","og_locale":"is_IS","og_type":"article","og_title":"Sujetador Selene Belen - Rosana CL","og_description":"Hay prendas que no buscan llamar la atenci\u00f3n: buscan hacerte la vida f\u00e1cil&#8230; y aun as\u00ed se sienten especiales. El Bel\u00e9n es ese sujetador sin aros y sin relleno que sujeta con firmeza, sin castigar, y que te acompa\u00f1a desde primera hora con una sensaci\u00f3n muy \u00abbien puesta\u00bb. Ideal si priorizas sujeci\u00f3n real, libertad y [&hellip;]","og_url":"https:\/\/rosanacl.com\/is\/product\/sujetador-modelo-belen\/","og_site_name":"Rosana CL","article_modified_time":"2026-01-07T20:40:46+00:00","og_image":[{"width":1000,"height":1000,"url":"https:\/\/rosanacl.com\/wp-content\/uploads\/2025\/04\/Sujetador-Selene-modelo-Belen__00001.webp","type":"image\/webp"}],"twitter_card":"summary_large_image","twitter_misc":{"Est. reading time":"2 minutes"},"schema":{"@context":"https:\/\/schema.org","@graph":[{"@type":"WebPage","@id":"https:\/\/rosanacl.com\/producto\/sujetador-modelo-belen\/","url":"https:\/\/rosanacl.com\/producto\/sujetador-modelo-belen\/","name":"Sujetador Selene Belen - Rosana CL","isPartOf":{"@id":"https:\/\/rosanacl.com\/ca\/#website"},"primaryImageOfPage":{"@id":"https:\/\/rosanacl.com\/producto\/sujetador-modelo-belen\/#primaryimage"},"image":{"@id":"https:\/\/rosanacl.com\/producto\/sujetador-modelo-belen\/#primaryimage"},"thumbnailUrl":"https:\/\/rosanacl.com\/wp-content\/uploads\/2025\/04\/Sujetador-Selene-modelo-Belen__00001.webp","datePublished":"2025-04-29T12:53:31+00:00","dateModified":"2026-01-07T20:40:46+00:00","breadcrumb":{"@id":"https:\/\/rosanacl.com\/producto\/sujetador-modelo-belen\/#breadcrumb"},"inLanguage":"is","potentialAction":[{"@type":"ReadAction","target":["https:\/\/rosanacl.com\/producto\/sujetador-modelo-belen\/"]}]},{"@type":"ImageObject","inLanguage":"is","@id":"https:\/\/rosanacl.com\/producto\/sujetador-modelo-belen\/#primaryimage","url":"https:\/\/rosanacl.com\/wp-content\/uploads\/2025\/04\/Sujetador-Selene-modelo-Belen__00001.webp","contentUrl":"https:\/\/rosanacl.com\/wp-content\/uploads\/2025\/04\/Sujetador-Selene-modelo-Belen__00001.webp","width":1000,"height":1000},{"@type":"BreadcrumbList","@id":"https:\/\/rosanacl.com\/producto\/sujetador-modelo-belen\/#breadcrumb","itemListElement":[{"@type":"ListItem","position":1,"name":"Portada","item":"https:\/\/rosanacl.com\/ca\/"},{"@type":"ListItem","position":2,"name":"Tienda","item":"https:\/\/rosanacl.com\/ca\/tienda\/"},{"@type":"ListItem","position":3,"name":"Sujetador Selene Belen"}]},{"@type":"WebSite","@id":"https:\/\/rosanacl.com\/ca\/#website","url":"https:\/\/rosanacl.com\/ca\/","name":"Rosana CL","description":"Vi\u00f0 erum innra sj\u00e1lf \u00feitt","potentialAction":[{"@type":"SearchAction","target":{"@type":"EntryPoint","urlTemplate":"https:\/\/rosanacl.com\/ca\/?s={search_term_string}"},"query-input":{"@type":"PropertyValueSpecification","valueRequired":true,"valueName":"search_term_string"}}],"inLanguage":"is"}]}},"_links":{"self":[{"href":"https:\/\/rosanacl.com\/is\/wp-json\/wp\/v2\/product\/415","targetHints":{"allow":["GET"]}}],"collection":[{"href":"https:\/\/rosanacl.com\/is\/wp-json\/wp\/v2\/product"}],"about":[{"href":"https:\/\/rosanacl.com\/is\/wp-json\/wp\/v2\/types\/product"}],"replies":[{"embeddable":true,"href":"https:\/\/rosanacl.com\/is\/wp-json\/wp\/v2\/comments?post=415"}],"version-history":[{"count":5,"href":"https:\/\/rosanacl.com\/is\/wp-json\/wp\/v2\/product\/415\/revisions"}],"predecessor-version":[{"id":4621,"href":"https:\/\/rosanacl.com\/is\/wp-json\/wp\/v2\/product\/415\/revisions\/4621"}],"wp:featuredmedia":[{"embeddable":true,"href":"https:\/\/rosanacl.com\/is\/wp-json\/wp\/v2\/media\/444"}],"wp:attachment":[{"href":"https:\/\/rosanacl.com\/is\/wp-json\/wp\/v2\/media?parent=415"}],"wp:term":[{"taxonomy":"product_brand","embeddable":true,"href":"https:\/\/rosanacl.com\/is\/wp-json\/wp\/v2\/product_brand?post=415"},{"taxonomy":"product_cat","embeddable":true,"href":"https:\/\/rosanacl.com\/is\/wp-json\/wp\/v2\/product_cat?post=415"},{"taxonomy":"product_tag","embeddable":true,"href":"https:\/\/rosanacl.com\/is\/wp-json\/wp\/v2\/product_tag?post=415"}],"curies":[{"name":"wp","href":"https:\/\/api.w.org\/{rel}","templated":true}]}}