{"id":483,"date":"2025-04-29T19:07:26","date_gmt":"2025-04-29T17:07:26","guid":{"rendered":"https:\/\/rosanacl.com\/?post_type=product&#038;p=483"},"modified":"2026-01-07T21:35:44","modified_gmt":"2026-01-07T20:35:44","slug":"sujetador-modelo-estela","status":"publish","type":"product","link":"https:\/\/rosanacl.com\/is\/product\/sujetador-modelo-estela\/","title":{"rendered":"Selene Estela brj\u00f3stahaldari"},"content":{"rendered":"<p>Estela de Selene er einstaklega \u00fe\u00e6gilegt: v\u00edralaust og \u00e1n b\u00f3lstra, me\u00f0 uppbyggingu sem er h\u00f6nnu\u00f0 til a\u00f0 safna saman, sty\u00f0ja og m\u00f3ta brj\u00f3stin me\u00f0 mj\u00fakri en samt st\u00f6\u00f0ugri tilfinningu. Tv\u00f6falt lag af sat\u00edn \u00f6rf\u00edberefni veitir hreina \u00e1fer\u00f0 sem er falleg vi\u00f0komu og l\u00edtur vel \u00fat, \u00e1 me\u00f0an tyll sm\u00e1atri\u00f0in b\u00e6ta vi\u00f0 l\u00e9ttleika og kvenleika \u00e1n \u00feess a\u00f0 vera \u00f3h\u00f3fleg.<\/p>\n<p>Ef \u00fe\u00fa vilt brj\u00f3stahaldara sem veldur \u00fe\u00e9r ekki vandr\u00e6\u00f0um, helst \u00e1 s\u00ednum sta\u00f0 og veitir \u00fe\u00e9r \u00abstu\u00f0ning\u00bb \u00e1n \u00feess a\u00f0 vera of \u00fer\u00f6ngur, \u00fe\u00e1 er Estela ein af \u00feeim ger\u00f0um sem ver\u00f0ur \u00f6ruggt val fyrir \u00feig: \u00fe\u00fa s\u00e9r\u00f0 g\u00e6\u00f0in, hann a\u00f0lagast og vi\u00f0heldur n\u00e1tt\u00farulegri og fallegri l\u00ednu.<\/p>\n<p>\u00dea\u00f0 sem \u00fe\u00e9r l\u00edkar vi\u00f0 Estela<\/p>\n<ul>\n<li>V\u00edralaus \/ \u00f3fyllt: n\u00e1tt\u00farulegt, \u00fe\u00e6gilegt og mj\u00f6g noth\u00e6ft.<\/li>\n<li>Tv\u00f6falt sat\u00edn \u00f6rtrefjaefni: st\u00f6\u00f0ugt grip me\u00f0 f\u00ednni tilfinningu.<\/li>\n<li>Sm\u00e1atri\u00f0i \u00far tyll: gl\u00e6sileg og l\u00e9tt, \u00e1n \u00feess a\u00f0 vera yfir\u00feyrmandi.<\/li>\n<li>Passform sem safnar saman og sty\u00f0ur \u00e1n \u00feess a\u00f0 fa\u00f0ma of miki\u00f0.<\/li>\n<li>Tilvali\u00f0 fyrir \u00fe\u00e1 sem leita a\u00f0 \u00fe\u00e6gilegum stu\u00f0ningi og f\u00e1ga\u00f0ri \u00e1fer\u00f0.<\/li>\n<\/ul>\n<p>\ud83d\udde3\ufe0f R\u00e1\u00f0: Ef \u00fe\u00fa ert a\u00f0 leita a\u00f0 brj\u00f3stahaldara sem er r\u00f3legur \u00feegar \u00fe\u00fa kl\u00e6\u00f0ist honum (mj\u00fakur, st\u00f6\u00f0ugur og \u00e1n \u00feess a\u00f0 \u00fe\u00fa s\u00e9rt a\u00f0 berjast vi\u00f0 hann), \u00fe\u00e1 sn\u00fdst Estela um \u00fea\u00f0: \u00fe\u00e6gindi me\u00f0 sj\u00e1lfstrausti. Pr\u00f3fa\u00f0u hann me\u00f0 \u00feynnsta bolnum \u00fe\u00ednum og taktu eftir tilfinningunni: brj\u00f3stin \u00fe\u00edn finna fyrir stu\u00f0ningi, l\u00edkamssta\u00f0an er \u00f6ruggari og \u00fe\u00fa munt alls ekki vilja a\u00f0laga hann aftur.<\/p>\n<p>\ud83d\udccf Athugi\u00f0: Flj\u00f3tlegt brag\u00f0 til a\u00f0 finna r\u00e9tta st\u00e6r\u00f0: m\u00e6li\u00f0 undirbrj\u00f3sti\u00f0 og hugsi\u00f0 um \u00fe\u00e6gilegan stu\u00f0ning \u00feegar \u00fei\u00f0 velji\u00f0. Ef \u00fei\u00f0 eru\u00f0 \u00e1 milli tveggja st\u00e6r\u00f0a, velji\u00f0 \u00fe\u00e1 \u00fe\u00e1 sem passar vel en er ekki of \u00fer\u00f6ng: \u00feannig vi\u00f0heldur \u00fe\u00fa fallega \u00fatlitinu og for\u00f0ast \u00f3\u00fearfa skipti.<\/p>\n<p>Samsetning: 83% p\u00f3l\u00fdam\u00ed\u00f0, 17% elastan.<\/p>\n<p>\ud83d\udddd\ufe0f Leyndarm\u00e1l \u00feitt a\u00f0 huggun me\u00f0 n\u00e6rveru.<\/p>\n<div id=\"v1ms-outlook-mobile-body-separator-line\" dir=\"auto\"><\/div>\n<div id=\"v1ms-outlook-mobile-body-separator-line\" dir=\"auto\"><\/div>","protected":false},"excerpt":{"rendered":"<p>El Estela de Selene es una pieza de comodidad seria: sin aros y sin relleno, con una construcci\u00f3n pensada para recoger, sujetar y acompa\u00f1ar el pecho con una sensaci\u00f3n suave pero estable. La doble capa de microfibra satinada aporta ese acabado limpio que queda bonito al tacto y tambi\u00e9n a la vista, mientras el detalle [&hellip;]<\/p>\n","protected":false},"featured_media":1431,"comment_status":"open","ping_status":"closed","template":"","meta":{"content-type":""},"product_brand":[55],"product_cat":[25,20],"product_tag":[56,60],"class_list":{"0":"post-483","1":"product","2":"type-product","3":"status-publish","4":"has-post-thumbnail","6":"product_brand-selene","7":"product_cat-sin-aros","8":"product_cat-sujetador","9":"product_tag-sujetador","10":"product_tag-sujetador-sin-aros","12":"first","13":"instock","14":"taxable","15":"shipping-taxable","16":"purchasable","17":"product-type-variable"},"supplier_id":null,"supplier_sku":"","barcode":null,"atum_controlled":true,"out_stock_date":null,"out_stock_threshold":null,"inheritable":true,"inbound_stock":0,"stock_on_hold":0,"sold_today":0,"sales_last_days":0,"reserved_stock":0,"customer_returns":0,"warehouse_damage":0,"lost_in_post":0,"other_logs":0,"out_stock_days":0,"lost_sales":0,"has_location":false,"update_date":"2026-01-07T20:35:45","atum_locations":[],"atum_stock_status":"instock","restock_status":false,"low_stock_amount":"","sales_update_date":"2025-08-19T02:35:53","calc_backorders":null,"yoast_head":"<!-- This site is optimized with the Yoast SEO plugin v27.4 - https:\/\/yoast.com\/product\/yoast-seo-wordpress\/ -->\n<title>Sujetador Selene Estela - Rosana CL<\/title>\n<meta name=\"robots\" content=\"index, follow, max-snippet:-1, max-image-preview:large, max-video-preview:-1\" \/>\n<link rel=\"canonical\" href=\"https:\/\/rosanacl.com\/is\/product\/sujetador-modelo-estela\/\" \/>\n<meta property=\"og:locale\" content=\"is_IS\" \/>\n<meta property=\"og:type\" content=\"article\" \/>\n<meta property=\"og:title\" content=\"Sujetador Selene Estela - Rosana CL\" \/>\n<meta property=\"og:description\" content=\"El Estela de Selene es una pieza de comodidad seria: sin aros y sin relleno, con una construcci\u00f3n pensada para recoger, sujetar y acompa\u00f1ar el pecho con una sensaci\u00f3n suave pero estable. La doble capa de microfibra satinada aporta ese acabado limpio que queda bonito al tacto y tambi\u00e9n a la vista, mientras el detalle [&hellip;]\" \/>\n<meta property=\"og:url\" content=\"https:\/\/rosanacl.com\/is\/product\/sujetador-modelo-estela\/\" \/>\n<meta property=\"og:site_name\" content=\"Rosana CL\" \/>\n<meta property=\"article:modified_time\" content=\"2026-01-07T20:35:44+00:00\" \/>\n<meta property=\"og:image\" content=\"https:\/\/rosanacl.com\/wp-content\/uploads\/2025\/04\/Sujetador-Selene-modelo-Estela_000001.webp\" \/>\n\t<meta property=\"og:image:width\" content=\"1000\" \/>\n\t<meta property=\"og:image:height\" content=\"1000\" \/>\n\t<meta property=\"og:image:type\" content=\"image\/webp\" \/>\n<meta name=\"twitter:card\" content=\"summary_large_image\" \/>\n<meta name=\"twitter:label1\" content=\"Est. reading time\" \/>\n\t<meta name=\"twitter:data1\" content=\"2 minutes\" \/>\n<script type=\"application\/ld+json\" class=\"yoast-schema-graph\">{\"@context\":\"https:\\\/\\\/schema.org\",\"@graph\":[{\"@type\":\"WebPage\",\"@id\":\"https:\\\/\\\/rosanacl.com\\\/producto\\\/sujetador-modelo-estela\\\/\",\"url\":\"https:\\\/\\\/rosanacl.com\\\/producto\\\/sujetador-modelo-estela\\\/\",\"name\":\"Sujetador Selene Estela - Rosana CL\",\"isPartOf\":{\"@id\":\"https:\\\/\\\/rosanacl.com\\\/ca\\\/#website\"},\"primaryImageOfPage\":{\"@id\":\"https:\\\/\\\/rosanacl.com\\\/producto\\\/sujetador-modelo-estela\\\/#primaryimage\"},\"image\":{\"@id\":\"https:\\\/\\\/rosanacl.com\\\/producto\\\/sujetador-modelo-estela\\\/#primaryimage\"},\"thumbnailUrl\":\"https:\\\/\\\/rosanacl.com\\\/wp-content\\\/uploads\\\/2025\\\/04\\\/Sujetador-Selene-modelo-Estela_000001.webp\",\"datePublished\":\"2025-04-29T17:07:26+00:00\",\"dateModified\":\"2026-01-07T20:35:44+00:00\",\"breadcrumb\":{\"@id\":\"https:\\\/\\\/rosanacl.com\\\/producto\\\/sujetador-modelo-estela\\\/#breadcrumb\"},\"inLanguage\":\"is\",\"potentialAction\":[{\"@type\":\"ReadAction\",\"target\":[\"https:\\\/\\\/rosanacl.com\\\/producto\\\/sujetador-modelo-estela\\\/\"]}]},{\"@type\":\"ImageObject\",\"inLanguage\":\"is\",\"@id\":\"https:\\\/\\\/rosanacl.com\\\/producto\\\/sujetador-modelo-estela\\\/#primaryimage\",\"url\":\"https:\\\/\\\/rosanacl.com\\\/wp-content\\\/uploads\\\/2025\\\/04\\\/Sujetador-Selene-modelo-Estela_000001.webp\",\"contentUrl\":\"https:\\\/\\\/rosanacl.com\\\/wp-content\\\/uploads\\\/2025\\\/04\\\/Sujetador-Selene-modelo-Estela_000001.webp\",\"width\":1000,\"height\":1000},{\"@type\":\"BreadcrumbList\",\"@id\":\"https:\\\/\\\/rosanacl.com\\\/producto\\\/sujetador-modelo-estela\\\/#breadcrumb\",\"itemListElement\":[{\"@type\":\"ListItem\",\"position\":1,\"name\":\"Portada\",\"item\":\"https:\\\/\\\/rosanacl.com\\\/ca\\\/\"},{\"@type\":\"ListItem\",\"position\":2,\"name\":\"Tienda\",\"item\":\"https:\\\/\\\/rosanacl.com\\\/ca\\\/tienda\\\/\"},{\"@type\":\"ListItem\",\"position\":3,\"name\":\"Sujetador Selene Estela\"}]},{\"@type\":\"WebSite\",\"@id\":\"https:\\\/\\\/rosanacl.com\\\/ca\\\/#website\",\"url\":\"https:\\\/\\\/rosanacl.com\\\/ca\\\/\",\"name\":\"Rosana CL\",\"description\":\"Somos tu interior\",\"potentialAction\":[{\"@type\":\"SearchAction\",\"target\":{\"@type\":\"EntryPoint\",\"urlTemplate\":\"https:\\\/\\\/rosanacl.com\\\/ca\\\/?s={search_term_string}\"},\"query-input\":{\"@type\":\"PropertyValueSpecification\",\"valueRequired\":true,\"valueName\":\"search_term_string\"}}],\"inLanguage\":\"is\"}]}<\/script>\n<!-- \/ Yoast SEO plugin. -->","yoast_head_json":{"title":"Sujetador Selene Estela - Rosana CL","robots":{"index":"index","follow":"follow","max-snippet":"max-snippet:-1","max-image-preview":"max-image-preview:large","max-video-preview":"max-video-preview:-1"},"canonical":"https:\/\/rosanacl.com\/is\/product\/sujetador-modelo-estela\/","og_locale":"is_IS","og_type":"article","og_title":"Sujetador Selene Estela - Rosana CL","og_description":"El Estela de Selene es una pieza de comodidad seria: sin aros y sin relleno, con una construcci\u00f3n pensada para recoger, sujetar y acompa\u00f1ar el pecho con una sensaci\u00f3n suave pero estable. La doble capa de microfibra satinada aporta ese acabado limpio que queda bonito al tacto y tambi\u00e9n a la vista, mientras el detalle [&hellip;]","og_url":"https:\/\/rosanacl.com\/is\/product\/sujetador-modelo-estela\/","og_site_name":"Rosana CL","article_modified_time":"2026-01-07T20:35:44+00:00","og_image":[{"width":1000,"height":1000,"url":"https:\/\/rosanacl.com\/wp-content\/uploads\/2025\/04\/Sujetador-Selene-modelo-Estela_000001.webp","type":"image\/webp"}],"twitter_card":"summary_large_image","twitter_misc":{"Est. reading time":"2 minutes"},"schema":{"@context":"https:\/\/schema.org","@graph":[{"@type":"WebPage","@id":"https:\/\/rosanacl.com\/producto\/sujetador-modelo-estela\/","url":"https:\/\/rosanacl.com\/producto\/sujetador-modelo-estela\/","name":"Sujetador Selene Estela - Rosana CL","isPartOf":{"@id":"https:\/\/rosanacl.com\/ca\/#website"},"primaryImageOfPage":{"@id":"https:\/\/rosanacl.com\/producto\/sujetador-modelo-estela\/#primaryimage"},"image":{"@id":"https:\/\/rosanacl.com\/producto\/sujetador-modelo-estela\/#primaryimage"},"thumbnailUrl":"https:\/\/rosanacl.com\/wp-content\/uploads\/2025\/04\/Sujetador-Selene-modelo-Estela_000001.webp","datePublished":"2025-04-29T17:07:26+00:00","dateModified":"2026-01-07T20:35:44+00:00","breadcrumb":{"@id":"https:\/\/rosanacl.com\/producto\/sujetador-modelo-estela\/#breadcrumb"},"inLanguage":"is","potentialAction":[{"@type":"ReadAction","target":["https:\/\/rosanacl.com\/producto\/sujetador-modelo-estela\/"]}]},{"@type":"ImageObject","inLanguage":"is","@id":"https:\/\/rosanacl.com\/producto\/sujetador-modelo-estela\/#primaryimage","url":"https:\/\/rosanacl.com\/wp-content\/uploads\/2025\/04\/Sujetador-Selene-modelo-Estela_000001.webp","contentUrl":"https:\/\/rosanacl.com\/wp-content\/uploads\/2025\/04\/Sujetador-Selene-modelo-Estela_000001.webp","width":1000,"height":1000},{"@type":"BreadcrumbList","@id":"https:\/\/rosanacl.com\/producto\/sujetador-modelo-estela\/#breadcrumb","itemListElement":[{"@type":"ListItem","position":1,"name":"Portada","item":"https:\/\/rosanacl.com\/ca\/"},{"@type":"ListItem","position":2,"name":"Tienda","item":"https:\/\/rosanacl.com\/ca\/tienda\/"},{"@type":"ListItem","position":3,"name":"Sujetador Selene Estela"}]},{"@type":"WebSite","@id":"https:\/\/rosanacl.com\/ca\/#website","url":"https:\/\/rosanacl.com\/ca\/","name":"Rosana CL","description":"Vi\u00f0 erum innra sj\u00e1lf \u00feitt","potentialAction":[{"@type":"SearchAction","target":{"@type":"EntryPoint","urlTemplate":"https:\/\/rosanacl.com\/ca\/?s={search_term_string}"},"query-input":{"@type":"PropertyValueSpecification","valueRequired":true,"valueName":"search_term_string"}}],"inLanguage":"is"}]}},"_links":{"self":[{"href":"https:\/\/rosanacl.com\/is\/wp-json\/wp\/v2\/product\/483","targetHints":{"allow":["GET"]}}],"collection":[{"href":"https:\/\/rosanacl.com\/is\/wp-json\/wp\/v2\/product"}],"about":[{"href":"https:\/\/rosanacl.com\/is\/wp-json\/wp\/v2\/types\/product"}],"replies":[{"embeddable":true,"href":"https:\/\/rosanacl.com\/is\/wp-json\/wp\/v2\/comments?post=483"}],"version-history":[{"count":5,"href":"https:\/\/rosanacl.com\/is\/wp-json\/wp\/v2\/product\/483\/revisions"}],"predecessor-version":[{"id":4620,"href":"https:\/\/rosanacl.com\/is\/wp-json\/wp\/v2\/product\/483\/revisions\/4620"}],"wp:featuredmedia":[{"embeddable":true,"href":"https:\/\/rosanacl.com\/is\/wp-json\/wp\/v2\/media\/1431"}],"wp:attachment":[{"href":"https:\/\/rosanacl.com\/is\/wp-json\/wp\/v2\/media?parent=483"}],"wp:term":[{"taxonomy":"product_brand","embeddable":true,"href":"https:\/\/rosanacl.com\/is\/wp-json\/wp\/v2\/product_brand?post=483"},{"taxonomy":"product_cat","embeddable":true,"href":"https:\/\/rosanacl.com\/is\/wp-json\/wp\/v2\/product_cat?post=483"},{"taxonomy":"product_tag","embeddable":true,"href":"https:\/\/rosanacl.com\/is\/wp-json\/wp\/v2\/product_tag?post=483"}],"curies":[{"name":"wp","href":"https:\/\/api.w.org\/{rel}","templated":true}]}}