{"id":542,"date":"2025-04-29T19:14:55","date_gmt":"2025-04-29T17:14:55","guid":{"rendered":"https:\/\/rosanacl.com\/?post_type=product&#038;p=542"},"modified":"2026-01-10T23:07:14","modified_gmt":"2026-01-10T22:07:14","slug":"sujetador-modelo-elvira","status":"publish","type":"product","link":"https:\/\/rosanacl.com\/is\/product\/sujetador-modelo-elvira\/","title":{"rendered":"Selene Elvira brj\u00f3stahaldari"},"content":{"rendered":"<p>Selene Elvira brj\u00f3stahaldarinn er hanna\u00f0ur fyrir \u00fe\u00e1 daga \u00feegar \u00fe\u00fa vilt \u00fe\u00e6gindi \u00e1n \u00feess a\u00f0 f\u00f3rna fallegri l\u00f6gun. M\u00f3ta\u00f0, tv\u00f6falt lag af \u00f6rf\u00ednu efni umlykur brj\u00f3stin mj\u00faklega og skilur eftir l\u00e9ttan og einstakan h\u00fa\u00f0\u00e1fer\u00f0. \u00dear sem engir saumar eru \u00ed bollunum l\u00edtur hann vel \u00fat undir stuttermabolum og a\u00f0sni\u00f0num f\u00f6tum og b\u00fd\u00f0ur upp \u00e1 l\u00e1tlausa og flatterandi \u00e1fer\u00f0.<\/p>\n<p>\u00dear a\u00f0 auki er Elvira ein af \u00feeim st\u00edlum sem a\u00f0lagast l\u00edfsst\u00edl \u00fe\u00ednum: h\u00fan veitir stu\u00f0ning \u00e1n \u00feess a\u00f0 vera takm\u00f6rku\u00f0, dreifir \u00feyngd me\u00f0 brei\u00f0um \u00f3lum og er fullkomin fyrir daglegt notkun sem og \u00feegar \u00fe\u00fa ert a\u00f0 leita a\u00f0 \u00fe\u00e6gilegum \u00ed\u00fer\u00f3ttabrj\u00f3stahaldara til a\u00f0 hreyfa \u00feig frj\u00e1lslega. H\u00fan er snj\u00f6ll nau\u00f0syn fyrir \u00fe\u00e1 sem leggja \u00e1herslu \u00e1 stu\u00f0ning, \u00fe\u00e6gindi og notagildi, me\u00f0 sm\u00e1 gl\u00e6sileika \u00ed sm\u00e1atri\u00f0unum.<\/p>\n<p>\u00dea\u00f0 sem \u00fe\u00fa munt taka eftir (og l\u00edka) vi\u00f0 Elviru<\/p>\n<ul>\n<li>Form\u00f3ta\u00f0 tv\u00f6falt lag af \u00f6rtrefjum: \u00fe\u00e6gilegur stu\u00f0ningur og n\u00e1tt\u00faruleg \u00e1hrif.<\/li>\n<li>\u00d3a\u00f0finnanlegur bolli: hann s\u00e9st ekki \u00ed gegn og passar fullkomlega undir f\u00f6tum.<\/li>\n<li>Brei\u00f0ar \u00f3lar: betri \u00feyngdardreifing og meiri \u00fe\u00e6gindi \u00e1 \u00f6xlum.<\/li>\n<li>St\u00f6\u00f0ugur stu\u00f0ningur fyrir daglega notkun (tilvali\u00f0 ef \u00fe\u00fa vilt vera \u00abgrei\u00f0dur inn\u00bb \u00e1n \u00feess a\u00f0 vera of \u00fer\u00f6ngur).<\/li>\n<li>Fj\u00f6lh\u00e6fur: fullkominn sem grunnbrj\u00f3stahaldari og einnig til a\u00f0 nota \u00e1 virkum d\u00f6gum.<\/li>\n<\/ul>\n<p>\ud83d\udde3\ufe0f R\u00e1\u00f0: Elvira er ein af \u00feessum fl\u00edkum sem veitir \u00fe\u00e9r \u00abmj\u00faka fa\u00f0mlagstilfinningu\u00bb: h\u00fan heldur \u00fe\u00e9r \u00fe\u00e9ttri og \u00f6ruggri, en me\u00f0 annarri h\u00fa\u00f0 \u00far \u00f6rf\u00edberefni, \u00e1n \u00f3\u00fe\u00e6gilegra sauma e\u00f0a merkja. Tilvalin fyrir langa daga e\u00f0a \u00feegar \u00fe\u00fa ert mj\u00f6g virkur, \u00fev\u00ed h\u00fan sty\u00f0ur \u00feig \u00e1n \u00feess a\u00f0 vera yfir\u00feyrmandi og skilur \u00feig eftir me\u00f0 tilfinninguna \u00ab\u00e9g er vel kl\u00e6dd\u00bb.<\/p>\n<p>\ud83d\udccf Athugi\u00f0: Ef \u00fe\u00fa vilt \u00f6rugga og \u00ferengjandi passform skaltu velja \u00fe\u00edna vanalegu st\u00e6r\u00f0; ef \u00fe\u00fa ert \u00e1 milli st\u00e6r\u00f0a e\u00f0a ef bandi\u00f0 er \u00f3\u00fe\u00e6gilegt eftir langa \u00fativeru skaltu st\u00e6kka um eina st\u00e6r\u00f0. Og ef \u00fe\u00fa ert a\u00f0 leita a\u00f0 meira \u00ab\u00fej\u00f6ppu\u00f0u\u00bb \u00e1hrifum skaltu athuga m\u00e6linguna undir brj\u00f3stum til a\u00f0 tryggja a\u00f0 \u00fe\u00fa f\u00e1ir \u00fea\u00f0 r\u00e9tt \u00ed fyrsta skipti.<\/p>\n<p>Samsetning: 82% p\u00f3l\u00fdam\u00ed\u00f0, 18% elastan.<\/p>\n<p>\ud83c\udf80 L\u00edtill l\u00faxus sem s\u00e9st \u00ed speglinum.<\/p>","protected":false},"excerpt":{"rendered":"<p>https:\/\/youtube.com\/shorts\/gSBYc8cwLWo?si=u1woCAQD1rt_D2Jb<\/p>","protected":false},"featured_media":2353,"comment_status":"open","ping_status":"closed","template":"","meta":{"content-type":""},"product_brand":[55],"product_cat":[25,20],"product_tag":[56,60],"class_list":{"0":"post-542","1":"product","2":"type-product","3":"status-publish","4":"has-post-thumbnail","6":"product_brand-selene","7":"product_cat-sin-aros","8":"product_cat-sujetador","9":"product_tag-sujetador","10":"product_tag-sujetador-sin-aros","12":"first","13":"instock","14":"taxable","15":"shipping-taxable","16":"purchasable","17":"product-type-variable"},"supplier_id":null,"supplier_sku":"","barcode":null,"atum_controlled":true,"out_stock_date":null,"out_stock_threshold":null,"inheritable":true,"inbound_stock":null,"stock_on_hold":0,"sold_today":0,"sales_last_days":0,"reserved_stock":null,"customer_returns":null,"warehouse_damage":null,"lost_in_post":null,"other_logs":null,"out_stock_days":0,"lost_sales":0,"has_location":false,"update_date":"2026-01-10T22:07:15","atum_locations":[],"atum_stock_status":"instock","restock_status":false,"low_stock_amount":"","sales_update_date":"2025-08-19T02:35:53","calc_backorders":null,"yoast_head":"<!-- This site is optimized with the Yoast SEO plugin v27.4 - https:\/\/yoast.com\/product\/yoast-seo-wordpress\/ -->\n<title>Sujetador Selene Elvira - Rosana CL<\/title>\n<meta name=\"robots\" content=\"index, follow, max-snippet:-1, max-image-preview:large, max-video-preview:-1\" \/>\n<link rel=\"canonical\" href=\"https:\/\/rosanacl.com\/is\/product\/sujetador-modelo-elvira\/\" \/>\n<meta property=\"og:locale\" content=\"is_IS\" \/>\n<meta property=\"og:type\" content=\"article\" \/>\n<meta property=\"og:title\" content=\"Sujetador Selene Elvira - Rosana CL\" \/>\n<meta property=\"og:description\" content=\"https:\/\/youtube.com\/shorts\/gSBYc8cwLWo?si=u1woCAQD1rt_D2Jb\" \/>\n<meta property=\"og:url\" content=\"https:\/\/rosanacl.com\/is\/product\/sujetador-modelo-elvira\/\" \/>\n<meta property=\"og:site_name\" content=\"Rosana CL\" \/>\n<meta property=\"article:modified_time\" content=\"2026-01-10T22:07:14+00:00\" \/>\n<meta property=\"og:image\" content=\"https:\/\/rosanacl.com\/wp-content\/uploads\/2025\/04\/1-2-e1756816694215.jpg\" \/>\n\t<meta property=\"og:image:width\" content=\"882\" \/>\n\t<meta property=\"og:image:height\" content=\"1170\" \/>\n\t<meta property=\"og:image:type\" content=\"image\/jpeg\" \/>\n<meta name=\"twitter:card\" content=\"summary_large_image\" \/>\n<meta name=\"twitter:label1\" content=\"Est. reading time\" \/>\n\t<meta name=\"twitter:data1\" content=\"2 minutes\" \/>\n<script type=\"application\/ld+json\" class=\"yoast-schema-graph\">{\"@context\":\"https:\\\/\\\/schema.org\",\"@graph\":[{\"@type\":\"WebPage\",\"@id\":\"https:\\\/\\\/rosanacl.com\\\/producto\\\/sujetador-modelo-elvira\\\/\",\"url\":\"https:\\\/\\\/rosanacl.com\\\/producto\\\/sujetador-modelo-elvira\\\/\",\"name\":\"Sujetador Selene Elvira - Rosana CL\",\"isPartOf\":{\"@id\":\"https:\\\/\\\/rosanacl.com\\\/ca\\\/#website\"},\"primaryImageOfPage\":{\"@id\":\"https:\\\/\\\/rosanacl.com\\\/producto\\\/sujetador-modelo-elvira\\\/#primaryimage\"},\"image\":{\"@id\":\"https:\\\/\\\/rosanacl.com\\\/producto\\\/sujetador-modelo-elvira\\\/#primaryimage\"},\"thumbnailUrl\":\"https:\\\/\\\/rosanacl.com\\\/wp-content\\\/uploads\\\/2025\\\/04\\\/1-2-e1756816694215.jpg\",\"datePublished\":\"2025-04-29T17:14:55+00:00\",\"dateModified\":\"2026-01-10T22:07:14+00:00\",\"breadcrumb\":{\"@id\":\"https:\\\/\\\/rosanacl.com\\\/producto\\\/sujetador-modelo-elvira\\\/#breadcrumb\"},\"inLanguage\":\"is\",\"potentialAction\":[{\"@type\":\"ReadAction\",\"target\":[\"https:\\\/\\\/rosanacl.com\\\/producto\\\/sujetador-modelo-elvira\\\/\"]}]},{\"@type\":\"ImageObject\",\"inLanguage\":\"is\",\"@id\":\"https:\\\/\\\/rosanacl.com\\\/producto\\\/sujetador-modelo-elvira\\\/#primaryimage\",\"url\":\"https:\\\/\\\/rosanacl.com\\\/wp-content\\\/uploads\\\/2025\\\/04\\\/1-2-e1756816694215.jpg\",\"contentUrl\":\"https:\\\/\\\/rosanacl.com\\\/wp-content\\\/uploads\\\/2025\\\/04\\\/1-2-e1756816694215.jpg\",\"width\":882,\"height\":1170},{\"@type\":\"BreadcrumbList\",\"@id\":\"https:\\\/\\\/rosanacl.com\\\/producto\\\/sujetador-modelo-elvira\\\/#breadcrumb\",\"itemListElement\":[{\"@type\":\"ListItem\",\"position\":1,\"name\":\"Portada\",\"item\":\"https:\\\/\\\/rosanacl.com\\\/ca\\\/\"},{\"@type\":\"ListItem\",\"position\":2,\"name\":\"Tienda\",\"item\":\"https:\\\/\\\/rosanacl.com\\\/ca\\\/tienda\\\/\"},{\"@type\":\"ListItem\",\"position\":3,\"name\":\"Sujetador Selene Elvira\"}]},{\"@type\":\"WebSite\",\"@id\":\"https:\\\/\\\/rosanacl.com\\\/ca\\\/#website\",\"url\":\"https:\\\/\\\/rosanacl.com\\\/ca\\\/\",\"name\":\"Rosana CL\",\"description\":\"Somos tu interior\",\"potentialAction\":[{\"@type\":\"SearchAction\",\"target\":{\"@type\":\"EntryPoint\",\"urlTemplate\":\"https:\\\/\\\/rosanacl.com\\\/ca\\\/?s={search_term_string}\"},\"query-input\":{\"@type\":\"PropertyValueSpecification\",\"valueRequired\":true,\"valueName\":\"search_term_string\"}}],\"inLanguage\":\"is\"}]}<\/script>\n<!-- \/ Yoast SEO plugin. -->","yoast_head_json":{"title":"Sujetador Selene Elvira - Rosana CL","robots":{"index":"index","follow":"follow","max-snippet":"max-snippet:-1","max-image-preview":"max-image-preview:large","max-video-preview":"max-video-preview:-1"},"canonical":"https:\/\/rosanacl.com\/is\/product\/sujetador-modelo-elvira\/","og_locale":"is_IS","og_type":"article","og_title":"Sujetador Selene Elvira - Rosana CL","og_description":"https:\/\/youtube.com\/shorts\/gSBYc8cwLWo?si=u1woCAQD1rt_D2Jb","og_url":"https:\/\/rosanacl.com\/is\/product\/sujetador-modelo-elvira\/","og_site_name":"Rosana CL","article_modified_time":"2026-01-10T22:07:14+00:00","og_image":[{"width":882,"height":1170,"url":"https:\/\/rosanacl.com\/wp-content\/uploads\/2025\/04\/1-2-e1756816694215.jpg","type":"image\/jpeg"}],"twitter_card":"summary_large_image","twitter_misc":{"Est. reading time":"2 minutes"},"schema":{"@context":"https:\/\/schema.org","@graph":[{"@type":"WebPage","@id":"https:\/\/rosanacl.com\/producto\/sujetador-modelo-elvira\/","url":"https:\/\/rosanacl.com\/producto\/sujetador-modelo-elvira\/","name":"Sujetador Selene Elvira - Rosana CL","isPartOf":{"@id":"https:\/\/rosanacl.com\/ca\/#website"},"primaryImageOfPage":{"@id":"https:\/\/rosanacl.com\/producto\/sujetador-modelo-elvira\/#primaryimage"},"image":{"@id":"https:\/\/rosanacl.com\/producto\/sujetador-modelo-elvira\/#primaryimage"},"thumbnailUrl":"https:\/\/rosanacl.com\/wp-content\/uploads\/2025\/04\/1-2-e1756816694215.jpg","datePublished":"2025-04-29T17:14:55+00:00","dateModified":"2026-01-10T22:07:14+00:00","breadcrumb":{"@id":"https:\/\/rosanacl.com\/producto\/sujetador-modelo-elvira\/#breadcrumb"},"inLanguage":"is","potentialAction":[{"@type":"ReadAction","target":["https:\/\/rosanacl.com\/producto\/sujetador-modelo-elvira\/"]}]},{"@type":"ImageObject","inLanguage":"is","@id":"https:\/\/rosanacl.com\/producto\/sujetador-modelo-elvira\/#primaryimage","url":"https:\/\/rosanacl.com\/wp-content\/uploads\/2025\/04\/1-2-e1756816694215.jpg","contentUrl":"https:\/\/rosanacl.com\/wp-content\/uploads\/2025\/04\/1-2-e1756816694215.jpg","width":882,"height":1170},{"@type":"BreadcrumbList","@id":"https:\/\/rosanacl.com\/producto\/sujetador-modelo-elvira\/#breadcrumb","itemListElement":[{"@type":"ListItem","position":1,"name":"Portada","item":"https:\/\/rosanacl.com\/ca\/"},{"@type":"ListItem","position":2,"name":"Tienda","item":"https:\/\/rosanacl.com\/ca\/tienda\/"},{"@type":"ListItem","position":3,"name":"Sujetador Selene Elvira"}]},{"@type":"WebSite","@id":"https:\/\/rosanacl.com\/ca\/#website","url":"https:\/\/rosanacl.com\/ca\/","name":"Rosana CL","description":"Vi\u00f0 erum innra sj\u00e1lf \u00feitt","potentialAction":[{"@type":"SearchAction","target":{"@type":"EntryPoint","urlTemplate":"https:\/\/rosanacl.com\/ca\/?s={search_term_string}"},"query-input":{"@type":"PropertyValueSpecification","valueRequired":true,"valueName":"search_term_string"}}],"inLanguage":"is"}]}},"_links":{"self":[{"href":"https:\/\/rosanacl.com\/is\/wp-json\/wp\/v2\/product\/542","targetHints":{"allow":["GET"]}}],"collection":[{"href":"https:\/\/rosanacl.com\/is\/wp-json\/wp\/v2\/product"}],"about":[{"href":"https:\/\/rosanacl.com\/is\/wp-json\/wp\/v2\/types\/product"}],"replies":[{"embeddable":true,"href":"https:\/\/rosanacl.com\/is\/wp-json\/wp\/v2\/comments?post=542"}],"version-history":[{"count":5,"href":"https:\/\/rosanacl.com\/is\/wp-json\/wp\/v2\/product\/542\/revisions"}],"predecessor-version":[{"id":4652,"href":"https:\/\/rosanacl.com\/is\/wp-json\/wp\/v2\/product\/542\/revisions\/4652"}],"wp:featuredmedia":[{"embeddable":true,"href":"https:\/\/rosanacl.com\/is\/wp-json\/wp\/v2\/media\/2353"}],"wp:attachment":[{"href":"https:\/\/rosanacl.com\/is\/wp-json\/wp\/v2\/media?parent=542"}],"wp:term":[{"taxonomy":"product_brand","embeddable":true,"href":"https:\/\/rosanacl.com\/is\/wp-json\/wp\/v2\/product_brand?post=542"},{"taxonomy":"product_cat","embeddable":true,"href":"https:\/\/rosanacl.com\/is\/wp-json\/wp\/v2\/product_cat?post=542"},{"taxonomy":"product_tag","embeddable":true,"href":"https:\/\/rosanacl.com\/is\/wp-json\/wp\/v2\/product_tag?post=542"}],"curies":[{"name":"wp","href":"https:\/\/api.w.org\/{rel}","templated":true}]}}