{"id":745,"date":"2025-04-29T19:52:29","date_gmt":"2025-04-29T17:52:29","guid":{"rendered":"https:\/\/rosanacl.com\/?post_type=product&#038;p=745"},"modified":"2026-01-07T21:15:53","modified_gmt":"2026-01-07T20:15:53","slug":"sujetador-modelo-blanca","status":"publish","type":"product","link":"https:\/\/rosanacl.com\/is\/product\/sujetador-modelo-blanca\/","title":{"rendered":"Selene hv\u00edtur brj\u00f3stahaldari"},"content":{"rendered":"<p>Selene Blanca brj\u00f3stahaldarinn er \u00f6ruggur kostur \u00feegar \u00fe\u00fa ert a\u00f0 leita a\u00f0 s\u00f6nnum \u00fe\u00e6gindum me\u00f0 fallegu falli og mj\u00fakri tilfinningu vi\u00f0 h\u00fa\u00f0ina. B\u00f3mullarefni\u00f0 veitir \u00fe\u00e6gilega og n\u00e1tt\u00farulega snertingu, tilvali\u00f0 fyrir daglegt notkun, og h\u00f6nnunin er h\u00f6nnu\u00f0 til a\u00f0 sty\u00f0ja \u00feig \u00e1n \u00feess a\u00f0 kl\u00edpa, skilja eftir sig merki e\u00f0a vera \u00ed vegi undir f\u00f6tum.<\/p>\n<p>\u00dear sem brj\u00f3stahaldarinn er \u00e1n v\u00edra og \u00e1n b\u00f3lstra, heldur hann hreinni og l\u00e1tlausri l\u00ednu sem l\u00edtur vel \u00fat me\u00f0 stuttermabolum, a\u00f0sni\u00f0num f\u00f6tum e\u00f0a einf\u00f6ldum kl\u00e6\u00f0na\u00f0i. \u00deetta er einn af \u00feessum brj\u00f3stahaldurum sem \u00fearf ekki a\u00f0 \u00abvekja athygli\u00bb til a\u00f0 vera a\u00f0la\u00f0andi: \u00fea\u00f0 sn\u00fdst allt um hversu \u00fe\u00e6gilegur hann er og hversu au\u00f0velt er a\u00f0 nota hann \u00ed marga klukkut\u00edma.<\/p>\n<p>Uppl\u00fdsingar sem \u00fe\u00e9r mun l\u00edka vi\u00f0 Blanca<\/p>\n<ul>\n<li>Mj\u00fak og \u00fe\u00e6gileg b\u00f3mull: n\u00e1tt\u00faruleg og \u00fe\u00e6gileg \u00e1fer\u00f0.<\/li>\n<li>Engin v\u00edr: algj\u00f6rt frelsi, enginn \u00fer\u00fdstingur \u00e1 form h\u00e1rsins.<\/li>\n<li>\u00c1n b\u00f3lstruns: n\u00e1tt\u00faruleg l\u00f6gun, l\u00e9tt og mj\u00f6g \u00fe\u00e6gilegt a\u00f0 nota.<\/li>\n<li>N\u00e6rf\u00f6t undir f\u00f6tum: \u00fea\u00f0 skapar ekki \u00f3\u00fearfa fyrirfer\u00f0.<\/li>\n<li>Fullkomi\u00f0 til daglegrar notkunar: hanna\u00f0 til a\u00f0 vera endurteki\u00f0 \u00e1n \u00feess a\u00f0 \u00fereytast \u00e1 \u00fev\u00ed.<\/li>\n<\/ul>\n<p>\ud83d\udde3\ufe0f R\u00e1\u00f0: Noti\u00f0 \u00fea\u00f0 me\u00f0 a\u00f0sni\u00f0num stuttermabol og taki\u00f0 eftir \u00fev\u00ed hvernig \u00fea\u00f0 l\u00ed\u00f0ur: ef \u00fe\u00fa finnur fyrir \u00abfrelsi\u00bb (enginn \u00fer\u00fdstingur \u00e1 hli\u00f0unum og engin \u00fe\u00f6rf \u00e1 a\u00f0 a\u00f0lagast), \u00fe\u00e1 er \u00fea\u00f0 styrkur Blanca-fl\u00edkarinnar. \u00dea\u00f0 er s\u00fa tegund af b\u00f3mull sem er mj\u00fak og hrein, eins og l\u00edkami \u00feinn s\u00e9 \u00ed \u00abfri\u00f0i\u00bb.<\/p>\n<p>\ud83d\udccf Athugi\u00f0: Til a\u00f0 finna r\u00e9tta st\u00e6r\u00f0 skaltu taka brj\u00f3stam\u00e1li\u00f0 og bera \u00fea\u00f0 saman vi\u00f0 lei\u00f0beiningarnar; ef \u00fe\u00fa ert \u00e1 milli tveggja m\u00e6linga og vilt \u00fe\u00e6gilegri passform skaltu velja st\u00e6rri st\u00e6r\u00f0ina. \u00deetta mun draga \u00far st\u00e6r\u00f0arvillum og tryggja a\u00f0 \u00fe\u00fa f\u00e1ir r\u00e9tta st\u00e6r\u00f0 \u00ed fyrsta skipti.<\/p>\n<p>Efni: B\u00f3mull 95% Elastane 5%<\/p>\n<p>\ud83c\udf3f Mj\u00fakt, hreint og au\u00f0velt\u2026 eins og hversdagsleikinn \u00e1 a\u00f0 vera.<\/p>","protected":false},"excerpt":{"rendered":"<p>El sujetador Selene modelo Blanca es una apuesta segura cuando lo que buscas es comodidad real con una ca\u00edda bonita y una sensaci\u00f3n suave en la piel. Su tejido de algod\u00f3n aporta un tacto agradable y natural, ideal para el uso diario, y su dise\u00f1o est\u00e1 pensado para acompa\u00f1arte sin apretar, sin marcar y sin [&hellip;]<\/p>\n","protected":false},"featured_media":2349,"comment_status":"open","ping_status":"closed","template":"","meta":{"content-type":""},"product_brand":[55],"product_cat":[25,20],"product_tag":[56,60],"class_list":{"0":"post-745","1":"product","2":"type-product","3":"status-publish","4":"has-post-thumbnail","6":"product_brand-selene","7":"product_cat-sin-aros","8":"product_cat-sujetador","9":"product_tag-sujetador","10":"product_tag-sujetador-sin-aros","12":"first","13":"instock","14":"taxable","15":"shipping-taxable","16":"purchasable","17":"product-type-variable"},"supplier_id":null,"supplier_sku":"","barcode":null,"atum_controlled":true,"out_stock_date":null,"out_stock_threshold":null,"inheritable":true,"inbound_stock":0,"stock_on_hold":0,"sold_today":0,"sales_last_days":0,"reserved_stock":0,"customer_returns":0,"warehouse_damage":0,"lost_in_post":0,"other_logs":0,"out_stock_days":0,"lost_sales":0,"has_location":false,"update_date":"2026-01-07T20:15:54","atum_locations":[],"atum_stock_status":"instock","restock_status":false,"low_stock_amount":"","sales_update_date":"2025-08-19T02:35:53","calc_backorders":null,"yoast_head":"<!-- This site is optimized with the Yoast SEO plugin v27.4 - https:\/\/yoast.com\/product\/yoast-seo-wordpress\/ -->\n<title>Sujetador Selene Blanca - Rosana CL<\/title>\n<meta name=\"robots\" content=\"index, follow, max-snippet:-1, max-image-preview:large, max-video-preview:-1\" \/>\n<link rel=\"canonical\" href=\"https:\/\/rosanacl.com\/is\/product\/sujetador-modelo-blanca\/\" \/>\n<meta property=\"og:locale\" content=\"is_IS\" \/>\n<meta property=\"og:type\" content=\"article\" \/>\n<meta property=\"og:title\" content=\"Sujetador Selene Blanca - Rosana CL\" \/>\n<meta property=\"og:description\" content=\"El sujetador Selene modelo Blanca es una apuesta segura cuando lo que buscas es comodidad real con una ca\u00edda bonita y una sensaci\u00f3n suave en la piel. Su tejido de algod\u00f3n aporta un tacto agradable y natural, ideal para el uso diario, y su dise\u00f1o est\u00e1 pensado para acompa\u00f1arte sin apretar, sin marcar y sin [&hellip;]\" \/>\n<meta property=\"og:url\" content=\"https:\/\/rosanacl.com\/is\/product\/sujetador-modelo-blanca\/\" \/>\n<meta property=\"og:site_name\" content=\"Rosana CL\" \/>\n<meta property=\"article:modified_time\" content=\"2026-01-07T20:15:53+00:00\" \/>\n<meta property=\"og:image\" content=\"https:\/\/rosanacl.com\/wp-content\/uploads\/2025\/04\/1-1-e1756816629750.jpg\" \/>\n\t<meta property=\"og:image:width\" content=\"881\" \/>\n\t<meta property=\"og:image:height\" content=\"1093\" \/>\n\t<meta property=\"og:image:type\" content=\"image\/jpeg\" \/>\n<meta name=\"twitter:card\" content=\"summary_large_image\" \/>\n<meta name=\"twitter:label1\" content=\"Est. reading time\" \/>\n\t<meta name=\"twitter:data1\" content=\"2 minutes\" \/>\n<script type=\"application\/ld+json\" class=\"yoast-schema-graph\">{\"@context\":\"https:\\\/\\\/schema.org\",\"@graph\":[{\"@type\":\"WebPage\",\"@id\":\"https:\\\/\\\/rosanacl.com\\\/producto\\\/sujetador-modelo-blanca\\\/\",\"url\":\"https:\\\/\\\/rosanacl.com\\\/producto\\\/sujetador-modelo-blanca\\\/\",\"name\":\"Sujetador Selene Blanca - Rosana CL\",\"isPartOf\":{\"@id\":\"https:\\\/\\\/rosanacl.com\\\/ca\\\/#website\"},\"primaryImageOfPage\":{\"@id\":\"https:\\\/\\\/rosanacl.com\\\/producto\\\/sujetador-modelo-blanca\\\/#primaryimage\"},\"image\":{\"@id\":\"https:\\\/\\\/rosanacl.com\\\/producto\\\/sujetador-modelo-blanca\\\/#primaryimage\"},\"thumbnailUrl\":\"https:\\\/\\\/rosanacl.com\\\/wp-content\\\/uploads\\\/2025\\\/04\\\/1-1-e1756816629750.jpg\",\"datePublished\":\"2025-04-29T17:52:29+00:00\",\"dateModified\":\"2026-01-07T20:15:53+00:00\",\"breadcrumb\":{\"@id\":\"https:\\\/\\\/rosanacl.com\\\/producto\\\/sujetador-modelo-blanca\\\/#breadcrumb\"},\"inLanguage\":\"is\",\"potentialAction\":[{\"@type\":\"ReadAction\",\"target\":[\"https:\\\/\\\/rosanacl.com\\\/producto\\\/sujetador-modelo-blanca\\\/\"]}]},{\"@type\":\"ImageObject\",\"inLanguage\":\"is\",\"@id\":\"https:\\\/\\\/rosanacl.com\\\/producto\\\/sujetador-modelo-blanca\\\/#primaryimage\",\"url\":\"https:\\\/\\\/rosanacl.com\\\/wp-content\\\/uploads\\\/2025\\\/04\\\/1-1-e1756816629750.jpg\",\"contentUrl\":\"https:\\\/\\\/rosanacl.com\\\/wp-content\\\/uploads\\\/2025\\\/04\\\/1-1-e1756816629750.jpg\",\"width\":881,\"height\":1093},{\"@type\":\"BreadcrumbList\",\"@id\":\"https:\\\/\\\/rosanacl.com\\\/producto\\\/sujetador-modelo-blanca\\\/#breadcrumb\",\"itemListElement\":[{\"@type\":\"ListItem\",\"position\":1,\"name\":\"Portada\",\"item\":\"https:\\\/\\\/rosanacl.com\\\/ca\\\/\"},{\"@type\":\"ListItem\",\"position\":2,\"name\":\"Tienda\",\"item\":\"https:\\\/\\\/rosanacl.com\\\/ca\\\/tienda\\\/\"},{\"@type\":\"ListItem\",\"position\":3,\"name\":\"Sujetador Selene Blanca\"}]},{\"@type\":\"WebSite\",\"@id\":\"https:\\\/\\\/rosanacl.com\\\/ca\\\/#website\",\"url\":\"https:\\\/\\\/rosanacl.com\\\/ca\\\/\",\"name\":\"Rosana CL\",\"description\":\"Somos tu interior\",\"potentialAction\":[{\"@type\":\"SearchAction\",\"target\":{\"@type\":\"EntryPoint\",\"urlTemplate\":\"https:\\\/\\\/rosanacl.com\\\/ca\\\/?s={search_term_string}\"},\"query-input\":{\"@type\":\"PropertyValueSpecification\",\"valueRequired\":true,\"valueName\":\"search_term_string\"}}],\"inLanguage\":\"is\"}]}<\/script>\n<!-- \/ Yoast SEO plugin. -->","yoast_head_json":{"title":"Sujetador Selene Blanca - Rosana CL","robots":{"index":"index","follow":"follow","max-snippet":"max-snippet:-1","max-image-preview":"max-image-preview:large","max-video-preview":"max-video-preview:-1"},"canonical":"https:\/\/rosanacl.com\/is\/product\/sujetador-modelo-blanca\/","og_locale":"is_IS","og_type":"article","og_title":"Sujetador Selene Blanca - Rosana CL","og_description":"El sujetador Selene modelo Blanca es una apuesta segura cuando lo que buscas es comodidad real con una ca\u00edda bonita y una sensaci\u00f3n suave en la piel. Su tejido de algod\u00f3n aporta un tacto agradable y natural, ideal para el uso diario, y su dise\u00f1o est\u00e1 pensado para acompa\u00f1arte sin apretar, sin marcar y sin [&hellip;]","og_url":"https:\/\/rosanacl.com\/is\/product\/sujetador-modelo-blanca\/","og_site_name":"Rosana CL","article_modified_time":"2026-01-07T20:15:53+00:00","og_image":[{"width":881,"height":1093,"url":"https:\/\/rosanacl.com\/wp-content\/uploads\/2025\/04\/1-1-e1756816629750.jpg","type":"image\/jpeg"}],"twitter_card":"summary_large_image","twitter_misc":{"Est. reading time":"2 minutes"},"schema":{"@context":"https:\/\/schema.org","@graph":[{"@type":"WebPage","@id":"https:\/\/rosanacl.com\/producto\/sujetador-modelo-blanca\/","url":"https:\/\/rosanacl.com\/producto\/sujetador-modelo-blanca\/","name":"Sujetador Selene Blanca - Rosana CL","isPartOf":{"@id":"https:\/\/rosanacl.com\/ca\/#website"},"primaryImageOfPage":{"@id":"https:\/\/rosanacl.com\/producto\/sujetador-modelo-blanca\/#primaryimage"},"image":{"@id":"https:\/\/rosanacl.com\/producto\/sujetador-modelo-blanca\/#primaryimage"},"thumbnailUrl":"https:\/\/rosanacl.com\/wp-content\/uploads\/2025\/04\/1-1-e1756816629750.jpg","datePublished":"2025-04-29T17:52:29+00:00","dateModified":"2026-01-07T20:15:53+00:00","breadcrumb":{"@id":"https:\/\/rosanacl.com\/producto\/sujetador-modelo-blanca\/#breadcrumb"},"inLanguage":"is","potentialAction":[{"@type":"ReadAction","target":["https:\/\/rosanacl.com\/producto\/sujetador-modelo-blanca\/"]}]},{"@type":"ImageObject","inLanguage":"is","@id":"https:\/\/rosanacl.com\/producto\/sujetador-modelo-blanca\/#primaryimage","url":"https:\/\/rosanacl.com\/wp-content\/uploads\/2025\/04\/1-1-e1756816629750.jpg","contentUrl":"https:\/\/rosanacl.com\/wp-content\/uploads\/2025\/04\/1-1-e1756816629750.jpg","width":881,"height":1093},{"@type":"BreadcrumbList","@id":"https:\/\/rosanacl.com\/producto\/sujetador-modelo-blanca\/#breadcrumb","itemListElement":[{"@type":"ListItem","position":1,"name":"Portada","item":"https:\/\/rosanacl.com\/ca\/"},{"@type":"ListItem","position":2,"name":"Tienda","item":"https:\/\/rosanacl.com\/ca\/tienda\/"},{"@type":"ListItem","position":3,"name":"Sujetador Selene Blanca"}]},{"@type":"WebSite","@id":"https:\/\/rosanacl.com\/ca\/#website","url":"https:\/\/rosanacl.com\/ca\/","name":"Rosana CL","description":"Vi\u00f0 erum innra sj\u00e1lf \u00feitt","potentialAction":[{"@type":"SearchAction","target":{"@type":"EntryPoint","urlTemplate":"https:\/\/rosanacl.com\/ca\/?s={search_term_string}"},"query-input":{"@type":"PropertyValueSpecification","valueRequired":true,"valueName":"search_term_string"}}],"inLanguage":"is"}]}},"_links":{"self":[{"href":"https:\/\/rosanacl.com\/is\/wp-json\/wp\/v2\/product\/745","targetHints":{"allow":["GET"]}}],"collection":[{"href":"https:\/\/rosanacl.com\/is\/wp-json\/wp\/v2\/product"}],"about":[{"href":"https:\/\/rosanacl.com\/is\/wp-json\/wp\/v2\/types\/product"}],"replies":[{"embeddable":true,"href":"https:\/\/rosanacl.com\/is\/wp-json\/wp\/v2\/comments?post=745"}],"version-history":[{"count":5,"href":"https:\/\/rosanacl.com\/is\/wp-json\/wp\/v2\/product\/745\/revisions"}],"predecessor-version":[{"id":4616,"href":"https:\/\/rosanacl.com\/is\/wp-json\/wp\/v2\/product\/745\/revisions\/4616"}],"wp:featuredmedia":[{"embeddable":true,"href":"https:\/\/rosanacl.com\/is\/wp-json\/wp\/v2\/media\/2349"}],"wp:attachment":[{"href":"https:\/\/rosanacl.com\/is\/wp-json\/wp\/v2\/media?parent=745"}],"wp:term":[{"taxonomy":"product_brand","embeddable":true,"href":"https:\/\/rosanacl.com\/is\/wp-json\/wp\/v2\/product_brand?post=745"},{"taxonomy":"product_cat","embeddable":true,"href":"https:\/\/rosanacl.com\/is\/wp-json\/wp\/v2\/product_cat?post=745"},{"taxonomy":"product_tag","embeddable":true,"href":"https:\/\/rosanacl.com\/is\/wp-json\/wp\/v2\/product_tag?post=745"}],"curies":[{"name":"wp","href":"https:\/\/api.w.org\/{rel}","templated":true}]}}