{"id":869,"date":"2025-04-29T20:12:14","date_gmt":"2025-04-29T18:12:14","guid":{"rendered":"https:\/\/rosanacl.com\/?post_type=product&#038;p=869"},"modified":"2026-01-07T21:06:33","modified_gmt":"2026-01-07T20:06:33","slug":"sujetador-modelo-martina","status":"publish","type":"product","link":"https:\/\/rosanacl.com\/is\/product\/sujetador-modelo-martina\/","title":{"rendered":"Selene Martina brj\u00f3stahaldari"},"content":{"rendered":"<p>Selene Martina brj\u00f3stahaldarinn er heklu\u00f0 brj\u00f3stahaldari sem lyftir kl\u00e6\u00f0na\u00f0i \u00fe\u00ednum \u00e1 nokkrum sek\u00fandum: st\u00edlhrein bl\u00fanda, fallegt h\u00e1lsm\u00e1l og flatterandi sni\u00f0 \u00e1n nokkurs vesens. Hann er me\u00f0 v\u00edrum og b\u00f3lstru\u00f0um bollum fyrir meira \u00e1v\u00f6l og kvenlega \u00e1fer\u00f0, fullkominn \u00feegar \u00fe\u00fa vilt l\u00edta betur \u00fat en samt vera \u00fe\u00e6gileg.<\/p>\n<p>\u00de\u00f6kk s\u00e9 brj\u00f3stahaldara-h\u00f6nnuninni l\u00edtur Martina-f\u00f6tin vel \u00fat b\u00e6\u00f0i \u00ed daglegu l\u00edfi og vi\u00f0 \u00feau t\u00e6kif\u00e6ri \u00feegar \u00fe\u00fa vilt f\u00e1 meiri s\u00e9rstakan bl\u00e6. Undir stuttermabolum, bl\u00fassum e\u00f0a a\u00f0sni\u00f0num fl\u00edkum veitir \u00feau f\u00ednlegri sni\u00f0m\u00e1t og st\u00f6\u00f0ugan stu\u00f0ning, og vi\u00f0heldur \u00fev\u00ed unglega og n\u00fat\u00edmalega \u00fatliti sem l\u00e6tur \u00feig skera \u00feig \u00far vi\u00f0 fyrstu s\u00fdn.<\/p>\n<p><p>Hva\u00f0 skiptir m\u00e1li hj\u00e1 Martinu<\/p>\n<ul>\n<li>Hekla\u00f0 bl\u00fandubrj\u00f3stahaldari, mj\u00f6g smart og me\u00f0 frumlegum h\u00e1lsm\u00e1li.<\/li>\n<li>V\u00edral\u00f6g fyrir fastari stu\u00f0ning og betri skilgreiningu \u00e1 brj\u00f3stkassa.<\/li>\n<li>Bikar me\u00f0 b\u00f3lstrun fyrir meira \u00e1v\u00f6l og flatterandi \u00e1hrif.<\/li>\n<li>Tilvali\u00f0 fyrir \u00fatlit me\u00f0 l\u00e1gu h\u00e1lsm\u00e1li: \u00fea\u00f0 l\u00edtur vel \u00fat \u00e1n \u00feess a\u00f0 vera \u00fdkt.<\/li>\n<li>Samsv\u00f6runarn\u00e6rbuxur 3118 (b\u00e6ti\u00f0 vi\u00f0 sem sett).<\/li>\n<\/ul>\n<p>\ud83d\udde3\ufe0f R\u00e1\u00f0: Martina er fullkomin fyrir \u00fe\u00e1 daga \u00fear sem \u00e9g vil l\u00edta \u00f6\u00f0ruv\u00edsi \u00fat: \u00fe\u00fa setur hana \u00e1 \u00feig og tekur eftir unglegri og fallegri \u00e1fer\u00f0, me\u00f0 \u00fe\u00e6gilegum stu\u00f0ningi og \u00e1n \u00feess a\u00f0 \u00fe\u00fa finnir fyrir \u00fev\u00ed a\u00f0 \u00fe\u00fa s\u00e9rt \u00ed b\u00faningi. Tilvali\u00f0 \u00feegar \u00fe\u00fa vilt flatterandi h\u00e1lsm\u00e1l og samt vera l\u00e9tt.<\/p>\n<p>\ud83d\udccf Athugi\u00f0: Til a\u00f0 f\u00e1 r\u00e9tta passform \u00ed fyrsta skipti me\u00f0 Martinu: ef \u00fe\u00fa ert \u00e1 milli st\u00e6r\u00f0a og vilt meiri \u00fe\u00e6gindi, veldu \u00fe\u00e1 minni; ef \u00fe\u00fa vilt meiri \u00fe\u00e6gindi \u00ed kringum mitti\u00f0, far\u00f0u \u00fe\u00e1 upp um eina st\u00e6r\u00f0. Og til a\u00f0 fl\u00edkin l\u00edti sem best \u00fat, m\u00e1tu hana yfir n\u00e6rbuxurnar \u00fe\u00ednar.<\/p>\n<p>Efnisamsetning: 48% p\u00f3l\u00fdester \/ 44% p\u00f3l\u00fdam\u00ed\u00f0 \/ 8% elastan.<\/p>\n<p>\ud83e\udd42 Fyrir \u00abj\u00e1 \u00ed dag\u00bb \u00e1\u00e6tlanir: Martina.<\/p>\n<div id=\"v1ms-outlook-mobile-body-separator-line\" dir=\"auto\"><\/div>","protected":false},"excerpt":{"rendered":"<p>El sujetador Selene modelo Martina es ese bralette \u00abcrochet\u00bb que te arregla el conjunto en segundos: encaje con personalidad, escote bonito y una forma muy favorecedora sin necesidad de complicarte. Lleva aros y copa con relleno para dar un acabado m\u00e1s redondeado y femenino, perfecto cuando quieres verte m\u00e1s puesta pero seguir sinti\u00e9ndote c\u00f3moda. Por [&hellip;]<\/p>\n","protected":false},"featured_media":2362,"comment_status":"open","ping_status":"closed","template":"","meta":{"content-type":""},"product_brand":[55],"product_cat":[26,103,20],"product_tag":[56,61],"class_list":{"0":"post-869","1":"product","2":"type-product","3":"status-publish","4":"has-post-thumbnail","6":"product_brand-selene","7":"product_cat-con-aros-y-relleno","8":"product_cat-martina","9":"product_cat-sujetador","10":"product_tag-sujetador","11":"product_tag-sujetador-con-aros-y-relleno","13":"first","14":"instock","15":"taxable","16":"shipping-taxable","17":"purchasable","18":"product-type-variable"},"supplier_id":null,"supplier_sku":"","barcode":null,"atum_controlled":true,"out_stock_date":null,"out_stock_threshold":null,"inheritable":true,"inbound_stock":null,"stock_on_hold":0,"sold_today":0,"sales_last_days":0,"reserved_stock":null,"customer_returns":null,"warehouse_damage":null,"lost_in_post":null,"other_logs":null,"out_stock_days":0,"lost_sales":0,"has_location":false,"update_date":"2026-01-07T20:06:34","atum_locations":[],"atum_stock_status":"instock","restock_status":false,"low_stock_amount":"","sales_update_date":"2025-08-19T02:35:53","calc_backorders":null,"yoast_head":"<!-- This site is optimized with the Yoast SEO plugin v27.4 - https:\/\/yoast.com\/product\/yoast-seo-wordpress\/ -->\n<title>Sujetador Selene Martina - Rosana CL<\/title>\n<meta name=\"robots\" content=\"index, follow, max-snippet:-1, max-image-preview:large, max-video-preview:-1\" \/>\n<link rel=\"canonical\" href=\"https:\/\/rosanacl.com\/is\/product\/sujetador-modelo-martina\/\" \/>\n<meta property=\"og:locale\" content=\"is_IS\" \/>\n<meta property=\"og:type\" content=\"article\" \/>\n<meta property=\"og:title\" content=\"Sujetador Selene Martina - Rosana CL\" \/>\n<meta property=\"og:description\" content=\"El sujetador Selene modelo Martina es ese bralette \u00abcrochet\u00bb que te arregla el conjunto en segundos: encaje con personalidad, escote bonito y una forma muy favorecedora sin necesidad de complicarte. Lleva aros y copa con relleno para dar un acabado m\u00e1s redondeado y femenino, perfecto cuando quieres verte m\u00e1s puesta pero seguir sinti\u00e9ndote c\u00f3moda. Por [&hellip;]\" \/>\n<meta property=\"og:url\" content=\"https:\/\/rosanacl.com\/is\/product\/sujetador-modelo-martina\/\" \/>\n<meta property=\"og:site_name\" content=\"Rosana CL\" \/>\n<meta property=\"article:modified_time\" content=\"2026-01-07T20:06:33+00:00\" \/>\n<meta property=\"og:image\" content=\"https:\/\/rosanacl.com\/wp-content\/uploads\/2025\/04\/2-4.jpg\" \/>\n\t<meta property=\"og:image:width\" content=\"1333\" \/>\n\t<meta property=\"og:image:height\" content=\"992\" \/>\n\t<meta property=\"og:image:type\" content=\"image\/jpeg\" \/>\n<meta name=\"twitter:card\" content=\"summary_large_image\" \/>\n<meta name=\"twitter:label1\" content=\"Est. reading time\" \/>\n\t<meta name=\"twitter:data1\" content=\"2 minutes\" \/>\n<script type=\"application\/ld+json\" class=\"yoast-schema-graph\">{\"@context\":\"https:\\\/\\\/schema.org\",\"@graph\":[{\"@type\":\"WebPage\",\"@id\":\"https:\\\/\\\/rosanacl.com\\\/producto\\\/sujetador-modelo-martina\\\/\",\"url\":\"https:\\\/\\\/rosanacl.com\\\/producto\\\/sujetador-modelo-martina\\\/\",\"name\":\"Sujetador Selene Martina - Rosana CL\",\"isPartOf\":{\"@id\":\"https:\\\/\\\/rosanacl.com\\\/ca\\\/#website\"},\"primaryImageOfPage\":{\"@id\":\"https:\\\/\\\/rosanacl.com\\\/producto\\\/sujetador-modelo-martina\\\/#primaryimage\"},\"image\":{\"@id\":\"https:\\\/\\\/rosanacl.com\\\/producto\\\/sujetador-modelo-martina\\\/#primaryimage\"},\"thumbnailUrl\":\"https:\\\/\\\/rosanacl.com\\\/wp-content\\\/uploads\\\/2025\\\/04\\\/2-4.jpg\",\"datePublished\":\"2025-04-29T18:12:14+00:00\",\"dateModified\":\"2026-01-07T20:06:33+00:00\",\"breadcrumb\":{\"@id\":\"https:\\\/\\\/rosanacl.com\\\/producto\\\/sujetador-modelo-martina\\\/#breadcrumb\"},\"inLanguage\":\"is\",\"potentialAction\":[{\"@type\":\"ReadAction\",\"target\":[\"https:\\\/\\\/rosanacl.com\\\/producto\\\/sujetador-modelo-martina\\\/\"]}]},{\"@type\":\"ImageObject\",\"inLanguage\":\"is\",\"@id\":\"https:\\\/\\\/rosanacl.com\\\/producto\\\/sujetador-modelo-martina\\\/#primaryimage\",\"url\":\"https:\\\/\\\/rosanacl.com\\\/wp-content\\\/uploads\\\/2025\\\/04\\\/2-4.jpg\",\"contentUrl\":\"https:\\\/\\\/rosanacl.com\\\/wp-content\\\/uploads\\\/2025\\\/04\\\/2-4.jpg\",\"width\":1333,\"height\":992},{\"@type\":\"BreadcrumbList\",\"@id\":\"https:\\\/\\\/rosanacl.com\\\/producto\\\/sujetador-modelo-martina\\\/#breadcrumb\",\"itemListElement\":[{\"@type\":\"ListItem\",\"position\":1,\"name\":\"Portada\",\"item\":\"https:\\\/\\\/rosanacl.com\\\/ca\\\/\"},{\"@type\":\"ListItem\",\"position\":2,\"name\":\"Tienda\",\"item\":\"https:\\\/\\\/rosanacl.com\\\/ca\\\/tienda\\\/\"},{\"@type\":\"ListItem\",\"position\":3,\"name\":\"Sujetador Selene Martina\"}]},{\"@type\":\"WebSite\",\"@id\":\"https:\\\/\\\/rosanacl.com\\\/ca\\\/#website\",\"url\":\"https:\\\/\\\/rosanacl.com\\\/ca\\\/\",\"name\":\"Rosana CL\",\"description\":\"Somos tu interior\",\"potentialAction\":[{\"@type\":\"SearchAction\",\"target\":{\"@type\":\"EntryPoint\",\"urlTemplate\":\"https:\\\/\\\/rosanacl.com\\\/ca\\\/?s={search_term_string}\"},\"query-input\":{\"@type\":\"PropertyValueSpecification\",\"valueRequired\":true,\"valueName\":\"search_term_string\"}}],\"inLanguage\":\"is\"}]}<\/script>\n<!-- \/ Yoast SEO plugin. -->","yoast_head_json":{"title":"Sujetador Selene Martina - Rosana CL","robots":{"index":"index","follow":"follow","max-snippet":"max-snippet:-1","max-image-preview":"max-image-preview:large","max-video-preview":"max-video-preview:-1"},"canonical":"https:\/\/rosanacl.com\/is\/product\/sujetador-modelo-martina\/","og_locale":"is_IS","og_type":"article","og_title":"Sujetador Selene Martina - Rosana CL","og_description":"El sujetador Selene modelo Martina es ese bralette \u00abcrochet\u00bb que te arregla el conjunto en segundos: encaje con personalidad, escote bonito y una forma muy favorecedora sin necesidad de complicarte. Lleva aros y copa con relleno para dar un acabado m\u00e1s redondeado y femenino, perfecto cuando quieres verte m\u00e1s puesta pero seguir sinti\u00e9ndote c\u00f3moda. Por [&hellip;]","og_url":"https:\/\/rosanacl.com\/is\/product\/sujetador-modelo-martina\/","og_site_name":"Rosana CL","article_modified_time":"2026-01-07T20:06:33+00:00","og_image":[{"width":1333,"height":992,"url":"https:\/\/rosanacl.com\/wp-content\/uploads\/2025\/04\/2-4.jpg","type":"image\/jpeg"}],"twitter_card":"summary_large_image","twitter_misc":{"Est. reading time":"2 minutes"},"schema":{"@context":"https:\/\/schema.org","@graph":[{"@type":"WebPage","@id":"https:\/\/rosanacl.com\/producto\/sujetador-modelo-martina\/","url":"https:\/\/rosanacl.com\/producto\/sujetador-modelo-martina\/","name":"Sujetador Selene Martina - Rosana CL","isPartOf":{"@id":"https:\/\/rosanacl.com\/ca\/#website"},"primaryImageOfPage":{"@id":"https:\/\/rosanacl.com\/producto\/sujetador-modelo-martina\/#primaryimage"},"image":{"@id":"https:\/\/rosanacl.com\/producto\/sujetador-modelo-martina\/#primaryimage"},"thumbnailUrl":"https:\/\/rosanacl.com\/wp-content\/uploads\/2025\/04\/2-4.jpg","datePublished":"2025-04-29T18:12:14+00:00","dateModified":"2026-01-07T20:06:33+00:00","breadcrumb":{"@id":"https:\/\/rosanacl.com\/producto\/sujetador-modelo-martina\/#breadcrumb"},"inLanguage":"is","potentialAction":[{"@type":"ReadAction","target":["https:\/\/rosanacl.com\/producto\/sujetador-modelo-martina\/"]}]},{"@type":"ImageObject","inLanguage":"is","@id":"https:\/\/rosanacl.com\/producto\/sujetador-modelo-martina\/#primaryimage","url":"https:\/\/rosanacl.com\/wp-content\/uploads\/2025\/04\/2-4.jpg","contentUrl":"https:\/\/rosanacl.com\/wp-content\/uploads\/2025\/04\/2-4.jpg","width":1333,"height":992},{"@type":"BreadcrumbList","@id":"https:\/\/rosanacl.com\/producto\/sujetador-modelo-martina\/#breadcrumb","itemListElement":[{"@type":"ListItem","position":1,"name":"Portada","item":"https:\/\/rosanacl.com\/ca\/"},{"@type":"ListItem","position":2,"name":"Tienda","item":"https:\/\/rosanacl.com\/ca\/tienda\/"},{"@type":"ListItem","position":3,"name":"Sujetador Selene Martina"}]},{"@type":"WebSite","@id":"https:\/\/rosanacl.com\/ca\/#website","url":"https:\/\/rosanacl.com\/ca\/","name":"Rosana CL","description":"Vi\u00f0 erum innra sj\u00e1lf \u00feitt","potentialAction":[{"@type":"SearchAction","target":{"@type":"EntryPoint","urlTemplate":"https:\/\/rosanacl.com\/ca\/?s={search_term_string}"},"query-input":{"@type":"PropertyValueSpecification","valueRequired":true,"valueName":"search_term_string"}}],"inLanguage":"is"}]}},"_links":{"self":[{"href":"https:\/\/rosanacl.com\/is\/wp-json\/wp\/v2\/product\/869","targetHints":{"allow":["GET"]}}],"collection":[{"href":"https:\/\/rosanacl.com\/is\/wp-json\/wp\/v2\/product"}],"about":[{"href":"https:\/\/rosanacl.com\/is\/wp-json\/wp\/v2\/types\/product"}],"replies":[{"embeddable":true,"href":"https:\/\/rosanacl.com\/is\/wp-json\/wp\/v2\/comments?post=869"}],"version-history":[{"count":5,"href":"https:\/\/rosanacl.com\/is\/wp-json\/wp\/v2\/product\/869\/revisions"}],"predecessor-version":[{"id":4614,"href":"https:\/\/rosanacl.com\/is\/wp-json\/wp\/v2\/product\/869\/revisions\/4614"}],"wp:featuredmedia":[{"embeddable":true,"href":"https:\/\/rosanacl.com\/is\/wp-json\/wp\/v2\/media\/2362"}],"wp:attachment":[{"href":"https:\/\/rosanacl.com\/is\/wp-json\/wp\/v2\/media?parent=869"}],"wp:term":[{"taxonomy":"product_brand","embeddable":true,"href":"https:\/\/rosanacl.com\/is\/wp-json\/wp\/v2\/product_brand?post=869"},{"taxonomy":"product_cat","embeddable":true,"href":"https:\/\/rosanacl.com\/is\/wp-json\/wp\/v2\/product_cat?post=869"},{"taxonomy":"product_tag","embeddable":true,"href":"https:\/\/rosanacl.com\/is\/wp-json\/wp\/v2\/product_tag?post=869"}],"curies":[{"name":"wp","href":"https:\/\/api.w.org\/{rel}","templated":true}]}}