{"id":931,"date":"2025-04-29T20:22:55","date_gmt":"2025-04-29T18:22:55","guid":{"rendered":"https:\/\/rosanacl.com\/?post_type=product&#038;p=931"},"modified":"2026-01-07T21:01:25","modified_gmt":"2026-01-07T20:01:25","slug":"sujetador-modelo-fabiola","status":"publish","type":"product","link":"https:\/\/rosanacl.com\/is\/product\/sujetador-modelo-fabiola\/","title":{"rendered":"Selene Fabiola brj\u00f3stahaldari"},"content":{"rendered":"<p>Selene Fabiola brj\u00f3stahaldarinn er hanna\u00f0ur fyrir \u00fe\u00e1 sem vilja \u00fe\u00e6gindi \u00e1n \u00feess a\u00f0 f\u00f3rna fallegri sni\u00f0m\u00e1t. Hann er me\u00f0 v\u00edrum og millisk\u00e1lum og t\u00e6knilegu efni sem a\u00f0lagast brj\u00f3stunum me\u00f0 l\u00e9ttri og mj\u00f6g \u00fe\u00e6gilegri tilfinningu, tilvalinn fyrir daglegt notkun \u00ed undirfataverslun \u00fear sem vi\u00f0skiptavinurinn er a\u00f0 leita a\u00f0 einhverju sem \u00abskreytir \u00fea\u00f0 bara og gleymir \u00fev\u00ed\u00bb.<\/p>\n<p>\u00dea\u00f0 sem gerir Fabiola brj\u00f3stahaldarann s\u00e9rstakan er hvernig hann sameinar stu\u00f0ning og \u00f6ndun: millibilsbollinn er me\u00f0 loftr\u00e6stingu innra me\u00f0 s\u00e9r sem hj\u00e1lpar til vi\u00f0 a\u00f0 stj\u00f3rna hita og vi\u00f0heldur \u00fe\u00e6gindum \u00ed marga klukkut\u00edma. \u00dear a\u00f0 auki er hann \u00far efni sem ekki aflagast, \u00feannig a\u00f0 bollinn endurheimtir l\u00f6gun s\u00edna og brj\u00f3stahaldarinn l\u00edtur \u00f3a\u00f0finnanlegur \u00fat lengur.<\/p>\n<p>\u00dea\u00f0 sem \u00fe\u00e9r l\u00edkar best vi\u00f0 Fabiola<\/p>\n<ul>\n<li>Millisbolli me\u00f0 v\u00edrum: st\u00f6\u00f0ugur stu\u00f0ningur me\u00f0 mj\u00f6g l\u00e9ttum tilfinningu.<\/li>\n<li>Mikil \u00f6ndun: loftr\u00e6st uppbygging fyrir meiri ferskleika.<\/li>\n<li>A\u00f0l\u00f6gunarh\u00e6fni a\u00f0 bringu: \u00fea\u00f0 passar \u00e1n \u00feess a\u00f0 vera \u00abst\u00edft\u00bb e\u00f0a \u00feungt.<\/li>\n<li>\u00d3aflagast efni: heldur bollanum fallegum og \u00ed g\u00f3\u00f0u formi.<\/li>\n<\/ul>\n<p>\ud83d\udde3\ufe0f R\u00e1\u00f0: Fabiola er einn af \u00feessum brj\u00f3stahaldurum sem gefur \u00fe\u00e9r ferskleikatilfinningu og \u00aballt \u00e1 s\u00ednum sta\u00f0\u00bb \u00e1 sama t\u00edma: hann sty\u00f0ur \u00e1n \u00feess a\u00f0 vera yfir\u00feyrmandi, hann er l\u00e9ttur og l\u00e6tur \u00feig l\u00ed\u00f0a r\u00f3lega \u00ed daglegu l\u00edfi (einn af \u00feessum brj\u00f3stahaldurum sem \u00fe\u00fa setur \u00e1 \u00feig og gleymir).<\/p>\n<p>\ud83d\udccf Athugi\u00f0: Til a\u00f0 f\u00e1 \u00feetta r\u00e9tt \u00ed fyrsta skipti skaltu athuga m\u00e6linguna undir brj\u00f3stum og hvernig \u00fe\u00e9r l\u00edkar passformin: ef \u00fe\u00fa vilt fasta og st\u00f6\u00f0uga passform skaltu halda \u00feig vi\u00f0 venjulega st\u00e6r\u00f0ina \u00fe\u00edna; ef \u00fe\u00fa ert \u00e1 milli st\u00e6r\u00f0a e\u00f0a vilt meiri \u00fe\u00e6gindi \u00ed kringum brj\u00f3stin skaltu st\u00e6kka um eina st\u00e6r\u00f0. Ef \u00fe\u00fa ert \u00f3viss skaltu m\u00e6la og bera saman \u00e1\u00f0ur en \u00fe\u00fa velur.<\/p>\n<p>Efnisamsetning: 70% p\u00f3l\u00fdester \/ 21% p\u00f3l\u00fdam\u00ed\u00f0 \/ 9% elastan.<\/p>\n<p>\ud83c\udf2c\ufe0f Ferskleiki og stu\u00f0ningur sem \u00fe\u00fa getur fundi\u00f0 (og noti\u00f0)<\/p>\n<p>&nbsp;<\/p>\n<div id=\"v1ms-outlook-mobile-body-separator-line\" dir=\"auto\"><\/div>","protected":false},"excerpt":{"rendered":"<p>El sujetador Selene modelo Fabiola est\u00e1 pensado para cuando quieres comodidad de verdad sin renunciar a una silueta bonita. Lleva aros y copa spacer, un tejido t\u00e9cnico que se adapta al pecho con una sensaci\u00f3n ligera y muy agradable, ideal para el d\u00eda a d\u00eda en una tienda de lencer\u00eda donde la clienta busca \u00abme [&hellip;]<\/p>\n","protected":false},"featured_media":982,"comment_status":"open","ping_status":"closed","template":"","meta":{"content-type":""},"product_brand":[55],"product_cat":[26,20],"product_tag":[56,62],"class_list":{"0":"post-931","1":"product","2":"type-product","3":"status-publish","4":"has-post-thumbnail","6":"product_brand-selene","7":"product_cat-con-aros-y-relleno","8":"product_cat-sujetador","9":"product_tag-sujetador","10":"product_tag-sujetador-con-aros-y-rellenos","12":"first","13":"instock","14":"taxable","15":"shipping-taxable","16":"purchasable","17":"product-type-variable"},"supplier_id":null,"supplier_sku":"","barcode":null,"atum_controlled":true,"out_stock_date":null,"out_stock_threshold":null,"inheritable":true,"inbound_stock":null,"stock_on_hold":0,"sold_today":0,"sales_last_days":0,"reserved_stock":null,"customer_returns":null,"warehouse_damage":null,"lost_in_post":null,"other_logs":null,"out_stock_days":0,"lost_sales":0,"has_location":false,"update_date":"2026-01-07T20:01:25","atum_locations":[],"atum_stock_status":"instock","restock_status":false,"low_stock_amount":"","sales_update_date":"2025-08-19T02:35:53","calc_backorders":null,"yoast_head":"<!-- This site is optimized with the Yoast SEO plugin v27.4 - https:\/\/yoast.com\/product\/yoast-seo-wordpress\/ -->\n<title>Sujetador Selene Fabiola - Rosana CL<\/title>\n<meta name=\"robots\" content=\"index, follow, max-snippet:-1, max-image-preview:large, max-video-preview:-1\" \/>\n<link rel=\"canonical\" href=\"https:\/\/rosanacl.com\/is\/product\/sujetador-modelo-fabiola\/\" \/>\n<meta property=\"og:locale\" content=\"is_IS\" \/>\n<meta property=\"og:type\" content=\"article\" \/>\n<meta property=\"og:title\" content=\"Sujetador Selene Fabiola - Rosana CL\" \/>\n<meta property=\"og:description\" content=\"El sujetador Selene modelo Fabiola est\u00e1 pensado para cuando quieres comodidad de verdad sin renunciar a una silueta bonita. Lleva aros y copa spacer, un tejido t\u00e9cnico que se adapta al pecho con una sensaci\u00f3n ligera y muy agradable, ideal para el d\u00eda a d\u00eda en una tienda de lencer\u00eda donde la clienta busca \u00abme [&hellip;]\" \/>\n<meta property=\"og:url\" content=\"https:\/\/rosanacl.com\/is\/product\/sujetador-modelo-fabiola\/\" \/>\n<meta property=\"og:site_name\" content=\"Rosana CL\" \/>\n<meta property=\"article:modified_time\" content=\"2026-01-07T20:01:25+00:00\" \/>\n<meta property=\"og:image\" content=\"https:\/\/rosanacl.com\/wp-content\/uploads\/2025\/04\/Sujetador-Selene-modelo-Fabiola_00001.webp\" \/>\n\t<meta property=\"og:image:width\" content=\"1000\" \/>\n\t<meta property=\"og:image:height\" content=\"1000\" \/>\n\t<meta property=\"og:image:type\" content=\"image\/webp\" \/>\n<meta name=\"twitter:card\" content=\"summary_large_image\" \/>\n<meta name=\"twitter:label1\" content=\"Est. reading time\" \/>\n\t<meta name=\"twitter:data1\" content=\"2 minutes\" \/>\n<script type=\"application\/ld+json\" class=\"yoast-schema-graph\">{\"@context\":\"https:\\\/\\\/schema.org\",\"@graph\":[{\"@type\":\"WebPage\",\"@id\":\"https:\\\/\\\/rosanacl.com\\\/producto\\\/sujetador-modelo-fabiola\\\/\",\"url\":\"https:\\\/\\\/rosanacl.com\\\/producto\\\/sujetador-modelo-fabiola\\\/\",\"name\":\"Sujetador Selene Fabiola - Rosana CL\",\"isPartOf\":{\"@id\":\"https:\\\/\\\/rosanacl.com\\\/ca\\\/#website\"},\"primaryImageOfPage\":{\"@id\":\"https:\\\/\\\/rosanacl.com\\\/producto\\\/sujetador-modelo-fabiola\\\/#primaryimage\"},\"image\":{\"@id\":\"https:\\\/\\\/rosanacl.com\\\/producto\\\/sujetador-modelo-fabiola\\\/#primaryimage\"},\"thumbnailUrl\":\"https:\\\/\\\/rosanacl.com\\\/wp-content\\\/uploads\\\/2025\\\/04\\\/Sujetador-Selene-modelo-Fabiola_00001.webp\",\"datePublished\":\"2025-04-29T18:22:55+00:00\",\"dateModified\":\"2026-01-07T20:01:25+00:00\",\"breadcrumb\":{\"@id\":\"https:\\\/\\\/rosanacl.com\\\/producto\\\/sujetador-modelo-fabiola\\\/#breadcrumb\"},\"inLanguage\":\"is\",\"potentialAction\":[{\"@type\":\"ReadAction\",\"target\":[\"https:\\\/\\\/rosanacl.com\\\/producto\\\/sujetador-modelo-fabiola\\\/\"]}]},{\"@type\":\"ImageObject\",\"inLanguage\":\"is\",\"@id\":\"https:\\\/\\\/rosanacl.com\\\/producto\\\/sujetador-modelo-fabiola\\\/#primaryimage\",\"url\":\"https:\\\/\\\/rosanacl.com\\\/wp-content\\\/uploads\\\/2025\\\/04\\\/Sujetador-Selene-modelo-Fabiola_00001.webp\",\"contentUrl\":\"https:\\\/\\\/rosanacl.com\\\/wp-content\\\/uploads\\\/2025\\\/04\\\/Sujetador-Selene-modelo-Fabiola_00001.webp\",\"width\":1000,\"height\":1000},{\"@type\":\"BreadcrumbList\",\"@id\":\"https:\\\/\\\/rosanacl.com\\\/producto\\\/sujetador-modelo-fabiola\\\/#breadcrumb\",\"itemListElement\":[{\"@type\":\"ListItem\",\"position\":1,\"name\":\"Portada\",\"item\":\"https:\\\/\\\/rosanacl.com\\\/ca\\\/\"},{\"@type\":\"ListItem\",\"position\":2,\"name\":\"Tienda\",\"item\":\"https:\\\/\\\/rosanacl.com\\\/ca\\\/tienda\\\/\"},{\"@type\":\"ListItem\",\"position\":3,\"name\":\"Sujetador Selene Fabiola\"}]},{\"@type\":\"WebSite\",\"@id\":\"https:\\\/\\\/rosanacl.com\\\/ca\\\/#website\",\"url\":\"https:\\\/\\\/rosanacl.com\\\/ca\\\/\",\"name\":\"Rosana CL\",\"description\":\"Somos tu interior\",\"potentialAction\":[{\"@type\":\"SearchAction\",\"target\":{\"@type\":\"EntryPoint\",\"urlTemplate\":\"https:\\\/\\\/rosanacl.com\\\/ca\\\/?s={search_term_string}\"},\"query-input\":{\"@type\":\"PropertyValueSpecification\",\"valueRequired\":true,\"valueName\":\"search_term_string\"}}],\"inLanguage\":\"is\"}]}<\/script>\n<!-- \/ Yoast SEO plugin. -->","yoast_head_json":{"title":"Sujetador Selene Fabiola - Rosana CL","robots":{"index":"index","follow":"follow","max-snippet":"max-snippet:-1","max-image-preview":"max-image-preview:large","max-video-preview":"max-video-preview:-1"},"canonical":"https:\/\/rosanacl.com\/is\/product\/sujetador-modelo-fabiola\/","og_locale":"is_IS","og_type":"article","og_title":"Sujetador Selene Fabiola - Rosana CL","og_description":"El sujetador Selene modelo Fabiola est\u00e1 pensado para cuando quieres comodidad de verdad sin renunciar a una silueta bonita. Lleva aros y copa spacer, un tejido t\u00e9cnico que se adapta al pecho con una sensaci\u00f3n ligera y muy agradable, ideal para el d\u00eda a d\u00eda en una tienda de lencer\u00eda donde la clienta busca \u00abme [&hellip;]","og_url":"https:\/\/rosanacl.com\/is\/product\/sujetador-modelo-fabiola\/","og_site_name":"Rosana CL","article_modified_time":"2026-01-07T20:01:25+00:00","og_image":[{"width":1000,"height":1000,"url":"https:\/\/rosanacl.com\/wp-content\/uploads\/2025\/04\/Sujetador-Selene-modelo-Fabiola_00001.webp","type":"image\/webp"}],"twitter_card":"summary_large_image","twitter_misc":{"Est. reading time":"2 minutes"},"schema":{"@context":"https:\/\/schema.org","@graph":[{"@type":"WebPage","@id":"https:\/\/rosanacl.com\/producto\/sujetador-modelo-fabiola\/","url":"https:\/\/rosanacl.com\/producto\/sujetador-modelo-fabiola\/","name":"Sujetador Selene Fabiola - Rosana CL","isPartOf":{"@id":"https:\/\/rosanacl.com\/ca\/#website"},"primaryImageOfPage":{"@id":"https:\/\/rosanacl.com\/producto\/sujetador-modelo-fabiola\/#primaryimage"},"image":{"@id":"https:\/\/rosanacl.com\/producto\/sujetador-modelo-fabiola\/#primaryimage"},"thumbnailUrl":"https:\/\/rosanacl.com\/wp-content\/uploads\/2025\/04\/Sujetador-Selene-modelo-Fabiola_00001.webp","datePublished":"2025-04-29T18:22:55+00:00","dateModified":"2026-01-07T20:01:25+00:00","breadcrumb":{"@id":"https:\/\/rosanacl.com\/producto\/sujetador-modelo-fabiola\/#breadcrumb"},"inLanguage":"is","potentialAction":[{"@type":"ReadAction","target":["https:\/\/rosanacl.com\/producto\/sujetador-modelo-fabiola\/"]}]},{"@type":"ImageObject","inLanguage":"is","@id":"https:\/\/rosanacl.com\/producto\/sujetador-modelo-fabiola\/#primaryimage","url":"https:\/\/rosanacl.com\/wp-content\/uploads\/2025\/04\/Sujetador-Selene-modelo-Fabiola_00001.webp","contentUrl":"https:\/\/rosanacl.com\/wp-content\/uploads\/2025\/04\/Sujetador-Selene-modelo-Fabiola_00001.webp","width":1000,"height":1000},{"@type":"BreadcrumbList","@id":"https:\/\/rosanacl.com\/producto\/sujetador-modelo-fabiola\/#breadcrumb","itemListElement":[{"@type":"ListItem","position":1,"name":"Portada","item":"https:\/\/rosanacl.com\/ca\/"},{"@type":"ListItem","position":2,"name":"Tienda","item":"https:\/\/rosanacl.com\/ca\/tienda\/"},{"@type":"ListItem","position":3,"name":"Sujetador Selene Fabiola"}]},{"@type":"WebSite","@id":"https:\/\/rosanacl.com\/ca\/#website","url":"https:\/\/rosanacl.com\/ca\/","name":"Rosana CL","description":"Vi\u00f0 erum innra sj\u00e1lf \u00feitt","potentialAction":[{"@type":"SearchAction","target":{"@type":"EntryPoint","urlTemplate":"https:\/\/rosanacl.com\/ca\/?s={search_term_string}"},"query-input":{"@type":"PropertyValueSpecification","valueRequired":true,"valueName":"search_term_string"}}],"inLanguage":"is"}]}},"_links":{"self":[{"href":"https:\/\/rosanacl.com\/is\/wp-json\/wp\/v2\/product\/931","targetHints":{"allow":["GET"]}}],"collection":[{"href":"https:\/\/rosanacl.com\/is\/wp-json\/wp\/v2\/product"}],"about":[{"href":"https:\/\/rosanacl.com\/is\/wp-json\/wp\/v2\/types\/product"}],"replies":[{"embeddable":true,"href":"https:\/\/rosanacl.com\/is\/wp-json\/wp\/v2\/comments?post=931"}],"version-history":[{"count":5,"href":"https:\/\/rosanacl.com\/is\/wp-json\/wp\/v2\/product\/931\/revisions"}],"predecessor-version":[{"id":4613,"href":"https:\/\/rosanacl.com\/is\/wp-json\/wp\/v2\/product\/931\/revisions\/4613"}],"wp:featuredmedia":[{"embeddable":true,"href":"https:\/\/rosanacl.com\/is\/wp-json\/wp\/v2\/media\/982"}],"wp:attachment":[{"href":"https:\/\/rosanacl.com\/is\/wp-json\/wp\/v2\/media?parent=931"}],"wp:term":[{"taxonomy":"product_brand","embeddable":true,"href":"https:\/\/rosanacl.com\/is\/wp-json\/wp\/v2\/product_brand?post=931"},{"taxonomy":"product_cat","embeddable":true,"href":"https:\/\/rosanacl.com\/is\/wp-json\/wp\/v2\/product_cat?post=931"},{"taxonomy":"product_tag","embeddable":true,"href":"https:\/\/rosanacl.com\/is\/wp-json\/wp\/v2\/product_tag?post=931"}],"curies":[{"name":"wp","href":"https:\/\/api.w.org\/{rel}","templated":true}]}}