{"id":16,"date":"2025-03-28T15:59:16","date_gmt":"2025-03-28T18:59:16","guid":{"rendered":"https:\/\/innovacon.simplificandotuweb.com\/?page_id=16"},"modified":"2025-07-09T08:54:15","modified_gmt":"2025-07-09T06:54:15","slug":"politica-de-cookies","status":"publish","type":"page","link":"https:\/\/rosanacl.com\/it\/politica-de-cookies\/","title":{"rendered":"Informativa sui cookie"},"content":{"rendered":"<div data-elementor-type=\"wp-page\" data-elementor-id=\"16\" class=\"elementor elementor-16\" data-elementor-post-type=\"page\">\n\t\t\t\t<div class=\"elementor-element elementor-element-3406fa7 e-flex e-con-boxed e-con e-parent\" data-id=\"3406fa7\" data-element_type=\"container\" data-e-type=\"container\" data-settings=\"{&quot;background_background&quot;:&quot;classic&quot;}\">\n\t\t\t\t\t<div class=\"e-con-inner\">\n\t\t<div class=\"elementor-element elementor-element-d212998 e-con-full e-flex e-con e-child\" data-id=\"d212998\" data-element_type=\"container\" data-e-type=\"container\">\n\t\t\t\t<div class=\"elementor-element elementor-element-973e9ce elementor-widget elementor-widget-heading\" data-id=\"973e9ce\" data-element_type=\"widget\" data-e-type=\"widget\" data-widget_type=\"heading.default\">\n\t\t\t\t<div class=\"elementor-widget-container\">\n\t\t\t\t\t<h2 class=\"elementor-heading-title elementor-size-default\">Informativa sui cookie<\/h2>\t\t\t\t<\/div>\n\t\t\t\t<\/div>\n\t\t\t\t<\/div>\n\t\t\t\t\t<\/div>\n\t\t\t\t<\/div>\n\t\t<div class=\"elementor-element elementor-element-504b4f4d e-flex e-con-boxed e-con e-parent\" data-id=\"504b4f4d\" data-element_type=\"container\" data-e-type=\"container\">\n\t\t\t\t\t<div class=\"e-con-inner\">\n\t\t\t\t<div class=\"elementor-element elementor-element-36706845 elementor-widget elementor-widget-text-editor\" data-id=\"36706845\" data-element_type=\"widget\" data-e-type=\"widget\" data-widget_type=\"text-editor.default\">\n\t\t\t\t<div class=\"elementor-widget-container\">\n\t\t\t\t\t\t\t\t\t\n<p>La presente Informativa sui cookie \u00e8 stata aggiornata l&#039;ultima volta l&#039;8 gennaio 2024 e si applica ai cittadini e ai residenti permanenti legali dello Spazio economico europeo e della Svizzera.<\/p>\n\n<p><strong>1. Introduzione<\/strong><\/p>\n\n<p>Il nostro sito web, <a href=\"https:\/\/rosanacl.com\/it\/\">https:\/\/rosanacl.com\/<\/a> (di seguito: &quot;il sito web&quot;) utilizza cookie e altre tecnologie correlate (per comodit\u00e0, tutte le tecnologie sono definite &quot;cookie&quot;). I cookie vengono installati anche da terze parti con cui abbiamo stipulato contratti. Il seguente documento informa sull&#039;utilizzo dei cookie sul nostro sito web.<\/p>\n\n<p><strong>2. Cosa sono i cookie?<\/strong><\/p>\n\n<p>Un cookie \u00e8 un piccolo file che viene inviato insieme alle pagine di questo sito web e memorizzato dal tuo browser sul disco rigido del tuo computer o altro dispositivo. Le informazioni memorizzate potrebbero essere restituite ai nostri server o a server di terze parti appropriati durante una visita successiva.<\/p>\n\n<p><strong>3. Cosa sono gli script?<\/strong><\/p>\n\n<p>Uno script \u00e8 un pezzo di codice di programma utilizzato per far funzionare il nostro sito web in modo corretto e interattivo. Questo codice viene eseguito sul nostro server o sul tuo dispositivo.<\/p>\n\n<p><strong>4. Che cosa \u00e8 un web beacon?<\/strong><\/p>\n\n<p>Un web beacon (o pixel tag) \u00e8 un piccolo frammento invisibile di testo o immagine presente su un sito web, utilizzato per monitorare il traffico del sito. A tale scopo, diversi dati su di te vengono memorizzati tramite questi web beacon.<\/p>\n\n<p><strong>5. Biscotti<\/strong><\/p>\n\n<p><strong>5.1 Cookie tecnici o funzionali<\/strong><\/p>\n\n<p>Alcuni cookie garantiscono il corretto funzionamento di alcune parti del sito web e che le tue preferenze utente rimangano valide. Utilizzando cookie funzionali, rendiamo pi\u00f9 semplice la tua visita al nostro sito web. In questo modo, non devi inserire ripetutamente le stesse informazioni quando visiti il nostro sito web e, ad esempio, gli articoli rimangono nel carrello finch\u00e9 non hai pagato. Potremmo utilizzare questi cookie senza il tuo consenso.<\/p>\n\n<p><strong>5.2 Cookie di marketing\/tracciamento<\/strong><\/p>\n\n<p>I cookie di marketing\/tracciamento sono cookie o altre forme di archiviazione locale utilizzati per creare profili utente allo scopo di mostrare pubblicit\u00e0 o tracciare gli utenti su questo sito web o su pi\u00f9 siti web per scopi di marketing simili.<\/p>\n\n<p><strong>6. Cookie utilizzati<\/strong><\/p>\n\n<ul class=\"wp-block-list\">\n<li>Elementor \u2013 Statistiche (anonime)<\/li>\n<li>Consenso al servizio elementor<\/li>\n<li>WordPress \u2013 Funzionale<\/li>\n<li>Consenso al servizio WordPress<\/li>\n<li>Varie \u2013 Scopo in attesa di indagine<\/li>\n<li>Consenso al servizio vario<\/li>\n<\/ul>\n\n<p><strong>7. Consenso<\/strong><\/p>\n\n<p>Quando visiti il nostro sito web per la prima volta, ti mostreremo un pop-up con una spiegazione sui cookie. Non appena clicchi su &quot;Salva preferenze&quot;, acconsenti all&#039;utilizzo delle categorie di cookie e plugin che hai selezionato nel pop-up, come descritto in questa politica sui cookie. Puoi disabilitare l&#039;uso dei cookie tramite il tuo browser, ma tieni presente che il nostro sito web potrebbe non funzionare pi\u00f9 correttamente.<\/p>\n\n<p><strong>7.1 Gestisci le tue impostazioni di consenso<\/strong><\/p>\n\n<ul class=\"wp-block-list\">\n<li>Funzionale \u2013 Sempre attivo<\/li>\n<li>Marketing \u2013 Marketing<\/li>\n<\/ul>\n\n<p><strong>8. Attivazione\/disattivazione e cancellazione dei cookie<\/strong><\/p>\n\n<p>Puoi utilizzare il tuo browser internet per eliminare automaticamente o manualmente i cookie. Puoi anche specificare che determinati cookie non possano essere installati. Un&#039;altra opzione \u00e8 quella di modificare le impostazioni del browser internet in modo da ricevere un messaggio ogni volta che viene installato un cookie. Per ulteriori informazioni su queste opzioni, consulta le istruzioni nella sezione &quot;Guida&quot; del tuo browser.<\/p>\n\n<p>Si prega di notare che il nostro sito web potrebbe non funzionare correttamente se tutti i cookie sono disabilitati. Se elimini i cookie dal tuo browser, questi verranno nuovamente inseriti dopo il tuo consenso quando visiterai nuovamente il nostro sito web.<\/p>\n\n<p><strong>9. I tuoi diritti in materia di dati personali<\/strong><\/p>\n\n<ul class=\"wp-block-list\">\n<li>Hai il diritto di sapere perch\u00e9 i tuoi dati personali sono necessari, cosa ne sar\u00e0 di essi e per quanto tempo saranno conservati.<\/li>\n<li>Diritto di accesso: Hai il diritto di accedere ai tuoi dati personali che conosciamo.<\/li>\n<li>Diritto di rettifica: hai il diritto di completare, rettificare, cancellare o bloccare i tuoi dati personali in qualsiasi momento.<\/li>\n<li>Se ci hai dato il tuo consenso al trattamento dei tuoi dati, hai il diritto di revocare tale consenso e di far cancellare i tuoi dati personali.<\/li>\n<li>Diritto alla portabilit\u00e0 dei dati: Hai il diritto di richiedere al titolare del trattamento tutti i tuoi dati personali e di trasferirli nella loro interezza a un altro titolare del trattamento.<\/li>\n<li>Diritto di opposizione: puoi opporti al trattamento dei tuoi dati. Daremo seguito a tale opposizione, a meno che non vi siano motivi giustificati per il trattamento.<\/li>\n<\/ul>\n\n<p>Per esercitare questi diritti, ti preghiamo di contattarci. Consulta i recapiti riportati in fondo alla presente informativa sui cookie. In caso di reclami su come gestiamo i tuoi dati, ti invitiamo a contattarci, ma hai anche il diritto di presentare un reclamo all&#039;autorit\u00e0 di controllo (l&#039;Autorit\u00e0 Garante per la Protezione dei Dati Personali).<\/p>\n\n<p><strong>10. Informazioni di contatto<\/strong><\/p>\n\n<p>Per domande e\/o commenti sulla nostra politica sui cookie e sulla presente informativa, contattateci utilizzando le seguenti informazioni di contatto:<\/p>\n\n<ul class=\"wp-block-list\">\n<li>Azienda: Pablo Angulo Maspons<\/li>\n<li>Popolazione: Vinaroz, Spagna<\/li>\n<li>Telefono: 613395013<\/li>\n<li>Posta:<a href=\"mailto:info@rosanacl.com\"> info@rosanacl.com<\/a>\u00a0<\/li>\n<\/ul>\n\n<p>Questa politica sui cookie \u00e8 stata sincronizzata con <a href=\"https:\/\/cookiedatabase.org\">cookiedatabase.org<\/a> il 01\/08\/2024.<\/p>\n\n<p>\u00a0<\/p>\t\t\t\t\t\t\t\t<\/div>\n\t\t\t\t<\/div>\n\t\t\t\t\t<\/div>\n\t\t\t\t<\/div>\n\t\t\t\t<\/div>","protected":false},"excerpt":{"rendered":"<p>Esta pol\u00edtica de cookies fue actualizada por \u00faltima vez el 08\/01\/2024 y se aplica a los ciudadanos y residentes legales permanentes del Espacio Econ\u00f3mico Europeo y Suiza. 1. Introducci\u00f3n Nuestra web, https:\/\/rosanacl.com\/ (en adelante: \u00abla web\u00bb) utiliza cookies y otras tecnolog\u00edas relacionadas (para mayor comodidad, todas las tecnolog\u00edas se denominan \u00abcookies\u00bb). Las cookies tambi\u00e9n son [&hellip;]<\/p>\n","protected":false},"author":1,"featured_media":0,"parent":0,"menu_order":0,"comment_status":"closed","ping_status":"closed","template":"","meta":{"content-type":"","footnotes":""},"class_list":["post-16","page","type-page","status-publish","hentry"],"yoast_head":"<!-- This site is optimized with the Yoast SEO plugin v27.4 - https:\/\/yoast.com\/product\/yoast-seo-wordpress\/ -->\n<title>Pol\u00edtica de Cookies - Rosana CL<\/title>\n<meta name=\"robots\" content=\"index, follow, max-snippet:-1, max-image-preview:large, max-video-preview:-1\" \/>\n<link rel=\"canonical\" href=\"https:\/\/rosanacl.com\/it\/politica-de-cookies\/\" \/>\n<meta property=\"og:locale\" content=\"it_IT\" \/>\n<meta property=\"og:type\" content=\"article\" \/>\n<meta property=\"og:title\" content=\"Pol\u00edtica de Cookies - Rosana CL\" \/>\n<meta property=\"og:description\" content=\"Esta pol\u00edtica de cookies fue actualizada por \u00faltima vez el 08\/01\/2024 y se aplica a los ciudadanos y residentes legales permanentes del Espacio Econ\u00f3mico Europeo y Suiza. 1. Introducci\u00f3n Nuestra web, https:\/\/rosanacl.com\/ (en adelante: \u00abla web\u00bb) utiliza cookies y otras tecnolog\u00edas relacionadas (para mayor comodidad, todas las tecnolog\u00edas se denominan \u00abcookies\u00bb). Las cookies tambi\u00e9n son [&hellip;]\" \/>\n<meta property=\"og:url\" content=\"https:\/\/rosanacl.com\/it\/politica-de-cookies\/\" \/>\n<meta property=\"og:site_name\" content=\"Rosana CL\" \/>\n<meta property=\"article:modified_time\" content=\"2025-07-09T06:54:15+00:00\" \/>\n<meta name=\"twitter:card\" content=\"summary_large_image\" \/>\n<meta name=\"twitter:label1\" content=\"Tempo di lettura stimato\" \/>\n\t<meta name=\"twitter:data1\" content=\"4 minuti\" \/>\n<script type=\"application\/ld+json\" class=\"yoast-schema-graph\">{\"@context\":\"https:\\\/\\\/schema.org\",\"@graph\":[{\"@type\":\"WebPage\",\"@id\":\"https:\\\/\\\/rosanacl.com\\\/eu\\\/politica-de-cookies\\\/\",\"url\":\"https:\\\/\\\/rosanacl.com\\\/eu\\\/politica-de-cookies\\\/\",\"name\":\"Pol\u00edtica de Cookies - Rosana CL\",\"isPartOf\":{\"@id\":\"https:\\\/\\\/rosanacl.com\\\/ca\\\/#website\"},\"datePublished\":\"2025-03-28T18:59:16+00:00\",\"dateModified\":\"2025-07-09T06:54:15+00:00\",\"breadcrumb\":{\"@id\":\"https:\\\/\\\/rosanacl.com\\\/eu\\\/politica-de-cookies\\\/#breadcrumb\"},\"inLanguage\":\"it-IT\",\"potentialAction\":[{\"@type\":\"ReadAction\",\"target\":[\"https:\\\/\\\/rosanacl.com\\\/eu\\\/politica-de-cookies\\\/\"]}]},{\"@type\":\"BreadcrumbList\",\"@id\":\"https:\\\/\\\/rosanacl.com\\\/eu\\\/politica-de-cookies\\\/#breadcrumb\",\"itemListElement\":[{\"@type\":\"ListItem\",\"position\":1,\"name\":\"Portada\",\"item\":\"https:\\\/\\\/rosanacl.com\\\/ca\\\/\"},{\"@type\":\"ListItem\",\"position\":2,\"name\":\"Pol\u00edtica de Cookies\"}]},{\"@type\":\"WebSite\",\"@id\":\"https:\\\/\\\/rosanacl.com\\\/ca\\\/#website\",\"url\":\"https:\\\/\\\/rosanacl.com\\\/ca\\\/\",\"name\":\"Rosana CL\",\"description\":\"Somos tu interior\",\"potentialAction\":[{\"@type\":\"SearchAction\",\"target\":{\"@type\":\"EntryPoint\",\"urlTemplate\":\"https:\\\/\\\/rosanacl.com\\\/ca\\\/?s={search_term_string}\"},\"query-input\":{\"@type\":\"PropertyValueSpecification\",\"valueRequired\":true,\"valueName\":\"search_term_string\"}}],\"inLanguage\":\"it-IT\"}]}<\/script>\n<!-- \/ Yoast SEO plugin. -->","yoast_head_json":{"title":"Pol\u00edtica de Cookies - Rosana CL","robots":{"index":"index","follow":"follow","max-snippet":"max-snippet:-1","max-image-preview":"max-image-preview:large","max-video-preview":"max-video-preview:-1"},"canonical":"https:\/\/rosanacl.com\/it\/politica-de-cookies\/","og_locale":"it_IT","og_type":"article","og_title":"Pol\u00edtica de Cookies - Rosana CL","og_description":"Esta pol\u00edtica de cookies fue actualizada por \u00faltima vez el 08\/01\/2024 y se aplica a los ciudadanos y residentes legales permanentes del Espacio Econ\u00f3mico Europeo y Suiza. 1. Introducci\u00f3n Nuestra web, https:\/\/rosanacl.com\/ (en adelante: \u00abla web\u00bb) utiliza cookies y otras tecnolog\u00edas relacionadas (para mayor comodidad, todas las tecnolog\u00edas se denominan \u00abcookies\u00bb). Las cookies tambi\u00e9n son [&hellip;]","og_url":"https:\/\/rosanacl.com\/it\/politica-de-cookies\/","og_site_name":"Rosana CL","article_modified_time":"2025-07-09T06:54:15+00:00","twitter_card":"summary_large_image","twitter_misc":{"Tempo di lettura stimato":"4 minuti"},"schema":{"@context":"https:\/\/schema.org","@graph":[{"@type":"WebPage","@id":"https:\/\/rosanacl.com\/eu\/politica-de-cookies\/","url":"https:\/\/rosanacl.com\/eu\/politica-de-cookies\/","name":"Pol\u00edtica de Cookies - Rosana CL","isPartOf":{"@id":"https:\/\/rosanacl.com\/ca\/#website"},"datePublished":"2025-03-28T18:59:16+00:00","dateModified":"2025-07-09T06:54:15+00:00","breadcrumb":{"@id":"https:\/\/rosanacl.com\/eu\/politica-de-cookies\/#breadcrumb"},"inLanguage":"it-IT","potentialAction":[{"@type":"ReadAction","target":["https:\/\/rosanacl.com\/eu\/politica-de-cookies\/"]}]},{"@type":"BreadcrumbList","@id":"https:\/\/rosanacl.com\/eu\/politica-de-cookies\/#breadcrumb","itemListElement":[{"@type":"ListItem","position":1,"name":"Portada","item":"https:\/\/rosanacl.com\/ca\/"},{"@type":"ListItem","position":2,"name":"Pol\u00edtica de Cookies"}]},{"@type":"WebSite","@id":"https:\/\/rosanacl.com\/ca\/#website","url":"https:\/\/rosanacl.com\/ca\/","name":"Rosana CL","description":"Siamo il tuo interno","potentialAction":[{"@type":"SearchAction","target":{"@type":"EntryPoint","urlTemplate":"https:\/\/rosanacl.com\/ca\/?s={search_term_string}"},"query-input":{"@type":"PropertyValueSpecification","valueRequired":true,"valueName":"search_term_string"}}],"inLanguage":"it-IT"}]}},"_links":{"self":[{"href":"https:\/\/rosanacl.com\/it\/wp-json\/wp\/v2\/pages\/16","targetHints":{"allow":["GET"]}}],"collection":[{"href":"https:\/\/rosanacl.com\/it\/wp-json\/wp\/v2\/pages"}],"about":[{"href":"https:\/\/rosanacl.com\/it\/wp-json\/wp\/v2\/types\/page"}],"author":[{"embeddable":true,"href":"https:\/\/rosanacl.com\/it\/wp-json\/wp\/v2\/users\/1"}],"replies":[{"embeddable":true,"href":"https:\/\/rosanacl.com\/it\/wp-json\/wp\/v2\/comments?post=16"}],"version-history":[{"count":0,"href":"https:\/\/rosanacl.com\/it\/wp-json\/wp\/v2\/pages\/16\/revisions"}],"wp:attachment":[{"href":"https:\/\/rosanacl.com\/it\/wp-json\/wp\/v2\/media?parent=16"}],"curies":[{"name":"parola chiave","href":"https:\/\/api.w.org\/{rel}","templated":true}]}}