{"id":18,"date":"2025-03-28T16:03:06","date_gmt":"2025-03-28T19:03:06","guid":{"rendered":"https:\/\/innovacon.simplificandotuweb.com\/?page_id=18"},"modified":"2025-08-01T14:33:36","modified_gmt":"2025-08-01T12:33:36","slug":"aviso-legal","status":"publish","type":"page","link":"https:\/\/rosanacl.com\/it\/aviso-legal\/","title":{"rendered":"Avviso legale"},"content":{"rendered":"<div data-elementor-type=\"wp-page\" data-elementor-id=\"18\" class=\"elementor elementor-18\" data-elementor-post-type=\"page\">\n\t\t\t\t<div class=\"elementor-element elementor-element-1f18319 e-flex e-con-boxed e-con e-parent\" data-id=\"1f18319\" data-element_type=\"container\" data-e-type=\"container\" data-settings=\"{&quot;background_background&quot;:&quot;classic&quot;}\">\n\t\t\t\t\t<div class=\"e-con-inner\">\n\t\t<div class=\"elementor-element elementor-element-c2acaab e-con-full e-flex e-con e-child\" data-id=\"c2acaab\" data-element_type=\"container\" data-e-type=\"container\">\n\t\t\t\t<div class=\"elementor-element elementor-element-6f29856 elementor-widget elementor-widget-heading\" data-id=\"6f29856\" data-element_type=\"widget\" data-e-type=\"widget\" data-widget_type=\"heading.default\">\n\t\t\t\t<div class=\"elementor-widget-container\">\n\t\t\t\t\t<h2 class=\"elementor-heading-title elementor-size-default\">Avviso legale<\/h2>\t\t\t\t<\/div>\n\t\t\t\t<\/div>\n\t\t\t\t<\/div>\n\t\t\t\t\t<\/div>\n\t\t\t\t<\/div>\n\t\t<div class=\"elementor-element elementor-element-7b2ac5e6 e-flex e-con-boxed e-con e-parent\" data-id=\"7b2ac5e6\" data-element_type=\"container\" data-e-type=\"container\">\n\t\t\t\t\t<div class=\"e-con-inner\">\n\t\t\t\t<div class=\"elementor-element elementor-element-2e23d7df elementor-widget elementor-widget-text-editor\" data-id=\"2e23d7df\" data-element_type=\"widget\" data-e-type=\"widget\" data-widget_type=\"text-editor.default\">\n\t\t\t\t<div class=\"elementor-widget-container\">\n\t\t\t\t\t\t\t\t\t\n<p><strong>Titolare del trattamento dei dati<\/strong><\/p>\n\n<p>In ottemperanza all&#039;obbligo di informazione stabilito dalla Legge 34\/2002, dell&#039;11 luglio, sui Servizi della Societ\u00e0 dell&#039;Informazione e del Commercio Elettronico, vi informiamo che questo sito web \u00e8 di propriet\u00e0 di:<\/p>\n\n<ul class=\"wp-block-list\">\n<li>Azienda: Pablo Angulo Maspons<\/li>\n<li>NIF: 73394866A<\/li>\n<li>Popolazione: Vinaroz, Spagna<\/li>\n<li>Telefono: 613395013<\/li>\n<li>Posta: <a href=\"mailto:info@rosanacl.com\">info@rosanacl.com<\/a><a href=\"mailto:info@rosanacl.com\">\u00a0<\/a><\/li>\n<\/ul>\n\n<p><strong>Oggetto<\/strong><\/p>\n\n<p>Il Titolare mette a disposizione degli utenti il presente documento al fine di ottemperare a quanto previsto dalla normativa vigente in materia di protezione dei dati, e nel contesto del nuovo quadro normativo istituito in virt\u00f9 delle disposizioni del Regolamento (UE) 2016\/679 del Parlamento Europeo e del Consiglio, del 27 aprile 2016, relativo alla protezione delle persone fisiche con riguardo al trattamento dei dati personali, nonch\u00e9 alla libera circolazione di tali dati (di seguito, il &quot;GDPR&quot;), e delle normative nazionali in materia di protezione dei dati personali, nonch\u00e9 per informare tutti gli utenti del sito web sulle condizioni di utilizzo dello stesso. Chiunque acceda a questo sito web assume il ruolo di utente, impegnandosi all&#039;osservanza e al rigoroso rispetto delle disposizioni qui stabilite, nonch\u00e9 di ogni altra disposizione di legge applicabile. Il Titolare si riserva il diritto di modificare qualsiasi tipo di informazione presente sul sito web, senza alcun obbligo di notifica o informazione degli utenti in merito a tali obblighi, essendo considerata sufficiente la pubblicazione sul sito web del Titolare.<\/p>\n\n<p><strong>Responsabilit\u00e0<\/strong><\/p>\n\n<p>Il Titolare declina ogni responsabilit\u00e0 derivante dalle informazioni pubblicate sul proprio sito web, sempre che tali informazioni siano state manipolate o inserite da un soggetto terzo diverso dal Titolare.<\/p>\n\n<p><strong>indirizzi IP<\/strong><\/p>\n\n<p>I server del sito web rileveranno automaticamente l&#039;indirizzo IP e il nome di dominio utilizzati dall&#039;utente. Un indirizzo IP \u00e8 un numero assegnato automaticamente a un computer quando si connette a Internet. Tutte queste informazioni vengono registrate in un registro delle attivit\u00e0 del server debitamente registrato, che consente la successiva elaborazione dei dati per ottenere misurazioni puramente statistiche come il numero di visualizzazioni di pagina, il numero di visite effettuate ai server web, l&#039;ordine delle visite, il punto di accesso, ecc.<\/p>\n\n<p><strong>Politica sui link<\/strong><\/p>\n\n<p>Da questo sito web, potreste essere reindirizzati a contenuti di siti web di terze parti. Poich\u00e9 il Titolare non pu\u00f2 sempre controllare i contenuti pubblicati da terze parti sui propri siti web, non si assume alcuna responsabilit\u00e0 per tali contenuti. In ogni caso, il Titolare dichiara che rimuover\u00e0 immediatamente qualsiasi contenuto che possa violare la legislazione nazionale o internazionale, la morale o l&#039;ordine pubblico, e rimuover\u00e0 immediatamente il reindirizzamento a questo sito web e informer\u00e0 le autorit\u00e0 competenti del contenuto in questione. Il Titolare non \u00e8 responsabile delle informazioni e dei contenuti memorizzati, inclusi, a titolo esemplificativo ma non esaustivo, forum, chat, generatori di blog, commenti, social network o qualsiasi altro mezzo che consenta a terze parti di pubblicare contenuti in modo indipendente sul sito web del Titolare. Tuttavia, e in conformit\u00e0 con quanto disposto dall&#039;art. 11 e 16 della LSSICE (Legge spagnola sui servizi della societ\u00e0 dell&#039;informazione), il Titolare si mette a disposizione di tutti gli utenti, autorit\u00e0 e forze dell&#039;ordine, collaborando attivamente alla rimozione o, se del caso, al blocco di qualsiasi contenuto che possa ledere o violare la legislazione nazionale o internazionale, i diritti di terze parti, la morale e l&#039;ordine pubblico. Se l&#039;utente ritiene che sul sito web siano presenti contenuti classificabili come tali, \u00e8 pregato di avvisare immediatamente l&#039;amministratore del sito web. Questo sito web \u00e8 stato esaminato e testato per garantirne il corretto funzionamento. In linea di principio, il corretto funzionamento pu\u00f2 essere garantito 365 giorni all&#039;anno, 24 ore su 24. Tuttavia, il Titolare del trattamento non esclude la possibilit\u00e0 di errori di programmazione o la possibilit\u00e0 che questi possano divenire cause di forza maggiore, calamit\u00e0 naturali, scioperi o circostanze simili che rendano impossibile l&#039;accesso al sito web.<\/p>\n\n<p><strong>Protezione dei dati<\/strong><\/p>\n\n<p>Il Titolare del Trattamento si impegna profondamente a rispettare le disposizioni della normativa vigente in materia di protezione dei dati, e nel contesto del nuovo quadro normativo istituito in virt\u00f9 delle disposizioni del Regolamento (UE) 2016\/679 del Parlamento Europeo e del Consiglio, del 27 aprile 2016, relativo alla protezione delle persone fisiche con riguardo al trattamento dei dati personali, nonch\u00e9 alla libera circolazione di tali dati (di seguito, il GDPR), e delle normative nazionali in materia di protezione dei dati personali. Allo stesso modo, il Titolare del Trattamento informa di ottemperare alla Legge 34\/2002 dell&#039;11 luglio, sui Servizi della Societ\u00e0 dell&#039;Informazione e il Commercio Elettronico, e richieder\u00e0 in ogni momento il Suo consenso al trattamento dei Suoi dati per finalit\u00e0 commerciali.<\/p>\n\n<p><strong>Propriet\u00e0 intellettuale e industriale<\/strong><\/p>\n\n<p>Il sito web, inclusi, a titolo esemplificativo ma non esaustivo, la sua programmazione, modifica, compilazione e altri elementi necessari al suo funzionamento, i design, i loghi, i testi e\/o la grafica, sono di propriet\u00e0 del Titolare del trattamento o, ove applicabile, godono di una licenza o di un&#039;autorizzazione espressa da parte degli autori. Tutti i contenuti del sito web sono debitamente protetti dalle normative sulla propriet\u00e0 intellettuale e industriale. Indipendentemente dalla finalit\u00e0, la riproduzione, l&#039;utilizzo, lo sfruttamento, la distribuzione e la commercializzazione, totale o parziale, richiedono sempre la previa autorizzazione scritta del Titolare del trattamento. Qualsiasi utilizzo non preventivamente autorizzato dal Titolare del trattamento sar\u00e0 considerato una grave violazione dei diritti di propriet\u00e0 intellettuale o industriale dell&#039;autore. Design, loghi, testi e\/o grafica non appartenenti al prestatore e che potrebbero apparire sul sito web appartengono ai rispettivi proprietari, i quali sono responsabili per eventuali controversie che dovessero sorgere in relazione ad essi. In ogni caso, il Titolare del trattamento dispone della loro espressa autorizzazione preventiva. Il Titolare autorizza espressamente terzi a reindirizzare direttamente a contenuti specifici del sito web e, in ogni caso, tali reindirizzamenti dovranno essere effettuati alla home page del Titolare del trattamento. Il Titolare del Trattamento riconosce i corrispondenti diritti di propriet\u00e0 intellettuale e industriale a favore dei rispettivi titolari e la loro mera menzione o apparizione sul sito web non implica l&#039;esistenza di diritti o responsabilit\u00e0 del Titolare su tali diritti, n\u00e9 implica alcun supporto, sponsorizzazione o raccomandazione da parte degli stessi. Per tutte le immagini, laddove il software di progettazione lo consenta, sono stati inclusi i relativi riferimenti alla paternit\u00e0 e alla relativa licenza. Per qualsiasi tipo di segnalazione relativa a possibili violazioni dei diritti di propriet\u00e0 intellettuale o industriale, nonch\u00e9 a qualsiasi contenuto del sito web, \u00e8 possibile farlo tramite il seguente indirizzo e-mail: <a href=\"mailto:info@rosanacl.com\">info@rosanacl.com<\/a><\/p>\n\n<p>\u00a0<\/p>\n\t\t\t\t\t\t\t\t<\/div>\n\t\t\t\t<\/div>\n\t\t\t\t\t<\/div>\n\t\t\t\t<\/div>\n\t\t\t\t<\/div>","protected":false},"excerpt":{"rendered":"<p>Responsable del tratamiento de los datos En cumplimiento del deber de informaci\u00f3n que establece la Ley La 34\/2002, de 11 de julio, de Servicios de la Sociedad de la Informaci\u00f3n y del Comercio Electr\u00f3nico, le comunicamos que esta web es titularidad de: Objeto El Responsable pone a disposici\u00f3n de los usuarios este documento con el [&hellip;]<\/p>\n","protected":false},"author":1,"featured_media":0,"parent":0,"menu_order":0,"comment_status":"closed","ping_status":"closed","template":"","meta":{"content-type":"","footnotes":""},"class_list":["post-18","page","type-page","status-publish","hentry"],"yoast_head":"<!-- This site is optimized with the Yoast SEO plugin v27.4 - https:\/\/yoast.com\/product\/yoast-seo-wordpress\/ -->\n<title>Aviso Legal - Rosana CL<\/title>\n<meta name=\"robots\" content=\"index, follow, max-snippet:-1, max-image-preview:large, max-video-preview:-1\" \/>\n<link rel=\"canonical\" href=\"https:\/\/rosanacl.com\/it\/aviso-legal\/\" \/>\n<meta property=\"og:locale\" content=\"it_IT\" \/>\n<meta property=\"og:type\" content=\"article\" \/>\n<meta property=\"og:title\" content=\"Aviso Legal - Rosana CL\" \/>\n<meta property=\"og:description\" content=\"Responsable del tratamiento de los datos En cumplimiento del deber de informaci\u00f3n que establece la Ley La 34\/2002, de 11 de julio, de Servicios de la Sociedad de la Informaci\u00f3n y del Comercio Electr\u00f3nico, le comunicamos que esta web es titularidad de: Objeto El Responsable pone a disposici\u00f3n de los usuarios este documento con el [&hellip;]\" \/>\n<meta property=\"og:url\" content=\"https:\/\/rosanacl.com\/it\/aviso-legal\/\" \/>\n<meta property=\"og:site_name\" content=\"Rosana CL\" \/>\n<meta property=\"article:modified_time\" content=\"2025-08-01T12:33:36+00:00\" \/>\n<meta name=\"twitter:card\" content=\"summary_large_image\" \/>\n<meta name=\"twitter:label1\" content=\"Tempo di lettura stimato\" \/>\n\t<meta name=\"twitter:data1\" content=\"6 minuti\" \/>\n<script type=\"application\/ld+json\" class=\"yoast-schema-graph\">{\"@context\":\"https:\\\/\\\/schema.org\",\"@graph\":[{\"@type\":\"WebPage\",\"@id\":\"https:\\\/\\\/rosanacl.com\\\/aviso-legal\\\/\",\"url\":\"https:\\\/\\\/rosanacl.com\\\/aviso-legal\\\/\",\"name\":\"Aviso Legal - Rosana CL\",\"isPartOf\":{\"@id\":\"https:\\\/\\\/rosanacl.com\\\/ca\\\/#website\"},\"datePublished\":\"2025-03-28T19:03:06+00:00\",\"dateModified\":\"2025-08-01T12:33:36+00:00\",\"breadcrumb\":{\"@id\":\"https:\\\/\\\/rosanacl.com\\\/aviso-legal\\\/#breadcrumb\"},\"inLanguage\":\"it-IT\",\"potentialAction\":[{\"@type\":\"ReadAction\",\"target\":[\"https:\\\/\\\/rosanacl.com\\\/aviso-legal\\\/\"]}]},{\"@type\":\"BreadcrumbList\",\"@id\":\"https:\\\/\\\/rosanacl.com\\\/aviso-legal\\\/#breadcrumb\",\"itemListElement\":[{\"@type\":\"ListItem\",\"position\":1,\"name\":\"Portada\",\"item\":\"https:\\\/\\\/rosanacl.com\\\/ca\\\/\"},{\"@type\":\"ListItem\",\"position\":2,\"name\":\"Aviso Legal\"}]},{\"@type\":\"WebSite\",\"@id\":\"https:\\\/\\\/rosanacl.com\\\/ca\\\/#website\",\"url\":\"https:\\\/\\\/rosanacl.com\\\/ca\\\/\",\"name\":\"Rosana CL\",\"description\":\"Somos tu interior\",\"potentialAction\":[{\"@type\":\"SearchAction\",\"target\":{\"@type\":\"EntryPoint\",\"urlTemplate\":\"https:\\\/\\\/rosanacl.com\\\/ca\\\/?s={search_term_string}\"},\"query-input\":{\"@type\":\"PropertyValueSpecification\",\"valueRequired\":true,\"valueName\":\"search_term_string\"}}],\"inLanguage\":\"it-IT\"}]}<\/script>\n<!-- \/ Yoast SEO plugin. -->","yoast_head_json":{"title":"Aviso Legal - Rosana CL","robots":{"index":"index","follow":"follow","max-snippet":"max-snippet:-1","max-image-preview":"max-image-preview:large","max-video-preview":"max-video-preview:-1"},"canonical":"https:\/\/rosanacl.com\/it\/aviso-legal\/","og_locale":"it_IT","og_type":"article","og_title":"Aviso Legal - Rosana CL","og_description":"Responsable del tratamiento de los datos En cumplimiento del deber de informaci\u00f3n que establece la Ley La 34\/2002, de 11 de julio, de Servicios de la Sociedad de la Informaci\u00f3n y del Comercio Electr\u00f3nico, le comunicamos que esta web es titularidad de: Objeto El Responsable pone a disposici\u00f3n de los usuarios este documento con el [&hellip;]","og_url":"https:\/\/rosanacl.com\/it\/aviso-legal\/","og_site_name":"Rosana CL","article_modified_time":"2025-08-01T12:33:36+00:00","twitter_card":"summary_large_image","twitter_misc":{"Tempo di lettura stimato":"6 minuti"},"schema":{"@context":"https:\/\/schema.org","@graph":[{"@type":"WebPage","@id":"https:\/\/rosanacl.com\/aviso-legal\/","url":"https:\/\/rosanacl.com\/aviso-legal\/","name":"Aviso Legal - Rosana CL","isPartOf":{"@id":"https:\/\/rosanacl.com\/ca\/#website"},"datePublished":"2025-03-28T19:03:06+00:00","dateModified":"2025-08-01T12:33:36+00:00","breadcrumb":{"@id":"https:\/\/rosanacl.com\/aviso-legal\/#breadcrumb"},"inLanguage":"it-IT","potentialAction":[{"@type":"ReadAction","target":["https:\/\/rosanacl.com\/aviso-legal\/"]}]},{"@type":"BreadcrumbList","@id":"https:\/\/rosanacl.com\/aviso-legal\/#breadcrumb","itemListElement":[{"@type":"ListItem","position":1,"name":"Portada","item":"https:\/\/rosanacl.com\/ca\/"},{"@type":"ListItem","position":2,"name":"Aviso Legal"}]},{"@type":"WebSite","@id":"https:\/\/rosanacl.com\/ca\/#website","url":"https:\/\/rosanacl.com\/ca\/","name":"Rosana CL","description":"Siamo il tuo interno","potentialAction":[{"@type":"SearchAction","target":{"@type":"EntryPoint","urlTemplate":"https:\/\/rosanacl.com\/ca\/?s={search_term_string}"},"query-input":{"@type":"PropertyValueSpecification","valueRequired":true,"valueName":"search_term_string"}}],"inLanguage":"it-IT"}]}},"_links":{"self":[{"href":"https:\/\/rosanacl.com\/it\/wp-json\/wp\/v2\/pages\/18","targetHints":{"allow":["GET"]}}],"collection":[{"href":"https:\/\/rosanacl.com\/it\/wp-json\/wp\/v2\/pages"}],"about":[{"href":"https:\/\/rosanacl.com\/it\/wp-json\/wp\/v2\/types\/page"}],"author":[{"embeddable":true,"href":"https:\/\/rosanacl.com\/it\/wp-json\/wp\/v2\/users\/1"}],"replies":[{"embeddable":true,"href":"https:\/\/rosanacl.com\/it\/wp-json\/wp\/v2\/comments?post=18"}],"version-history":[{"count":0,"href":"https:\/\/rosanacl.com\/it\/wp-json\/wp\/v2\/pages\/18\/revisions"}],"wp:attachment":[{"href":"https:\/\/rosanacl.com\/it\/wp-json\/wp\/v2\/media?parent=18"}],"curies":[{"name":"parola chiave","href":"https:\/\/api.w.org\/{rel}","templated":true}]}}