{"id":16,"date":"2025-03-28T15:59:16","date_gmt":"2025-03-28T18:59:16","guid":{"rendered":"https:\/\/innovacon.simplificandotuweb.com\/?page_id=16"},"modified":"2025-07-09T08:54:15","modified_gmt":"2025-07-09T06:54:15","slug":"politica-de-cookies","status":"publish","type":"page","link":"https:\/\/rosanacl.com\/lt\/politica-de-cookies\/","title":{"rendered":"Slapuk\u0173 politika"},"content":{"rendered":"<div data-elementor-type=\"wp-page\" data-elementor-id=\"16\" class=\"elementor elementor-16\" data-elementor-post-type=\"page\">\n\t\t\t\t<div class=\"elementor-element elementor-element-3406fa7 e-flex e-con-boxed e-con e-parent\" data-id=\"3406fa7\" data-element_type=\"container\" data-e-type=\"container\" data-settings=\"{&quot;background_background&quot;:&quot;classic&quot;}\">\n\t\t\t\t\t<div class=\"e-con-inner\">\n\t\t<div class=\"elementor-element elementor-element-d212998 e-con-full e-flex e-con e-child\" data-id=\"d212998\" data-element_type=\"container\" data-e-type=\"container\">\n\t\t\t\t<div class=\"elementor-element elementor-element-973e9ce elementor-widget elementor-widget-heading\" data-id=\"973e9ce\" data-element_type=\"widget\" data-e-type=\"widget\" data-widget_type=\"heading.default\">\n\t\t\t\t<div class=\"elementor-widget-container\">\n\t\t\t\t\t<h2 class=\"elementor-heading-title elementor-size-default\">Slapuk\u0173 politika<\/h2>\t\t\t\t<\/div>\n\t\t\t\t<\/div>\n\t\t\t\t<\/div>\n\t\t\t\t\t<\/div>\n\t\t\t\t<\/div>\n\t\t<div class=\"elementor-element elementor-element-504b4f4d e-flex e-con-boxed e-con e-parent\" data-id=\"504b4f4d\" data-element_type=\"container\" data-e-type=\"container\">\n\t\t\t\t\t<div class=\"e-con-inner\">\n\t\t\t\t<div class=\"elementor-element elementor-element-36706845 elementor-widget elementor-widget-text-editor\" data-id=\"36706845\" data-element_type=\"widget\" data-e-type=\"widget\" data-widget_type=\"text-editor.default\">\n\t\t\t\t<div class=\"elementor-widget-container\">\n\t\t\t\t\t\t\t\t\t\n<p>\u0160i slapuk\u0173 politika paskutin\u012f kart\u0105 atnaujinta 2024 m. sausio 8 d. ir taikoma Europos ekonomin\u0117s erdv\u0117s ir \u0160veicarijos pilie\u010diams bei teis\u0117tiems nuolatiniams gyventojams.<\/p>\n\n<p><strong>1. \u012evadas<\/strong><\/p>\n\n<p>M\u016bs\u0173 svetain\u0117, <a href=\"https:\/\/rosanacl.com\/lt\/\">https:\/\/rosanacl.com\/<\/a> (toliau \u2013 \u201esvetain\u0117\u201c) naudoja slapukus ir kitas susijusias technologijas (patogumo d\u0117lei visos technologijos vadinamos \u201eslapukais\u201c). Slapukus taip pat patalpina m\u016bs\u0173 samdytos tre\u010diosios \u0161alys. Apie slapuk\u0173 naudojim\u0105 m\u016bs\u0173 svetain\u0117je informuojame \u0161iame dokumente.<\/p>\n\n<p><strong>2. Kas yra slapukai?<\/strong><\/p>\n\n<p>Slapukas yra nedidelis failas, siun\u010diamas kartu su \u0161ios svetain\u0117s puslapiais ir j\u016bs\u0173 nar\u0161ykl\u0117s saugomas j\u016bs\u0173 kompiuterio ar kito \u012frenginio stand\u017eiajame diske. I\u0161saugota informacija gali b\u016bti gr\u0105\u017einta \u012f m\u016bs\u0173 serverius arba atitinkamus tre\u010di\u0173j\u0173 \u0161ali\u0173 serverius kito apsilankymo metu.<\/p>\n\n<p><strong>3. Kas yra scenarijai?<\/strong><\/p>\n\n<p>Scenarijus yra programos kodo dalis, naudojama tam, kad m\u016bs\u0173 svetain\u0117 veikt\u0173 tinkamai ir interaktyviai. \u0160is kodas vykdomas m\u016bs\u0173 serveryje arba j\u016bs\u0173 \u012frenginyje.<\/p>\n\n<p><strong>4. Kas yra \u017einiatinklio \u0161vyturys?<\/strong><\/p>\n\n<p>\u017diniatinklio \u0161vyturys (arba pikselio \u017eyma) yra ma\u017eas, nematomas teksto arba vaizdo fragmentas svetain\u0117je, naudojamas svetain\u0117s srautui steb\u0117ti. Tam naudojant \u0161iuos \u017einiatinklio \u0161vytur\u0117lius saugomi \u012fvair\u016bs duomenys apie jus.<\/p>\n\n<p><strong>5. Slapukai<\/strong><\/p>\n\n<p><strong>5.1 Techniniai arba funkciniai slapukai<\/strong><\/p>\n\n<p>Kai kurie slapukai u\u017etikrina, kad tam tikros svetain\u0117s dalys veikt\u0173 tinkamai ir kad j\u016bs\u0173 naudotojo nuostatos likt\u0173 \u017einomos. \u012ediegdami funkcinius slapukus, palengviname j\u016bs\u0173 apsilankym\u0105 m\u016bs\u0173 svetain\u0117je. Tokiu b\u016bdu jums nereik\u0117s pakartotinai \u012fvesti tos pa\u010dios informacijos lankantis m\u016bs\u0173 svetain\u0117je, o, pavyzd\u017eiui, prek\u0117s liks j\u016bs\u0173 pirkini\u0173 krep\u0161elyje, kol apmok\u0117site. \u0160iuos slapukus galime \u012fdiegti be j\u016bs\u0173 sutikimo.<\/p>\n\n<p><strong>5.2 Rinkodaros \/ sekimo slapukai<\/strong><\/p>\n\n<p>Rinkodaros \/ sekimo slapukai yra slapukai arba kitos vietin\u0117s saugyklos formos, naudojamos vartotoj\u0173 profiliams kurti, siekiant rodyti reklam\u0105 arba steb\u0117ti vartotojus \u0161ioje svetain\u0117je ar keliose svetain\u0117se pana\u0161iais rinkodaros tikslais.<\/p>\n\n<p><strong>6. Naudojami slapukai<\/strong><\/p>\n\n<ul class=\"wp-block-list\">\n<li>\u201eElementor\u201c \u2013 statistika (anonimi\u0161kai)<\/li>\n<li>Sutikimas d\u0117l paslaugos elemento<\/li>\n<li>WordPress \u2013 Funkcionalus<\/li>\n<li>Sutikimas naudoti \u201eWordPress\u201c paslaugas<\/li>\n<li>\u012evair\u016bs \u2013 paskirtis laukia tyrimo<\/li>\n<li>Sutikimas aptarnauti \u012fvairius<\/li>\n<\/ul>\n\n<p><strong>7. Sutikimas<\/strong><\/p>\n\n<p>Pirm\u0105 kart\u0105 apsilankius m\u016bs\u0173 svetain\u0117je, parodysime i\u0161\u0161okant\u012fj\u012f lang\u0105 su paai\u0161kinimu apie slapukus. Kai tik spustel\u0117site \u201eI\u0161saugoti nuostatas\u201c, sutiksite, kad naudotume i\u0161\u0161okan\u010diame lange pasirinktas slapuk\u0173 ir papildini\u0173 kategorijas, kaip apra\u0161yta \u0161ioje slapuk\u0173 politikoje. Galite i\u0161jungti slapuk\u0173 naudojim\u0105 savo nar\u0161ykl\u0117je, ta\u010diau atkreipkite d\u0117mes\u012f, kad tokiu atveju m\u016bs\u0173 svetain\u0117 gali nebeveikti tinkamai.<\/p>\n\n<p><strong>7.1 Tvarkykite savo sutikimo nustatymus<\/strong><\/p>\n\n<ul class=\"wp-block-list\">\n<li>Funkcionalus \u2013 visada aktyvus<\/li>\n<li>Rinkodara \u2013 Rinkodara<\/li>\n<\/ul>\n\n<p><strong>8. Slapuk\u0173 aktyvinimas \/ deaktyvavimas ir i\u0161trynimas<\/strong><\/p>\n\n<p>Savo interneto nar\u0161ykl\u0117je galite automati\u0161kai arba rankiniu b\u016bdu i\u0161trinti slapukus. Taip pat galite nurodyti, kad tam tikri slapukai neb\u016bt\u0173 \u012fra\u0161yti. Kita galimyb\u0117 \u2013 pakeisti interneto nar\u0161ykl\u0117s nustatymus taip, kad gautum\u0117te prane\u0161im\u0105 kiekvien\u0105 kart\u0105, kai \u012fra\u0161omas slapukas. Daugiau informacijos apie \u0161ias parinktis rasite nar\u0161ykl\u0117s skiltyje \u201ePagalba\u201c.<\/p>\n\n<p>Atkreipkite d\u0117mes\u012f, kad m\u016bs\u0173 svetain\u0117 gali neveikti tinkamai, jei visi slapukai bus i\u0161jungti. Jei i\u0161trinsite slapukus i\u0161 savo nar\u0161ykl\u0117s, jie bus v\u0117l \u012fdiegti gavus j\u016bs\u0173 sutikim\u0105, kai v\u0117l lankysit\u0117s m\u016bs\u0173 svetain\u0117se.<\/p>\n\n<p><strong>9. J\u016bs\u0173 teis\u0117s, susijusios su asmens duomenimis<\/strong><\/p>\n\n<ul class=\"wp-block-list\">\n<li>J\u016bs turite teis\u0119 \u017einoti, kod\u0117l reikalingi j\u016bs\u0173 asmens duomenys, kas su jais bus daroma ir kiek laiko jie bus saugomi.<\/li>\n<li>Teis\u0117 susipa\u017einti su duomenimis: J\u016bs turite teis\u0119 susipa\u017einti su m\u016bs\u0173 \u017einiomis savo asmens duomenimis.<\/li>\n<li>Teis\u0117 \u012f i\u0161taisym\u0105: J\u016bs turite teis\u0119 bet kada papildyti, i\u0161taisyti, i\u0161trinti arba blokuoti savo asmens duomenis.<\/li>\n<li>Jei duodate mums sutikim\u0105 tvarkyti j\u016bs\u0173 duomenis, turite teis\u0119 at\u0161aukti \u0161\u012f sutikim\u0105 ir i\u0161trinti savo asmens duomenis.<\/li>\n<li>Teis\u0117 \u012f duomen\u0173 perk\u0117lim\u0105: turite teis\u0119 reikalauti, kad duomen\u0173 valdytojas pateikt\u0173 visus savo asmens duomenis ir kad jie b\u016bt\u0173 perkelti kitam duomen\u0173 valdytojui.<\/li>\n<li>Teis\u0117 nesutikti: J\u016bs galite nesutikti su j\u016bs\u0173 duomen\u0173 tvarkymu. Mes to laikysim\u0117s, nebent bus pagr\u012fst\u0173 prie\u017eas\u010di\u0173 tvarkyti duomenis.<\/li>\n<\/ul>\n\n<p>Nor\u0117dami pasinaudoti \u0161iomis teis\u0117mis, susisiekite su mumis. Kontaktin\u0119 informacij\u0105 rasite \u0161ios slapuk\u0173 politikos apa\u010dioje. Jei turite nusiskundim\u0173 d\u0117l to, kaip tvarkome j\u016bs\u0173 duomenis, mielai i\u0161klausysime j\u016bs\u0173 nuomon\u0119, ta\u010diau j\u016bs taip pat turite teis\u0119 pateikti skund\u0105 prie\u017ei\u016bros institucijai (Duomen\u0173 apsaugos institucijai).<\/p>\n\n<p><strong>10. Kontaktin\u0117 informacija<\/strong><\/p>\n\n<p>Jei turite klausim\u0173 ir (arba) komentar\u0173 apie m\u016bs\u0173 slapuk\u0173 politik\u0105 ir \u0161\u012f parei\u0161kim\u0105, susisiekite su mumis naudodamiesi \u0161ia kontaktine informacija:<\/p>\n\n<ul class=\"wp-block-list\">\n<li>\u012emon\u0117: Pablo Angulo Maspons<\/li>\n<li>Gyventoj\u0173 skai\u010dius: Vinaroz, Ispanija<\/li>\n<li>Telefonas: 613395013<\/li>\n<li>Pa\u0161tas:<a href=\"mailto:info@rosanacl.com\"> info@rosanacl.com<\/a>\u00a0<\/li>\n<\/ul>\n\n<p>\u0160i slapuk\u0173 politika buvo sinchronizuota su <a href=\"https:\/\/cookiedatabase.org\">slapuk\u0173 duomen\u0173 baz\u0117.org<\/a> 2024 m. rugpj\u016b\u010dio 1 d.<\/p>\n\n<p>\u00a0<\/p>\t\t\t\t\t\t\t\t<\/div>\n\t\t\t\t<\/div>\n\t\t\t\t\t<\/div>\n\t\t\t\t<\/div>\n\t\t\t\t<\/div>","protected":false},"excerpt":{"rendered":"<p>Esta pol\u00edtica de cookies fue actualizada por \u00faltima vez el 08\/01\/2024 y se aplica a los ciudadanos y residentes legales permanentes del Espacio Econ\u00f3mico Europeo y Suiza. 1. Introducci\u00f3n Nuestra web, https:\/\/rosanacl.com\/ (en adelante: \u00abla web\u00bb) utiliza cookies y otras tecnolog\u00edas relacionadas (para mayor comodidad, todas las tecnolog\u00edas se denominan \u00abcookies\u00bb). Las cookies tambi\u00e9n son [&hellip;]<\/p>\n","protected":false},"author":1,"featured_media":0,"parent":0,"menu_order":0,"comment_status":"closed","ping_status":"closed","template":"","meta":{"content-type":"","footnotes":""},"class_list":["post-16","page","type-page","status-publish","hentry"],"yoast_head":"<!-- This site is optimized with the Yoast SEO plugin v27.4 - https:\/\/yoast.com\/product\/yoast-seo-wordpress\/ -->\n<title>Pol\u00edtica de Cookies - Rosana CL<\/title>\n<meta name=\"robots\" content=\"index, follow, max-snippet:-1, max-image-preview:large, max-video-preview:-1\" \/>\n<link rel=\"canonical\" href=\"https:\/\/rosanacl.com\/lt\/politica-de-cookies\/\" \/>\n<meta property=\"og:locale\" content=\"lt_LT\" \/>\n<meta property=\"og:type\" content=\"article\" \/>\n<meta property=\"og:title\" content=\"Pol\u00edtica de Cookies - Rosana CL\" \/>\n<meta property=\"og:description\" content=\"Esta pol\u00edtica de cookies fue actualizada por \u00faltima vez el 08\/01\/2024 y se aplica a los ciudadanos y residentes legales permanentes del Espacio Econ\u00f3mico Europeo y Suiza. 1. Introducci\u00f3n Nuestra web, https:\/\/rosanacl.com\/ (en adelante: \u00abla web\u00bb) utiliza cookies y otras tecnolog\u00edas relacionadas (para mayor comodidad, todas las tecnolog\u00edas se denominan \u00abcookies\u00bb). Las cookies tambi\u00e9n son [&hellip;]\" \/>\n<meta property=\"og:url\" content=\"https:\/\/rosanacl.com\/lt\/politica-de-cookies\/\" \/>\n<meta property=\"og:site_name\" content=\"Rosana CL\" \/>\n<meta property=\"article:modified_time\" content=\"2025-07-09T06:54:15+00:00\" \/>\n<meta name=\"twitter:card\" content=\"summary_large_image\" \/>\n<meta name=\"twitter:label1\" content=\"Est. reading time\" \/>\n\t<meta name=\"twitter:data1\" content=\"4 minut\u0117s\" \/>\n<script type=\"application\/ld+json\" class=\"yoast-schema-graph\">{\"@context\":\"https:\\\/\\\/schema.org\",\"@graph\":[{\"@type\":\"WebPage\",\"@id\":\"https:\\\/\\\/rosanacl.com\\\/eu\\\/politica-de-cookies\\\/\",\"url\":\"https:\\\/\\\/rosanacl.com\\\/eu\\\/politica-de-cookies\\\/\",\"name\":\"Pol\u00edtica de Cookies - Rosana CL\",\"isPartOf\":{\"@id\":\"https:\\\/\\\/rosanacl.com\\\/ca\\\/#website\"},\"datePublished\":\"2025-03-28T18:59:16+00:00\",\"dateModified\":\"2025-07-09T06:54:15+00:00\",\"breadcrumb\":{\"@id\":\"https:\\\/\\\/rosanacl.com\\\/eu\\\/politica-de-cookies\\\/#breadcrumb\"},\"inLanguage\":\"lt-LT\",\"potentialAction\":[{\"@type\":\"ReadAction\",\"target\":[\"https:\\\/\\\/rosanacl.com\\\/eu\\\/politica-de-cookies\\\/\"]}]},{\"@type\":\"BreadcrumbList\",\"@id\":\"https:\\\/\\\/rosanacl.com\\\/eu\\\/politica-de-cookies\\\/#breadcrumb\",\"itemListElement\":[{\"@type\":\"ListItem\",\"position\":1,\"name\":\"Portada\",\"item\":\"https:\\\/\\\/rosanacl.com\\\/ca\\\/\"},{\"@type\":\"ListItem\",\"position\":2,\"name\":\"Pol\u00edtica de Cookies\"}]},{\"@type\":\"WebSite\",\"@id\":\"https:\\\/\\\/rosanacl.com\\\/ca\\\/#website\",\"url\":\"https:\\\/\\\/rosanacl.com\\\/ca\\\/\",\"name\":\"Rosana CL\",\"description\":\"Somos tu interior\",\"potentialAction\":[{\"@type\":\"SearchAction\",\"target\":{\"@type\":\"EntryPoint\",\"urlTemplate\":\"https:\\\/\\\/rosanacl.com\\\/ca\\\/?s={search_term_string}\"},\"query-input\":{\"@type\":\"PropertyValueSpecification\",\"valueRequired\":true,\"valueName\":\"search_term_string\"}}],\"inLanguage\":\"lt-LT\"}]}<\/script>\n<!-- \/ Yoast SEO plugin. -->","yoast_head_json":{"title":"Pol\u00edtica de Cookies - Rosana CL","robots":{"index":"index","follow":"follow","max-snippet":"max-snippet:-1","max-image-preview":"max-image-preview:large","max-video-preview":"max-video-preview:-1"},"canonical":"https:\/\/rosanacl.com\/lt\/politica-de-cookies\/","og_locale":"lt_LT","og_type":"article","og_title":"Pol\u00edtica de Cookies - Rosana CL","og_description":"Esta pol\u00edtica de cookies fue actualizada por \u00faltima vez el 08\/01\/2024 y se aplica a los ciudadanos y residentes legales permanentes del Espacio Econ\u00f3mico Europeo y Suiza. 1. Introducci\u00f3n Nuestra web, https:\/\/rosanacl.com\/ (en adelante: \u00abla web\u00bb) utiliza cookies y otras tecnolog\u00edas relacionadas (para mayor comodidad, todas las tecnolog\u00edas se denominan \u00abcookies\u00bb). Las cookies tambi\u00e9n son [&hellip;]","og_url":"https:\/\/rosanacl.com\/lt\/politica-de-cookies\/","og_site_name":"Rosana CL","article_modified_time":"2025-07-09T06:54:15+00:00","twitter_card":"summary_large_image","twitter_misc":{"Est. reading time":"4 minut\u0117s"},"schema":{"@context":"https:\/\/schema.org","@graph":[{"@type":"WebPage","@id":"https:\/\/rosanacl.com\/eu\/politica-de-cookies\/","url":"https:\/\/rosanacl.com\/eu\/politica-de-cookies\/","name":"Pol\u00edtica de Cookies - Rosana CL","isPartOf":{"@id":"https:\/\/rosanacl.com\/ca\/#website"},"datePublished":"2025-03-28T18:59:16+00:00","dateModified":"2025-07-09T06:54:15+00:00","breadcrumb":{"@id":"https:\/\/rosanacl.com\/eu\/politica-de-cookies\/#breadcrumb"},"inLanguage":"lt-LT","potentialAction":[{"@type":"ReadAction","target":["https:\/\/rosanacl.com\/eu\/politica-de-cookies\/"]}]},{"@type":"BreadcrumbList","@id":"https:\/\/rosanacl.com\/eu\/politica-de-cookies\/#breadcrumb","itemListElement":[{"@type":"ListItem","position":1,"name":"Portada","item":"https:\/\/rosanacl.com\/ca\/"},{"@type":"ListItem","position":2,"name":"Pol\u00edtica de Cookies"}]},{"@type":"WebSite","@id":"https:\/\/rosanacl.com\/ca\/#website","url":"https:\/\/rosanacl.com\/ca\/","name":"Rosana CL","description":"Mes esame j\u016bs\u0173 interjeras","potentialAction":[{"@type":"SearchAction","target":{"@type":"EntryPoint","urlTemplate":"https:\/\/rosanacl.com\/ca\/?s={search_term_string}"},"query-input":{"@type":"PropertyValueSpecification","valueRequired":true,"valueName":"search_term_string"}}],"inLanguage":"lt-LT"}]}},"_links":{"self":[{"href":"https:\/\/rosanacl.com\/lt\/wp-json\/wp\/v2\/pages\/16","targetHints":{"allow":["GET"]}}],"collection":[{"href":"https:\/\/rosanacl.com\/lt\/wp-json\/wp\/v2\/pages"}],"about":[{"href":"https:\/\/rosanacl.com\/lt\/wp-json\/wp\/v2\/types\/page"}],"author":[{"embeddable":true,"href":"https:\/\/rosanacl.com\/lt\/wp-json\/wp\/v2\/users\/1"}],"replies":[{"embeddable":true,"href":"https:\/\/rosanacl.com\/lt\/wp-json\/wp\/v2\/comments?post=16"}],"version-history":[{"count":0,"href":"https:\/\/rosanacl.com\/lt\/wp-json\/wp\/v2\/pages\/16\/revisions"}],"wp:attachment":[{"href":"https:\/\/rosanacl.com\/lt\/wp-json\/wp\/v2\/media?parent=16"}],"curies":[{"name":"wp","href":"https:\/\/api.w.org\/{rel}","templated":true}]}}