{"id":18,"date":"2025-03-28T16:03:06","date_gmt":"2025-03-28T19:03:06","guid":{"rendered":"https:\/\/innovacon.simplificandotuweb.com\/?page_id=18"},"modified":"2025-08-01T14:33:36","modified_gmt":"2025-08-01T12:33:36","slug":"aviso-legal","status":"publish","type":"page","link":"https:\/\/rosanacl.com\/lt\/aviso-legal\/","title":{"rendered":"Teisinis prane\u0161imas"},"content":{"rendered":"<div data-elementor-type=\"wp-page\" data-elementor-id=\"18\" class=\"elementor elementor-18\" data-elementor-post-type=\"page\">\n\t\t\t\t<div class=\"elementor-element elementor-element-1f18319 e-flex e-con-boxed e-con e-parent\" data-id=\"1f18319\" data-element_type=\"container\" data-e-type=\"container\" data-settings=\"{&quot;background_background&quot;:&quot;classic&quot;}\">\n\t\t\t\t\t<div class=\"e-con-inner\">\n\t\t<div class=\"elementor-element elementor-element-c2acaab e-con-full e-flex e-con e-child\" data-id=\"c2acaab\" data-element_type=\"container\" data-e-type=\"container\">\n\t\t\t\t<div class=\"elementor-element elementor-element-6f29856 elementor-widget elementor-widget-heading\" data-id=\"6f29856\" data-element_type=\"widget\" data-e-type=\"widget\" data-widget_type=\"heading.default\">\n\t\t\t\t<div class=\"elementor-widget-container\">\n\t\t\t\t\t<h2 class=\"elementor-heading-title elementor-size-default\">Teisinis prane\u0161imas<\/h2>\t\t\t\t<\/div>\n\t\t\t\t<\/div>\n\t\t\t\t<\/div>\n\t\t\t\t\t<\/div>\n\t\t\t\t<\/div>\n\t\t<div class=\"elementor-element elementor-element-7b2ac5e6 e-flex e-con-boxed e-con e-parent\" data-id=\"7b2ac5e6\" data-element_type=\"container\" data-e-type=\"container\">\n\t\t\t\t\t<div class=\"e-con-inner\">\n\t\t\t\t<div class=\"elementor-element elementor-element-2e23d7df elementor-widget elementor-widget-text-editor\" data-id=\"2e23d7df\" data-element_type=\"widget\" data-e-type=\"widget\" data-widget_type=\"text-editor.default\">\n\t\t\t\t<div class=\"elementor-widget-container\">\n\t\t\t\t\t\t\t\t\t\n<p><strong>Duomen\u0173 valdytojas<\/strong><\/p>\n\n<p>Vadovaudamiesi 2002 m. liepos 11 d. Informacin\u0117s visuomen\u0117s paslaug\u0173 ir elektronin\u0117s komercijos \u012fstatymu Nr. 34 nustatyta informacijos teikimo pareiga, informuojame, kad \u0161ios svetain\u0117s savininkas yra:<\/p>\n\n<ul class=\"wp-block-list\">\n<li>\u012emon\u0117: Pablo Angulo Maspons<\/li>\n<li>NIF: 73394866A<\/li>\n<li>Gyventoj\u0173 skai\u010dius: Vinaroz, Ispanija<\/li>\n<li>Telefonas: 613395013<\/li>\n<li>Pa\u0161tas: <a href=\"mailto:info@rosanacl.com\">info@rosanacl.com<\/a><a href=\"mailto:info@rosanacl.com\">\u00a0<\/a><\/li>\n<\/ul>\n\n<p><strong>Objektas<\/strong><\/p>\n\n<p>Duomen\u0173 valdytojas pateikia \u0161\u012f dokument\u0105 vartotojams, siekdamas laikytis galiojan\u010di\u0173 duomen\u0173 apsaugos teis\u0117s akt\u0173 nuostat\u0173 ir atsi\u017evelgdamas \u012f nauj\u0105 reguliavimo sistem\u0105, nustatyt\u0105 pagal 2016 m. baland\u017eio 27 d. Europos Parlamento ir Tarybos reglamento (ES) 2016\/679 d\u0117l fizini\u0173 asmen\u0173 apsaugos tvarkant asmens duomenis ir d\u0117l laisvo toki\u0173 duomen\u0173 jud\u0117jimo (toliau \u2013 BDAR) nuostatas ir nacionalinius asmens duomen\u0173 apsaugos teis\u0117s aktus, taip pat informuodamas visus svetain\u0117s naudotojus apie jos naudojimo s\u0105lygas. Bet kuris asmuo, besilankantis \u0161ioje svetain\u0117je, prisiima naudotojo vaidmen\u012f, \u012fsipareigodamas laikytis ir grie\u017etai laikytis \u010dia i\u0161d\u0117styt\u0173 nuostat\u0173, taip pat vis\u0173 kit\u0173 taikom\u0173 teis\u0117s akt\u0173 nuostat\u0173. Duomen\u0173 valdytojas pasilieka teis\u0119 keisti bet koki\u0105 informacij\u0105, kuri gali pasirodyti svetain\u0117je, be jokios prievol\u0117s informuoti ar informuoti naudotojus apie \u0161iuos \u012fsipareigojimus, o paskelbimas Duomen\u0173 valdytojo svetain\u0117je laikomas pakankamu.<\/p>\n\n<p><strong>Atsakomyb\u0117<\/strong><\/p>\n\n<p>Duomen\u0173 valdytojas neprisiima jokios atsakomyb\u0117s, kylan\u010dios d\u0117l jo interneto svetain\u0117je paskelbtos informacijos, jei \u0161i\u0105 informacij\u0105 manipuliavo arba \u012fved\u0117 tre\u010dioji \u0161alis, i\u0161skyrus Duomen\u0173 valdytoj\u0105.<\/p>\n\n<p><strong>IP adresai<\/strong><\/p>\n\n<p>Svetain\u0117s serveriai automati\u0161kai aptiks vartotojo naudojam\u0105 IP adres\u0105 ir domeno vard\u0105. IP adresas yra numeris, automati\u0161kai priskiriamas kompiuteriui, kai jis prisijungia prie interneto. Visa \u0161i informacija \u012fra\u0161oma \u012f tinkamai registruot\u0105 serverio veiklos \u017eurnal\u0105, kuris leid\u017eia v\u0117liau apdoroti duomenis, siekiant gauti grynai statistinius matavimus, tokius kaip puslapi\u0173 per\u017ei\u016br\u0173 skai\u010dius, apsilankym\u0173 \u017einiatinklio serveriuose skai\u010dius, apsilankym\u0173 tvarka, prieigos ta\u0161kas ir kt.<\/p>\n\n<p><strong>Nuorod\u0173 politika<\/strong><\/p>\n\n<p>I\u0161 \u0161ios svetain\u0117s galite b\u016bti nukreipti \u012f tre\u010di\u0173j\u0173 \u0161ali\u0173 svetaini\u0173 turin\u012f. Kadangi Duomen\u0173 valdytojas ne visada gali kontroliuoti tre\u010di\u0173j\u0173 \u0161ali\u0173 svetain\u0117se skelbiam\u0105 turin\u012f, jis neprisiima jokios atsakomyb\u0117s u\u017e tok\u012f turin\u012f. Bet kuriuo atveju Duomen\u0173 valdytojas parei\u0161kia, kad nedelsdamas pa\u0161alins bet kok\u012f turin\u012f, kuris gali pa\u017eeisti nacionalinius ar tarptautinius teis\u0117s aktus, moral\u0119 ar vie\u0161\u0105j\u0105 tvark\u0105, ir nedelsdamas pa\u0161alins nukreipim\u0105 \u012f \u0161i\u0105 svetain\u0119 bei prane\u0161 kompetentingoms institucijoms apie atitinkam\u0105 turin\u012f. Duomen\u0173 valdytojas neatsako u\u017e saugom\u0105 informacij\u0105 ir turin\u012f, \u012fskaitant, bet neapsiribojant, forumus, pokalbius, tinklara\u0161\u010di\u0173 generatorius, komentarus, socialinius tinklus ar bet kokias kitas priemones, leid\u017eian\u010dias tre\u010diosioms \u0161alims savaranki\u0161kai skelbti turin\u012f Duomen\u0173 valdytojo svetain\u0117je. Ta\u010diau, laikydamasis 11 ir 16 straipsni\u0173 nuostat\u0173, Vadovaudamasis LSSICE (Ispanijos informacin\u0117s visuomen\u0117s paslaug\u0173 \u012fstatymo) 11 ir 16 straipsniais, Duomen\u0173 valdytojas yra prieinamas visiems vartotojams, vald\u017eios institucijoms ir saugumo paj\u0117goms, aktyviai bendradarbiaudamas \u0161alinant arba, kai taikoma, blokuojant vis\u0105 turin\u012f, kuris gali tur\u0117ti \u012ftakos nacionaliniams ar tarptautiniams teis\u0117s aktams, tre\u010di\u0173j\u0173 \u0161ali\u0173 teis\u0117ms, moralei ir vie\u0161ajai tvarkai arba juos pa\u017eeisti. Jei vartotojas mano, kad svetain\u0117je yra turinio, kuris gal\u0117t\u0173 b\u016bti klasifikuojamas kaip toks, nedelsdamas prane\u0161kite apie tai svetain\u0117s administratoriui. \u0160i svetain\u0117 buvo per\u017ei\u016br\u0117ta ir i\u0161bandyta siekiant u\u017etikrinti tinkam\u0105 veikim\u0105. I\u0161 principo tinkamas veikimas gali b\u016bti garantuojamas 365 dienas per metus, 24 valandas per par\u0105. Ta\u010diau Duomen\u0173 valdytojas neatmeta programavimo klaid\u0173 galimyb\u0117s arba galimyb\u0117s, kad jos gali tapti nenugalimos j\u0117gos, stichini\u0173 nelaimi\u0173, streik\u0173 ar pana\u0161i\u0173 aplinkybi\u0173, d\u0117l kuri\u0173 prieiga prie svetain\u0117s tampa ne\u012fmanoma, prie\u017eastimis.<\/p>\n\n<p><strong>Duomen\u0173 apsauga<\/strong><\/p>\n\n<p>Duomen\u0173 valdytojas yra tvirtai \u012fsipareigoj\u0119s laikytis galiojan\u010di\u0173 duomen\u0173 apsaugos teis\u0117s akt\u0173 nuostat\u0173 ir naujos reguliavimo sistemos, nustatytos pagal 2016 m. baland\u017eio 27 d. Europos Parlamento ir Tarybos reglamento (ES) 2016\/679 d\u0117l fizini\u0173 asmen\u0173 apsaugos tvarkant asmens duomenis ir d\u0117l laisvo toki\u0173 duomen\u0173 jud\u0117jimo (toliau \u2013 BDAR) nuostatas bei nacionalinius asmens duomen\u0173 apsaugos teis\u0117s aktus, kontekste. Taip pat Duomen\u0173 valdytojas informuoja, kad laikosi 2002 m. liepos 11 d. Informacin\u0117s visuomen\u0117s paslaug\u0173 ir elektronin\u0117s komercijos \u012fstatymo Nr. 34\/2002 ir visada pra\u0161ys j\u016bs\u0173 sutikimo tvarkyti j\u016bs\u0173 duomenis komerciniais tikslais.<\/p>\n\n<p><strong>Intelektin\u0117 ir pramonin\u0117 nuosavyb\u0117<\/strong><\/p>\n\n<p>Svetain\u0117, \u012fskaitant, bet neapsiribojant, jos programavim\u0105, redagavim\u0105, kompiliavim\u0105 ir kitus jos veikimui b\u016btinus elementus, dizain\u0105, logotipus, tekst\u0105 ir (arba) grafik\u0105, yra Duomen\u0173 valdytojo nuosavyb\u0117 arba, jei taikoma, turi licencij\u0105 arba ai\u0161k\u0173 autori\u0173 leidim\u0105. Visas svetain\u0117s turinys yra tinkamai saugomas intelektin\u0117s ir pramonin\u0117s nuosavyb\u0117s reglament\u0173. Nepriklausomai nuo numatytos paskirties, visi\u0161kas ar dalinis atgaminimas, naudojimas, eksploatavimas, platinimas ir rinkodara visada reikalauja i\u0161ankstinio ra\u0161ytinio Duomen\u0173 valdytojo leidimo. Bet koks naudojimas be i\u0161ankstinio Duomen\u0173 valdytojo leidimo bus laikomas rimtu autoriaus intelektin\u0117s ar pramonin\u0117s nuosavyb\u0117s teisi\u0173 pa\u017eeidimu. Dizainas, logotipai, tekstas ir (arba) grafika, kurie nepriklauso skolintojui ir kurie gali pasirodyti svetain\u0117je, priklauso j\u0173 atitinkamiems savininkams, kurie yra atsakingi u\u017e visus galimus gin\u010dus, kurie gali kilti d\u0117l j\u0173. Bet kuriuo atveju Duomen\u0173 valdytojas turi j\u0173 ai\u0161k\u0173 i\u0161ankstin\u012f leidim\u0105. Valdytojas ai\u0161kiai \u012fgalioja tre\u010di\u0105sias \u0161alis tiesiogiai nukreipti \u012f konkret\u0173 svetain\u0117s turin\u012f, ir visais atvejais jos privalo nukreipti \u012f Valdytojo pagrindin\u012f puslap\u012f. Duomen\u0173 valdytojas pripa\u017e\u012fsta atitinkamas j\u0173 savinink\u0173 intelektin\u0117s ir pramonin\u0117s nuosavyb\u0117s teises, ir vien j\u0173 pamin\u0117jimas ar pasirodymas svetain\u0117je nerei\u0161kia Duomen\u0173 valdytojo teisi\u0173 ar atsakomyb\u0117s u\u017e \u0161ias teises egzistavimo, taip pat nerei\u0161kia j\u0173 palaikymo, r\u0117mimo ar rekomendacijos. Visiems paveiksl\u0117liams, kuri\u0173 dizaino programin\u0117 \u012franga tai leid\u017eia, pateikiamos atitinkamos nuorodos \u012f autoryst\u0119 ir atitinkam\u0105 licencij\u0105. Nor\u0117dami pateikti pastab\u0173 d\u0117l galim\u0173 intelektin\u0117s ar pramonin\u0117s nuosavyb\u0117s teisi\u0173 pa\u017eeidim\u0173, taip pat d\u0117l bet kokio svetain\u0117s turinio, galite tai padaryti \u0161iuo el. pa\u0161to adresu: <a href=\"mailto:info@rosanacl.com\">info@rosanacl.com<\/a><\/p>\n\n<p>\u00a0<\/p>\n\t\t\t\t\t\t\t\t<\/div>\n\t\t\t\t<\/div>\n\t\t\t\t\t<\/div>\n\t\t\t\t<\/div>\n\t\t\t\t<\/div>","protected":false},"excerpt":{"rendered":"<p>Responsable del tratamiento de los datos En cumplimiento del deber de informaci\u00f3n que establece la Ley La 34\/2002, de 11 de julio, de Servicios de la Sociedad de la Informaci\u00f3n y del Comercio Electr\u00f3nico, le comunicamos que esta web es titularidad de: Objeto El Responsable pone a disposici\u00f3n de los usuarios este documento con el [&hellip;]<\/p>\n","protected":false},"author":1,"featured_media":0,"parent":0,"menu_order":0,"comment_status":"closed","ping_status":"closed","template":"","meta":{"content-type":"","footnotes":""},"class_list":["post-18","page","type-page","status-publish","hentry"],"yoast_head":"<!-- This site is optimized with the Yoast SEO plugin v27.4 - https:\/\/yoast.com\/product\/yoast-seo-wordpress\/ -->\n<title>Aviso Legal - Rosana CL<\/title>\n<meta name=\"robots\" content=\"index, follow, max-snippet:-1, max-image-preview:large, max-video-preview:-1\" \/>\n<link rel=\"canonical\" href=\"https:\/\/rosanacl.com\/lt\/aviso-legal\/\" \/>\n<meta property=\"og:locale\" content=\"lt_LT\" \/>\n<meta property=\"og:type\" content=\"article\" \/>\n<meta property=\"og:title\" content=\"Aviso Legal - Rosana CL\" \/>\n<meta property=\"og:description\" content=\"Responsable del tratamiento de los datos En cumplimiento del deber de informaci\u00f3n que establece la Ley La 34\/2002, de 11 de julio, de Servicios de la Sociedad de la Informaci\u00f3n y del Comercio Electr\u00f3nico, le comunicamos que esta web es titularidad de: Objeto El Responsable pone a disposici\u00f3n de los usuarios este documento con el [&hellip;]\" \/>\n<meta property=\"og:url\" content=\"https:\/\/rosanacl.com\/lt\/aviso-legal\/\" \/>\n<meta property=\"og:site_name\" content=\"Rosana CL\" \/>\n<meta property=\"article:modified_time\" content=\"2025-08-01T12:33:36+00:00\" \/>\n<meta name=\"twitter:card\" content=\"summary_large_image\" \/>\n<meta name=\"twitter:label1\" content=\"Est. reading time\" \/>\n\t<meta name=\"twitter:data1\" content=\"6 minut\u0117s\" \/>\n<script type=\"application\/ld+json\" class=\"yoast-schema-graph\">{\"@context\":\"https:\\\/\\\/schema.org\",\"@graph\":[{\"@type\":\"WebPage\",\"@id\":\"https:\\\/\\\/rosanacl.com\\\/aviso-legal\\\/\",\"url\":\"https:\\\/\\\/rosanacl.com\\\/aviso-legal\\\/\",\"name\":\"Aviso Legal - Rosana CL\",\"isPartOf\":{\"@id\":\"https:\\\/\\\/rosanacl.com\\\/ca\\\/#website\"},\"datePublished\":\"2025-03-28T19:03:06+00:00\",\"dateModified\":\"2025-08-01T12:33:36+00:00\",\"breadcrumb\":{\"@id\":\"https:\\\/\\\/rosanacl.com\\\/aviso-legal\\\/#breadcrumb\"},\"inLanguage\":\"lt-LT\",\"potentialAction\":[{\"@type\":\"ReadAction\",\"target\":[\"https:\\\/\\\/rosanacl.com\\\/aviso-legal\\\/\"]}]},{\"@type\":\"BreadcrumbList\",\"@id\":\"https:\\\/\\\/rosanacl.com\\\/aviso-legal\\\/#breadcrumb\",\"itemListElement\":[{\"@type\":\"ListItem\",\"position\":1,\"name\":\"Portada\",\"item\":\"https:\\\/\\\/rosanacl.com\\\/ca\\\/\"},{\"@type\":\"ListItem\",\"position\":2,\"name\":\"Aviso Legal\"}]},{\"@type\":\"WebSite\",\"@id\":\"https:\\\/\\\/rosanacl.com\\\/ca\\\/#website\",\"url\":\"https:\\\/\\\/rosanacl.com\\\/ca\\\/\",\"name\":\"Rosana CL\",\"description\":\"Somos tu interior\",\"potentialAction\":[{\"@type\":\"SearchAction\",\"target\":{\"@type\":\"EntryPoint\",\"urlTemplate\":\"https:\\\/\\\/rosanacl.com\\\/ca\\\/?s={search_term_string}\"},\"query-input\":{\"@type\":\"PropertyValueSpecification\",\"valueRequired\":true,\"valueName\":\"search_term_string\"}}],\"inLanguage\":\"lt-LT\"}]}<\/script>\n<!-- \/ Yoast SEO plugin. -->","yoast_head_json":{"title":"Aviso Legal - Rosana CL","robots":{"index":"index","follow":"follow","max-snippet":"max-snippet:-1","max-image-preview":"max-image-preview:large","max-video-preview":"max-video-preview:-1"},"canonical":"https:\/\/rosanacl.com\/lt\/aviso-legal\/","og_locale":"lt_LT","og_type":"article","og_title":"Aviso Legal - Rosana CL","og_description":"Responsable del tratamiento de los datos En cumplimiento del deber de informaci\u00f3n que establece la Ley La 34\/2002, de 11 de julio, de Servicios de la Sociedad de la Informaci\u00f3n y del Comercio Electr\u00f3nico, le comunicamos que esta web es titularidad de: Objeto El Responsable pone a disposici\u00f3n de los usuarios este documento con el [&hellip;]","og_url":"https:\/\/rosanacl.com\/lt\/aviso-legal\/","og_site_name":"Rosana CL","article_modified_time":"2025-08-01T12:33:36+00:00","twitter_card":"summary_large_image","twitter_misc":{"Est. reading time":"6 minut\u0117s"},"schema":{"@context":"https:\/\/schema.org","@graph":[{"@type":"WebPage","@id":"https:\/\/rosanacl.com\/aviso-legal\/","url":"https:\/\/rosanacl.com\/aviso-legal\/","name":"Aviso Legal - Rosana CL","isPartOf":{"@id":"https:\/\/rosanacl.com\/ca\/#website"},"datePublished":"2025-03-28T19:03:06+00:00","dateModified":"2025-08-01T12:33:36+00:00","breadcrumb":{"@id":"https:\/\/rosanacl.com\/aviso-legal\/#breadcrumb"},"inLanguage":"lt-LT","potentialAction":[{"@type":"ReadAction","target":["https:\/\/rosanacl.com\/aviso-legal\/"]}]},{"@type":"BreadcrumbList","@id":"https:\/\/rosanacl.com\/aviso-legal\/#breadcrumb","itemListElement":[{"@type":"ListItem","position":1,"name":"Portada","item":"https:\/\/rosanacl.com\/ca\/"},{"@type":"ListItem","position":2,"name":"Aviso Legal"}]},{"@type":"WebSite","@id":"https:\/\/rosanacl.com\/ca\/#website","url":"https:\/\/rosanacl.com\/ca\/","name":"Rosana CL","description":"Mes esame j\u016bs\u0173 interjeras","potentialAction":[{"@type":"SearchAction","target":{"@type":"EntryPoint","urlTemplate":"https:\/\/rosanacl.com\/ca\/?s={search_term_string}"},"query-input":{"@type":"PropertyValueSpecification","valueRequired":true,"valueName":"search_term_string"}}],"inLanguage":"lt-LT"}]}},"_links":{"self":[{"href":"https:\/\/rosanacl.com\/lt\/wp-json\/wp\/v2\/pages\/18","targetHints":{"allow":["GET"]}}],"collection":[{"href":"https:\/\/rosanacl.com\/lt\/wp-json\/wp\/v2\/pages"}],"about":[{"href":"https:\/\/rosanacl.com\/lt\/wp-json\/wp\/v2\/types\/page"}],"author":[{"embeddable":true,"href":"https:\/\/rosanacl.com\/lt\/wp-json\/wp\/v2\/users\/1"}],"replies":[{"embeddable":true,"href":"https:\/\/rosanacl.com\/lt\/wp-json\/wp\/v2\/comments?post=18"}],"version-history":[{"count":0,"href":"https:\/\/rosanacl.com\/lt\/wp-json\/wp\/v2\/pages\/18\/revisions"}],"wp:attachment":[{"href":"https:\/\/rosanacl.com\/lt\/wp-json\/wp\/v2\/media?parent=18"}],"curies":[{"name":"wp","href":"https:\/\/api.w.org\/{rel}","templated":true}]}}