{"id":2006,"date":"2025-05-23T08:26:39","date_gmt":"2025-05-23T06:26:39","guid":{"rendered":"https:\/\/rosanacl.com\/?page_id=2006"},"modified":"2025-12-14T22:28:46","modified_gmt":"2025-12-14T21:28:46","slug":"politica-de-devolucion","status":"publish","type":"page","link":"https:\/\/rosanacl.com\/lt\/politica-de-devolucion\/","title":{"rendered":"Gr\u0105\u017einimo politika"},"content":{"rendered":"<div data-elementor-type=\"wp-page\" data-elementor-id=\"2006\" class=\"elementor elementor-2006\" data-elementor-post-type=\"page\">\n\t\t\t\t<div class=\"elementor-element elementor-element-7a0b207 e-flex e-con-boxed e-con e-parent\" data-id=\"7a0b207\" data-element_type=\"container\" data-e-type=\"container\" data-settings=\"{&quot;background_background&quot;:&quot;classic&quot;}\">\n\t\t\t\t\t<div class=\"e-con-inner\">\n\t\t<div class=\"elementor-element elementor-element-2fcf4bc e-con-full e-flex e-con e-child\" data-id=\"2fcf4bc\" data-element_type=\"container\" data-e-type=\"container\">\n\t\t\t\t<div class=\"elementor-element elementor-element-d10b990 elementor-widget elementor-widget-heading\" data-id=\"d10b990\" data-element_type=\"widget\" data-e-type=\"widget\" data-widget_type=\"heading.default\">\n\t\t\t\t<div class=\"elementor-widget-container\">\n\t\t\t\t\t<h2 class=\"elementor-heading-title elementor-size-default\">Gr\u0105\u017einimo politika<\/h2>\t\t\t\t<\/div>\n\t\t\t\t<\/div>\n\t\t\t\t<\/div>\n\t\t\t\t\t<\/div>\n\t\t\t\t<\/div>\n\t\t<div class=\"elementor-element elementor-element-eca30f2 e-flex e-con-boxed e-con e-parent\" data-id=\"eca30f2\" data-element_type=\"container\" data-e-type=\"container\">\n\t\t\t\t\t<div class=\"e-con-inner\">\n\t\t\t\t<div class=\"elementor-element elementor-element-8328658 elementor-widget elementor-widget-text-editor\" data-id=\"8328658\" data-element_type=\"widget\" data-e-type=\"widget\" data-widget_type=\"text-editor.default\">\n\t\t\t\t<div class=\"elementor-widget-container\">\n\t\t\t\t\t\t\t\t\t<p>\u0160i gr\u0105\u017einimo politika paskutin\u012f kart\u0105 atnaujinta 2025 m. gegu\u017e\u0117s 23 d. ir taikoma visiems pirkimams, atliktiems per m\u016bs\u0173 svetain\u0119: <a href=\"https:\/\/rosanacl.com\/lt\/\">https:\/\/rosanacl.com\/<\/a><\/p>\n<p><!-- \/wp:paragraph --><!-- wp:paragraph --><\/p>\n<p><strong>1. At\u0161aukimo teis\u0117<\/strong><\/p>\n<p><!-- \/wp:paragraph --><!-- wp:paragraph --><\/p>\n<p>J\u016bs turite teis\u0119 atsisakyti pirkinio per 14 kalendorini\u0173 dien\u0173 nuo prek\u0117s gavimo dienos, nenurodydami jokio pagrindo. Nor\u0117dami pasinaudoti \u0161ia teise, galite susisiekti su mumis naudodamiesi \u0161ios politikos pabaigoje pateikta informacija.<\/p>\n<p><!-- \/wp:paragraph --><!-- wp:paragraph --><\/p>\n<p><strong>2. Gr\u0105\u017einimo s\u0105lygos<\/strong><\/p>\n<p><!-- \/wp:paragraph --><!-- wp:paragraph --><\/p>\n<p>Kad prek\u0117 b\u016bt\u0173 gr\u0105\u017einta, ji turi b\u016bti nepriekai\u0161tingos b\u016bkl\u0117s, be naudojimo ar skalbimo po\u017eymi\u0173, taip pat turi b\u016bti originali pakuot\u0117, nepa\u017eeistos etiket\u0117s ir visi priedai ar instrukcijos, jei toki\u0173 yra.<\/p>\n<p><!-- \/wp:paragraph --><!-- wp:paragraph --><\/p>\n<p>Gr\u0105\u017einti produktai, kurie neatitinka \u0161i\u0173 s\u0105lyg\u0173 arba patenka \u012f \u0161ias kategorijas, nebus priimami:<\/p>\n<p><!-- \/wp:paragraph --><!-- wp:list --><\/p>\n<ul>\n<li>Apatiniai drabu\u017eiai (kelnait\u0117s, stringeliai, apatiniai, p\u0117dkeln\u0117s, juosmen\u0117l\u0117s, kulotai, bod\u017eiai ar kiti drabu\u017eiai, lie\u010diantys intymias vietas).<\/li>\n<li>Neu\u017esandarinti higienos ar sveikatos produktai.<\/li>\n<li>Personalizuoti, greitai gendantys arba skaitmeniniai daiktai.<\/li>\n<li>Silikonin\u0117s liemen\u0117l\u0117s ir liemen\u0117l\u0117s be nugaros.<\/li>\n<li>Prek\u0117s be pakuot\u0117s arba su pa\u017eeista d\u0117\u017eute.<\/li>\n<li>Naudoti, pa\u017eeisti, d\u0117m\u0117ti arba nepa\u017eenklinti produktai.<\/li>\n<li>Prane\u0161imas apie pav\u0117luot\u0105 keitim\u0105 ir gr\u0105\u017einim\u0105.<\/li>\n<\/ul>\n<p><!-- \/wp:list --><!-- wp:paragraph --><\/p>\n<p>Jei reikalavimai nebus \u012fvykdyti, klientas bus informuotas ir gr\u0105\u017einimas bus atmestas.<\/p>\n<p><!-- \/wp:paragraph --><!-- wp:paragraph --><\/p>\n<p><strong>3. Ar atliekami pakeitimai?<\/strong><\/p>\n<p><!-- \/wp:paragraph --><!-- wp:paragraph --><\/p>\n<p data-start=\"157\" data-end=\"432\"><span style=\"font-size: 1rem;\">Taip, priimame preki\u0173 keitim\u0105, jei jos yra nepriekai\u0161tingos b\u016bkl\u0117s, nenaudotos ir originalioje pakuot\u0117je. Jei norite pakeisti prek\u0119 \u012f kit\u0105 (pavyzd\u017eiui, kitokio dyd\u017eio, spalvos ar modelio), susisiekite su mumis, kad susitartume d\u0117l keitimo.<\/span><\/p>\n<p data-start=\"157\" data-end=\"432\">\n<\/p><p data-start=\"436\" data-end=\"601\"><span style=\"font-size: 1rem;\">Jei keitimo negalima atlikti tiesiogiai, visada galite pasinaudoti savo teise atsisakyti sutarties ir pareikalauti gr\u0105\u017einti pinigus pagal galiojan\u010dius reglamentus ir kaip nurodyta \u0161i\u0173 taisykli\u0173 1 punkte.<\/span><\/p>\n<p data-start=\"436\" data-end=\"601\">Preki\u0173 keitimas galimas per 3 dienas nuo j\u0173 gavimo.<\/p>\n<p><!-- \/wp:paragraph --><!-- wp:paragraph --><\/p>\n<p><strong>4. Gr\u0105\u017einimo procesas<\/strong><\/p>\n<p><!-- \/wp:paragraph --><!-- wp:paragraph --><\/p>\n<p>Kai prane\u0161ite mums apie savo ketinim\u0105 gr\u0105\u017einti prek\u0119, atsi\u0173sime jums instrukcijas, kaip j\u0105 gr\u0105\u017einti.<\/p>\n<p><!-- \/wp:paragraph --><!-- wp:paragraph --><\/p>\n<p>Gr\u0105\u017einimo siuntimo i\u0161laidas, taip pat visus kitus susijusius mokes\u010dius, pvz., muito mokes\u010dius, padengia klientas, nebent prek\u0117 yra brokuota arba atsirado d\u0117l m\u016bs\u0173 klaidos. Tokiais atvejais mes padengsime surinkimo ir gr\u0105\u017einimo i\u0161laidas.<\/p>\n<p><!-- \/wp:paragraph --><!-- wp:paragraph --><\/p>\n<p><strong>5. Gr\u0105\u017einimas<\/strong><\/p>\n<p><!-- \/wp:paragraph --><!-- wp:paragraph --><\/p>\n<p>Gav\u0119 ir ap\u017ei\u016br\u0117j\u0119 gr\u0105\u017eint\u0105 prek\u0119, pinigus gr\u0105\u017einsime ne v\u0117liau kaip per 14 kalendorini\u0173 dien\u0173. Pinigai bus gr\u0105\u017einti tuo pa\u010diu mok\u0117jimo b\u016bdu, kuris buvo naudojamas perkant prek\u0119, nebent susitarta kitaip.<\/p>\n<p><!-- \/wp:paragraph --><!-- wp:paragraph --><\/p>\n<p>Priklausomai nuo mok\u0117jimo b\u016bdo, gr\u0105\u017einimas bus atliktas taip:<\/p>\n<p><!-- \/wp:paragraph --><!-- wp:list --><\/p>\n<ul>\n<li>Banko kortel\u0117: kreditas \u012f susiet\u0105 s\u0105skait\u0105.<\/li>\n<li>Bizum: \u012fne\u0161ti \u012f susiet\u0105 s\u0105skait\u0105.<\/li>\n<li>Pervedimas: gr\u0105\u017einimas \u012f s\u0105skait\u0105, i\u0161 kurios buvo atliktas mok\u0117jimas.<\/li>\n<\/ul>\n<p><!-- \/wp:list --><!-- wp:paragraph --><\/p>\n<p><strong>6. Defektuoti produktai arba klaidos u\u017esakyme<\/strong><\/p>\n<p><!-- \/wp:paragraph --><!-- wp:paragraph --><\/p>\n<p>Jei prek\u0117 atkeliavo su defektu arba u\u017esakyme \u012fvyko klaida, susisiekite su mumis kuo grei\u010diau. Mes padengsime visas siuntimo i\u0161laidas ir pasir\u016bpinsime, kad u\u017e pa\u017eeist\u0105 prek\u0119 b\u016bt\u0173 gr\u0105\u017einti pinigai arba ji b\u016bt\u0173 pakeista.<\/p>\n<p><!-- \/wp:paragraph --><!-- wp:paragraph --><\/p>\n<p><strong>7. Pristatymo politika<\/strong><\/p>\n<p>Gr\u0105\u017einimui reikalingas siuntimo ir muitin\u0117s formalum\u0173 i\u0161laidas padengia klientas.<\/p>\n<p data-start=\"92\" data-end=\"137\"><strong data-start=\"92\" data-end=\"137\">Rekomendacija prie\u0161 pateikiant u\u017esakym\u0105<\/strong><\/p>\n<p data-start=\"139\" data-end=\"351\">Prie\u0161 galutinai apsipirkdami rekomenduojame atid\u017eiai per\u017ei\u016br\u0117ti dyd\u017eius. Svarbu i\u0161matuoti ir palyginti juos su m\u016bs\u0173 dyd\u017ei\u0173 lentele arba skai\u010diuokle, kad pasirinktum\u0117te tinkamiausi\u0105 variant\u0105.<\/p>\n<p data-start=\"353\" data-end=\"571\">Tokiu b\u016bdu mes bendradarbiaujame, kad i\u0161vengtume nereikaling\u0173 keitim\u0173 ar gr\u0105\u017einim\u0173, o tai ne tik suma\u017eina kliento siuntimo ir gr\u0105\u017einimo i\u0161laidas, bet ir padeda suma\u017einti poveik\u012f aplinkai.<\/p>\n<p><\/p>\n<p data-start=\"573\" data-end=\"615\">D\u0117kojame u\u017e supratingum\u0105 ir bendradarbiavim\u0105.<\/p>\n<p><!-- \/wp:paragraph --><!-- wp:paragraph --><\/p>\n<p>D\u0117l bet koki\u0173 su gr\u0105\u017einimu susijusi\u0173 pra\u0161ym\u0173 susisiekite su mumis:<\/p>\n<p><!-- \/wp:paragraph --><!-- wp:list --><\/p>\n<ul>\n<li>\u012emon\u0117: Pablo Angulo Maspons<\/li>\n<li>Gyventoj\u0173 skai\u010dius: Vinaroz, Ispanija<\/li>\n<li>Telefonas: 613395013<\/li>\n<li>Pa\u0161tas: <a href=\"mailto:info@rosanacl.com\">info@rosanacl.com <\/a><\/li>\n<\/ul>\t\t\t\t\t\t\t\t<\/div>\n\t\t\t\t<\/div>\n\t\t\t\t\t<\/div>\n\t\t\t\t<\/div>\n\t\t\t\t<\/div>","protected":false},"excerpt":{"rendered":"<p>Esta pol\u00edtica de devoluciones fue actualizada por \u00faltima vez el 23\/05\/2025 y se aplica a todas las compras realizadas a trav\u00e9s de nuestra web: https:\/\/rosanacl.com\/ 1. Derecho de desistimiento Tienes derecho a desistir de tu compra dentro de un plazo de 14 d\u00edas naturales desde la recepci\u00f3n del producto, sin necesidad de justificaci\u00f3n. Para ejercer [&hellip;]<\/p>\n","protected":false},"author":1,"featured_media":0,"parent":0,"menu_order":0,"comment_status":"closed","ping_status":"closed","template":"","meta":{"content-type":"","footnotes":""},"class_list":["post-2006","page","type-page","status-publish","hentry"],"yoast_head":"<!-- This site is optimized with the Yoast SEO plugin v27.4 - https:\/\/yoast.com\/product\/yoast-seo-wordpress\/ -->\n<title>Pol\u00edtica de Devoluci\u00f3n - Rosana CL<\/title>\n<meta name=\"robots\" content=\"index, follow, max-snippet:-1, max-image-preview:large, max-video-preview:-1\" \/>\n<link rel=\"canonical\" href=\"https:\/\/rosanacl.com\/lt\/politica-de-devolucion\/\" \/>\n<meta property=\"og:locale\" content=\"lt_LT\" \/>\n<meta property=\"og:type\" content=\"article\" \/>\n<meta property=\"og:title\" content=\"Pol\u00edtica de Devoluci\u00f3n - Rosana CL\" \/>\n<meta property=\"og:description\" content=\"Esta pol\u00edtica de devoluciones fue actualizada por \u00faltima vez el 23\/05\/2025 y se aplica a todas las compras realizadas a trav\u00e9s de nuestra web: https:\/\/rosanacl.com\/ 1. Derecho de desistimiento Tienes derecho a desistir de tu compra dentro de un plazo de 14 d\u00edas naturales desde la recepci\u00f3n del producto, sin necesidad de justificaci\u00f3n. Para ejercer [&hellip;]\" \/>\n<meta property=\"og:url\" content=\"https:\/\/rosanacl.com\/lt\/politica-de-devolucion\/\" \/>\n<meta property=\"og:site_name\" content=\"Rosana CL\" \/>\n<meta property=\"article:modified_time\" content=\"2025-12-14T21:28:46+00:00\" \/>\n<meta name=\"twitter:card\" content=\"summary_large_image\" \/>\n<meta name=\"twitter:label1\" content=\"Est. reading time\" \/>\n\t<meta name=\"twitter:data1\" content=\"3 minut\u0117s\" \/>\n<script type=\"application\/ld+json\" class=\"yoast-schema-graph\">{\"@context\":\"https:\\\/\\\/schema.org\",\"@graph\":[{\"@type\":\"WebPage\",\"@id\":\"https:\\\/\\\/rosanacl.com\\\/politica-de-devolucion\\\/\",\"url\":\"https:\\\/\\\/rosanacl.com\\\/politica-de-devolucion\\\/\",\"name\":\"Pol\u00edtica de Devoluci\u00f3n - Rosana CL\",\"isPartOf\":{\"@id\":\"https:\\\/\\\/rosanacl.com\\\/ca\\\/#website\"},\"datePublished\":\"2025-05-23T06:26:39+00:00\",\"dateModified\":\"2025-12-14T21:28:46+00:00\",\"breadcrumb\":{\"@id\":\"https:\\\/\\\/rosanacl.com\\\/politica-de-devolucion\\\/#breadcrumb\"},\"inLanguage\":\"lt-LT\",\"potentialAction\":[{\"@type\":\"ReadAction\",\"target\":[\"https:\\\/\\\/rosanacl.com\\\/politica-de-devolucion\\\/\"]}]},{\"@type\":\"BreadcrumbList\",\"@id\":\"https:\\\/\\\/rosanacl.com\\\/politica-de-devolucion\\\/#breadcrumb\",\"itemListElement\":[{\"@type\":\"ListItem\",\"position\":1,\"name\":\"Portada\",\"item\":\"https:\\\/\\\/rosanacl.com\\\/ca\\\/\"},{\"@type\":\"ListItem\",\"position\":2,\"name\":\"Pol\u00edtica de Devoluci\u00f3n\"}]},{\"@type\":\"WebSite\",\"@id\":\"https:\\\/\\\/rosanacl.com\\\/ca\\\/#website\",\"url\":\"https:\\\/\\\/rosanacl.com\\\/ca\\\/\",\"name\":\"Rosana CL\",\"description\":\"Somos tu interior\",\"potentialAction\":[{\"@type\":\"SearchAction\",\"target\":{\"@type\":\"EntryPoint\",\"urlTemplate\":\"https:\\\/\\\/rosanacl.com\\\/ca\\\/?s={search_term_string}\"},\"query-input\":{\"@type\":\"PropertyValueSpecification\",\"valueRequired\":true,\"valueName\":\"search_term_string\"}}],\"inLanguage\":\"lt-LT\"}]}<\/script>\n<!-- \/ Yoast SEO plugin. -->","yoast_head_json":{"title":"Pol\u00edtica de Devoluci\u00f3n - Rosana CL","robots":{"index":"index","follow":"follow","max-snippet":"max-snippet:-1","max-image-preview":"max-image-preview:large","max-video-preview":"max-video-preview:-1"},"canonical":"https:\/\/rosanacl.com\/lt\/politica-de-devolucion\/","og_locale":"lt_LT","og_type":"article","og_title":"Pol\u00edtica de Devoluci\u00f3n - Rosana CL","og_description":"Esta pol\u00edtica de devoluciones fue actualizada por \u00faltima vez el 23\/05\/2025 y se aplica a todas las compras realizadas a trav\u00e9s de nuestra web: https:\/\/rosanacl.com\/ 1. Derecho de desistimiento Tienes derecho a desistir de tu compra dentro de un plazo de 14 d\u00edas naturales desde la recepci\u00f3n del producto, sin necesidad de justificaci\u00f3n. Para ejercer [&hellip;]","og_url":"https:\/\/rosanacl.com\/lt\/politica-de-devolucion\/","og_site_name":"Rosana CL","article_modified_time":"2025-12-14T21:28:46+00:00","twitter_card":"summary_large_image","twitter_misc":{"Est. reading time":"3 minut\u0117s"},"schema":{"@context":"https:\/\/schema.org","@graph":[{"@type":"WebPage","@id":"https:\/\/rosanacl.com\/politica-de-devolucion\/","url":"https:\/\/rosanacl.com\/politica-de-devolucion\/","name":"Pol\u00edtica de Devoluci\u00f3n - Rosana CL","isPartOf":{"@id":"https:\/\/rosanacl.com\/ca\/#website"},"datePublished":"2025-05-23T06:26:39+00:00","dateModified":"2025-12-14T21:28:46+00:00","breadcrumb":{"@id":"https:\/\/rosanacl.com\/politica-de-devolucion\/#breadcrumb"},"inLanguage":"lt-LT","potentialAction":[{"@type":"ReadAction","target":["https:\/\/rosanacl.com\/politica-de-devolucion\/"]}]},{"@type":"BreadcrumbList","@id":"https:\/\/rosanacl.com\/politica-de-devolucion\/#breadcrumb","itemListElement":[{"@type":"ListItem","position":1,"name":"Portada","item":"https:\/\/rosanacl.com\/ca\/"},{"@type":"ListItem","position":2,"name":"Pol\u00edtica de Devoluci\u00f3n"}]},{"@type":"WebSite","@id":"https:\/\/rosanacl.com\/ca\/#website","url":"https:\/\/rosanacl.com\/ca\/","name":"Rosana CL","description":"Mes esame j\u016bs\u0173 interjeras","potentialAction":[{"@type":"SearchAction","target":{"@type":"EntryPoint","urlTemplate":"https:\/\/rosanacl.com\/ca\/?s={search_term_string}"},"query-input":{"@type":"PropertyValueSpecification","valueRequired":true,"valueName":"search_term_string"}}],"inLanguage":"lt-LT"}]}},"_links":{"self":[{"href":"https:\/\/rosanacl.com\/lt\/wp-json\/wp\/v2\/pages\/2006","targetHints":{"allow":["GET"]}}],"collection":[{"href":"https:\/\/rosanacl.com\/lt\/wp-json\/wp\/v2\/pages"}],"about":[{"href":"https:\/\/rosanacl.com\/lt\/wp-json\/wp\/v2\/types\/page"}],"author":[{"embeddable":true,"href":"https:\/\/rosanacl.com\/lt\/wp-json\/wp\/v2\/users\/1"}],"replies":[{"embeddable":true,"href":"https:\/\/rosanacl.com\/lt\/wp-json\/wp\/v2\/comments?post=2006"}],"version-history":[{"count":5,"href":"https:\/\/rosanacl.com\/lt\/wp-json\/wp\/v2\/pages\/2006\/revisions"}],"predecessor-version":[{"id":4262,"href":"https:\/\/rosanacl.com\/lt\/wp-json\/wp\/v2\/pages\/2006\/revisions\/4262"}],"wp:attachment":[{"href":"https:\/\/rosanacl.com\/lt\/wp-json\/wp\/v2\/media?parent=2006"}],"curies":[{"name":"wp","href":"https:\/\/api.w.org\/{rel}","templated":true}]}}