{"id":2566,"date":"2025-07-01T12:13:48","date_gmt":"2025-07-01T10:13:48","guid":{"rendered":"https:\/\/rosanacl.com\/?page_id=2566"},"modified":"2025-12-14T20:43:04","modified_gmt":"2025-12-14T19:43:04","slug":"politica-de-envio","status":"publish","type":"page","link":"https:\/\/rosanacl.com\/lt\/politica-de-envio\/","title":{"rendered":"Pristatymo politika"},"content":{"rendered":"<div data-elementor-type=\"wp-page\" data-elementor-id=\"2566\" class=\"elementor elementor-2566\" data-elementor-post-type=\"page\">\n\t\t\t\t<div class=\"elementor-element elementor-element-7a0b207 e-flex e-con-boxed e-con e-parent\" data-id=\"7a0b207\" data-element_type=\"container\" data-e-type=\"container\" data-settings=\"{&quot;background_background&quot;:&quot;classic&quot;}\">\n\t\t\t\t\t<div class=\"e-con-inner\">\n\t\t<div class=\"elementor-element elementor-element-2fcf4bc e-con-full e-flex e-con e-child\" data-id=\"2fcf4bc\" data-element_type=\"container\" data-e-type=\"container\">\n\t\t\t\t<div class=\"elementor-element elementor-element-d10b990 elementor-widget elementor-widget-heading\" data-id=\"d10b990\" data-element_type=\"widget\" data-e-type=\"widget\" data-widget_type=\"heading.default\">\n\t\t\t\t<div class=\"elementor-widget-container\">\n\t\t\t\t\t<h2 class=\"elementor-heading-title elementor-size-default\">Pristatymo politika<\/h2>\t\t\t\t<\/div>\n\t\t\t\t<\/div>\n\t\t\t\t<\/div>\n\t\t\t\t\t<\/div>\n\t\t\t\t<\/div>\n\t\t<div class=\"elementor-element elementor-element-eca30f2 e-flex e-con-boxed e-con e-parent\" data-id=\"eca30f2\" data-element_type=\"container\" data-e-type=\"container\">\n\t\t\t\t\t<div class=\"e-con-inner\">\n\t\t\t\t<div class=\"elementor-element elementor-element-8328658 elementor-widget elementor-widget-text-editor\" data-id=\"8328658\" data-element_type=\"widget\" data-e-type=\"widget\" data-widget_type=\"text-editor.default\">\n\t\t\t\t<div class=\"elementor-widget-container\">\n\t\t\t\t\t\t\t\t\t<p>\u0160i siuntimo politika paskutin\u012f kart\u0105 atnaujinta 2025-07-01 ir taikoma visiems pirkimams, atliktiems per m\u016bs\u0173 svetain\u0119: <a href=\"https:\/\/rosanacl.com\/lt\/\">https:\/\/rosanacl.com\/<\/a><\/p>\n<p><!-- \/wp:paragraph --><!-- wp:paragraph --><\/p>\n<p data-start=\"261\" data-end=\"494\">\u012e <strong data-start=\"264\" data-end=\"277\">Rosana CL<\/strong> Esame \u012fsipareigoj\u0119 u\u017etikrinti, kad j\u016bs\u0173 apsipirkimo patirtis b\u016bt\u0173 saugi, ai\u0161ki ir patenkinama nuo pat u\u017esakymo gavimo momento. \u017demiau paai\u0161kiname visk\u0105, k\u0105 reikia \u017einoti apie m\u016bs\u0173 pristatym\u0105:<\/p>\n<p data-start=\"105\" data-end=\"384\"><strong data-start=\"105\" data-end=\"131\">1. Pristatymas visame pasaulyje<\/strong><br data-start=\"131\" data-end=\"134\">Siun\u010diame tarptautiniu mastu prakti\u0161kai \u012f bet kuri\u0105 \u0161al\u012f. Nesvarbu, kur esate, galite pateikti u\u017esakym\u0105 visi\u0161kai u\u017etikrintai. Bendradarbiaujame su patikimais logistikos tiek\u0117jais, kad j\u016bs\u0173 prek\u0117s b\u016bt\u0173 pristatytos laiku.<\/p>\n<p>\u201eRosana Cl\u201c kiekvien\u0105 u\u017esakym\u0105 tvarkome r\u016bpestingai ir profesionaliai. Tod\u0117l bendradarbiaujame su MBE (\u201eMail Boxes Etc.\u201c) \u2013 logistikos \u012fmone, turin\u010dia 2800 centr\u0173 52 \u0161alyse, tod\u0117l galime pasi\u016blyti saug\u0173 ir efektyv\u0173 pristatym\u0105 tiek nacionaliniu, tiek tarptautiniu mastu. U\u017esakymus pristato patikimi ve\u017e\u0117jai, tokie kaip:<\/p>\n<ul>\n<li>UPS<\/li>\n<li>SEUR<\/li>\n<li>TNT<\/li>\n<li>FEDEX<\/li>\n<li>CORREOS EXPRESS<\/li>\n<li>Ir t. t.<\/li>\n<\/ul>\n<p>Visos m\u016bs\u0173 prek\u0117s bus pristatytos saugiai ir greitai. Tai u\u017etikrina kruop\u0161t\u0173 ir efektyv\u0173 siuntimo proces\u0105, skirt\u0105 suteikti m\u016bs\u0173 klientams geriausi\u0105 \u012fmanom\u0105 patirt\u012f.<\/p>\n<p data-start=\"105\" data-end=\"384\"><strong data-start=\"389\" data-end=\"417\">2. U\u017esakym\u0173 apdorojimas<\/strong><\/p>\n<p>Visi u\u017esakymai apdorojami, kai patvirtinamas mok\u0117jimas.<br data-start=\"520\" data-end=\"523\"><strong data-start=\"523\" data-end=\"643\">Jei u\u017esakymas pateikiamas ryte, jis bus i\u0161si\u0173stas po piet\u0173. Jei u\u017esakymas pateikiamas po piet\u0173, jis bus i\u0161si\u0173stas kit\u0105 dien\u0105.<\/strong><br data-start=\"643\" data-end=\"646\">Akcij\u0173, i\u0161pardavim\u0173 ar kit\u0173 speciali\u0173 rengini\u0173 metu apdorojimo laikas gali b\u016bti \u0161iek tiek ilgesnis, ta\u010diau mes visada jus informuosime.<\/p>\n<p data-start=\"809\" data-end=\"1090\"><strong data-start=\"809\" data-end=\"845\">3. Sekimo numeris<\/strong><br data-start=\"845\" data-end=\"848\">Kai j\u016bs\u0173 u\u017esakymas bus i\u0161si\u0173stas, el. pa\u0161tu arba susisiekimo kanalu, kur\u012f naudojote pirkdami, atsi\u0173sime jums sekimo numer\u012f.<br data-start=\"1014\" data-end=\"1017\">Galite steb\u0117ti savo siuntos b\u016bsen\u0105 bet kuriuo metu, kol j\u0105 gausite.<\/p>\n<p data-start=\"809\" data-end=\"1090\"><strong data-start=\"1095\" data-end=\"1127\">4. Numatomas pristatymo laikas<\/strong><\/p>\n<p data-start=\"1095\" data-end=\"1291\">Pristatymo laikas gali skirtis priklausomai nuo paskirties \u0161alies, pasirinkto pristatymo b\u016bdo ir kit\u0173 i\u0161orini\u0173 veiksni\u0173 (oro s\u0105lyg\u0173, muitin\u0117s ir kt.). Informacija:<\/p>\n<ul data-start=\"1293\" data-end=\"1530\">\n<li data-start=\"1293\" data-end=\"1342\">\n<p data-start=\"1295\" data-end=\"1342\">Vietinis pristatymas: <strong data-start=\"1314\" data-end=\"1340\">24\u201348 darbo valandos.<\/strong><\/p>\n<\/li>\n<li data-start=\"1343\" data-end=\"1434\">\n<p data-start=\"1345\" data-end=\"1434\">Tarptautinis siuntimas Europoje: <strong data-start=\"1386\" data-end=\"1408\">4\u20136 darbo dienos<\/strong>, sausuma ar oru.<\/p>\n<\/li>\n<li data-start=\"1435\" data-end=\"1530\">\n<p data-start=\"1437\" data-end=\"1530\">Tarptautinis siuntimas u\u017e Europos rib\u0173 (lik\u0119s pasaulis): <strong data-start=\"1495\" data-end=\"1518\">8\u201310 darbo dien\u0173<\/strong>, kv\u0117pavimo takai.<\/p>\n<\/li>\n<\/ul>\n<p>Siuntimo paslauga apima du pristatymo bandymus per dien\u0105 arba kit\u0105 dien\u0105. Jei pristatymo ne\u012fmanoma atlikti d\u0117l tr\u016bkstamos ar neteisingos informacijos arba d\u0117l gav\u0117jo nebuvimo, bus atliktas tre\u010dias pristatymas \u012f netoliese esant\u012f atsi\u0117mimo punkt\u0105.<\/p>\n<p>Jei klientas neatsiima prek\u0117s per 10 dien\u0173, siunta bus gr\u0105\u017einta \u012f sand\u0117l\u012f, su kuriuo bendradarbiaujame \u201eRosana CL\u201c, kuris i\u0161skai\u010diuos patirtas siuntimo ir gr\u0105\u017einimo i\u0161laidas.&nbsp;<\/p>\n<p data-start=\"1437\" data-end=\"1530\"><strong>5. Siuntimo i\u0161laidos<\/strong><\/p>\n<p data-start=\"1535\" data-end=\"1779\">Pristatymo i\u0161laidos apskai\u010diuojamos atsiskaitymo metu, atsi\u017evelgiant \u012f pristatymo adres\u0105 ir siuntos svor\u012f. Ypatingomis progomis si\u016blome nemokam\u0105 pristatym\u0105 \u012f tam tikras \u0161alis arba u\u017esakymams, vir\u0161ijantiems tam tikr\u0105 sum\u0105.<\/p>\n<p data-start=\"1535\" data-end=\"1779\">U\u017esakymams, kuri\u0173 vert\u0117 didesn\u0117 nei 59 \u20ac, pristatymas nemokamas, tik \u017eemynin\u0117je Ispanijos dalyje.<\/p>\n<p data-start=\"1535\" data-end=\"1779\">Jei u\u017esakymui reikia atlikti muitin\u0117s formalumus, visi papildomi mokes\u010diai, muitai ar rinkliavos bus kliento atsakomyb\u0117.&nbsp;<\/p>\n<p><strong data-start=\"1784\" data-end=\"1815\">6. Muitai ir vietiniai mokes\u010diai<\/strong><br data-start=\"1815\" data-end=\"1818\">Tarptautiniams siuntiniams kai kurios \u0161alys gali taikyti mokes\u010dius arba muito mokes\u010dius. \u0160ie mokes\u010diai yra kliento atsakomyb\u0117 ir ne\u012fskai\u010diuoti \u012f produkto kain\u0105 ar siuntimo i\u0161laidas.<\/p>\n<p data-start=\"1784\" data-end=\"2026\"><strong data-start=\"2031\" data-end=\"2059\">7. Pristatymo problemos<\/strong><\/p>\n<p>Jei j\u016bs\u0173 siuntinys v\u0117luoja arba yra koki\u0173 nors problem\u0173, galite susisiekti su mumis tiesiogiai ir mes pad\u0117sime jums tai kuo grei\u010diau i\u0161spr\u0119sti.<\/p>\n<p>Jei turite klausim\u0173 arba jums reikia pagalbos d\u0117l siuntos, susisiekite su mumis naudodami kontaktin\u0119 form\u0105 arba el. pa\u0161tu: &nbsp;<a href=\"mailto:info@rosanacl.com\">info@rosanacl.com<\/a><br data-start=\"2620\" data-end=\"2623\">A\u010di\u016b, kad pasitikite mumis <strong data-start=\"2646\" data-end=\"2659\">Rosana CL<\/strong>.<\/p>\n<h4><b>PASTABA: Informuojame savo klientus, kad d\u0117l m\u016bs\u0173 tiek\u0117j\u0173 \u012fmon\u0117s \u0161ven\u010di\u0173 laikotarpio rugpj\u016b\u010dio m\u0117nes\u012f gali b\u016bti v\u0117lavim\u0173 pristatymuose ir preki\u0173 prieinamumo sutrikimuose.<\/b><\/h4>\t\t\t\t\t\t\t\t<\/div>\n\t\t\t\t<\/div>\n\t\t\t\t\t<\/div>\n\t\t\t\t<\/div>\n\t\t\t\t<\/div>","protected":false},"excerpt":{"rendered":"<p>Esta pol\u00edtica de env\u00edos fue actualizada por \u00faltima vez el 01\/07\/2025 y se aplica a todas las compras realizadas a trav\u00e9s de nuestra web: https:\/\/rosanacl.com\/ En Rosana CL nos comprometemos a que tu experiencia de compra sea segura, clara y satisfactoria desde el primer momento hasta que recibas tu pedido. A continuaci\u00f3n, te explicamos todo [&hellip;]<\/p>\n","protected":false},"author":1,"featured_media":0,"parent":0,"menu_order":0,"comment_status":"closed","ping_status":"closed","template":"","meta":{"content-type":"","footnotes":""},"class_list":["post-2566","page","type-page","status-publish","hentry"],"yoast_head":"<!-- This site is optimized with the Yoast SEO plugin v27.4 - https:\/\/yoast.com\/product\/yoast-seo-wordpress\/ -->\n<title>Pol\u00edtica de Env\u00edo - Rosana CL<\/title>\n<meta name=\"robots\" content=\"index, follow, max-snippet:-1, max-image-preview:large, max-video-preview:-1\" \/>\n<link rel=\"canonical\" href=\"https:\/\/rosanacl.com\/lt\/politica-de-envio\/\" \/>\n<meta property=\"og:locale\" content=\"lt_LT\" \/>\n<meta property=\"og:type\" content=\"article\" \/>\n<meta property=\"og:title\" content=\"Pol\u00edtica de Env\u00edo - Rosana CL\" \/>\n<meta property=\"og:description\" content=\"Esta pol\u00edtica de env\u00edos fue actualizada por \u00faltima vez el 01\/07\/2025 y se aplica a todas las compras realizadas a trav\u00e9s de nuestra web: https:\/\/rosanacl.com\/ En Rosana CL nos comprometemos a que tu experiencia de compra sea segura, clara y satisfactoria desde el primer momento hasta que recibas tu pedido. A continuaci\u00f3n, te explicamos todo [&hellip;]\" \/>\n<meta property=\"og:url\" content=\"https:\/\/rosanacl.com\/lt\/politica-de-envio\/\" \/>\n<meta property=\"og:site_name\" content=\"Rosana CL\" \/>\n<meta property=\"article:modified_time\" content=\"2025-12-14T19:43:04+00:00\" \/>\n<meta name=\"twitter:card\" content=\"summary_large_image\" \/>\n<meta name=\"twitter:label1\" content=\"Est. reading time\" \/>\n\t<meta name=\"twitter:data1\" content=\"4 minut\u0117s\" \/>\n<script type=\"application\/ld+json\" class=\"yoast-schema-graph\">{\"@context\":\"https:\\\/\\\/schema.org\",\"@graph\":[{\"@type\":\"WebPage\",\"@id\":\"https:\\\/\\\/rosanacl.com\\\/uk\\\/politica-de-envio\\\/\",\"url\":\"https:\\\/\\\/rosanacl.com\\\/uk\\\/politica-de-envio\\\/\",\"name\":\"Pol\u00edtica de Env\u00edo - Rosana CL\",\"isPartOf\":{\"@id\":\"https:\\\/\\\/rosanacl.com\\\/ca\\\/#website\"},\"datePublished\":\"2025-07-01T10:13:48+00:00\",\"dateModified\":\"2025-12-14T19:43:04+00:00\",\"breadcrumb\":{\"@id\":\"https:\\\/\\\/rosanacl.com\\\/uk\\\/politica-de-envio\\\/#breadcrumb\"},\"inLanguage\":\"lt-LT\",\"potentialAction\":[{\"@type\":\"ReadAction\",\"target\":[\"https:\\\/\\\/rosanacl.com\\\/uk\\\/politica-de-envio\\\/\"]}]},{\"@type\":\"BreadcrumbList\",\"@id\":\"https:\\\/\\\/rosanacl.com\\\/uk\\\/politica-de-envio\\\/#breadcrumb\",\"itemListElement\":[{\"@type\":\"ListItem\",\"position\":1,\"name\":\"Portada\",\"item\":\"https:\\\/\\\/rosanacl.com\\\/ca\\\/\"},{\"@type\":\"ListItem\",\"position\":2,\"name\":\"Pol\u00edtica de Env\u00edo\"}]},{\"@type\":\"WebSite\",\"@id\":\"https:\\\/\\\/rosanacl.com\\\/ca\\\/#website\",\"url\":\"https:\\\/\\\/rosanacl.com\\\/ca\\\/\",\"name\":\"Rosana CL\",\"description\":\"Somos tu interior\",\"potentialAction\":[{\"@type\":\"SearchAction\",\"target\":{\"@type\":\"EntryPoint\",\"urlTemplate\":\"https:\\\/\\\/rosanacl.com\\\/ca\\\/?s={search_term_string}\"},\"query-input\":{\"@type\":\"PropertyValueSpecification\",\"valueRequired\":true,\"valueName\":\"search_term_string\"}}],\"inLanguage\":\"lt-LT\"}]}<\/script>\n<!-- \/ Yoast SEO plugin. -->","yoast_head_json":{"title":"Pol\u00edtica de Env\u00edo - Rosana CL","robots":{"index":"index","follow":"follow","max-snippet":"max-snippet:-1","max-image-preview":"max-image-preview:large","max-video-preview":"max-video-preview:-1"},"canonical":"https:\/\/rosanacl.com\/lt\/politica-de-envio\/","og_locale":"lt_LT","og_type":"article","og_title":"Pol\u00edtica de Env\u00edo - Rosana CL","og_description":"Esta pol\u00edtica de env\u00edos fue actualizada por \u00faltima vez el 01\/07\/2025 y se aplica a todas las compras realizadas a trav\u00e9s de nuestra web: https:\/\/rosanacl.com\/ En Rosana CL nos comprometemos a que tu experiencia de compra sea segura, clara y satisfactoria desde el primer momento hasta que recibas tu pedido. A continuaci\u00f3n, te explicamos todo [&hellip;]","og_url":"https:\/\/rosanacl.com\/lt\/politica-de-envio\/","og_site_name":"Rosana CL","article_modified_time":"2025-12-14T19:43:04+00:00","twitter_card":"summary_large_image","twitter_misc":{"Est. reading time":"4 minut\u0117s"},"schema":{"@context":"https:\/\/schema.org","@graph":[{"@type":"WebPage","@id":"https:\/\/rosanacl.com\/uk\/politica-de-envio\/","url":"https:\/\/rosanacl.com\/uk\/politica-de-envio\/","name":"Pol\u00edtica de Env\u00edo - Rosana CL","isPartOf":{"@id":"https:\/\/rosanacl.com\/ca\/#website"},"datePublished":"2025-07-01T10:13:48+00:00","dateModified":"2025-12-14T19:43:04+00:00","breadcrumb":{"@id":"https:\/\/rosanacl.com\/uk\/politica-de-envio\/#breadcrumb"},"inLanguage":"lt-LT","potentialAction":[{"@type":"ReadAction","target":["https:\/\/rosanacl.com\/uk\/politica-de-envio\/"]}]},{"@type":"BreadcrumbList","@id":"https:\/\/rosanacl.com\/uk\/politica-de-envio\/#breadcrumb","itemListElement":[{"@type":"ListItem","position":1,"name":"Portada","item":"https:\/\/rosanacl.com\/ca\/"},{"@type":"ListItem","position":2,"name":"Pol\u00edtica de Env\u00edo"}]},{"@type":"WebSite","@id":"https:\/\/rosanacl.com\/ca\/#website","url":"https:\/\/rosanacl.com\/ca\/","name":"Rosana CL","description":"Mes esame j\u016bs\u0173 interjeras","potentialAction":[{"@type":"SearchAction","target":{"@type":"EntryPoint","urlTemplate":"https:\/\/rosanacl.com\/ca\/?s={search_term_string}"},"query-input":{"@type":"PropertyValueSpecification","valueRequired":true,"valueName":"search_term_string"}}],"inLanguage":"lt-LT"}]}},"_links":{"self":[{"href":"https:\/\/rosanacl.com\/lt\/wp-json\/wp\/v2\/pages\/2566","targetHints":{"allow":["GET"]}}],"collection":[{"href":"https:\/\/rosanacl.com\/lt\/wp-json\/wp\/v2\/pages"}],"about":[{"href":"https:\/\/rosanacl.com\/lt\/wp-json\/wp\/v2\/types\/page"}],"author":[{"embeddable":true,"href":"https:\/\/rosanacl.com\/lt\/wp-json\/wp\/v2\/users\/1"}],"replies":[{"embeddable":true,"href":"https:\/\/rosanacl.com\/lt\/wp-json\/wp\/v2\/comments?post=2566"}],"version-history":[{"count":6,"href":"https:\/\/rosanacl.com\/lt\/wp-json\/wp\/v2\/pages\/2566\/revisions"}],"predecessor-version":[{"id":4647,"href":"https:\/\/rosanacl.com\/lt\/wp-json\/wp\/v2\/pages\/2566\/revisions\/4647"}],"wp:attachment":[{"href":"https:\/\/rosanacl.com\/lt\/wp-json\/wp\/v2\/media?parent=2566"}],"curies":[{"name":"wp","href":"https:\/\/api.w.org\/{rel}","templated":true}]}}