{"id":2868,"date":"2025-09-29T23:30:18","date_gmt":"2025-09-29T21:30:18","guid":{"rendered":"https:\/\/rosanacl.com\/?page_id=2868"},"modified":"2025-09-29T23:34:26","modified_gmt":"2025-09-29T21:34:26","slug":"comprar-bragas-online","status":"publish","type":"page","link":"https:\/\/rosanacl.com\/lt\/comprar-bragas-online\/","title":{"rendered":"Pirkite kelnaites internetu"},"content":{"rendered":"<div data-elementor-type=\"wp-page\" data-elementor-id=\"2868\" class=\"elementor elementor-2868\" data-elementor-post-type=\"page\">\n\t\t\t\t<div class=\"elementor-element elementor-element-171998c7 e-flex e-con-boxed e-con e-parent\" data-id=\"171998c7\" data-element_type=\"container\" data-e-type=\"container\">\n\t\t\t\t\t<div class=\"e-con-inner\">\n\t\t\t\t<div class=\"elementor-element elementor-element-6575351f elementor-widget elementor-widget-text-editor\" data-id=\"6575351f\" data-element_type=\"widget\" data-e-type=\"widget\" data-widget_type=\"text-editor.default\">\n\t\t\t\t<div class=\"elementor-widget-container\">\n\t\t\t\t\t\t\t\t\t\n<p><\/p>\n\n\n\n<p><\/p>\n\t\t\t\t\t\t\t\t<\/div>\n\t\t\t\t<\/div>\n\t\t\t\t\t<\/div>\n\t\t\t\t<\/div>\n\t\t<div class=\"elementor-element elementor-element-cf7d341 e-flex e-con-boxed e-con e-parent\" data-id=\"cf7d341\" data-element_type=\"container\" data-e-type=\"container\">\n\t\t\t\t\t<div class=\"e-con-inner\">\n\t\t\t\t<div class=\"elementor-element elementor-element-1f1d080 elementor-widget elementor-widget-heading\" data-id=\"1f1d080\" data-element_type=\"widget\" data-e-type=\"widget\" data-widget_type=\"heading.default\">\n\t\t\t\t<div class=\"elementor-widget-container\">\n\t\t\t\t\t<h2 class=\"elementor-heading-title elementor-size-default\">Pirkite kelnaites internetu<\/h2>\t\t\t\t<\/div>\n\t\t\t\t<\/div>\n\t\t\t\t\t<\/div>\n\t\t\t\t<\/div>\n\t\t<div class=\"elementor-element elementor-element-dc1921d e-flex e-con-boxed e-con e-parent\" data-id=\"dc1921d\" data-element_type=\"container\" data-e-type=\"container\">\n\t\t\t\t\t<div class=\"e-con-inner\">\n\t\t<div class=\"elementor-element elementor-element-d19616f e-con-full e-flex e-con e-child\" data-id=\"d19616f\" data-element_type=\"container\" data-e-type=\"container\">\n\t\t\t\t<div class=\"elementor-element elementor-element-1137ab4 elementor-widget elementor-widget-text-editor\" data-id=\"1137ab4\" data-element_type=\"widget\" data-e-type=\"widget\" data-widget_type=\"text-editor.default\">\n\t\t\t\t<div class=\"elementor-widget-container\">\n\t\t\t\t\t\t\t\t\t<h3 data-start=\"299\" data-end=\"378\"><strong data-start=\"303\" data-end=\"376\">Pirkite kelnaites internetu: papras\u010diausias b\u016bdas atnaujinti apatinius<\/strong><\/h3>\n<p data-start=\"379\" data-end=\"772\">Skaitmeniniame am\u017eiuje <strong data-start=\"398\" data-end=\"423\">pirkti kelnaites internetu<\/strong> Daugeliui moter\u0173 tai tapo prakti\u0161ku ir saugiu pasirinkimu. Patogumas rinktis namuose, palyginti modelius ir dyd\u017eius bei gauti drabu\u017eius tiesiai \u012f namus yra neprilygstamas. \u201eRosana CL\u201c specializuojam\u0117s teikdami internetinio apsipirkimo patirt\u012f, kuri apjungia paprastum\u0105, \u012fvairov\u0119 ir kokyb\u0117s u\u017etikrinim\u0105.<\/p>\n<p data-start=\"774\" data-end=\"1237\">M\u016bs\u0173 internetin\u0117 parduotuv\u0117 si\u016blo jums prieig\u0105 prie plataus \u201eSelene\u201c kelnai\u010di\u0173 katalogo, gars\u0117jan\u010dio savo mink\u0161tumu, patvarumu ir puikiu prigludimu. <strong data-start=\"917\" data-end=\"942\">Pirkite kelnaites internetu<\/strong> \u201eRosana CL\u201c tai rei\u0161kia, kad reikia rinktis drabu\u017eius, pagamintus i\u0161 auk\u0161tos kokyb\u0117s audini\u0173, pritaikyt\u0173 prie moters silueto ir lyd\u0117t\u0173 kiekvien\u0105 judes\u012f be diskomforto. Be to, i\u0161sami informacija ir tikslios nuotraukos kiekvienam klientui palengvina teising\u0105 pasirinkim\u0105.<\/p>\t\t\t\t\t\t\t\t<\/div>\n\t\t\t\t<\/div>\n\t\t\t\t<\/div>\n\t\t<div class=\"elementor-element elementor-element-5568f8b e-con-full e-flex e-con e-child\" data-id=\"5568f8b\" data-element_type=\"container\" data-e-type=\"container\">\n\t\t\t\t<div class=\"elementor-element elementor-element-980debe elementor-widget elementor-widget-image\" data-id=\"980debe\" data-element_type=\"widget\" data-e-type=\"widget\" data-widget_type=\"image.default\">\n\t\t\t\t<div class=\"elementor-widget-container\">\n\t\t\t\t\t\t\t\t\t\t\t\t\t\t\t<img fetchpriority=\"high\" decoding=\"async\" width=\"563\" height=\"750\" src=\"https:\/\/rosanacl.com\/wp-content\/uploads\/2025\/08\/5-4-768x1024.png\" class=\"attachment-large size-large wp-image-3528\" alt=\"\" srcset=\"https:\/\/rosanacl.com\/wp-content\/uploads\/2025\/08\/5-4-768x1023.png 768w, https:\/\/rosanacl.com\/wp-content\/uploads\/2025\/08\/5-4-225x300.png 225w, https:\/\/rosanacl.com\/wp-content\/uploads\/2025\/08\/5-4-9x12.png 9w, https:\/\/rosanacl.com\/wp-content\/uploads\/2025\/08\/5-4-600x800.png 600w, https:\/\/rosanacl.com\/wp-content\/uploads\/2025\/08\/5-4.png 800w\" sizes=\"(max-width: 563px) 100vw, 563px\" \/>\t\t\t\t\t\t\t\t\t\t\t\t\t\t\t<\/div>\n\t\t\t\t<\/div>\n\t\t\t\t<\/div>\n\t\t\t\t\t<\/div>\n\t\t\t\t<\/div>\n\t\t<div class=\"elementor-element elementor-element-5e380fb e-flex e-con-boxed e-con e-parent\" data-id=\"5e380fb\" data-element_type=\"container\" data-e-type=\"container\">\n\t\t\t\t\t<div class=\"e-con-inner\">\n\t\t<div class=\"elementor-element elementor-element-a763375 e-con-full e-flex e-con e-child\" data-id=\"a763375\" data-element_type=\"container\" data-e-type=\"container\">\n\t\t\t\t<div class=\"elementor-element elementor-element-a8aecc4 elementor-widget elementor-widget-image\" data-id=\"a8aecc4\" data-element_type=\"widget\" data-e-type=\"widget\" data-widget_type=\"image.default\">\n\t\t\t\t<div class=\"elementor-widget-container\">\n\t\t\t\t\t\t\t\t\t\t\t\t\t\t\t<img decoding=\"async\" width=\"800\" height=\"566\" src=\"https:\/\/rosanacl.com\/wp-content\/uploads\/2025\/08\/lenceria-selene-1024x724.jpg\" class=\"attachment-large size-large wp-image-3690\" alt=\"\" srcset=\"https:\/\/rosanacl.com\/wp-content\/uploads\/2025\/08\/lenceria-selene-1024x724.jpg 1024w, https:\/\/rosanacl.com\/wp-content\/uploads\/2025\/08\/lenceria-selene-300x212.jpg 300w, https:\/\/rosanacl.com\/wp-content\/uploads\/2025\/08\/lenceria-selene-768x543.jpg 768w, https:\/\/rosanacl.com\/wp-content\/uploads\/2025\/08\/lenceria-selene-1536x1086.jpg 1536w, https:\/\/rosanacl.com\/wp-content\/uploads\/2025\/08\/lenceria-selene-18x12.jpg 18w, https:\/\/rosanacl.com\/wp-content\/uploads\/2025\/08\/lenceria-selene-600x424.jpg 600w, https:\/\/rosanacl.com\/wp-content\/uploads\/2025\/08\/lenceria-selene.jpg 2000w\" sizes=\"(max-width: 800px) 100vw, 800px\" \/>\t\t\t\t\t\t\t\t\t\t\t\t\t\t\t<\/div>\n\t\t\t\t<\/div>\n\t\t\t\t<\/div>\n\t\t<div class=\"elementor-element elementor-element-b02b1e9 e-con-full e-flex e-con e-child\" data-id=\"b02b1e9\" data-element_type=\"container\" data-e-type=\"container\">\n\t\t\t\t<div class=\"elementor-element elementor-element-f156574 elementor-widget elementor-widget-text-editor\" data-id=\"f156574\" data-element_type=\"widget\" data-e-type=\"widget\" data-widget_type=\"text-editor.default\">\n\t\t\t\t<div class=\"elementor-widget-container\">\n\t\t\t\t\t\t\t\t\t<h3 data-start=\"1239\" data-end=\"1307\"><strong data-start=\"1243\" data-end=\"1305\">Pirkite kelnaites internetu: \u012fvairov\u0117 ir dizainas kiekvienam stiliui<\/strong><\/h3>\n<p data-start=\"1308\" data-end=\"1666\">Vienas did\u017eiausi\u0173 privalum\u0173 <strong data-start=\"1341\" data-end=\"1366\">pirkti kelnaites internetu<\/strong> \u201eRosana CL\u201c si\u016blom\u0173 modeli\u0173 \u012fvairov\u0117 stulbina. Nuo klasikini\u0173, patogi\u0173 kelnai\u010di\u0173 kasdieniam d\u0117v\u0117jimui iki rafinuotesni\u0173 variant\u0173 su n\u0117riniais ir subtiliomis detal\u0117mis ypatingoms progoms. Kiekvienas modelis sukurtas galvojant apie \u0161iuolaikin\u0119 moter\u012f, kuri ie\u0161ko stiliaus neaukodama patogumo.<\/p>\n<p data-start=\"1668\" data-end=\"2116\">Dyd\u017ei\u0173 ir stili\u0173 \u012fvairov\u0117 u\u017etikrina, kad kiekvienas klientas ras tai, ko jam reikia. \u201eSelene\u201c kelnait\u0117s yra universalios, patvarios ir stilingos, tod\u0117l tai puikus pasirinkimas tiems, kurie nori... <strong data-start=\"1905\" data-end=\"1930\">pirkti kelnaites internetu<\/strong> nepakenkiant kokybei ar dizainui. Be to, pasirinktos med\u017eiagos garantuoja patvarum\u0105 net po daugelio skalbim\u0173, tod\u0117l \u0161is pirkinys yra protinga investicija.<\/p>\t\t\t\t\t\t\t\t<\/div>\n\t\t\t\t<\/div>\n\t\t\t\t<\/div>\n\t\t\t\t\t<\/div>\n\t\t\t\t<\/div>\n\t\t<div class=\"elementor-element elementor-element-495e863 e-flex e-con-boxed e-con e-parent\" data-id=\"495e863\" data-element_type=\"container\" data-e-type=\"container\">\n\t\t\t\t\t<div class=\"e-con-inner\">\n\t\t\t\t<div class=\"elementor-element elementor-element-fe47ba3 elementor-widget elementor-widget-text-editor\" data-id=\"fe47ba3\" data-element_type=\"widget\" data-e-type=\"widget\" data-widget_type=\"text-editor.default\">\n\t\t\t\t<div class=\"elementor-widget-container\">\n\t\t\t\t\t\t\t\t\t<h3 data-start=\"2118\" data-end=\"2186\"><strong data-start=\"2122\" data-end=\"2184\">Pirkite kelnaites internetu: pasitik\u0117jimas ir saugumas su Rosana CL<\/strong><\/h3>\n<p data-start=\"2187\" data-end=\"2530\">\u201eRosana CL\u201c klient\u0173 saugumas ir pasitenkinimas yra m\u016bs\u0173 prioritetas. Pirkdami kelnaites internetu i\u0161 m\u016bs\u0173, galite \u012fsigyti originali\u0173 100% gamini\u0173 su kokyb\u0117s garantija ir individualizuotu aptarnavimu. M\u016bs\u0173 komanda visada pasiruo\u0161usi jums patarti ir pad\u0117ti i\u0161sirinkti drabu\u017e\u012f, kuris geriausiai atitinka j\u016bs\u0173 k\u016bn\u0105 ir gyvenimo b\u016bd\u0105.<\/p>\n<p data-start=\"2532\" data-end=\"2947\">D\u0117l m\u016bs\u0173 patirties apatinio trikota\u017eo ir korset\u0173 sektoriuje \u017einome, kad kiekviena detal\u0117 yra svarbi. \u0160tai kod\u0117l, <strong data-start=\"2649\" data-end=\"2674\">pirkti kelnaites internetu<\/strong> \u201eRosana CL\u201c klientai ne tik \u012fsigyja produkt\u0105, bet ir jau\u010dia ramyb\u0119, kad j\u0173 pasirinkimas bus patogus, patvarus ir stilingas. Kiekvienas u\u017esakymas yra apdorojamas efektyviai ir pristatomas laiku, u\u017etikrinant maloni\u0105 apsipirkimo patirt\u012f nuo prad\u017eios iki pabaigos.<\/p>\n<p data-start=\"2949\" data-end=\"3136\">Trumpai tariant, <strong data-start=\"2964\" data-end=\"2989\">pirkti kelnaites internetu<\/strong> \u201eRosana CL\u201c renkasi patogum\u0105, stili\u0173 ir pasitik\u0117jim\u0105 savimi. Svarbu rinktis kokybi\u0161kas kelnaites, kurios pabr\u0117\u017eia moteri\u0161kum\u0105 ir u\u017etikrina kasdien\u0119 gerov\u0119.<\/p>\t\t\t\t\t\t\t\t<\/div>\n\t\t\t\t<\/div>\n\t\t\t\t\t<\/div>\n\t\t\t\t<\/div>\n\t\t<div class=\"elementor-element elementor-element-d05ed3a e-flex e-con-boxed e-con e-parent\" data-id=\"d05ed3a\" data-element_type=\"container\" data-e-type=\"container\">\n\t\t\t\t\t<div class=\"e-con-inner\">\n\t\t\t\t<div class=\"elementor-element elementor-element-b883e86 elementor-widget elementor-widget-heading\" data-id=\"b883e86\" data-element_type=\"widget\" data-e-type=\"widget\" data-widget_type=\"heading.default\">\n\t\t\t\t<div class=\"elementor-widget-container\">\n\t\t\t\t\t<h2 class=\"elementor-heading-title elementor-size-default\">Susisiekite su mumis <\/h2>\t\t\t\t<\/div>\n\t\t\t\t<\/div>\n\t\t\t\t\t<\/div>\n\t\t\t\t<\/div>\n\t\t<div class=\"elementor-element elementor-element-00e20e2 e-flex e-con-boxed e-con e-parent\" data-id=\"00e20e2\" data-element_type=\"container\" data-e-type=\"container\">\n\t\t\t\t\t<div class=\"e-con-inner\">\n\t\t<div class=\"elementor-element elementor-element-8ad8f7b e-con-full e-flex e-con e-child\" data-id=\"8ad8f7b\" data-element_type=\"container\" data-e-type=\"container\">\n\t\t\t\t<div class=\"elementor-element elementor-element-888944a elementor-widget__width-initial elementor-widget elementor-widget-elementskit-contact-form7\" data-id=\"888944a\" data-element_type=\"widget\" data-e-type=\"widget\" data-widget_type=\"elementskit-contact-form7.default\">\n\t\t\t\t<div class=\"elementor-widget-container\">\n\t\t\t\t\t<div class=\"ekit-wid-con\" ><div class=\"ekit-form\">\n<div class=\"wpcf7 no-js\" id=\"wpcf7-f48-o1\" lang=\"es-ES\" dir=\"ltr\" data-wpcf7-id=\"48\">\n<div class=\"screen-reader-response\"><p role=\"status\" aria-live=\"polite\" aria-atomic=\"true\"><\/p> <ul><\/ul><\/div>\n<form action=\"\/de\/wp-json\/wp\/v2\/pages\/2868#wpcf7-f48-o1\" method=\"post\" class=\"wpcf7-form init\" aria-label=\"Kontaktin\u0117 forma\" novalidate=\"novalidate\" data-status=\"init\" data-trp-original-action=\"\/de\/wp-json\/wp\/v2\/pages\/2868#wpcf7-f48-o1\">\n<fieldset class=\"hidden-fields-container\"><input type=\"hidden\" name=\"_wpcf7\" value=\"48\" \/><input type=\"hidden\" name=\"_wpcf7_version\" value=\"6.1.5\" \/><input type=\"hidden\" name=\"_wpcf7_locale\" value=\"es_ES\" \/><input type=\"hidden\" name=\"_wpcf7_unit_tag\" value=\"wpcf7-f48-o1\" \/><input type=\"hidden\" name=\"_wpcf7_container_post\" value=\"0\" \/><input type=\"hidden\" name=\"_wpcf7_posted_data_hash\" value=\"\" \/><input type=\"hidden\" name=\"_wpcf7_recaptcha_response\" value=\"\" \/>\n<\/fieldset>\n<div class=\"form-row\">\n\t<div class=\"form-column\">\n\t\t<p><span class=\"wpcf7-form-control-wrap\" data-name=\"nombre\"><input size=\"40\" maxlength=\"400\" class=\"wpcf7-form-control wpcf7-text wpcf7-validates-as-required\" aria-required=\"true\" aria-invalid=\"false\" placeholder=\"Vardas\" value=\"\" type=\"text\" name=\"nombre\" \/><\/span>\n\t\t<\/p>\n\t<\/div>\n\t<div class=\"form-column\">\n\t\t<p><span class=\"wpcf7-form-control-wrap\" data-name=\"telefono\"><input size=\"40\" maxlength=\"400\" class=\"wpcf7-form-control wpcf7-tel wpcf7-validates-as-required wpcf7-text wpcf7-validates-as-tel\" aria-required=\"true\" aria-invalid=\"false\" placeholder=\"Telefonas *\" value=\"\" type=\"tel\" name=\"telefono\" \/><\/span>\n\t\t<\/p>\n\t<\/div>\n<\/div>\n<div class=\"form-row\">\n\t<div class=\"form-column\">\n\t\t<p><span class=\"wpcf7-form-control-wrap\" data-name=\"email\"><input size=\"40\" maxlength=\"400\" class=\"wpcf7-form-control wpcf7-email wpcf7-validates-as-required wpcf7-text wpcf7-validates-as-email\" aria-required=\"true\" aria-invalid=\"false\" placeholder=\"El. pa\u0161tas *\" value=\"\" type=\"email\" name=\"email\" \/><\/span>\n\t\t<\/p>\n\t<\/div>\n\t<div class=\"form-column\">\n\t\t<p><span class=\"wpcf7-form-control-wrap\" data-name=\"asunto\"><input size=\"40\" maxlength=\"400\" class=\"wpcf7-form-control wpcf7-text wpcf7-validates-as-required\" aria-required=\"true\" aria-invalid=\"false\" placeholder=\"Reikalas *\" value=\"\" type=\"text\" name=\"asunto\" \/><\/span>\n\t\t<\/p>\n\t<\/div>\n<\/div>\n<p><span class=\"wpcf7-form-control-wrap\" data-name=\"mensaje\"><textarea cols=\"40\" rows=\"10\" maxlength=\"2000\" class=\"wpcf7-form-control wpcf7-textarea wpcf7-validates-as-required\" aria-required=\"true\" aria-invalid=\"false\" placeholder=\"\u017dinut\u0117\" name=\"mensaje\"><\/textarea><\/span>\n<\/p>\n<p class=\"legal-priv\"><span class=\"wpcf7-form-control-wrap\" data-name=\"acceptance-787\"><span class=\"wpcf7-form-control wpcf7-acceptance\"><span class=\"wpcf7-list-item\"><label><input type=\"checkbox\" name=\"acceptance-787\" value=\"1\" aria-invalid=\"false\" \/><span class=\"wpcf7-list-item-label\">Perskai\u010diau ir sutinku su <a href=\"https:\/\/rosanacl.com\/lt\/politica-de-privacidad\/\">Privatumo politika<\/a><\/span><\/label><\/span><\/span><\/span>\n<\/p>\n<p><input class=\"wpcf7-form-control wpcf7-submit has-spinner\" type=\"submit\" value=\"SI\u0172STI PRANE\u0160IM\u0104\" \/>\n<\/p><div class=\"wpcf7-response-output\" aria-hidden=\"true\"><\/div>\n<input type=\"hidden\" name=\"trp-form-language\" value=\"lt\"\/><\/form>\n<\/div>\n<\/div><\/div>\t\t\t\t<\/div>\n\t\t\t\t<\/div>\n\t\t\t\t<\/div>\n\t\t\t\t\t<\/div>\n\t\t\t\t<\/div>\n\t\t\t\t<\/div>","protected":false},"excerpt":{"rendered":"<p>Comprar bragas online Comprar bragas online: la forma m\u00e1s f\u00e1cil de renovar tu ropa interior En la era digital, comprar bragas online se ha convertido en una opci\u00f3n pr\u00e1ctica y segura para muchas mujeres. La comodidad de poder elegir desde casa, comparar modelos y tallas, y recibir las prendas directamente en la puerta de tu [&hellip;]<\/p>\n","protected":false},"author":1,"featured_media":0,"parent":0,"menu_order":0,"comment_status":"closed","ping_status":"closed","template":"","meta":{"content-type":"","footnotes":""},"class_list":["post-2868","page","type-page","status-publish","hentry"],"yoast_head":"<!-- This site is optimized with the Yoast SEO plugin v27.4 - https:\/\/yoast.com\/product\/yoast-seo-wordpress\/ -->\n<title>Comprar bragas online - Rosana CL<\/title>\n<meta name=\"robots\" content=\"index, follow, max-snippet:-1, max-image-preview:large, max-video-preview:-1\" \/>\n<link rel=\"canonical\" href=\"https:\/\/rosanacl.com\/lt\/comprar-bragas-online\/\" \/>\n<meta property=\"og:locale\" content=\"lt_LT\" \/>\n<meta property=\"og:type\" content=\"article\" \/>\n<meta property=\"og:title\" content=\"Comprar bragas online - Rosana CL\" \/>\n<meta property=\"og:description\" content=\"Comprar bragas online Comprar bragas online: la forma m\u00e1s f\u00e1cil de renovar tu ropa interior En la era digital, comprar bragas online se ha convertido en una opci\u00f3n pr\u00e1ctica y segura para muchas mujeres. La comodidad de poder elegir desde casa, comparar modelos y tallas, y recibir las prendas directamente en la puerta de tu [&hellip;]\" \/>\n<meta property=\"og:url\" content=\"https:\/\/rosanacl.com\/lt\/comprar-bragas-online\/\" \/>\n<meta property=\"og:site_name\" content=\"Rosana CL\" \/>\n<meta property=\"article:modified_time\" content=\"2025-09-29T21:34:26+00:00\" \/>\n<meta property=\"og:image\" content=\"https:\/\/rosanacl.com\/wp-content\/uploads\/2025\/08\/5-4.png\" \/>\n\t<meta property=\"og:image:width\" content=\"800\" \/>\n\t<meta property=\"og:image:height\" content=\"1066\" \/>\n\t<meta property=\"og:image:type\" content=\"image\/png\" \/>\n<meta name=\"twitter:card\" content=\"summary_large_image\" \/>\n<meta name=\"twitter:label1\" content=\"Est. reading time\" \/>\n\t<meta name=\"twitter:data1\" content=\"2 minut\u0117s\" \/>\n<script type=\"application\/ld+json\" class=\"yoast-schema-graph\">{\"@context\":\"https:\\\/\\\/schema.org\",\"@graph\":[{\"@type\":\"WebPage\",\"@id\":\"https:\\\/\\\/rosanacl.com\\\/eu\\\/comprar-bragas-online\\\/\",\"url\":\"https:\\\/\\\/rosanacl.com\\\/eu\\\/comprar-bragas-online\\\/\",\"name\":\"Comprar bragas online - Rosana CL\",\"isPartOf\":{\"@id\":\"https:\\\/\\\/rosanacl.com\\\/ca\\\/#website\"},\"primaryImageOfPage\":{\"@id\":\"https:\\\/\\\/rosanacl.com\\\/eu\\\/comprar-bragas-online\\\/#primaryimage\"},\"image\":{\"@id\":\"https:\\\/\\\/rosanacl.com\\\/eu\\\/comprar-bragas-online\\\/#primaryimage\"},\"thumbnailUrl\":\"https:\\\/\\\/rosanacl.com\\\/wp-content\\\/uploads\\\/2025\\\/08\\\/5-4-768x1024.png\",\"datePublished\":\"2025-09-29T21:30:18+00:00\",\"dateModified\":\"2025-09-29T21:34:26+00:00\",\"breadcrumb\":{\"@id\":\"https:\\\/\\\/rosanacl.com\\\/eu\\\/comprar-bragas-online\\\/#breadcrumb\"},\"inLanguage\":\"lt-LT\",\"potentialAction\":[{\"@type\":\"ReadAction\",\"target\":[\"https:\\\/\\\/rosanacl.com\\\/eu\\\/comprar-bragas-online\\\/\"]}]},{\"@type\":\"ImageObject\",\"inLanguage\":\"lt-LT\",\"@id\":\"https:\\\/\\\/rosanacl.com\\\/eu\\\/comprar-bragas-online\\\/#primaryimage\",\"url\":\"https:\\\/\\\/rosanacl.com\\\/wp-content\\\/uploads\\\/2025\\\/08\\\/5-4-768x1024.png\",\"contentUrl\":\"https:\\\/\\\/rosanacl.com\\\/wp-content\\\/uploads\\\/2025\\\/08\\\/5-4-768x1024.png\"},{\"@type\":\"BreadcrumbList\",\"@id\":\"https:\\\/\\\/rosanacl.com\\\/eu\\\/comprar-bragas-online\\\/#breadcrumb\",\"itemListElement\":[{\"@type\":\"ListItem\",\"position\":1,\"name\":\"Portada\",\"item\":\"https:\\\/\\\/rosanacl.com\\\/ca\\\/\"},{\"@type\":\"ListItem\",\"position\":2,\"name\":\"Comprar bragas online\"}]},{\"@type\":\"WebSite\",\"@id\":\"https:\\\/\\\/rosanacl.com\\\/ca\\\/#website\",\"url\":\"https:\\\/\\\/rosanacl.com\\\/ca\\\/\",\"name\":\"Rosana CL\",\"description\":\"Somos tu interior\",\"potentialAction\":[{\"@type\":\"SearchAction\",\"target\":{\"@type\":\"EntryPoint\",\"urlTemplate\":\"https:\\\/\\\/rosanacl.com\\\/ca\\\/?s={search_term_string}\"},\"query-input\":{\"@type\":\"PropertyValueSpecification\",\"valueRequired\":true,\"valueName\":\"search_term_string\"}}],\"inLanguage\":\"lt-LT\"}]}<\/script>\n<!-- \/ Yoast SEO plugin. -->","yoast_head_json":{"title":"Comprar bragas online - Rosana CL","robots":{"index":"index","follow":"follow","max-snippet":"max-snippet:-1","max-image-preview":"max-image-preview:large","max-video-preview":"max-video-preview:-1"},"canonical":"https:\/\/rosanacl.com\/lt\/comprar-bragas-online\/","og_locale":"lt_LT","og_type":"article","og_title":"Comprar bragas online - Rosana CL","og_description":"Comprar bragas online Comprar bragas online: la forma m\u00e1s f\u00e1cil de renovar tu ropa interior En la era digital, comprar bragas online se ha convertido en una opci\u00f3n pr\u00e1ctica y segura para muchas mujeres. La comodidad de poder elegir desde casa, comparar modelos y tallas, y recibir las prendas directamente en la puerta de tu [&hellip;]","og_url":"https:\/\/rosanacl.com\/lt\/comprar-bragas-online\/","og_site_name":"Rosana CL","article_modified_time":"2025-09-29T21:34:26+00:00","og_image":[{"width":800,"height":1066,"url":"https:\/\/rosanacl.com\/wp-content\/uploads\/2025\/08\/5-4.png","type":"image\/png"}],"twitter_card":"summary_large_image","twitter_misc":{"Est. reading time":"2 minut\u0117s"},"schema":{"@context":"https:\/\/schema.org","@graph":[{"@type":"WebPage","@id":"https:\/\/rosanacl.com\/eu\/comprar-bragas-online\/","url":"https:\/\/rosanacl.com\/eu\/comprar-bragas-online\/","name":"Comprar bragas online - Rosana CL","isPartOf":{"@id":"https:\/\/rosanacl.com\/ca\/#website"},"primaryImageOfPage":{"@id":"https:\/\/rosanacl.com\/eu\/comprar-bragas-online\/#primaryimage"},"image":{"@id":"https:\/\/rosanacl.com\/eu\/comprar-bragas-online\/#primaryimage"},"thumbnailUrl":"https:\/\/rosanacl.com\/wp-content\/uploads\/2025\/08\/5-4-768x1024.png","datePublished":"2025-09-29T21:30:18+00:00","dateModified":"2025-09-29T21:34:26+00:00","breadcrumb":{"@id":"https:\/\/rosanacl.com\/eu\/comprar-bragas-online\/#breadcrumb"},"inLanguage":"lt-LT","potentialAction":[{"@type":"ReadAction","target":["https:\/\/rosanacl.com\/eu\/comprar-bragas-online\/"]}]},{"@type":"ImageObject","inLanguage":"lt-LT","@id":"https:\/\/rosanacl.com\/eu\/comprar-bragas-online\/#primaryimage","url":"https:\/\/rosanacl.com\/wp-content\/uploads\/2025\/08\/5-4-768x1024.png","contentUrl":"https:\/\/rosanacl.com\/wp-content\/uploads\/2025\/08\/5-4-768x1024.png"},{"@type":"BreadcrumbList","@id":"https:\/\/rosanacl.com\/eu\/comprar-bragas-online\/#breadcrumb","itemListElement":[{"@type":"ListItem","position":1,"name":"Portada","item":"https:\/\/rosanacl.com\/ca\/"},{"@type":"ListItem","position":2,"name":"Comprar bragas online"}]},{"@type":"WebSite","@id":"https:\/\/rosanacl.com\/ca\/#website","url":"https:\/\/rosanacl.com\/ca\/","name":"Rosana CL","description":"Mes esame j\u016bs\u0173 interjeras","potentialAction":[{"@type":"SearchAction","target":{"@type":"EntryPoint","urlTemplate":"https:\/\/rosanacl.com\/ca\/?s={search_term_string}"},"query-input":{"@type":"PropertyValueSpecification","valueRequired":true,"valueName":"search_term_string"}}],"inLanguage":"lt-LT"}]}},"_links":{"self":[{"href":"https:\/\/rosanacl.com\/lt\/wp-json\/wp\/v2\/pages\/2868","targetHints":{"allow":["GET"]}}],"collection":[{"href":"https:\/\/rosanacl.com\/lt\/wp-json\/wp\/v2\/pages"}],"about":[{"href":"https:\/\/rosanacl.com\/lt\/wp-json\/wp\/v2\/types\/page"}],"author":[{"embeddable":true,"href":"https:\/\/rosanacl.com\/lt\/wp-json\/wp\/v2\/users\/1"}],"replies":[{"embeddable":true,"href":"https:\/\/rosanacl.com\/lt\/wp-json\/wp\/v2\/comments?post=2868"}],"version-history":[{"count":0,"href":"https:\/\/rosanacl.com\/lt\/wp-json\/wp\/v2\/pages\/2868\/revisions"}],"wp:attachment":[{"href":"https:\/\/rosanacl.com\/lt\/wp-json\/wp\/v2\/media?parent=2868"}],"curies":[{"name":"wp","href":"https:\/\/api.w.org\/{rel}","templated":true}]}}