{"id":31,"date":"2025-03-28T16:10:30","date_gmt":"2025-03-28T19:10:30","guid":{"rendered":"https:\/\/innovacon.simplificandotuweb.com\/?page_id=31"},"modified":"2025-07-09T08:56:36","modified_gmt":"2025-07-09T06:56:36","slug":"politica-de-privacidad","status":"publish","type":"page","link":"https:\/\/rosanacl.com\/lt\/politica-de-privacidad\/","title":{"rendered":"Privatumo politika"},"content":{"rendered":"<div data-elementor-type=\"wp-page\" data-elementor-id=\"31\" class=\"elementor elementor-31\" data-elementor-post-type=\"page\">\n\t\t\t\t<div class=\"elementor-element elementor-element-1ca8157 e-flex e-con-boxed e-con e-parent\" data-id=\"1ca8157\" data-element_type=\"container\" data-e-type=\"container\" data-settings=\"{&quot;background_background&quot;:&quot;classic&quot;}\">\n\t\t\t\t\t<div class=\"e-con-inner\">\n\t\t<div class=\"elementor-element elementor-element-ee95924 e-con-full e-flex e-con e-child\" data-id=\"ee95924\" data-element_type=\"container\" data-e-type=\"container\">\n\t\t\t\t<div class=\"elementor-element elementor-element-fbdd061 elementor-widget elementor-widget-heading\" data-id=\"fbdd061\" data-element_type=\"widget\" data-e-type=\"widget\" data-widget_type=\"heading.default\">\n\t\t\t\t<div class=\"elementor-widget-container\">\n\t\t\t\t\t<h2 class=\"elementor-heading-title elementor-size-default\">Privatumo politika<\/h2>\t\t\t\t<\/div>\n\t\t\t\t<\/div>\n\t\t\t\t<\/div>\n\t\t\t\t\t<\/div>\n\t\t\t\t<\/div>\n\t\t<div class=\"elementor-element elementor-element-5a8dd38e e-flex e-con-boxed e-con e-parent\" data-id=\"5a8dd38e\" data-element_type=\"container\" data-e-type=\"container\">\n\t\t\t\t\t<div class=\"e-con-inner\">\n\t\t\t\t<div class=\"elementor-element elementor-element-6ea5a565 elementor-widget elementor-widget-text-editor\" data-id=\"6ea5a565\" data-element_type=\"widget\" data-e-type=\"widget\" data-widget_type=\"text-editor.default\">\n\t\t\t\t<div class=\"elementor-widget-container\">\n\t\t\t\t\t\t\t\t\t\n<p><strong>1. INFORMACIJA NAUDOTOJUI<\/strong><\/p>\n\n<p>Svetain\u0117 informuoja svetain\u0117s naudotojus apie savo politik\u0105, susijusi\u0105 su naudotoj\u0173 ir klient\u0173 asmens duomen\u0173 tvarkymu ir apsauga, kuri\u0173 gali b\u016bti pra\u0161oma nar\u0161ant jos svetain\u0117je.<\/p>\n\n<p>Svetain\u0117 yra atsakinga u\u017e naudotojo asmens duomen\u0173 tvarkym\u0105, tod\u0117l pateikiama \u0161i informacija apie j\u016bs\u0173 duomen\u0173 tvarkym\u0105:<\/p>\n\n<p><strong>Duomen\u0173 saugojimo kriterijai:<\/strong>\u00a0Pateikti asmens duomenys bus saugomi tol, kol suinteresuota \u0161alis, \u012fgyvendindama savo teises \u012f duomenis, papra\u0161ys j\u0173 saugojimo sustabdymo ir bet kokiu atveju laikydamasi vis\u0173 taikom\u0173 teisini\u0173 apribojim\u0173.<\/p>\n\n<p><strong>Suinteresuot\u0173j\u0173 \u0161ali\u0173 teis\u0117s:<\/strong><\/p>\n\n<p>Teis\u0117 bet kuriuo metu at\u0161aukti savo sutikim\u0105.<br \/>Teis\u0117 susipa\u017einti su savo duomenimis, juos i\u0161taisyti, i\u0161trinti ir perkelti, taip pat apriboti j\u0173 tvarkym\u0105 arba nesutikti su juo, taip pat teis\u0117 neb\u016bti automatizuot\u0173 individuali\u0173 sprendim\u0173 objektu.<\/p>\n\n<p><strong>Kontaktin\u0117 informacija, kaip pasinaudoti savo teis\u0117mis:<\/strong><\/p>\n\n<p>Privalote tinkamai identifikuoti save ir ai\u0161kiai papra\u0161yti teis\u0117s pasinaudoti.<\/p>\n\n<ul class=\"wp-block-list\">\n<li>\u012emon\u0117: Pablo Angulo Maspons<\/li>\n<li>Gyventoj\u0173 skai\u010dius: Vinaroz, Ispanija<\/li>\n<li>Telefonas: 613395013<\/li>\n<li>Pa\u0161tas: <a class=\"css-1rn59kg\" title=\"info@rosanacl.com\" href=\"mailto:info@rosanacl.com\" data-testid=\"link-with-safety\" data-renderer-mark=\"true\">info@rosanacl.com\u00a0<\/a><\/li>\n<\/ul>\n\n<p><strong>2. VARTOTOJO PATEIKTA INFORMACIJA<\/strong><\/p>\n\n<p>Jei esate jaunesnis nei 18 met\u0173, jums neleid\u017eiama naudotis m\u016bs\u0173 svetain\u0117je esan\u010diomis formomis.<\/p>\n\n<p>\u012evesdami savo duomenis kontaktin\u0117se formose arba pateikdami juos atsisiuntimo formose, Vartotojai ai\u0161kiai, laisva valia ir nedviprasmi\u0161kai sutinka, kad j\u0173 duomenys yra b\u016btini Duomen\u0173 valdytojui, kad jis gal\u0117t\u0173 apdoroti j\u0173 u\u017eklaus\u0105. Duomen\u0173 \u012ftraukimas \u012f likusius laukus yra savanori\u0161kas.<\/p>\n\n<p>Vartotojas garantuoja, kad pateikti asmens duomenys yra teisingi, ir yra atsakingas u\u017e bet koki\u0173 pakeitim\u0173 prane\u0161im\u0105.<\/p>\n\n<p>Visi per svetain\u0119 pra\u0161omi duomenys yra b\u016btini siekiant suteikti Vartotojui optimalias paslaugas. Jei nepateikiami visi duomenys, n\u0117ra jokios garantijos, kad Duomen\u0173 valdytojo teikiama informacija ir paslaugos bus visi\u0161kai pritaikytos j\u0173 poreikiams.<\/p>\n\n<p><strong>3. SAUGUMO PRIEMON\u0116S<\/strong><\/p>\n\n<p>Kad pagal galiojan\u010di\u0173 asmens duomen\u0173 apsaugos teis\u0117s akt\u0173 nuostatas Duomen\u0173 valdytojas laikosi vis\u0173 BDAR ir LOPD teis\u0117s akt\u0173 nuostat\u0173, susijusi\u0173 su jo atsakomybe tvarkant asmens duomenis, kurie tvarkomi teis\u0117tai, s\u0105\u017einingai ir skaidriai duomen\u0173 subjekto at\u017evilgiu ir yra adekvat\u016bs, aktual\u016bs ir apsiriboja tuo, kas b\u016btina tikslams, kuriems jie tvarkomi.<\/p>\n\n<p>Duomen\u0173 valdytojas garantuoja, kad \u012fgyvendino tinkamas technines ir organizacines politikas, kad taikyt\u0173 BDAR ir LOPD nustatytas saugumo priemones, skirtas apsaugoti Vartotoj\u0173 teises ir laisves, ir pateik\u0117 jiems tinkam\u0105 informacij\u0105, kad jie gal\u0117t\u0173 jomis pasinaudoti.<\/p>\n\n<p><strong>4. SAUGUMO PA\u017dEIDIMAI<\/strong><\/p>\n\n<p>Duomen\u0173 valdytojas prane\u0161 apie bet kok\u012f saugumo pa\u017eeidim\u0105, turint\u012f \u012ftakos \u0161ios svetain\u0117s naudojamai duomen\u0173 bazei ar bet kuriai m\u016bs\u0173 tre\u010di\u0173j\u0173 \u0161ali\u0173 paslaugai, kiekvienam asmeniui, kurio duomenys gal\u0117jo b\u016bti paveikti, ir vald\u017eios institucijoms per 72 valandas nuo pa\u017eeidimo aptikimo.<\/p>\n\n<p><strong>TAIKYTINI TEIS\u0116S AKTAI IR JURISDIKCIJA<\/strong><\/p>\n\n<p>Visiems gin\u010dams ar klausimams, susijusiems su \u0161ia svetaine ar joje vykdoma veikla, spr\u0119sti taikoma Ispanijos teis\u0117, kuriai \u0161alys ai\u0161kiai pritaria. Barselonos teismai ir tribunolai turi jurisdikcij\u0105 spr\u0119sti visus konfliktus, kylan\u010dius d\u0117l \u0161ios svetain\u0117s naudojimo ar susijusius su juo.<\/p>\n\n<p>\u00a0<\/p>\n\t\t\t\t\t\t\t\t<\/div>\n\t\t\t\t<\/div>\n\t\t\t\t\t<\/div>\n\t\t\t\t<\/div>\n\t\t\t\t<\/div>","protected":false},"excerpt":{"rendered":"<p>1.- INFORMACI\u00d3N AL USUARIO El sitio web informa a los usuarios del sitio web sobre su pol\u00edtica respecto al tratamiento y protecci\u00f3n de los datos de car\u00e1cter personal de los usuarios y clientes que puedan ser solicitados por la navegaci\u00f3n a trav\u00e9s de su sitio web. El sitio web es el Responsable del tratamiento de [&hellip;]<\/p>\n","protected":false},"author":1,"featured_media":0,"parent":0,"menu_order":0,"comment_status":"closed","ping_status":"closed","template":"","meta":{"content-type":"","footnotes":""},"class_list":["post-31","page","type-page","status-publish","hentry"],"yoast_head":"<!-- This site is optimized with the Yoast SEO plugin v27.4 - https:\/\/yoast.com\/product\/yoast-seo-wordpress\/ -->\n<title>Pol\u00edtica de Privacidad - Rosana CL<\/title>\n<meta name=\"robots\" content=\"index, follow, max-snippet:-1, max-image-preview:large, max-video-preview:-1\" \/>\n<link rel=\"canonical\" href=\"https:\/\/rosanacl.com\/lt\/politica-de-privacidad\/\" \/>\n<meta property=\"og:locale\" content=\"lt_LT\" \/>\n<meta property=\"og:type\" content=\"article\" \/>\n<meta property=\"og:title\" content=\"Pol\u00edtica de Privacidad - Rosana CL\" \/>\n<meta property=\"og:description\" content=\"1.- INFORMACI\u00d3N AL USUARIO El sitio web informa a los usuarios del sitio web sobre su pol\u00edtica respecto al tratamiento y protecci\u00f3n de los datos de car\u00e1cter personal de los usuarios y clientes que puedan ser solicitados por la navegaci\u00f3n a trav\u00e9s de su sitio web. El sitio web es el Responsable del tratamiento de [&hellip;]\" \/>\n<meta property=\"og:url\" content=\"https:\/\/rosanacl.com\/lt\/politica-de-privacidad\/\" \/>\n<meta property=\"og:site_name\" content=\"Rosana CL\" \/>\n<meta property=\"article:modified_time\" content=\"2025-07-09T06:56:36+00:00\" \/>\n<meta name=\"twitter:card\" content=\"summary_large_image\" \/>\n<meta name=\"twitter:label1\" content=\"Est. reading time\" \/>\n\t<meta name=\"twitter:data1\" content=\"3 minut\u0117s\" \/>\n<script type=\"application\/ld+json\" class=\"yoast-schema-graph\">{\"@context\":\"https:\\\/\\\/schema.org\",\"@graph\":[{\"@type\":\"WebPage\",\"@id\":\"https:\\\/\\\/rosanacl.com\\\/politica-de-privacidad\\\/\",\"url\":\"https:\\\/\\\/rosanacl.com\\\/politica-de-privacidad\\\/\",\"name\":\"Pol\u00edtica de Privacidad - Rosana CL\",\"isPartOf\":{\"@id\":\"https:\\\/\\\/rosanacl.com\\\/ca\\\/#website\"},\"datePublished\":\"2025-03-28T19:10:30+00:00\",\"dateModified\":\"2025-07-09T06:56:36+00:00\",\"breadcrumb\":{\"@id\":\"https:\\\/\\\/rosanacl.com\\\/politica-de-privacidad\\\/#breadcrumb\"},\"inLanguage\":\"lt-LT\",\"potentialAction\":[{\"@type\":\"ReadAction\",\"target\":[\"https:\\\/\\\/rosanacl.com\\\/politica-de-privacidad\\\/\"]}]},{\"@type\":\"BreadcrumbList\",\"@id\":\"https:\\\/\\\/rosanacl.com\\\/politica-de-privacidad\\\/#breadcrumb\",\"itemListElement\":[{\"@type\":\"ListItem\",\"position\":1,\"name\":\"Portada\",\"item\":\"https:\\\/\\\/rosanacl.com\\\/ca\\\/\"},{\"@type\":\"ListItem\",\"position\":2,\"name\":\"Pol\u00edtica de Privacidad\"}]},{\"@type\":\"WebSite\",\"@id\":\"https:\\\/\\\/rosanacl.com\\\/ca\\\/#website\",\"url\":\"https:\\\/\\\/rosanacl.com\\\/ca\\\/\",\"name\":\"Rosana CL\",\"description\":\"Somos tu interior\",\"potentialAction\":[{\"@type\":\"SearchAction\",\"target\":{\"@type\":\"EntryPoint\",\"urlTemplate\":\"https:\\\/\\\/rosanacl.com\\\/ca\\\/?s={search_term_string}\"},\"query-input\":{\"@type\":\"PropertyValueSpecification\",\"valueRequired\":true,\"valueName\":\"search_term_string\"}}],\"inLanguage\":\"lt-LT\"}]}<\/script>\n<!-- \/ Yoast SEO plugin. -->","yoast_head_json":{"title":"Pol\u00edtica de Privacidad - Rosana CL","robots":{"index":"index","follow":"follow","max-snippet":"max-snippet:-1","max-image-preview":"max-image-preview:large","max-video-preview":"max-video-preview:-1"},"canonical":"https:\/\/rosanacl.com\/lt\/politica-de-privacidad\/","og_locale":"lt_LT","og_type":"article","og_title":"Pol\u00edtica de Privacidad - Rosana CL","og_description":"1.- INFORMACI\u00d3N AL USUARIO El sitio web informa a los usuarios del sitio web sobre su pol\u00edtica respecto al tratamiento y protecci\u00f3n de los datos de car\u00e1cter personal de los usuarios y clientes que puedan ser solicitados por la navegaci\u00f3n a trav\u00e9s de su sitio web. El sitio web es el Responsable del tratamiento de [&hellip;]","og_url":"https:\/\/rosanacl.com\/lt\/politica-de-privacidad\/","og_site_name":"Rosana CL","article_modified_time":"2025-07-09T06:56:36+00:00","twitter_card":"summary_large_image","twitter_misc":{"Est. reading time":"3 minut\u0117s"},"schema":{"@context":"https:\/\/schema.org","@graph":[{"@type":"WebPage","@id":"https:\/\/rosanacl.com\/politica-de-privacidad\/","url":"https:\/\/rosanacl.com\/politica-de-privacidad\/","name":"Pol\u00edtica de Privacidad - Rosana CL","isPartOf":{"@id":"https:\/\/rosanacl.com\/ca\/#website"},"datePublished":"2025-03-28T19:10:30+00:00","dateModified":"2025-07-09T06:56:36+00:00","breadcrumb":{"@id":"https:\/\/rosanacl.com\/politica-de-privacidad\/#breadcrumb"},"inLanguage":"lt-LT","potentialAction":[{"@type":"ReadAction","target":["https:\/\/rosanacl.com\/politica-de-privacidad\/"]}]},{"@type":"BreadcrumbList","@id":"https:\/\/rosanacl.com\/politica-de-privacidad\/#breadcrumb","itemListElement":[{"@type":"ListItem","position":1,"name":"Portada","item":"https:\/\/rosanacl.com\/ca\/"},{"@type":"ListItem","position":2,"name":"Pol\u00edtica de Privacidad"}]},{"@type":"WebSite","@id":"https:\/\/rosanacl.com\/ca\/#website","url":"https:\/\/rosanacl.com\/ca\/","name":"Rosana CL","description":"Mes esame j\u016bs\u0173 interjeras","potentialAction":[{"@type":"SearchAction","target":{"@type":"EntryPoint","urlTemplate":"https:\/\/rosanacl.com\/ca\/?s={search_term_string}"},"query-input":{"@type":"PropertyValueSpecification","valueRequired":true,"valueName":"search_term_string"}}],"inLanguage":"lt-LT"}]}},"_links":{"self":[{"href":"https:\/\/rosanacl.com\/lt\/wp-json\/wp\/v2\/pages\/31","targetHints":{"allow":["GET"]}}],"collection":[{"href":"https:\/\/rosanacl.com\/lt\/wp-json\/wp\/v2\/pages"}],"about":[{"href":"https:\/\/rosanacl.com\/lt\/wp-json\/wp\/v2\/types\/page"}],"author":[{"embeddable":true,"href":"https:\/\/rosanacl.com\/lt\/wp-json\/wp\/v2\/users\/1"}],"replies":[{"embeddable":true,"href":"https:\/\/rosanacl.com\/lt\/wp-json\/wp\/v2\/comments?post=31"}],"version-history":[{"count":0,"href":"https:\/\/rosanacl.com\/lt\/wp-json\/wp\/v2\/pages\/31\/revisions"}],"wp:attachment":[{"href":"https:\/\/rosanacl.com\/lt\/wp-json\/wp\/v2\/media?parent=31"}],"curies":[{"name":"wp","href":"https:\/\/api.w.org\/{rel}","templated":true}]}}