{"id":4000,"date":"2025-10-10T12:52:40","date_gmt":"2025-10-10T10:52:40","guid":{"rendered":"https:\/\/rosanacl.com\/?page_id=4000"},"modified":"2025-10-10T12:56:22","modified_gmt":"2025-10-10T10:56:22","slug":"comprar-sujetador-selene","status":"publish","type":"page","link":"https:\/\/rosanacl.com\/lt\/comprar-sujetador-selene\/","title":{"rendered":"Pirkite \u201eSelene\u201c liemen\u0117les"},"content":{"rendered":"<div data-elementor-type=\"wp-page\" data-elementor-id=\"4000\" class=\"elementor elementor-4000\" data-elementor-post-type=\"page\">\n\t\t\t\t<div class=\"elementor-element elementor-element-171998c7 e-flex e-con-boxed e-con e-parent\" data-id=\"171998c7\" data-element_type=\"container\" data-e-type=\"container\">\n\t\t\t\t\t<div class=\"e-con-inner\">\n\t\t\t\t<div class=\"elementor-element elementor-element-6575351f elementor-widget elementor-widget-text-editor\" data-id=\"6575351f\" data-element_type=\"widget\" data-e-type=\"widget\" data-widget_type=\"text-editor.default\">\n\t\t\t\t<div class=\"elementor-widget-container\">\n\t\t\t\t\t\t\t\t\t\n<p><\/p>\n\n\n\n<p><\/p>\n\t\t\t\t\t\t\t\t<\/div>\n\t\t\t\t<\/div>\n\t\t\t\t\t<\/div>\n\t\t\t\t<\/div>\n\t\t<div class=\"elementor-element elementor-element-cf7d341 e-flex e-con-boxed e-con e-parent\" data-id=\"cf7d341\" data-element_type=\"container\" data-e-type=\"container\">\n\t\t\t\t\t<div class=\"e-con-inner\">\n\t\t\t\t<div class=\"elementor-element elementor-element-1f1d080 elementor-widget elementor-widget-heading\" data-id=\"1f1d080\" data-element_type=\"widget\" data-e-type=\"widget\" data-widget_type=\"heading.default\">\n\t\t\t\t<div class=\"elementor-widget-container\">\n\t\t\t\t\t<h2 class=\"elementor-heading-title elementor-size-default\">Pirkite \u201eSelene\u201c liemen\u0117les<\/h2>\t\t\t\t<\/div>\n\t\t\t\t<\/div>\n\t\t\t\t\t<\/div>\n\t\t\t\t<\/div>\n\t\t<div class=\"elementor-element elementor-element-dc1921d e-flex e-con-boxed e-con e-parent\" data-id=\"dc1921d\" data-element_type=\"container\" data-e-type=\"container\">\n\t\t\t\t\t<div class=\"e-con-inner\">\n\t\t<div class=\"elementor-element elementor-element-d19616f e-con-full e-flex e-con e-child\" data-id=\"d19616f\" data-element_type=\"container\" data-e-type=\"container\">\n\t\t\t\t<div class=\"elementor-element elementor-element-7d9df57 elementor-widget elementor-widget-text-editor\" data-id=\"7d9df57\" data-element_type=\"widget\" data-e-type=\"widget\" data-widget_type=\"text-editor.default\">\n\t\t\t\t<div class=\"elementor-widget-container\">\n\t\t\t\t\t\t\t\t\t<h3 data-start=\"476\" data-end=\"552\"><strong data-start=\"480\" data-end=\"552\">Pirkite \u201eSelene\u201c liemen\u0117les: i\u0161manus pasirinkimas kiekvienai moteriai<\/strong><\/h3>\n<p data-start=\"554\" data-end=\"983\">Renkantis idealius apatinius, patogumas, kokyb\u0117 ir dizainas turi b\u016bti suderinti. \u0160tai kod\u0117l vis daugiau moter\u0173 renkasi... <strong data-start=\"699\" data-end=\"729\">Pirkite \u201eSelene\u201c liemen\u0117les<\/strong>, prek\u0117s \u017eenklas, pripa\u017eintas d\u0117l savo geb\u0117jimo kiekviename drabu\u017eyje suderinti atram\u0105, elegancij\u0105 ir patvarum\u0105. <strong data-start=\"835\" data-end=\"848\">Rosana CL<\/strong>rasite kruop\u0161\u010diai atrinkt\u0105 geriausi\u0173 prek\u0117s \u017eenklo modeli\u0173 pasirinkim\u0105, pritaikyt\u0105 visiems k\u016bno tipams ir gyvenimo b\u016bdams.<\/p>\n<p data-start=\"985\" data-end=\"1384\">Pirkti \u201eSelene\u201c liemen\u0117les rei\u0161kia rinktis prek\u0117s \u017eenkl\u0105, turint\u012f de\u0161imtme\u010di\u0173 patirt\u012f moteri\u0161k\u0173 apatini\u0173 dizaino srityje. J\u0173 liemen\u0117l\u0117s puikiai prisitaiko prie k\u016bno form\u0173, suteikdamos nat\u016brali\u0105 atram\u0105, kuri pary\u0161kina fig\u016br\u0105 nesukeldama diskomforto. Nesvarbu, ar tai b\u016bt\u0173 kasdienis d\u0117v\u0117jimas, sportavimas ar ypatingos progos, \u201eSelene\u201c si\u016blo modelius, kurie atitinka visus poreikius.<\/p>\n<p data-start=\"1386\" data-end=\"1633\">\u012e <strong data-start=\"1389\" data-end=\"1402\">Rosana CL<\/strong>Kiekvien\u0105 gamin\u012f atrenkame siekdami savo klientams pasi\u016blyti nepriekai\u0161ting\u0105 d\u0117v\u0117jimo patirt\u012f. Nes suprantame, kad liemen\u0117l\u0117 yra ne tik dar vienas drabu\u017eis: tai esminis geros savijautos ir asmeninio pasitik\u0117jimo savimi elementas.<\/p>\t\t\t\t\t\t\t\t<\/div>\n\t\t\t\t<\/div>\n\t\t\t\t<\/div>\n\t\t<div class=\"elementor-element elementor-element-5568f8b e-con-full e-flex e-con e-child\" data-id=\"5568f8b\" data-element_type=\"container\" data-e-type=\"container\">\n\t\t\t\t<div class=\"elementor-element elementor-element-980debe elementor-widget elementor-widget-image\" data-id=\"980debe\" data-element_type=\"widget\" data-e-type=\"widget\" data-widget_type=\"image.default\">\n\t\t\t\t<div class=\"elementor-widget-container\">\n\t\t\t\t\t\t\t\t\t\t\t\t\t\t\t<img fetchpriority=\"high\" decoding=\"async\" width=\"800\" height=\"566\" src=\"https:\/\/rosanacl.com\/wp-content\/uploads\/2025\/10\/sujetadores-selene-1-1024x724.jpg\" class=\"attachment-large size-large wp-image-3978\" alt=\"\" srcset=\"https:\/\/rosanacl.com\/wp-content\/uploads\/2025\/10\/sujetadores-selene-1-1024x724.jpg 1024w, https:\/\/rosanacl.com\/wp-content\/uploads\/2025\/10\/sujetadores-selene-1-300x212.jpg 300w, https:\/\/rosanacl.com\/wp-content\/uploads\/2025\/10\/sujetadores-selene-1-768x543.jpg 768w, https:\/\/rosanacl.com\/wp-content\/uploads\/2025\/10\/sujetadores-selene-1-1536x1086.jpg 1536w, https:\/\/rosanacl.com\/wp-content\/uploads\/2025\/10\/sujetadores-selene-1-18x12.jpg 18w, https:\/\/rosanacl.com\/wp-content\/uploads\/2025\/10\/sujetadores-selene-1-600x424.jpg 600w, https:\/\/rosanacl.com\/wp-content\/uploads\/2025\/10\/sujetadores-selene-1.jpg 2000w\" sizes=\"(max-width: 800px) 100vw, 800px\" \/>\t\t\t\t\t\t\t\t\t\t\t\t\t\t\t<\/div>\n\t\t\t\t<\/div>\n\t\t\t\t<\/div>\n\t\t\t\t\t<\/div>\n\t\t\t\t<\/div>\n\t\t<div class=\"elementor-element elementor-element-5e380fb e-flex e-con-boxed e-con e-parent\" data-id=\"5e380fb\" data-element_type=\"container\" data-e-type=\"container\">\n\t\t\t\t\t<div class=\"e-con-inner\">\n\t\t<div class=\"elementor-element elementor-element-a763375 e-con-full e-flex e-con e-child\" data-id=\"a763375\" data-element_type=\"container\" data-e-type=\"container\">\n\t\t\t\t<div class=\"elementor-element elementor-element-a8aecc4 elementor-widget elementor-widget-image\" data-id=\"a8aecc4\" data-element_type=\"widget\" data-e-type=\"widget\" data-widget_type=\"image.default\">\n\t\t\t\t<div class=\"elementor-widget-container\">\n\t\t\t\t\t\t\t\t\t\t\t\t\t\t\t<img decoding=\"async\" width=\"800\" height=\"566\" src=\"https:\/\/rosanacl.com\/wp-content\/uploads\/2025\/10\/comprar-sujetadores-online-1-1024x724.jpg\" class=\"attachment-large size-large wp-image-3976\" alt=\"\" srcset=\"https:\/\/rosanacl.com\/wp-content\/uploads\/2025\/10\/comprar-sujetadores-online-1-1024x724.jpg 1024w, https:\/\/rosanacl.com\/wp-content\/uploads\/2025\/10\/comprar-sujetadores-online-1-300x212.jpg 300w, https:\/\/rosanacl.com\/wp-content\/uploads\/2025\/10\/comprar-sujetadores-online-1-768x543.jpg 768w, https:\/\/rosanacl.com\/wp-content\/uploads\/2025\/10\/comprar-sujetadores-online-1-1536x1086.jpg 1536w, https:\/\/rosanacl.com\/wp-content\/uploads\/2025\/10\/comprar-sujetadores-online-1-18x12.jpg 18w, https:\/\/rosanacl.com\/wp-content\/uploads\/2025\/10\/comprar-sujetadores-online-1-600x424.jpg 600w, https:\/\/rosanacl.com\/wp-content\/uploads\/2025\/10\/comprar-sujetadores-online-1.jpg 2000w\" sizes=\"(max-width: 800px) 100vw, 800px\" \/>\t\t\t\t\t\t\t\t\t\t\t\t\t\t\t<\/div>\n\t\t\t\t<\/div>\n\t\t\t\t<\/div>\n\t\t<div class=\"elementor-element elementor-element-b02b1e9 e-con-full e-flex e-con e-child\" data-id=\"b02b1e9\" data-element_type=\"container\" data-e-type=\"container\">\n\t\t\t\t<div class=\"elementor-element elementor-element-f1ad30d elementor-widget elementor-widget-text-editor\" data-id=\"f1ad30d\" data-element_type=\"widget\" data-e-type=\"widget\" data-widget_type=\"text-editor.default\">\n\t\t\t\t<div class=\"elementor-widget-container\">\n\t\t\t\t\t\t\t\t\t<h3 data-start=\"1640\" data-end=\"1714\"><strong data-start=\"1644\" data-end=\"1714\">Pirkite \u201eSelene\u201c liemen\u0117les: kokyb\u0117, inovacijos ir nesenstantis dizainas<\/strong><\/h3>\n<p data-start=\"1716\" data-end=\"2137\">Viena i\u0161 prie\u017eas\u010di\u0173, kod\u0117l t\u016bkstan\u010diai moter\u0173 nusprend\u017eia <strong data-start=\"1772\" data-end=\"1802\">Pirkite \u201eSelene\u201c liemen\u0117les<\/strong> yra \u012fsipareigojimas tekstil\u0117s inovacijoms. Prek\u0117s \u017eenklas naudoja pa\u017eangiausias technines med\u017eiagas, tokias kaip kv\u0117puojantis mikropluo\u0161tas ir tampr\u016bs n\u0117riniai, kurios garantuoja komfort\u0105 ir ilgaam\u017ei\u0161kum\u0105 neprarandant stiliaus. Kiekvienas modelis yra tiksliai sukurtas taip, kad u\u017etikrint\u0173 anatomin\u012f prigludim\u0105, i\u0161vengiant nereikalingo spaudimo ar trinties.<\/p>\n<p data-start=\"2139\" data-end=\"2514\">The <strong data-start=\"2143\" data-end=\"2165\">Selene liemen\u0117l\u0117s<\/strong> Jos i\u0161siskiria savo patvarumu. Net ir po daugelio skalbim\u0173 i\u0161laiko savo form\u0105, elastingum\u0105 ir mink\u0161tum\u0105, tod\u0117l yra saugi investicija. Be to, platus modeli\u0173 pasirinkimas \u2013 su lankeliais ar be j\u0173, ma\u017einantys, sportiniai ar pamink\u0161tinti \u2013 leid\u017eia kiekvienai moteriai rasti tobul\u0105 liemen\u0117l\u0119 pagal savo skon\u012f ir poreikius.<\/p>\n<p data-start=\"2516\" data-end=\"2856\">Kitas skirtingas aspektas <strong data-start=\"2544\" data-end=\"2574\">Pirkite \u201eSelene\u201c liemen\u0117les<\/strong> Tai j\u0173 estetinis universalumas. Dizainuose derinamas elegancija ir funkcionalumas, n\u0117rini\u0173 detal\u0117s, subtilus permatomumas ir subtili apdaila, kurios pabr\u0117\u017eia moteri\u0161kum\u0105 neprarandant komforto. Tai drabu\u017eiai, kurie jau\u010diasi taip pat gerai, kaip ir atrodo, ir b\u016btent tai daro juos unikalius.<\/p>\n<p data-start=\"2858\" data-end=\"3059\">\u012e <strong data-start=\"2861\" data-end=\"2874\">Rosana CL<\/strong>Padedame jums rasti tobul\u0105 model\u012f, pateikdami i\u0161samius apra\u0161ymus, didel\u0117s rai\u0161kos nuotraukas ir tiksl\u0173 dyd\u017ei\u0173 vadov\u0105, kad kiekvien\u0105 kart\u0105 pirkdami gal\u0117tum\u0117te priimti teising\u0105 sprendim\u0105.<\/p>\t\t\t\t\t\t\t\t<\/div>\n\t\t\t\t<\/div>\n\t\t\t\t<\/div>\n\t\t\t\t\t<\/div>\n\t\t\t\t<\/div>\n\t\t<div class=\"elementor-element elementor-element-495e863 e-flex e-con-boxed e-con e-parent\" data-id=\"495e863\" data-element_type=\"container\" data-e-type=\"container\">\n\t\t\t\t\t<div class=\"e-con-inner\">\n\t\t\t\t<div class=\"elementor-element elementor-element-fe47ba3 elementor-widget elementor-widget-text-editor\" data-id=\"fe47ba3\" data-element_type=\"widget\" data-e-type=\"widget\" data-widget_type=\"text-editor.default\">\n\t\t\t\t<div class=\"elementor-widget-container\">\n\t\t\t\t\t\t\t\t\t<h3 data-start=\"3066\" data-end=\"3148\"><strong data-start=\"3070\" data-end=\"3148\">Pirkite \u201eSelene\u201c liemen\u0117les \u201eRosana CL\u201c parduotuv\u0117je: pasitik\u0117jimas, patarimai ir stilius<\/strong><\/h3>\n<p data-start=\"3150\" data-end=\"3509\">Pasirinkite, kur <strong data-start=\"3163\" data-end=\"3193\">Pirkite \u201eSelene\u201c liemen\u0117les<\/strong> yra taip pat svarbu, kaip ir tinkamo modelio pasirinkimas. <strong data-start=\"3248\" data-end=\"3261\">Rosana CL<\/strong>Mes tiesiogiai bendradarbiaujame su prek\u0117s \u017eenklu, kad gal\u0117tume pasi\u016blyti tik originalius, autenti\u0161kus ir auk\u0161\u010diausios kokyb\u0117s gaminius. Did\u017eiuojam\u0117s b\u016bdami moteri\u0161ko apatinio trikota\u017eo specialistais, suprantan\u010diais tikruosius kiekvienos moters poreikius.<\/p>\n<p data-start=\"3511\" data-end=\"3827\">M\u016bs\u0173 internetin\u0117 parduotuv\u0117 si\u016blo paprast\u0105, saugi\u0105 ir draugi\u0161k\u0105 apsipirkimo patirt\u012f. Taip pat teikiame individual\u0173 klient\u0173 aptarnavim\u0105, kuris gali pad\u0117ti i\u0161sirinkti kiekvieno modelio dyd\u017eius, stilius ir specifines savybes. \u017dinome, kad kiekvienas k\u016bnas yra skirtingas ir nusipelno tobulai tinkan\u010dios liemen\u0117l\u0117s.<\/p>\n<p data-start=\"3829\" data-end=\"4157\">\u012e <strong data-start=\"3832\" data-end=\"3845\">Rosana CL<\/strong>\u201eSelene\u201c liemen\u0117li\u0173 pirkimas \u2013 tai pasitik\u0117jimo savimi sinonimas. M\u016bs\u0173 kataloge rasite naujausias prek\u0117s \u017eenklo kolekcijas, kuriose rasite drabu\u017ei\u0173 kasdieniam d\u0117v\u0117jimui, ypatingoms progoms ir sportinei veiklai. Visi drabu\u017eiai sukurti taip, kad suteikt\u0173 atram\u0105, komfort\u0105 ir elegancijos prisilietim\u0105, kuris i\u0161skiria visus.<\/p>\t\t\t\t\t\t\t\t<\/div>\n\t\t\t\t<\/div>\n\t\t\t\t\t<\/div>\n\t\t\t\t<\/div>\n\t\t<div class=\"elementor-element elementor-element-d05ed3a e-flex e-con-boxed e-con e-parent\" data-id=\"d05ed3a\" data-element_type=\"container\" data-e-type=\"container\">\n\t\t\t\t\t<div class=\"e-con-inner\">\n\t\t\t\t<div class=\"elementor-element elementor-element-b883e86 elementor-widget elementor-widget-heading\" data-id=\"b883e86\" data-element_type=\"widget\" data-e-type=\"widget\" data-widget_type=\"heading.default\">\n\t\t\t\t<div class=\"elementor-widget-container\">\n\t\t\t\t\t<h2 class=\"elementor-heading-title elementor-size-default\">Susisiekite su mumis <\/h2>\t\t\t\t<\/div>\n\t\t\t\t<\/div>\n\t\t\t\t\t<\/div>\n\t\t\t\t<\/div>\n\t\t<div class=\"elementor-element elementor-element-00e20e2 e-flex e-con-boxed e-con e-parent\" data-id=\"00e20e2\" data-element_type=\"container\" data-e-type=\"container\">\n\t\t\t\t\t<div class=\"e-con-inner\">\n\t\t<div class=\"elementor-element elementor-element-8ad8f7b e-con-full e-flex e-con e-child\" data-id=\"8ad8f7b\" data-element_type=\"container\" data-e-type=\"container\">\n\t\t\t\t<div class=\"elementor-element elementor-element-888944a elementor-widget__width-initial elementor-widget elementor-widget-elementskit-contact-form7\" data-id=\"888944a\" data-element_type=\"widget\" data-e-type=\"widget\" data-widget_type=\"elementskit-contact-form7.default\">\n\t\t\t\t<div class=\"elementor-widget-container\">\n\t\t\t\t\t<div class=\"ekit-wid-con\" ><div class=\"ekit-form\">\n<div class=\"wpcf7 no-js\" id=\"wpcf7-f48-o1\" lang=\"es-ES\" dir=\"ltr\" data-wpcf7-id=\"48\">\n<div class=\"screen-reader-response\"><p role=\"status\" aria-live=\"polite\" aria-atomic=\"true\"><\/p> <ul><\/ul><\/div>\n<form action=\"\/eu\/wp-json\/wp\/v2\/pages\/4000#wpcf7-f48-o1\" method=\"post\" class=\"wpcf7-form init\" aria-label=\"Kontaktin\u0117 forma\" novalidate=\"novalidate\" data-status=\"init\" data-trp-original-action=\"\/eu\/wp-json\/wp\/v2\/pages\/4000#wpcf7-f48-o1\">\n<fieldset class=\"hidden-fields-container\"><input type=\"hidden\" name=\"_wpcf7\" value=\"48\" \/><input type=\"hidden\" name=\"_wpcf7_version\" value=\"6.1.5\" \/><input type=\"hidden\" name=\"_wpcf7_locale\" value=\"es_ES\" \/><input type=\"hidden\" name=\"_wpcf7_unit_tag\" value=\"wpcf7-f48-o1\" \/><input type=\"hidden\" name=\"_wpcf7_container_post\" value=\"0\" \/><input type=\"hidden\" name=\"_wpcf7_posted_data_hash\" value=\"\" \/><input type=\"hidden\" name=\"_wpcf7_recaptcha_response\" value=\"\" \/>\n<\/fieldset>\n<div class=\"form-row\">\n\t<div class=\"form-column\">\n\t\t<p><span class=\"wpcf7-form-control-wrap\" data-name=\"nombre\"><input size=\"40\" maxlength=\"400\" class=\"wpcf7-form-control wpcf7-text wpcf7-validates-as-required\" aria-required=\"true\" aria-invalid=\"false\" placeholder=\"Vardas\" value=\"\" type=\"text\" name=\"nombre\" \/><\/span>\n\t\t<\/p>\n\t<\/div>\n\t<div class=\"form-column\">\n\t\t<p><span class=\"wpcf7-form-control-wrap\" data-name=\"telefono\"><input size=\"40\" maxlength=\"400\" class=\"wpcf7-form-control wpcf7-tel wpcf7-validates-as-required wpcf7-text wpcf7-validates-as-tel\" aria-required=\"true\" aria-invalid=\"false\" placeholder=\"Telefonas *\" value=\"\" type=\"tel\" name=\"telefono\" \/><\/span>\n\t\t<\/p>\n\t<\/div>\n<\/div>\n<div class=\"form-row\">\n\t<div class=\"form-column\">\n\t\t<p><span class=\"wpcf7-form-control-wrap\" data-name=\"email\"><input size=\"40\" maxlength=\"400\" class=\"wpcf7-form-control wpcf7-email wpcf7-validates-as-required wpcf7-text wpcf7-validates-as-email\" aria-required=\"true\" aria-invalid=\"false\" placeholder=\"El. pa\u0161tas *\" value=\"\" type=\"email\" name=\"email\" \/><\/span>\n\t\t<\/p>\n\t<\/div>\n\t<div class=\"form-column\">\n\t\t<p><span class=\"wpcf7-form-control-wrap\" data-name=\"asunto\"><input size=\"40\" maxlength=\"400\" class=\"wpcf7-form-control wpcf7-text wpcf7-validates-as-required\" aria-required=\"true\" aria-invalid=\"false\" placeholder=\"Reikalas *\" value=\"\" type=\"text\" name=\"asunto\" \/><\/span>\n\t\t<\/p>\n\t<\/div>\n<\/div>\n<p><span class=\"wpcf7-form-control-wrap\" data-name=\"mensaje\"><textarea cols=\"40\" rows=\"10\" maxlength=\"2000\" class=\"wpcf7-form-control wpcf7-textarea wpcf7-validates-as-required\" aria-required=\"true\" aria-invalid=\"false\" placeholder=\"\u017dinut\u0117\" name=\"mensaje\"><\/textarea><\/span>\n<\/p>\n<p class=\"legal-priv\"><span class=\"wpcf7-form-control-wrap\" data-name=\"acceptance-787\"><span class=\"wpcf7-form-control wpcf7-acceptance\"><span class=\"wpcf7-list-item\"><label><input type=\"checkbox\" name=\"acceptance-787\" value=\"1\" aria-invalid=\"false\" \/><span class=\"wpcf7-list-item-label\">Perskai\u010diau ir sutinku su <a href=\"https:\/\/rosanacl.com\/lt\/politica-de-privacidad\/\">Privatumo politika<\/a><\/span><\/label><\/span><\/span><\/span>\n<\/p>\n<p><input class=\"wpcf7-form-control wpcf7-submit has-spinner\" type=\"submit\" value=\"SI\u0172STI PRANE\u0160IM\u0104\" \/>\n<\/p><div class=\"wpcf7-response-output\" aria-hidden=\"true\"><\/div>\n<input type=\"hidden\" name=\"trp-form-language\" value=\"lt\"\/><\/form>\n<\/div>\n<\/div><\/div>\t\t\t\t<\/div>\n\t\t\t\t<\/div>\n\t\t\t\t<\/div>\n\t\t\t\t\t<\/div>\n\t\t\t\t<\/div>\n\t\t\t\t<\/div>","protected":false},"excerpt":{"rendered":"<p>Comprar sujetadores Selene Comprar sujetadores Selene: una elecci\u00f3n inteligente para cada mujer Cuando se trata de elegir la ropa interior ideal, la comodidad, la calidad y el dise\u00f1o deben ir de la mano. Por eso, cada vez m\u00e1s mujeres eligen comprar sujetadores Selene, una marca reconocida por su capacidad para combinar soporte, elegancia y durabilidad [&hellip;]<\/p>\n","protected":false},"author":1,"featured_media":0,"parent":0,"menu_order":0,"comment_status":"closed","ping_status":"closed","template":"","meta":{"content-type":"","footnotes":""},"class_list":["post-4000","page","type-page","status-publish","hentry"],"yoast_head":"<!-- This site is optimized with the Yoast SEO plugin v27.4 - https:\/\/yoast.com\/product\/yoast-seo-wordpress\/ -->\n<title>Comprar sujetadores Selene - Rosana CL<\/title>\n<meta name=\"robots\" content=\"index, follow, max-snippet:-1, max-image-preview:large, max-video-preview:-1\" \/>\n<link rel=\"canonical\" href=\"https:\/\/rosanacl.com\/lt\/comprar-sujetador-selene\/\" \/>\n<meta property=\"og:locale\" content=\"lt_LT\" \/>\n<meta property=\"og:type\" content=\"article\" \/>\n<meta property=\"og:title\" content=\"Comprar sujetadores Selene - Rosana CL\" \/>\n<meta property=\"og:description\" content=\"Comprar sujetadores Selene Comprar sujetadores Selene: una elecci\u00f3n inteligente para cada mujer Cuando se trata de elegir la ropa interior ideal, la comodidad, la calidad y el dise\u00f1o deben ir de la mano. Por eso, cada vez m\u00e1s mujeres eligen comprar sujetadores Selene, una marca reconocida por su capacidad para combinar soporte, elegancia y durabilidad [&hellip;]\" \/>\n<meta property=\"og:url\" content=\"https:\/\/rosanacl.com\/lt\/comprar-sujetador-selene\/\" \/>\n<meta property=\"og:site_name\" content=\"Rosana CL\" \/>\n<meta property=\"article:modified_time\" content=\"2025-10-10T10:56:22+00:00\" \/>\n<meta property=\"og:image\" content=\"https:\/\/rosanacl.com\/wp-content\/uploads\/2025\/10\/sujetadores-selene-1.jpg\" \/>\n\t<meta property=\"og:image:width\" content=\"2000\" \/>\n\t<meta property=\"og:image:height\" content=\"1414\" \/>\n\t<meta property=\"og:image:type\" content=\"image\/jpeg\" \/>\n<meta name=\"twitter:card\" content=\"summary_large_image\" \/>\n<meta name=\"twitter:label1\" content=\"Est. reading time\" \/>\n\t<meta name=\"twitter:data1\" content=\"3 minut\u0117s\" \/>\n<script type=\"application\/ld+json\" class=\"yoast-schema-graph\">{\"@context\":\"https:\\\/\\\/schema.org\",\"@graph\":[{\"@type\":\"WebPage\",\"@id\":\"https:\\\/\\\/rosanacl.com\\\/comprar-sujetador-selene\\\/\",\"url\":\"https:\\\/\\\/rosanacl.com\\\/comprar-sujetador-selene\\\/\",\"name\":\"Comprar sujetadores Selene - Rosana CL\",\"isPartOf\":{\"@id\":\"https:\\\/\\\/rosanacl.com\\\/ca\\\/#website\"},\"primaryImageOfPage\":{\"@id\":\"https:\\\/\\\/rosanacl.com\\\/comprar-sujetador-selene\\\/#primaryimage\"},\"image\":{\"@id\":\"https:\\\/\\\/rosanacl.com\\\/comprar-sujetador-selene\\\/#primaryimage\"},\"thumbnailUrl\":\"https:\\\/\\\/rosanacl.com\\\/wp-content\\\/uploads\\\/2025\\\/10\\\/sujetadores-selene-1-1024x724.jpg\",\"datePublished\":\"2025-10-10T10:52:40+00:00\",\"dateModified\":\"2025-10-10T10:56:22+00:00\",\"breadcrumb\":{\"@id\":\"https:\\\/\\\/rosanacl.com\\\/comprar-sujetador-selene\\\/#breadcrumb\"},\"inLanguage\":\"lt-LT\",\"potentialAction\":[{\"@type\":\"ReadAction\",\"target\":[\"https:\\\/\\\/rosanacl.com\\\/comprar-sujetador-selene\\\/\"]}]},{\"@type\":\"ImageObject\",\"inLanguage\":\"lt-LT\",\"@id\":\"https:\\\/\\\/rosanacl.com\\\/comprar-sujetador-selene\\\/#primaryimage\",\"url\":\"https:\\\/\\\/rosanacl.com\\\/wp-content\\\/uploads\\\/2025\\\/10\\\/sujetadores-selene-1-1024x724.jpg\",\"contentUrl\":\"https:\\\/\\\/rosanacl.com\\\/wp-content\\\/uploads\\\/2025\\\/10\\\/sujetadores-selene-1-1024x724.jpg\"},{\"@type\":\"BreadcrumbList\",\"@id\":\"https:\\\/\\\/rosanacl.com\\\/comprar-sujetador-selene\\\/#breadcrumb\",\"itemListElement\":[{\"@type\":\"ListItem\",\"position\":1,\"name\":\"Portada\",\"item\":\"https:\\\/\\\/rosanacl.com\\\/ca\\\/\"},{\"@type\":\"ListItem\",\"position\":2,\"name\":\"Comprar sujetadores Selene\"}]},{\"@type\":\"WebSite\",\"@id\":\"https:\\\/\\\/rosanacl.com\\\/ca\\\/#website\",\"url\":\"https:\\\/\\\/rosanacl.com\\\/ca\\\/\",\"name\":\"Rosana CL\",\"description\":\"Somos tu interior\",\"potentialAction\":[{\"@type\":\"SearchAction\",\"target\":{\"@type\":\"EntryPoint\",\"urlTemplate\":\"https:\\\/\\\/rosanacl.com\\\/ca\\\/?s={search_term_string}\"},\"query-input\":{\"@type\":\"PropertyValueSpecification\",\"valueRequired\":true,\"valueName\":\"search_term_string\"}}],\"inLanguage\":\"lt-LT\"}]}<\/script>\n<!-- \/ Yoast SEO plugin. -->","yoast_head_json":{"title":"Comprar sujetadores Selene - Rosana CL","robots":{"index":"index","follow":"follow","max-snippet":"max-snippet:-1","max-image-preview":"max-image-preview:large","max-video-preview":"max-video-preview:-1"},"canonical":"https:\/\/rosanacl.com\/lt\/comprar-sujetador-selene\/","og_locale":"lt_LT","og_type":"article","og_title":"Comprar sujetadores Selene - Rosana CL","og_description":"Comprar sujetadores Selene Comprar sujetadores Selene: una elecci\u00f3n inteligente para cada mujer Cuando se trata de elegir la ropa interior ideal, la comodidad, la calidad y el dise\u00f1o deben ir de la mano. Por eso, cada vez m\u00e1s mujeres eligen comprar sujetadores Selene, una marca reconocida por su capacidad para combinar soporte, elegancia y durabilidad [&hellip;]","og_url":"https:\/\/rosanacl.com\/lt\/comprar-sujetador-selene\/","og_site_name":"Rosana CL","article_modified_time":"2025-10-10T10:56:22+00:00","og_image":[{"width":2000,"height":1414,"url":"https:\/\/rosanacl.com\/wp-content\/uploads\/2025\/10\/sujetadores-selene-1.jpg","type":"image\/jpeg"}],"twitter_card":"summary_large_image","twitter_misc":{"Est. reading time":"3 minut\u0117s"},"schema":{"@context":"https:\/\/schema.org","@graph":[{"@type":"WebPage","@id":"https:\/\/rosanacl.com\/comprar-sujetador-selene\/","url":"https:\/\/rosanacl.com\/comprar-sujetador-selene\/","name":"Comprar sujetadores Selene - Rosana CL","isPartOf":{"@id":"https:\/\/rosanacl.com\/ca\/#website"},"primaryImageOfPage":{"@id":"https:\/\/rosanacl.com\/comprar-sujetador-selene\/#primaryimage"},"image":{"@id":"https:\/\/rosanacl.com\/comprar-sujetador-selene\/#primaryimage"},"thumbnailUrl":"https:\/\/rosanacl.com\/wp-content\/uploads\/2025\/10\/sujetadores-selene-1-1024x724.jpg","datePublished":"2025-10-10T10:52:40+00:00","dateModified":"2025-10-10T10:56:22+00:00","breadcrumb":{"@id":"https:\/\/rosanacl.com\/comprar-sujetador-selene\/#breadcrumb"},"inLanguage":"lt-LT","potentialAction":[{"@type":"ReadAction","target":["https:\/\/rosanacl.com\/comprar-sujetador-selene\/"]}]},{"@type":"ImageObject","inLanguage":"lt-LT","@id":"https:\/\/rosanacl.com\/comprar-sujetador-selene\/#primaryimage","url":"https:\/\/rosanacl.com\/wp-content\/uploads\/2025\/10\/sujetadores-selene-1-1024x724.jpg","contentUrl":"https:\/\/rosanacl.com\/wp-content\/uploads\/2025\/10\/sujetadores-selene-1-1024x724.jpg"},{"@type":"BreadcrumbList","@id":"https:\/\/rosanacl.com\/comprar-sujetador-selene\/#breadcrumb","itemListElement":[{"@type":"ListItem","position":1,"name":"Portada","item":"https:\/\/rosanacl.com\/ca\/"},{"@type":"ListItem","position":2,"name":"Comprar sujetadores Selene"}]},{"@type":"WebSite","@id":"https:\/\/rosanacl.com\/ca\/#website","url":"https:\/\/rosanacl.com\/ca\/","name":"Rosana CL","description":"Mes esame j\u016bs\u0173 interjeras","potentialAction":[{"@type":"SearchAction","target":{"@type":"EntryPoint","urlTemplate":"https:\/\/rosanacl.com\/ca\/?s={search_term_string}"},"query-input":{"@type":"PropertyValueSpecification","valueRequired":true,"valueName":"search_term_string"}}],"inLanguage":"lt-LT"}]}},"_links":{"self":[{"href":"https:\/\/rosanacl.com\/lt\/wp-json\/wp\/v2\/pages\/4000","targetHints":{"allow":["GET"]}}],"collection":[{"href":"https:\/\/rosanacl.com\/lt\/wp-json\/wp\/v2\/pages"}],"about":[{"href":"https:\/\/rosanacl.com\/lt\/wp-json\/wp\/v2\/types\/page"}],"author":[{"embeddable":true,"href":"https:\/\/rosanacl.com\/lt\/wp-json\/wp\/v2\/users\/1"}],"replies":[{"embeddable":true,"href":"https:\/\/rosanacl.com\/lt\/wp-json\/wp\/v2\/comments?post=4000"}],"version-history":[{"count":0,"href":"https:\/\/rosanacl.com\/lt\/wp-json\/wp\/v2\/pages\/4000\/revisions"}],"wp:attachment":[{"href":"https:\/\/rosanacl.com\/lt\/wp-json\/wp\/v2\/media?parent=4000"}],"curies":[{"name":"wp","href":"https:\/\/api.w.org\/{rel}","templated":true}]}}