{"id":62,"date":"2025-04-24T16:44:06","date_gmt":"2025-04-24T14:44:06","guid":{"rendered":"https:\/\/rosanacl.com\/?page_id=62"},"modified":"2025-09-12T11:40:29","modified_gmt":"2025-09-12T09:40:29","slug":"nosotros","status":"publish","type":"page","link":"https:\/\/rosanacl.com\/lt\/nosotros\/","title":{"rendered":"Mus"},"content":{"rendered":"<div data-elementor-type=\"wp-page\" data-elementor-id=\"62\" class=\"elementor elementor-62\" data-elementor-post-type=\"page\">\n\t\t\t\t<div class=\"elementor-element elementor-element-29758df e-flex e-con-boxed e-con e-parent\" data-id=\"29758df\" data-element_type=\"container\" data-e-type=\"container\" data-settings=\"{&quot;background_background&quot;:&quot;classic&quot;}\">\n\t\t\t\t\t<div class=\"e-con-inner\">\n\t\t<div class=\"elementor-element elementor-element-7331001 e-con-full e-flex e-con e-child\" data-id=\"7331001\" data-element_type=\"container\" data-e-type=\"container\">\n\t\t\t\t<div class=\"elementor-element elementor-element-3ad39ec elementor-widget elementor-widget-heading\" data-id=\"3ad39ec\" data-element_type=\"widget\" data-e-type=\"widget\" data-widget_type=\"heading.default\">\n\t\t\t\t<div class=\"elementor-widget-container\">\n\t\t\t\t\t<h2 class=\"elementor-heading-title elementor-size-default\">Mus<\/h2>\t\t\t\t<\/div>\n\t\t\t\t<\/div>\n\t\t\t\t<\/div>\n\t\t\t\t\t<\/div>\n\t\t\t\t<\/div>\n\t\t<div class=\"elementor-element elementor-element-2076fcf e-flex e-con-boxed e-con e-parent\" data-id=\"2076fcf\" data-element_type=\"container\" data-e-type=\"container\">\n\t\t\t\t\t<div class=\"e-con-inner\">\n\t\t<div class=\"elementor-element elementor-element-98294d9 e-con-full e-flex e-con e-child\" data-id=\"98294d9\" data-element_type=\"container\" data-e-type=\"container\">\n\t\t\t\t<div class=\"elementor-element elementor-element-5a86561 elementor-widget elementor-widget-heading\" data-id=\"5a86561\" data-element_type=\"widget\" data-e-type=\"widget\" data-widget_type=\"heading.default\">\n\t\t\t\t<div class=\"elementor-widget-container\">\n\t\t\t\t\t<h2 class=\"elementor-heading-title elementor-size-default\">Daugiau nei 40 met\u0173 patirtis J\u016bs\u0173 komfortui ir stiliui<\/h2>\t\t\t\t<\/div>\n\t\t\t\t<\/div>\n\t\t\t\t<div class=\"elementor-element elementor-element-ab6a0aa elementor-widget elementor-widget-text-editor\" data-id=\"ab6a0aa\" data-element_type=\"widget\" data-e-type=\"widget\" data-widget_type=\"text-editor.default\">\n\t\t\t\t<div class=\"elementor-widget-container\">\n\t\t\t\t\t\t\t\t\t<p>\u201eRosana CL\u201c specializuojam\u0117s apatinio trikota\u017eo ir korset\u0173 srityje, daugiau nei keturis de\u0161imtme\u010dius teikiame pagalb\u0105 moterims kiekviename j\u0173 gyvenimo etape.<br \/>M\u016bs\u0173 aistra si\u016blyti kokybi\u0161kus produktus, skirtus moter\u0173 gerovei ir gro\u017eiui, \u012ftvirtino m\u016bs\u0173, kaip patikimo lyderio, pozicijas \u0161ioje pramon\u0117s \u0161akoje.<br \/>Mes bendradarbiaujame i\u0161skirtinai su \u201eSelene\u201c \u2013 vienu presti\u017ei\u0161kiausi\u0173 nacionalini\u0173 prek\u0117s \u017eenkl\u0173, kruop\u0161\u010diai atrinkdami kiekvien\u0105 drabu\u017e\u012f, kad gal\u0117tume pasi\u016blyti Jums liemen\u0117les, kelnaites ir bod\u017eius, kurie derina dizain\u0105, inovacijas ir patogum\u0105.<br \/>Mes tikime, kad apatiniai drabu\u017eiai yra daug daugiau nei b\u016btinyb\u0117: tai b\u016bdas pasir\u016bpinti savimi, jaustis u\u017etikrintai ir i\u0161reik\u0161ti savo asmenyb\u0119 i\u0161 vidaus.<br \/>A\u010di\u016b, kad pasitikite mumis. Esate geriausiose rankose.<\/p>\t\t\t\t\t\t\t\t<\/div>\n\t\t\t\t<\/div>\n\t\t\t\t<div class=\"elementor-element elementor-element-bba4d8e elementor-widget elementor-widget-heading\" data-id=\"bba4d8e\" data-element_type=\"widget\" data-e-type=\"widget\" data-widget_type=\"heading.default\">\n\t\t\t\t<div class=\"elementor-widget-container\">\n\t\t\t\t\t<h2 class=\"elementor-heading-title elementor-size-default\">Esame \u012fsipareigoj\u0119 kokybei ir vietinei gamybai\n<\/h2>\t\t\t\t<\/div>\n\t\t\t\t<\/div>\n\t\t\t\t<div class=\"elementor-element elementor-element-943d507 elementor-widget elementor-widget-text-editor\" data-id=\"943d507\" data-element_type=\"widget\" data-e-type=\"widget\" data-widget_type=\"text-editor.default\">\n\t\t\t\t<div class=\"elementor-widget-container\">\n\t\t\t\t\t\t\t\t\t<p>To, kas gerai padaryta, esm\u0117<br \/>\u201eRosana CL\u201c tvirtai tikime, kad kokyb\u0117 yra visko, k\u0105 darome, pagrindas. Tod\u0117l bendradarbiaujame i\u0161skirtinai su \u201eSelene\u201c \u2013 prek\u0117s \u017eenklu, kuris kuria ir gamina Ispanijoje, r\u016bpindamasis kiekviena detale, kad pasi\u016blyt\u0173 drabu\u017eius, kurie derina patvarum\u0105, patogum\u0105 ir gro\u017e\u012f.<br \/>Kiekviena liemen\u0117l\u0117, kelnait\u0117s ar bodis atspindi de\u0161imtme\u010dius kaupt\u0105 tekstil\u0117s patirt\u012f, parenkant auk\u0161tos kokyb\u0117s med\u017eiagas ir laikantis auk\u0161\u010diausi\u0173 gamybos standart\u0173.<br \/>\u201eSelene\u201c pirkimas rei\u0161kia investicij\u0105 \u012f meistri\u0161kum\u0105, suman\u0173 dizain\u0105 ir \u012fsipareigojim\u0105 siekti nacionalinio meistri\u0161kumo.<\/p>\t\t\t\t\t\t\t\t<\/div>\n\t\t\t\t<\/div>\n\t\t\t\t<\/div>\n\t\t<div class=\"elementor-element elementor-element-957adc5 e-con-full e-flex e-con e-child\" data-id=\"957adc5\" data-element_type=\"container\" data-e-type=\"container\" data-settings=\"{&quot;background_background&quot;:&quot;classic&quot;}\">\n\t\t\t\t<\/div>\n\t\t\t\t\t<\/div>\n\t\t\t\t<\/div>\n\t\t<div class=\"elementor-element elementor-element-d3a40cb e-flex e-con-boxed e-con e-parent\" data-id=\"d3a40cb\" data-element_type=\"container\" data-e-type=\"container\" data-settings=\"{&quot;background_background&quot;:&quot;classic&quot;}\">\n\t\t\t\t\t<div class=\"e-con-inner\">\n\t\t<div class=\"elementor-element elementor-element-f129f21 e-con-full e-flex e-con e-child\" data-id=\"f129f21\" data-element_type=\"container\" data-e-type=\"container\">\n\t\t\t\t<div class=\"elementor-element elementor-element-b7030d2 elementor-widget elementor-widget-heading\" data-id=\"b7030d2\" data-element_type=\"widget\" data-e-type=\"widget\" data-widget_type=\"heading.default\">\n\t\t\t\t<div class=\"elementor-widget-container\">\n\t\t\t\t\t<h2 class=\"elementor-heading-title elementor-size-default\">Pasipuo\u0161kite savo dien\u0105 eleganti\u0161kai ir patogiai\n<\/h2>\t\t\t\t<\/div>\n\t\t\t\t<\/div>\n\t\t\t\t<div class=\"elementor-element elementor-element-8e5ebf9 elementor-widget elementor-widget-text-editor\" data-id=\"8e5ebf9\" data-element_type=\"widget\" data-e-type=\"widget\" data-widget_type=\"text-editor.default\">\n\t\t\t\t<div class=\"elementor-widget-container\">\n\t\t\t\t\t\t\t\t\t<p>\u201eRosana CL\u201c kiekvienas drabu\u017eis yra sukurtas taip, kad i\u0161ry\u0161kint\u0173 j\u016bs\u0173 nat\u016bral\u0173 gro\u017e\u012f ir stilingai lyd\u0117t\u0173 jus kiekvien\u0105 akimirk\u0105. Atraskite m\u016bs\u0173 \u201eSelene\u201c apatinio trikota\u017eo pasirinkim\u0105 ir pajuskite skirtum\u0105 kiekvienoje detal\u0117je.<\/p>\t\t\t\t\t\t\t\t<\/div>\n\t\t\t\t<\/div>\n\t\t\t\t<div class=\"elementor-element elementor-element-bfb4b50 elementor-mobile-align-center elementor-widget elementor-widget-button\" data-id=\"bfb4b50\" data-element_type=\"widget\" data-e-type=\"widget\" data-widget_type=\"button.default\">\n\t\t\t\t<div class=\"elementor-widget-container\">\n\t\t\t\t\t\t\t\t\t<div class=\"elementor-button-wrapper\">\n\t\t\t\t\t<a class=\"elementor-button elementor-button-link elementor-size-sm elementor-animation-grow\" href=\"https:\/\/rosanacl.com\/lt\/tienda\/\">\n\t\t\t\t\t\t<span class=\"elementor-button-content-wrapper\">\n\t\t\t\t\t\t<span class=\"elementor-button-icon\">\n\t\t\t\t<svg aria-hidden=\"true\" class=\"e-font-icon-svg e-fas-shopping-bag\" viewbox=\"0 0 448 512\" xmlns=\"http:\/\/www.w3.org\/2000\/svg\"><path d=\"M352 160v-32C352 57.42 294.579 0 224 0 153.42 0 96 57.42 96 128v32H0v272c0 44.183 35.817 80 80 80h288c44.183 0 80-35.817 80-80V160h-96zm-192-32c0-35.29 28.71-64 64-64s64 28.71 64 64v32H160v-32zm160 120c-13.255 0-24-10.745-24-24s10.745-24 24-24 24 10.745 24 24-10.745 24-24 24zm-192 0c-13.255 0-24-10.745-24-24s10.745-24 24-24 24 10.745 24 24-10.745 24-24 24z\"><\/path><\/svg>\t\t\t<\/span>\n\t\t\t\t\t\t\t\t\t<span class=\"elementor-button-text\">Eikite \u012f parduotuv\u0119<\/span>\n\t\t\t\t\t<\/span>\n\t\t\t\t\t<\/a>\n\t\t\t\t<\/div>\n\t\t\t\t\t\t\t\t<\/div>\n\t\t\t\t<\/div>\n\t\t\t\t<\/div>\n\t\t<div class=\"elementor-element elementor-element-efc66db e-con-full e-flex e-con e-child\" data-id=\"efc66db\" data-element_type=\"container\" data-e-type=\"container\">\n\t\t\t\t<div class=\"elementor-element elementor-element-d227750 elementor-widget elementor-widget-image\" data-id=\"d227750\" data-element_type=\"widget\" data-e-type=\"widget\" data-widget_type=\"image.default\">\n\t\t\t\t<div class=\"elementor-widget-container\">\n\t\t\t\t\t\t\t\t\t\t\t\t\t\t\t<img fetchpriority=\"high\" decoding=\"async\" width=\"663\" height=\"750\" src=\"https:\/\/rosanacl.com\/wp-content\/uploads\/2025\/05\/mujer-905x1024.webp\" class=\"attachment-large size-large wp-image-1519\" alt=\"\" srcset=\"https:\/\/rosanacl.com\/wp-content\/uploads\/2025\/05\/mujer-905x1024.webp 905w, https:\/\/rosanacl.com\/wp-content\/uploads\/2025\/05\/mujer-11x12.webp 11w, https:\/\/rosanacl.com\/wp-content\/uploads\/2025\/05\/mujer-265x300.webp 265w, https:\/\/rosanacl.com\/wp-content\/uploads\/2025\/05\/mujer-768x869.webp 768w, https:\/\/rosanacl.com\/wp-content\/uploads\/2025\/05\/mujer-600x679.webp 600w, https:\/\/rosanacl.com\/wp-content\/uploads\/2025\/05\/mujer.webp 955w\" sizes=\"(max-width: 663px) 100vw, 663px\" \/>\t\t\t\t\t\t\t\t\t\t\t\t\t\t\t<\/div>\n\t\t\t\t<\/div>\n\t\t\t\t<\/div>\n\t\t\t\t\t<\/div>\n\t\t\t\t<\/div>\n\t\t\t\t<\/div>","protected":false},"excerpt":{"rendered":"<p>M\u00e1s de 40 a\u00f1os de experiencia al servicio de tu comodidad y estilo En Rosana CL somos especialistas en lencer\u00eda y corseter\u00eda, con una trayectoria de m\u00e1s de cuatro d\u00e9cadas acompa\u00f1ando a mujeres en cada etapa de su vida.Nuestra pasi\u00f3n por ofrecer productos de calidad, pensados para el bienestar y la belleza femenina, nos ha [&hellip;]<\/p>\n","protected":false},"author":1,"featured_media":0,"parent":0,"menu_order":0,"comment_status":"closed","ping_status":"closed","template":"","meta":{"content-type":"","footnotes":""},"class_list":["post-62","page","type-page","status-publish","hentry"],"yoast_head":"<!-- This site is optimized with the Yoast SEO plugin v27.4 - https:\/\/yoast.com\/product\/yoast-seo-wordpress\/ -->\n<title>Nosotros - Rosana CL<\/title>\n<meta name=\"robots\" content=\"index, follow, max-snippet:-1, max-image-preview:large, max-video-preview:-1\" \/>\n<link rel=\"canonical\" href=\"https:\/\/rosanacl.com\/lt\/nosotros\/\" \/>\n<meta property=\"og:locale\" content=\"lt_LT\" \/>\n<meta property=\"og:type\" content=\"article\" \/>\n<meta property=\"og:title\" content=\"Nosotros - Rosana CL\" \/>\n<meta property=\"og:description\" content=\"M\u00e1s de 40 a\u00f1os de experiencia al servicio de tu comodidad y estilo En Rosana CL somos especialistas en lencer\u00eda y corseter\u00eda, con una trayectoria de m\u00e1s de cuatro d\u00e9cadas acompa\u00f1ando a mujeres en cada etapa de su vida.Nuestra pasi\u00f3n por ofrecer productos de calidad, pensados para el bienestar y la belleza femenina, nos ha [&hellip;]\" \/>\n<meta property=\"og:url\" content=\"https:\/\/rosanacl.com\/lt\/nosotros\/\" \/>\n<meta property=\"og:site_name\" content=\"Rosana CL\" \/>\n<meta property=\"article:modified_time\" content=\"2025-09-12T09:40:29+00:00\" \/>\n<meta property=\"og:image\" content=\"https:\/\/rosanacl.com\/wp-content\/uploads\/2025\/05\/mujer.webp\" \/>\n\t<meta property=\"og:image:width\" content=\"955\" \/>\n\t<meta property=\"og:image:height\" content=\"1080\" \/>\n\t<meta property=\"og:image:type\" content=\"image\/webp\" \/>\n<meta name=\"twitter:card\" content=\"summary_large_image\" \/>\n<meta name=\"twitter:label1\" content=\"Est. reading time\" \/>\n\t<meta name=\"twitter:data1\" content=\"1 minut\u0117\" \/>\n<script type=\"application\/ld+json\" class=\"yoast-schema-graph\">{\"@context\":\"https:\\\/\\\/schema.org\",\"@graph\":[{\"@type\":\"WebPage\",\"@id\":\"https:\\\/\\\/rosanacl.com\\\/nosotros\\\/\",\"url\":\"https:\\\/\\\/rosanacl.com\\\/nosotros\\\/\",\"name\":\"Nosotros - Rosana CL\",\"isPartOf\":{\"@id\":\"https:\\\/\\\/rosanacl.com\\\/ca\\\/#website\"},\"primaryImageOfPage\":{\"@id\":\"https:\\\/\\\/rosanacl.com\\\/nosotros\\\/#primaryimage\"},\"image\":{\"@id\":\"https:\\\/\\\/rosanacl.com\\\/nosotros\\\/#primaryimage\"},\"thumbnailUrl\":\"https:\\\/\\\/rosanacl.com\\\/wp-content\\\/uploads\\\/2025\\\/05\\\/mujer-905x1024.webp\",\"datePublished\":\"2025-04-24T14:44:06+00:00\",\"dateModified\":\"2025-09-12T09:40:29+00:00\",\"breadcrumb\":{\"@id\":\"https:\\\/\\\/rosanacl.com\\\/nosotros\\\/#breadcrumb\"},\"inLanguage\":\"lt-LT\",\"potentialAction\":[{\"@type\":\"ReadAction\",\"target\":[\"https:\\\/\\\/rosanacl.com\\\/nosotros\\\/\"]}]},{\"@type\":\"ImageObject\",\"inLanguage\":\"lt-LT\",\"@id\":\"https:\\\/\\\/rosanacl.com\\\/nosotros\\\/#primaryimage\",\"url\":\"https:\\\/\\\/rosanacl.com\\\/wp-content\\\/uploads\\\/2025\\\/05\\\/mujer-905x1024.webp\",\"contentUrl\":\"https:\\\/\\\/rosanacl.com\\\/wp-content\\\/uploads\\\/2025\\\/05\\\/mujer-905x1024.webp\"},{\"@type\":\"BreadcrumbList\",\"@id\":\"https:\\\/\\\/rosanacl.com\\\/nosotros\\\/#breadcrumb\",\"itemListElement\":[{\"@type\":\"ListItem\",\"position\":1,\"name\":\"Portada\",\"item\":\"https:\\\/\\\/rosanacl.com\\\/ca\\\/\"},{\"@type\":\"ListItem\",\"position\":2,\"name\":\"Nosotros\"}]},{\"@type\":\"WebSite\",\"@id\":\"https:\\\/\\\/rosanacl.com\\\/ca\\\/#website\",\"url\":\"https:\\\/\\\/rosanacl.com\\\/ca\\\/\",\"name\":\"Rosana CL\",\"description\":\"Somos tu interior\",\"potentialAction\":[{\"@type\":\"SearchAction\",\"target\":{\"@type\":\"EntryPoint\",\"urlTemplate\":\"https:\\\/\\\/rosanacl.com\\\/ca\\\/?s={search_term_string}\"},\"query-input\":{\"@type\":\"PropertyValueSpecification\",\"valueRequired\":true,\"valueName\":\"search_term_string\"}}],\"inLanguage\":\"lt-LT\"}]}<\/script>\n<!-- \/ Yoast SEO plugin. -->","yoast_head_json":{"title":"Nosotros - Rosana CL","robots":{"index":"index","follow":"follow","max-snippet":"max-snippet:-1","max-image-preview":"max-image-preview:large","max-video-preview":"max-video-preview:-1"},"canonical":"https:\/\/rosanacl.com\/lt\/nosotros\/","og_locale":"lt_LT","og_type":"article","og_title":"Nosotros - Rosana CL","og_description":"M\u00e1s de 40 a\u00f1os de experiencia al servicio de tu comodidad y estilo En Rosana CL somos especialistas en lencer\u00eda y corseter\u00eda, con una trayectoria de m\u00e1s de cuatro d\u00e9cadas acompa\u00f1ando a mujeres en cada etapa de su vida.Nuestra pasi\u00f3n por ofrecer productos de calidad, pensados para el bienestar y la belleza femenina, nos ha [&hellip;]","og_url":"https:\/\/rosanacl.com\/lt\/nosotros\/","og_site_name":"Rosana CL","article_modified_time":"2025-09-12T09:40:29+00:00","og_image":[{"width":955,"height":1080,"url":"https:\/\/rosanacl.com\/wp-content\/uploads\/2025\/05\/mujer.webp","type":"image\/webp"}],"twitter_card":"summary_large_image","twitter_misc":{"Est. reading time":"1 minut\u0117"},"schema":{"@context":"https:\/\/schema.org","@graph":[{"@type":"WebPage","@id":"https:\/\/rosanacl.com\/nosotros\/","url":"https:\/\/rosanacl.com\/nosotros\/","name":"Nosotros - Rosana CL","isPartOf":{"@id":"https:\/\/rosanacl.com\/ca\/#website"},"primaryImageOfPage":{"@id":"https:\/\/rosanacl.com\/nosotros\/#primaryimage"},"image":{"@id":"https:\/\/rosanacl.com\/nosotros\/#primaryimage"},"thumbnailUrl":"https:\/\/rosanacl.com\/wp-content\/uploads\/2025\/05\/mujer-905x1024.webp","datePublished":"2025-04-24T14:44:06+00:00","dateModified":"2025-09-12T09:40:29+00:00","breadcrumb":{"@id":"https:\/\/rosanacl.com\/nosotros\/#breadcrumb"},"inLanguage":"lt-LT","potentialAction":[{"@type":"ReadAction","target":["https:\/\/rosanacl.com\/nosotros\/"]}]},{"@type":"ImageObject","inLanguage":"lt-LT","@id":"https:\/\/rosanacl.com\/nosotros\/#primaryimage","url":"https:\/\/rosanacl.com\/wp-content\/uploads\/2025\/05\/mujer-905x1024.webp","contentUrl":"https:\/\/rosanacl.com\/wp-content\/uploads\/2025\/05\/mujer-905x1024.webp"},{"@type":"BreadcrumbList","@id":"https:\/\/rosanacl.com\/nosotros\/#breadcrumb","itemListElement":[{"@type":"ListItem","position":1,"name":"Portada","item":"https:\/\/rosanacl.com\/ca\/"},{"@type":"ListItem","position":2,"name":"Nosotros"}]},{"@type":"WebSite","@id":"https:\/\/rosanacl.com\/ca\/#website","url":"https:\/\/rosanacl.com\/ca\/","name":"Rosana CL","description":"Mes esame j\u016bs\u0173 interjeras","potentialAction":[{"@type":"SearchAction","target":{"@type":"EntryPoint","urlTemplate":"https:\/\/rosanacl.com\/ca\/?s={search_term_string}"},"query-input":{"@type":"PropertyValueSpecification","valueRequired":true,"valueName":"search_term_string"}}],"inLanguage":"lt-LT"}]}},"_links":{"self":[{"href":"https:\/\/rosanacl.com\/lt\/wp-json\/wp\/v2\/pages\/62","targetHints":{"allow":["GET"]}}],"collection":[{"href":"https:\/\/rosanacl.com\/lt\/wp-json\/wp\/v2\/pages"}],"about":[{"href":"https:\/\/rosanacl.com\/lt\/wp-json\/wp\/v2\/types\/page"}],"author":[{"embeddable":true,"href":"https:\/\/rosanacl.com\/lt\/wp-json\/wp\/v2\/users\/1"}],"replies":[{"embeddable":true,"href":"https:\/\/rosanacl.com\/lt\/wp-json\/wp\/v2\/comments?post=62"}],"version-history":[{"count":0,"href":"https:\/\/rosanacl.com\/lt\/wp-json\/wp\/v2\/pages\/62\/revisions"}],"wp:attachment":[{"href":"https:\/\/rosanacl.com\/lt\/wp-json\/wp\/v2\/media?parent=62"}],"curies":[{"name":"wp","href":"https:\/\/api.w.org\/{rel}","templated":true}]}}