{"id":1253,"date":"2025-04-30T01:05:07","date_gmt":"2025-04-29T23:05:07","guid":{"rendered":"https:\/\/rosanacl.com\/?post_type=product&#038;p=1253"},"modified":"2026-01-07T20:23:16","modified_gmt":"2026-01-07T19:23:16","slug":"sujetador-modelo-raquel","status":"publish","type":"product","link":"https:\/\/rosanacl.com\/lt\/produktas\/sujetador-modelo-raquel\/","title":{"rendered":"Selene Raquel liemen\u0117l\u0117"},"content":{"rendered":"<p>\u201eSelene Raquel\u201c liemen\u0117l\u0117 yra balconette tipo su dvigubais \u201epush-up\u201c kau\u0161eliais, skirta labiau apibr\u0117\u017eti i\u0161kirpt\u0119 ir matomiems kr\u016bt\u0173 padid\u0117jimams, i\u0161laikant eleganti\u0161k\u0105 ir labai moteri\u0161k\u0105 estetik\u0105. Jos lankeliai padeda centruoti ir pakelti kr\u016btin\u0119, suteikdami tvirt\u0105 atram\u0105 ir gra\u017e\u0173 \u012fvaizd\u012f net ir po aptemptais drabu\u017eiais.<\/p>\n<p>Tai idealus \u201eSelene\u201c apatinio trikota\u017eo pasirinkimas, jei ie\u0161kote liemen\u0117l\u0117s, kuri i\u0161skirt\u0173 fig\u016br\u0105: ji pary\u0161kina, stilizuoja ir pabr\u0117\u017eia nat\u016bralias k\u016bno formas, puikiai tinka tiek ypatingoms progoms, tiek toms dienoms, kai norite jaustis labiau pasitikinti savimi ir gra\u017eiau su kasdieniais drabu\u017eiais.<\/p>\n<p>Kas tau patiks<\/p>\n<ul>\n<li>Dvigubi atsispaudimai: papildomas pak\u0117limas ir ry\u0161kesnis \u00abkr\u016bt\u0173 pak\u0117limo\u00bb efektas.<\/li>\n<li>Balconette kirpimas, kuris pary\u0161kina ir apvalina, su labai dailia i\u0161kirpte.<\/li>\n<li>\u017diedai stabilesniam fiksavimui ir gra\u017eiai formai valand\u0173 valandas.<\/li>\n<li>Apdaila sukurta taip, kad puikiai atrodyt\u0173 su giliai i\u0161kirpt\u0117mis palaidin\u0117mis ir aptemptais drabu\u017eiais neprarandant komforto.<\/li>\n<li>Idealus modelis, jei ie\u0161kote liemen\u0117l\u0117s, kuri derint\u0173 jausmingum\u0105 ir tikr\u0105 atram\u0105.<\/li>\n<\/ul>\n<p>\ud83d\udde3\ufe0f Patarimas: \u00abSelene Raquel\u00bb gro\u017eis slypi gerai centre esan\u010diame \u201epripumpuotame\u201c efekte: tai balconette tipo liemen\u0117l\u0117 su dvigubais \u201epush-up\u201c elementais, tod\u0117l ji \u012fsp\u016bdingai atrodo su giliai i\u0161kirpt\u0117mis palaidin\u0117mis ir aptemptais mar\u0161kin\u0117liais. Pritaikykite j\u0105 taip, kad kau\u0161eliai b\u016bt\u0173 plok\u0161ti, o i\u0161kirpt\u0117 b\u016bt\u0173 pary\u0161kinta, jos nereikia koreguoti i\u0161 naujo.<\/p>\n<p>\ud83d\udccf Pastaba: jei ie\u0161kote tarpinio dyd\u017eio, vadovaukit\u0117s savo i\u0161matavimais: jei norite tvirtesnio prigludimo, rinkit\u0117s \u012fprast\u0105 dyd\u012f; jei norite didesnio patogumo arba esate ka\u017ekur tarp j\u0173, rinkit\u0117s didesn\u012f dyd\u012f.<\/p>\n<p>Sud\u0117tis: 48% poliesteris \u00b7 43% poliamidas \u00b7 9% elastanas<\/p>\n<p>\ud83e\ude84 Tas apatinio trikota\u017eo prisilietimas, kuris pakei\u010dia vis\u0105 \u012fvaizd\u012f.<\/p>","protected":false},"excerpt":{"rendered":"<p>El sujetador Selene modelo Raquel es un balconette con doble push-up dise\u00f1ado para conseguir un escote m\u00e1s definido y un realce visible, manteniendo una est\u00e9tica elegante y muy femenina. Su estructura con aros ayuda a centrar y elevar el pecho, aportando una sensaci\u00f3n de sujeci\u00f3n firme y un acabado bonito incluso bajo prendas ajustadas. Es [&hellip;]<\/p>\n","protected":false},"featured_media":1459,"comment_status":"open","ping_status":"closed","template":"","meta":{"content-type":""},"product_brand":[55],"product_cat":[29,20],"product_tag":[64,56],"class_list":{"0":"post-1253","1":"product","2":"type-product","3":"status-publish","4":"has-post-thumbnail","6":"product_brand-selene","7":"product_cat-push-up","8":"product_cat-sujetador","9":"product_tag-doble-push-up","10":"product_tag-sujetador","12":"first","13":"instock","14":"taxable","15":"shipping-taxable","16":"purchasable","17":"product-type-variable"},"supplier_id":null,"supplier_sku":"","barcode":null,"atum_controlled":true,"out_stock_date":null,"out_stock_threshold":null,"inheritable":true,"inbound_stock":0,"stock_on_hold":0,"sold_today":0,"sales_last_days":0,"reserved_stock":0,"customer_returns":0,"warehouse_damage":0,"lost_in_post":0,"other_logs":0,"out_stock_days":0,"lost_sales":0,"has_location":false,"update_date":"2026-01-07T19:23:17","atum_locations":[],"atum_stock_status":"instock","restock_status":false,"low_stock_amount":"","sales_update_date":"2025-10-03T04:56:29","calc_backorders":null,"yoast_head":"<!-- This site is optimized with the Yoast SEO plugin v27.4 - https:\/\/yoast.com\/product\/yoast-seo-wordpress\/ -->\n<title>Sujetador Selene Raquel - Rosana CL<\/title>\n<meta name=\"robots\" content=\"index, follow, max-snippet:-1, max-image-preview:large, max-video-preview:-1\" \/>\n<link rel=\"canonical\" href=\"https:\/\/rosanacl.com\/lt\/produktas\/sujetador-modelo-raquel\/\" \/>\n<meta property=\"og:locale\" content=\"lt_LT\" \/>\n<meta property=\"og:type\" content=\"article\" \/>\n<meta property=\"og:title\" content=\"Sujetador Selene Raquel - Rosana CL\" \/>\n<meta property=\"og:description\" content=\"El sujetador Selene modelo Raquel es un balconette con doble push-up dise\u00f1ado para conseguir un escote m\u00e1s definido y un realce visible, manteniendo una est\u00e9tica elegante y muy femenina. Su estructura con aros ayuda a centrar y elevar el pecho, aportando una sensaci\u00f3n de sujeci\u00f3n firme y un acabado bonito incluso bajo prendas ajustadas. Es [&hellip;]\" \/>\n<meta property=\"og:url\" content=\"https:\/\/rosanacl.com\/lt\/produktas\/sujetador-modelo-raquel\/\" \/>\n<meta property=\"og:site_name\" content=\"Rosana CL\" \/>\n<meta property=\"article:modified_time\" content=\"2026-01-07T19:23:16+00:00\" \/>\n<meta property=\"og:image\" content=\"https:\/\/rosanacl.com\/wp-content\/uploads\/2025\/04\/Sujetador-modelo-Raquel-000001.webp\" \/>\n\t<meta property=\"og:image:width\" content=\"1000\" \/>\n\t<meta property=\"og:image:height\" content=\"1000\" \/>\n\t<meta property=\"og:image:type\" content=\"image\/webp\" \/>\n<meta name=\"twitter:card\" content=\"summary_large_image\" \/>\n<meta name=\"twitter:label1\" content=\"Est. reading time\" \/>\n\t<meta name=\"twitter:data1\" content=\"2 minut\u0117s\" \/>\n<script type=\"application\/ld+json\" class=\"yoast-schema-graph\">{\"@context\":\"https:\\\/\\\/schema.org\",\"@graph\":[{\"@type\":\"WebPage\",\"@id\":\"https:\\\/\\\/rosanacl.com\\\/producto\\\/sujetador-modelo-raquel\\\/\",\"url\":\"https:\\\/\\\/rosanacl.com\\\/producto\\\/sujetador-modelo-raquel\\\/\",\"name\":\"Sujetador Selene Raquel - Rosana CL\",\"isPartOf\":{\"@id\":\"https:\\\/\\\/rosanacl.com\\\/ca\\\/#website\"},\"primaryImageOfPage\":{\"@id\":\"https:\\\/\\\/rosanacl.com\\\/producto\\\/sujetador-modelo-raquel\\\/#primaryimage\"},\"image\":{\"@id\":\"https:\\\/\\\/rosanacl.com\\\/producto\\\/sujetador-modelo-raquel\\\/#primaryimage\"},\"thumbnailUrl\":\"https:\\\/\\\/rosanacl.com\\\/wp-content\\\/uploads\\\/2025\\\/04\\\/Sujetador-modelo-Raquel-000001.webp\",\"datePublished\":\"2025-04-29T23:05:07+00:00\",\"dateModified\":\"2026-01-07T19:23:16+00:00\",\"breadcrumb\":{\"@id\":\"https:\\\/\\\/rosanacl.com\\\/producto\\\/sujetador-modelo-raquel\\\/#breadcrumb\"},\"inLanguage\":\"lt-LT\",\"potentialAction\":[{\"@type\":\"ReadAction\",\"target\":[\"https:\\\/\\\/rosanacl.com\\\/producto\\\/sujetador-modelo-raquel\\\/\"]}]},{\"@type\":\"ImageObject\",\"inLanguage\":\"lt-LT\",\"@id\":\"https:\\\/\\\/rosanacl.com\\\/producto\\\/sujetador-modelo-raquel\\\/#primaryimage\",\"url\":\"https:\\\/\\\/rosanacl.com\\\/wp-content\\\/uploads\\\/2025\\\/04\\\/Sujetador-modelo-Raquel-000001.webp\",\"contentUrl\":\"https:\\\/\\\/rosanacl.com\\\/wp-content\\\/uploads\\\/2025\\\/04\\\/Sujetador-modelo-Raquel-000001.webp\",\"width\":1000,\"height\":1000},{\"@type\":\"BreadcrumbList\",\"@id\":\"https:\\\/\\\/rosanacl.com\\\/producto\\\/sujetador-modelo-raquel\\\/#breadcrumb\",\"itemListElement\":[{\"@type\":\"ListItem\",\"position\":1,\"name\":\"Portada\",\"item\":\"https:\\\/\\\/rosanacl.com\\\/ca\\\/\"},{\"@type\":\"ListItem\",\"position\":2,\"name\":\"Tienda\",\"item\":\"https:\\\/\\\/rosanacl.com\\\/ca\\\/tienda\\\/\"},{\"@type\":\"ListItem\",\"position\":3,\"name\":\"Sujetador Selene Raquel\"}]},{\"@type\":\"WebSite\",\"@id\":\"https:\\\/\\\/rosanacl.com\\\/ca\\\/#website\",\"url\":\"https:\\\/\\\/rosanacl.com\\\/ca\\\/\",\"name\":\"Rosana CL\",\"description\":\"Somos tu interior\",\"potentialAction\":[{\"@type\":\"SearchAction\",\"target\":{\"@type\":\"EntryPoint\",\"urlTemplate\":\"https:\\\/\\\/rosanacl.com\\\/ca\\\/?s={search_term_string}\"},\"query-input\":{\"@type\":\"PropertyValueSpecification\",\"valueRequired\":true,\"valueName\":\"search_term_string\"}}],\"inLanguage\":\"lt-LT\"}]}<\/script>\n<!-- \/ Yoast SEO plugin. -->","yoast_head_json":{"title":"Sujetador Selene Raquel - Rosana CL","robots":{"index":"index","follow":"follow","max-snippet":"max-snippet:-1","max-image-preview":"max-image-preview:large","max-video-preview":"max-video-preview:-1"},"canonical":"https:\/\/rosanacl.com\/lt\/produktas\/sujetador-modelo-raquel\/","og_locale":"lt_LT","og_type":"article","og_title":"Sujetador Selene Raquel - Rosana CL","og_description":"El sujetador Selene modelo Raquel es un balconette con doble push-up dise\u00f1ado para conseguir un escote m\u00e1s definido y un realce visible, manteniendo una est\u00e9tica elegante y muy femenina. Su estructura con aros ayuda a centrar y elevar el pecho, aportando una sensaci\u00f3n de sujeci\u00f3n firme y un acabado bonito incluso bajo prendas ajustadas. Es [&hellip;]","og_url":"https:\/\/rosanacl.com\/lt\/produktas\/sujetador-modelo-raquel\/","og_site_name":"Rosana CL","article_modified_time":"2026-01-07T19:23:16+00:00","og_image":[{"width":1000,"height":1000,"url":"https:\/\/rosanacl.com\/wp-content\/uploads\/2025\/04\/Sujetador-modelo-Raquel-000001.webp","type":"image\/webp"}],"twitter_card":"summary_large_image","twitter_misc":{"Est. reading time":"2 minut\u0117s"},"schema":{"@context":"https:\/\/schema.org","@graph":[{"@type":"WebPage","@id":"https:\/\/rosanacl.com\/producto\/sujetador-modelo-raquel\/","url":"https:\/\/rosanacl.com\/producto\/sujetador-modelo-raquel\/","name":"Sujetador Selene Raquel - Rosana CL","isPartOf":{"@id":"https:\/\/rosanacl.com\/ca\/#website"},"primaryImageOfPage":{"@id":"https:\/\/rosanacl.com\/producto\/sujetador-modelo-raquel\/#primaryimage"},"image":{"@id":"https:\/\/rosanacl.com\/producto\/sujetador-modelo-raquel\/#primaryimage"},"thumbnailUrl":"https:\/\/rosanacl.com\/wp-content\/uploads\/2025\/04\/Sujetador-modelo-Raquel-000001.webp","datePublished":"2025-04-29T23:05:07+00:00","dateModified":"2026-01-07T19:23:16+00:00","breadcrumb":{"@id":"https:\/\/rosanacl.com\/producto\/sujetador-modelo-raquel\/#breadcrumb"},"inLanguage":"lt-LT","potentialAction":[{"@type":"ReadAction","target":["https:\/\/rosanacl.com\/producto\/sujetador-modelo-raquel\/"]}]},{"@type":"ImageObject","inLanguage":"lt-LT","@id":"https:\/\/rosanacl.com\/producto\/sujetador-modelo-raquel\/#primaryimage","url":"https:\/\/rosanacl.com\/wp-content\/uploads\/2025\/04\/Sujetador-modelo-Raquel-000001.webp","contentUrl":"https:\/\/rosanacl.com\/wp-content\/uploads\/2025\/04\/Sujetador-modelo-Raquel-000001.webp","width":1000,"height":1000},{"@type":"BreadcrumbList","@id":"https:\/\/rosanacl.com\/producto\/sujetador-modelo-raquel\/#breadcrumb","itemListElement":[{"@type":"ListItem","position":1,"name":"Portada","item":"https:\/\/rosanacl.com\/ca\/"},{"@type":"ListItem","position":2,"name":"Tienda","item":"https:\/\/rosanacl.com\/ca\/tienda\/"},{"@type":"ListItem","position":3,"name":"Sujetador Selene Raquel"}]},{"@type":"WebSite","@id":"https:\/\/rosanacl.com\/ca\/#website","url":"https:\/\/rosanacl.com\/ca\/","name":"Rosana CL","description":"Mes esame j\u016bs\u0173 interjeras","potentialAction":[{"@type":"SearchAction","target":{"@type":"EntryPoint","urlTemplate":"https:\/\/rosanacl.com\/ca\/?s={search_term_string}"},"query-input":{"@type":"PropertyValueSpecification","valueRequired":true,"valueName":"search_term_string"}}],"inLanguage":"lt-LT"}]}},"_links":{"self":[{"href":"https:\/\/rosanacl.com\/lt\/wp-json\/wp\/v2\/product\/1253","targetHints":{"allow":["GET"]}}],"collection":[{"href":"https:\/\/rosanacl.com\/lt\/wp-json\/wp\/v2\/product"}],"about":[{"href":"https:\/\/rosanacl.com\/lt\/wp-json\/wp\/v2\/types\/product"}],"replies":[{"embeddable":true,"href":"https:\/\/rosanacl.com\/lt\/wp-json\/wp\/v2\/comments?post=1253"}],"version-history":[{"count":5,"href":"https:\/\/rosanacl.com\/lt\/wp-json\/wp\/v2\/product\/1253\/revisions"}],"predecessor-version":[{"id":4607,"href":"https:\/\/rosanacl.com\/lt\/wp-json\/wp\/v2\/product\/1253\/revisions\/4607"}],"wp:featuredmedia":[{"embeddable":true,"href":"https:\/\/rosanacl.com\/lt\/wp-json\/wp\/v2\/media\/1459"}],"wp:attachment":[{"href":"https:\/\/rosanacl.com\/lt\/wp-json\/wp\/v2\/media?parent=1253"}],"wp:term":[{"taxonomy":"product_brand","embeddable":true,"href":"https:\/\/rosanacl.com\/lt\/wp-json\/wp\/v2\/product_brand?post=1253"},{"taxonomy":"product_cat","embeddable":true,"href":"https:\/\/rosanacl.com\/lt\/wp-json\/wp\/v2\/product_cat?post=1253"},{"taxonomy":"product_tag","embeddable":true,"href":"https:\/\/rosanacl.com\/lt\/wp-json\/wp\/v2\/product_tag?post=1253"}],"curies":[{"name":"wp","href":"https:\/\/api.w.org\/{rel}","templated":true}]}}