{"id":2027,"date":"2025-05-23T09:53:07","date_gmt":"2025-05-23T07:53:07","guid":{"rendered":"https:\/\/rosanacl.com\/?post_type=product&#038;p=2027"},"modified":"2026-01-07T19:18:29","modified_gmt":"2026-01-07T18:18:29","slug":"braga-selene-modelo-mariluz","status":"publish","type":"product","link":"https:\/\/rosanacl.com\/lt\/produktas\/braga-selene-modelo-mariluz\/","title":{"rendered":"Braga Selene Mariluz"},"content":{"rendered":"<p>\u201eSelene\u201c \u201eMariluz\u201c kelnait\u0117s \u2013 tai auk\u0161to liemens kelnait\u0117s, skirtos ie\u0161kan\u010dioms patogios atramos ir eleganti\u0161ko dizaino. Dry\u017euotas audinys vizualiai lieknina fig\u016br\u0105 ir suteikia rafinuotumo, idealiai tinka kasdieniam d\u0117v\u0117jimui u\u017etikrinant visi\u0161k\u0105 komfort\u0105.<\/p>\n<p>Kas tau patiks<\/p>\n<ul>\n<li>Auk\u0161tas juosmuo: palaiko, bet nevar\u017eo ir padeda drabu\u017eiui gerai priglusti.<\/li>\n<li>Dry\u017euotas audinio dizainas: labiau i\u0161puosel\u0117tas ir dailesnis \u012fvaizdis.<\/li>\n<li>Patogumas kasdieniam naudojimui: sukurti tam, kad lyd\u0117t\u0173 jus daugel\u012f valand\u0173.<\/li>\n<li>Puikus komplektas: puikiai dera su \u201eSelene Mariluz\u201c liemen\u0117le, kad b\u016bt\u0173 darnus \u012fvaizdis.<\/li>\n<\/ul>\n<p>Dyd\u017eio patarimas: jei ie\u0161kote tarp dviej\u0173 dyd\u017ei\u0173 ir norite, kad apatiniai labiau priglust\u0173, rinkit\u0117s ma\u017eesn\u012f dyd\u012f; jei norite didesnio patogumo, rinkit\u0117s didesn\u012f dyd\u012f.<\/p>\n<p>\ud83d\udde3\ufe0f Patarimas: \u00abMariluz\u00bb idealiai tinka, jei norite, kad j\u016bs\u0173 liemuo b\u016bt\u0173 gerai i\u0161d\u0117stytas ir kad jis gerai priglundyt\u0173, bet neb\u016bt\u0173 per ank\u0161tas: juostel\u0117s sukuria aptakesn\u012f \u012fvaizd\u012f, o kelnait\u0117s yra pakankamai stabilios, kad jas b\u016bt\u0173 galima d\u0117v\u0117ti valand\u0173 valandas, ypa\u010d prie aptempt\u0173 ar kasdieni\u0173 drabu\u017ei\u0173.<\/p>\n<p>\ud83d\udccf Pastaba: Kad pirm\u0105 kart\u0105 pasirinktum\u0117te tinkam\u0105 drabu\u017e\u012f, pagalvokite, kaip jums patinka auk\u0161tas liemuo: jei norite, kad jis b\u016bt\u0173 mink\u0161tas ir patogus aplink liemen\u012f (nejau\u010diant spaudimo), paprastai geriausiai tiks j\u016bs\u0173 \u012fprastas dydis arba didesnis, jei esate tarp dviej\u0173 dyd\u017ei\u0173; jei norite labiau suraukto ir standesnio efekto, ma\u017eesnis dydis paprastai labiau glosto fig\u016br\u0105.<\/p>\n<p>Sud\u0117tis: 71% poliamidas, 18% elastanas, 11% poliesteris.<\/p>\n<p>\u2728 U\u017ebaikite savo \u012fvaizd\u012f su \u201eMariluz\u201c rinkiniu ir jauskit\u0117s patogiai bei pamalonintai vis\u0105 dien\u0105.<\/p>\n<div id=\"v1ms-outlook-mobile-body-separator-line\" dir=\"auto\"><\/div>\n<p>&nbsp;<\/p>\n<p>&nbsp;<\/p>\n<p>&nbsp;<\/p>\n<p>&nbsp;<\/p>\n<p>&nbsp;<\/p>\n<p>&nbsp;<\/p>\n<p>&nbsp;<\/p>","protected":false},"excerpt":{"rendered":"<p>La braga Mariluz de Selene es una braga alta pensada para quienes buscan sujeci\u00f3n c\u00f3moda y un acabado elegante. Su tejido con efecto franjas estiliza visualmente y aporta un toque sofisticado, ideal para llevar a diario con total confort. Lo que te va a gustar Cintura alta: sujeta sin oprimir y ayuda a que la [&hellip;]<\/p>\n","protected":false},"featured_media":2135,"comment_status":"open","ping_status":"closed","template":"","meta":{"content-type":""},"product_brand":[55],"product_cat":[19],"product_tag":[69],"class_list":{"0":"post-2027","1":"product","2":"type-product","3":"status-publish","4":"has-post-thumbnail","6":"product_brand-selene","7":"product_cat-braga","8":"product_tag-braga","10":"first","11":"instock","12":"taxable","13":"shipping-taxable","14":"purchasable","15":"product-type-variable"},"supplier_id":null,"supplier_sku":"","barcode":null,"atum_controlled":true,"out_stock_date":null,"out_stock_threshold":null,"inheritable":true,"inbound_stock":0,"stock_on_hold":0,"sold_today":0,"sales_last_days":0,"reserved_stock":0,"customer_returns":0,"warehouse_damage":0,"lost_in_post":0,"other_logs":0,"out_stock_days":0,"lost_sales":0,"has_location":false,"update_date":"2026-01-07T18:18:30","atum_locations":[],"atum_stock_status":"instock","restock_status":false,"low_stock_amount":"","sales_update_date":"2025-10-03T04:56:26","calc_backorders":null,"yoast_head":"<!-- This site is optimized with the Yoast SEO plugin v27.4 - https:\/\/yoast.com\/product\/yoast-seo-wordpress\/ -->\n<title>Braga Selene Mariluz - Rosana CL<\/title>\n<meta name=\"robots\" content=\"index, follow, max-snippet:-1, max-image-preview:large, max-video-preview:-1\" \/>\n<link rel=\"canonical\" href=\"https:\/\/rosanacl.com\/lt\/produktas\/braga-selene-modelo-mariluz\/\" \/>\n<meta property=\"og:locale\" content=\"lt_LT\" \/>\n<meta property=\"og:type\" content=\"article\" \/>\n<meta property=\"og:title\" content=\"Braga Selene Mariluz - Rosana CL\" \/>\n<meta property=\"og:description\" content=\"La braga Mariluz de Selene es una braga alta pensada para quienes buscan sujeci\u00f3n c\u00f3moda y un acabado elegante. Su tejido con efecto franjas estiliza visualmente y aporta un toque sofisticado, ideal para llevar a diario con total confort. Lo que te va a gustar Cintura alta: sujeta sin oprimir y ayuda a que la [&hellip;]\" \/>\n<meta property=\"og:url\" content=\"https:\/\/rosanacl.com\/lt\/produktas\/braga-selene-modelo-mariluz\/\" \/>\n<meta property=\"og:site_name\" content=\"Rosana CL\" \/>\n<meta property=\"article:modified_time\" content=\"2026-01-07T18:18:29+00:00\" \/>\n<meta property=\"og:image\" content=\"https:\/\/rosanacl.com\/wp-content\/uploads\/2025\/05\/1.jpg\" \/>\n\t<meta property=\"og:image:width\" content=\"1105\" \/>\n\t<meta property=\"og:image:height\" content=\"1333\" \/>\n\t<meta property=\"og:image:type\" content=\"image\/jpeg\" \/>\n<meta name=\"twitter:card\" content=\"summary_large_image\" \/>\n<meta name=\"twitter:label1\" content=\"Est. reading time\" \/>\n\t<meta name=\"twitter:data1\" content=\"2 minut\u0117s\" \/>\n<script type=\"application\/ld+json\" class=\"yoast-schema-graph\">{\"@context\":\"https:\\\/\\\/schema.org\",\"@graph\":[{\"@type\":\"WebPage\",\"@id\":\"https:\\\/\\\/rosanacl.com\\\/producto\\\/braga-selene-modelo-mariluz\\\/\",\"url\":\"https:\\\/\\\/rosanacl.com\\\/producto\\\/braga-selene-modelo-mariluz\\\/\",\"name\":\"Braga Selene Mariluz - Rosana CL\",\"isPartOf\":{\"@id\":\"https:\\\/\\\/rosanacl.com\\\/ca\\\/#website\"},\"primaryImageOfPage\":{\"@id\":\"https:\\\/\\\/rosanacl.com\\\/producto\\\/braga-selene-modelo-mariluz\\\/#primaryimage\"},\"image\":{\"@id\":\"https:\\\/\\\/rosanacl.com\\\/producto\\\/braga-selene-modelo-mariluz\\\/#primaryimage\"},\"thumbnailUrl\":\"https:\\\/\\\/rosanacl.com\\\/wp-content\\\/uploads\\\/2025\\\/05\\\/1.jpg\",\"datePublished\":\"2025-05-23T07:53:07+00:00\",\"dateModified\":\"2026-01-07T18:18:29+00:00\",\"breadcrumb\":{\"@id\":\"https:\\\/\\\/rosanacl.com\\\/producto\\\/braga-selene-modelo-mariluz\\\/#breadcrumb\"},\"inLanguage\":\"lt-LT\",\"potentialAction\":[{\"@type\":\"ReadAction\",\"target\":[\"https:\\\/\\\/rosanacl.com\\\/producto\\\/braga-selene-modelo-mariluz\\\/\"]}]},{\"@type\":\"ImageObject\",\"inLanguage\":\"lt-LT\",\"@id\":\"https:\\\/\\\/rosanacl.com\\\/producto\\\/braga-selene-modelo-mariluz\\\/#primaryimage\",\"url\":\"https:\\\/\\\/rosanacl.com\\\/wp-content\\\/uploads\\\/2025\\\/05\\\/1.jpg\",\"contentUrl\":\"https:\\\/\\\/rosanacl.com\\\/wp-content\\\/uploads\\\/2025\\\/05\\\/1.jpg\",\"width\":1105,\"height\":1333},{\"@type\":\"BreadcrumbList\",\"@id\":\"https:\\\/\\\/rosanacl.com\\\/producto\\\/braga-selene-modelo-mariluz\\\/#breadcrumb\",\"itemListElement\":[{\"@type\":\"ListItem\",\"position\":1,\"name\":\"Portada\",\"item\":\"https:\\\/\\\/rosanacl.com\\\/ca\\\/\"},{\"@type\":\"ListItem\",\"position\":2,\"name\":\"Tienda\",\"item\":\"https:\\\/\\\/rosanacl.com\\\/ca\\\/tienda\\\/\"},{\"@type\":\"ListItem\",\"position\":3,\"name\":\"Braga Selene Mariluz\"}]},{\"@type\":\"WebSite\",\"@id\":\"https:\\\/\\\/rosanacl.com\\\/ca\\\/#website\",\"url\":\"https:\\\/\\\/rosanacl.com\\\/ca\\\/\",\"name\":\"Rosana CL\",\"description\":\"Somos tu interior\",\"potentialAction\":[{\"@type\":\"SearchAction\",\"target\":{\"@type\":\"EntryPoint\",\"urlTemplate\":\"https:\\\/\\\/rosanacl.com\\\/ca\\\/?s={search_term_string}\"},\"query-input\":{\"@type\":\"PropertyValueSpecification\",\"valueRequired\":true,\"valueName\":\"search_term_string\"}}],\"inLanguage\":\"lt-LT\"}]}<\/script>\n<!-- \/ Yoast SEO plugin. -->","yoast_head_json":{"title":"Braga Selene Mariluz - Rosana CL","robots":{"index":"index","follow":"follow","max-snippet":"max-snippet:-1","max-image-preview":"max-image-preview:large","max-video-preview":"max-video-preview:-1"},"canonical":"https:\/\/rosanacl.com\/lt\/produktas\/braga-selene-modelo-mariluz\/","og_locale":"lt_LT","og_type":"article","og_title":"Braga Selene Mariluz - Rosana CL","og_description":"La braga Mariluz de Selene es una braga alta pensada para quienes buscan sujeci\u00f3n c\u00f3moda y un acabado elegante. Su tejido con efecto franjas estiliza visualmente y aporta un toque sofisticado, ideal para llevar a diario con total confort. Lo que te va a gustar Cintura alta: sujeta sin oprimir y ayuda a que la [&hellip;]","og_url":"https:\/\/rosanacl.com\/lt\/produktas\/braga-selene-modelo-mariluz\/","og_site_name":"Rosana CL","article_modified_time":"2026-01-07T18:18:29+00:00","og_image":[{"width":1105,"height":1333,"url":"https:\/\/rosanacl.com\/wp-content\/uploads\/2025\/05\/1.jpg","type":"image\/jpeg"}],"twitter_card":"summary_large_image","twitter_misc":{"Est. reading time":"2 minut\u0117s"},"schema":{"@context":"https:\/\/schema.org","@graph":[{"@type":"WebPage","@id":"https:\/\/rosanacl.com\/producto\/braga-selene-modelo-mariluz\/","url":"https:\/\/rosanacl.com\/producto\/braga-selene-modelo-mariluz\/","name":"Braga Selene Mariluz - Rosana CL","isPartOf":{"@id":"https:\/\/rosanacl.com\/ca\/#website"},"primaryImageOfPage":{"@id":"https:\/\/rosanacl.com\/producto\/braga-selene-modelo-mariluz\/#primaryimage"},"image":{"@id":"https:\/\/rosanacl.com\/producto\/braga-selene-modelo-mariluz\/#primaryimage"},"thumbnailUrl":"https:\/\/rosanacl.com\/wp-content\/uploads\/2025\/05\/1.jpg","datePublished":"2025-05-23T07:53:07+00:00","dateModified":"2026-01-07T18:18:29+00:00","breadcrumb":{"@id":"https:\/\/rosanacl.com\/producto\/braga-selene-modelo-mariluz\/#breadcrumb"},"inLanguage":"lt-LT","potentialAction":[{"@type":"ReadAction","target":["https:\/\/rosanacl.com\/producto\/braga-selene-modelo-mariluz\/"]}]},{"@type":"ImageObject","inLanguage":"lt-LT","@id":"https:\/\/rosanacl.com\/producto\/braga-selene-modelo-mariluz\/#primaryimage","url":"https:\/\/rosanacl.com\/wp-content\/uploads\/2025\/05\/1.jpg","contentUrl":"https:\/\/rosanacl.com\/wp-content\/uploads\/2025\/05\/1.jpg","width":1105,"height":1333},{"@type":"BreadcrumbList","@id":"https:\/\/rosanacl.com\/producto\/braga-selene-modelo-mariluz\/#breadcrumb","itemListElement":[{"@type":"ListItem","position":1,"name":"Portada","item":"https:\/\/rosanacl.com\/ca\/"},{"@type":"ListItem","position":2,"name":"Tienda","item":"https:\/\/rosanacl.com\/ca\/tienda\/"},{"@type":"ListItem","position":3,"name":"Braga Selene Mariluz"}]},{"@type":"WebSite","@id":"https:\/\/rosanacl.com\/ca\/#website","url":"https:\/\/rosanacl.com\/ca\/","name":"Rosana CL","description":"Mes esame j\u016bs\u0173 interjeras","potentialAction":[{"@type":"SearchAction","target":{"@type":"EntryPoint","urlTemplate":"https:\/\/rosanacl.com\/ca\/?s={search_term_string}"},"query-input":{"@type":"PropertyValueSpecification","valueRequired":true,"valueName":"search_term_string"}}],"inLanguage":"lt-LT"}]}},"_links":{"self":[{"href":"https:\/\/rosanacl.com\/lt\/wp-json\/wp\/v2\/product\/2027","targetHints":{"allow":["GET"]}}],"collection":[{"href":"https:\/\/rosanacl.com\/lt\/wp-json\/wp\/v2\/product"}],"about":[{"href":"https:\/\/rosanacl.com\/lt\/wp-json\/wp\/v2\/types\/product"}],"replies":[{"embeddable":true,"href":"https:\/\/rosanacl.com\/lt\/wp-json\/wp\/v2\/comments?post=2027"}],"version-history":[{"count":5,"href":"https:\/\/rosanacl.com\/lt\/wp-json\/wp\/v2\/product\/2027\/revisions"}],"predecessor-version":[{"id":4602,"href":"https:\/\/rosanacl.com\/lt\/wp-json\/wp\/v2\/product\/2027\/revisions\/4602"}],"wp:featuredmedia":[{"embeddable":true,"href":"https:\/\/rosanacl.com\/lt\/wp-json\/wp\/v2\/media\/2135"}],"wp:attachment":[{"href":"https:\/\/rosanacl.com\/lt\/wp-json\/wp\/v2\/media?parent=2027"}],"wp:term":[{"taxonomy":"product_brand","embeddable":true,"href":"https:\/\/rosanacl.com\/lt\/wp-json\/wp\/v2\/product_brand?post=2027"},{"taxonomy":"product_cat","embeddable":true,"href":"https:\/\/rosanacl.com\/lt\/wp-json\/wp\/v2\/product_cat?post=2027"},{"taxonomy":"product_tag","embeddable":true,"href":"https:\/\/rosanacl.com\/lt\/wp-json\/wp\/v2\/product_tag?post=2027"}],"curies":[{"name":"wp","href":"https:\/\/api.w.org\/{rel}","templated":true}]}}