{"id":211,"date":"2025-04-29T12:22:28","date_gmt":"2025-04-29T10:22:28","guid":{"rendered":"https:\/\/rosanacl.com\/?post_type=product&#038;p=211"},"modified":"2026-01-08T03:42:43","modified_gmt":"2026-01-08T02:42:43","slug":"sujetador-modelo-teresa","status":"publish","type":"product","link":"https:\/\/rosanacl.com\/lt\/produktas\/sujetador-modelo-teresa\/","title":{"rendered":"Selene Teresa Bra"},"content":{"rendered":"<p>Yra drabu\u017ei\u0173, kurie ne tik \u00abprisideda\u00bb, bet ir apibr\u0117\u017eia. \u201eTeresa\u201c liemen\u0117l\u0117 skirta tiems, kurie nori \u0161varaus, eleganti\u0161ko ir pasitikin\u010dio savimi silueto, kurio apdaila pastebima veidrodyje, net jei niekas kitas jos nemato.<\/p>\n<p>Lanksteliai ir lieti kau\u0161eliai nat\u016braliai pakelia liemen\u012f, tiksliai prilaiko ir valand\u0173 valandas i\u0161laiko nepriekai\u0161ting\u0105 form\u0105. Rezultatas \u2013 stabilus, dailus ir ne\u012ftik\u0117tinai patogus prigludimas, idealiai tinkantis moterims, ie\u0161kan\u010dioms tvirtos atramos neaukojant stiliaus. I\u0161skirtin\u0117 detal\u0117 slypi \u017eakardo\/spaudinto audinio, kuris suteikia tekst\u016bros ir vizualinio patrauklumo, neb\u016bdamas pernelyg ry\u0161kus.<\/p>\n<p>Tai stilius, skirtas d\u0117v\u0117ti kasdien, taip pat ir vakarams, kai norite jaustis taip pat stilingai tiek i\u0161 apa\u010dios, tiek i\u0161 i\u0161or\u0117s. D\u0117v\u0117kite j\u012f su \u00abSelene 3123\u00bb kelnait\u0117mis ir sukurkite vis\u0105 komplekt\u0105: rafinuot\u0105, moteri\u0161k\u0105 ir lengvai d\u0117vim\u0105.<\/p>\n<p>Premium klas\u0117s detal\u0117s<\/p>\n<ul>\n<li>Integruoti lankai, kurie surenka ir pakelia daiktus nat\u016bralios formos.<\/li>\n<li>I\u0161 anksto suformuota kau\u0161elio forma, kad po drabu\u017eiais kr\u016btin\u0117 b\u016bt\u0173 ry\u0161kesn\u0117 ir tolygesn\u0117.<\/li>\n<li>Eleganti\u0161kas \u017eakardas, suteikiantis labiau \u00abbrangakmenio\u00bb nei \u00abbazinio\u00bb \u012fsp\u016bd\u012f\u00bb<\/li>\n<li>Stabil\u016bs dir\u017eeliai, u\u017etikrinantys atram\u0105 be nuolatinio reguliavimo.<\/li>\n<li>Puikus komplektas su deran\u010diomis Selene 3123 kelnait\u0117mis.<\/li>\n<\/ul>\n<p>\ud83d\udde3\ufe0f Patarimas: \u00abTeresa\u00bb liemen\u0117l\u0117 skirta tiems atvejams, kai norite liemen\u0117l\u0117s, kuri\u0105 \u201epamir\u0161tate\u201c, bet vis tiek pastebite veidrodyje: prilaikyta kr\u016btin\u0117, ai\u0161kios linijos ir tvarkos poj\u016btis. Kad pasiektum\u0117te \u0161\u012f poj\u016bt\u012f, apsivilkdami atkreipkite d\u0117mes\u012f \u012f tai: mink\u0161tas audinys priglunda prie odos, centre esanti kr\u016btin\u0117 ir eleganti\u0161kas patogumas (be \u012fdubim\u0173 ar nemalonaus spaudimo), tarsi viskas b\u016bt\u0173 nat\u016braliai savo vietose.<\/p>\n<p>\ud83d\udccfPastaba: Prie\u0161 pasirinkdami dyd\u012f, matavimo juosta atlikite du greitus matavimus: apimt\u012f po kr\u016btine ir kr\u016btin\u0117s apimt\u012f. Jei ie\u0161kote tarp dyd\u017ei\u0173, pirmenyb\u0119 teikite tvirtai ir patogiai juostelei (kuri prilaiko, bet never\u017eia) ir atitinkamai pakoreguokite kau\u0161elio dyd\u012f, kad j\u016bs\u0173 kr\u016btin\u0117 b\u016bt\u0173 centre ir atrodyt\u0173 nat\u016braliai.<\/p>\n<p>Sud\u0117tis: 56% poliamidas, 32% medviln\u0117, 12% elastanas.<\/p>\n<p>\ud83d\udc84 Apranga, kuri atrodo brangi... net jei to nesakote.<\/p>","protected":false},"excerpt":{"rendered":"<p>Hay prendas que no \u00abacompa\u00f1an\u00bb: definen. El sujetador Teresa est\u00e1 hecho para cuando quieres una silueta limpia, elegante y segura, con ese acabado que se nota en el espejo aunque nadie lo vea. Aros + copa preformada para realzar con naturalidad, recoger con precisi\u00f3n y mantener la forma impecable durante horas. El resultado es un [&hellip;]<\/p>\n","protected":false},"featured_media":1472,"comment_status":"open","ping_status":"closed","template":"","meta":{"content-type":""},"product_brand":[55],"product_cat":[80,24,20,106],"product_tag":[57,56],"class_list":{"0":"post-211","1":"product","2":"type-product","3":"status-publish","4":"has-post-thumbnail","6":"product_brand-selene","7":"product_cat-con-aros-sin-relleno","8":"product_cat-sin-relleno","9":"product_cat-sujetador","10":"product_cat-teresa","11":"product_tag-sin-relleno","12":"product_tag-sujetador","14":"first","15":"instock","16":"taxable","17":"shipping-taxable","18":"purchasable","19":"product-type-variable"},"supplier_id":null,"supplier_sku":"","barcode":null,"atum_controlled":true,"out_stock_date":null,"out_stock_threshold":null,"inheritable":true,"inbound_stock":0,"stock_on_hold":0,"sold_today":0,"sales_last_days":0,"reserved_stock":0,"customer_returns":0,"warehouse_damage":0,"lost_in_post":0,"other_logs":0,"out_stock_days":0,"lost_sales":0,"has_location":false,"update_date":"2026-01-08T02:42:44","atum_locations":[],"atum_stock_status":"instock","restock_status":false,"low_stock_amount":"","sales_update_date":"2025-10-03T04:57:33","calc_backorders":null,"yoast_head":"<!-- This site is optimized with the Yoast SEO plugin v27.4 - https:\/\/yoast.com\/product\/yoast-seo-wordpress\/ -->\n<title>Sujetador Selene Teresa - Rosana CL<\/title>\n<meta name=\"robots\" content=\"index, follow, max-snippet:-1, max-image-preview:large, max-video-preview:-1\" \/>\n<link rel=\"canonical\" href=\"https:\/\/rosanacl.com\/lt\/produktas\/sujetador-modelo-teresa\/\" \/>\n<meta property=\"og:locale\" content=\"lt_LT\" \/>\n<meta property=\"og:type\" content=\"article\" \/>\n<meta property=\"og:title\" content=\"Sujetador Selene Teresa - Rosana CL\" \/>\n<meta property=\"og:description\" content=\"Hay prendas que no \u00abacompa\u00f1an\u00bb: definen. El sujetador Teresa est\u00e1 hecho para cuando quieres una silueta limpia, elegante y segura, con ese acabado que se nota en el espejo aunque nadie lo vea. Aros + copa preformada para realzar con naturalidad, recoger con precisi\u00f3n y mantener la forma impecable durante horas. El resultado es un [&hellip;]\" \/>\n<meta property=\"og:url\" content=\"https:\/\/rosanacl.com\/lt\/produktas\/sujetador-modelo-teresa\/\" \/>\n<meta property=\"og:site_name\" content=\"Rosana CL\" \/>\n<meta property=\"article:modified_time\" content=\"2026-01-08T02:42:43+00:00\" \/>\n<meta property=\"og:image\" content=\"https:\/\/rosanacl.com\/wp-content\/uploads\/2025\/04\/Sujetador-modelo-Teresa-000001.png\" \/>\n\t<meta property=\"og:image:width\" content=\"1000\" \/>\n\t<meta property=\"og:image:height\" content=\"1000\" \/>\n\t<meta property=\"og:image:type\" content=\"image\/png\" \/>\n<meta name=\"twitter:card\" content=\"summary_large_image\" \/>\n<meta name=\"twitter:label1\" content=\"Est. reading time\" \/>\n\t<meta name=\"twitter:data1\" content=\"2 minut\u0117s\" \/>\n<script type=\"application\/ld+json\" class=\"yoast-schema-graph\">{\"@context\":\"https:\\\/\\\/schema.org\",\"@graph\":[{\"@type\":\"WebPage\",\"@id\":\"https:\\\/\\\/rosanacl.com\\\/producto\\\/sujetador-modelo-teresa\\\/\",\"url\":\"https:\\\/\\\/rosanacl.com\\\/producto\\\/sujetador-modelo-teresa\\\/\",\"name\":\"Sujetador Selene Teresa - Rosana CL\",\"isPartOf\":{\"@id\":\"https:\\\/\\\/rosanacl.com\\\/ca\\\/#website\"},\"primaryImageOfPage\":{\"@id\":\"https:\\\/\\\/rosanacl.com\\\/producto\\\/sujetador-modelo-teresa\\\/#primaryimage\"},\"image\":{\"@id\":\"https:\\\/\\\/rosanacl.com\\\/producto\\\/sujetador-modelo-teresa\\\/#primaryimage\"},\"thumbnailUrl\":\"https:\\\/\\\/rosanacl.com\\\/wp-content\\\/uploads\\\/2025\\\/04\\\/Sujetador-modelo-Teresa-000001.png\",\"datePublished\":\"2025-04-29T10:22:28+00:00\",\"dateModified\":\"2026-01-08T02:42:43+00:00\",\"breadcrumb\":{\"@id\":\"https:\\\/\\\/rosanacl.com\\\/producto\\\/sujetador-modelo-teresa\\\/#breadcrumb\"},\"inLanguage\":\"lt-LT\",\"potentialAction\":[{\"@type\":\"ReadAction\",\"target\":[\"https:\\\/\\\/rosanacl.com\\\/producto\\\/sujetador-modelo-teresa\\\/\"]}]},{\"@type\":\"ImageObject\",\"inLanguage\":\"lt-LT\",\"@id\":\"https:\\\/\\\/rosanacl.com\\\/producto\\\/sujetador-modelo-teresa\\\/#primaryimage\",\"url\":\"https:\\\/\\\/rosanacl.com\\\/wp-content\\\/uploads\\\/2025\\\/04\\\/Sujetador-modelo-Teresa-000001.png\",\"contentUrl\":\"https:\\\/\\\/rosanacl.com\\\/wp-content\\\/uploads\\\/2025\\\/04\\\/Sujetador-modelo-Teresa-000001.png\",\"width\":1000,\"height\":1000},{\"@type\":\"BreadcrumbList\",\"@id\":\"https:\\\/\\\/rosanacl.com\\\/producto\\\/sujetador-modelo-teresa\\\/#breadcrumb\",\"itemListElement\":[{\"@type\":\"ListItem\",\"position\":1,\"name\":\"Portada\",\"item\":\"https:\\\/\\\/rosanacl.com\\\/ca\\\/\"},{\"@type\":\"ListItem\",\"position\":2,\"name\":\"Tienda\",\"item\":\"https:\\\/\\\/rosanacl.com\\\/ca\\\/tienda\\\/\"},{\"@type\":\"ListItem\",\"position\":3,\"name\":\"Sujetador Selene Teresa\"}]},{\"@type\":\"WebSite\",\"@id\":\"https:\\\/\\\/rosanacl.com\\\/ca\\\/#website\",\"url\":\"https:\\\/\\\/rosanacl.com\\\/ca\\\/\",\"name\":\"Rosana CL\",\"description\":\"Somos tu interior\",\"potentialAction\":[{\"@type\":\"SearchAction\",\"target\":{\"@type\":\"EntryPoint\",\"urlTemplate\":\"https:\\\/\\\/rosanacl.com\\\/ca\\\/?s={search_term_string}\"},\"query-input\":{\"@type\":\"PropertyValueSpecification\",\"valueRequired\":true,\"valueName\":\"search_term_string\"}}],\"inLanguage\":\"lt-LT\"}]}<\/script>\n<!-- \/ Yoast SEO plugin. -->","yoast_head_json":{"title":"Sujetador Selene Teresa - Rosana CL","robots":{"index":"index","follow":"follow","max-snippet":"max-snippet:-1","max-image-preview":"max-image-preview:large","max-video-preview":"max-video-preview:-1"},"canonical":"https:\/\/rosanacl.com\/lt\/produktas\/sujetador-modelo-teresa\/","og_locale":"lt_LT","og_type":"article","og_title":"Sujetador Selene Teresa - Rosana CL","og_description":"Hay prendas que no \u00abacompa\u00f1an\u00bb: definen. El sujetador Teresa est\u00e1 hecho para cuando quieres una silueta limpia, elegante y segura, con ese acabado que se nota en el espejo aunque nadie lo vea. Aros + copa preformada para realzar con naturalidad, recoger con precisi\u00f3n y mantener la forma impecable durante horas. El resultado es un [&hellip;]","og_url":"https:\/\/rosanacl.com\/lt\/produktas\/sujetador-modelo-teresa\/","og_site_name":"Rosana CL","article_modified_time":"2026-01-08T02:42:43+00:00","og_image":[{"width":1000,"height":1000,"url":"https:\/\/rosanacl.com\/wp-content\/uploads\/2025\/04\/Sujetador-modelo-Teresa-000001.png","type":"image\/png"}],"twitter_card":"summary_large_image","twitter_misc":{"Est. reading time":"2 minut\u0117s"},"schema":{"@context":"https:\/\/schema.org","@graph":[{"@type":"WebPage","@id":"https:\/\/rosanacl.com\/producto\/sujetador-modelo-teresa\/","url":"https:\/\/rosanacl.com\/producto\/sujetador-modelo-teresa\/","name":"Sujetador Selene Teresa - Rosana CL","isPartOf":{"@id":"https:\/\/rosanacl.com\/ca\/#website"},"primaryImageOfPage":{"@id":"https:\/\/rosanacl.com\/producto\/sujetador-modelo-teresa\/#primaryimage"},"image":{"@id":"https:\/\/rosanacl.com\/producto\/sujetador-modelo-teresa\/#primaryimage"},"thumbnailUrl":"https:\/\/rosanacl.com\/wp-content\/uploads\/2025\/04\/Sujetador-modelo-Teresa-000001.png","datePublished":"2025-04-29T10:22:28+00:00","dateModified":"2026-01-08T02:42:43+00:00","breadcrumb":{"@id":"https:\/\/rosanacl.com\/producto\/sujetador-modelo-teresa\/#breadcrumb"},"inLanguage":"lt-LT","potentialAction":[{"@type":"ReadAction","target":["https:\/\/rosanacl.com\/producto\/sujetador-modelo-teresa\/"]}]},{"@type":"ImageObject","inLanguage":"lt-LT","@id":"https:\/\/rosanacl.com\/producto\/sujetador-modelo-teresa\/#primaryimage","url":"https:\/\/rosanacl.com\/wp-content\/uploads\/2025\/04\/Sujetador-modelo-Teresa-000001.png","contentUrl":"https:\/\/rosanacl.com\/wp-content\/uploads\/2025\/04\/Sujetador-modelo-Teresa-000001.png","width":1000,"height":1000},{"@type":"BreadcrumbList","@id":"https:\/\/rosanacl.com\/producto\/sujetador-modelo-teresa\/#breadcrumb","itemListElement":[{"@type":"ListItem","position":1,"name":"Portada","item":"https:\/\/rosanacl.com\/ca\/"},{"@type":"ListItem","position":2,"name":"Tienda","item":"https:\/\/rosanacl.com\/ca\/tienda\/"},{"@type":"ListItem","position":3,"name":"Sujetador Selene Teresa"}]},{"@type":"WebSite","@id":"https:\/\/rosanacl.com\/ca\/#website","url":"https:\/\/rosanacl.com\/ca\/","name":"Rosana CL","description":"Mes esame j\u016bs\u0173 interjeras","potentialAction":[{"@type":"SearchAction","target":{"@type":"EntryPoint","urlTemplate":"https:\/\/rosanacl.com\/ca\/?s={search_term_string}"},"query-input":{"@type":"PropertyValueSpecification","valueRequired":true,"valueName":"search_term_string"}}],"inLanguage":"lt-LT"}]}},"_links":{"self":[{"href":"https:\/\/rosanacl.com\/lt\/wp-json\/wp\/v2\/product\/211","targetHints":{"allow":["GET"]}}],"collection":[{"href":"https:\/\/rosanacl.com\/lt\/wp-json\/wp\/v2\/product"}],"about":[{"href":"https:\/\/rosanacl.com\/lt\/wp-json\/wp\/v2\/types\/product"}],"replies":[{"embeddable":true,"href":"https:\/\/rosanacl.com\/lt\/wp-json\/wp\/v2\/comments?post=211"}],"version-history":[{"count":5,"href":"https:\/\/rosanacl.com\/lt\/wp-json\/wp\/v2\/product\/211\/revisions"}],"predecessor-version":[{"id":4646,"href":"https:\/\/rosanacl.com\/lt\/wp-json\/wp\/v2\/product\/211\/revisions\/4646"}],"wp:featuredmedia":[{"embeddable":true,"href":"https:\/\/rosanacl.com\/lt\/wp-json\/wp\/v2\/media\/1472"}],"wp:attachment":[{"href":"https:\/\/rosanacl.com\/lt\/wp-json\/wp\/v2\/media?parent=211"}],"wp:term":[{"taxonomy":"product_brand","embeddable":true,"href":"https:\/\/rosanacl.com\/lt\/wp-json\/wp\/v2\/product_brand?post=211"},{"taxonomy":"product_cat","embeddable":true,"href":"https:\/\/rosanacl.com\/lt\/wp-json\/wp\/v2\/product_cat?post=211"},{"taxonomy":"product_tag","embeddable":true,"href":"https:\/\/rosanacl.com\/lt\/wp-json\/wp\/v2\/product_tag?post=211"}],"curies":[{"name":"wp","href":"https:\/\/api.w.org\/{rel}","templated":true}]}}